{"id":3522,"date":"2017-08-22T16:17:45","date_gmt":"2017-08-22T14:17:45","guid":{"rendered":"https:\/\/www.ml-locations.be\/?post_type=product&#038;p=3522"},"modified":"2025-07-17T12:04:36","modified_gmt":"2025-07-17T10:04:36","slug":"location-chaise-longue-transat","status":"publish","type":"product","link":"https:\/\/ml-locations.be\/nl\/locations\/location-chaise-longue-transat\/","title":{"rendered":"Transat"},"content":{"rendered":"<p><strong>Transat en location :<\/strong> robuste, ultra l\u00e9ger et compact. Ces transats sont parfaits pour vos terrasses et vos \u00e9v\u00e9nements estivaux. Vos invit\u00e9s pourront se relaxer en prenant un cocktail, allong\u00e9 dans cette chaise longue.\u00a0Transat tr\u00e8s solide gr\u00e2ce \u00e0 sa structure en acier\u00a0(tube 22 mm), simple\u00a0\u00e0 plier et \u00e0 ranger, il est tr\u00e8s facile \u00e0 d\u00e9placer.<\/p>\n<p>La toile du transat est r\u00e9sistante et confortable (r\u00e9siste aux UV, \u00e0 l&#8217;abrasion et aux d\u00e9chirures) et a \u00e9t\u00e9 con\u00e7ue pour une utilisation \u00e0 l&#8217;ext\u00e9rieur (s\u00e9chage rapide).<\/p>\n<p><strong>Dimensions et caract\u00e9ristiques des transats en location :<\/strong><\/p>\n<ul>\n<li>Poids du transat : 3.80 kg<\/li>\n<li>Structure acier de 22 mm de diam\u00e8tre<\/li>\n<li>Dimension ferm\u00e9 L x H x P : 62 cm x 124 cm x 4,5 cm<\/li>\n<li>Dimension ouvert L x H x P : 62 cm x 83 cm x 94 cm<\/li>\n<\/ul>\n","protected":false},"excerpt":{"rendered":"<p>Transat \u00e0 louer pour vos \u00e9v\u00e9nements : chaise longue l\u00e9g\u00e8re et compacte de couleur grise.<\/p>\n","protected":false},"featured_media":3523,"template":"","meta":{"_acf_changed":false},"product_brand":[],"product_cat":[6,12,13],"product_tag":[],"class_list":{"0":"post-3522","1":"product","2":"type-product","3":"status-publish","4":"has-post-thumbnail","6":"product_cat-mobilier","7":"product_cat-location-chaises-tabourets","8":"product_cat-mobilier-de-terrasse-en-location","9":"description-off","11":"first","12":"instock","13":"taxable","14":"shipping-taxable","15":"purchasable","16":"product-type-simple"},"acf":[],"yoast_head":"<!-- This site is optimized with the Yoast SEO plugin v25.0 - https:\/\/yoast.com\/wordpress\/plugins\/seo\/ -->\n<title>Transat en location - chaise longue avec toile grise | ML Locations<\/title>\n<meta name=\"description\" content=\"Transat r\u00e9sistant \u00e0 louer pour \u00e9v\u00e9nement ext\u00e9rieur ou int\u00e9rieur. Ces chaises longues sont parfaites pour vos terrasses. Livraison possible.\" \/>\n<meta name=\"robots\" content=\"index, follow, max-snippet:-1, max-image-preview:large, max-video-preview:-1\" \/>\n<link rel=\"canonical\" href=\"https:\/\/ml-locations.be\/nl\/locations\/location-chaise-longue-transat\/\" \/>\n<meta property=\"og:locale\" content=\"nl_NL\" \/>\n<meta property=\"og:type\" content=\"article\" \/>\n<meta property=\"og:title\" content=\"Transat en location - chaise longue avec toile grise | ML Locations\" \/>\n<meta property=\"og:description\" content=\"Transat r\u00e9sistant \u00e0 louer pour \u00e9v\u00e9nement ext\u00e9rieur ou int\u00e9rieur. Ces chaises longues sont parfaites pour vos terrasses. Livraison possible.\" \/>\n<meta property=\"og:url\" content=\"https:\/\/ml-locations.be\/nl\/locations\/location-chaise-longue-transat\/\" \/>\n<meta property=\"og:site_name\" content=\"ML Locations\" \/>\n<meta property=\"article:modified_time\" content=\"2025-07-17T10:04:36+00:00\" \/>\n<meta property=\"og:image\" content=\"https:\/\/ml-locations.be\/wp-content\/uploads\/2017\/08\/Location-chaise-longue-transat.png\" \/>\n\t<meta property=\"og:image:width\" content=\"972\" \/>\n\t<meta property=\"og:image:height\" content=\"1034\" \/>\n\t<meta property=\"og:image:type\" content=\"image\/png\" \/>\n<meta name=\"twitter:card\" content=\"summary_large_image\" \/>\n<meta name=\"twitter:label1\" content=\"Geschatte leestijd\" \/>\n\t<meta name=\"twitter:data1\" content=\"1 minuut\" \/>\n<script type=\"application\/ld+json\" class=\"yoast-schema-graph\">{\"@context\":\"https:\/\/schema.org\",\"@graph\":[{\"@type\":\"WebPage\",\"@id\":\"https:\/\/ml-locations.be\/nl\/locations\/location-chaise-longue-transat\/\",\"url\":\"https:\/\/ml-locations.be\/nl\/locations\/location-chaise-longue-transat\/\",\"name\":\"Transat en location - chaise longue avec toile grise | ML Locations\",\"isPartOf\":{\"@id\":\"https:\/\/ml-locations.be\/nl\/#website\"},\"primaryImageOfPage\":{\"@id\":\"https:\/\/ml-locations.be\/nl\/locations\/location-chaise-longue-transat\/#primaryimage\"},\"image\":{\"@id\":\"https:\/\/ml-locations.be\/nl\/locations\/location-chaise-longue-transat\/#primaryimage\"},\"thumbnailUrl\":\"https:\/\/ml-locations.be\/wp-content\/uploads\/2017\/08\/Location-chaise-longue-transat.png\",\"datePublished\":\"2017-08-22T14:17:45+00:00\",\"dateModified\":\"2025-07-17T10:04:36+00:00\",\"description\":\"Transat r\u00e9sistant \u00e0 louer pour \u00e9v\u00e9nement ext\u00e9rieur ou int\u00e9rieur. Ces chaises longues sont parfaites pour vos terrasses. Livraison possible.\",\"breadcrumb\":{\"@id\":\"https:\/\/ml-locations.be\/nl\/locations\/location-chaise-longue-transat\/#breadcrumb\"},\"inLanguage\":\"nl-NL\",\"potentialAction\":[{\"@type\":\"ReadAction\",\"target\":[\"https:\/\/ml-locations.be\/nl\/locations\/location-chaise-longue-transat\/\"]}]},{\"@type\":\"ImageObject\",\"inLanguage\":\"nl-NL\",\"@id\":\"https:\/\/ml-locations.be\/nl\/locations\/location-chaise-longue-transat\/#primaryimage\",\"url\":\"https:\/\/ml-locations.be\/wp-content\/uploads\/2017\/08\/Location-chaise-longue-transat.png\",\"contentUrl\":\"https:\/\/ml-locations.be\/wp-content\/uploads\/2017\/08\/Location-chaise-longue-transat.png\",\"width\":972,\"height\":1034,\"caption\":\"Transat \u00e0 louer pour vos \u00e9v\u00e9nements\"},{\"@type\":\"BreadcrumbList\",\"@id\":\"https:\/\/ml-locations.be\/nl\/locations\/location-chaise-longue-transat\/#breadcrumb\",\"itemListElement\":[{\"@type\":\"ListItem\",\"position\":1,\"name\":\"Accueil\",\"item\":\"https:\/\/ml-locations.be\/nl\/\"},{\"@type\":\"ListItem\",\"position\":2,\"name\":\"Winkel\",\"item\":\"https:\/\/ml-locations.be\/nl\/winkel\/\"},{\"@type\":\"ListItem\",\"position\":3,\"name\":\"Transat\"}]},{\"@type\":\"WebSite\",\"@id\":\"https:\/\/ml-locations.be\/nl\/#website\",\"url\":\"https:\/\/ml-locations.be\/nl\/\",\"name\":\"ML Locations\",\"description\":\"Mat\u00e9riel \u00e9v\u00e9nementiel : location chaise, table et mange debout, mat\u00e9riel horeca, frigos,...\",\"publisher\":{\"@id\":\"https:\/\/ml-locations.be\/nl\/#organization\"},\"potentialAction\":[{\"@type\":\"SearchAction\",\"target\":{\"@type\":\"EntryPoint\",\"urlTemplate\":\"https:\/\/ml-locations.be\/nl\/?s={search_term_string}\"},\"query-input\":{\"@type\":\"PropertyValueSpecification\",\"valueRequired\":true,\"valueName\":\"search_term_string\"}}],\"inLanguage\":\"nl-NL\"},{\"@type\":\"Organization\",\"@id\":\"https:\/\/ml-locations.be\/nl\/#organization\",\"name\":\"ML Locations\",\"url\":\"https:\/\/ml-locations.be\/nl\/\",\"logo\":{\"@type\":\"ImageObject\",\"inLanguage\":\"nl-NL\",\"@id\":\"https:\/\/ml-locations.be\/nl\/#\/schema\/logo\/image\/\",\"url\":\"https:\/\/ml-locations.be\/wp-content\/uploads\/2018\/05\/LOGO-location-BON.png\",\"contentUrl\":\"https:\/\/ml-locations.be\/wp-content\/uploads\/2018\/05\/LOGO-location-BON.png\",\"width\":1200,\"height\":1200,\"caption\":\"ML Locations\"},\"image\":{\"@id\":\"https:\/\/ml-locations.be\/nl\/#\/schema\/logo\/image\/\"}}]}<\/script>\n<!-- \/ Yoast SEO plugin. -->","yoast_head_json":{"title":"Transat en location - chaise longue avec toile grise | ML Locations","description":"Transat r\u00e9sistant \u00e0 louer pour \u00e9v\u00e9nement ext\u00e9rieur ou int\u00e9rieur. Ces chaises longues sont parfaites pour vos terrasses. Livraison possible.","robots":{"index":"index","follow":"follow","max-snippet":"max-snippet:-1","max-image-preview":"max-image-preview:large","max-video-preview":"max-video-preview:-1"},"canonical":"https:\/\/ml-locations.be\/nl\/locations\/location-chaise-longue-transat\/","og_locale":"nl_NL","og_type":"article","og_title":"Transat en location - chaise longue avec toile grise | ML Locations","og_description":"Transat r\u00e9sistant \u00e0 louer pour \u00e9v\u00e9nement ext\u00e9rieur ou int\u00e9rieur. Ces chaises longues sont parfaites pour vos terrasses. Livraison possible.","og_url":"https:\/\/ml-locations.be\/nl\/locations\/location-chaise-longue-transat\/","og_site_name":"ML Locations","article_modified_time":"2025-07-17T10:04:36+00:00","og_image":[{"width":972,"height":1034,"url":"https:\/\/ml-locations.be\/wp-content\/uploads\/2017\/08\/Location-chaise-longue-transat.png","type":"image\/png"}],"twitter_card":"summary_large_image","twitter_misc":{"Geschatte leestijd":"1 minuut"},"schema":{"@context":"https:\/\/schema.org","@graph":[{"@type":"WebPage","@id":"https:\/\/ml-locations.be\/nl\/locations\/location-chaise-longue-transat\/","url":"https:\/\/ml-locations.be\/nl\/locations\/location-chaise-longue-transat\/","name":"Transat en location - chaise longue avec toile grise | ML Locations","isPartOf":{"@id":"https:\/\/ml-locations.be\/nl\/#website"},"primaryImageOfPage":{"@id":"https:\/\/ml-locations.be\/nl\/locations\/location-chaise-longue-transat\/#primaryimage"},"image":{"@id":"https:\/\/ml-locations.be\/nl\/locations\/location-chaise-longue-transat\/#primaryimage"},"thumbnailUrl":"https:\/\/ml-locations.be\/wp-content\/uploads\/2017\/08\/Location-chaise-longue-transat.png","datePublished":"2017-08-22T14:17:45+00:00","dateModified":"2025-07-17T10:04:36+00:00","description":"Transat r\u00e9sistant \u00e0 louer pour \u00e9v\u00e9nement ext\u00e9rieur ou int\u00e9rieur. Ces chaises longues sont parfaites pour vos terrasses. Livraison possible.","breadcrumb":{"@id":"https:\/\/ml-locations.be\/nl\/locations\/location-chaise-longue-transat\/#breadcrumb"},"inLanguage":"nl-NL","potentialAction":[{"@type":"ReadAction","target":["https:\/\/ml-locations.be\/nl\/locations\/location-chaise-longue-transat\/"]}]},{"@type":"ImageObject","inLanguage":"nl-NL","@id":"https:\/\/ml-locations.be\/nl\/locations\/location-chaise-longue-transat\/#primaryimage","url":"https:\/\/ml-locations.be\/wp-content\/uploads\/2017\/08\/Location-chaise-longue-transat.png","contentUrl":"https:\/\/ml-locations.be\/wp-content\/uploads\/2017\/08\/Location-chaise-longue-transat.png","width":972,"height":1034,"caption":"Transat \u00e0 louer pour vos \u00e9v\u00e9nements"},{"@type":"BreadcrumbList","@id":"https:\/\/ml-locations.be\/nl\/locations\/location-chaise-longue-transat\/#breadcrumb","itemListElement":[{"@type":"ListItem","position":1,"name":"Accueil","item":"https:\/\/ml-locations.be\/nl\/"},{"@type":"ListItem","position":2,"name":"Winkel","item":"https:\/\/ml-locations.be\/nl\/winkel\/"},{"@type":"ListItem","position":3,"name":"Transat"}]},{"@type":"WebSite","@id":"https:\/\/ml-locations.be\/nl\/#website","url":"https:\/\/ml-locations.be\/nl\/","name":"ML Locations","description":"Mat\u00e9riel \u00e9v\u00e9nementiel : location chaise, table et mange debout, mat\u00e9riel horeca, frigos,...","publisher":{"@id":"https:\/\/ml-locations.be\/nl\/#organization"},"potentialAction":[{"@type":"SearchAction","target":{"@type":"EntryPoint","urlTemplate":"https:\/\/ml-locations.be\/nl\/?s={search_term_string}"},"query-input":{"@type":"PropertyValueSpecification","valueRequired":true,"valueName":"search_term_string"}}],"inLanguage":"nl-NL"},{"@type":"Organization","@id":"https:\/\/ml-locations.be\/nl\/#organization","name":"ML Locations","url":"https:\/\/ml-locations.be\/nl\/","logo":{"@type":"ImageObject","inLanguage":"nl-NL","@id":"https:\/\/ml-locations.be\/nl\/#\/schema\/logo\/image\/","url":"https:\/\/ml-locations.be\/wp-content\/uploads\/2018\/05\/LOGO-location-BON.png","contentUrl":"https:\/\/ml-locations.be\/wp-content\/uploads\/2018\/05\/LOGO-location-BON.png","width":1200,"height":1200,"caption":"ML Locations"},"image":{"@id":"https:\/\/ml-locations.be\/nl\/#\/schema\/logo\/image\/"}}]}},"_links":{"self":[{"href":"https:\/\/ml-locations.be\/nl\/wp-json\/wp\/v2\/product\/3522","targetHints":{"allow":["GET"]}}],"collection":[{"href":"https:\/\/ml-locations.be\/nl\/wp-json\/wp\/v2\/product"}],"about":[{"href":"https:\/\/ml-locations.be\/nl\/wp-json\/wp\/v2\/types\/product"}],"wp:featuredmedia":[{"embeddable":true,"href":"https:\/\/ml-locations.be\/nl\/wp-json\/wp\/v2\/media\/3523"}],"wp:attachment":[{"href":"https:\/\/ml-locations.be\/nl\/wp-json\/wp\/v2\/media?parent=3522"}],"wp:term":[{"taxonomy":"product_brand","embeddable":true,"href":"https:\/\/ml-locations.be\/nl\/wp-json\/wp\/v2\/product_brand?post=3522"},{"taxonomy":"product_cat","embeddable":true,"href":"https:\/\/ml-locations.be\/nl\/wp-json\/wp\/v2\/product_cat?post=3522"},{"taxonomy":"product_tag","embeddable":true,"href":"https:\/\/ml-locations.be\/nl\/wp-json\/wp\/v2\/product_tag?post=3522"}],"curies":[{"name":"wp","href":"https:\/\/api.w.org\/{rel}","templated":true}]}}