{"id":3726,"date":"2017-10-13T16:47:37","date_gmt":"2017-10-13T14:47:37","guid":{"rendered":"https:\/\/www.ml-locations.be\/?post_type=product&#038;p=3726"},"modified":"2025-03-06T17:19:24","modified_gmt":"2025-03-06T16:19:24","slug":"location-borne-photo-selfie-photomaton","status":"publish","type":"product","link":"https:\/\/ml-locations.be\/nl\/locations\/location-borne-photo-selfie-photomaton\/","title":{"rendered":"Borne photo selfie &#8211; photomaton en location"},"content":{"rendered":"<h2>Borne photo en location pour vos \u00e9v\u00e9nements professionnels et particuliers\u00a0:<\/h2>\n<h3>Une borne selfie design et de tr\u00e8s haute qualit\u00e9<\/h3>\n<p>La borne Selfie est une mani\u00e8re originale et amusante d\u2019animer vos \u00e9v\u00e8nements. En plein dans l\u2019air du temps, elle est <strong>id\u00e9ale pour tous vos \u00e9v\u00e8nements <\/strong>: mariages, anniversaires, animations commerciales, s\u00e9minaires corporate ou soir\u00e9es d\u2019entreprise. Elle permet aux clients de garder un souvenir de l\u2019\u00e9v\u00e8nement \u00e0 emporter ou \u00e0 poster sur les r\u00e9seaux sociaux.<\/p>\n<h3>Un photobooth en location : pratique et facile \u00e0 transporter<\/h3>\n<p>La borne Selfie est transport\u00e9e facilement sur tous vos \u00e9v\u00e8nements. <strong>L\u00e9g\u00e8re et d\u00e9montable <\/strong>(t\u00eate, pied, socle), elle existe en 2 versions, <strong>avec ou sans imprimante<\/strong>. Housse de transport en option.<\/p>\n<h3>Personnalisation des photos<\/h3>\n<p>La borne permet aux clients de se prendre en photo seuls ou en groupe. Le produit final est imprim\u00e9 sur un 10&#215;15 cm pour la version avec imprimante.\u00a0<strong>Plusieurs choix de prise de vue <\/strong>: de 1 \u00e0 4 poses.\u00a0Impression et envoi sur <strong>Twitter, Facebook<\/strong><strong>\u2028<\/strong>(compte personnel ou compte global de l\u2019\u00e9v\u00e8nement) et\/ou via email.\u00a0Les photos sont stock\u00e9es en <strong>haute r\u00e9solution <\/strong>afinn de pouvoir les exploiter apr\u00e8s l\u2019\u00e9v\u00e8nement.<\/p>\n<h3>Personnalisation de la borne \u00e0 selfie<\/h3>\n<p>Application d\u2019un template personnalisable en fonction de l\u2019\u00e9v\u00e8nement (1 \u00e0 6 templates, portrait\/paysage, de 1 \u00e0 4 photos). Avec ou sans impression.\u00a0<strong>Personnalisez <\/strong>le module de prise de vue aux couleurs de l\u2019\u00e9v\u00e8nement (Sticker ou aimant) ainsi que la page d\u2019accueil, la langue etc.<\/p>\n<h3><strong>Une interface moderne et intuitive<\/strong><\/h3>\n<p>Un design d\u2019interface ergonomique pour une navigation facilit\u00e9e. <strong>Possibilit\u00e9 de r\u00e9aliser des GIFs anim\u00e9s ! <\/strong><\/p>\n<p><strong>NOUVEAU ! <\/strong><\/p>\n<p>La borne est capable de g\u00e9rer la technologie Chromakey. Si vous r\u00e9alisez des prises de vues sur fond vert, vous pouvez incruster le d\u00e9cor de votre choix derri\u00e8re votre sujet.<\/p>\n<h3><\/h3>\n<h3>Borne photo pour \u00e9v\u00e9nements professionnels\u00a0:<\/h3>\n<h4>Un photobooth pour vos \u00e9v\u00e9nements\u00a0!<\/h4>\n<p>Proposez une animation ludique a\u0300 base de <strong>photos selfies<\/strong> que vos clients pourront <strong>imprimer instantan\u00e9ment<\/strong> ou <strong>partager par mail<\/strong> ou sur les <strong>r\u00e9seaux sociaux<\/strong>.<\/p>\n<h4>Borne \u00e0 selfie personnalisable\u00a0!<\/h4>\n<p><strong>Enti\u00e8rement personnalisable<\/strong> a\u0300 vos couleurs (\u00e9crans, d\u00e9cor de la borne et photos d\u00e9livr\u00e9es), cette <strong>borne \u00e0 selfie<\/strong> en location est parfaite pour mettre en avant votre marque ou votre enseigne et proposer une exp\u00e9rience unique, cr\u00e9atrice de trafic et porteuse d\u2019image.<\/p>\n<h3>Borne photo pour mariage, anniversaires, soir\u00e9ess\u00a0:<\/h3>\n<h4>Une borne photo en location pour votre mariage ou \u00e9v\u00e9nement\u00a0!<\/h4>\n<p>Avec la borne selfie en location, cr\u00e9ez une animation suppl\u00e9mentaire et inoubliable a\u0300 l\u2019occasion de vos f\u00eates, mariages ou anniversaires.<\/p>\n<h4>Des souvenirs inoubliables de vos invit\u00e9s gr\u00e2ce \u00e0 cette borne photomaton\u00a0!<\/h4>\n<p>Cette borne photomaton est ce qu\u2019il vous faut pour avoir des souvenirs de tous vos invit\u00e9s durant votre mariage ou f\u00eate d\u2019anniversaire\u00a0! La location comprend 800 photos\u00a0! Vous pouvez choisir d\u2019imprimer 2 fois chaque photo\u00a0: une photo pour vos invit\u00e9s, une photo pour votre livre d\u2019or\u00a0! Vous aurez ainsi un superbe souvenir\u00a0de votre \u00e9v\u00e9nement\u00a0!<\/p>\n<h3>Caract\u00e9ristiques de la borne photo\u00a0:<\/h3>\n<ul>\n<li>\u00c9cran 19\u2019\u2019tactile<\/li>\n<li>Appareil photo Canon EOS 1300D<\/li>\n<li>Imprimante Thermique Mitsubishi D70 DW<\/li>\n<li>400 photos 10x15cm<\/li>\n<li>Hauts parleurs pour musique d\u2019ambiance<\/li>\n<li>\u00c9clairage photo par LED<\/li>\n<li>R\u00e9tro-\u00e9clairage d\u2019ambiance par LED<\/li>\n<\/ul>\n<p>Dimensions de la borne photo :<\/p>\n<ul>\n<li>Hauteur totale : 175 cm<\/li>\n<li>Largeur du pied : 78 cm<\/li>\n<li>Profondeur du pied : 78 cm<\/li>\n<\/ul>\n<p>Poids de la borne photo :<\/p>\n<ul>\n<li>Avec imprimante : 63,5 kg<\/li>\n<li>Sans imprimante : 43,5 kg<\/li>\n<\/ul>\n","protected":false},"excerpt":{"rendered":"<p>Borne photo en location (Photomaton), parfaite pour vos \u00e9v\u00e9nements professionnels et particuliers.<\/p>\n<ul>\n<li>Impressions enti\u00e8rement personnalisables avec votre template (un template compris, templates suppl\u00e9mentaires en option).<\/li>\n<li><strong>400 photos au format 15 x 10 cm<\/strong><\/li>\n<li><strong>Appareil photo : Canon (r\u00e9flex)<\/strong><\/li>\n<li>Back up des photos sur cl\u00e9 USB.<\/li>\n<li>Choix entre 1 \u00e0 4 photos par impression.<\/li>\n<li>Choix du partage des photos par mail, Facebook, Twitter.<\/li>\n<li>Face personnalisable gr\u00e2ce \u00e0 des magnets (en option).<\/li>\n<li>Possibilit\u00e9 de fonctionnement avec chromakey (fond vert pour incrustation d\u2019un arri\u00e8re-plan ou d\u2019un d\u00e9cor au choix).<\/li>\n<li>Possibilit\u00e9 de cr\u00e9er un GIF anim\u00e9 avec les photos.<\/li>\n<li>Interface disponible en plusieurs langues : FR, NL, UK, DE.<\/li>\n<li>Installation et montage compris (hors frais de transport).<\/li>\n<\/ul>\n","protected":false},"featured_media":3739,"template":"","meta":{"_acf_changed":false},"product_brand":[],"product_cat":[142,126,24,27],"product_tag":[],"class_list":{"0":"post-3726","1":"product","2":"type-product","3":"status-publish","4":"has-post-thumbnail","6":"product_cat-animations-photo-photomaton-a-louer","7":"product_cat-decorations-pour-evenements","8":"product_cat-materiel-video-en-location","9":"product_cat-ecrans-led-et-smart-tv-a-louer","10":"description-off","12":"first","13":"instock","14":"featured","15":"taxable","16":"shipping-taxable","17":"purchasable","18":"product-type-simple"},"acf":[],"yoast_head":"<!-- This site is optimized with the Yoast SEO plugin v25.0 - https:\/\/yoast.com\/wordpress\/plugins\/seo\/ -->\n<title>Borne photo selfie - photomaton en location | ML Locations<\/title>\n<meta name=\"description\" content=\"Borne photo selfie en location pour vos \u00e9v\u00e9nements, 800 photos 15x10 cm. Borne et photos enti\u00e8rement personnalisables.\" \/>\n<meta name=\"robots\" content=\"index, follow, max-snippet:-1, max-image-preview:large, max-video-preview:-1\" \/>\n<link rel=\"canonical\" href=\"https:\/\/ml-locations.be\/nl\/locations\/location-borne-photo-selfie-photomaton\/\" \/>\n<meta property=\"og:locale\" content=\"nl_NL\" \/>\n<meta property=\"og:type\" content=\"article\" \/>\n<meta property=\"og:title\" content=\"Borne photo selfie - photomaton en location | ML Locations\" \/>\n<meta property=\"og:description\" content=\"Borne photo selfie en location pour vos \u00e9v\u00e9nements, 800 photos 15x10 cm. Borne et photos enti\u00e8rement personnalisables.\" \/>\n<meta property=\"og:url\" content=\"https:\/\/ml-locations.be\/nl\/locations\/location-borne-photo-selfie-photomaton\/\" \/>\n<meta property=\"og:site_name\" content=\"ML Locations\" \/>\n<meta property=\"article:modified_time\" content=\"2025-03-06T16:19:24+00:00\" \/>\n<meta property=\"og:image\" content=\"https:\/\/ml-locations.be\/wp-content\/uploads\/2017\/10\/Location-borne-photo-photomaton-personnalisable.png\" \/>\n\t<meta property=\"og:image:width\" content=\"1037\" \/>\n\t<meta property=\"og:image:height\" content=\"1012\" \/>\n\t<meta property=\"og:image:type\" content=\"image\/png\" \/>\n<meta name=\"twitter:card\" content=\"summary_large_image\" \/>\n<meta name=\"twitter:label1\" content=\"Geschatte leestijd\" \/>\n\t<meta name=\"twitter:data1\" content=\"3 minuten\" \/>\n<script type=\"application\/ld+json\" class=\"yoast-schema-graph\">{\"@context\":\"https:\/\/schema.org\",\"@graph\":[{\"@type\":\"WebPage\",\"@id\":\"https:\/\/ml-locations.be\/nl\/locations\/location-borne-photo-selfie-photomaton\/\",\"url\":\"https:\/\/ml-locations.be\/nl\/locations\/location-borne-photo-selfie-photomaton\/\",\"name\":\"Borne photo selfie - photomaton en location | ML Locations\",\"isPartOf\":{\"@id\":\"https:\/\/ml-locations.be\/nl\/#website\"},\"primaryImageOfPage\":{\"@id\":\"https:\/\/ml-locations.be\/nl\/locations\/location-borne-photo-selfie-photomaton\/#primaryimage\"},\"image\":{\"@id\":\"https:\/\/ml-locations.be\/nl\/locations\/location-borne-photo-selfie-photomaton\/#primaryimage\"},\"thumbnailUrl\":\"https:\/\/ml-locations.be\/wp-content\/uploads\/2017\/10\/Location-borne-photo-photomaton-personnalisable.png\",\"datePublished\":\"2017-10-13T14:47:37+00:00\",\"dateModified\":\"2025-03-06T16:19:24+00:00\",\"description\":\"Borne photo selfie en location pour vos \u00e9v\u00e9nements, 800 photos 15x10 cm. Borne et photos enti\u00e8rement personnalisables.\",\"breadcrumb\":{\"@id\":\"https:\/\/ml-locations.be\/nl\/locations\/location-borne-photo-selfie-photomaton\/#breadcrumb\"},\"inLanguage\":\"nl-NL\",\"potentialAction\":[{\"@type\":\"ReadAction\",\"target\":[\"https:\/\/ml-locations.be\/nl\/locations\/location-borne-photo-selfie-photomaton\/\"]}]},{\"@type\":\"ImageObject\",\"inLanguage\":\"nl-NL\",\"@id\":\"https:\/\/ml-locations.be\/nl\/locations\/location-borne-photo-selfie-photomaton\/#primaryimage\",\"url\":\"https:\/\/ml-locations.be\/wp-content\/uploads\/2017\/10\/Location-borne-photo-photomaton-personnalisable.png\",\"contentUrl\":\"https:\/\/ml-locations.be\/wp-content\/uploads\/2017\/10\/Location-borne-photo-photomaton-personnalisable.png\",\"width\":1037,\"height\":1012,\"caption\":\"Location borne photo - photomaton personnalisable\"},{\"@type\":\"BreadcrumbList\",\"@id\":\"https:\/\/ml-locations.be\/nl\/locations\/location-borne-photo-selfie-photomaton\/#breadcrumb\",\"itemListElement\":[{\"@type\":\"ListItem\",\"position\":1,\"name\":\"Accueil\",\"item\":\"https:\/\/ml-locations.be\/nl\/\"},{\"@type\":\"ListItem\",\"position\":2,\"name\":\"Winkel\",\"item\":\"https:\/\/ml-locations.be\/nl\/winkel\/\"},{\"@type\":\"ListItem\",\"position\":3,\"name\":\"Borne photo selfie &#8211; photomaton en location\"}]},{\"@type\":\"WebSite\",\"@id\":\"https:\/\/ml-locations.be\/nl\/#website\",\"url\":\"https:\/\/ml-locations.be\/nl\/\",\"name\":\"ML Locations\",\"description\":\"Mat\u00e9riel \u00e9v\u00e9nementiel : location chaise, table et mange debout, mat\u00e9riel horeca, frigos,...\",\"publisher\":{\"@id\":\"https:\/\/ml-locations.be\/nl\/#organization\"},\"potentialAction\":[{\"@type\":\"SearchAction\",\"target\":{\"@type\":\"EntryPoint\",\"urlTemplate\":\"https:\/\/ml-locations.be\/nl\/?s={search_term_string}\"},\"query-input\":{\"@type\":\"PropertyValueSpecification\",\"valueRequired\":true,\"valueName\":\"search_term_string\"}}],\"inLanguage\":\"nl-NL\"},{\"@type\":\"Organization\",\"@id\":\"https:\/\/ml-locations.be\/nl\/#organization\",\"name\":\"ML Locations\",\"url\":\"https:\/\/ml-locations.be\/nl\/\",\"logo\":{\"@type\":\"ImageObject\",\"inLanguage\":\"nl-NL\",\"@id\":\"https:\/\/ml-locations.be\/nl\/#\/schema\/logo\/image\/\",\"url\":\"https:\/\/ml-locations.be\/wp-content\/uploads\/2018\/05\/LOGO-location-BON.png\",\"contentUrl\":\"https:\/\/ml-locations.be\/wp-content\/uploads\/2018\/05\/LOGO-location-BON.png\",\"width\":1200,\"height\":1200,\"caption\":\"ML Locations\"},\"image\":{\"@id\":\"https:\/\/ml-locations.be\/nl\/#\/schema\/logo\/image\/\"}}]}<\/script>\n<!-- \/ Yoast SEO plugin. -->","yoast_head_json":{"title":"Borne photo selfie - photomaton en location | ML Locations","description":"Borne photo selfie en location pour vos \u00e9v\u00e9nements, 800 photos 15x10 cm. Borne et photos enti\u00e8rement personnalisables.","robots":{"index":"index","follow":"follow","max-snippet":"max-snippet:-1","max-image-preview":"max-image-preview:large","max-video-preview":"max-video-preview:-1"},"canonical":"https:\/\/ml-locations.be\/nl\/locations\/location-borne-photo-selfie-photomaton\/","og_locale":"nl_NL","og_type":"article","og_title":"Borne photo selfie - photomaton en location | ML Locations","og_description":"Borne photo selfie en location pour vos \u00e9v\u00e9nements, 800 photos 15x10 cm. Borne et photos enti\u00e8rement personnalisables.","og_url":"https:\/\/ml-locations.be\/nl\/locations\/location-borne-photo-selfie-photomaton\/","og_site_name":"ML Locations","article_modified_time":"2025-03-06T16:19:24+00:00","og_image":[{"width":1037,"height":1012,"url":"https:\/\/ml-locations.be\/wp-content\/uploads\/2017\/10\/Location-borne-photo-photomaton-personnalisable.png","type":"image\/png"}],"twitter_card":"summary_large_image","twitter_misc":{"Geschatte leestijd":"3 minuten"},"schema":{"@context":"https:\/\/schema.org","@graph":[{"@type":"WebPage","@id":"https:\/\/ml-locations.be\/nl\/locations\/location-borne-photo-selfie-photomaton\/","url":"https:\/\/ml-locations.be\/nl\/locations\/location-borne-photo-selfie-photomaton\/","name":"Borne photo selfie - photomaton en location | ML Locations","isPartOf":{"@id":"https:\/\/ml-locations.be\/nl\/#website"},"primaryImageOfPage":{"@id":"https:\/\/ml-locations.be\/nl\/locations\/location-borne-photo-selfie-photomaton\/#primaryimage"},"image":{"@id":"https:\/\/ml-locations.be\/nl\/locations\/location-borne-photo-selfie-photomaton\/#primaryimage"},"thumbnailUrl":"https:\/\/ml-locations.be\/wp-content\/uploads\/2017\/10\/Location-borne-photo-photomaton-personnalisable.png","datePublished":"2017-10-13T14:47:37+00:00","dateModified":"2025-03-06T16:19:24+00:00","description":"Borne photo selfie en location pour vos \u00e9v\u00e9nements, 800 photos 15x10 cm. Borne et photos enti\u00e8rement personnalisables.","breadcrumb":{"@id":"https:\/\/ml-locations.be\/nl\/locations\/location-borne-photo-selfie-photomaton\/#breadcrumb"},"inLanguage":"nl-NL","potentialAction":[{"@type":"ReadAction","target":["https:\/\/ml-locations.be\/nl\/locations\/location-borne-photo-selfie-photomaton\/"]}]},{"@type":"ImageObject","inLanguage":"nl-NL","@id":"https:\/\/ml-locations.be\/nl\/locations\/location-borne-photo-selfie-photomaton\/#primaryimage","url":"https:\/\/ml-locations.be\/wp-content\/uploads\/2017\/10\/Location-borne-photo-photomaton-personnalisable.png","contentUrl":"https:\/\/ml-locations.be\/wp-content\/uploads\/2017\/10\/Location-borne-photo-photomaton-personnalisable.png","width":1037,"height":1012,"caption":"Location borne photo - photomaton personnalisable"},{"@type":"BreadcrumbList","@id":"https:\/\/ml-locations.be\/nl\/locations\/location-borne-photo-selfie-photomaton\/#breadcrumb","itemListElement":[{"@type":"ListItem","position":1,"name":"Accueil","item":"https:\/\/ml-locations.be\/nl\/"},{"@type":"ListItem","position":2,"name":"Winkel","item":"https:\/\/ml-locations.be\/nl\/winkel\/"},{"@type":"ListItem","position":3,"name":"Borne photo selfie &#8211; photomaton en location"}]},{"@type":"WebSite","@id":"https:\/\/ml-locations.be\/nl\/#website","url":"https:\/\/ml-locations.be\/nl\/","name":"ML Locations","description":"Mat\u00e9riel \u00e9v\u00e9nementiel : location chaise, table et mange debout, mat\u00e9riel horeca, frigos,...","publisher":{"@id":"https:\/\/ml-locations.be\/nl\/#organization"},"potentialAction":[{"@type":"SearchAction","target":{"@type":"EntryPoint","urlTemplate":"https:\/\/ml-locations.be\/nl\/?s={search_term_string}"},"query-input":{"@type":"PropertyValueSpecification","valueRequired":true,"valueName":"search_term_string"}}],"inLanguage":"nl-NL"},{"@type":"Organization","@id":"https:\/\/ml-locations.be\/nl\/#organization","name":"ML Locations","url":"https:\/\/ml-locations.be\/nl\/","logo":{"@type":"ImageObject","inLanguage":"nl-NL","@id":"https:\/\/ml-locations.be\/nl\/#\/schema\/logo\/image\/","url":"https:\/\/ml-locations.be\/wp-content\/uploads\/2018\/05\/LOGO-location-BON.png","contentUrl":"https:\/\/ml-locations.be\/wp-content\/uploads\/2018\/05\/LOGO-location-BON.png","width":1200,"height":1200,"caption":"ML Locations"},"image":{"@id":"https:\/\/ml-locations.be\/nl\/#\/schema\/logo\/image\/"}}]}},"_links":{"self":[{"href":"https:\/\/ml-locations.be\/nl\/wp-json\/wp\/v2\/product\/3726","targetHints":{"allow":["GET"]}}],"collection":[{"href":"https:\/\/ml-locations.be\/nl\/wp-json\/wp\/v2\/product"}],"about":[{"href":"https:\/\/ml-locations.be\/nl\/wp-json\/wp\/v2\/types\/product"}],"wp:featuredmedia":[{"embeddable":true,"href":"https:\/\/ml-locations.be\/nl\/wp-json\/wp\/v2\/media\/3739"}],"wp:attachment":[{"href":"https:\/\/ml-locations.be\/nl\/wp-json\/wp\/v2\/media?parent=3726"}],"wp:term":[{"taxonomy":"product_brand","embeddable":true,"href":"https:\/\/ml-locations.be\/nl\/wp-json\/wp\/v2\/product_brand?post=3726"},{"taxonomy":"product_cat","embeddable":true,"href":"https:\/\/ml-locations.be\/nl\/wp-json\/wp\/v2\/product_cat?post=3726"},{"taxonomy":"product_tag","embeddable":true,"href":"https:\/\/ml-locations.be\/nl\/wp-json\/wp\/v2\/product_tag?post=3726"}],"curies":[{"name":"wp","href":"https:\/\/api.w.org\/{rel}","templated":true}]}}