{"id":3885,"date":"2017-11-29T16:02:15","date_gmt":"2017-11-29T15:02:15","guid":{"rendered":"https:\/\/www.ml-locations.be\/?post_type=product&#038;p=3885"},"modified":"2025-07-17T14:42:28","modified_gmt":"2025-07-17T12:42:28","slug":"serviette-tissu-fuschia-50x50-cm","status":"publish","type":"product","link":"https:\/\/ml-locations.be\/nl\/locations\/serviette-tissu-fuschia-50x50-cm\/","title":{"rendered":"Serviette tissu fuschia 50&#215;50 cm"},"content":{"rendered":"<p>Ces <strong>serviettes fuschia en tissus<\/strong> sont beaucoup plus r\u00e9sistantes que des serviettes en papier et sont tr\u00e8s appr\u00e9ci\u00e9e lors des repas et banquets. Ces serviettes en tissu en location accompagneront votre nappe et votre vaisselle avec perfection. Vous pouvez d\u2019ailleurs retrouver notre s\u00e9lection de <a href=\"https:\/\/ml-locations.be\/location\/decorations-pour-evenements\/nappes-serviettes-en-location\/\">nappes en location<\/a> et de<a href=\"https:\/\/ml-locations.be\/location\/materiel-horeca-en-location\/verres-en-location\/\"> verreries en location<\/a> (verres \u00e0 vin, fl\u00fbtes,\u2026) sur ce site.<\/p>\n<p>Les\u00a0<strong>serviettes en tissus<\/strong> peuvent \u00eatre rendues sales apr\u00e8s la <strong>location<\/strong>, et ce sans frais suppl\u00e9mentaires car le nettoyage des nappes est compris dans le prix de location.<\/p>\n<p>Dimension des serviettes en tissu :<\/p>\n<ul>\n<li>Longueur\u00a0: 50 cm<\/li>\n<li>Largeur\u00a0: 50 cm<\/li>\n<\/ul>\n","protected":false},"excerpt":{"rendered":"<p><strong>Serviette en location : serviette en tissu fuschia\u00a0<\/strong>de 50 x 50 cm \u00e0 louer pour la d\u00e9coration de vos tables lors d\u2019\u00e9v\u00e9nements : banquets, repas, mariages, diners de familles, anniversaires, conf\u00e9rence,\u2026<\/p>\n<p>&nbsp;<\/p>\n","protected":false},"featured_media":3887,"template":"","meta":{"_acf_changed":false},"product_brand":[],"product_cat":[126,15],"product_tag":[213,205,214],"class_list":{"0":"post-3885","1":"product","2":"type-product","3":"status-publish","4":"has-post-thumbnail","6":"product_cat-decorations-pour-evenements","7":"product_cat-nappes-serviettes-en-location","8":"product_tag-location-de-materiel-de-reception-mariages","9":"product_tag-location-materiel-organisation-soiree","10":"product_tag-location-materiel-banquet","11":"description-off","13":"first","14":"instock","15":"taxable","16":"shipping-taxable","17":"purchasable","18":"product-type-simple"},"acf":[],"yoast_head":"<!-- This site is optimized with the Yoast SEO plugin v25.0 - https:\/\/yoast.com\/wordpress\/plugins\/seo\/ -->\n<title>Serviette tissu fuschia 50x50 cm | ML Locations<\/title>\n<meta name=\"robots\" content=\"index, follow, max-snippet:-1, max-image-preview:large, max-video-preview:-1\" \/>\n<link rel=\"canonical\" href=\"https:\/\/ml-locations.be\/nl\/locations\/serviette-tissu-fuschia-50x50-cm\/\" \/>\n<meta property=\"og:locale\" content=\"nl_NL\" \/>\n<meta property=\"og:type\" content=\"article\" \/>\n<meta property=\"og:title\" content=\"Serviette tissu fuschia 50x50 cm | ML Locations\" \/>\n<meta property=\"og:description\" content=\"Serviette en location : serviette en tissu fuschia\u00a0de 50 x 50 cm \u00e0 louer pour la d\u00e9coration de vos tables lors d\u2019\u00e9v\u00e9nements : banquets, repas, mariages, diners de familles, anniversaires, conf\u00e9rence,\u2026  &nbsp;\" \/>\n<meta property=\"og:url\" content=\"https:\/\/ml-locations.be\/nl\/locations\/serviette-tissu-fuschia-50x50-cm\/\" \/>\n<meta property=\"og:site_name\" content=\"ML Locations\" \/>\n<meta property=\"article:modified_time\" content=\"2025-07-17T12:42:28+00:00\" \/>\n<meta property=\"og:image\" content=\"https:\/\/ml-locations.be\/wp-content\/uploads\/2017\/11\/location-serviettes-tissu-fushia.jpg\" \/>\n\t<meta property=\"og:image:width\" content=\"700\" \/>\n\t<meta property=\"og:image:height\" content=\"800\" \/>\n\t<meta property=\"og:image:type\" content=\"image\/jpeg\" \/>\n<meta name=\"twitter:card\" content=\"summary_large_image\" \/>\n<meta name=\"twitter:label1\" content=\"Geschatte leestijd\" \/>\n\t<meta name=\"twitter:data1\" content=\"1 minuut\" \/>\n<script type=\"application\/ld+json\" class=\"yoast-schema-graph\">{\"@context\":\"https:\/\/schema.org\",\"@graph\":[{\"@type\":\"WebPage\",\"@id\":\"https:\/\/ml-locations.be\/nl\/locations\/serviette-tissu-fuschia-50x50-cm\/\",\"url\":\"https:\/\/ml-locations.be\/nl\/locations\/serviette-tissu-fuschia-50x50-cm\/\",\"name\":\"Serviette tissu fuschia 50x50 cm | ML Locations\",\"isPartOf\":{\"@id\":\"https:\/\/ml-locations.be\/nl\/#website\"},\"primaryImageOfPage\":{\"@id\":\"https:\/\/ml-locations.be\/nl\/locations\/serviette-tissu-fuschia-50x50-cm\/#primaryimage\"},\"image\":{\"@id\":\"https:\/\/ml-locations.be\/nl\/locations\/serviette-tissu-fuschia-50x50-cm\/#primaryimage\"},\"thumbnailUrl\":\"https:\/\/ml-locations.be\/wp-content\/uploads\/2017\/11\/location-serviettes-tissu-fushia.jpg\",\"datePublished\":\"2017-11-29T15:02:15+00:00\",\"dateModified\":\"2025-07-17T12:42:28+00:00\",\"breadcrumb\":{\"@id\":\"https:\/\/ml-locations.be\/nl\/locations\/serviette-tissu-fuschia-50x50-cm\/#breadcrumb\"},\"inLanguage\":\"nl-NL\",\"potentialAction\":[{\"@type\":\"ReadAction\",\"target\":[\"https:\/\/ml-locations.be\/nl\/locations\/serviette-tissu-fuschia-50x50-cm\/\"]}]},{\"@type\":\"ImageObject\",\"inLanguage\":\"nl-NL\",\"@id\":\"https:\/\/ml-locations.be\/nl\/locations\/serviette-tissu-fuschia-50x50-cm\/#primaryimage\",\"url\":\"https:\/\/ml-locations.be\/wp-content\/uploads\/2017\/11\/location-serviettes-tissu-fushia.jpg\",\"contentUrl\":\"https:\/\/ml-locations.be\/wp-content\/uploads\/2017\/11\/location-serviettes-tissu-fushia.jpg\",\"width\":700,\"height\":800,\"caption\":\"location nappes et serviettes : serviettes tissu fushia\"},{\"@type\":\"BreadcrumbList\",\"@id\":\"https:\/\/ml-locations.be\/nl\/locations\/serviette-tissu-fuschia-50x50-cm\/#breadcrumb\",\"itemListElement\":[{\"@type\":\"ListItem\",\"position\":1,\"name\":\"Accueil\",\"item\":\"https:\/\/ml-locations.be\/nl\/\"},{\"@type\":\"ListItem\",\"position\":2,\"name\":\"Winkel\",\"item\":\"https:\/\/ml-locations.be\/nl\/winkel\/\"},{\"@type\":\"ListItem\",\"position\":3,\"name\":\"Serviette tissu fuschia 50&#215;50 cm\"}]},{\"@type\":\"WebSite\",\"@id\":\"https:\/\/ml-locations.be\/nl\/#website\",\"url\":\"https:\/\/ml-locations.be\/nl\/\",\"name\":\"ML Locations\",\"description\":\"Mat\u00e9riel \u00e9v\u00e9nementiel : location chaise, table et mange debout, mat\u00e9riel horeca, frigos,...\",\"publisher\":{\"@id\":\"https:\/\/ml-locations.be\/nl\/#organization\"},\"potentialAction\":[{\"@type\":\"SearchAction\",\"target\":{\"@type\":\"EntryPoint\",\"urlTemplate\":\"https:\/\/ml-locations.be\/nl\/?s={search_term_string}\"},\"query-input\":{\"@type\":\"PropertyValueSpecification\",\"valueRequired\":true,\"valueName\":\"search_term_string\"}}],\"inLanguage\":\"nl-NL\"},{\"@type\":\"Organization\",\"@id\":\"https:\/\/ml-locations.be\/nl\/#organization\",\"name\":\"ML Locations\",\"url\":\"https:\/\/ml-locations.be\/nl\/\",\"logo\":{\"@type\":\"ImageObject\",\"inLanguage\":\"nl-NL\",\"@id\":\"https:\/\/ml-locations.be\/nl\/#\/schema\/logo\/image\/\",\"url\":\"https:\/\/ml-locations.be\/wp-content\/uploads\/2018\/05\/LOGO-location-BON.png\",\"contentUrl\":\"https:\/\/ml-locations.be\/wp-content\/uploads\/2018\/05\/LOGO-location-BON.png\",\"width\":1200,\"height\":1200,\"caption\":\"ML Locations\"},\"image\":{\"@id\":\"https:\/\/ml-locations.be\/nl\/#\/schema\/logo\/image\/\"}}]}<\/script>\n<!-- \/ Yoast SEO plugin. -->","yoast_head_json":{"title":"Serviette tissu fuschia 50x50 cm | ML Locations","robots":{"index":"index","follow":"follow","max-snippet":"max-snippet:-1","max-image-preview":"max-image-preview:large","max-video-preview":"max-video-preview:-1"},"canonical":"https:\/\/ml-locations.be\/nl\/locations\/serviette-tissu-fuschia-50x50-cm\/","og_locale":"nl_NL","og_type":"article","og_title":"Serviette tissu fuschia 50x50 cm | ML Locations","og_description":"Serviette en location : serviette en tissu fuschia\u00a0de 50 x 50 cm \u00e0 louer pour la d\u00e9coration de vos tables lors d\u2019\u00e9v\u00e9nements : banquets, repas, mariages, diners de familles, anniversaires, conf\u00e9rence,\u2026  &nbsp;","og_url":"https:\/\/ml-locations.be\/nl\/locations\/serviette-tissu-fuschia-50x50-cm\/","og_site_name":"ML Locations","article_modified_time":"2025-07-17T12:42:28+00:00","og_image":[{"width":700,"height":800,"url":"https:\/\/ml-locations.be\/wp-content\/uploads\/2017\/11\/location-serviettes-tissu-fushia.jpg","type":"image\/jpeg"}],"twitter_card":"summary_large_image","twitter_misc":{"Geschatte leestijd":"1 minuut"},"schema":{"@context":"https:\/\/schema.org","@graph":[{"@type":"WebPage","@id":"https:\/\/ml-locations.be\/nl\/locations\/serviette-tissu-fuschia-50x50-cm\/","url":"https:\/\/ml-locations.be\/nl\/locations\/serviette-tissu-fuschia-50x50-cm\/","name":"Serviette tissu fuschia 50x50 cm | ML Locations","isPartOf":{"@id":"https:\/\/ml-locations.be\/nl\/#website"},"primaryImageOfPage":{"@id":"https:\/\/ml-locations.be\/nl\/locations\/serviette-tissu-fuschia-50x50-cm\/#primaryimage"},"image":{"@id":"https:\/\/ml-locations.be\/nl\/locations\/serviette-tissu-fuschia-50x50-cm\/#primaryimage"},"thumbnailUrl":"https:\/\/ml-locations.be\/wp-content\/uploads\/2017\/11\/location-serviettes-tissu-fushia.jpg","datePublished":"2017-11-29T15:02:15+00:00","dateModified":"2025-07-17T12:42:28+00:00","breadcrumb":{"@id":"https:\/\/ml-locations.be\/nl\/locations\/serviette-tissu-fuschia-50x50-cm\/#breadcrumb"},"inLanguage":"nl-NL","potentialAction":[{"@type":"ReadAction","target":["https:\/\/ml-locations.be\/nl\/locations\/serviette-tissu-fuschia-50x50-cm\/"]}]},{"@type":"ImageObject","inLanguage":"nl-NL","@id":"https:\/\/ml-locations.be\/nl\/locations\/serviette-tissu-fuschia-50x50-cm\/#primaryimage","url":"https:\/\/ml-locations.be\/wp-content\/uploads\/2017\/11\/location-serviettes-tissu-fushia.jpg","contentUrl":"https:\/\/ml-locations.be\/wp-content\/uploads\/2017\/11\/location-serviettes-tissu-fushia.jpg","width":700,"height":800,"caption":"location nappes et serviettes : serviettes tissu fushia"},{"@type":"BreadcrumbList","@id":"https:\/\/ml-locations.be\/nl\/locations\/serviette-tissu-fuschia-50x50-cm\/#breadcrumb","itemListElement":[{"@type":"ListItem","position":1,"name":"Accueil","item":"https:\/\/ml-locations.be\/nl\/"},{"@type":"ListItem","position":2,"name":"Winkel","item":"https:\/\/ml-locations.be\/nl\/winkel\/"},{"@type":"ListItem","position":3,"name":"Serviette tissu fuschia 50&#215;50 cm"}]},{"@type":"WebSite","@id":"https:\/\/ml-locations.be\/nl\/#website","url":"https:\/\/ml-locations.be\/nl\/","name":"ML Locations","description":"Mat\u00e9riel \u00e9v\u00e9nementiel : location chaise, table et mange debout, mat\u00e9riel horeca, frigos,...","publisher":{"@id":"https:\/\/ml-locations.be\/nl\/#organization"},"potentialAction":[{"@type":"SearchAction","target":{"@type":"EntryPoint","urlTemplate":"https:\/\/ml-locations.be\/nl\/?s={search_term_string}"},"query-input":{"@type":"PropertyValueSpecification","valueRequired":true,"valueName":"search_term_string"}}],"inLanguage":"nl-NL"},{"@type":"Organization","@id":"https:\/\/ml-locations.be\/nl\/#organization","name":"ML Locations","url":"https:\/\/ml-locations.be\/nl\/","logo":{"@type":"ImageObject","inLanguage":"nl-NL","@id":"https:\/\/ml-locations.be\/nl\/#\/schema\/logo\/image\/","url":"https:\/\/ml-locations.be\/wp-content\/uploads\/2018\/05\/LOGO-location-BON.png","contentUrl":"https:\/\/ml-locations.be\/wp-content\/uploads\/2018\/05\/LOGO-location-BON.png","width":1200,"height":1200,"caption":"ML Locations"},"image":{"@id":"https:\/\/ml-locations.be\/nl\/#\/schema\/logo\/image\/"}}]}},"_links":{"self":[{"href":"https:\/\/ml-locations.be\/nl\/wp-json\/wp\/v2\/product\/3885","targetHints":{"allow":["GET"]}}],"collection":[{"href":"https:\/\/ml-locations.be\/nl\/wp-json\/wp\/v2\/product"}],"about":[{"href":"https:\/\/ml-locations.be\/nl\/wp-json\/wp\/v2\/types\/product"}],"wp:featuredmedia":[{"embeddable":true,"href":"https:\/\/ml-locations.be\/nl\/wp-json\/wp\/v2\/media\/3887"}],"wp:attachment":[{"href":"https:\/\/ml-locations.be\/nl\/wp-json\/wp\/v2\/media?parent=3885"}],"wp:term":[{"taxonomy":"product_brand","embeddable":true,"href":"https:\/\/ml-locations.be\/nl\/wp-json\/wp\/v2\/product_brand?post=3885"},{"taxonomy":"product_cat","embeddable":true,"href":"https:\/\/ml-locations.be\/nl\/wp-json\/wp\/v2\/product_cat?post=3885"},{"taxonomy":"product_tag","embeddable":true,"href":"https:\/\/ml-locations.be\/nl\/wp-json\/wp\/v2\/product_tag?post=3885"}],"curies":[{"name":"wp","href":"https:\/\/api.w.org\/{rel}","templated":true}]}}