{"id":3901,"date":"2017-11-30T09:56:16","date_gmt":"2017-11-30T08:56:16","guid":{"rendered":"https:\/\/www.ml-locations.be\/?post_type=product&#038;p=3901"},"modified":"2018-01-29T11:45:18","modified_gmt":"2018-01-29T10:45:18","slug":"location-nappe-noir-220x220cm-table-ronde","status":"publish","type":"product","link":"https:\/\/ml-locations.be\/nl\/locations\/location-nappe-noir-220x220cm-table-ronde\/","title":{"rendered":"Nappe noir 220x220cm (table ronde 8p)"},"content":{"rendered":"<p>Ces nappes noiresde 220 cm sur 220 cm sont parfaites pour habiller et d\u00e9corer vos tables de banquet pour un diner de mariage, un anniversaire, un banquet, une conf\u00e9rence,\u2026 Nos nappes conviennent pour tous vos \u00e9v\u00e8nements. Les nappes en location peuvent \u00eatre rendues sales apr\u00e8s la location, et ce sans risque de frais suppl\u00e9mentaires car le nettoyage des nappes est compris dans le prix de location. Louez ces magnifiques nappes afin de rendre vos tables accueillantes pour vos \u00e9v\u00e8nements.<\/p>\n<p>Couleurs disponibles\u00a0: blanc, \u00e9cru, gris clair, noir, rouge, vert d\u2019eau, bleu clair, rose p\u00e2le<\/p>\n<p>Vous pouvez \u00e9galement louer les <a href=\"http:\/\/www.ml-locations.be\/locations\/table-ronde-150x80cm-8-pers\/\">tables rondes pour 8 personnes<\/a> correspondant \u00e0 ces nappes pour vos banquets de mariage, d\u2019anniversaire,&#8230;<\/p>\n","protected":false},"excerpt":{"rendered":"<p>Nappe en location : nappe noire de 220 cm sur 220 cm pour le dressage et la d\u00e9coration de vos tables pour tous vos \u00e9v\u00e8nements; un diner de mariage, un anniversaire, un banquet, une conf\u00e9rence,\u2026<\/p>\n","protected":false},"featured_media":3899,"template":"","meta":{"_acf_changed":false},"product_brand":[],"product_cat":[126,15],"product_tag":[214],"class_list":{"0":"post-3901","1":"product","2":"type-product","3":"status-publish","4":"has-post-thumbnail","6":"product_cat-decorations-pour-evenements","7":"product_cat-nappes-serviettes-en-location","8":"product_tag-location-materiel-banquet","9":"description-off","11":"first","12":"instock","13":"taxable","14":"shipping-taxable","15":"purchasable","16":"product-type-simple"},"acf":[],"yoast_head":"<!-- This site is optimized with the Yoast SEO plugin v25.0 - https:\/\/yoast.com\/wordpress\/plugins\/seo\/ -->\n<title>Location nappe noir 220x220cm (table ronde 8 personnes) | ML Locations<\/title>\n<meta name=\"description\" content=\"Nappe en location : nappe noire de 220x220 cm pour vos banquets, mariages et autres \u00e9v\u00e9nements. Le nettoyage est compris dans la location des nappes. Plusieurs tailles et dimensions disponibles. Livraison possible - Devis gratuit.\" \/>\n<meta name=\"robots\" content=\"index, follow, max-snippet:-1, max-image-preview:large, max-video-preview:-1\" \/>\n<link rel=\"canonical\" href=\"https:\/\/ml-locations.be\/nl\/locations\/location-nappe-noir-220x220cm-table-ronde\/\" \/>\n<meta property=\"og:locale\" content=\"nl_NL\" \/>\n<meta property=\"og:type\" content=\"article\" \/>\n<meta property=\"og:title\" content=\"Location nappe noir 220x220cm (table ronde 8 personnes) | ML Locations\" \/>\n<meta property=\"og:description\" content=\"Nappe en location : nappe noire de 220x220 cm pour vos banquets, mariages et autres \u00e9v\u00e9nements. Le nettoyage est compris dans la location des nappes. Plusieurs tailles et dimensions disponibles. Livraison possible - Devis gratuit.\" \/>\n<meta property=\"og:url\" content=\"https:\/\/ml-locations.be\/nl\/locations\/location-nappe-noir-220x220cm-table-ronde\/\" \/>\n<meta property=\"og:site_name\" content=\"ML Locations\" \/>\n<meta property=\"article:modified_time\" content=\"2018-01-29T10:45:18+00:00\" \/>\n<meta property=\"og:image\" content=\"https:\/\/ml-locations.be\/wp-content\/uploads\/2017\/11\/location-nappe-noire.jpg\" \/>\n\t<meta property=\"og:image:width\" content=\"497\" \/>\n\t<meta property=\"og:image:height\" content=\"529\" \/>\n\t<meta property=\"og:image:type\" content=\"image\/jpeg\" \/>\n<meta name=\"twitter:card\" content=\"summary_large_image\" \/>\n<meta name=\"twitter:label1\" content=\"Geschatte leestijd\" \/>\n\t<meta name=\"twitter:data1\" content=\"1 minuut\" \/>\n<script type=\"application\/ld+json\" class=\"yoast-schema-graph\">{\"@context\":\"https:\/\/schema.org\",\"@graph\":[{\"@type\":\"WebPage\",\"@id\":\"https:\/\/ml-locations.be\/nl\/locations\/location-nappe-noir-220x220cm-table-ronde\/\",\"url\":\"https:\/\/ml-locations.be\/nl\/locations\/location-nappe-noir-220x220cm-table-ronde\/\",\"name\":\"Location nappe noir 220x220cm (table ronde 8 personnes) | ML Locations\",\"isPartOf\":{\"@id\":\"https:\/\/ml-locations.be\/nl\/#website\"},\"primaryImageOfPage\":{\"@id\":\"https:\/\/ml-locations.be\/nl\/locations\/location-nappe-noir-220x220cm-table-ronde\/#primaryimage\"},\"image\":{\"@id\":\"https:\/\/ml-locations.be\/nl\/locations\/location-nappe-noir-220x220cm-table-ronde\/#primaryimage\"},\"thumbnailUrl\":\"https:\/\/ml-locations.be\/wp-content\/uploads\/2017\/11\/location-nappe-noire.jpg\",\"datePublished\":\"2017-11-30T08:56:16+00:00\",\"dateModified\":\"2018-01-29T10:45:18+00:00\",\"description\":\"Nappe en location : nappe noire de 220x220 cm pour vos banquets, mariages et autres \u00e9v\u00e9nements. Le nettoyage est compris dans la location des nappes. Plusieurs tailles et dimensions disponibles. Livraison possible - Devis gratuit.\",\"breadcrumb\":{\"@id\":\"https:\/\/ml-locations.be\/nl\/locations\/location-nappe-noir-220x220cm-table-ronde\/#breadcrumb\"},\"inLanguage\":\"nl-NL\",\"potentialAction\":[{\"@type\":\"ReadAction\",\"target\":[\"https:\/\/ml-locations.be\/nl\/locations\/location-nappe-noir-220x220cm-table-ronde\/\"]}]},{\"@type\":\"ImageObject\",\"inLanguage\":\"nl-NL\",\"@id\":\"https:\/\/ml-locations.be\/nl\/locations\/location-nappe-noir-220x220cm-table-ronde\/#primaryimage\",\"url\":\"https:\/\/ml-locations.be\/wp-content\/uploads\/2017\/11\/location-nappe-noire.jpg\",\"contentUrl\":\"https:\/\/ml-locations.be\/wp-content\/uploads\/2017\/11\/location-nappe-noire.jpg\",\"width\":497,\"height\":529,\"caption\":\"location nappe noire\"},{\"@type\":\"BreadcrumbList\",\"@id\":\"https:\/\/ml-locations.be\/nl\/locations\/location-nappe-noir-220x220cm-table-ronde\/#breadcrumb\",\"itemListElement\":[{\"@type\":\"ListItem\",\"position\":1,\"name\":\"Accueil\",\"item\":\"https:\/\/ml-locations.be\/nl\/\"},{\"@type\":\"ListItem\",\"position\":2,\"name\":\"Winkel\",\"item\":\"https:\/\/ml-locations.be\/nl\/winkel\/\"},{\"@type\":\"ListItem\",\"position\":3,\"name\":\"Nappe noir 220x220cm (table ronde 8p)\"}]},{\"@type\":\"WebSite\",\"@id\":\"https:\/\/ml-locations.be\/nl\/#website\",\"url\":\"https:\/\/ml-locations.be\/nl\/\",\"name\":\"ML Locations\",\"description\":\"Mat\u00e9riel \u00e9v\u00e9nementiel : location chaise, table et mange debout, mat\u00e9riel horeca, frigos,...\",\"publisher\":{\"@id\":\"https:\/\/ml-locations.be\/nl\/#organization\"},\"potentialAction\":[{\"@type\":\"SearchAction\",\"target\":{\"@type\":\"EntryPoint\",\"urlTemplate\":\"https:\/\/ml-locations.be\/nl\/?s={search_term_string}\"},\"query-input\":{\"@type\":\"PropertyValueSpecification\",\"valueRequired\":true,\"valueName\":\"search_term_string\"}}],\"inLanguage\":\"nl-NL\"},{\"@type\":\"Organization\",\"@id\":\"https:\/\/ml-locations.be\/nl\/#organization\",\"name\":\"ML Locations\",\"url\":\"https:\/\/ml-locations.be\/nl\/\",\"logo\":{\"@type\":\"ImageObject\",\"inLanguage\":\"nl-NL\",\"@id\":\"https:\/\/ml-locations.be\/nl\/#\/schema\/logo\/image\/\",\"url\":\"https:\/\/ml-locations.be\/wp-content\/uploads\/2018\/05\/LOGO-location-BON.png\",\"contentUrl\":\"https:\/\/ml-locations.be\/wp-content\/uploads\/2018\/05\/LOGO-location-BON.png\",\"width\":1200,\"height\":1200,\"caption\":\"ML Locations\"},\"image\":{\"@id\":\"https:\/\/ml-locations.be\/nl\/#\/schema\/logo\/image\/\"}}]}<\/script>\n<!-- \/ Yoast SEO plugin. -->","yoast_head_json":{"title":"Location nappe noir 220x220cm (table ronde 8 personnes) | ML Locations","description":"Nappe en location : nappe noire de 220x220 cm pour vos banquets, mariages et autres \u00e9v\u00e9nements. Le nettoyage est compris dans la location des nappes. Plusieurs tailles et dimensions disponibles. Livraison possible - Devis gratuit.","robots":{"index":"index","follow":"follow","max-snippet":"max-snippet:-1","max-image-preview":"max-image-preview:large","max-video-preview":"max-video-preview:-1"},"canonical":"https:\/\/ml-locations.be\/nl\/locations\/location-nappe-noir-220x220cm-table-ronde\/","og_locale":"nl_NL","og_type":"article","og_title":"Location nappe noir 220x220cm (table ronde 8 personnes) | ML Locations","og_description":"Nappe en location : nappe noire de 220x220 cm pour vos banquets, mariages et autres \u00e9v\u00e9nements. Le nettoyage est compris dans la location des nappes. Plusieurs tailles et dimensions disponibles. Livraison possible - Devis gratuit.","og_url":"https:\/\/ml-locations.be\/nl\/locations\/location-nappe-noir-220x220cm-table-ronde\/","og_site_name":"ML Locations","article_modified_time":"2018-01-29T10:45:18+00:00","og_image":[{"width":497,"height":529,"url":"https:\/\/ml-locations.be\/wp-content\/uploads\/2017\/11\/location-nappe-noire.jpg","type":"image\/jpeg"}],"twitter_card":"summary_large_image","twitter_misc":{"Geschatte leestijd":"1 minuut"},"schema":{"@context":"https:\/\/schema.org","@graph":[{"@type":"WebPage","@id":"https:\/\/ml-locations.be\/nl\/locations\/location-nappe-noir-220x220cm-table-ronde\/","url":"https:\/\/ml-locations.be\/nl\/locations\/location-nappe-noir-220x220cm-table-ronde\/","name":"Location nappe noir 220x220cm (table ronde 8 personnes) | ML Locations","isPartOf":{"@id":"https:\/\/ml-locations.be\/nl\/#website"},"primaryImageOfPage":{"@id":"https:\/\/ml-locations.be\/nl\/locations\/location-nappe-noir-220x220cm-table-ronde\/#primaryimage"},"image":{"@id":"https:\/\/ml-locations.be\/nl\/locations\/location-nappe-noir-220x220cm-table-ronde\/#primaryimage"},"thumbnailUrl":"https:\/\/ml-locations.be\/wp-content\/uploads\/2017\/11\/location-nappe-noire.jpg","datePublished":"2017-11-30T08:56:16+00:00","dateModified":"2018-01-29T10:45:18+00:00","description":"Nappe en location : nappe noire de 220x220 cm pour vos banquets, mariages et autres \u00e9v\u00e9nements. Le nettoyage est compris dans la location des nappes. Plusieurs tailles et dimensions disponibles. Livraison possible - Devis gratuit.","breadcrumb":{"@id":"https:\/\/ml-locations.be\/nl\/locations\/location-nappe-noir-220x220cm-table-ronde\/#breadcrumb"},"inLanguage":"nl-NL","potentialAction":[{"@type":"ReadAction","target":["https:\/\/ml-locations.be\/nl\/locations\/location-nappe-noir-220x220cm-table-ronde\/"]}]},{"@type":"ImageObject","inLanguage":"nl-NL","@id":"https:\/\/ml-locations.be\/nl\/locations\/location-nappe-noir-220x220cm-table-ronde\/#primaryimage","url":"https:\/\/ml-locations.be\/wp-content\/uploads\/2017\/11\/location-nappe-noire.jpg","contentUrl":"https:\/\/ml-locations.be\/wp-content\/uploads\/2017\/11\/location-nappe-noire.jpg","width":497,"height":529,"caption":"location nappe noire"},{"@type":"BreadcrumbList","@id":"https:\/\/ml-locations.be\/nl\/locations\/location-nappe-noir-220x220cm-table-ronde\/#breadcrumb","itemListElement":[{"@type":"ListItem","position":1,"name":"Accueil","item":"https:\/\/ml-locations.be\/nl\/"},{"@type":"ListItem","position":2,"name":"Winkel","item":"https:\/\/ml-locations.be\/nl\/winkel\/"},{"@type":"ListItem","position":3,"name":"Nappe noir 220x220cm (table ronde 8p)"}]},{"@type":"WebSite","@id":"https:\/\/ml-locations.be\/nl\/#website","url":"https:\/\/ml-locations.be\/nl\/","name":"ML Locations","description":"Mat\u00e9riel \u00e9v\u00e9nementiel : location chaise, table et mange debout, mat\u00e9riel horeca, frigos,...","publisher":{"@id":"https:\/\/ml-locations.be\/nl\/#organization"},"potentialAction":[{"@type":"SearchAction","target":{"@type":"EntryPoint","urlTemplate":"https:\/\/ml-locations.be\/nl\/?s={search_term_string}"},"query-input":{"@type":"PropertyValueSpecification","valueRequired":true,"valueName":"search_term_string"}}],"inLanguage":"nl-NL"},{"@type":"Organization","@id":"https:\/\/ml-locations.be\/nl\/#organization","name":"ML Locations","url":"https:\/\/ml-locations.be\/nl\/","logo":{"@type":"ImageObject","inLanguage":"nl-NL","@id":"https:\/\/ml-locations.be\/nl\/#\/schema\/logo\/image\/","url":"https:\/\/ml-locations.be\/wp-content\/uploads\/2018\/05\/LOGO-location-BON.png","contentUrl":"https:\/\/ml-locations.be\/wp-content\/uploads\/2018\/05\/LOGO-location-BON.png","width":1200,"height":1200,"caption":"ML Locations"},"image":{"@id":"https:\/\/ml-locations.be\/nl\/#\/schema\/logo\/image\/"}}]}},"_links":{"self":[{"href":"https:\/\/ml-locations.be\/nl\/wp-json\/wp\/v2\/product\/3901","targetHints":{"allow":["GET"]}}],"collection":[{"href":"https:\/\/ml-locations.be\/nl\/wp-json\/wp\/v2\/product"}],"about":[{"href":"https:\/\/ml-locations.be\/nl\/wp-json\/wp\/v2\/types\/product"}],"wp:featuredmedia":[{"embeddable":true,"href":"https:\/\/ml-locations.be\/nl\/wp-json\/wp\/v2\/media\/3899"}],"wp:attachment":[{"href":"https:\/\/ml-locations.be\/nl\/wp-json\/wp\/v2\/media?parent=3901"}],"wp:term":[{"taxonomy":"product_brand","embeddable":true,"href":"https:\/\/ml-locations.be\/nl\/wp-json\/wp\/v2\/product_brand?post=3901"},{"taxonomy":"product_cat","embeddable":true,"href":"https:\/\/ml-locations.be\/nl\/wp-json\/wp\/v2\/product_cat?post=3901"},{"taxonomy":"product_tag","embeddable":true,"href":"https:\/\/ml-locations.be\/nl\/wp-json\/wp\/v2\/product_tag?post=3901"}],"curies":[{"name":"wp","href":"https:\/\/api.w.org\/{rel}","templated":true}]}}