{"id":3904,"date":"2017-11-30T13:52:57","date_gmt":"2017-11-30T12:52:57","guid":{"rendered":"https:\/\/www.ml-locations.be\/?post_type=product&#038;p=3904"},"modified":"2019-06-18T21:03:36","modified_gmt":"2019-06-18T19:03:36","slug":"location-chaise-siege-fauteuil-cuir-noir","status":"publish","type":"product","link":"https:\/\/ml-locations.be\/nl\/locations\/location-chaise-siege-fauteuil-cuir-noir\/","title":{"rendered":"Fauteuil cuir noir 1 place"},"content":{"rendered":"<h2>Description du fauteuil en cuir noir en location :<\/h2>\n<p>Fauteuil en simili cuir aux lignes arrondies et \u00e9pur\u00e9es. Ce fauteuil design une place est parfait pour cr\u00e9er un espace o\u00f9 s&#8217;asseoir lors de vos \u00e9v\u00e9nements.\u00a0Ce fauteuil simili cuir design noir offrira un grand confort \u00e0 vos r\u00e9ceptions : carr\u00e9 VIP, tribune de presse, conf\u00e9rence, loge artiste, salon d&#8217;attente, mobilier de bureaux, salon de r\u00e9ception, foires et salons. Si vous souhaitez un canap\u00e9 plut\u00f4t qu&#8217;un fauteuil, consultez notre <a href=\"https:\/\/ml-locations.be\/locations\/location-canape-2-places-cuir-noir\/\">canap\u00e9 2 places en location<\/a>\u00a0(rev\u00eatement en simili cuir noir).<\/p>\n<p>&nbsp;<\/p>\n<h2>Caract\u00e9ristiques du fauteuil en cuir noir en location :<\/h2>\n<ul>\n<li>Cadre en bois<\/li>\n<li>Pieds en bois dur munis de patins anti-rayures pour \u00e9viter d&#8217;abimer le sol. Simili-cuir de haute qualit\u00e9.<\/li>\n<li>Mousse haute densit\u00e9<\/li>\n<li>Simili cuir de bonne facture<\/li>\n<li>Couleur : noir<\/li>\n<li>Confection soign\u00e9e<\/li>\n<li>Avec une double piq\u00fbre<\/li>\n<\/ul>\n<h2>Dimensions du si\u00e8ge en cuir noir :<\/h2>\n<ul>\n<li>Hauteur : 73 cm<\/li>\n<li>Largeur : 63 cm<\/li>\n<li>Profondeur : 52 cm<\/li>\n<\/ul>\n","protected":false},"excerpt":{"rendered":"<p><strong>Fauteuil en cuir noir en location : <\/strong>si\u00e8ge\u00a0une place. Structure en bois recouverte de simili-cuir. Ce si\u00e8ge capitonn\u00e9 sur ressorts offre une position assise confortable.<\/p>\n","protected":false},"featured_media":3907,"template":"","meta":{"_acf_changed":false},"product_brand":[],"product_cat":[245,6,12,13,14],"product_tag":[],"class_list":{"0":"post-3904","1":"product","2":"type-product","3":"status-publish","4":"has-post-thumbnail","6":"product_cat-location-mobilier-lounge-salon","7":"product_cat-mobilier","8":"product_cat-location-chaises-tabourets","9":"product_cat-mobilier-de-terrasse-en-location","10":"product_cat-mobilier-pour-bar-a-louer","11":"description-off","13":"first","14":"instock","15":"taxable","16":"shipping-taxable","17":"purchasable","18":"product-type-simple"},"acf":[],"yoast_head":"<!-- This site is optimized with the Yoast SEO plugin v25.0 - https:\/\/yoast.com\/wordpress\/plugins\/seo\/ -->\n<title>Location fauteuil simili cuir noir - si\u00e8ge une place | ML Locations<\/title>\n<meta name=\"description\" content=\"Fauteuil en location : beau fauteuil simili cuir noir une place. Id\u00e9al pour un bar ou un salon lors de vos \u00e9v\u00e9nements. Livraison possible.\" \/>\n<meta name=\"robots\" content=\"index, follow, max-snippet:-1, max-image-preview:large, max-video-preview:-1\" \/>\n<link rel=\"canonical\" href=\"https:\/\/ml-locations.be\/nl\/locations\/location-chaise-siege-fauteuil-cuir-noir\/\" \/>\n<meta property=\"og:locale\" content=\"nl_NL\" \/>\n<meta property=\"og:type\" content=\"article\" \/>\n<meta property=\"og:title\" content=\"Location fauteuil simili cuir noir - si\u00e8ge une place | ML Locations\" \/>\n<meta property=\"og:description\" content=\"Fauteuil en location : beau fauteuil simili cuir noir une place. Id\u00e9al pour un bar ou un salon lors de vos \u00e9v\u00e9nements. Livraison possible.\" \/>\n<meta property=\"og:url\" content=\"https:\/\/ml-locations.be\/nl\/locations\/location-chaise-siege-fauteuil-cuir-noir\/\" \/>\n<meta property=\"og:site_name\" content=\"ML Locations\" \/>\n<meta property=\"article:modified_time\" content=\"2019-06-18T19:03:36+00:00\" \/>\n<meta property=\"og:image\" content=\"https:\/\/ml-locations.be\/wp-content\/uploads\/2017\/11\/Location-fauteuil-noir-1-personne-2a.jpg\" \/>\n\t<meta property=\"og:image:width\" content=\"800\" \/>\n\t<meta property=\"og:image:height\" content=\"800\" \/>\n\t<meta property=\"og:image:type\" content=\"image\/jpeg\" \/>\n<meta name=\"twitter:card\" content=\"summary_large_image\" \/>\n<meta name=\"twitter:label1\" content=\"Geschatte leestijd\" \/>\n\t<meta name=\"twitter:data1\" content=\"1 minuut\" \/>\n<script type=\"application\/ld+json\" class=\"yoast-schema-graph\">{\"@context\":\"https:\/\/schema.org\",\"@graph\":[{\"@type\":\"WebPage\",\"@id\":\"https:\/\/ml-locations.be\/nl\/locations\/location-chaise-siege-fauteuil-cuir-noir\/\",\"url\":\"https:\/\/ml-locations.be\/nl\/locations\/location-chaise-siege-fauteuil-cuir-noir\/\",\"name\":\"Location fauteuil simili cuir noir - si\u00e8ge une place | ML Locations\",\"isPartOf\":{\"@id\":\"https:\/\/ml-locations.be\/nl\/#website\"},\"primaryImageOfPage\":{\"@id\":\"https:\/\/ml-locations.be\/nl\/locations\/location-chaise-siege-fauteuil-cuir-noir\/#primaryimage\"},\"image\":{\"@id\":\"https:\/\/ml-locations.be\/nl\/locations\/location-chaise-siege-fauteuil-cuir-noir\/#primaryimage\"},\"thumbnailUrl\":\"https:\/\/ml-locations.be\/wp-content\/uploads\/2017\/11\/Location-fauteuil-noir-1-personne-2a.jpg\",\"datePublished\":\"2017-11-30T12:52:57+00:00\",\"dateModified\":\"2019-06-18T19:03:36+00:00\",\"description\":\"Fauteuil en location : beau fauteuil simili cuir noir une place. Id\u00e9al pour un bar ou un salon lors de vos \u00e9v\u00e9nements. Livraison possible.\",\"breadcrumb\":{\"@id\":\"https:\/\/ml-locations.be\/nl\/locations\/location-chaise-siege-fauteuil-cuir-noir\/#breadcrumb\"},\"inLanguage\":\"nl-NL\",\"potentialAction\":[{\"@type\":\"ReadAction\",\"target\":[\"https:\/\/ml-locations.be\/nl\/locations\/location-chaise-siege-fauteuil-cuir-noir\/\"]}]},{\"@type\":\"ImageObject\",\"inLanguage\":\"nl-NL\",\"@id\":\"https:\/\/ml-locations.be\/nl\/locations\/location-chaise-siege-fauteuil-cuir-noir\/#primaryimage\",\"url\":\"https:\/\/ml-locations.be\/wp-content\/uploads\/2017\/11\/Location-fauteuil-noir-1-personne-2a.jpg\",\"contentUrl\":\"https:\/\/ml-locations.be\/wp-content\/uploads\/2017\/11\/Location-fauteuil-noir-1-personne-2a.jpg\",\"width\":800,\"height\":800,\"caption\":\"Location chaise et si\u00e8ge: fauteuil noir 1 personne-2a\"},{\"@type\":\"BreadcrumbList\",\"@id\":\"https:\/\/ml-locations.be\/nl\/locations\/location-chaise-siege-fauteuil-cuir-noir\/#breadcrumb\",\"itemListElement\":[{\"@type\":\"ListItem\",\"position\":1,\"name\":\"Accueil\",\"item\":\"https:\/\/ml-locations.be\/nl\/\"},{\"@type\":\"ListItem\",\"position\":2,\"name\":\"Winkel\",\"item\":\"https:\/\/ml-locations.be\/nl\/winkel\/\"},{\"@type\":\"ListItem\",\"position\":3,\"name\":\"Fauteuil cuir noir 1 place\"}]},{\"@type\":\"WebSite\",\"@id\":\"https:\/\/ml-locations.be\/nl\/#website\",\"url\":\"https:\/\/ml-locations.be\/nl\/\",\"name\":\"ML Locations\",\"description\":\"Mat\u00e9riel \u00e9v\u00e9nementiel : location chaise, table et mange debout, mat\u00e9riel horeca, frigos,...\",\"publisher\":{\"@id\":\"https:\/\/ml-locations.be\/nl\/#organization\"},\"potentialAction\":[{\"@type\":\"SearchAction\",\"target\":{\"@type\":\"EntryPoint\",\"urlTemplate\":\"https:\/\/ml-locations.be\/nl\/?s={search_term_string}\"},\"query-input\":{\"@type\":\"PropertyValueSpecification\",\"valueRequired\":true,\"valueName\":\"search_term_string\"}}],\"inLanguage\":\"nl-NL\"},{\"@type\":\"Organization\",\"@id\":\"https:\/\/ml-locations.be\/nl\/#organization\",\"name\":\"ML Locations\",\"url\":\"https:\/\/ml-locations.be\/nl\/\",\"logo\":{\"@type\":\"ImageObject\",\"inLanguage\":\"nl-NL\",\"@id\":\"https:\/\/ml-locations.be\/nl\/#\/schema\/logo\/image\/\",\"url\":\"https:\/\/ml-locations.be\/wp-content\/uploads\/2018\/05\/LOGO-location-BON.png\",\"contentUrl\":\"https:\/\/ml-locations.be\/wp-content\/uploads\/2018\/05\/LOGO-location-BON.png\",\"width\":1200,\"height\":1200,\"caption\":\"ML Locations\"},\"image\":{\"@id\":\"https:\/\/ml-locations.be\/nl\/#\/schema\/logo\/image\/\"}}]}<\/script>\n<!-- \/ Yoast SEO plugin. -->","yoast_head_json":{"title":"Location fauteuil simili cuir noir - si\u00e8ge une place | ML Locations","description":"Fauteuil en location : beau fauteuil simili cuir noir une place. Id\u00e9al pour un bar ou un salon lors de vos \u00e9v\u00e9nements. Livraison possible.","robots":{"index":"index","follow":"follow","max-snippet":"max-snippet:-1","max-image-preview":"max-image-preview:large","max-video-preview":"max-video-preview:-1"},"canonical":"https:\/\/ml-locations.be\/nl\/locations\/location-chaise-siege-fauteuil-cuir-noir\/","og_locale":"nl_NL","og_type":"article","og_title":"Location fauteuil simili cuir noir - si\u00e8ge une place | ML Locations","og_description":"Fauteuil en location : beau fauteuil simili cuir noir une place. Id\u00e9al pour un bar ou un salon lors de vos \u00e9v\u00e9nements. Livraison possible.","og_url":"https:\/\/ml-locations.be\/nl\/locations\/location-chaise-siege-fauteuil-cuir-noir\/","og_site_name":"ML Locations","article_modified_time":"2019-06-18T19:03:36+00:00","og_image":[{"width":800,"height":800,"url":"https:\/\/ml-locations.be\/wp-content\/uploads\/2017\/11\/Location-fauteuil-noir-1-personne-2a.jpg","type":"image\/jpeg"}],"twitter_card":"summary_large_image","twitter_misc":{"Geschatte leestijd":"1 minuut"},"schema":{"@context":"https:\/\/schema.org","@graph":[{"@type":"WebPage","@id":"https:\/\/ml-locations.be\/nl\/locations\/location-chaise-siege-fauteuil-cuir-noir\/","url":"https:\/\/ml-locations.be\/nl\/locations\/location-chaise-siege-fauteuil-cuir-noir\/","name":"Location fauteuil simili cuir noir - si\u00e8ge une place | ML Locations","isPartOf":{"@id":"https:\/\/ml-locations.be\/nl\/#website"},"primaryImageOfPage":{"@id":"https:\/\/ml-locations.be\/nl\/locations\/location-chaise-siege-fauteuil-cuir-noir\/#primaryimage"},"image":{"@id":"https:\/\/ml-locations.be\/nl\/locations\/location-chaise-siege-fauteuil-cuir-noir\/#primaryimage"},"thumbnailUrl":"https:\/\/ml-locations.be\/wp-content\/uploads\/2017\/11\/Location-fauteuil-noir-1-personne-2a.jpg","datePublished":"2017-11-30T12:52:57+00:00","dateModified":"2019-06-18T19:03:36+00:00","description":"Fauteuil en location : beau fauteuil simili cuir noir une place. Id\u00e9al pour un bar ou un salon lors de vos \u00e9v\u00e9nements. Livraison possible.","breadcrumb":{"@id":"https:\/\/ml-locations.be\/nl\/locations\/location-chaise-siege-fauteuil-cuir-noir\/#breadcrumb"},"inLanguage":"nl-NL","potentialAction":[{"@type":"ReadAction","target":["https:\/\/ml-locations.be\/nl\/locations\/location-chaise-siege-fauteuil-cuir-noir\/"]}]},{"@type":"ImageObject","inLanguage":"nl-NL","@id":"https:\/\/ml-locations.be\/nl\/locations\/location-chaise-siege-fauteuil-cuir-noir\/#primaryimage","url":"https:\/\/ml-locations.be\/wp-content\/uploads\/2017\/11\/Location-fauteuil-noir-1-personne-2a.jpg","contentUrl":"https:\/\/ml-locations.be\/wp-content\/uploads\/2017\/11\/Location-fauteuil-noir-1-personne-2a.jpg","width":800,"height":800,"caption":"Location chaise et si\u00e8ge: fauteuil noir 1 personne-2a"},{"@type":"BreadcrumbList","@id":"https:\/\/ml-locations.be\/nl\/locations\/location-chaise-siege-fauteuil-cuir-noir\/#breadcrumb","itemListElement":[{"@type":"ListItem","position":1,"name":"Accueil","item":"https:\/\/ml-locations.be\/nl\/"},{"@type":"ListItem","position":2,"name":"Winkel","item":"https:\/\/ml-locations.be\/nl\/winkel\/"},{"@type":"ListItem","position":3,"name":"Fauteuil cuir noir 1 place"}]},{"@type":"WebSite","@id":"https:\/\/ml-locations.be\/nl\/#website","url":"https:\/\/ml-locations.be\/nl\/","name":"ML Locations","description":"Mat\u00e9riel \u00e9v\u00e9nementiel : location chaise, table et mange debout, mat\u00e9riel horeca, frigos,...","publisher":{"@id":"https:\/\/ml-locations.be\/nl\/#organization"},"potentialAction":[{"@type":"SearchAction","target":{"@type":"EntryPoint","urlTemplate":"https:\/\/ml-locations.be\/nl\/?s={search_term_string}"},"query-input":{"@type":"PropertyValueSpecification","valueRequired":true,"valueName":"search_term_string"}}],"inLanguage":"nl-NL"},{"@type":"Organization","@id":"https:\/\/ml-locations.be\/nl\/#organization","name":"ML Locations","url":"https:\/\/ml-locations.be\/nl\/","logo":{"@type":"ImageObject","inLanguage":"nl-NL","@id":"https:\/\/ml-locations.be\/nl\/#\/schema\/logo\/image\/","url":"https:\/\/ml-locations.be\/wp-content\/uploads\/2018\/05\/LOGO-location-BON.png","contentUrl":"https:\/\/ml-locations.be\/wp-content\/uploads\/2018\/05\/LOGO-location-BON.png","width":1200,"height":1200,"caption":"ML Locations"},"image":{"@id":"https:\/\/ml-locations.be\/nl\/#\/schema\/logo\/image\/"}}]}},"_links":{"self":[{"href":"https:\/\/ml-locations.be\/nl\/wp-json\/wp\/v2\/product\/3904","targetHints":{"allow":["GET"]}}],"collection":[{"href":"https:\/\/ml-locations.be\/nl\/wp-json\/wp\/v2\/product"}],"about":[{"href":"https:\/\/ml-locations.be\/nl\/wp-json\/wp\/v2\/types\/product"}],"wp:featuredmedia":[{"embeddable":true,"href":"https:\/\/ml-locations.be\/nl\/wp-json\/wp\/v2\/media\/3907"}],"wp:attachment":[{"href":"https:\/\/ml-locations.be\/nl\/wp-json\/wp\/v2\/media?parent=3904"}],"wp:term":[{"taxonomy":"product_brand","embeddable":true,"href":"https:\/\/ml-locations.be\/nl\/wp-json\/wp\/v2\/product_brand?post=3904"},{"taxonomy":"product_cat","embeddable":true,"href":"https:\/\/ml-locations.be\/nl\/wp-json\/wp\/v2\/product_cat?post=3904"},{"taxonomy":"product_tag","embeddable":true,"href":"https:\/\/ml-locations.be\/nl\/wp-json\/wp\/v2\/product_tag?post=3904"}],"curies":[{"name":"wp","href":"https:\/\/api.w.org\/{rel}","templated":true}]}}