{"id":4037,"date":"2018-01-12T16:24:43","date_gmt":"2018-01-12T15:24:43","guid":{"rendered":"https:\/\/www.ml-locations.be\/?post_type=product&#038;p=4037"},"modified":"2026-03-24T15:44:07","modified_gmt":"2026-03-24T14:44:07","slug":"location-chaise-samsonite-noire","status":"publish","type":"product","link":"https:\/\/ml-locations.be\/nl\/locations\/location-chaise-samsonite-noire\/","title":{"rendered":"Chaise Samsonite noire &#8211; chaise pliante en location"},"content":{"rendered":"<p>Ces <strong>chaises en location <\/strong>(chaises pliantes Samsonite)<strong>\u00a0<\/strong>peuvent \u00eatre utilis\u00e9es \u00e0 l&#8217;int\u00e9rieur ou \u00e0 l&#8217;ext\u00e9rieur pour vos <strong>banquets<\/strong>, mariage,\u00a0<strong>\u00e9v\u00e9nements<\/strong>. Ces chaises \u00e0 louer sont tr\u00e8s compactes une fois repli\u00e9es. L&#8217;assise et le dossier des <strong>chaises<\/strong>\u00a0sont\u00a0en plastique. Ces chaises pliantes en location sont conditionn\u00e9es par rack de 50.<\/p>\n<p><strong>Dimensions de la chaise en location (Samsonite noire) :<\/strong><\/p>\n<ul>\n<li>Longueur : 45cm<\/li>\n<li>Largeur de l\u2019assise : 40cm<\/li>\n<li>Profondeur : 50cm<\/li>\n<li>Profondeur de l\u2019assise : 40cm<\/li>\n<li>Hauteur\u00a0: 81cm<\/li>\n<li>Hauteur de l\u2019assise : 45cm<\/li>\n<li>Poids : 3kg<\/li>\n<\/ul>\n<p>Consultez notre rubrique d\u00e9di\u00e9e \u00e0 la location de tables (tables rondes, rectangulaires,&#8230;) :\u00a0<a href=\"https:\/\/ml-locations.be\/location\/mobilier\/tables-et-mange-debout-en-location\/\">mange debout et tables en location<\/a><\/p>\n","protected":false},"excerpt":{"rendered":"<p><strong>Chaises en location\u00a0pour \u00e9v\u00e9nement<\/strong>\u00a0: <strong>chaise pliante Samsonite noire\u00a0<\/strong>pour vos <strong>\u00e9v\u00e9nements, r\u00e9ceptions, conf\u00e9rences<\/strong>, etc.<\/p>\n","protected":false},"featured_media":4104,"template":"","meta":{"_acf_changed":false},"product_brand":[],"product_cat":[6,12,209],"product_tag":[211,214],"class_list":{"0":"post-4037","1":"product","2":"type-product","3":"status-publish","4":"has-post-thumbnail","6":"product_cat-mobilier","7":"product_cat-location-chaises-tabourets","8":"product_cat-produits-a-la-une","9":"product_tag-location-tables-et-chaises","10":"product_tag-location-materiel-banquet","11":"description-off","13":"first","14":"instock","15":"featured","16":"taxable","17":"shipping-taxable","18":"purchasable","19":"product-type-simple"},"acf":[],"yoast_head":"<!-- This site is optimized with the Yoast SEO plugin v25.0 - https:\/\/yoast.com\/wordpress\/plugins\/seo\/ -->\n<title>Location de chaises - chaise Samsonite noire | ML Locations<\/title>\n<meta name=\"description\" content=\"Chaises pliantes en location (chaise Samsonite noire) pour vos banquets et \u00e9v\u00e9nements. Chaises fournies sur rack. Livraison possible.\" \/>\n<meta name=\"robots\" content=\"index, follow, max-snippet:-1, max-image-preview:large, max-video-preview:-1\" \/>\n<link rel=\"canonical\" href=\"https:\/\/ml-locations.be\/nl\/locations\/location-chaise-samsonite-noire\/\" \/>\n<meta property=\"og:locale\" content=\"nl_NL\" \/>\n<meta property=\"og:type\" content=\"article\" \/>\n<meta property=\"og:title\" content=\"Location de chaises - chaise Samsonite noire | ML Locations\" \/>\n<meta property=\"og:description\" content=\"Chaises pliantes en location (chaise Samsonite noire) pour vos banquets et \u00e9v\u00e9nements. Chaises fournies sur rack. Livraison possible.\" \/>\n<meta property=\"og:url\" content=\"https:\/\/ml-locations.be\/nl\/locations\/location-chaise-samsonite-noire\/\" \/>\n<meta property=\"og:site_name\" content=\"ML Locations\" \/>\n<meta property=\"article:modified_time\" content=\"2026-03-24T14:44:07+00:00\" \/>\n<meta property=\"og:image\" content=\"https:\/\/ml-locations.be\/wp-content\/uploads\/2018\/01\/Location-chaise-samsonite-noire-1.jpg\" \/>\n\t<meta property=\"og:image:width\" content=\"1000\" \/>\n\t<meta property=\"og:image:height\" content=\"1000\" \/>\n\t<meta property=\"og:image:type\" content=\"image\/jpeg\" \/>\n<meta name=\"twitter:card\" content=\"summary_large_image\" \/>\n<meta name=\"twitter:label1\" content=\"Geschatte leestijd\" \/>\n\t<meta name=\"twitter:data1\" content=\"1 minuut\" \/>\n<script type=\"application\/ld+json\" class=\"yoast-schema-graph\">{\"@context\":\"https:\/\/schema.org\",\"@graph\":[{\"@type\":\"WebPage\",\"@id\":\"https:\/\/ml-locations.be\/nl\/locations\/location-chaise-samsonite-noire\/\",\"url\":\"https:\/\/ml-locations.be\/nl\/locations\/location-chaise-samsonite-noire\/\",\"name\":\"Location de chaises - chaise Samsonite noire | ML Locations\",\"isPartOf\":{\"@id\":\"https:\/\/ml-locations.be\/nl\/#website\"},\"primaryImageOfPage\":{\"@id\":\"https:\/\/ml-locations.be\/nl\/locations\/location-chaise-samsonite-noire\/#primaryimage\"},\"image\":{\"@id\":\"https:\/\/ml-locations.be\/nl\/locations\/location-chaise-samsonite-noire\/#primaryimage\"},\"thumbnailUrl\":\"https:\/\/ml-locations.be\/wp-content\/uploads\/2018\/01\/Location-chaise-samsonite-noire-1.jpg\",\"datePublished\":\"2018-01-12T15:24:43+00:00\",\"dateModified\":\"2026-03-24T14:44:07+00:00\",\"description\":\"Chaises pliantes en location (chaise Samsonite noire) pour vos banquets et \u00e9v\u00e9nements. Chaises fournies sur rack. Livraison possible.\",\"breadcrumb\":{\"@id\":\"https:\/\/ml-locations.be\/nl\/locations\/location-chaise-samsonite-noire\/#breadcrumb\"},\"inLanguage\":\"nl-NL\",\"potentialAction\":[{\"@type\":\"ReadAction\",\"target\":[\"https:\/\/ml-locations.be\/nl\/locations\/location-chaise-samsonite-noire\/\"]}]},{\"@type\":\"ImageObject\",\"inLanguage\":\"nl-NL\",\"@id\":\"https:\/\/ml-locations.be\/nl\/locations\/location-chaise-samsonite-noire\/#primaryimage\",\"url\":\"https:\/\/ml-locations.be\/wp-content\/uploads\/2018\/01\/Location-chaise-samsonite-noire-1.jpg\",\"contentUrl\":\"https:\/\/ml-locations.be\/wp-content\/uploads\/2018\/01\/Location-chaise-samsonite-noire-1.jpg\",\"width\":1000,\"height\":1000,\"caption\":\"Location chaise samsonite noire\"},{\"@type\":\"BreadcrumbList\",\"@id\":\"https:\/\/ml-locations.be\/nl\/locations\/location-chaise-samsonite-noire\/#breadcrumb\",\"itemListElement\":[{\"@type\":\"ListItem\",\"position\":1,\"name\":\"Accueil\",\"item\":\"https:\/\/ml-locations.be\/nl\/\"},{\"@type\":\"ListItem\",\"position\":2,\"name\":\"Winkel\",\"item\":\"https:\/\/ml-locations.be\/nl\/winkel\/\"},{\"@type\":\"ListItem\",\"position\":3,\"name\":\"Chaise Samsonite noire &#8211; chaise pliante en location\"}]},{\"@type\":\"WebSite\",\"@id\":\"https:\/\/ml-locations.be\/nl\/#website\",\"url\":\"https:\/\/ml-locations.be\/nl\/\",\"name\":\"ML Locations\",\"description\":\"Mat\u00e9riel \u00e9v\u00e9nementiel : location chaise, table et mange debout, mat\u00e9riel horeca, frigos,...\",\"publisher\":{\"@id\":\"https:\/\/ml-locations.be\/nl\/#organization\"},\"potentialAction\":[{\"@type\":\"SearchAction\",\"target\":{\"@type\":\"EntryPoint\",\"urlTemplate\":\"https:\/\/ml-locations.be\/nl\/?s={search_term_string}\"},\"query-input\":{\"@type\":\"PropertyValueSpecification\",\"valueRequired\":true,\"valueName\":\"search_term_string\"}}],\"inLanguage\":\"nl-NL\"},{\"@type\":\"Organization\",\"@id\":\"https:\/\/ml-locations.be\/nl\/#organization\",\"name\":\"ML Locations\",\"url\":\"https:\/\/ml-locations.be\/nl\/\",\"logo\":{\"@type\":\"ImageObject\",\"inLanguage\":\"nl-NL\",\"@id\":\"https:\/\/ml-locations.be\/nl\/#\/schema\/logo\/image\/\",\"url\":\"https:\/\/ml-locations.be\/wp-content\/uploads\/2018\/05\/LOGO-location-BON.png\",\"contentUrl\":\"https:\/\/ml-locations.be\/wp-content\/uploads\/2018\/05\/LOGO-location-BON.png\",\"width\":1200,\"height\":1200,\"caption\":\"ML Locations\"},\"image\":{\"@id\":\"https:\/\/ml-locations.be\/nl\/#\/schema\/logo\/image\/\"}}]}<\/script>\n<!-- \/ Yoast SEO plugin. -->","yoast_head_json":{"title":"Location de chaises - chaise Samsonite noire | ML Locations","description":"Chaises pliantes en location (chaise Samsonite noire) pour vos banquets et \u00e9v\u00e9nements. Chaises fournies sur rack. Livraison possible.","robots":{"index":"index","follow":"follow","max-snippet":"max-snippet:-1","max-image-preview":"max-image-preview:large","max-video-preview":"max-video-preview:-1"},"canonical":"https:\/\/ml-locations.be\/nl\/locations\/location-chaise-samsonite-noire\/","og_locale":"nl_NL","og_type":"article","og_title":"Location de chaises - chaise Samsonite noire | ML Locations","og_description":"Chaises pliantes en location (chaise Samsonite noire) pour vos banquets et \u00e9v\u00e9nements. Chaises fournies sur rack. Livraison possible.","og_url":"https:\/\/ml-locations.be\/nl\/locations\/location-chaise-samsonite-noire\/","og_site_name":"ML Locations","article_modified_time":"2026-03-24T14:44:07+00:00","og_image":[{"width":1000,"height":1000,"url":"https:\/\/ml-locations.be\/wp-content\/uploads\/2018\/01\/Location-chaise-samsonite-noire-1.jpg","type":"image\/jpeg"}],"twitter_card":"summary_large_image","twitter_misc":{"Geschatte leestijd":"1 minuut"},"schema":{"@context":"https:\/\/schema.org","@graph":[{"@type":"WebPage","@id":"https:\/\/ml-locations.be\/nl\/locations\/location-chaise-samsonite-noire\/","url":"https:\/\/ml-locations.be\/nl\/locations\/location-chaise-samsonite-noire\/","name":"Location de chaises - chaise Samsonite noire | ML Locations","isPartOf":{"@id":"https:\/\/ml-locations.be\/nl\/#website"},"primaryImageOfPage":{"@id":"https:\/\/ml-locations.be\/nl\/locations\/location-chaise-samsonite-noire\/#primaryimage"},"image":{"@id":"https:\/\/ml-locations.be\/nl\/locations\/location-chaise-samsonite-noire\/#primaryimage"},"thumbnailUrl":"https:\/\/ml-locations.be\/wp-content\/uploads\/2018\/01\/Location-chaise-samsonite-noire-1.jpg","datePublished":"2018-01-12T15:24:43+00:00","dateModified":"2026-03-24T14:44:07+00:00","description":"Chaises pliantes en location (chaise Samsonite noire) pour vos banquets et \u00e9v\u00e9nements. Chaises fournies sur rack. Livraison possible.","breadcrumb":{"@id":"https:\/\/ml-locations.be\/nl\/locations\/location-chaise-samsonite-noire\/#breadcrumb"},"inLanguage":"nl-NL","potentialAction":[{"@type":"ReadAction","target":["https:\/\/ml-locations.be\/nl\/locations\/location-chaise-samsonite-noire\/"]}]},{"@type":"ImageObject","inLanguage":"nl-NL","@id":"https:\/\/ml-locations.be\/nl\/locations\/location-chaise-samsonite-noire\/#primaryimage","url":"https:\/\/ml-locations.be\/wp-content\/uploads\/2018\/01\/Location-chaise-samsonite-noire-1.jpg","contentUrl":"https:\/\/ml-locations.be\/wp-content\/uploads\/2018\/01\/Location-chaise-samsonite-noire-1.jpg","width":1000,"height":1000,"caption":"Location chaise samsonite noire"},{"@type":"BreadcrumbList","@id":"https:\/\/ml-locations.be\/nl\/locations\/location-chaise-samsonite-noire\/#breadcrumb","itemListElement":[{"@type":"ListItem","position":1,"name":"Accueil","item":"https:\/\/ml-locations.be\/nl\/"},{"@type":"ListItem","position":2,"name":"Winkel","item":"https:\/\/ml-locations.be\/nl\/winkel\/"},{"@type":"ListItem","position":3,"name":"Chaise Samsonite noire &#8211; chaise pliante en location"}]},{"@type":"WebSite","@id":"https:\/\/ml-locations.be\/nl\/#website","url":"https:\/\/ml-locations.be\/nl\/","name":"ML Locations","description":"Mat\u00e9riel \u00e9v\u00e9nementiel : location chaise, table et mange debout, mat\u00e9riel horeca, frigos,...","publisher":{"@id":"https:\/\/ml-locations.be\/nl\/#organization"},"potentialAction":[{"@type":"SearchAction","target":{"@type":"EntryPoint","urlTemplate":"https:\/\/ml-locations.be\/nl\/?s={search_term_string}"},"query-input":{"@type":"PropertyValueSpecification","valueRequired":true,"valueName":"search_term_string"}}],"inLanguage":"nl-NL"},{"@type":"Organization","@id":"https:\/\/ml-locations.be\/nl\/#organization","name":"ML Locations","url":"https:\/\/ml-locations.be\/nl\/","logo":{"@type":"ImageObject","inLanguage":"nl-NL","@id":"https:\/\/ml-locations.be\/nl\/#\/schema\/logo\/image\/","url":"https:\/\/ml-locations.be\/wp-content\/uploads\/2018\/05\/LOGO-location-BON.png","contentUrl":"https:\/\/ml-locations.be\/wp-content\/uploads\/2018\/05\/LOGO-location-BON.png","width":1200,"height":1200,"caption":"ML Locations"},"image":{"@id":"https:\/\/ml-locations.be\/nl\/#\/schema\/logo\/image\/"}}]}},"_links":{"self":[{"href":"https:\/\/ml-locations.be\/nl\/wp-json\/wp\/v2\/product\/4037","targetHints":{"allow":["GET"]}}],"collection":[{"href":"https:\/\/ml-locations.be\/nl\/wp-json\/wp\/v2\/product"}],"about":[{"href":"https:\/\/ml-locations.be\/nl\/wp-json\/wp\/v2\/types\/product"}],"wp:featuredmedia":[{"embeddable":true,"href":"https:\/\/ml-locations.be\/nl\/wp-json\/wp\/v2\/media\/4104"}],"wp:attachment":[{"href":"https:\/\/ml-locations.be\/nl\/wp-json\/wp\/v2\/media?parent=4037"}],"wp:term":[{"taxonomy":"product_brand","embeddable":true,"href":"https:\/\/ml-locations.be\/nl\/wp-json\/wp\/v2\/product_brand?post=4037"},{"taxonomy":"product_cat","embeddable":true,"href":"https:\/\/ml-locations.be\/nl\/wp-json\/wp\/v2\/product_cat?post=4037"},{"taxonomy":"product_tag","embeddable":true,"href":"https:\/\/ml-locations.be\/nl\/wp-json\/wp\/v2\/product_tag?post=4037"}],"curies":[{"name":"wp","href":"https:\/\/api.w.org\/{rel}","templated":true}]}}