{"id":4149,"date":"2018-02-05T12:57:47","date_gmt":"2018-02-05T11:57:47","guid":{"rendered":"https:\/\/www.ml-locations.be?post_type=product&#038;p=4149"},"modified":"2024-04-15T14:51:25","modified_gmt":"2024-04-15T12:51:25","slug":"location-gastronorme-gn1-1-hauteur-10cm","status":"publish","type":"product","link":"https:\/\/ml-locations.be\/nl\/locations\/location-gastronorme-gn1-1-hauteur-10cm\/","title":{"rendered":"Gastronorme GN1\/1 en inox &#8211; Hauteur 10cm"},"content":{"rendered":"<p>Bac alimentaire gastronorme GN1\/1 en inox (hauteur 10cm, contenance 10 litres) parfait pour le transport, la pr\u00e9paration, la cuisson, la conservation de vos plats lors de buffets, banquets de mariage et autres \u00e9v\u00e9nements. Les bacs gastronorme ont des dimensions standards et sont disponibles en plusieurs tailles.<\/p>\n<p>Parfaitement adapt\u00e9s \u00e0 nos <a href=\"https:\/\/ml-locations.be\/locations\/bain-marie-electrique\/\">bain-marie en location<\/a>\u00a0, ces gastronormes sont fait pour exposer, pr\u00e9parer, r\u00e9chauffer les aliments. Ces plats gastronormes sont tr\u00e8s robustes, is ont une finition parfaite et une qualit\u00e9 d&#8217;inox irr\u00e9prochable.<\/p>\n<p><strong>Dimensions du gastronorme GN1\/1 :<\/strong><\/p>\n<ul>\n<li>Longueur : 53 cm<\/li>\n<li>Largeur : 32,5 cm<\/li>\n<li>Hauteur : 10 cm<\/li>\n<li>Capacit\u00e9 : 13 litres<\/li>\n<\/ul>\n<p>Possibilit\u00e9 de louer le couvercle de bac gastronorme.<\/p>\n","protected":false},"excerpt":{"rendered":"<p>Bac gastronorme en location : gastro inox GN1\/1 hauteur 10 cm, pour pr\u00e9parer, r\u00e9chauffer, conserver les aliments.<\/p>\n","protected":false},"featured_media":4164,"template":"","meta":{"_acf_changed":false},"product_brand":[],"product_cat":[29,34],"product_tag":[240,214],"class_list":{"0":"post-4149","1":"product","2":"type-product","3":"status-publish","4":"has-post-thumbnail","6":"product_cat-materiel-horeca-en-location","7":"product_cat-location-materiel-cuisine-et-buffet","8":"product_tag-bacs-gn-gastronormes-en-location","9":"product_tag-location-materiel-banquet","10":"description-off","12":"first","13":"instock","14":"taxable","15":"shipping-taxable","16":"purchasable","17":"product-type-simple"},"acf":[],"yoast_head":"<!-- This site is optimized with the Yoast SEO plugin v25.0 - https:\/\/yoast.com\/wordpress\/plugins\/seo\/ -->\n<title>Bac Gastronorme GN1\/1 H=10cm - Gastronorme en location | ML Locations<\/title>\n<meta name=\"description\" content=\"Bac gastronorme en location pour vos buffets et \u00e9v\u00e9nements : gastronorme GN1\/1 hauteur 10 cm. Diff\u00e9rentes tailles et mod\u00e8les. Devis gratuit - Service de livraison.\" \/>\n<meta name=\"robots\" content=\"index, follow, max-snippet:-1, max-image-preview:large, max-video-preview:-1\" \/>\n<link rel=\"canonical\" href=\"https:\/\/ml-locations.be\/nl\/locations\/location-gastronorme-gn1-1-hauteur-10cm\/\" \/>\n<meta property=\"og:locale\" content=\"nl_NL\" \/>\n<meta property=\"og:type\" content=\"article\" \/>\n<meta property=\"og:title\" content=\"Bac Gastronorme GN1\/1 H=10cm - Gastronorme en location | ML Locations\" \/>\n<meta property=\"og:description\" content=\"Bac gastronorme en location pour vos buffets et \u00e9v\u00e9nements : gastronorme GN1\/1 hauteur 10 cm. Diff\u00e9rentes tailles et mod\u00e8les. Devis gratuit - Service de livraison.\" \/>\n<meta property=\"og:url\" content=\"https:\/\/ml-locations.be\/nl\/locations\/location-gastronorme-gn1-1-hauteur-10cm\/\" \/>\n<meta property=\"og:site_name\" content=\"ML Locations\" \/>\n<meta property=\"article:modified_time\" content=\"2024-04-15T12:51:25+00:00\" \/>\n<meta property=\"og:image\" content=\"https:\/\/ml-locations.be\/wp-content\/uploads\/2018\/02\/Location-bac-gastronorme-GN1-1-h10cm.jpg\" \/>\n\t<meta property=\"og:image:width\" content=\"800\" \/>\n\t<meta property=\"og:image:height\" content=\"800\" \/>\n\t<meta property=\"og:image:type\" content=\"image\/jpeg\" \/>\n<meta name=\"twitter:card\" content=\"summary_large_image\" \/>\n<meta name=\"twitter:label1\" content=\"Geschatte leestijd\" \/>\n\t<meta name=\"twitter:data1\" content=\"1 minuut\" \/>\n<script type=\"application\/ld+json\" class=\"yoast-schema-graph\">{\"@context\":\"https:\/\/schema.org\",\"@graph\":[{\"@type\":\"WebPage\",\"@id\":\"https:\/\/ml-locations.be\/nl\/locations\/location-gastronorme-gn1-1-hauteur-10cm\/\",\"url\":\"https:\/\/ml-locations.be\/nl\/locations\/location-gastronorme-gn1-1-hauteur-10cm\/\",\"name\":\"Bac Gastronorme GN1\/1 H=10cm - Gastronorme en location | ML Locations\",\"isPartOf\":{\"@id\":\"https:\/\/ml-locations.be\/nl\/#website\"},\"primaryImageOfPage\":{\"@id\":\"https:\/\/ml-locations.be\/nl\/locations\/location-gastronorme-gn1-1-hauteur-10cm\/#primaryimage\"},\"image\":{\"@id\":\"https:\/\/ml-locations.be\/nl\/locations\/location-gastronorme-gn1-1-hauteur-10cm\/#primaryimage\"},\"thumbnailUrl\":\"https:\/\/ml-locations.be\/wp-content\/uploads\/2018\/02\/Location-bac-gastronorme-GN1-1-h10cm.jpg\",\"datePublished\":\"2018-02-05T11:57:47+00:00\",\"dateModified\":\"2024-04-15T12:51:25+00:00\",\"description\":\"Bac gastronorme en location pour vos buffets et \u00e9v\u00e9nements : gastronorme GN1\/1 hauteur 10 cm. Diff\u00e9rentes tailles et mod\u00e8les. Devis gratuit - Service de livraison.\",\"breadcrumb\":{\"@id\":\"https:\/\/ml-locations.be\/nl\/locations\/location-gastronorme-gn1-1-hauteur-10cm\/#breadcrumb\"},\"inLanguage\":\"nl-NL\",\"potentialAction\":[{\"@type\":\"ReadAction\",\"target\":[\"https:\/\/ml-locations.be\/nl\/locations\/location-gastronorme-gn1-1-hauteur-10cm\/\"]}]},{\"@type\":\"ImageObject\",\"inLanguage\":\"nl-NL\",\"@id\":\"https:\/\/ml-locations.be\/nl\/locations\/location-gastronorme-gn1-1-hauteur-10cm\/#primaryimage\",\"url\":\"https:\/\/ml-locations.be\/wp-content\/uploads\/2018\/02\/Location-bac-gastronorme-GN1-1-h10cm.jpg\",\"contentUrl\":\"https:\/\/ml-locations.be\/wp-content\/uploads\/2018\/02\/Location-bac-gastronorme-GN1-1-h10cm.jpg\",\"width\":800,\"height\":800,\"caption\":\"Location gastronorme GN1\/1 bac inox\"},{\"@type\":\"BreadcrumbList\",\"@id\":\"https:\/\/ml-locations.be\/nl\/locations\/location-gastronorme-gn1-1-hauteur-10cm\/#breadcrumb\",\"itemListElement\":[{\"@type\":\"ListItem\",\"position\":1,\"name\":\"Accueil\",\"item\":\"https:\/\/ml-locations.be\/nl\/\"},{\"@type\":\"ListItem\",\"position\":2,\"name\":\"Winkel\",\"item\":\"https:\/\/ml-locations.be\/nl\/winkel\/\"},{\"@type\":\"ListItem\",\"position\":3,\"name\":\"Gastronorme GN1\/1 en inox &#8211; Hauteur 10cm\"}]},{\"@type\":\"WebSite\",\"@id\":\"https:\/\/ml-locations.be\/nl\/#website\",\"url\":\"https:\/\/ml-locations.be\/nl\/\",\"name\":\"ML Locations\",\"description\":\"Mat\u00e9riel \u00e9v\u00e9nementiel : location chaise, table et mange debout, mat\u00e9riel horeca, frigos,...\",\"publisher\":{\"@id\":\"https:\/\/ml-locations.be\/nl\/#organization\"},\"potentialAction\":[{\"@type\":\"SearchAction\",\"target\":{\"@type\":\"EntryPoint\",\"urlTemplate\":\"https:\/\/ml-locations.be\/nl\/?s={search_term_string}\"},\"query-input\":{\"@type\":\"PropertyValueSpecification\",\"valueRequired\":true,\"valueName\":\"search_term_string\"}}],\"inLanguage\":\"nl-NL\"},{\"@type\":\"Organization\",\"@id\":\"https:\/\/ml-locations.be\/nl\/#organization\",\"name\":\"ML Locations\",\"url\":\"https:\/\/ml-locations.be\/nl\/\",\"logo\":{\"@type\":\"ImageObject\",\"inLanguage\":\"nl-NL\",\"@id\":\"https:\/\/ml-locations.be\/nl\/#\/schema\/logo\/image\/\",\"url\":\"https:\/\/ml-locations.be\/wp-content\/uploads\/2018\/05\/LOGO-location-BON.png\",\"contentUrl\":\"https:\/\/ml-locations.be\/wp-content\/uploads\/2018\/05\/LOGO-location-BON.png\",\"width\":1200,\"height\":1200,\"caption\":\"ML Locations\"},\"image\":{\"@id\":\"https:\/\/ml-locations.be\/nl\/#\/schema\/logo\/image\/\"}}]}<\/script>\n<!-- \/ Yoast SEO plugin. -->","yoast_head_json":{"title":"Bac Gastronorme GN1\/1 H=10cm - Gastronorme en location | ML Locations","description":"Bac gastronorme en location pour vos buffets et \u00e9v\u00e9nements : gastronorme GN1\/1 hauteur 10 cm. Diff\u00e9rentes tailles et mod\u00e8les. Devis gratuit - Service de livraison.","robots":{"index":"index","follow":"follow","max-snippet":"max-snippet:-1","max-image-preview":"max-image-preview:large","max-video-preview":"max-video-preview:-1"},"canonical":"https:\/\/ml-locations.be\/nl\/locations\/location-gastronorme-gn1-1-hauteur-10cm\/","og_locale":"nl_NL","og_type":"article","og_title":"Bac Gastronorme GN1\/1 H=10cm - Gastronorme en location | ML Locations","og_description":"Bac gastronorme en location pour vos buffets et \u00e9v\u00e9nements : gastronorme GN1\/1 hauteur 10 cm. Diff\u00e9rentes tailles et mod\u00e8les. Devis gratuit - Service de livraison.","og_url":"https:\/\/ml-locations.be\/nl\/locations\/location-gastronorme-gn1-1-hauteur-10cm\/","og_site_name":"ML Locations","article_modified_time":"2024-04-15T12:51:25+00:00","og_image":[{"width":800,"height":800,"url":"https:\/\/ml-locations.be\/wp-content\/uploads\/2018\/02\/Location-bac-gastronorme-GN1-1-h10cm.jpg","type":"image\/jpeg"}],"twitter_card":"summary_large_image","twitter_misc":{"Geschatte leestijd":"1 minuut"},"schema":{"@context":"https:\/\/schema.org","@graph":[{"@type":"WebPage","@id":"https:\/\/ml-locations.be\/nl\/locations\/location-gastronorme-gn1-1-hauteur-10cm\/","url":"https:\/\/ml-locations.be\/nl\/locations\/location-gastronorme-gn1-1-hauteur-10cm\/","name":"Bac Gastronorme GN1\/1 H=10cm - Gastronorme en location | ML Locations","isPartOf":{"@id":"https:\/\/ml-locations.be\/nl\/#website"},"primaryImageOfPage":{"@id":"https:\/\/ml-locations.be\/nl\/locations\/location-gastronorme-gn1-1-hauteur-10cm\/#primaryimage"},"image":{"@id":"https:\/\/ml-locations.be\/nl\/locations\/location-gastronorme-gn1-1-hauteur-10cm\/#primaryimage"},"thumbnailUrl":"https:\/\/ml-locations.be\/wp-content\/uploads\/2018\/02\/Location-bac-gastronorme-GN1-1-h10cm.jpg","datePublished":"2018-02-05T11:57:47+00:00","dateModified":"2024-04-15T12:51:25+00:00","description":"Bac gastronorme en location pour vos buffets et \u00e9v\u00e9nements : gastronorme GN1\/1 hauteur 10 cm. Diff\u00e9rentes tailles et mod\u00e8les. Devis gratuit - Service de livraison.","breadcrumb":{"@id":"https:\/\/ml-locations.be\/nl\/locations\/location-gastronorme-gn1-1-hauteur-10cm\/#breadcrumb"},"inLanguage":"nl-NL","potentialAction":[{"@type":"ReadAction","target":["https:\/\/ml-locations.be\/nl\/locations\/location-gastronorme-gn1-1-hauteur-10cm\/"]}]},{"@type":"ImageObject","inLanguage":"nl-NL","@id":"https:\/\/ml-locations.be\/nl\/locations\/location-gastronorme-gn1-1-hauteur-10cm\/#primaryimage","url":"https:\/\/ml-locations.be\/wp-content\/uploads\/2018\/02\/Location-bac-gastronorme-GN1-1-h10cm.jpg","contentUrl":"https:\/\/ml-locations.be\/wp-content\/uploads\/2018\/02\/Location-bac-gastronorme-GN1-1-h10cm.jpg","width":800,"height":800,"caption":"Location gastronorme GN1\/1 bac inox"},{"@type":"BreadcrumbList","@id":"https:\/\/ml-locations.be\/nl\/locations\/location-gastronorme-gn1-1-hauteur-10cm\/#breadcrumb","itemListElement":[{"@type":"ListItem","position":1,"name":"Accueil","item":"https:\/\/ml-locations.be\/nl\/"},{"@type":"ListItem","position":2,"name":"Winkel","item":"https:\/\/ml-locations.be\/nl\/winkel\/"},{"@type":"ListItem","position":3,"name":"Gastronorme GN1\/1 en inox &#8211; Hauteur 10cm"}]},{"@type":"WebSite","@id":"https:\/\/ml-locations.be\/nl\/#website","url":"https:\/\/ml-locations.be\/nl\/","name":"ML Locations","description":"Mat\u00e9riel \u00e9v\u00e9nementiel : location chaise, table et mange debout, mat\u00e9riel horeca, frigos,...","publisher":{"@id":"https:\/\/ml-locations.be\/nl\/#organization"},"potentialAction":[{"@type":"SearchAction","target":{"@type":"EntryPoint","urlTemplate":"https:\/\/ml-locations.be\/nl\/?s={search_term_string}"},"query-input":{"@type":"PropertyValueSpecification","valueRequired":true,"valueName":"search_term_string"}}],"inLanguage":"nl-NL"},{"@type":"Organization","@id":"https:\/\/ml-locations.be\/nl\/#organization","name":"ML Locations","url":"https:\/\/ml-locations.be\/nl\/","logo":{"@type":"ImageObject","inLanguage":"nl-NL","@id":"https:\/\/ml-locations.be\/nl\/#\/schema\/logo\/image\/","url":"https:\/\/ml-locations.be\/wp-content\/uploads\/2018\/05\/LOGO-location-BON.png","contentUrl":"https:\/\/ml-locations.be\/wp-content\/uploads\/2018\/05\/LOGO-location-BON.png","width":1200,"height":1200,"caption":"ML Locations"},"image":{"@id":"https:\/\/ml-locations.be\/nl\/#\/schema\/logo\/image\/"}}]}},"_links":{"self":[{"href":"https:\/\/ml-locations.be\/nl\/wp-json\/wp\/v2\/product\/4149","targetHints":{"allow":["GET"]}}],"collection":[{"href":"https:\/\/ml-locations.be\/nl\/wp-json\/wp\/v2\/product"}],"about":[{"href":"https:\/\/ml-locations.be\/nl\/wp-json\/wp\/v2\/types\/product"}],"wp:featuredmedia":[{"embeddable":true,"href":"https:\/\/ml-locations.be\/nl\/wp-json\/wp\/v2\/media\/4164"}],"wp:attachment":[{"href":"https:\/\/ml-locations.be\/nl\/wp-json\/wp\/v2\/media?parent=4149"}],"wp:term":[{"taxonomy":"product_brand","embeddable":true,"href":"https:\/\/ml-locations.be\/nl\/wp-json\/wp\/v2\/product_brand?post=4149"},{"taxonomy":"product_cat","embeddable":true,"href":"https:\/\/ml-locations.be\/nl\/wp-json\/wp\/v2\/product_cat?post=4149"},{"taxonomy":"product_tag","embeddable":true,"href":"https:\/\/ml-locations.be\/nl\/wp-json\/wp\/v2\/product_tag?post=4149"}],"curies":[{"name":"wp","href":"https:\/\/api.w.org\/{rel}","templated":true}]}}