{"id":4152,"date":"2018-02-05T15:17:58","date_gmt":"2018-02-05T14:17:58","guid":{"rendered":"https:\/\/www.ml-locations.be?post_type=product&#038;p=4152"},"modified":"2018-02-05T15:31:02","modified_gmt":"2018-02-05T14:31:02","slug":"location-echelle-assiettes-escamotable","status":"publish","type":"product","link":"https:\/\/ml-locations.be\/nl\/locations\/location-echelle-assiettes-escamotable\/","title":{"rendered":"Echelle pour assiettes (84 assiettes)"},"content":{"rendered":"<p>Ce porte assiettes dress\u00e9es escamotable est tr\u00e8s pratique pour optimiser l&#8217;espace disponible en cuisine, chambre froide, etc lors de la pr\u00e9paration de buffet. Cette \u00e9chelle a assiette peut contenir 84 assiettes. Porte assiette en inox\u00a0avec 4 roues pivotantes, desquelles 2 avec frein \u00e0 pied. Le porte assiette se replie pour un encombrement minimum lorsqu&#8217;il est inutilis\u00e9.<\/p>\n<p><strong>Dimension de l&#8217;\u00e9chelle pour assiette :\u00a0<\/strong><\/p>\n<ul>\n<li>Largeur : 48 cm<\/li>\n<li>Longueur : 48 cm<\/li>\n<li>Hauteur : 127 cm<\/li>\n<\/ul>\n","protected":false},"excerpt":{"rendered":"<p>Echelle en inox pour assiettes : porte assiettes dress\u00e9es escamotable (84 assiettes), le porte assiette se replie pour un gain de place lorsqu&#8217;il est inutilis\u00e9.<\/p>\n","protected":false},"featured_media":4154,"template":"","meta":{"_acf_changed":false},"product_brand":[],"product_cat":[29,34],"product_tag":[214],"class_list":{"0":"post-4152","1":"product","2":"type-product","3":"status-publish","4":"has-post-thumbnail","6":"product_cat-materiel-horeca-en-location","7":"product_cat-location-materiel-cuisine-et-buffet","8":"product_tag-location-materiel-banquet","9":"description-off","11":"first","12":"instock","13":"taxable","14":"shipping-taxable","15":"purchasable","16":"product-type-simple"},"acf":[],"yoast_head":"<!-- This site is optimized with the Yoast SEO plugin v25.0 - https:\/\/yoast.com\/wordpress\/plugins\/seo\/ -->\n<title>Location echelle pour assiettes (84 assiettes) | ML Locations<\/title>\n<meta name=\"description\" content=\"Porte assiettes escamotable en inox \u00e0 louer : \u00e9chelle \u00e0 assiettes pour 84 assiettes. Mat\u00e9riel horeca - Devis gratuit - Livraison possible.\" \/>\n<meta name=\"robots\" content=\"index, follow, max-snippet:-1, max-image-preview:large, max-video-preview:-1\" \/>\n<link rel=\"canonical\" href=\"https:\/\/ml-locations.be\/nl\/locations\/location-echelle-assiettes-escamotable\/\" \/>\n<meta property=\"og:locale\" content=\"nl_NL\" \/>\n<meta property=\"og:type\" content=\"article\" \/>\n<meta property=\"og:title\" content=\"Location echelle pour assiettes (84 assiettes) | ML Locations\" \/>\n<meta property=\"og:description\" content=\"Porte assiettes escamotable en inox \u00e0 louer : \u00e9chelle \u00e0 assiettes pour 84 assiettes. Mat\u00e9riel horeca - Devis gratuit - Livraison possible.\" \/>\n<meta property=\"og:url\" content=\"https:\/\/ml-locations.be\/nl\/locations\/location-echelle-assiettes-escamotable\/\" \/>\n<meta property=\"og:site_name\" content=\"ML Locations\" \/>\n<meta property=\"article:modified_time\" content=\"2018-02-05T14:31:02+00:00\" \/>\n<meta property=\"og:image\" content=\"https:\/\/ml-locations.be\/wp-content\/uploads\/2018\/02\/Location-echelle-assiette-porte-assiette.jpg\" \/>\n\t<meta property=\"og:image:width\" content=\"500\" \/>\n\t<meta property=\"og:image:height\" content=\"500\" \/>\n\t<meta property=\"og:image:type\" content=\"image\/jpeg\" \/>\n<meta name=\"twitter:card\" content=\"summary_large_image\" \/>\n<script type=\"application\/ld+json\" class=\"yoast-schema-graph\">{\"@context\":\"https:\/\/schema.org\",\"@graph\":[{\"@type\":\"WebPage\",\"@id\":\"https:\/\/ml-locations.be\/nl\/locations\/location-echelle-assiettes-escamotable\/\",\"url\":\"https:\/\/ml-locations.be\/nl\/locations\/location-echelle-assiettes-escamotable\/\",\"name\":\"Location echelle pour assiettes (84 assiettes) | ML Locations\",\"isPartOf\":{\"@id\":\"https:\/\/ml-locations.be\/nl\/#website\"},\"primaryImageOfPage\":{\"@id\":\"https:\/\/ml-locations.be\/nl\/locations\/location-echelle-assiettes-escamotable\/#primaryimage\"},\"image\":{\"@id\":\"https:\/\/ml-locations.be\/nl\/locations\/location-echelle-assiettes-escamotable\/#primaryimage\"},\"thumbnailUrl\":\"https:\/\/ml-locations.be\/wp-content\/uploads\/2018\/02\/Location-echelle-assiette-porte-assiette.jpg\",\"datePublished\":\"2018-02-05T14:17:58+00:00\",\"dateModified\":\"2018-02-05T14:31:02+00:00\",\"description\":\"Porte assiettes escamotable en inox \u00e0 louer : \u00e9chelle \u00e0 assiettes pour 84 assiettes. Mat\u00e9riel horeca - Devis gratuit - Livraison possible.\",\"breadcrumb\":{\"@id\":\"https:\/\/ml-locations.be\/nl\/locations\/location-echelle-assiettes-escamotable\/#breadcrumb\"},\"inLanguage\":\"nl-NL\",\"potentialAction\":[{\"@type\":\"ReadAction\",\"target\":[\"https:\/\/ml-locations.be\/nl\/locations\/location-echelle-assiettes-escamotable\/\"]}]},{\"@type\":\"ImageObject\",\"inLanguage\":\"nl-NL\",\"@id\":\"https:\/\/ml-locations.be\/nl\/locations\/location-echelle-assiettes-escamotable\/#primaryimage\",\"url\":\"https:\/\/ml-locations.be\/wp-content\/uploads\/2018\/02\/Location-echelle-assiette-porte-assiette.jpg\",\"contentUrl\":\"https:\/\/ml-locations.be\/wp-content\/uploads\/2018\/02\/Location-echelle-assiette-porte-assiette.jpg\",\"width\":500,\"height\":500,\"caption\":\"Location echelle porte assiette\"},{\"@type\":\"BreadcrumbList\",\"@id\":\"https:\/\/ml-locations.be\/nl\/locations\/location-echelle-assiettes-escamotable\/#breadcrumb\",\"itemListElement\":[{\"@type\":\"ListItem\",\"position\":1,\"name\":\"Accueil\",\"item\":\"https:\/\/ml-locations.be\/nl\/\"},{\"@type\":\"ListItem\",\"position\":2,\"name\":\"Winkel\",\"item\":\"https:\/\/ml-locations.be\/nl\/winkel\/\"},{\"@type\":\"ListItem\",\"position\":3,\"name\":\"Echelle pour assiettes (84 assiettes)\"}]},{\"@type\":\"WebSite\",\"@id\":\"https:\/\/ml-locations.be\/nl\/#website\",\"url\":\"https:\/\/ml-locations.be\/nl\/\",\"name\":\"ML Locations\",\"description\":\"Mat\u00e9riel \u00e9v\u00e9nementiel : location chaise, table et mange debout, mat\u00e9riel horeca, frigos,...\",\"publisher\":{\"@id\":\"https:\/\/ml-locations.be\/nl\/#organization\"},\"potentialAction\":[{\"@type\":\"SearchAction\",\"target\":{\"@type\":\"EntryPoint\",\"urlTemplate\":\"https:\/\/ml-locations.be\/nl\/?s={search_term_string}\"},\"query-input\":{\"@type\":\"PropertyValueSpecification\",\"valueRequired\":true,\"valueName\":\"search_term_string\"}}],\"inLanguage\":\"nl-NL\"},{\"@type\":\"Organization\",\"@id\":\"https:\/\/ml-locations.be\/nl\/#organization\",\"name\":\"ML Locations\",\"url\":\"https:\/\/ml-locations.be\/nl\/\",\"logo\":{\"@type\":\"ImageObject\",\"inLanguage\":\"nl-NL\",\"@id\":\"https:\/\/ml-locations.be\/nl\/#\/schema\/logo\/image\/\",\"url\":\"https:\/\/ml-locations.be\/wp-content\/uploads\/2018\/05\/LOGO-location-BON.png\",\"contentUrl\":\"https:\/\/ml-locations.be\/wp-content\/uploads\/2018\/05\/LOGO-location-BON.png\",\"width\":1200,\"height\":1200,\"caption\":\"ML Locations\"},\"image\":{\"@id\":\"https:\/\/ml-locations.be\/nl\/#\/schema\/logo\/image\/\"}}]}<\/script>\n<!-- \/ Yoast SEO plugin. -->","yoast_head_json":{"title":"Location echelle pour assiettes (84 assiettes) | ML Locations","description":"Porte assiettes escamotable en inox \u00e0 louer : \u00e9chelle \u00e0 assiettes pour 84 assiettes. Mat\u00e9riel horeca - Devis gratuit - Livraison possible.","robots":{"index":"index","follow":"follow","max-snippet":"max-snippet:-1","max-image-preview":"max-image-preview:large","max-video-preview":"max-video-preview:-1"},"canonical":"https:\/\/ml-locations.be\/nl\/locations\/location-echelle-assiettes-escamotable\/","og_locale":"nl_NL","og_type":"article","og_title":"Location echelle pour assiettes (84 assiettes) | ML Locations","og_description":"Porte assiettes escamotable en inox \u00e0 louer : \u00e9chelle \u00e0 assiettes pour 84 assiettes. Mat\u00e9riel horeca - Devis gratuit - Livraison possible.","og_url":"https:\/\/ml-locations.be\/nl\/locations\/location-echelle-assiettes-escamotable\/","og_site_name":"ML Locations","article_modified_time":"2018-02-05T14:31:02+00:00","og_image":[{"width":500,"height":500,"url":"https:\/\/ml-locations.be\/wp-content\/uploads\/2018\/02\/Location-echelle-assiette-porte-assiette.jpg","type":"image\/jpeg"}],"twitter_card":"summary_large_image","schema":{"@context":"https:\/\/schema.org","@graph":[{"@type":"WebPage","@id":"https:\/\/ml-locations.be\/nl\/locations\/location-echelle-assiettes-escamotable\/","url":"https:\/\/ml-locations.be\/nl\/locations\/location-echelle-assiettes-escamotable\/","name":"Location echelle pour assiettes (84 assiettes) | ML Locations","isPartOf":{"@id":"https:\/\/ml-locations.be\/nl\/#website"},"primaryImageOfPage":{"@id":"https:\/\/ml-locations.be\/nl\/locations\/location-echelle-assiettes-escamotable\/#primaryimage"},"image":{"@id":"https:\/\/ml-locations.be\/nl\/locations\/location-echelle-assiettes-escamotable\/#primaryimage"},"thumbnailUrl":"https:\/\/ml-locations.be\/wp-content\/uploads\/2018\/02\/Location-echelle-assiette-porte-assiette.jpg","datePublished":"2018-02-05T14:17:58+00:00","dateModified":"2018-02-05T14:31:02+00:00","description":"Porte assiettes escamotable en inox \u00e0 louer : \u00e9chelle \u00e0 assiettes pour 84 assiettes. Mat\u00e9riel horeca - Devis gratuit - Livraison possible.","breadcrumb":{"@id":"https:\/\/ml-locations.be\/nl\/locations\/location-echelle-assiettes-escamotable\/#breadcrumb"},"inLanguage":"nl-NL","potentialAction":[{"@type":"ReadAction","target":["https:\/\/ml-locations.be\/nl\/locations\/location-echelle-assiettes-escamotable\/"]}]},{"@type":"ImageObject","inLanguage":"nl-NL","@id":"https:\/\/ml-locations.be\/nl\/locations\/location-echelle-assiettes-escamotable\/#primaryimage","url":"https:\/\/ml-locations.be\/wp-content\/uploads\/2018\/02\/Location-echelle-assiette-porte-assiette.jpg","contentUrl":"https:\/\/ml-locations.be\/wp-content\/uploads\/2018\/02\/Location-echelle-assiette-porte-assiette.jpg","width":500,"height":500,"caption":"Location echelle porte assiette"},{"@type":"BreadcrumbList","@id":"https:\/\/ml-locations.be\/nl\/locations\/location-echelle-assiettes-escamotable\/#breadcrumb","itemListElement":[{"@type":"ListItem","position":1,"name":"Accueil","item":"https:\/\/ml-locations.be\/nl\/"},{"@type":"ListItem","position":2,"name":"Winkel","item":"https:\/\/ml-locations.be\/nl\/winkel\/"},{"@type":"ListItem","position":3,"name":"Echelle pour assiettes (84 assiettes)"}]},{"@type":"WebSite","@id":"https:\/\/ml-locations.be\/nl\/#website","url":"https:\/\/ml-locations.be\/nl\/","name":"ML Locations","description":"Mat\u00e9riel \u00e9v\u00e9nementiel : location chaise, table et mange debout, mat\u00e9riel horeca, frigos,...","publisher":{"@id":"https:\/\/ml-locations.be\/nl\/#organization"},"potentialAction":[{"@type":"SearchAction","target":{"@type":"EntryPoint","urlTemplate":"https:\/\/ml-locations.be\/nl\/?s={search_term_string}"},"query-input":{"@type":"PropertyValueSpecification","valueRequired":true,"valueName":"search_term_string"}}],"inLanguage":"nl-NL"},{"@type":"Organization","@id":"https:\/\/ml-locations.be\/nl\/#organization","name":"ML Locations","url":"https:\/\/ml-locations.be\/nl\/","logo":{"@type":"ImageObject","inLanguage":"nl-NL","@id":"https:\/\/ml-locations.be\/nl\/#\/schema\/logo\/image\/","url":"https:\/\/ml-locations.be\/wp-content\/uploads\/2018\/05\/LOGO-location-BON.png","contentUrl":"https:\/\/ml-locations.be\/wp-content\/uploads\/2018\/05\/LOGO-location-BON.png","width":1200,"height":1200,"caption":"ML Locations"},"image":{"@id":"https:\/\/ml-locations.be\/nl\/#\/schema\/logo\/image\/"}}]}},"_links":{"self":[{"href":"https:\/\/ml-locations.be\/nl\/wp-json\/wp\/v2\/product\/4152","targetHints":{"allow":["GET"]}}],"collection":[{"href":"https:\/\/ml-locations.be\/nl\/wp-json\/wp\/v2\/product"}],"about":[{"href":"https:\/\/ml-locations.be\/nl\/wp-json\/wp\/v2\/types\/product"}],"wp:featuredmedia":[{"embeddable":true,"href":"https:\/\/ml-locations.be\/nl\/wp-json\/wp\/v2\/media\/4154"}],"wp:attachment":[{"href":"https:\/\/ml-locations.be\/nl\/wp-json\/wp\/v2\/media?parent=4152"}],"wp:term":[{"taxonomy":"product_brand","embeddable":true,"href":"https:\/\/ml-locations.be\/nl\/wp-json\/wp\/v2\/product_brand?post=4152"},{"taxonomy":"product_cat","embeddable":true,"href":"https:\/\/ml-locations.be\/nl\/wp-json\/wp\/v2\/product_cat?post=4152"},{"taxonomy":"product_tag","embeddable":true,"href":"https:\/\/ml-locations.be\/nl\/wp-json\/wp\/v2\/product_tag?post=4152"}],"curies":[{"name":"wp","href":"https:\/\/api.w.org\/{rel}","templated":true}]}}