{"id":4172,"date":"2018-02-07T13:50:26","date_gmt":"2018-02-07T12:50:26","guid":{"rendered":"https:\/\/www.ml-locations.be?post_type=product&#038;p=4172"},"modified":"2022-02-15T18:15:15","modified_gmt":"2022-02-15T17:15:15","slug":"location-bol-soupe-cuinox-410ml","status":"publish","type":"product","link":"https:\/\/ml-locations.be\/nl\/locations\/location-bol-soupe-cuinox-410ml\/","title":{"rendered":"Bol rond blanc  \u00f8=12,5 cm | 41 cl"},"content":{"rendered":"<p>Joli <strong>bol blanc uni<\/strong> CUINOX\u00a0410 ml pour le service de potage et soupe, pour les desserts, etc. La vaisselle en location chez ML Locations est reprise sale. Le nettoyage des bols est compris dans le prix de la location. Vous ne devez donc pas nettoyer la vaisselle en location. Il vous suffit de rendre la vaisselle reconditionn\u00e9e comme elle vous a \u00e9t\u00e9 livr\u00e9e (les bols doivent \u00eatre d\u00e9barrass\u00e9s des restes de nourritures et rang\u00e9s dans les casiers).<\/p>\n<p>Caract\u00e9ristiques des bols blancs CUINOX :<\/p>\n<ul>\n<li>Diam\u00e8tre du bol : 125 mm<\/li>\n<li>Hauteur du bol : 62 mm<\/li>\n<li>Capacit\u00e9 du bol : 410 ml<\/li>\n<\/ul>\n<p>&nbsp;<\/p>\n","protected":false},"excerpt":{"rendered":"<p><strong>Bol \u00e0 soupe en location :\u00a0<\/strong>bol blanc pour la soupe ou le potage, contenance 410 ml. NB : commande par rack de 9 bols.<\/p>\n","protected":false},"featured_media":4173,"template":"","meta":{"_acf_changed":false},"product_brand":[],"product_cat":[29,33],"product_tag":[213,214],"class_list":{"0":"post-4172","1":"product","2":"type-product","3":"status-publish","4":"has-post-thumbnail","6":"product_cat-materiel-horeca-en-location","7":"product_cat-location-vaisselle","8":"product_tag-location-de-materiel-de-reception-mariages","9":"product_tag-location-materiel-banquet","10":"description-off","12":"first","13":"instock","14":"taxable","15":"shipping-taxable","16":"purchasable","17":"product-type-simple"},"acf":[],"yoast_head":"<!-- This site is optimized with the Yoast SEO plugin v25.0 - https:\/\/yoast.com\/wordpress\/plugins\/seo\/ -->\n<title>Bol rond blanc CUINOX 410 ml - location vaisselle | ML Locations<\/title>\n<meta name=\"description\" content=\"Bol blanc en location : diam\u00e8tre 125 mm, capacit\u00e9 410 ml. Pour le service de la soupe, du potage, etc. Vaisselle en location. Devis gratuit.\" \/>\n<meta name=\"robots\" content=\"index, follow, max-snippet:-1, max-image-preview:large, max-video-preview:-1\" \/>\n<link rel=\"canonical\" href=\"https:\/\/ml-locations.be\/nl\/locations\/location-bol-soupe-cuinox-410ml\/\" \/>\n<meta property=\"og:locale\" content=\"nl_NL\" \/>\n<meta property=\"og:type\" content=\"article\" \/>\n<meta property=\"og:title\" content=\"Bol rond blanc CUINOX 410 ml - location vaisselle | ML Locations\" \/>\n<meta property=\"og:description\" content=\"Bol blanc en location : diam\u00e8tre 125 mm, capacit\u00e9 410 ml. Pour le service de la soupe, du potage, etc. Vaisselle en location. Devis gratuit.\" \/>\n<meta property=\"og:url\" content=\"https:\/\/ml-locations.be\/nl\/locations\/location-bol-soupe-cuinox-410ml\/\" \/>\n<meta property=\"og:site_name\" content=\"ML Locations\" \/>\n<meta property=\"article:modified_time\" content=\"2022-02-15T17:15:15+00:00\" \/>\n<meta property=\"og:image\" content=\"https:\/\/ml-locations.be\/wp-content\/uploads\/2018\/02\/Location-vaisselle-bol-blanc-410ml.jpg\" \/>\n\t<meta property=\"og:image:width\" content=\"800\" \/>\n\t<meta property=\"og:image:height\" content=\"800\" \/>\n\t<meta property=\"og:image:type\" content=\"image\/jpeg\" \/>\n<meta name=\"twitter:card\" content=\"summary_large_image\" \/>\n<meta name=\"twitter:label1\" content=\"Geschatte leestijd\" \/>\n\t<meta name=\"twitter:data1\" content=\"1 minuut\" \/>\n<script type=\"application\/ld+json\" class=\"yoast-schema-graph\">{\"@context\":\"https:\/\/schema.org\",\"@graph\":[{\"@type\":\"WebPage\",\"@id\":\"https:\/\/ml-locations.be\/nl\/locations\/location-bol-soupe-cuinox-410ml\/\",\"url\":\"https:\/\/ml-locations.be\/nl\/locations\/location-bol-soupe-cuinox-410ml\/\",\"name\":\"Bol rond blanc CUINOX 410 ml - location vaisselle | ML Locations\",\"isPartOf\":{\"@id\":\"https:\/\/ml-locations.be\/nl\/#website\"},\"primaryImageOfPage\":{\"@id\":\"https:\/\/ml-locations.be\/nl\/locations\/location-bol-soupe-cuinox-410ml\/#primaryimage\"},\"image\":{\"@id\":\"https:\/\/ml-locations.be\/nl\/locations\/location-bol-soupe-cuinox-410ml\/#primaryimage\"},\"thumbnailUrl\":\"https:\/\/ml-locations.be\/wp-content\/uploads\/2018\/02\/Location-vaisselle-bol-blanc-410ml.jpg\",\"datePublished\":\"2018-02-07T12:50:26+00:00\",\"dateModified\":\"2022-02-15T17:15:15+00:00\",\"description\":\"Bol blanc en location : diam\u00e8tre 125 mm, capacit\u00e9 410 ml. Pour le service de la soupe, du potage, etc. Vaisselle en location. Devis gratuit.\",\"breadcrumb\":{\"@id\":\"https:\/\/ml-locations.be\/nl\/locations\/location-bol-soupe-cuinox-410ml\/#breadcrumb\"},\"inLanguage\":\"nl-NL\",\"potentialAction\":[{\"@type\":\"ReadAction\",\"target\":[\"https:\/\/ml-locations.be\/nl\/locations\/location-bol-soupe-cuinox-410ml\/\"]}]},{\"@type\":\"ImageObject\",\"inLanguage\":\"nl-NL\",\"@id\":\"https:\/\/ml-locations.be\/nl\/locations\/location-bol-soupe-cuinox-410ml\/#primaryimage\",\"url\":\"https:\/\/ml-locations.be\/wp-content\/uploads\/2018\/02\/Location-vaisselle-bol-blanc-410ml.jpg\",\"contentUrl\":\"https:\/\/ml-locations.be\/wp-content\/uploads\/2018\/02\/Location-vaisselle-bol-blanc-410ml.jpg\",\"width\":800,\"height\":800,\"caption\":\"Location bol soupe - location vaisselle\"},{\"@type\":\"BreadcrumbList\",\"@id\":\"https:\/\/ml-locations.be\/nl\/locations\/location-bol-soupe-cuinox-410ml\/#breadcrumb\",\"itemListElement\":[{\"@type\":\"ListItem\",\"position\":1,\"name\":\"Accueil\",\"item\":\"https:\/\/ml-locations.be\/nl\/\"},{\"@type\":\"ListItem\",\"position\":2,\"name\":\"Winkel\",\"item\":\"https:\/\/ml-locations.be\/nl\/winkel\/\"},{\"@type\":\"ListItem\",\"position\":3,\"name\":\"Bol rond blanc \u00f8=12,5 cm | 41 cl\"}]},{\"@type\":\"WebSite\",\"@id\":\"https:\/\/ml-locations.be\/nl\/#website\",\"url\":\"https:\/\/ml-locations.be\/nl\/\",\"name\":\"ML Locations\",\"description\":\"Mat\u00e9riel \u00e9v\u00e9nementiel : location chaise, table et mange debout, mat\u00e9riel horeca, frigos,...\",\"publisher\":{\"@id\":\"https:\/\/ml-locations.be\/nl\/#organization\"},\"potentialAction\":[{\"@type\":\"SearchAction\",\"target\":{\"@type\":\"EntryPoint\",\"urlTemplate\":\"https:\/\/ml-locations.be\/nl\/?s={search_term_string}\"},\"query-input\":{\"@type\":\"PropertyValueSpecification\",\"valueRequired\":true,\"valueName\":\"search_term_string\"}}],\"inLanguage\":\"nl-NL\"},{\"@type\":\"Organization\",\"@id\":\"https:\/\/ml-locations.be\/nl\/#organization\",\"name\":\"ML Locations\",\"url\":\"https:\/\/ml-locations.be\/nl\/\",\"logo\":{\"@type\":\"ImageObject\",\"inLanguage\":\"nl-NL\",\"@id\":\"https:\/\/ml-locations.be\/nl\/#\/schema\/logo\/image\/\",\"url\":\"https:\/\/ml-locations.be\/wp-content\/uploads\/2018\/05\/LOGO-location-BON.png\",\"contentUrl\":\"https:\/\/ml-locations.be\/wp-content\/uploads\/2018\/05\/LOGO-location-BON.png\",\"width\":1200,\"height\":1200,\"caption\":\"ML Locations\"},\"image\":{\"@id\":\"https:\/\/ml-locations.be\/nl\/#\/schema\/logo\/image\/\"}}]}<\/script>\n<!-- \/ Yoast SEO plugin. -->","yoast_head_json":{"title":"Bol rond blanc CUINOX 410 ml - location vaisselle | ML Locations","description":"Bol blanc en location : diam\u00e8tre 125 mm, capacit\u00e9 410 ml. Pour le service de la soupe, du potage, etc. Vaisselle en location. Devis gratuit.","robots":{"index":"index","follow":"follow","max-snippet":"max-snippet:-1","max-image-preview":"max-image-preview:large","max-video-preview":"max-video-preview:-1"},"canonical":"https:\/\/ml-locations.be\/nl\/locations\/location-bol-soupe-cuinox-410ml\/","og_locale":"nl_NL","og_type":"article","og_title":"Bol rond blanc CUINOX 410 ml - location vaisselle | ML Locations","og_description":"Bol blanc en location : diam\u00e8tre 125 mm, capacit\u00e9 410 ml. Pour le service de la soupe, du potage, etc. Vaisselle en location. Devis gratuit.","og_url":"https:\/\/ml-locations.be\/nl\/locations\/location-bol-soupe-cuinox-410ml\/","og_site_name":"ML Locations","article_modified_time":"2022-02-15T17:15:15+00:00","og_image":[{"width":800,"height":800,"url":"https:\/\/ml-locations.be\/wp-content\/uploads\/2018\/02\/Location-vaisselle-bol-blanc-410ml.jpg","type":"image\/jpeg"}],"twitter_card":"summary_large_image","twitter_misc":{"Geschatte leestijd":"1 minuut"},"schema":{"@context":"https:\/\/schema.org","@graph":[{"@type":"WebPage","@id":"https:\/\/ml-locations.be\/nl\/locations\/location-bol-soupe-cuinox-410ml\/","url":"https:\/\/ml-locations.be\/nl\/locations\/location-bol-soupe-cuinox-410ml\/","name":"Bol rond blanc CUINOX 410 ml - location vaisselle | ML Locations","isPartOf":{"@id":"https:\/\/ml-locations.be\/nl\/#website"},"primaryImageOfPage":{"@id":"https:\/\/ml-locations.be\/nl\/locations\/location-bol-soupe-cuinox-410ml\/#primaryimage"},"image":{"@id":"https:\/\/ml-locations.be\/nl\/locations\/location-bol-soupe-cuinox-410ml\/#primaryimage"},"thumbnailUrl":"https:\/\/ml-locations.be\/wp-content\/uploads\/2018\/02\/Location-vaisselle-bol-blanc-410ml.jpg","datePublished":"2018-02-07T12:50:26+00:00","dateModified":"2022-02-15T17:15:15+00:00","description":"Bol blanc en location : diam\u00e8tre 125 mm, capacit\u00e9 410 ml. Pour le service de la soupe, du potage, etc. Vaisselle en location. Devis gratuit.","breadcrumb":{"@id":"https:\/\/ml-locations.be\/nl\/locations\/location-bol-soupe-cuinox-410ml\/#breadcrumb"},"inLanguage":"nl-NL","potentialAction":[{"@type":"ReadAction","target":["https:\/\/ml-locations.be\/nl\/locations\/location-bol-soupe-cuinox-410ml\/"]}]},{"@type":"ImageObject","inLanguage":"nl-NL","@id":"https:\/\/ml-locations.be\/nl\/locations\/location-bol-soupe-cuinox-410ml\/#primaryimage","url":"https:\/\/ml-locations.be\/wp-content\/uploads\/2018\/02\/Location-vaisselle-bol-blanc-410ml.jpg","contentUrl":"https:\/\/ml-locations.be\/wp-content\/uploads\/2018\/02\/Location-vaisselle-bol-blanc-410ml.jpg","width":800,"height":800,"caption":"Location bol soupe - location vaisselle"},{"@type":"BreadcrumbList","@id":"https:\/\/ml-locations.be\/nl\/locations\/location-bol-soupe-cuinox-410ml\/#breadcrumb","itemListElement":[{"@type":"ListItem","position":1,"name":"Accueil","item":"https:\/\/ml-locations.be\/nl\/"},{"@type":"ListItem","position":2,"name":"Winkel","item":"https:\/\/ml-locations.be\/nl\/winkel\/"},{"@type":"ListItem","position":3,"name":"Bol rond blanc \u00f8=12,5 cm | 41 cl"}]},{"@type":"WebSite","@id":"https:\/\/ml-locations.be\/nl\/#website","url":"https:\/\/ml-locations.be\/nl\/","name":"ML Locations","description":"Mat\u00e9riel \u00e9v\u00e9nementiel : location chaise, table et mange debout, mat\u00e9riel horeca, frigos,...","publisher":{"@id":"https:\/\/ml-locations.be\/nl\/#organization"},"potentialAction":[{"@type":"SearchAction","target":{"@type":"EntryPoint","urlTemplate":"https:\/\/ml-locations.be\/nl\/?s={search_term_string}"},"query-input":{"@type":"PropertyValueSpecification","valueRequired":true,"valueName":"search_term_string"}}],"inLanguage":"nl-NL"},{"@type":"Organization","@id":"https:\/\/ml-locations.be\/nl\/#organization","name":"ML Locations","url":"https:\/\/ml-locations.be\/nl\/","logo":{"@type":"ImageObject","inLanguage":"nl-NL","@id":"https:\/\/ml-locations.be\/nl\/#\/schema\/logo\/image\/","url":"https:\/\/ml-locations.be\/wp-content\/uploads\/2018\/05\/LOGO-location-BON.png","contentUrl":"https:\/\/ml-locations.be\/wp-content\/uploads\/2018\/05\/LOGO-location-BON.png","width":1200,"height":1200,"caption":"ML Locations"},"image":{"@id":"https:\/\/ml-locations.be\/nl\/#\/schema\/logo\/image\/"}}]}},"_links":{"self":[{"href":"https:\/\/ml-locations.be\/nl\/wp-json\/wp\/v2\/product\/4172","targetHints":{"allow":["GET"]}}],"collection":[{"href":"https:\/\/ml-locations.be\/nl\/wp-json\/wp\/v2\/product"}],"about":[{"href":"https:\/\/ml-locations.be\/nl\/wp-json\/wp\/v2\/types\/product"}],"wp:featuredmedia":[{"embeddable":true,"href":"https:\/\/ml-locations.be\/nl\/wp-json\/wp\/v2\/media\/4173"}],"wp:attachment":[{"href":"https:\/\/ml-locations.be\/nl\/wp-json\/wp\/v2\/media?parent=4172"}],"wp:term":[{"taxonomy":"product_brand","embeddable":true,"href":"https:\/\/ml-locations.be\/nl\/wp-json\/wp\/v2\/product_brand?post=4172"},{"taxonomy":"product_cat","embeddable":true,"href":"https:\/\/ml-locations.be\/nl\/wp-json\/wp\/v2\/product_cat?post=4172"},{"taxonomy":"product_tag","embeddable":true,"href":"https:\/\/ml-locations.be\/nl\/wp-json\/wp\/v2\/product_tag?post=4172"}],"curies":[{"name":"wp","href":"https:\/\/api.w.org\/{rel}","templated":true}]}}