{"id":4661,"date":"2018-04-16T17:50:10","date_gmt":"2018-04-16T15:50:10","guid":{"rendered":"https:\/\/www.ml-locations.be?post_type=product&#038;p=4661"},"modified":"2026-01-14T14:52:42","modified_gmt":"2026-01-14T13:52:42","slug":"location-verre-eau-elegance-24cl","status":"publish","type":"product","link":"https:\/\/ml-locations.be\/nl\/locations\/location-verre-eau-elegance-24cl\/","title":{"rendered":"Verre \u00e0 eau Elegance 24,5cl (36 pi\u00e8ces)"},"content":{"rendered":"<p>Ces <strong>verres en location\u00a0<\/strong>conviennent pour le service du vin rouge ou de l&#8217;eau (contenance : 24,5 cl). Ces verres \u00e0 eau sur pied sont simples et raffin\u00e9s. Si vous souhaitez louer des verres \u00e0 vin, contactez-nous ! Ces verres sont livr\u00e9s par rack de 36 verres et peuvent \u00eatre rendus sales apr\u00e8s vos\u00a0\u00e9v\u00e9nements ou banquets : ML Locations s\u2019occupent du lavage des verres \u00e0 vin et des autres\u00a0<strong>verres en location<\/strong>, pas de soucis \u00e0 vous faire. Ces verres \u00e0 vin sont toujours livr\u00e9s par rack entier (36 verres \u00e0 vin). Le nombre de racks livr\u00e9s est d\u00e9termin\u00e9 en fonction du nombre de verres command\u00e9s. Ex\u00a0: 70 verres command\u00e9s = 2 racks de 36 verres (72 verres re\u00e7us et factur\u00e9s). ML Locations vous propose de la verrerie de qualit\u00e9 en location .<\/p>\n<p>Les verres\u00a0\u00e0 vin non-rendus (cass\u00e9s ou perdus) vous sont factur\u00e9s en fin de location.<\/p>\n<p><strong>Dimensions et caract\u00e9ristiques des verres sur pied en location :<\/strong><\/p>\n<ul>\n<li>Diam\u00e8tre\u00a0: 7,4 cm<\/li>\n<li>Hauteur\u00a0: 16,6 cm<\/li>\n<li>Type\u00a0: verre \u00e0 vin blanc<\/li>\n<li>Marque\u00a0: Arcoroc Elegance<\/li>\n<li>Mati\u00e8re\u00a0: verre sodocalcique<\/li>\n<\/ul>\n<p>Pour la <a href=\"https:\/\/ml-locations.be\/location\/materiel-horeca-en-location\/verres-en-location\/\">location verres<\/a> \u00e0 vin ou d&#8217;autres verres (fl\u00fbtes, verres \u00e0 bi\u00e8re, long drink) et pour la <a href=\"https:\/\/ml-locations.be\/location\/materiel-horeca-en-location\/location-vaisselle-location-couverts\/\">location de vaisselle<\/a> (assiettes, couverts, tasses,, faites confiance \u00e0 ML Locations.<\/p>\n","protected":false},"excerpt":{"rendered":"<p><strong>Verre \u00e0 eau en location : verre \u00e0 eau Elegance 24,5 cl<\/strong>, id\u00e9al pour vos banquets, r\u00e9ceptions lors de vos \u00e9v\u00e9nements.\u00a0NB : commandes par rack de 36 verres.<\/p>\n","protected":false},"featured_media":2180,"template":"","meta":{"_acf_changed":false},"product_brand":[],"product_cat":[29,32],"product_tag":[208,213,214],"class_list":{"0":"post-4661","1":"product","2":"type-product","3":"status-publish","4":"has-post-thumbnail","6":"product_cat-materiel-horeca-en-location","7":"product_cat-verres-en-location","8":"product_tag-location-materiel-bar","9":"product_tag-location-de-materiel-de-reception-mariages","10":"product_tag-location-materiel-banquet","11":"description-off","13":"first","14":"instock","15":"sale","16":"taxable","17":"shipping-taxable","18":"purchasable","19":"product-type-simple"},"acf":[],"yoast_head":"<!-- This site is optimized with the Yoast SEO plugin v25.0 - https:\/\/yoast.com\/wordpress\/plugins\/seo\/ -->\n<title>Verre \u00e0 eau sur pied en location - verre Elegance 24 cl | ML Locations<\/title>\n<meta name=\"description\" content=\"Verres \u00e0 eau sur pied en location (24 cl) pour vos banquets et \u00e9v\u00e9nements ! Les verres et la vaisselle sont livr\u00e9s par rack et repris sales.\" \/>\n<meta name=\"robots\" content=\"index, follow, max-snippet:-1, max-image-preview:large, max-video-preview:-1\" \/>\n<link rel=\"canonical\" href=\"https:\/\/ml-locations.be\/nl\/locations\/location-verre-eau-elegance-24cl\/\" \/>\n<meta property=\"og:locale\" content=\"nl_NL\" \/>\n<meta property=\"og:type\" content=\"article\" \/>\n<meta property=\"og:title\" content=\"Verre \u00e0 eau sur pied en location - verre Elegance 24 cl | ML Locations\" \/>\n<meta property=\"og:description\" content=\"Verres \u00e0 eau sur pied en location (24 cl) pour vos banquets et \u00e9v\u00e9nements ! Les verres et la vaisselle sont livr\u00e9s par rack et repris sales.\" \/>\n<meta property=\"og:url\" content=\"https:\/\/ml-locations.be\/nl\/locations\/location-verre-eau-elegance-24cl\/\" \/>\n<meta property=\"og:site_name\" content=\"ML Locations\" \/>\n<meta property=\"article:modified_time\" content=\"2026-01-14T13:52:42+00:00\" \/>\n<meta property=\"og:image\" content=\"https:\/\/ml-locations.be\/wp-content\/uploads\/2017\/04\/verre-\u00e9l\u00e9gance.jpg\" \/>\n\t<meta property=\"og:image:width\" content=\"1000\" \/>\n\t<meta property=\"og:image:height\" content=\"1000\" \/>\n\t<meta property=\"og:image:type\" content=\"image\/jpeg\" \/>\n<meta name=\"twitter:card\" content=\"summary_large_image\" \/>\n<meta name=\"twitter:label1\" content=\"Geschatte leestijd\" \/>\n\t<meta name=\"twitter:data1\" content=\"2 minuten\" \/>\n<script type=\"application\/ld+json\" class=\"yoast-schema-graph\">{\"@context\":\"https:\/\/schema.org\",\"@graph\":[{\"@type\":\"WebPage\",\"@id\":\"https:\/\/ml-locations.be\/nl\/locations\/location-verre-eau-elegance-24cl\/\",\"url\":\"https:\/\/ml-locations.be\/nl\/locations\/location-verre-eau-elegance-24cl\/\",\"name\":\"Verre \u00e0 eau sur pied en location - verre Elegance 24 cl | ML Locations\",\"isPartOf\":{\"@id\":\"https:\/\/ml-locations.be\/nl\/#website\"},\"primaryImageOfPage\":{\"@id\":\"https:\/\/ml-locations.be\/nl\/locations\/location-verre-eau-elegance-24cl\/#primaryimage\"},\"image\":{\"@id\":\"https:\/\/ml-locations.be\/nl\/locations\/location-verre-eau-elegance-24cl\/#primaryimage\"},\"thumbnailUrl\":\"https:\/\/ml-locations.be\/wp-content\/uploads\/2017\/04\/verre-\u00e9l\u00e9gance.jpg\",\"datePublished\":\"2018-04-16T15:50:10+00:00\",\"dateModified\":\"2026-01-14T13:52:42+00:00\",\"description\":\"Verres \u00e0 eau sur pied en location (24 cl) pour vos banquets et \u00e9v\u00e9nements ! Les verres et la vaisselle sont livr\u00e9s par rack et repris sales.\",\"breadcrumb\":{\"@id\":\"https:\/\/ml-locations.be\/nl\/locations\/location-verre-eau-elegance-24cl\/#breadcrumb\"},\"inLanguage\":\"nl-NL\",\"potentialAction\":[{\"@type\":\"ReadAction\",\"target\":[\"https:\/\/ml-locations.be\/nl\/locations\/location-verre-eau-elegance-24cl\/\"]}]},{\"@type\":\"ImageObject\",\"inLanguage\":\"nl-NL\",\"@id\":\"https:\/\/ml-locations.be\/nl\/locations\/location-verre-eau-elegance-24cl\/#primaryimage\",\"url\":\"https:\/\/ml-locations.be\/wp-content\/uploads\/2017\/04\/verre-\u00e9l\u00e9gance.jpg\",\"contentUrl\":\"https:\/\/ml-locations.be\/wp-content\/uploads\/2017\/04\/verre-\u00e9l\u00e9gance.jpg\",\"width\":1000,\"height\":1000,\"caption\":\"location de verre \u00e0 vin \u00e9l\u00e9gance\"},{\"@type\":\"BreadcrumbList\",\"@id\":\"https:\/\/ml-locations.be\/nl\/locations\/location-verre-eau-elegance-24cl\/#breadcrumb\",\"itemListElement\":[{\"@type\":\"ListItem\",\"position\":1,\"name\":\"Accueil\",\"item\":\"https:\/\/ml-locations.be\/nl\/\"},{\"@type\":\"ListItem\",\"position\":2,\"name\":\"Winkel\",\"item\":\"https:\/\/ml-locations.be\/nl\/winkel\/\"},{\"@type\":\"ListItem\",\"position\":3,\"name\":\"Verre \u00e0 eau Elegance 24,5cl (36 pi\u00e8ces)\"}]},{\"@type\":\"WebSite\",\"@id\":\"https:\/\/ml-locations.be\/nl\/#website\",\"url\":\"https:\/\/ml-locations.be\/nl\/\",\"name\":\"ML Locations\",\"description\":\"Mat\u00e9riel \u00e9v\u00e9nementiel : location chaise, table et mange debout, mat\u00e9riel horeca, frigos,...\",\"publisher\":{\"@id\":\"https:\/\/ml-locations.be\/nl\/#organization\"},\"potentialAction\":[{\"@type\":\"SearchAction\",\"target\":{\"@type\":\"EntryPoint\",\"urlTemplate\":\"https:\/\/ml-locations.be\/nl\/?s={search_term_string}\"},\"query-input\":{\"@type\":\"PropertyValueSpecification\",\"valueRequired\":true,\"valueName\":\"search_term_string\"}}],\"inLanguage\":\"nl-NL\"},{\"@type\":\"Organization\",\"@id\":\"https:\/\/ml-locations.be\/nl\/#organization\",\"name\":\"ML Locations\",\"url\":\"https:\/\/ml-locations.be\/nl\/\",\"logo\":{\"@type\":\"ImageObject\",\"inLanguage\":\"nl-NL\",\"@id\":\"https:\/\/ml-locations.be\/nl\/#\/schema\/logo\/image\/\",\"url\":\"https:\/\/ml-locations.be\/wp-content\/uploads\/2018\/05\/LOGO-location-BON.png\",\"contentUrl\":\"https:\/\/ml-locations.be\/wp-content\/uploads\/2018\/05\/LOGO-location-BON.png\",\"width\":1200,\"height\":1200,\"caption\":\"ML Locations\"},\"image\":{\"@id\":\"https:\/\/ml-locations.be\/nl\/#\/schema\/logo\/image\/\"}}]}<\/script>\n<!-- \/ Yoast SEO plugin. -->","yoast_head_json":{"title":"Verre \u00e0 eau sur pied en location - verre Elegance 24 cl | ML Locations","description":"Verres \u00e0 eau sur pied en location (24 cl) pour vos banquets et \u00e9v\u00e9nements ! Les verres et la vaisselle sont livr\u00e9s par rack et repris sales.","robots":{"index":"index","follow":"follow","max-snippet":"max-snippet:-1","max-image-preview":"max-image-preview:large","max-video-preview":"max-video-preview:-1"},"canonical":"https:\/\/ml-locations.be\/nl\/locations\/location-verre-eau-elegance-24cl\/","og_locale":"nl_NL","og_type":"article","og_title":"Verre \u00e0 eau sur pied en location - verre Elegance 24 cl | ML Locations","og_description":"Verres \u00e0 eau sur pied en location (24 cl) pour vos banquets et \u00e9v\u00e9nements ! Les verres et la vaisselle sont livr\u00e9s par rack et repris sales.","og_url":"https:\/\/ml-locations.be\/nl\/locations\/location-verre-eau-elegance-24cl\/","og_site_name":"ML Locations","article_modified_time":"2026-01-14T13:52:42+00:00","og_image":[{"width":1000,"height":1000,"url":"https:\/\/ml-locations.be\/wp-content\/uploads\/2017\/04\/verre-\u00e9l\u00e9gance.jpg","type":"image\/jpeg"}],"twitter_card":"summary_large_image","twitter_misc":{"Geschatte leestijd":"2 minuten"},"schema":{"@context":"https:\/\/schema.org","@graph":[{"@type":"WebPage","@id":"https:\/\/ml-locations.be\/nl\/locations\/location-verre-eau-elegance-24cl\/","url":"https:\/\/ml-locations.be\/nl\/locations\/location-verre-eau-elegance-24cl\/","name":"Verre \u00e0 eau sur pied en location - verre Elegance 24 cl | ML Locations","isPartOf":{"@id":"https:\/\/ml-locations.be\/nl\/#website"},"primaryImageOfPage":{"@id":"https:\/\/ml-locations.be\/nl\/locations\/location-verre-eau-elegance-24cl\/#primaryimage"},"image":{"@id":"https:\/\/ml-locations.be\/nl\/locations\/location-verre-eau-elegance-24cl\/#primaryimage"},"thumbnailUrl":"https:\/\/ml-locations.be\/wp-content\/uploads\/2017\/04\/verre-\u00e9l\u00e9gance.jpg","datePublished":"2018-04-16T15:50:10+00:00","dateModified":"2026-01-14T13:52:42+00:00","description":"Verres \u00e0 eau sur pied en location (24 cl) pour vos banquets et \u00e9v\u00e9nements ! Les verres et la vaisselle sont livr\u00e9s par rack et repris sales.","breadcrumb":{"@id":"https:\/\/ml-locations.be\/nl\/locations\/location-verre-eau-elegance-24cl\/#breadcrumb"},"inLanguage":"nl-NL","potentialAction":[{"@type":"ReadAction","target":["https:\/\/ml-locations.be\/nl\/locations\/location-verre-eau-elegance-24cl\/"]}]},{"@type":"ImageObject","inLanguage":"nl-NL","@id":"https:\/\/ml-locations.be\/nl\/locations\/location-verre-eau-elegance-24cl\/#primaryimage","url":"https:\/\/ml-locations.be\/wp-content\/uploads\/2017\/04\/verre-\u00e9l\u00e9gance.jpg","contentUrl":"https:\/\/ml-locations.be\/wp-content\/uploads\/2017\/04\/verre-\u00e9l\u00e9gance.jpg","width":1000,"height":1000,"caption":"location de verre \u00e0 vin \u00e9l\u00e9gance"},{"@type":"BreadcrumbList","@id":"https:\/\/ml-locations.be\/nl\/locations\/location-verre-eau-elegance-24cl\/#breadcrumb","itemListElement":[{"@type":"ListItem","position":1,"name":"Accueil","item":"https:\/\/ml-locations.be\/nl\/"},{"@type":"ListItem","position":2,"name":"Winkel","item":"https:\/\/ml-locations.be\/nl\/winkel\/"},{"@type":"ListItem","position":3,"name":"Verre \u00e0 eau Elegance 24,5cl (36 pi\u00e8ces)"}]},{"@type":"WebSite","@id":"https:\/\/ml-locations.be\/nl\/#website","url":"https:\/\/ml-locations.be\/nl\/","name":"ML Locations","description":"Mat\u00e9riel \u00e9v\u00e9nementiel : location chaise, table et mange debout, mat\u00e9riel horeca, frigos,...","publisher":{"@id":"https:\/\/ml-locations.be\/nl\/#organization"},"potentialAction":[{"@type":"SearchAction","target":{"@type":"EntryPoint","urlTemplate":"https:\/\/ml-locations.be\/nl\/?s={search_term_string}"},"query-input":{"@type":"PropertyValueSpecification","valueRequired":true,"valueName":"search_term_string"}}],"inLanguage":"nl-NL"},{"@type":"Organization","@id":"https:\/\/ml-locations.be\/nl\/#organization","name":"ML Locations","url":"https:\/\/ml-locations.be\/nl\/","logo":{"@type":"ImageObject","inLanguage":"nl-NL","@id":"https:\/\/ml-locations.be\/nl\/#\/schema\/logo\/image\/","url":"https:\/\/ml-locations.be\/wp-content\/uploads\/2018\/05\/LOGO-location-BON.png","contentUrl":"https:\/\/ml-locations.be\/wp-content\/uploads\/2018\/05\/LOGO-location-BON.png","width":1200,"height":1200,"caption":"ML Locations"},"image":{"@id":"https:\/\/ml-locations.be\/nl\/#\/schema\/logo\/image\/"}}]}},"_links":{"self":[{"href":"https:\/\/ml-locations.be\/nl\/wp-json\/wp\/v2\/product\/4661","targetHints":{"allow":["GET"]}}],"collection":[{"href":"https:\/\/ml-locations.be\/nl\/wp-json\/wp\/v2\/product"}],"about":[{"href":"https:\/\/ml-locations.be\/nl\/wp-json\/wp\/v2\/types\/product"}],"wp:featuredmedia":[{"embeddable":true,"href":"https:\/\/ml-locations.be\/nl\/wp-json\/wp\/v2\/media\/2180"}],"wp:attachment":[{"href":"https:\/\/ml-locations.be\/nl\/wp-json\/wp\/v2\/media?parent=4661"}],"wp:term":[{"taxonomy":"product_brand","embeddable":true,"href":"https:\/\/ml-locations.be\/nl\/wp-json\/wp\/v2\/product_brand?post=4661"},{"taxonomy":"product_cat","embeddable":true,"href":"https:\/\/ml-locations.be\/nl\/wp-json\/wp\/v2\/product_cat?post=4661"},{"taxonomy":"product_tag","embeddable":true,"href":"https:\/\/ml-locations.be\/nl\/wp-json\/wp\/v2\/product_tag?post=4661"}],"curies":[{"name":"wp","href":"https:\/\/api.w.org\/{rel}","templated":true}]}}