{"id":4754,"date":"2018-04-25T16:13:45","date_gmt":"2018-04-25T14:13:45","guid":{"rendered":"https:\/\/www.ml-locations.be?post_type=product&#038;p=4754"},"modified":"2018-05-18T17:11:43","modified_gmt":"2018-05-18T15:11:43","slug":"location-vasque-champagne-sur-pied","status":"publish","type":"product","link":"https:\/\/ml-locations.be\/nl\/locations\/location-vasque-champagne-sur-pied\/","title":{"rendered":"Vasque \u00e0 Champagne sur pied"},"content":{"rendered":"<p>Cette grande <strong>vasque \u00e0 Champagne double paroi<\/strong> en inox sert de rafra\u00eechissoir pour <strong>plusieurs bouteilles de Champagne<\/strong>. Remplissez la de glace et d\u00e9posez-y vos bouteilles de Champagne afin de les garder au frais.<\/p>\n<p><strong>Caract\u00e9ristiques de la vasque \u00e0 Champagne :\u00a0<\/strong><\/p>\n<ul>\n<li>Parois en inox brillant<\/li>\n<li>Diam\u00e8tre ext\u00e9rieur : 42,5 cm<\/li>\n<li>Hauteur totale : 24 cm<\/li>\n<li>Diam\u00e8tre int\u00e9rieur : 38 cm<\/li>\n<\/ul>\n","protected":false},"excerpt":{"rendered":"<p>Grande vasque \u00e0 Champagne double paroi en inox<\/p>\n","protected":false},"featured_media":4760,"template":"","meta":{"_acf_changed":false},"product_brand":[],"product_cat":[225,29,33,34],"product_tag":[208,214],"class_list":{"0":"post-4754","1":"product","2":"type-product","3":"status-publish","4":"has-post-thumbnail","6":"product_cat-non-classe","7":"product_cat-materiel-horeca-en-location","8":"product_cat-location-vaisselle","9":"product_cat-location-materiel-cuisine-et-buffet","10":"product_tag-location-materiel-bar","11":"product_tag-location-materiel-banquet","12":"description-off","14":"first","15":"instock","16":"taxable","17":"shipping-taxable","18":"purchasable","19":"product-type-simple"},"acf":[],"yoast_head":"<!-- This site is optimized with the Yoast SEO plugin v25.0 - https:\/\/yoast.com\/wordpress\/plugins\/seo\/ -->\n<title>Vasque \u00e0 Champagne en location | ML Locations<\/title>\n<meta name=\"description\" content=\"Vasque \u00e0 Champagne en location : rafra\u00eechissoir \u00e0 double paroi en inox. Mat\u00e9riel Horeca en location - Devis gratuit ! Livraison possible !\" \/>\n<meta name=\"robots\" content=\"index, follow, max-snippet:-1, max-image-preview:large, max-video-preview:-1\" \/>\n<link rel=\"canonical\" href=\"https:\/\/ml-locations.be\/nl\/locations\/location-vasque-champagne-sur-pied\/\" \/>\n<meta property=\"og:locale\" content=\"nl_NL\" \/>\n<meta property=\"og:type\" content=\"article\" \/>\n<meta property=\"og:title\" content=\"Vasque \u00e0 Champagne en location | ML Locations\" \/>\n<meta property=\"og:description\" content=\"Vasque \u00e0 Champagne en location : rafra\u00eechissoir \u00e0 double paroi en inox. Mat\u00e9riel Horeca en location - Devis gratuit ! Livraison possible !\" \/>\n<meta property=\"og:url\" content=\"https:\/\/ml-locations.be\/nl\/locations\/location-vasque-champagne-sur-pied\/\" \/>\n<meta property=\"og:site_name\" content=\"ML Locations\" \/>\n<meta property=\"article:modified_time\" content=\"2018-05-18T15:11:43+00:00\" \/>\n<meta property=\"og:image\" content=\"https:\/\/ml-locations.be\/wp-content\/uploads\/2018\/04\/location-vasque-champagne-inox.jpg\" \/>\n\t<meta property=\"og:image:width\" content=\"600\" \/>\n\t<meta property=\"og:image:height\" content=\"600\" \/>\n\t<meta property=\"og:image:type\" content=\"image\/jpeg\" \/>\n<meta name=\"twitter:card\" content=\"summary_large_image\" \/>\n<script type=\"application\/ld+json\" class=\"yoast-schema-graph\">{\"@context\":\"https:\/\/schema.org\",\"@graph\":[{\"@type\":\"WebPage\",\"@id\":\"https:\/\/ml-locations.be\/nl\/locations\/location-vasque-champagne-sur-pied\/\",\"url\":\"https:\/\/ml-locations.be\/nl\/locations\/location-vasque-champagne-sur-pied\/\",\"name\":\"Vasque \u00e0 Champagne en location | ML Locations\",\"isPartOf\":{\"@id\":\"https:\/\/ml-locations.be\/nl\/#website\"},\"primaryImageOfPage\":{\"@id\":\"https:\/\/ml-locations.be\/nl\/locations\/location-vasque-champagne-sur-pied\/#primaryimage\"},\"image\":{\"@id\":\"https:\/\/ml-locations.be\/nl\/locations\/location-vasque-champagne-sur-pied\/#primaryimage\"},\"thumbnailUrl\":\"https:\/\/ml-locations.be\/wp-content\/uploads\/2018\/04\/location-vasque-champagne-inox.jpg\",\"datePublished\":\"2018-04-25T14:13:45+00:00\",\"dateModified\":\"2018-05-18T15:11:43+00:00\",\"description\":\"Vasque \u00e0 Champagne en location : rafra\u00eechissoir \u00e0 double paroi en inox. Mat\u00e9riel Horeca en location - Devis gratuit ! Livraison possible !\",\"breadcrumb\":{\"@id\":\"https:\/\/ml-locations.be\/nl\/locations\/location-vasque-champagne-sur-pied\/#breadcrumb\"},\"inLanguage\":\"nl-NL\",\"potentialAction\":[{\"@type\":\"ReadAction\",\"target\":[\"https:\/\/ml-locations.be\/nl\/locations\/location-vasque-champagne-sur-pied\/\"]}]},{\"@type\":\"ImageObject\",\"inLanguage\":\"nl-NL\",\"@id\":\"https:\/\/ml-locations.be\/nl\/locations\/location-vasque-champagne-sur-pied\/#primaryimage\",\"url\":\"https:\/\/ml-locations.be\/wp-content\/uploads\/2018\/04\/location-vasque-champagne-inox.jpg\",\"contentUrl\":\"https:\/\/ml-locations.be\/wp-content\/uploads\/2018\/04\/location-vasque-champagne-inox.jpg\",\"width\":600,\"height\":600,\"caption\":\"Location vasque \u00e0 Champagne inox\"},{\"@type\":\"BreadcrumbList\",\"@id\":\"https:\/\/ml-locations.be\/nl\/locations\/location-vasque-champagne-sur-pied\/#breadcrumb\",\"itemListElement\":[{\"@type\":\"ListItem\",\"position\":1,\"name\":\"Accueil\",\"item\":\"https:\/\/ml-locations.be\/nl\/\"},{\"@type\":\"ListItem\",\"position\":2,\"name\":\"Winkel\",\"item\":\"https:\/\/ml-locations.be\/nl\/winkel\/\"},{\"@type\":\"ListItem\",\"position\":3,\"name\":\"Vasque \u00e0 Champagne sur pied\"}]},{\"@type\":\"WebSite\",\"@id\":\"https:\/\/ml-locations.be\/nl\/#website\",\"url\":\"https:\/\/ml-locations.be\/nl\/\",\"name\":\"ML Locations\",\"description\":\"Mat\u00e9riel \u00e9v\u00e9nementiel : location chaise, table et mange debout, mat\u00e9riel horeca, frigos,...\",\"publisher\":{\"@id\":\"https:\/\/ml-locations.be\/nl\/#organization\"},\"potentialAction\":[{\"@type\":\"SearchAction\",\"target\":{\"@type\":\"EntryPoint\",\"urlTemplate\":\"https:\/\/ml-locations.be\/nl\/?s={search_term_string}\"},\"query-input\":{\"@type\":\"PropertyValueSpecification\",\"valueRequired\":true,\"valueName\":\"search_term_string\"}}],\"inLanguage\":\"nl-NL\"},{\"@type\":\"Organization\",\"@id\":\"https:\/\/ml-locations.be\/nl\/#organization\",\"name\":\"ML Locations\",\"url\":\"https:\/\/ml-locations.be\/nl\/\",\"logo\":{\"@type\":\"ImageObject\",\"inLanguage\":\"nl-NL\",\"@id\":\"https:\/\/ml-locations.be\/nl\/#\/schema\/logo\/image\/\",\"url\":\"https:\/\/ml-locations.be\/wp-content\/uploads\/2018\/05\/LOGO-location-BON.png\",\"contentUrl\":\"https:\/\/ml-locations.be\/wp-content\/uploads\/2018\/05\/LOGO-location-BON.png\",\"width\":1200,\"height\":1200,\"caption\":\"ML Locations\"},\"image\":{\"@id\":\"https:\/\/ml-locations.be\/nl\/#\/schema\/logo\/image\/\"}}]}<\/script>\n<!-- \/ Yoast SEO plugin. -->","yoast_head_json":{"title":"Vasque \u00e0 Champagne en location | ML Locations","description":"Vasque \u00e0 Champagne en location : rafra\u00eechissoir \u00e0 double paroi en inox. Mat\u00e9riel Horeca en location - Devis gratuit ! Livraison possible !","robots":{"index":"index","follow":"follow","max-snippet":"max-snippet:-1","max-image-preview":"max-image-preview:large","max-video-preview":"max-video-preview:-1"},"canonical":"https:\/\/ml-locations.be\/nl\/locations\/location-vasque-champagne-sur-pied\/","og_locale":"nl_NL","og_type":"article","og_title":"Vasque \u00e0 Champagne en location | ML Locations","og_description":"Vasque \u00e0 Champagne en location : rafra\u00eechissoir \u00e0 double paroi en inox. Mat\u00e9riel Horeca en location - Devis gratuit ! Livraison possible !","og_url":"https:\/\/ml-locations.be\/nl\/locations\/location-vasque-champagne-sur-pied\/","og_site_name":"ML Locations","article_modified_time":"2018-05-18T15:11:43+00:00","og_image":[{"width":600,"height":600,"url":"https:\/\/ml-locations.be\/wp-content\/uploads\/2018\/04\/location-vasque-champagne-inox.jpg","type":"image\/jpeg"}],"twitter_card":"summary_large_image","schema":{"@context":"https:\/\/schema.org","@graph":[{"@type":"WebPage","@id":"https:\/\/ml-locations.be\/nl\/locations\/location-vasque-champagne-sur-pied\/","url":"https:\/\/ml-locations.be\/nl\/locations\/location-vasque-champagne-sur-pied\/","name":"Vasque \u00e0 Champagne en location | ML Locations","isPartOf":{"@id":"https:\/\/ml-locations.be\/nl\/#website"},"primaryImageOfPage":{"@id":"https:\/\/ml-locations.be\/nl\/locations\/location-vasque-champagne-sur-pied\/#primaryimage"},"image":{"@id":"https:\/\/ml-locations.be\/nl\/locations\/location-vasque-champagne-sur-pied\/#primaryimage"},"thumbnailUrl":"https:\/\/ml-locations.be\/wp-content\/uploads\/2018\/04\/location-vasque-champagne-inox.jpg","datePublished":"2018-04-25T14:13:45+00:00","dateModified":"2018-05-18T15:11:43+00:00","description":"Vasque \u00e0 Champagne en location : rafra\u00eechissoir \u00e0 double paroi en inox. Mat\u00e9riel Horeca en location - Devis gratuit ! Livraison possible !","breadcrumb":{"@id":"https:\/\/ml-locations.be\/nl\/locations\/location-vasque-champagne-sur-pied\/#breadcrumb"},"inLanguage":"nl-NL","potentialAction":[{"@type":"ReadAction","target":["https:\/\/ml-locations.be\/nl\/locations\/location-vasque-champagne-sur-pied\/"]}]},{"@type":"ImageObject","inLanguage":"nl-NL","@id":"https:\/\/ml-locations.be\/nl\/locations\/location-vasque-champagne-sur-pied\/#primaryimage","url":"https:\/\/ml-locations.be\/wp-content\/uploads\/2018\/04\/location-vasque-champagne-inox.jpg","contentUrl":"https:\/\/ml-locations.be\/wp-content\/uploads\/2018\/04\/location-vasque-champagne-inox.jpg","width":600,"height":600,"caption":"Location vasque \u00e0 Champagne inox"},{"@type":"BreadcrumbList","@id":"https:\/\/ml-locations.be\/nl\/locations\/location-vasque-champagne-sur-pied\/#breadcrumb","itemListElement":[{"@type":"ListItem","position":1,"name":"Accueil","item":"https:\/\/ml-locations.be\/nl\/"},{"@type":"ListItem","position":2,"name":"Winkel","item":"https:\/\/ml-locations.be\/nl\/winkel\/"},{"@type":"ListItem","position":3,"name":"Vasque \u00e0 Champagne sur pied"}]},{"@type":"WebSite","@id":"https:\/\/ml-locations.be\/nl\/#website","url":"https:\/\/ml-locations.be\/nl\/","name":"ML Locations","description":"Mat\u00e9riel \u00e9v\u00e9nementiel : location chaise, table et mange debout, mat\u00e9riel horeca, frigos,...","publisher":{"@id":"https:\/\/ml-locations.be\/nl\/#organization"},"potentialAction":[{"@type":"SearchAction","target":{"@type":"EntryPoint","urlTemplate":"https:\/\/ml-locations.be\/nl\/?s={search_term_string}"},"query-input":{"@type":"PropertyValueSpecification","valueRequired":true,"valueName":"search_term_string"}}],"inLanguage":"nl-NL"},{"@type":"Organization","@id":"https:\/\/ml-locations.be\/nl\/#organization","name":"ML Locations","url":"https:\/\/ml-locations.be\/nl\/","logo":{"@type":"ImageObject","inLanguage":"nl-NL","@id":"https:\/\/ml-locations.be\/nl\/#\/schema\/logo\/image\/","url":"https:\/\/ml-locations.be\/wp-content\/uploads\/2018\/05\/LOGO-location-BON.png","contentUrl":"https:\/\/ml-locations.be\/wp-content\/uploads\/2018\/05\/LOGO-location-BON.png","width":1200,"height":1200,"caption":"ML Locations"},"image":{"@id":"https:\/\/ml-locations.be\/nl\/#\/schema\/logo\/image\/"}}]}},"_links":{"self":[{"href":"https:\/\/ml-locations.be\/nl\/wp-json\/wp\/v2\/product\/4754","targetHints":{"allow":["GET"]}}],"collection":[{"href":"https:\/\/ml-locations.be\/nl\/wp-json\/wp\/v2\/product"}],"about":[{"href":"https:\/\/ml-locations.be\/nl\/wp-json\/wp\/v2\/types\/product"}],"wp:featuredmedia":[{"embeddable":true,"href":"https:\/\/ml-locations.be\/nl\/wp-json\/wp\/v2\/media\/4760"}],"wp:attachment":[{"href":"https:\/\/ml-locations.be\/nl\/wp-json\/wp\/v2\/media?parent=4754"}],"wp:term":[{"taxonomy":"product_brand","embeddable":true,"href":"https:\/\/ml-locations.be\/nl\/wp-json\/wp\/v2\/product_brand?post=4754"},{"taxonomy":"product_cat","embeddable":true,"href":"https:\/\/ml-locations.be\/nl\/wp-json\/wp\/v2\/product_cat?post=4754"},{"taxonomy":"product_tag","embeddable":true,"href":"https:\/\/ml-locations.be\/nl\/wp-json\/wp\/v2\/product_tag?post=4754"}],"curies":[{"name":"wp","href":"https:\/\/api.w.org\/{rel}","templated":true}]}}