{"id":4776,"date":"2018-04-26T10:04:36","date_gmt":"2018-04-26T08:04:36","guid":{"rendered":"https:\/\/www.ml-locations.be?post_type=product&#038;p=4776"},"modified":"2025-08-18T15:07:38","modified_gmt":"2025-08-18T13:07:38","slug":"location-chaise-fatboy-rouge","status":"publish","type":"product","link":"https:\/\/ml-locations.be\/nl\/locations\/location-chaise-fatboy-rouge\/","title":{"rendered":"Pouf de type Fatboy beige"},"content":{"rendered":"<p><strong>Pouf de type Fatboy beige en location<\/strong> pour vos \u00e9v\u00e9nements ! Cet \u00e9norme pouf tr\u00e8s moelleux est id\u00e9al pour cr\u00e9er un coin cosy \u00e0 l&#8217;int\u00e9rieur. Ces poufs sont tr\u00e8s appr\u00e9ci\u00e9s pour leur confort et leur design.<\/p>\n<p><strong>Caract\u00e9ristiques des Fatboy en location :\u00a0<\/strong><\/p>\n<ul>\n<li>Tissu en nylon de tr\u00e8s haute qualit\u00e9.<\/li>\n<li>Rembourrage de tr\u00e8s haute qualit\u00e9 pour une utilisation durable.<\/li>\n<li>Ce pouf convient pour une utilisation \u00e0 l\u2019int\u00e9rieur<\/li>\n<li>Les poufs Fatboy sont r\u00e9sistants \u00e0 l\u2019eau et \u00e0 la salet\u00e9<\/li>\n<li>Poids : 6,8 kg<\/li>\n<\/ul>\n<p><strong>Dimension des poufs Fatboy :\u00a0<\/strong><\/p>\n<ul>\n<li>180 cm x 140 cm<\/li>\n<\/ul>\n","protected":false},"excerpt":{"rendered":"<p>Pouf de type Fatboy beige 180&#215;140 cm<\/p>\n","protected":false},"featured_media":1091143,"template":"","meta":{"_acf_changed":false},"product_brand":[],"product_cat":[245,6,12,209],"product_tag":[],"class_list":{"0":"post-4776","1":"product","2":"type-product","3":"status-publish","4":"has-post-thumbnail","6":"product_cat-location-mobilier-lounge-salon","7":"product_cat-mobilier","8":"product_cat-location-chaises-tabourets","9":"product_cat-produits-a-la-une","10":"description-off","12":"first","13":"instock","14":"taxable","15":"shipping-taxable","16":"purchasable","17":"product-type-simple"},"acf":[],"yoast_head":"<!-- This site is optimized with the Yoast SEO plugin v25.0 - https:\/\/yoast.com\/wordpress\/plugins\/seo\/ -->\n<title>Pouf Fatboy rouge en location | ML Locations<\/title>\n<meta name=\"description\" content=\"Fatboy rouge en location : pouf g\u00e9ant en tissu nylon \u00e0 louer pour vos \u00e9v\u00e9nements. Location de mobilier \u00e9v\u00e9nementiel - Devis gratuit !\" \/>\n<meta name=\"robots\" content=\"index, follow, max-snippet:-1, max-image-preview:large, max-video-preview:-1\" \/>\n<link rel=\"canonical\" href=\"https:\/\/ml-locations.be\/nl\/locations\/location-chaise-fatboy-rouge\/\" \/>\n<meta property=\"og:locale\" content=\"nl_NL\" \/>\n<meta property=\"og:type\" content=\"article\" \/>\n<meta property=\"og:title\" content=\"Pouf Fatboy rouge en location | ML Locations\" \/>\n<meta property=\"og:description\" content=\"Fatboy rouge en location : pouf g\u00e9ant en tissu nylon \u00e0 louer pour vos \u00e9v\u00e9nements. Location de mobilier \u00e9v\u00e9nementiel - Devis gratuit !\" \/>\n<meta property=\"og:url\" content=\"https:\/\/ml-locations.be\/nl\/locations\/location-chaise-fatboy-rouge\/\" \/>\n<meta property=\"og:site_name\" content=\"ML Locations\" \/>\n<meta property=\"article:modified_time\" content=\"2025-08-18T13:07:38+00:00\" \/>\n<meta property=\"og:image\" content=\"https:\/\/ml-locations.be\/wp-content\/uploads\/2018\/04\/Capture-decran-2025-08-18-a-15.06.42.png\" \/>\n\t<meta property=\"og:image:width\" content=\"638\" \/>\n\t<meta property=\"og:image:height\" content=\"598\" \/>\n\t<meta property=\"og:image:type\" content=\"image\/png\" \/>\n<meta name=\"twitter:card\" content=\"summary_large_image\" \/>\n<meta name=\"twitter:label1\" content=\"Geschatte leestijd\" \/>\n\t<meta name=\"twitter:data1\" content=\"1 minuut\" \/>\n<script type=\"application\/ld+json\" class=\"yoast-schema-graph\">{\"@context\":\"https:\/\/schema.org\",\"@graph\":[{\"@type\":\"WebPage\",\"@id\":\"https:\/\/ml-locations.be\/nl\/locations\/location-chaise-fatboy-rouge\/\",\"url\":\"https:\/\/ml-locations.be\/nl\/locations\/location-chaise-fatboy-rouge\/\",\"name\":\"Pouf Fatboy rouge en location | ML Locations\",\"isPartOf\":{\"@id\":\"https:\/\/ml-locations.be\/nl\/#website\"},\"primaryImageOfPage\":{\"@id\":\"https:\/\/ml-locations.be\/nl\/locations\/location-chaise-fatboy-rouge\/#primaryimage\"},\"image\":{\"@id\":\"https:\/\/ml-locations.be\/nl\/locations\/location-chaise-fatboy-rouge\/#primaryimage\"},\"thumbnailUrl\":\"https:\/\/ml-locations.be\/wp-content\/uploads\/2018\/04\/Capture-decran-2025-08-18-a-15.06.42.png\",\"datePublished\":\"2018-04-26T08:04:36+00:00\",\"dateModified\":\"2025-08-18T13:07:38+00:00\",\"description\":\"Fatboy rouge en location : pouf g\u00e9ant en tissu nylon \u00e0 louer pour vos \u00e9v\u00e9nements. Location de mobilier \u00e9v\u00e9nementiel - Devis gratuit !\",\"breadcrumb\":{\"@id\":\"https:\/\/ml-locations.be\/nl\/locations\/location-chaise-fatboy-rouge\/#breadcrumb\"},\"inLanguage\":\"nl-NL\",\"potentialAction\":[{\"@type\":\"ReadAction\",\"target\":[\"https:\/\/ml-locations.be\/nl\/locations\/location-chaise-fatboy-rouge\/\"]}]},{\"@type\":\"ImageObject\",\"inLanguage\":\"nl-NL\",\"@id\":\"https:\/\/ml-locations.be\/nl\/locations\/location-chaise-fatboy-rouge\/#primaryimage\",\"url\":\"https:\/\/ml-locations.be\/wp-content\/uploads\/2018\/04\/Capture-decran-2025-08-18-a-15.06.42.png\",\"contentUrl\":\"https:\/\/ml-locations.be\/wp-content\/uploads\/2018\/04\/Capture-decran-2025-08-18-a-15.06.42.png\",\"width\":638,\"height\":598,\"caption\":\"Pouf Beige\"},{\"@type\":\"BreadcrumbList\",\"@id\":\"https:\/\/ml-locations.be\/nl\/locations\/location-chaise-fatboy-rouge\/#breadcrumb\",\"itemListElement\":[{\"@type\":\"ListItem\",\"position\":1,\"name\":\"Accueil\",\"item\":\"https:\/\/ml-locations.be\/nl\/\"},{\"@type\":\"ListItem\",\"position\":2,\"name\":\"Winkel\",\"item\":\"https:\/\/ml-locations.be\/nl\/winkel\/\"},{\"@type\":\"ListItem\",\"position\":3,\"name\":\"Pouf de type Fatboy beige\"}]},{\"@type\":\"WebSite\",\"@id\":\"https:\/\/ml-locations.be\/nl\/#website\",\"url\":\"https:\/\/ml-locations.be\/nl\/\",\"name\":\"ML Locations\",\"description\":\"Mat\u00e9riel \u00e9v\u00e9nementiel : location chaise, table et mange debout, mat\u00e9riel horeca, frigos,...\",\"publisher\":{\"@id\":\"https:\/\/ml-locations.be\/nl\/#organization\"},\"potentialAction\":[{\"@type\":\"SearchAction\",\"target\":{\"@type\":\"EntryPoint\",\"urlTemplate\":\"https:\/\/ml-locations.be\/nl\/?s={search_term_string}\"},\"query-input\":{\"@type\":\"PropertyValueSpecification\",\"valueRequired\":true,\"valueName\":\"search_term_string\"}}],\"inLanguage\":\"nl-NL\"},{\"@type\":\"Organization\",\"@id\":\"https:\/\/ml-locations.be\/nl\/#organization\",\"name\":\"ML Locations\",\"url\":\"https:\/\/ml-locations.be\/nl\/\",\"logo\":{\"@type\":\"ImageObject\",\"inLanguage\":\"nl-NL\",\"@id\":\"https:\/\/ml-locations.be\/nl\/#\/schema\/logo\/image\/\",\"url\":\"https:\/\/ml-locations.be\/wp-content\/uploads\/2018\/05\/LOGO-location-BON.png\",\"contentUrl\":\"https:\/\/ml-locations.be\/wp-content\/uploads\/2018\/05\/LOGO-location-BON.png\",\"width\":1200,\"height\":1200,\"caption\":\"ML Locations\"},\"image\":{\"@id\":\"https:\/\/ml-locations.be\/nl\/#\/schema\/logo\/image\/\"}}]}<\/script>\n<!-- \/ Yoast SEO plugin. -->","yoast_head_json":{"title":"Pouf Fatboy rouge en location | ML Locations","description":"Fatboy rouge en location : pouf g\u00e9ant en tissu nylon \u00e0 louer pour vos \u00e9v\u00e9nements. Location de mobilier \u00e9v\u00e9nementiel - Devis gratuit !","robots":{"index":"index","follow":"follow","max-snippet":"max-snippet:-1","max-image-preview":"max-image-preview:large","max-video-preview":"max-video-preview:-1"},"canonical":"https:\/\/ml-locations.be\/nl\/locations\/location-chaise-fatboy-rouge\/","og_locale":"nl_NL","og_type":"article","og_title":"Pouf Fatboy rouge en location | ML Locations","og_description":"Fatboy rouge en location : pouf g\u00e9ant en tissu nylon \u00e0 louer pour vos \u00e9v\u00e9nements. Location de mobilier \u00e9v\u00e9nementiel - Devis gratuit !","og_url":"https:\/\/ml-locations.be\/nl\/locations\/location-chaise-fatboy-rouge\/","og_site_name":"ML Locations","article_modified_time":"2025-08-18T13:07:38+00:00","og_image":[{"width":638,"height":598,"url":"https:\/\/ml-locations.be\/wp-content\/uploads\/2018\/04\/Capture-decran-2025-08-18-a-15.06.42.png","type":"image\/png"}],"twitter_card":"summary_large_image","twitter_misc":{"Geschatte leestijd":"1 minuut"},"schema":{"@context":"https:\/\/schema.org","@graph":[{"@type":"WebPage","@id":"https:\/\/ml-locations.be\/nl\/locations\/location-chaise-fatboy-rouge\/","url":"https:\/\/ml-locations.be\/nl\/locations\/location-chaise-fatboy-rouge\/","name":"Pouf Fatboy rouge en location | ML Locations","isPartOf":{"@id":"https:\/\/ml-locations.be\/nl\/#website"},"primaryImageOfPage":{"@id":"https:\/\/ml-locations.be\/nl\/locations\/location-chaise-fatboy-rouge\/#primaryimage"},"image":{"@id":"https:\/\/ml-locations.be\/nl\/locations\/location-chaise-fatboy-rouge\/#primaryimage"},"thumbnailUrl":"https:\/\/ml-locations.be\/wp-content\/uploads\/2018\/04\/Capture-decran-2025-08-18-a-15.06.42.png","datePublished":"2018-04-26T08:04:36+00:00","dateModified":"2025-08-18T13:07:38+00:00","description":"Fatboy rouge en location : pouf g\u00e9ant en tissu nylon \u00e0 louer pour vos \u00e9v\u00e9nements. Location de mobilier \u00e9v\u00e9nementiel - Devis gratuit !","breadcrumb":{"@id":"https:\/\/ml-locations.be\/nl\/locations\/location-chaise-fatboy-rouge\/#breadcrumb"},"inLanguage":"nl-NL","potentialAction":[{"@type":"ReadAction","target":["https:\/\/ml-locations.be\/nl\/locations\/location-chaise-fatboy-rouge\/"]}]},{"@type":"ImageObject","inLanguage":"nl-NL","@id":"https:\/\/ml-locations.be\/nl\/locations\/location-chaise-fatboy-rouge\/#primaryimage","url":"https:\/\/ml-locations.be\/wp-content\/uploads\/2018\/04\/Capture-decran-2025-08-18-a-15.06.42.png","contentUrl":"https:\/\/ml-locations.be\/wp-content\/uploads\/2018\/04\/Capture-decran-2025-08-18-a-15.06.42.png","width":638,"height":598,"caption":"Pouf Beige"},{"@type":"BreadcrumbList","@id":"https:\/\/ml-locations.be\/nl\/locations\/location-chaise-fatboy-rouge\/#breadcrumb","itemListElement":[{"@type":"ListItem","position":1,"name":"Accueil","item":"https:\/\/ml-locations.be\/nl\/"},{"@type":"ListItem","position":2,"name":"Winkel","item":"https:\/\/ml-locations.be\/nl\/winkel\/"},{"@type":"ListItem","position":3,"name":"Pouf de type Fatboy beige"}]},{"@type":"WebSite","@id":"https:\/\/ml-locations.be\/nl\/#website","url":"https:\/\/ml-locations.be\/nl\/","name":"ML Locations","description":"Mat\u00e9riel \u00e9v\u00e9nementiel : location chaise, table et mange debout, mat\u00e9riel horeca, frigos,...","publisher":{"@id":"https:\/\/ml-locations.be\/nl\/#organization"},"potentialAction":[{"@type":"SearchAction","target":{"@type":"EntryPoint","urlTemplate":"https:\/\/ml-locations.be\/nl\/?s={search_term_string}"},"query-input":{"@type":"PropertyValueSpecification","valueRequired":true,"valueName":"search_term_string"}}],"inLanguage":"nl-NL"},{"@type":"Organization","@id":"https:\/\/ml-locations.be\/nl\/#organization","name":"ML Locations","url":"https:\/\/ml-locations.be\/nl\/","logo":{"@type":"ImageObject","inLanguage":"nl-NL","@id":"https:\/\/ml-locations.be\/nl\/#\/schema\/logo\/image\/","url":"https:\/\/ml-locations.be\/wp-content\/uploads\/2018\/05\/LOGO-location-BON.png","contentUrl":"https:\/\/ml-locations.be\/wp-content\/uploads\/2018\/05\/LOGO-location-BON.png","width":1200,"height":1200,"caption":"ML Locations"},"image":{"@id":"https:\/\/ml-locations.be\/nl\/#\/schema\/logo\/image\/"}}]}},"_links":{"self":[{"href":"https:\/\/ml-locations.be\/nl\/wp-json\/wp\/v2\/product\/4776","targetHints":{"allow":["GET"]}}],"collection":[{"href":"https:\/\/ml-locations.be\/nl\/wp-json\/wp\/v2\/product"}],"about":[{"href":"https:\/\/ml-locations.be\/nl\/wp-json\/wp\/v2\/types\/product"}],"wp:featuredmedia":[{"embeddable":true,"href":"https:\/\/ml-locations.be\/nl\/wp-json\/wp\/v2\/media\/1091143"}],"wp:attachment":[{"href":"https:\/\/ml-locations.be\/nl\/wp-json\/wp\/v2\/media?parent=4776"}],"wp:term":[{"taxonomy":"product_brand","embeddable":true,"href":"https:\/\/ml-locations.be\/nl\/wp-json\/wp\/v2\/product_brand?post=4776"},{"taxonomy":"product_cat","embeddable":true,"href":"https:\/\/ml-locations.be\/nl\/wp-json\/wp\/v2\/product_cat?post=4776"},{"taxonomy":"product_tag","embeddable":true,"href":"https:\/\/ml-locations.be\/nl\/wp-json\/wp\/v2\/product_tag?post=4776"}],"curies":[{"name":"wp","href":"https:\/\/api.w.org\/{rel}","templated":true}]}}