{"id":4824,"date":"2018-04-26T15:22:03","date_gmt":"2018-04-26T13:22:03","guid":{"rendered":"https:\/\/www.ml-locations.be?post_type=product&#038;p=4824"},"modified":"2026-02-16T17:06:16","modified_gmt":"2026-02-16T16:06:16","slug":"location-chateau-gonflable-toboggan-gonflable-pirate","status":"publish","type":"product","link":"https:\/\/ml-locations.be\/nl\/locations\/location-chateau-gonflable-toboggan-gonflable-pirate\/","title":{"rendered":"Toboggan gonflable g\u00e9ant &#8220;Pirate&#8221;"},"content":{"rendered":"<p><strong>Toboggan g\u00e9ant <\/strong>avec d\u00e9cor<strong> Pirate. <\/strong>Ce <strong>\u00a0toboggan gonflable <\/strong>amusera les enfants qui glisseront en toute s\u00e9curit\u00e9 du haut du toboggan. Le toboggan gonflable vous permet de grimper par les petites marches lat\u00e9rales et de glisser. Associez-le \u00e0 un ch\u00e2teau gonflable et vous avez un vrai parc d&#8217;attraction \u00e0 disposition. \u00a0Le <strong>toboggan gonflable\u00a0<\/strong>est fourni avec une soufflerie\/gonfleur et il se gonfle facilement.<\/p>\n<p>Les enfants grimpent au sommet de cette grande et impressionnante structure gonflable par l\u2019\u00e9chelle situ\u00e9e \u00e0 droite, et font une grande glissade le long de cette descente infernale. La large rampe permet d\u2019accueillir facilement deux personnes c\u00f4te \u00e0 c\u00f4te.<\/p>\n<p>Attention\u00a0: il faut pr\u00e9voir une arriv\u00e9e \u00e9lectrique pour gonfler le ch\u00e2teau.<\/p>\n<p><strong>Dimensions et caract\u00e9ristiques du toboggan gonflable Pirate :<\/strong><\/p>\n<ul>\n<li>Longueur : 7,80 m,<\/li>\n<li>Largueur : 3,80 m,<\/li>\n<li>Hauteur : 6,30 m,<\/li>\n<li>Poids : 200 kg,<\/li>\n<li>Temps d\u2019installation: 15 min,<\/li>\n<li>Capacit\u00e9: 6 personnes.<\/li>\n<\/ul>\n<p>&nbsp;<\/p>\n","protected":false},"excerpt":{"rendered":"<p>Le<strong> toboggan g\u00e9ant Pirate<\/strong>\u00a0(6m de haut) est parfait comme animation pour les enfants durant vos <strong>f\u00eates<\/strong>. Il est id\u00e9al pour l&#8217;anniversaire de votre enfant, communion, fancy-fair, ainsi que pour tous vos <strong>\u00e9v\u00e9nements <\/strong>!<\/p>\n","protected":false},"featured_media":4842,"template":"","meta":{"_acf_changed":false},"product_brand":[],"product_cat":[43,44,45],"product_tag":[207],"class_list":{"0":"post-4824","1":"product","2":"type-product","3":"status-publish","4":"has-post-thumbnail","6":"product_cat-jeux-divertissement-en-location","7":"product_cat-location-chateau-gonflable","8":"product_cat-structures-gonflables-et-jeux-gonflables-a-louer","9":"product_tag-location-chateau-gonflable-namur","10":"description-off","12":"first","13":"instock","14":"taxable","15":"shipping-taxable","16":"purchasable","17":"product-type-variable"},"acf":[],"yoast_head":"<!-- This site is optimized with the Yoast SEO plugin v25.0 - https:\/\/yoast.com\/wordpress\/plugins\/seo\/ -->\n<title>Location chateau gonflable - Toboggan Pirate | ML Locations<\/title>\n<meta name=\"description\" content=\"Chateau gonflable en location : toboggan Pirate 6,80 m de haut ! Une super attraction pour les enfants ! Devis gratuit ! Service de livraison\" \/>\n<meta name=\"robots\" content=\"index, follow, max-snippet:-1, max-image-preview:large, max-video-preview:-1\" \/>\n<link rel=\"canonical\" href=\"https:\/\/ml-locations.be\/nl\/locations\/location-chateau-gonflable-toboggan-gonflable-pirate\/\" \/>\n<meta property=\"og:locale\" content=\"nl_NL\" \/>\n<meta property=\"og:type\" content=\"article\" \/>\n<meta property=\"og:title\" content=\"Location chateau gonflable - Toboggan Pirate | ML Locations\" \/>\n<meta property=\"og:description\" content=\"Chateau gonflable en location : toboggan Pirate 6,80 m de haut ! Une super attraction pour les enfants ! Devis gratuit ! Service de livraison\" \/>\n<meta property=\"og:url\" content=\"https:\/\/ml-locations.be\/nl\/locations\/location-chateau-gonflable-toboggan-gonflable-pirate\/\" \/>\n<meta property=\"og:site_name\" content=\"ML Locations\" \/>\n<meta property=\"article:modified_time\" content=\"2026-02-16T16:06:16+00:00\" \/>\n<meta property=\"og:image\" content=\"https:\/\/ml-locations.be\/wp-content\/uploads\/2018\/04\/location-chateau-gonflable-toboggan-pirate.jpg\" \/>\n\t<meta property=\"og:image:width\" content=\"940\" \/>\n\t<meta property=\"og:image:height\" content=\"652\" \/>\n\t<meta property=\"og:image:type\" content=\"image\/jpeg\" \/>\n<meta name=\"twitter:card\" content=\"summary_large_image\" \/>\n<meta name=\"twitter:label1\" content=\"Geschatte leestijd\" \/>\n\t<meta name=\"twitter:data1\" content=\"1 minuut\" \/>\n<script type=\"application\/ld+json\" class=\"yoast-schema-graph\">{\"@context\":\"https:\/\/schema.org\",\"@graph\":[{\"@type\":\"WebPage\",\"@id\":\"https:\/\/ml-locations.be\/nl\/locations\/location-chateau-gonflable-toboggan-gonflable-pirate\/\",\"url\":\"https:\/\/ml-locations.be\/nl\/locations\/location-chateau-gonflable-toboggan-gonflable-pirate\/\",\"name\":\"Location chateau gonflable - Toboggan Pirate | ML Locations\",\"isPartOf\":{\"@id\":\"https:\/\/ml-locations.be\/nl\/#website\"},\"primaryImageOfPage\":{\"@id\":\"https:\/\/ml-locations.be\/nl\/locations\/location-chateau-gonflable-toboggan-gonflable-pirate\/#primaryimage\"},\"image\":{\"@id\":\"https:\/\/ml-locations.be\/nl\/locations\/location-chateau-gonflable-toboggan-gonflable-pirate\/#primaryimage\"},\"thumbnailUrl\":\"https:\/\/ml-locations.be\/wp-content\/uploads\/2018\/04\/location-chateau-gonflable-toboggan-pirate.jpg\",\"datePublished\":\"2018-04-26T13:22:03+00:00\",\"dateModified\":\"2026-02-16T16:06:16+00:00\",\"description\":\"Chateau gonflable en location : toboggan Pirate 6,80 m de haut ! Une super attraction pour les enfants ! Devis gratuit ! Service de livraison\",\"breadcrumb\":{\"@id\":\"https:\/\/ml-locations.be\/nl\/locations\/location-chateau-gonflable-toboggan-gonflable-pirate\/#breadcrumb\"},\"inLanguage\":\"nl-NL\",\"potentialAction\":[{\"@type\":\"ReadAction\",\"target\":[\"https:\/\/ml-locations.be\/nl\/locations\/location-chateau-gonflable-toboggan-gonflable-pirate\/\"]}]},{\"@type\":\"ImageObject\",\"inLanguage\":\"nl-NL\",\"@id\":\"https:\/\/ml-locations.be\/nl\/locations\/location-chateau-gonflable-toboggan-gonflable-pirate\/#primaryimage\",\"url\":\"https:\/\/ml-locations.be\/wp-content\/uploads\/2018\/04\/location-chateau-gonflable-toboggan-pirate.jpg\",\"contentUrl\":\"https:\/\/ml-locations.be\/wp-content\/uploads\/2018\/04\/location-chateau-gonflable-toboggan-pirate.jpg\",\"width\":940,\"height\":652,\"caption\":\"location chateau gonflable toboggan pirate\"},{\"@type\":\"BreadcrumbList\",\"@id\":\"https:\/\/ml-locations.be\/nl\/locations\/location-chateau-gonflable-toboggan-gonflable-pirate\/#breadcrumb\",\"itemListElement\":[{\"@type\":\"ListItem\",\"position\":1,\"name\":\"Accueil\",\"item\":\"https:\/\/ml-locations.be\/nl\/\"},{\"@type\":\"ListItem\",\"position\":2,\"name\":\"Winkel\",\"item\":\"https:\/\/ml-locations.be\/nl\/winkel\/\"},{\"@type\":\"ListItem\",\"position\":3,\"name\":\"Toboggan gonflable g\u00e9ant &#8220;Pirate&#8221;\"}]},{\"@type\":\"WebSite\",\"@id\":\"https:\/\/ml-locations.be\/nl\/#website\",\"url\":\"https:\/\/ml-locations.be\/nl\/\",\"name\":\"ML Locations\",\"description\":\"Mat\u00e9riel \u00e9v\u00e9nementiel : location chaise, table et mange debout, mat\u00e9riel horeca, frigos,...\",\"publisher\":{\"@id\":\"https:\/\/ml-locations.be\/nl\/#organization\"},\"potentialAction\":[{\"@type\":\"SearchAction\",\"target\":{\"@type\":\"EntryPoint\",\"urlTemplate\":\"https:\/\/ml-locations.be\/nl\/?s={search_term_string}\"},\"query-input\":{\"@type\":\"PropertyValueSpecification\",\"valueRequired\":true,\"valueName\":\"search_term_string\"}}],\"inLanguage\":\"nl-NL\"},{\"@type\":\"Organization\",\"@id\":\"https:\/\/ml-locations.be\/nl\/#organization\",\"name\":\"ML Locations\",\"url\":\"https:\/\/ml-locations.be\/nl\/\",\"logo\":{\"@type\":\"ImageObject\",\"inLanguage\":\"nl-NL\",\"@id\":\"https:\/\/ml-locations.be\/nl\/#\/schema\/logo\/image\/\",\"url\":\"https:\/\/ml-locations.be\/wp-content\/uploads\/2018\/05\/LOGO-location-BON.png\",\"contentUrl\":\"https:\/\/ml-locations.be\/wp-content\/uploads\/2018\/05\/LOGO-location-BON.png\",\"width\":1200,\"height\":1200,\"caption\":\"ML Locations\"},\"image\":{\"@id\":\"https:\/\/ml-locations.be\/nl\/#\/schema\/logo\/image\/\"}}]}<\/script>\n<!-- \/ Yoast SEO plugin. -->","yoast_head_json":{"title":"Location chateau gonflable - Toboggan Pirate | ML Locations","description":"Chateau gonflable en location : toboggan Pirate 6,80 m de haut ! Une super attraction pour les enfants ! Devis gratuit ! Service de livraison","robots":{"index":"index","follow":"follow","max-snippet":"max-snippet:-1","max-image-preview":"max-image-preview:large","max-video-preview":"max-video-preview:-1"},"canonical":"https:\/\/ml-locations.be\/nl\/locations\/location-chateau-gonflable-toboggan-gonflable-pirate\/","og_locale":"nl_NL","og_type":"article","og_title":"Location chateau gonflable - Toboggan Pirate | ML Locations","og_description":"Chateau gonflable en location : toboggan Pirate 6,80 m de haut ! Une super attraction pour les enfants ! Devis gratuit ! Service de livraison","og_url":"https:\/\/ml-locations.be\/nl\/locations\/location-chateau-gonflable-toboggan-gonflable-pirate\/","og_site_name":"ML Locations","article_modified_time":"2026-02-16T16:06:16+00:00","og_image":[{"width":940,"height":652,"url":"https:\/\/ml-locations.be\/wp-content\/uploads\/2018\/04\/location-chateau-gonflable-toboggan-pirate.jpg","type":"image\/jpeg"}],"twitter_card":"summary_large_image","twitter_misc":{"Geschatte leestijd":"1 minuut"},"schema":{"@context":"https:\/\/schema.org","@graph":[{"@type":"WebPage","@id":"https:\/\/ml-locations.be\/nl\/locations\/location-chateau-gonflable-toboggan-gonflable-pirate\/","url":"https:\/\/ml-locations.be\/nl\/locations\/location-chateau-gonflable-toboggan-gonflable-pirate\/","name":"Location chateau gonflable - Toboggan Pirate | ML Locations","isPartOf":{"@id":"https:\/\/ml-locations.be\/nl\/#website"},"primaryImageOfPage":{"@id":"https:\/\/ml-locations.be\/nl\/locations\/location-chateau-gonflable-toboggan-gonflable-pirate\/#primaryimage"},"image":{"@id":"https:\/\/ml-locations.be\/nl\/locations\/location-chateau-gonflable-toboggan-gonflable-pirate\/#primaryimage"},"thumbnailUrl":"https:\/\/ml-locations.be\/wp-content\/uploads\/2018\/04\/location-chateau-gonflable-toboggan-pirate.jpg","datePublished":"2018-04-26T13:22:03+00:00","dateModified":"2026-02-16T16:06:16+00:00","description":"Chateau gonflable en location : toboggan Pirate 6,80 m de haut ! Une super attraction pour les enfants ! Devis gratuit ! Service de livraison","breadcrumb":{"@id":"https:\/\/ml-locations.be\/nl\/locations\/location-chateau-gonflable-toboggan-gonflable-pirate\/#breadcrumb"},"inLanguage":"nl-NL","potentialAction":[{"@type":"ReadAction","target":["https:\/\/ml-locations.be\/nl\/locations\/location-chateau-gonflable-toboggan-gonflable-pirate\/"]}]},{"@type":"ImageObject","inLanguage":"nl-NL","@id":"https:\/\/ml-locations.be\/nl\/locations\/location-chateau-gonflable-toboggan-gonflable-pirate\/#primaryimage","url":"https:\/\/ml-locations.be\/wp-content\/uploads\/2018\/04\/location-chateau-gonflable-toboggan-pirate.jpg","contentUrl":"https:\/\/ml-locations.be\/wp-content\/uploads\/2018\/04\/location-chateau-gonflable-toboggan-pirate.jpg","width":940,"height":652,"caption":"location chateau gonflable toboggan pirate"},{"@type":"BreadcrumbList","@id":"https:\/\/ml-locations.be\/nl\/locations\/location-chateau-gonflable-toboggan-gonflable-pirate\/#breadcrumb","itemListElement":[{"@type":"ListItem","position":1,"name":"Accueil","item":"https:\/\/ml-locations.be\/nl\/"},{"@type":"ListItem","position":2,"name":"Winkel","item":"https:\/\/ml-locations.be\/nl\/winkel\/"},{"@type":"ListItem","position":3,"name":"Toboggan gonflable g\u00e9ant &#8220;Pirate&#8221;"}]},{"@type":"WebSite","@id":"https:\/\/ml-locations.be\/nl\/#website","url":"https:\/\/ml-locations.be\/nl\/","name":"ML Locations","description":"Mat\u00e9riel \u00e9v\u00e9nementiel : location chaise, table et mange debout, mat\u00e9riel horeca, frigos,...","publisher":{"@id":"https:\/\/ml-locations.be\/nl\/#organization"},"potentialAction":[{"@type":"SearchAction","target":{"@type":"EntryPoint","urlTemplate":"https:\/\/ml-locations.be\/nl\/?s={search_term_string}"},"query-input":{"@type":"PropertyValueSpecification","valueRequired":true,"valueName":"search_term_string"}}],"inLanguage":"nl-NL"},{"@type":"Organization","@id":"https:\/\/ml-locations.be\/nl\/#organization","name":"ML Locations","url":"https:\/\/ml-locations.be\/nl\/","logo":{"@type":"ImageObject","inLanguage":"nl-NL","@id":"https:\/\/ml-locations.be\/nl\/#\/schema\/logo\/image\/","url":"https:\/\/ml-locations.be\/wp-content\/uploads\/2018\/05\/LOGO-location-BON.png","contentUrl":"https:\/\/ml-locations.be\/wp-content\/uploads\/2018\/05\/LOGO-location-BON.png","width":1200,"height":1200,"caption":"ML Locations"},"image":{"@id":"https:\/\/ml-locations.be\/nl\/#\/schema\/logo\/image\/"}}]}},"_links":{"self":[{"href":"https:\/\/ml-locations.be\/nl\/wp-json\/wp\/v2\/product\/4824","targetHints":{"allow":["GET"]}}],"collection":[{"href":"https:\/\/ml-locations.be\/nl\/wp-json\/wp\/v2\/product"}],"about":[{"href":"https:\/\/ml-locations.be\/nl\/wp-json\/wp\/v2\/types\/product"}],"wp:featuredmedia":[{"embeddable":true,"href":"https:\/\/ml-locations.be\/nl\/wp-json\/wp\/v2\/media\/4842"}],"wp:attachment":[{"href":"https:\/\/ml-locations.be\/nl\/wp-json\/wp\/v2\/media?parent=4824"}],"wp:term":[{"taxonomy":"product_brand","embeddable":true,"href":"https:\/\/ml-locations.be\/nl\/wp-json\/wp\/v2\/product_brand?post=4824"},{"taxonomy":"product_cat","embeddable":true,"href":"https:\/\/ml-locations.be\/nl\/wp-json\/wp\/v2\/product_cat?post=4824"},{"taxonomy":"product_tag","embeddable":true,"href":"https:\/\/ml-locations.be\/nl\/wp-json\/wp\/v2\/product_tag?post=4824"}],"curies":[{"name":"wp","href":"https:\/\/api.w.org\/{rel}","templated":true}]}}