{"id":4844,"date":"2018-04-26T16:38:19","date_gmt":"2018-04-26T14:38:19","guid":{"rendered":"https:\/\/www.ml-locations.be?post_type=product&#038;p=4844"},"modified":"2026-02-16T17:04:52","modified_gmt":"2026-02-16T16:04:52","slug":"location-chateau-gonflable-kicker-geant-babyfoot-humain","status":"publish","type":"product","link":"https:\/\/ml-locations.be\/nl\/locations\/location-chateau-gonflable-kicker-geant-babyfoot-humain\/","title":{"rendered":"Kicker g\u00e9ant &#8211; babyfoot humain gonflable (10 personnes)"},"content":{"rendered":"<p>La <strong>location du kicker g\u00e9ant<\/strong> comprend la structure gonflable, un gonfleur \u00e9lectrique, un ballon. Cette <strong>structure<\/strong> est un <strong>Babyfoot g\u00e9ant (Kicker) \u00e0 taille humaine<\/strong>. Affrontez-vous en \u00e9quipe de <strong>5 contre 5<\/strong> dans des matchs de foot amusant! Les joueurs sont reli\u00e9s \u00e0 des sangles et peuvent uniquement se d\u00e9placer lat\u00e9ralement dans la <strong>structure gonflable<\/strong>. La seule diff\u00e9rence avec un <strong>Babyfoot<\/strong> classique est que vous \u00eates dans le <strong>Babyfoot.<\/strong> L\u2019esprit d&#8217;\u00e9quipe est indispensable pour gagner. En effet, que vous soyez un footballeur professionnel ou non, vous n\u2019aurez pas la possibilit\u00e9 de vous la jouer perso\u00a0!!<\/p>\n<p>Vous souhaitez louer un jeu gonflable en alternative \u00e0 la location d&#8217;un chateau gonflable? Le kicker g\u00e9ant est une animation absolument g\u00e9nial dont vous ne vous lasserez pas\u00a0! Constituez deux \u00e9quipes de joueurs et disposez-vous le long des sangles afin de pouvoir glisser vos mains aux emplacements. Choisissez un arbitre et lancez-vous dans un match de foot hors du commun.<br \/>\nLes bandeaux sur lesquels sont attach\u00e9es vos mains peuvent coulisser de gauche \u00e0 droite mais ne peuvent en aucun cas s\u00e9parer les joueurs sur le m\u00eame bandeau ce qui rend l\u2019attraction extr\u00eamement d\u00e9lirante.<\/p>\n<p>Dimensions et caract\u00e9ristiques du <strong>kicker g\u00e9ant en location<\/strong>\u00a0:<\/p>\n<ul>\n<li>Longueur\u00a0: 12,40 m,<\/li>\n<li>Largueur\u00a0: 7 m,<\/li>\n<li>Hauteur\u00a0: 2 m,<\/li>\n<li>Capacit\u00e9\u00a0: 10 personnes,<\/li>\n<li>Poids\u00a0: 120 kg,<\/li>\n<li>Temps d\u2019installation\u00a0: 30 min.<\/li>\n<\/ul>\n","protected":false},"excerpt":{"rendered":"<p><strong>Kicker g\u00e9ant en location<\/strong>\u00a0pour des petits matchs de 5 contre 5 ! Louez ce<strong>\u00a0babyfoot g\u00e9ant \u00a0<\/strong>u kicker\u00a0humain gonflable pour vos<strong> \u00e9v\u00e9nements !<\/strong> Il est id\u00e9al comme activit\u00e9 pour \u00e9v\u00e9nements d&#8217;entreprise, activit\u00e9s ext\u00e9rieures, etc.<\/p>\n<p><strong>Tarifs de location du kicker g\u00e9ant :\u00a0<\/strong><\/p>\n<ul>\n<li>Jour de semaine : 300 \u20ac htva<\/li>\n<li>Jour f\u00e9ri\u00e9 : 300 \u20ac htva<\/li>\n<li>Week-end complet : 400 \u20ac htva<\/li>\n<\/ul>\n<p>NB : les tarifs comprennent le transport (livraison et reprise) dans un rayon de 30 km.<\/p>\n","protected":false},"featured_media":4848,"template":"","meta":{"_acf_changed":false},"product_brand":[],"product_cat":[43,44,45],"product_tag":[207],"class_list":{"0":"post-4844","1":"product","2":"type-product","3":"status-publish","4":"has-post-thumbnail","6":"product_cat-jeux-divertissement-en-location","7":"product_cat-location-chateau-gonflable","8":"product_cat-structures-gonflables-et-jeux-gonflables-a-louer","9":"product_tag-location-chateau-gonflable-namur","10":"description-off","12":"first","13":"instock","14":"taxable","15":"shipping-taxable","16":"purchasable","17":"product-type-variable"},"acf":[],"yoast_head":"<!-- This site is optimized with the Yoast SEO plugin v25.0 - https:\/\/yoast.com\/wordpress\/plugins\/seo\/ -->\n<title>Location kicker g\u00e9ant (baby foot humain) | ML Locations<\/title>\n<meta name=\"description\" content=\"Louez ce kicker g\u00e9ant gonflable et affrontez-vous dans des matchs de 6 contre 6 : fun et amusement garantis ! Livraison possible.\" \/>\n<meta name=\"robots\" content=\"index, follow, max-snippet:-1, max-image-preview:large, max-video-preview:-1\" \/>\n<link rel=\"canonical\" href=\"https:\/\/ml-locations.be\/nl\/locations\/location-chateau-gonflable-kicker-geant-babyfoot-humain\/\" \/>\n<meta property=\"og:locale\" content=\"nl_NL\" \/>\n<meta property=\"og:type\" content=\"article\" \/>\n<meta property=\"og:title\" content=\"Location kicker g\u00e9ant (baby foot humain) | ML Locations\" \/>\n<meta property=\"og:description\" content=\"Louez ce kicker g\u00e9ant gonflable et affrontez-vous dans des matchs de 6 contre 6 : fun et amusement garantis ! Livraison possible.\" \/>\n<meta property=\"og:url\" content=\"https:\/\/ml-locations.be\/nl\/locations\/location-chateau-gonflable-kicker-geant-babyfoot-humain\/\" \/>\n<meta property=\"og:site_name\" content=\"ML Locations\" \/>\n<meta property=\"article:modified_time\" content=\"2026-02-16T16:04:52+00:00\" \/>\n<meta property=\"og:image\" content=\"https:\/\/ml-locations.be\/wp-content\/uploads\/2018\/04\/location-chateau-gonflable-kicker-geant-1.jpg\" \/>\n\t<meta property=\"og:image:width\" content=\"940\" \/>\n\t<meta property=\"og:image:height\" content=\"652\" \/>\n\t<meta property=\"og:image:type\" content=\"image\/jpeg\" \/>\n<meta name=\"twitter:card\" content=\"summary_large_image\" \/>\n<meta name=\"twitter:label1\" content=\"Geschatte leestijd\" \/>\n\t<meta name=\"twitter:data1\" content=\"2 minuten\" \/>\n<script type=\"application\/ld+json\" class=\"yoast-schema-graph\">{\"@context\":\"https:\/\/schema.org\",\"@graph\":[{\"@type\":\"WebPage\",\"@id\":\"https:\/\/ml-locations.be\/nl\/locations\/location-chateau-gonflable-kicker-geant-babyfoot-humain\/\",\"url\":\"https:\/\/ml-locations.be\/nl\/locations\/location-chateau-gonflable-kicker-geant-babyfoot-humain\/\",\"name\":\"Location kicker g\u00e9ant (baby foot humain) | ML Locations\",\"isPartOf\":{\"@id\":\"https:\/\/ml-locations.be\/nl\/#website\"},\"primaryImageOfPage\":{\"@id\":\"https:\/\/ml-locations.be\/nl\/locations\/location-chateau-gonflable-kicker-geant-babyfoot-humain\/#primaryimage\"},\"image\":{\"@id\":\"https:\/\/ml-locations.be\/nl\/locations\/location-chateau-gonflable-kicker-geant-babyfoot-humain\/#primaryimage\"},\"thumbnailUrl\":\"https:\/\/ml-locations.be\/wp-content\/uploads\/2018\/04\/location-chateau-gonflable-kicker-geant-1.jpg\",\"datePublished\":\"2018-04-26T14:38:19+00:00\",\"dateModified\":\"2026-02-16T16:04:52+00:00\",\"description\":\"Louez ce kicker g\u00e9ant gonflable et affrontez-vous dans des matchs de 6 contre 6 : fun et amusement garantis ! Livraison possible.\",\"breadcrumb\":{\"@id\":\"https:\/\/ml-locations.be\/nl\/locations\/location-chateau-gonflable-kicker-geant-babyfoot-humain\/#breadcrumb\"},\"inLanguage\":\"nl-NL\",\"potentialAction\":[{\"@type\":\"ReadAction\",\"target\":[\"https:\/\/ml-locations.be\/nl\/locations\/location-chateau-gonflable-kicker-geant-babyfoot-humain\/\"]}]},{\"@type\":\"ImageObject\",\"inLanguage\":\"nl-NL\",\"@id\":\"https:\/\/ml-locations.be\/nl\/locations\/location-chateau-gonflable-kicker-geant-babyfoot-humain\/#primaryimage\",\"url\":\"https:\/\/ml-locations.be\/wp-content\/uploads\/2018\/04\/location-chateau-gonflable-kicker-geant-1.jpg\",\"contentUrl\":\"https:\/\/ml-locations.be\/wp-content\/uploads\/2018\/04\/location-chateau-gonflable-kicker-geant-1.jpg\",\"width\":940,\"height\":652,\"caption\":\"location chateau gonflable kicker geant\"},{\"@type\":\"BreadcrumbList\",\"@id\":\"https:\/\/ml-locations.be\/nl\/locations\/location-chateau-gonflable-kicker-geant-babyfoot-humain\/#breadcrumb\",\"itemListElement\":[{\"@type\":\"ListItem\",\"position\":1,\"name\":\"Accueil\",\"item\":\"https:\/\/ml-locations.be\/nl\/\"},{\"@type\":\"ListItem\",\"position\":2,\"name\":\"Winkel\",\"item\":\"https:\/\/ml-locations.be\/nl\/winkel\/\"},{\"@type\":\"ListItem\",\"position\":3,\"name\":\"Kicker g\u00e9ant &#8211; babyfoot humain gonflable (10 personnes)\"}]},{\"@type\":\"WebSite\",\"@id\":\"https:\/\/ml-locations.be\/nl\/#website\",\"url\":\"https:\/\/ml-locations.be\/nl\/\",\"name\":\"ML Locations\",\"description\":\"Mat\u00e9riel \u00e9v\u00e9nementiel : location chaise, table et mange debout, mat\u00e9riel horeca, frigos,...\",\"publisher\":{\"@id\":\"https:\/\/ml-locations.be\/nl\/#organization\"},\"potentialAction\":[{\"@type\":\"SearchAction\",\"target\":{\"@type\":\"EntryPoint\",\"urlTemplate\":\"https:\/\/ml-locations.be\/nl\/?s={search_term_string}\"},\"query-input\":{\"@type\":\"PropertyValueSpecification\",\"valueRequired\":true,\"valueName\":\"search_term_string\"}}],\"inLanguage\":\"nl-NL\"},{\"@type\":\"Organization\",\"@id\":\"https:\/\/ml-locations.be\/nl\/#organization\",\"name\":\"ML Locations\",\"url\":\"https:\/\/ml-locations.be\/nl\/\",\"logo\":{\"@type\":\"ImageObject\",\"inLanguage\":\"nl-NL\",\"@id\":\"https:\/\/ml-locations.be\/nl\/#\/schema\/logo\/image\/\",\"url\":\"https:\/\/ml-locations.be\/wp-content\/uploads\/2018\/05\/LOGO-location-BON.png\",\"contentUrl\":\"https:\/\/ml-locations.be\/wp-content\/uploads\/2018\/05\/LOGO-location-BON.png\",\"width\":1200,\"height\":1200,\"caption\":\"ML Locations\"},\"image\":{\"@id\":\"https:\/\/ml-locations.be\/nl\/#\/schema\/logo\/image\/\"}}]}<\/script>\n<!-- \/ Yoast SEO plugin. -->","yoast_head_json":{"title":"Location kicker g\u00e9ant (baby foot humain) | ML Locations","description":"Louez ce kicker g\u00e9ant gonflable et affrontez-vous dans des matchs de 6 contre 6 : fun et amusement garantis ! Livraison possible.","robots":{"index":"index","follow":"follow","max-snippet":"max-snippet:-1","max-image-preview":"max-image-preview:large","max-video-preview":"max-video-preview:-1"},"canonical":"https:\/\/ml-locations.be\/nl\/locations\/location-chateau-gonflable-kicker-geant-babyfoot-humain\/","og_locale":"nl_NL","og_type":"article","og_title":"Location kicker g\u00e9ant (baby foot humain) | ML Locations","og_description":"Louez ce kicker g\u00e9ant gonflable et affrontez-vous dans des matchs de 6 contre 6 : fun et amusement garantis ! Livraison possible.","og_url":"https:\/\/ml-locations.be\/nl\/locations\/location-chateau-gonflable-kicker-geant-babyfoot-humain\/","og_site_name":"ML Locations","article_modified_time":"2026-02-16T16:04:52+00:00","og_image":[{"width":940,"height":652,"url":"https:\/\/ml-locations.be\/wp-content\/uploads\/2018\/04\/location-chateau-gonflable-kicker-geant-1.jpg","type":"image\/jpeg"}],"twitter_card":"summary_large_image","twitter_misc":{"Geschatte leestijd":"2 minuten"},"schema":{"@context":"https:\/\/schema.org","@graph":[{"@type":"WebPage","@id":"https:\/\/ml-locations.be\/nl\/locations\/location-chateau-gonflable-kicker-geant-babyfoot-humain\/","url":"https:\/\/ml-locations.be\/nl\/locations\/location-chateau-gonflable-kicker-geant-babyfoot-humain\/","name":"Location kicker g\u00e9ant (baby foot humain) | ML Locations","isPartOf":{"@id":"https:\/\/ml-locations.be\/nl\/#website"},"primaryImageOfPage":{"@id":"https:\/\/ml-locations.be\/nl\/locations\/location-chateau-gonflable-kicker-geant-babyfoot-humain\/#primaryimage"},"image":{"@id":"https:\/\/ml-locations.be\/nl\/locations\/location-chateau-gonflable-kicker-geant-babyfoot-humain\/#primaryimage"},"thumbnailUrl":"https:\/\/ml-locations.be\/wp-content\/uploads\/2018\/04\/location-chateau-gonflable-kicker-geant-1.jpg","datePublished":"2018-04-26T14:38:19+00:00","dateModified":"2026-02-16T16:04:52+00:00","description":"Louez ce kicker g\u00e9ant gonflable et affrontez-vous dans des matchs de 6 contre 6 : fun et amusement garantis ! Livraison possible.","breadcrumb":{"@id":"https:\/\/ml-locations.be\/nl\/locations\/location-chateau-gonflable-kicker-geant-babyfoot-humain\/#breadcrumb"},"inLanguage":"nl-NL","potentialAction":[{"@type":"ReadAction","target":["https:\/\/ml-locations.be\/nl\/locations\/location-chateau-gonflable-kicker-geant-babyfoot-humain\/"]}]},{"@type":"ImageObject","inLanguage":"nl-NL","@id":"https:\/\/ml-locations.be\/nl\/locations\/location-chateau-gonflable-kicker-geant-babyfoot-humain\/#primaryimage","url":"https:\/\/ml-locations.be\/wp-content\/uploads\/2018\/04\/location-chateau-gonflable-kicker-geant-1.jpg","contentUrl":"https:\/\/ml-locations.be\/wp-content\/uploads\/2018\/04\/location-chateau-gonflable-kicker-geant-1.jpg","width":940,"height":652,"caption":"location chateau gonflable kicker geant"},{"@type":"BreadcrumbList","@id":"https:\/\/ml-locations.be\/nl\/locations\/location-chateau-gonflable-kicker-geant-babyfoot-humain\/#breadcrumb","itemListElement":[{"@type":"ListItem","position":1,"name":"Accueil","item":"https:\/\/ml-locations.be\/nl\/"},{"@type":"ListItem","position":2,"name":"Winkel","item":"https:\/\/ml-locations.be\/nl\/winkel\/"},{"@type":"ListItem","position":3,"name":"Kicker g\u00e9ant &#8211; babyfoot humain gonflable (10 personnes)"}]},{"@type":"WebSite","@id":"https:\/\/ml-locations.be\/nl\/#website","url":"https:\/\/ml-locations.be\/nl\/","name":"ML Locations","description":"Mat\u00e9riel \u00e9v\u00e9nementiel : location chaise, table et mange debout, mat\u00e9riel horeca, frigos,...","publisher":{"@id":"https:\/\/ml-locations.be\/nl\/#organization"},"potentialAction":[{"@type":"SearchAction","target":{"@type":"EntryPoint","urlTemplate":"https:\/\/ml-locations.be\/nl\/?s={search_term_string}"},"query-input":{"@type":"PropertyValueSpecification","valueRequired":true,"valueName":"search_term_string"}}],"inLanguage":"nl-NL"},{"@type":"Organization","@id":"https:\/\/ml-locations.be\/nl\/#organization","name":"ML Locations","url":"https:\/\/ml-locations.be\/nl\/","logo":{"@type":"ImageObject","inLanguage":"nl-NL","@id":"https:\/\/ml-locations.be\/nl\/#\/schema\/logo\/image\/","url":"https:\/\/ml-locations.be\/wp-content\/uploads\/2018\/05\/LOGO-location-BON.png","contentUrl":"https:\/\/ml-locations.be\/wp-content\/uploads\/2018\/05\/LOGO-location-BON.png","width":1200,"height":1200,"caption":"ML Locations"},"image":{"@id":"https:\/\/ml-locations.be\/nl\/#\/schema\/logo\/image\/"}}]}},"_links":{"self":[{"href":"https:\/\/ml-locations.be\/nl\/wp-json\/wp\/v2\/product\/4844","targetHints":{"allow":["GET"]}}],"collection":[{"href":"https:\/\/ml-locations.be\/nl\/wp-json\/wp\/v2\/product"}],"about":[{"href":"https:\/\/ml-locations.be\/nl\/wp-json\/wp\/v2\/types\/product"}],"wp:featuredmedia":[{"embeddable":true,"href":"https:\/\/ml-locations.be\/nl\/wp-json\/wp\/v2\/media\/4848"}],"wp:attachment":[{"href":"https:\/\/ml-locations.be\/nl\/wp-json\/wp\/v2\/media?parent=4844"}],"wp:term":[{"taxonomy":"product_brand","embeddable":true,"href":"https:\/\/ml-locations.be\/nl\/wp-json\/wp\/v2\/product_brand?post=4844"},{"taxonomy":"product_cat","embeddable":true,"href":"https:\/\/ml-locations.be\/nl\/wp-json\/wp\/v2\/product_cat?post=4844"},{"taxonomy":"product_tag","embeddable":true,"href":"https:\/\/ml-locations.be\/nl\/wp-json\/wp\/v2\/product_tag?post=4844"}],"curies":[{"name":"wp","href":"https:\/\/api.w.org\/{rel}","templated":true}]}}