{"id":5054,"date":"2018-05-17T11:45:36","date_gmt":"2018-05-17T09:45:36","guid":{"rendered":"https:\/\/www.ml-locations.be?post_type=product&#038;p=5054"},"modified":"2026-01-14T15:10:55","modified_gmt":"2026-01-14T14:10:55","slug":"location-verre-mojito","status":"publish","type":"product","link":"https:\/\/ml-locations.be\/nl\/locations\/location-verre-mojito\/","title":{"rendered":"Verre \u00e0 Mojito ou \u00e0 Blanche 41 cl &#8211; (25 pi\u00e8ces)"},"content":{"rendered":"<p><strong>Verres \u00e0 cocktail\u00a0\u00e0 louer<\/strong>\u00a0(41 cl) parfaits pour le <strong>service de cocktails<\/strong> tels que des Mojito ou encore bi\u00e8res blanches, &#8230; Pr\u00e9parer de d\u00e9licieux Mojito dans ces verres en location : pour un <strong>mariage<\/strong>, une f\u00eate d\u2019anniversaire, ou autre, voil\u00e0 les verres \u00e0 cocktail dont vous avez besoin !<\/p>\n<p>Les verres sont repris sales, apr\u00e8s votre \u00e9v\u00e9nement, sans risque de frais suppl\u00e9mentaires car le nettoyage est compris dans le prix de la <strong>location des verres<\/strong>. Ces verres sont lou\u00e9s par rack entier de 25 pi\u00e8ces. Le nombre de racks livr\u00e9s d\u00e9pend du nombre de verres command\u00e9s.<\/p>\n<p><u>Ex: <\/u>40 verres \u00e0 cocktail command\u00e9s = 2 racks de 25 verres (= 50 verres \u00e0 cocktail) livr\u00e9s ET factur\u00e9s.<\/p>\n<p>Le remplacement des <strong>verres \u00e0 cocktail<\/strong> non-rendus en fin de location est factur\u00e9.<\/p>\n<p>D&#8217;autres verres (<a href=\"https:\/\/ml-locations.be\/locations\/flute-a-champagne-elegance\/\">fl\u00fbte \u00e0 champagne<\/a>, <a href=\"https:\/\/ml-locations.be\/locations\/location-verre-vin-rouge-elegance-19cl\/\">verres \u00e0 vin<\/a>, <a href=\"https:\/\/ml-locations.be\/locations\/location-verre-biere-25cl\/\">verres \u00e0 bi\u00e8re<\/a>,&#8230;) sont aussi disponible \u00e0 la location sur notre site.<\/p>\n","protected":false},"excerpt":{"rendered":"<p><strong>Verre \u00e0 Mojito<\/strong> ou <strong>verre \u00e0 blanches<\/strong>\u00a0en location d\u2019une contenance de 41 cl pour le <strong>service de cocktail<\/strong> lors de vos <strong>r\u00e9ceptions<\/strong>.\u00a0NB : commandes par rack de 25 verres.<\/p>\n","protected":false},"featured_media":5055,"template":"","meta":{"_acf_changed":false},"product_brand":[],"product_cat":[29,32,209],"product_tag":[208,213,214],"class_list":{"0":"post-5054","1":"product","2":"type-product","3":"status-publish","4":"has-post-thumbnail","6":"product_cat-materiel-horeca-en-location","7":"product_cat-verres-en-location","8":"product_cat-produits-a-la-une","9":"product_tag-location-materiel-bar","10":"product_tag-location-de-materiel-de-reception-mariages","11":"product_tag-location-materiel-banquet","12":"description-off","14":"first","15":"instock","16":"taxable","17":"shipping-taxable","18":"purchasable","19":"product-type-simple"},"acf":[],"yoast_head":"<!-- This site is optimized with the Yoast SEO plugin v25.0 - https:\/\/yoast.com\/wordpress\/plugins\/seo\/ -->\n<title>Verres \u00e0 Mojito 41 cl en location | ML Locations<\/title>\n<meta name=\"description\" content=\"Location de verres \u00e0 Mojito ou blanche, vaisselles et autres mat\u00e9riels Horeca \u00e0 d\u00e9couvrir sur notre site. Devis gratuit ! Livraison possible\" \/>\n<meta name=\"robots\" content=\"index, follow, max-snippet:-1, max-image-preview:large, max-video-preview:-1\" \/>\n<link rel=\"canonical\" href=\"https:\/\/ml-locations.be\/nl\/locations\/location-verre-mojito\/\" \/>\n<meta property=\"og:locale\" content=\"nl_NL\" \/>\n<meta property=\"og:type\" content=\"article\" \/>\n<meta property=\"og:title\" content=\"Verres \u00e0 Mojito 41 cl en location | ML Locations\" \/>\n<meta property=\"og:description\" content=\"Location de verres \u00e0 Mojito ou blanche, vaisselles et autres mat\u00e9riels Horeca \u00e0 d\u00e9couvrir sur notre site. Devis gratuit ! Livraison possible\" \/>\n<meta property=\"og:url\" content=\"https:\/\/ml-locations.be\/nl\/locations\/location-verre-mojito\/\" \/>\n<meta property=\"og:site_name\" content=\"ML Locations\" \/>\n<meta property=\"article:modified_time\" content=\"2026-01-14T14:10:55+00:00\" \/>\n<meta property=\"og:image\" content=\"https:\/\/ml-locations.be\/wp-content\/uploads\/2018\/05\/Location-verre-mojito-blanche.jpg\" \/>\n\t<meta property=\"og:image:width\" content=\"600\" \/>\n\t<meta property=\"og:image:height\" content=\"600\" \/>\n\t<meta property=\"og:image:type\" content=\"image\/jpeg\" \/>\n<meta name=\"twitter:card\" content=\"summary_large_image\" \/>\n<meta name=\"twitter:label1\" content=\"Geschatte leestijd\" \/>\n\t<meta name=\"twitter:data1\" content=\"1 minuut\" \/>\n<script type=\"application\/ld+json\" class=\"yoast-schema-graph\">{\"@context\":\"https:\/\/schema.org\",\"@graph\":[{\"@type\":\"WebPage\",\"@id\":\"https:\/\/ml-locations.be\/nl\/locations\/location-verre-mojito\/\",\"url\":\"https:\/\/ml-locations.be\/nl\/locations\/location-verre-mojito\/\",\"name\":\"Verres \u00e0 Mojito 41 cl en location | ML Locations\",\"isPartOf\":{\"@id\":\"https:\/\/ml-locations.be\/nl\/#website\"},\"primaryImageOfPage\":{\"@id\":\"https:\/\/ml-locations.be\/nl\/locations\/location-verre-mojito\/#primaryimage\"},\"image\":{\"@id\":\"https:\/\/ml-locations.be\/nl\/locations\/location-verre-mojito\/#primaryimage\"},\"thumbnailUrl\":\"https:\/\/ml-locations.be\/wp-content\/uploads\/2018\/05\/Location-verre-mojito-blanche.jpg\",\"datePublished\":\"2018-05-17T09:45:36+00:00\",\"dateModified\":\"2026-01-14T14:10:55+00:00\",\"description\":\"Location de verres \u00e0 Mojito ou blanche, vaisselles et autres mat\u00e9riels Horeca \u00e0 d\u00e9couvrir sur notre site. Devis gratuit ! Livraison possible\",\"breadcrumb\":{\"@id\":\"https:\/\/ml-locations.be\/nl\/locations\/location-verre-mojito\/#breadcrumb\"},\"inLanguage\":\"nl-NL\",\"potentialAction\":[{\"@type\":\"ReadAction\",\"target\":[\"https:\/\/ml-locations.be\/nl\/locations\/location-verre-mojito\/\"]}]},{\"@type\":\"ImageObject\",\"inLanguage\":\"nl-NL\",\"@id\":\"https:\/\/ml-locations.be\/nl\/locations\/location-verre-mojito\/#primaryimage\",\"url\":\"https:\/\/ml-locations.be\/wp-content\/uploads\/2018\/05\/Location-verre-mojito-blanche.jpg\",\"contentUrl\":\"https:\/\/ml-locations.be\/wp-content\/uploads\/2018\/05\/Location-verre-mojito-blanche.jpg\",\"width\":600,\"height\":600,\"caption\":\"Location verre \u00e0 mojito ou \u00e0 blanche 40 cl\"},{\"@type\":\"BreadcrumbList\",\"@id\":\"https:\/\/ml-locations.be\/nl\/locations\/location-verre-mojito\/#breadcrumb\",\"itemListElement\":[{\"@type\":\"ListItem\",\"position\":1,\"name\":\"Accueil\",\"item\":\"https:\/\/ml-locations.be\/nl\/\"},{\"@type\":\"ListItem\",\"position\":2,\"name\":\"Winkel\",\"item\":\"https:\/\/ml-locations.be\/nl\/winkel\/\"},{\"@type\":\"ListItem\",\"position\":3,\"name\":\"Verre \u00e0 Mojito ou \u00e0 Blanche 41 cl &#8211; (25 pi\u00e8ces)\"}]},{\"@type\":\"WebSite\",\"@id\":\"https:\/\/ml-locations.be\/nl\/#website\",\"url\":\"https:\/\/ml-locations.be\/nl\/\",\"name\":\"ML Locations\",\"description\":\"Mat\u00e9riel \u00e9v\u00e9nementiel : location chaise, table et mange debout, mat\u00e9riel horeca, frigos,...\",\"publisher\":{\"@id\":\"https:\/\/ml-locations.be\/nl\/#organization\"},\"potentialAction\":[{\"@type\":\"SearchAction\",\"target\":{\"@type\":\"EntryPoint\",\"urlTemplate\":\"https:\/\/ml-locations.be\/nl\/?s={search_term_string}\"},\"query-input\":{\"@type\":\"PropertyValueSpecification\",\"valueRequired\":true,\"valueName\":\"search_term_string\"}}],\"inLanguage\":\"nl-NL\"},{\"@type\":\"Organization\",\"@id\":\"https:\/\/ml-locations.be\/nl\/#organization\",\"name\":\"ML Locations\",\"url\":\"https:\/\/ml-locations.be\/nl\/\",\"logo\":{\"@type\":\"ImageObject\",\"inLanguage\":\"nl-NL\",\"@id\":\"https:\/\/ml-locations.be\/nl\/#\/schema\/logo\/image\/\",\"url\":\"https:\/\/ml-locations.be\/wp-content\/uploads\/2018\/05\/LOGO-location-BON.png\",\"contentUrl\":\"https:\/\/ml-locations.be\/wp-content\/uploads\/2018\/05\/LOGO-location-BON.png\",\"width\":1200,\"height\":1200,\"caption\":\"ML Locations\"},\"image\":{\"@id\":\"https:\/\/ml-locations.be\/nl\/#\/schema\/logo\/image\/\"}}]}<\/script>\n<!-- \/ Yoast SEO plugin. -->","yoast_head_json":{"title":"Verres \u00e0 Mojito 41 cl en location | ML Locations","description":"Location de verres \u00e0 Mojito ou blanche, vaisselles et autres mat\u00e9riels Horeca \u00e0 d\u00e9couvrir sur notre site. Devis gratuit ! Livraison possible","robots":{"index":"index","follow":"follow","max-snippet":"max-snippet:-1","max-image-preview":"max-image-preview:large","max-video-preview":"max-video-preview:-1"},"canonical":"https:\/\/ml-locations.be\/nl\/locations\/location-verre-mojito\/","og_locale":"nl_NL","og_type":"article","og_title":"Verres \u00e0 Mojito 41 cl en location | ML Locations","og_description":"Location de verres \u00e0 Mojito ou blanche, vaisselles et autres mat\u00e9riels Horeca \u00e0 d\u00e9couvrir sur notre site. Devis gratuit ! Livraison possible","og_url":"https:\/\/ml-locations.be\/nl\/locations\/location-verre-mojito\/","og_site_name":"ML Locations","article_modified_time":"2026-01-14T14:10:55+00:00","og_image":[{"width":600,"height":600,"url":"https:\/\/ml-locations.be\/wp-content\/uploads\/2018\/05\/Location-verre-mojito-blanche.jpg","type":"image\/jpeg"}],"twitter_card":"summary_large_image","twitter_misc":{"Geschatte leestijd":"1 minuut"},"schema":{"@context":"https:\/\/schema.org","@graph":[{"@type":"WebPage","@id":"https:\/\/ml-locations.be\/nl\/locations\/location-verre-mojito\/","url":"https:\/\/ml-locations.be\/nl\/locations\/location-verre-mojito\/","name":"Verres \u00e0 Mojito 41 cl en location | ML Locations","isPartOf":{"@id":"https:\/\/ml-locations.be\/nl\/#website"},"primaryImageOfPage":{"@id":"https:\/\/ml-locations.be\/nl\/locations\/location-verre-mojito\/#primaryimage"},"image":{"@id":"https:\/\/ml-locations.be\/nl\/locations\/location-verre-mojito\/#primaryimage"},"thumbnailUrl":"https:\/\/ml-locations.be\/wp-content\/uploads\/2018\/05\/Location-verre-mojito-blanche.jpg","datePublished":"2018-05-17T09:45:36+00:00","dateModified":"2026-01-14T14:10:55+00:00","description":"Location de verres \u00e0 Mojito ou blanche, vaisselles et autres mat\u00e9riels Horeca \u00e0 d\u00e9couvrir sur notre site. Devis gratuit ! Livraison possible","breadcrumb":{"@id":"https:\/\/ml-locations.be\/nl\/locations\/location-verre-mojito\/#breadcrumb"},"inLanguage":"nl-NL","potentialAction":[{"@type":"ReadAction","target":["https:\/\/ml-locations.be\/nl\/locations\/location-verre-mojito\/"]}]},{"@type":"ImageObject","inLanguage":"nl-NL","@id":"https:\/\/ml-locations.be\/nl\/locations\/location-verre-mojito\/#primaryimage","url":"https:\/\/ml-locations.be\/wp-content\/uploads\/2018\/05\/Location-verre-mojito-blanche.jpg","contentUrl":"https:\/\/ml-locations.be\/wp-content\/uploads\/2018\/05\/Location-verre-mojito-blanche.jpg","width":600,"height":600,"caption":"Location verre \u00e0 mojito ou \u00e0 blanche 40 cl"},{"@type":"BreadcrumbList","@id":"https:\/\/ml-locations.be\/nl\/locations\/location-verre-mojito\/#breadcrumb","itemListElement":[{"@type":"ListItem","position":1,"name":"Accueil","item":"https:\/\/ml-locations.be\/nl\/"},{"@type":"ListItem","position":2,"name":"Winkel","item":"https:\/\/ml-locations.be\/nl\/winkel\/"},{"@type":"ListItem","position":3,"name":"Verre \u00e0 Mojito ou \u00e0 Blanche 41 cl &#8211; (25 pi\u00e8ces)"}]},{"@type":"WebSite","@id":"https:\/\/ml-locations.be\/nl\/#website","url":"https:\/\/ml-locations.be\/nl\/","name":"ML Locations","description":"Mat\u00e9riel \u00e9v\u00e9nementiel : location chaise, table et mange debout, mat\u00e9riel horeca, frigos,...","publisher":{"@id":"https:\/\/ml-locations.be\/nl\/#organization"},"potentialAction":[{"@type":"SearchAction","target":{"@type":"EntryPoint","urlTemplate":"https:\/\/ml-locations.be\/nl\/?s={search_term_string}"},"query-input":{"@type":"PropertyValueSpecification","valueRequired":true,"valueName":"search_term_string"}}],"inLanguage":"nl-NL"},{"@type":"Organization","@id":"https:\/\/ml-locations.be\/nl\/#organization","name":"ML Locations","url":"https:\/\/ml-locations.be\/nl\/","logo":{"@type":"ImageObject","inLanguage":"nl-NL","@id":"https:\/\/ml-locations.be\/nl\/#\/schema\/logo\/image\/","url":"https:\/\/ml-locations.be\/wp-content\/uploads\/2018\/05\/LOGO-location-BON.png","contentUrl":"https:\/\/ml-locations.be\/wp-content\/uploads\/2018\/05\/LOGO-location-BON.png","width":1200,"height":1200,"caption":"ML Locations"},"image":{"@id":"https:\/\/ml-locations.be\/nl\/#\/schema\/logo\/image\/"}}]}},"_links":{"self":[{"href":"https:\/\/ml-locations.be\/nl\/wp-json\/wp\/v2\/product\/5054","targetHints":{"allow":["GET"]}}],"collection":[{"href":"https:\/\/ml-locations.be\/nl\/wp-json\/wp\/v2\/product"}],"about":[{"href":"https:\/\/ml-locations.be\/nl\/wp-json\/wp\/v2\/types\/product"}],"wp:featuredmedia":[{"embeddable":true,"href":"https:\/\/ml-locations.be\/nl\/wp-json\/wp\/v2\/media\/5055"}],"wp:attachment":[{"href":"https:\/\/ml-locations.be\/nl\/wp-json\/wp\/v2\/media?parent=5054"}],"wp:term":[{"taxonomy":"product_brand","embeddable":true,"href":"https:\/\/ml-locations.be\/nl\/wp-json\/wp\/v2\/product_brand?post=5054"},{"taxonomy":"product_cat","embeddable":true,"href":"https:\/\/ml-locations.be\/nl\/wp-json\/wp\/v2\/product_cat?post=5054"},{"taxonomy":"product_tag","embeddable":true,"href":"https:\/\/ml-locations.be\/nl\/wp-json\/wp\/v2\/product_tag?post=5054"}],"curies":[{"name":"wp","href":"https:\/\/api.w.org\/{rel}","templated":true}]}}