{"id":5070,"date":"2018-05-17T14:39:01","date_gmt":"2018-05-17T12:39:01","guid":{"rendered":"https:\/\/www.ml-locations.be?post_type=product&#038;p=5070"},"modified":"2018-05-17T15:03:08","modified_gmt":"2018-05-17T13:03:08","slug":"location-bouilleur-vin-chaud-27l","status":"publish","type":"product","link":"https:\/\/ml-locations.be\/nl\/locations\/location-bouilleur-vin-chaud-27l\/","title":{"rendered":"Bouilleur \u00e0 vin chaud 27L"},"content":{"rendered":"<p>Cette\u00a0<strong>machine \u00e0 vin chaud <\/strong>(ou bouilleur \u00e0 vin chaud)\u00a0est tr\u00e8s utilis\u00e9e par les professionnels de la restauration mais aussi par tous les organisateurs de stands (association, forains&#8230;). En effet, sa contenance et sa puissance, permettent \u00e0 ces utilisateurs de servir un excellent\u00a0<strong>vin chaud<\/strong>\u00a0\u00e0 bonne temp\u00e9rature. Le top pour les march\u00e9s de No\u00ebl et les f\u00eates de fin d&#8217;ann\u00e9e !<\/p>\n<p>Pour que votre stand soit une r\u00e9ussite et pour une d\u00e9gustation chaude et efficace, utilisez cette\u00a0<strong>machine \u00e0 vin chaud professionnelle<\/strong>. Son poids de 5 kg et sa contenance de 27 litres sont un compromis parfait, faisant de cette machine \u00e0 vin chaud en location un appareil tr\u00e8s maniable et volumineux.Cet\u00a0<strong>appareil pour vin chaud professionnel<\/strong>\u00a0vous comblera par sa simplicit\u00e9 et son excellent rapport qualit\u00e9 prix.<\/p>\n<p>Ce\u00a0<strong>r\u00e9chaud \u00e0 vin chaud<\/strong>\u00a0conviendra parfaitement aux professionnels et \u00e0 tous ces diff\u00e9rents utilisateurs afin de servir une excellente boisson.<\/p>\n<p>Le r\u00e9servoir de ce <strong>r\u00e9chaud \u00e0 vin<\/strong> est en acier \u00e9maill\u00e9, r\u00e9sistant aux rayures et ne collant pas. Le bouilleur \u00e0 vin chaud est dot\u00e9 d&#8217;un robinet int\u00e9gr\u00e9 pour un remplissage pratique, par exemple, vin chaud ou d&#8217;autres boissons chaudes.<\/p>\n<p><strong>Caract\u00e9ristiques du bouilleur \u00e0 vin chaud 27 litres :<\/strong><\/p>\n<ul>\n<li>Contenance : 27 litres<\/li>\n<li>Dimensions r\u00e9servoir : \u00d8 35 cm, hauteur 30 cm<\/li>\n<li>Dimensions totale : \u00d8 35 cm, hauteur 50 cm<\/li>\n<li>R\u00e9cipient en acier \u00e9maill\u00e9 ! (Ne colle pas)<\/li>\n<li>Temp\u00e9rature contr\u00f4l\u00e9e variable (30 \u00e0 100 \u00b0C).<\/li>\n<li>Socle, robinet et poign\u00e9es en mati\u00e8re synth\u00e9tique<\/li>\n<li>Couvercle en mati\u00e8re synth\u00e9tique<\/li>\n<li>Puissance : 1,8 kW \/ 230 V<\/li>\n<\/ul>\n<p>Si vous le souhaitez, vous pouvez aussi demander un <a href=\"https:\/\/ml-locations.be\/locations\/location-percolateur-samovar-15l\/\">samovar en location (percolateur \u00e0 caf\u00e9)<\/a>.<\/p>\n","protected":false},"excerpt":{"rendered":"<p><strong>Machine \u00e0 vin chaud en location<\/strong> d\u2019une contenance de 27L servant \u00e0 la pr\u00e9paration<b>\u00a0<\/b>de boissons chaudes.\u00a0Ce <strong>bouilleur \u00e9maill\u00e9\u00a0<\/strong>est parfait pour le service du vin chaud ou autres boissons chaudes.<\/p>\n","protected":false},"featured_media":5071,"template":"","meta":{"_acf_changed":false},"product_brand":[],"product_cat":[29,34],"product_tag":[213,214],"class_list":{"0":"post-5070","1":"product","2":"type-product","3":"status-publish","4":"has-post-thumbnail","6":"product_cat-materiel-horeca-en-location","7":"product_cat-location-materiel-cuisine-et-buffet","8":"product_tag-location-de-materiel-de-reception-mariages","9":"product_tag-location-materiel-banquet","10":"description-off","12":"first","13":"instock","14":"taxable","15":"shipping-taxable","16":"purchasable","17":"product-type-simple"},"acf":[],"yoast_head":"<!-- This site is optimized with the Yoast SEO plugin v25.0 - https:\/\/yoast.com\/wordpress\/plugins\/seo\/ -->\n<title>Bouilleur \u00e0 vin chaud 27L - location machine \u00e0 vin chaud | ML Locations<\/title>\n<meta name=\"description\" content=\"Louez ce bouilleur \u00e0 vin chaud de 27 litres pour vos stands et \u00e9v\u00e9nements. Cette machine permet de pr\u00e9parer 27 litres de vin chaud.\" \/>\n<meta name=\"robots\" content=\"index, follow, max-snippet:-1, max-image-preview:large, max-video-preview:-1\" \/>\n<link rel=\"canonical\" href=\"https:\/\/ml-locations.be\/nl\/locations\/location-bouilleur-vin-chaud-27l\/\" \/>\n<meta property=\"og:locale\" content=\"nl_NL\" \/>\n<meta property=\"og:type\" content=\"article\" \/>\n<meta property=\"og:title\" content=\"Bouilleur \u00e0 vin chaud 27L - location machine \u00e0 vin chaud | ML Locations\" \/>\n<meta property=\"og:description\" content=\"Louez ce bouilleur \u00e0 vin chaud de 27 litres pour vos stands et \u00e9v\u00e9nements. Cette machine permet de pr\u00e9parer 27 litres de vin chaud.\" \/>\n<meta property=\"og:url\" content=\"https:\/\/ml-locations.be\/nl\/locations\/location-bouilleur-vin-chaud-27l\/\" \/>\n<meta property=\"og:site_name\" content=\"ML Locations\" \/>\n<meta property=\"article:modified_time\" content=\"2018-05-17T13:03:08+00:00\" \/>\n<meta property=\"og:image\" content=\"https:\/\/ml-locations.be\/wp-content\/uploads\/2018\/05\/Location-bouilleur-vin-chaud1.jpg\" \/>\n\t<meta property=\"og:image:width\" content=\"600\" \/>\n\t<meta property=\"og:image:height\" content=\"600\" \/>\n\t<meta property=\"og:image:type\" content=\"image\/jpeg\" \/>\n<meta name=\"twitter:card\" content=\"summary_large_image\" \/>\n<meta name=\"twitter:label1\" content=\"Geschatte leestijd\" \/>\n\t<meta name=\"twitter:data1\" content=\"1 minuut\" \/>\n<script type=\"application\/ld+json\" class=\"yoast-schema-graph\">{\"@context\":\"https:\/\/schema.org\",\"@graph\":[{\"@type\":\"WebPage\",\"@id\":\"https:\/\/ml-locations.be\/nl\/locations\/location-bouilleur-vin-chaud-27l\/\",\"url\":\"https:\/\/ml-locations.be\/nl\/locations\/location-bouilleur-vin-chaud-27l\/\",\"name\":\"Bouilleur \u00e0 vin chaud 27L - location machine \u00e0 vin chaud | ML Locations\",\"isPartOf\":{\"@id\":\"https:\/\/ml-locations.be\/nl\/#website\"},\"primaryImageOfPage\":{\"@id\":\"https:\/\/ml-locations.be\/nl\/locations\/location-bouilleur-vin-chaud-27l\/#primaryimage\"},\"image\":{\"@id\":\"https:\/\/ml-locations.be\/nl\/locations\/location-bouilleur-vin-chaud-27l\/#primaryimage\"},\"thumbnailUrl\":\"https:\/\/ml-locations.be\/wp-content\/uploads\/2018\/05\/Location-bouilleur-vin-chaud1.jpg\",\"datePublished\":\"2018-05-17T12:39:01+00:00\",\"dateModified\":\"2018-05-17T13:03:08+00:00\",\"description\":\"Louez ce bouilleur \u00e0 vin chaud de 27 litres pour vos stands et \u00e9v\u00e9nements. Cette machine permet de pr\u00e9parer 27 litres de vin chaud.\",\"breadcrumb\":{\"@id\":\"https:\/\/ml-locations.be\/nl\/locations\/location-bouilleur-vin-chaud-27l\/#breadcrumb\"},\"inLanguage\":\"nl-NL\",\"potentialAction\":[{\"@type\":\"ReadAction\",\"target\":[\"https:\/\/ml-locations.be\/nl\/locations\/location-bouilleur-vin-chaud-27l\/\"]}]},{\"@type\":\"ImageObject\",\"inLanguage\":\"nl-NL\",\"@id\":\"https:\/\/ml-locations.be\/nl\/locations\/location-bouilleur-vin-chaud-27l\/#primaryimage\",\"url\":\"https:\/\/ml-locations.be\/wp-content\/uploads\/2018\/05\/Location-bouilleur-vin-chaud1.jpg\",\"contentUrl\":\"https:\/\/ml-locations.be\/wp-content\/uploads\/2018\/05\/Location-bouilleur-vin-chaud1.jpg\",\"width\":600,\"height\":600,\"caption\":\"Location machine \u00e0 vin chaud - bouilleur 27 litres\"},{\"@type\":\"BreadcrumbList\",\"@id\":\"https:\/\/ml-locations.be\/nl\/locations\/location-bouilleur-vin-chaud-27l\/#breadcrumb\",\"itemListElement\":[{\"@type\":\"ListItem\",\"position\":1,\"name\":\"Accueil\",\"item\":\"https:\/\/ml-locations.be\/nl\/\"},{\"@type\":\"ListItem\",\"position\":2,\"name\":\"Winkel\",\"item\":\"https:\/\/ml-locations.be\/nl\/winkel\/\"},{\"@type\":\"ListItem\",\"position\":3,\"name\":\"Bouilleur \u00e0 vin chaud 27L\"}]},{\"@type\":\"WebSite\",\"@id\":\"https:\/\/ml-locations.be\/nl\/#website\",\"url\":\"https:\/\/ml-locations.be\/nl\/\",\"name\":\"ML Locations\",\"description\":\"Mat\u00e9riel \u00e9v\u00e9nementiel : location chaise, table et mange debout, mat\u00e9riel horeca, frigos,...\",\"publisher\":{\"@id\":\"https:\/\/ml-locations.be\/nl\/#organization\"},\"potentialAction\":[{\"@type\":\"SearchAction\",\"target\":{\"@type\":\"EntryPoint\",\"urlTemplate\":\"https:\/\/ml-locations.be\/nl\/?s={search_term_string}\"},\"query-input\":{\"@type\":\"PropertyValueSpecification\",\"valueRequired\":true,\"valueName\":\"search_term_string\"}}],\"inLanguage\":\"nl-NL\"},{\"@type\":\"Organization\",\"@id\":\"https:\/\/ml-locations.be\/nl\/#organization\",\"name\":\"ML Locations\",\"url\":\"https:\/\/ml-locations.be\/nl\/\",\"logo\":{\"@type\":\"ImageObject\",\"inLanguage\":\"nl-NL\",\"@id\":\"https:\/\/ml-locations.be\/nl\/#\/schema\/logo\/image\/\",\"url\":\"https:\/\/ml-locations.be\/wp-content\/uploads\/2018\/05\/LOGO-location-BON.png\",\"contentUrl\":\"https:\/\/ml-locations.be\/wp-content\/uploads\/2018\/05\/LOGO-location-BON.png\",\"width\":1200,\"height\":1200,\"caption\":\"ML Locations\"},\"image\":{\"@id\":\"https:\/\/ml-locations.be\/nl\/#\/schema\/logo\/image\/\"}}]}<\/script>\n<!-- \/ Yoast SEO plugin. -->","yoast_head_json":{"title":"Bouilleur \u00e0 vin chaud 27L - location machine \u00e0 vin chaud | ML Locations","description":"Louez ce bouilleur \u00e0 vin chaud de 27 litres pour vos stands et \u00e9v\u00e9nements. Cette machine permet de pr\u00e9parer 27 litres de vin chaud.","robots":{"index":"index","follow":"follow","max-snippet":"max-snippet:-1","max-image-preview":"max-image-preview:large","max-video-preview":"max-video-preview:-1"},"canonical":"https:\/\/ml-locations.be\/nl\/locations\/location-bouilleur-vin-chaud-27l\/","og_locale":"nl_NL","og_type":"article","og_title":"Bouilleur \u00e0 vin chaud 27L - location machine \u00e0 vin chaud | ML Locations","og_description":"Louez ce bouilleur \u00e0 vin chaud de 27 litres pour vos stands et \u00e9v\u00e9nements. Cette machine permet de pr\u00e9parer 27 litres de vin chaud.","og_url":"https:\/\/ml-locations.be\/nl\/locations\/location-bouilleur-vin-chaud-27l\/","og_site_name":"ML Locations","article_modified_time":"2018-05-17T13:03:08+00:00","og_image":[{"width":600,"height":600,"url":"https:\/\/ml-locations.be\/wp-content\/uploads\/2018\/05\/Location-bouilleur-vin-chaud1.jpg","type":"image\/jpeg"}],"twitter_card":"summary_large_image","twitter_misc":{"Geschatte leestijd":"1 minuut"},"schema":{"@context":"https:\/\/schema.org","@graph":[{"@type":"WebPage","@id":"https:\/\/ml-locations.be\/nl\/locations\/location-bouilleur-vin-chaud-27l\/","url":"https:\/\/ml-locations.be\/nl\/locations\/location-bouilleur-vin-chaud-27l\/","name":"Bouilleur \u00e0 vin chaud 27L - location machine \u00e0 vin chaud | ML Locations","isPartOf":{"@id":"https:\/\/ml-locations.be\/nl\/#website"},"primaryImageOfPage":{"@id":"https:\/\/ml-locations.be\/nl\/locations\/location-bouilleur-vin-chaud-27l\/#primaryimage"},"image":{"@id":"https:\/\/ml-locations.be\/nl\/locations\/location-bouilleur-vin-chaud-27l\/#primaryimage"},"thumbnailUrl":"https:\/\/ml-locations.be\/wp-content\/uploads\/2018\/05\/Location-bouilleur-vin-chaud1.jpg","datePublished":"2018-05-17T12:39:01+00:00","dateModified":"2018-05-17T13:03:08+00:00","description":"Louez ce bouilleur \u00e0 vin chaud de 27 litres pour vos stands et \u00e9v\u00e9nements. Cette machine permet de pr\u00e9parer 27 litres de vin chaud.","breadcrumb":{"@id":"https:\/\/ml-locations.be\/nl\/locations\/location-bouilleur-vin-chaud-27l\/#breadcrumb"},"inLanguage":"nl-NL","potentialAction":[{"@type":"ReadAction","target":["https:\/\/ml-locations.be\/nl\/locations\/location-bouilleur-vin-chaud-27l\/"]}]},{"@type":"ImageObject","inLanguage":"nl-NL","@id":"https:\/\/ml-locations.be\/nl\/locations\/location-bouilleur-vin-chaud-27l\/#primaryimage","url":"https:\/\/ml-locations.be\/wp-content\/uploads\/2018\/05\/Location-bouilleur-vin-chaud1.jpg","contentUrl":"https:\/\/ml-locations.be\/wp-content\/uploads\/2018\/05\/Location-bouilleur-vin-chaud1.jpg","width":600,"height":600,"caption":"Location machine \u00e0 vin chaud - bouilleur 27 litres"},{"@type":"BreadcrumbList","@id":"https:\/\/ml-locations.be\/nl\/locations\/location-bouilleur-vin-chaud-27l\/#breadcrumb","itemListElement":[{"@type":"ListItem","position":1,"name":"Accueil","item":"https:\/\/ml-locations.be\/nl\/"},{"@type":"ListItem","position":2,"name":"Winkel","item":"https:\/\/ml-locations.be\/nl\/winkel\/"},{"@type":"ListItem","position":3,"name":"Bouilleur \u00e0 vin chaud 27L"}]},{"@type":"WebSite","@id":"https:\/\/ml-locations.be\/nl\/#website","url":"https:\/\/ml-locations.be\/nl\/","name":"ML Locations","description":"Mat\u00e9riel \u00e9v\u00e9nementiel : location chaise, table et mange debout, mat\u00e9riel horeca, frigos,...","publisher":{"@id":"https:\/\/ml-locations.be\/nl\/#organization"},"potentialAction":[{"@type":"SearchAction","target":{"@type":"EntryPoint","urlTemplate":"https:\/\/ml-locations.be\/nl\/?s={search_term_string}"},"query-input":{"@type":"PropertyValueSpecification","valueRequired":true,"valueName":"search_term_string"}}],"inLanguage":"nl-NL"},{"@type":"Organization","@id":"https:\/\/ml-locations.be\/nl\/#organization","name":"ML Locations","url":"https:\/\/ml-locations.be\/nl\/","logo":{"@type":"ImageObject","inLanguage":"nl-NL","@id":"https:\/\/ml-locations.be\/nl\/#\/schema\/logo\/image\/","url":"https:\/\/ml-locations.be\/wp-content\/uploads\/2018\/05\/LOGO-location-BON.png","contentUrl":"https:\/\/ml-locations.be\/wp-content\/uploads\/2018\/05\/LOGO-location-BON.png","width":1200,"height":1200,"caption":"ML Locations"},"image":{"@id":"https:\/\/ml-locations.be\/nl\/#\/schema\/logo\/image\/"}}]}},"_links":{"self":[{"href":"https:\/\/ml-locations.be\/nl\/wp-json\/wp\/v2\/product\/5070","targetHints":{"allow":["GET"]}}],"collection":[{"href":"https:\/\/ml-locations.be\/nl\/wp-json\/wp\/v2\/product"}],"about":[{"href":"https:\/\/ml-locations.be\/nl\/wp-json\/wp\/v2\/types\/product"}],"wp:featuredmedia":[{"embeddable":true,"href":"https:\/\/ml-locations.be\/nl\/wp-json\/wp\/v2\/media\/5071"}],"wp:attachment":[{"href":"https:\/\/ml-locations.be\/nl\/wp-json\/wp\/v2\/media?parent=5070"}],"wp:term":[{"taxonomy":"product_brand","embeddable":true,"href":"https:\/\/ml-locations.be\/nl\/wp-json\/wp\/v2\/product_brand?post=5070"},{"taxonomy":"product_cat","embeddable":true,"href":"https:\/\/ml-locations.be\/nl\/wp-json\/wp\/v2\/product_cat?post=5070"},{"taxonomy":"product_tag","embeddable":true,"href":"https:\/\/ml-locations.be\/nl\/wp-json\/wp\/v2\/product_tag?post=5070"}],"curies":[{"name":"wp","href":"https:\/\/api.w.org\/{rel}","templated":true}]}}