{"id":5073,"date":"2018-05-17T15:56:47","date_gmt":"2018-05-17T13:56:47","guid":{"rendered":"https:\/\/www.ml-locations.be?post_type=product&#038;p=5073"},"modified":"2024-08-27T20:35:23","modified_gmt":"2024-08-27T18:35:23","slug":"location-fourchette-degustation","status":"publish","type":"product","link":"https:\/\/ml-locations.be\/nl\/locations\/location-fourchette-degustation\/","title":{"rendered":"Fourchette de d\u00e9gustation"},"content":{"rendered":"<div class=\"span6\">\n<div class=\"main-image\">\n<div class=\"clear\">Fourchette de d\u00e9gustation en inox : ces cuill\u00e8res sont dot\u00e9es de petites dents qui en font l&#8217;ustensile parfait pour la d\u00e9gustation de verrinnes ou d&#8217;amuse-bouches !<\/div>\n<\/div>\n<div>\n<p>Fourchette et cuill\u00e8re en un seul couvert, cette fourchette de d\u00e9gustation en inox est id\u00e9ale pour d\u00e9guster vos mignardises. Design, solide et pratique.<\/p>\n<p><strong>Dimensions de la fourchette ap\u00e9ritive :\u00a0<\/strong><\/p>\n<\/div>\n<ul>\n<li>Longueur : 115 mm<\/li>\n<\/ul>\n<\/div>\n","protected":false},"excerpt":{"rendered":"<div class=\"span6\">\n<div class=\"main-image\">\n<div class=\"clear\"><strong>Fourchette de d\u00e9gustation<\/strong> en inox : 11,5 cm de longueur, entre la fourchette et la petite cuill\u00e8re, parfaite pour la d\u00e9gustation de verrines et d&#8217;amuse-bouches.<\/div>\n<\/div>\n<\/div>\n","protected":false},"featured_media":5074,"template":"","meta":{"_acf_changed":false},"product_brand":[],"product_cat":[229,29],"product_tag":[224,214],"class_list":{"0":"post-5073","1":"product","2":"type-product","3":"status-publish","4":"has-post-thumbnail","6":"product_cat-location-couverts","7":"product_cat-materiel-horeca-en-location","8":"product_tag-location-couverts-table","9":"product_tag-location-materiel-banquet","10":"description-off","12":"first","13":"instock","14":"taxable","15":"shipping-taxable","16":"purchasable","17":"product-type-simple"},"acf":[],"yoast_head":"<!-- This site is optimized with the Yoast SEO plugin v25.0 - https:\/\/yoast.com\/wordpress\/plugins\/seo\/ -->\n<title>Fourchette de d\u00e9gustation - location de couverts | ML Locations<\/title>\n<meta name=\"description\" content=\"Location de fourchettes de d\u00e9gustation (mi-cuiller, mi-fourchette) pour vos \u00e9v\u00e9nements, banquets, etc. Location de couverts et vaisselle.\" \/>\n<meta name=\"robots\" content=\"index, follow, max-snippet:-1, max-image-preview:large, max-video-preview:-1\" \/>\n<link rel=\"canonical\" href=\"https:\/\/ml-locations.be\/nl\/locations\/location-fourchette-degustation\/\" \/>\n<meta property=\"og:locale\" content=\"nl_NL\" \/>\n<meta property=\"og:type\" content=\"article\" \/>\n<meta property=\"og:title\" content=\"Fourchette de d\u00e9gustation - location de couverts | ML Locations\" \/>\n<meta property=\"og:description\" content=\"Location de fourchettes de d\u00e9gustation (mi-cuiller, mi-fourchette) pour vos \u00e9v\u00e9nements, banquets, etc. Location de couverts et vaisselle.\" \/>\n<meta property=\"og:url\" content=\"https:\/\/ml-locations.be\/nl\/locations\/location-fourchette-degustation\/\" \/>\n<meta property=\"og:site_name\" content=\"ML Locations\" \/>\n<meta property=\"article:modified_time\" content=\"2024-08-27T18:35:23+00:00\" \/>\n<meta property=\"og:image\" content=\"https:\/\/ml-locations.be\/wp-content\/uploads\/2018\/05\/Location-fourchette-degustation.jpg\" \/>\n\t<meta property=\"og:image:width\" content=\"600\" \/>\n\t<meta property=\"og:image:height\" content=\"600\" \/>\n\t<meta property=\"og:image:type\" content=\"image\/jpeg\" \/>\n<meta name=\"twitter:card\" content=\"summary_large_image\" \/>\n<script type=\"application\/ld+json\" class=\"yoast-schema-graph\">{\"@context\":\"https:\/\/schema.org\",\"@graph\":[{\"@type\":\"WebPage\",\"@id\":\"https:\/\/ml-locations.be\/nl\/locations\/location-fourchette-degustation\/\",\"url\":\"https:\/\/ml-locations.be\/nl\/locations\/location-fourchette-degustation\/\",\"name\":\"Fourchette de d\u00e9gustation - location de couverts | ML Locations\",\"isPartOf\":{\"@id\":\"https:\/\/ml-locations.be\/nl\/#website\"},\"primaryImageOfPage\":{\"@id\":\"https:\/\/ml-locations.be\/nl\/locations\/location-fourchette-degustation\/#primaryimage\"},\"image\":{\"@id\":\"https:\/\/ml-locations.be\/nl\/locations\/location-fourchette-degustation\/#primaryimage\"},\"thumbnailUrl\":\"https:\/\/ml-locations.be\/wp-content\/uploads\/2018\/05\/Location-fourchette-degustation.jpg\",\"datePublished\":\"2018-05-17T13:56:47+00:00\",\"dateModified\":\"2024-08-27T18:35:23+00:00\",\"description\":\"Location de fourchettes de d\u00e9gustation (mi-cuiller, mi-fourchette) pour vos \u00e9v\u00e9nements, banquets, etc. Location de couverts et vaisselle.\",\"breadcrumb\":{\"@id\":\"https:\/\/ml-locations.be\/nl\/locations\/location-fourchette-degustation\/#breadcrumb\"},\"inLanguage\":\"nl-NL\",\"potentialAction\":[{\"@type\":\"ReadAction\",\"target\":[\"https:\/\/ml-locations.be\/nl\/locations\/location-fourchette-degustation\/\"]}]},{\"@type\":\"ImageObject\",\"inLanguage\":\"nl-NL\",\"@id\":\"https:\/\/ml-locations.be\/nl\/locations\/location-fourchette-degustation\/#primaryimage\",\"url\":\"https:\/\/ml-locations.be\/wp-content\/uploads\/2018\/05\/Location-fourchette-degustation.jpg\",\"contentUrl\":\"https:\/\/ml-locations.be\/wp-content\/uploads\/2018\/05\/Location-fourchette-degustation.jpg\",\"width\":600,\"height\":600,\"caption\":\"Location couvert - location fourchette de d\u00e9gustation\"},{\"@type\":\"BreadcrumbList\",\"@id\":\"https:\/\/ml-locations.be\/nl\/locations\/location-fourchette-degustation\/#breadcrumb\",\"itemListElement\":[{\"@type\":\"ListItem\",\"position\":1,\"name\":\"Accueil\",\"item\":\"https:\/\/ml-locations.be\/nl\/\"},{\"@type\":\"ListItem\",\"position\":2,\"name\":\"Winkel\",\"item\":\"https:\/\/ml-locations.be\/nl\/winkel\/\"},{\"@type\":\"ListItem\",\"position\":3,\"name\":\"Fourchette de d\u00e9gustation\"}]},{\"@type\":\"WebSite\",\"@id\":\"https:\/\/ml-locations.be\/nl\/#website\",\"url\":\"https:\/\/ml-locations.be\/nl\/\",\"name\":\"ML Locations\",\"description\":\"Mat\u00e9riel \u00e9v\u00e9nementiel : location chaise, table et mange debout, mat\u00e9riel horeca, frigos,...\",\"publisher\":{\"@id\":\"https:\/\/ml-locations.be\/nl\/#organization\"},\"potentialAction\":[{\"@type\":\"SearchAction\",\"target\":{\"@type\":\"EntryPoint\",\"urlTemplate\":\"https:\/\/ml-locations.be\/nl\/?s={search_term_string}\"},\"query-input\":{\"@type\":\"PropertyValueSpecification\",\"valueRequired\":true,\"valueName\":\"search_term_string\"}}],\"inLanguage\":\"nl-NL\"},{\"@type\":\"Organization\",\"@id\":\"https:\/\/ml-locations.be\/nl\/#organization\",\"name\":\"ML Locations\",\"url\":\"https:\/\/ml-locations.be\/nl\/\",\"logo\":{\"@type\":\"ImageObject\",\"inLanguage\":\"nl-NL\",\"@id\":\"https:\/\/ml-locations.be\/nl\/#\/schema\/logo\/image\/\",\"url\":\"https:\/\/ml-locations.be\/wp-content\/uploads\/2018\/05\/LOGO-location-BON.png\",\"contentUrl\":\"https:\/\/ml-locations.be\/wp-content\/uploads\/2018\/05\/LOGO-location-BON.png\",\"width\":1200,\"height\":1200,\"caption\":\"ML Locations\"},\"image\":{\"@id\":\"https:\/\/ml-locations.be\/nl\/#\/schema\/logo\/image\/\"}}]}<\/script>\n<!-- \/ Yoast SEO plugin. -->","yoast_head_json":{"title":"Fourchette de d\u00e9gustation - location de couverts | ML Locations","description":"Location de fourchettes de d\u00e9gustation (mi-cuiller, mi-fourchette) pour vos \u00e9v\u00e9nements, banquets, etc. Location de couverts et vaisselle.","robots":{"index":"index","follow":"follow","max-snippet":"max-snippet:-1","max-image-preview":"max-image-preview:large","max-video-preview":"max-video-preview:-1"},"canonical":"https:\/\/ml-locations.be\/nl\/locations\/location-fourchette-degustation\/","og_locale":"nl_NL","og_type":"article","og_title":"Fourchette de d\u00e9gustation - location de couverts | ML Locations","og_description":"Location de fourchettes de d\u00e9gustation (mi-cuiller, mi-fourchette) pour vos \u00e9v\u00e9nements, banquets, etc. Location de couverts et vaisselle.","og_url":"https:\/\/ml-locations.be\/nl\/locations\/location-fourchette-degustation\/","og_site_name":"ML Locations","article_modified_time":"2024-08-27T18:35:23+00:00","og_image":[{"width":600,"height":600,"url":"https:\/\/ml-locations.be\/wp-content\/uploads\/2018\/05\/Location-fourchette-degustation.jpg","type":"image\/jpeg"}],"twitter_card":"summary_large_image","schema":{"@context":"https:\/\/schema.org","@graph":[{"@type":"WebPage","@id":"https:\/\/ml-locations.be\/nl\/locations\/location-fourchette-degustation\/","url":"https:\/\/ml-locations.be\/nl\/locations\/location-fourchette-degustation\/","name":"Fourchette de d\u00e9gustation - location de couverts | ML Locations","isPartOf":{"@id":"https:\/\/ml-locations.be\/nl\/#website"},"primaryImageOfPage":{"@id":"https:\/\/ml-locations.be\/nl\/locations\/location-fourchette-degustation\/#primaryimage"},"image":{"@id":"https:\/\/ml-locations.be\/nl\/locations\/location-fourchette-degustation\/#primaryimage"},"thumbnailUrl":"https:\/\/ml-locations.be\/wp-content\/uploads\/2018\/05\/Location-fourchette-degustation.jpg","datePublished":"2018-05-17T13:56:47+00:00","dateModified":"2024-08-27T18:35:23+00:00","description":"Location de fourchettes de d\u00e9gustation (mi-cuiller, mi-fourchette) pour vos \u00e9v\u00e9nements, banquets, etc. Location de couverts et vaisselle.","breadcrumb":{"@id":"https:\/\/ml-locations.be\/nl\/locations\/location-fourchette-degustation\/#breadcrumb"},"inLanguage":"nl-NL","potentialAction":[{"@type":"ReadAction","target":["https:\/\/ml-locations.be\/nl\/locations\/location-fourchette-degustation\/"]}]},{"@type":"ImageObject","inLanguage":"nl-NL","@id":"https:\/\/ml-locations.be\/nl\/locations\/location-fourchette-degustation\/#primaryimage","url":"https:\/\/ml-locations.be\/wp-content\/uploads\/2018\/05\/Location-fourchette-degustation.jpg","contentUrl":"https:\/\/ml-locations.be\/wp-content\/uploads\/2018\/05\/Location-fourchette-degustation.jpg","width":600,"height":600,"caption":"Location couvert - location fourchette de d\u00e9gustation"},{"@type":"BreadcrumbList","@id":"https:\/\/ml-locations.be\/nl\/locations\/location-fourchette-degustation\/#breadcrumb","itemListElement":[{"@type":"ListItem","position":1,"name":"Accueil","item":"https:\/\/ml-locations.be\/nl\/"},{"@type":"ListItem","position":2,"name":"Winkel","item":"https:\/\/ml-locations.be\/nl\/winkel\/"},{"@type":"ListItem","position":3,"name":"Fourchette de d\u00e9gustation"}]},{"@type":"WebSite","@id":"https:\/\/ml-locations.be\/nl\/#website","url":"https:\/\/ml-locations.be\/nl\/","name":"ML Locations","description":"Mat\u00e9riel \u00e9v\u00e9nementiel : location chaise, table et mange debout, mat\u00e9riel horeca, frigos,...","publisher":{"@id":"https:\/\/ml-locations.be\/nl\/#organization"},"potentialAction":[{"@type":"SearchAction","target":{"@type":"EntryPoint","urlTemplate":"https:\/\/ml-locations.be\/nl\/?s={search_term_string}"},"query-input":{"@type":"PropertyValueSpecification","valueRequired":true,"valueName":"search_term_string"}}],"inLanguage":"nl-NL"},{"@type":"Organization","@id":"https:\/\/ml-locations.be\/nl\/#organization","name":"ML Locations","url":"https:\/\/ml-locations.be\/nl\/","logo":{"@type":"ImageObject","inLanguage":"nl-NL","@id":"https:\/\/ml-locations.be\/nl\/#\/schema\/logo\/image\/","url":"https:\/\/ml-locations.be\/wp-content\/uploads\/2018\/05\/LOGO-location-BON.png","contentUrl":"https:\/\/ml-locations.be\/wp-content\/uploads\/2018\/05\/LOGO-location-BON.png","width":1200,"height":1200,"caption":"ML Locations"},"image":{"@id":"https:\/\/ml-locations.be\/nl\/#\/schema\/logo\/image\/"}}]}},"_links":{"self":[{"href":"https:\/\/ml-locations.be\/nl\/wp-json\/wp\/v2\/product\/5073","targetHints":{"allow":["GET"]}}],"collection":[{"href":"https:\/\/ml-locations.be\/nl\/wp-json\/wp\/v2\/product"}],"about":[{"href":"https:\/\/ml-locations.be\/nl\/wp-json\/wp\/v2\/types\/product"}],"wp:featuredmedia":[{"embeddable":true,"href":"https:\/\/ml-locations.be\/nl\/wp-json\/wp\/v2\/media\/5074"}],"wp:attachment":[{"href":"https:\/\/ml-locations.be\/nl\/wp-json\/wp\/v2\/media?parent=5073"}],"wp:term":[{"taxonomy":"product_brand","embeddable":true,"href":"https:\/\/ml-locations.be\/nl\/wp-json\/wp\/v2\/product_brand?post=5073"},{"taxonomy":"product_cat","embeddable":true,"href":"https:\/\/ml-locations.be\/nl\/wp-json\/wp\/v2\/product_cat?post=5073"},{"taxonomy":"product_tag","embeddable":true,"href":"https:\/\/ml-locations.be\/nl\/wp-json\/wp\/v2\/product_tag?post=5073"}],"curies":[{"name":"wp","href":"https:\/\/api.w.org\/{rel}","templated":true}]}}