{"id":5076,"date":"2018-05-17T16:03:22","date_gmt":"2018-05-17T14:03:22","guid":{"rendered":"https:\/\/www.ml-locations.be?post_type=product&#038;p=5076"},"modified":"2020-04-25T13:05:57","modified_gmt":"2020-04-25T11:05:57","slug":"location-table-rectangle-120cm","status":"publish","type":"product","link":"https:\/\/ml-locations.be\/nl\/locations\/location-table-rectangle-120cm\/","title":{"rendered":"Table rectangulaire 120x75cm (4 personnes)"},"content":{"rendered":"<p><strong>Table en location : table en bois 120 x 75 cm<\/strong>\u00a0sur laquelle vous pouvez placer 4 personnes.<\/p>\n<p>Pour les tables en location de 120 cm sur 75 cm, nous recommandons les nappes suivantes : <a href=\"https:\/\/ml-locations.be\/locations\/nappe-250x150cm\/\">nappes 250 x 150 cm<\/a>.<\/p>\n<p>Description de la <strong>table rectangulaire en location<\/strong> :<\/p>\n<ul>\n<li>charni\u00e8res robustes, compos\u00e9es de pi\u00e8ces r\u00e9sistantes \u00e0 l&#8217;usure<\/li>\n<li>pi\u00e9tement retenu par des clips lorsque la table est repli\u00e9e de fa\u00e7on \u00e0 faciliter la manipulation des tables<\/li>\n<li>hauteur de table (plateau incl.): 75,5 cm (standard)<\/li>\n<li>pliage et d\u00e9pliage rapide et simple gr\u00e2ce \u00e0 un syst\u00e8me autobloquant<\/li>\n<li>grande stabilit\u00e9<\/li>\n<li>blocs d&#8217;empilage antiglisse int\u00e9gr\u00e9s pour \u00e9viter les d\u00e9t\u00e9riorations lors de l&#8217;empilage des tables<\/li>\n<\/ul>\n<p>Pour la <a href=\"https:\/\/ml-locations.be\/etiquette-produit\/location-tables-et-chaises\/\">location de tables\u00a0et chaises<\/a>, faites nous confiance !<\/p>\n<p>Nous vous proposons plusieurs dimensions de tables en location rectangulaires en bois : <a href=\"https:\/\/ml-locations.be\/locations\/location-table-rectangle-150cm\/\">table 150 x 75 cm<\/a>, table 180 x 75 cm ou <a href=\"https:\/\/ml-locations.be\/locations\/location-table-rectangle-200cm\/\">table\u00a0200 x 75 cm<\/a>. Il n\u2019y a plus qu\u2019\u00e0 faire votre choix\u00a0!<\/p>\n","protected":false},"excerpt":{"rendered":"<p><strong>Table en location : table rectangulaires 4 personnes<\/strong>, rev\u00eatement en bois marin. Pour tous vos \u00e9v\u00e9nements : location table mariages, r\u00e9ceptions, anniversaires, salons,\u2026 Visitez la rubrique <a href=\"http:\/\/www.ml-locations.be\/location\/decorations-pour-evenements\/nappes-serviettes-en-location\/\">nappage <\/a>pour voir les <strong>nappes<\/strong> qui peuvent accompagner ces tables.<\/p>\n","protected":false},"featured_media":5077,"template":"","meta":{"_acf_changed":false},"product_brand":[],"product_cat":[249,6,11],"product_tag":[213,211,214],"class_list":{"0":"post-5076","1":"product","2":"type-product","3":"status-publish","4":"has-post-thumbnail","6":"product_cat-location-tables-rectangulaires","7":"product_cat-mobilier","8":"product_cat-tables-et-mange-debout-en-location","9":"product_tag-location-de-materiel-de-reception-mariages","10":"product_tag-location-tables-et-chaises","11":"product_tag-location-materiel-banquet","12":"description-off","14":"first","15":"instock","16":"taxable","17":"shipping-taxable","18":"purchasable","19":"product-type-simple"},"acf":[],"yoast_head":"<!-- This site is optimized with the Yoast SEO plugin v25.0 - https:\/\/yoast.com\/wordpress\/plugins\/seo\/ -->\n<title>Table en location : table 120 cm pour 4 personnes | ML Locations<\/title>\n<meta name=\"description\" content=\"Table rectangulaire 4 \u00e0 6 personnes (120 cm), table pour banquets et autres festivit\u00e9s. Nappes assorties disponibles. Livraison possible.\" \/>\n<meta name=\"robots\" content=\"index, follow, max-snippet:-1, max-image-preview:large, max-video-preview:-1\" \/>\n<link rel=\"canonical\" href=\"https:\/\/ml-locations.be\/nl\/locations\/location-table-rectangle-120cm\/\" \/>\n<meta property=\"og:locale\" content=\"nl_NL\" \/>\n<meta property=\"og:type\" content=\"article\" \/>\n<meta property=\"og:title\" content=\"Table en location : table 120 cm pour 4 personnes | ML Locations\" \/>\n<meta property=\"og:description\" content=\"Table rectangulaire 4 \u00e0 6 personnes (120 cm), table pour banquets et autres festivit\u00e9s. Nappes assorties disponibles. Livraison possible.\" \/>\n<meta property=\"og:url\" content=\"https:\/\/ml-locations.be\/nl\/locations\/location-table-rectangle-120cm\/\" \/>\n<meta property=\"og:site_name\" content=\"ML Locations\" \/>\n<meta property=\"article:modified_time\" content=\"2020-04-25T11:05:57+00:00\" \/>\n<meta property=\"og:image\" content=\"https:\/\/ml-locations.be\/wp-content\/uploads\/2018\/05\/Location-table-rectangulaire-120cm-e1526566744108.jpg\" \/>\n\t<meta property=\"og:image:width\" content=\"600\" \/>\n\t<meta property=\"og:image:height\" content=\"600\" \/>\n\t<meta property=\"og:image:type\" content=\"image\/jpeg\" \/>\n<meta name=\"twitter:card\" content=\"summary_large_image\" \/>\n<meta name=\"twitter:label1\" content=\"Geschatte leestijd\" \/>\n\t<meta name=\"twitter:data1\" content=\"1 minuut\" \/>\n<script type=\"application\/ld+json\" class=\"yoast-schema-graph\">{\"@context\":\"https:\/\/schema.org\",\"@graph\":[{\"@type\":\"WebPage\",\"@id\":\"https:\/\/ml-locations.be\/nl\/locations\/location-table-rectangle-120cm\/\",\"url\":\"https:\/\/ml-locations.be\/nl\/locations\/location-table-rectangle-120cm\/\",\"name\":\"Table en location : table 120 cm pour 4 personnes | ML Locations\",\"isPartOf\":{\"@id\":\"https:\/\/ml-locations.be\/nl\/#website\"},\"primaryImageOfPage\":{\"@id\":\"https:\/\/ml-locations.be\/nl\/locations\/location-table-rectangle-120cm\/#primaryimage\"},\"image\":{\"@id\":\"https:\/\/ml-locations.be\/nl\/locations\/location-table-rectangle-120cm\/#primaryimage\"},\"thumbnailUrl\":\"https:\/\/ml-locations.be\/wp-content\/uploads\/2018\/05\/Location-table-rectangulaire-120cm-e1526566744108.jpg\",\"datePublished\":\"2018-05-17T14:03:22+00:00\",\"dateModified\":\"2020-04-25T11:05:57+00:00\",\"description\":\"Table rectangulaire 4 \u00e0 6 personnes (120 cm), table pour banquets et autres festivit\u00e9s. Nappes assorties disponibles. Livraison possible.\",\"breadcrumb\":{\"@id\":\"https:\/\/ml-locations.be\/nl\/locations\/location-table-rectangle-120cm\/#breadcrumb\"},\"inLanguage\":\"nl-NL\",\"potentialAction\":[{\"@type\":\"ReadAction\",\"target\":[\"https:\/\/ml-locations.be\/nl\/locations\/location-table-rectangle-120cm\/\"]}]},{\"@type\":\"ImageObject\",\"inLanguage\":\"nl-NL\",\"@id\":\"https:\/\/ml-locations.be\/nl\/locations\/location-table-rectangle-120cm\/#primaryimage\",\"url\":\"https:\/\/ml-locations.be\/wp-content\/uploads\/2018\/05\/Location-table-rectangulaire-120cm-e1526566744108.jpg\",\"contentUrl\":\"https:\/\/ml-locations.be\/wp-content\/uploads\/2018\/05\/Location-table-rectangulaire-120cm-e1526566744108.jpg\",\"width\":600,\"height\":600,\"caption\":\"Location table rectangulaire 120 cm (4 personnes)\"},{\"@type\":\"BreadcrumbList\",\"@id\":\"https:\/\/ml-locations.be\/nl\/locations\/location-table-rectangle-120cm\/#breadcrumb\",\"itemListElement\":[{\"@type\":\"ListItem\",\"position\":1,\"name\":\"Accueil\",\"item\":\"https:\/\/ml-locations.be\/nl\/\"},{\"@type\":\"ListItem\",\"position\":2,\"name\":\"Winkel\",\"item\":\"https:\/\/ml-locations.be\/nl\/winkel\/\"},{\"@type\":\"ListItem\",\"position\":3,\"name\":\"Table rectangulaire 120x75cm (4 personnes)\"}]},{\"@type\":\"WebSite\",\"@id\":\"https:\/\/ml-locations.be\/nl\/#website\",\"url\":\"https:\/\/ml-locations.be\/nl\/\",\"name\":\"ML Locations\",\"description\":\"Mat\u00e9riel \u00e9v\u00e9nementiel : location chaise, table et mange debout, mat\u00e9riel horeca, frigos,...\",\"publisher\":{\"@id\":\"https:\/\/ml-locations.be\/nl\/#organization\"},\"potentialAction\":[{\"@type\":\"SearchAction\",\"target\":{\"@type\":\"EntryPoint\",\"urlTemplate\":\"https:\/\/ml-locations.be\/nl\/?s={search_term_string}\"},\"query-input\":{\"@type\":\"PropertyValueSpecification\",\"valueRequired\":true,\"valueName\":\"search_term_string\"}}],\"inLanguage\":\"nl-NL\"},{\"@type\":\"Organization\",\"@id\":\"https:\/\/ml-locations.be\/nl\/#organization\",\"name\":\"ML Locations\",\"url\":\"https:\/\/ml-locations.be\/nl\/\",\"logo\":{\"@type\":\"ImageObject\",\"inLanguage\":\"nl-NL\",\"@id\":\"https:\/\/ml-locations.be\/nl\/#\/schema\/logo\/image\/\",\"url\":\"https:\/\/ml-locations.be\/wp-content\/uploads\/2018\/05\/LOGO-location-BON.png\",\"contentUrl\":\"https:\/\/ml-locations.be\/wp-content\/uploads\/2018\/05\/LOGO-location-BON.png\",\"width\":1200,\"height\":1200,\"caption\":\"ML Locations\"},\"image\":{\"@id\":\"https:\/\/ml-locations.be\/nl\/#\/schema\/logo\/image\/\"}}]}<\/script>\n<!-- \/ Yoast SEO plugin. -->","yoast_head_json":{"title":"Table en location : table 120 cm pour 4 personnes | ML Locations","description":"Table rectangulaire 4 \u00e0 6 personnes (120 cm), table pour banquets et autres festivit\u00e9s. Nappes assorties disponibles. Livraison possible.","robots":{"index":"index","follow":"follow","max-snippet":"max-snippet:-1","max-image-preview":"max-image-preview:large","max-video-preview":"max-video-preview:-1"},"canonical":"https:\/\/ml-locations.be\/nl\/locations\/location-table-rectangle-120cm\/","og_locale":"nl_NL","og_type":"article","og_title":"Table en location : table 120 cm pour 4 personnes | ML Locations","og_description":"Table rectangulaire 4 \u00e0 6 personnes (120 cm), table pour banquets et autres festivit\u00e9s. Nappes assorties disponibles. Livraison possible.","og_url":"https:\/\/ml-locations.be\/nl\/locations\/location-table-rectangle-120cm\/","og_site_name":"ML Locations","article_modified_time":"2020-04-25T11:05:57+00:00","og_image":[{"width":600,"height":600,"url":"https:\/\/ml-locations.be\/wp-content\/uploads\/2018\/05\/Location-table-rectangulaire-120cm-e1526566744108.jpg","type":"image\/jpeg"}],"twitter_card":"summary_large_image","twitter_misc":{"Geschatte leestijd":"1 minuut"},"schema":{"@context":"https:\/\/schema.org","@graph":[{"@type":"WebPage","@id":"https:\/\/ml-locations.be\/nl\/locations\/location-table-rectangle-120cm\/","url":"https:\/\/ml-locations.be\/nl\/locations\/location-table-rectangle-120cm\/","name":"Table en location : table 120 cm pour 4 personnes | ML Locations","isPartOf":{"@id":"https:\/\/ml-locations.be\/nl\/#website"},"primaryImageOfPage":{"@id":"https:\/\/ml-locations.be\/nl\/locations\/location-table-rectangle-120cm\/#primaryimage"},"image":{"@id":"https:\/\/ml-locations.be\/nl\/locations\/location-table-rectangle-120cm\/#primaryimage"},"thumbnailUrl":"https:\/\/ml-locations.be\/wp-content\/uploads\/2018\/05\/Location-table-rectangulaire-120cm-e1526566744108.jpg","datePublished":"2018-05-17T14:03:22+00:00","dateModified":"2020-04-25T11:05:57+00:00","description":"Table rectangulaire 4 \u00e0 6 personnes (120 cm), table pour banquets et autres festivit\u00e9s. Nappes assorties disponibles. Livraison possible.","breadcrumb":{"@id":"https:\/\/ml-locations.be\/nl\/locations\/location-table-rectangle-120cm\/#breadcrumb"},"inLanguage":"nl-NL","potentialAction":[{"@type":"ReadAction","target":["https:\/\/ml-locations.be\/nl\/locations\/location-table-rectangle-120cm\/"]}]},{"@type":"ImageObject","inLanguage":"nl-NL","@id":"https:\/\/ml-locations.be\/nl\/locations\/location-table-rectangle-120cm\/#primaryimage","url":"https:\/\/ml-locations.be\/wp-content\/uploads\/2018\/05\/Location-table-rectangulaire-120cm-e1526566744108.jpg","contentUrl":"https:\/\/ml-locations.be\/wp-content\/uploads\/2018\/05\/Location-table-rectangulaire-120cm-e1526566744108.jpg","width":600,"height":600,"caption":"Location table rectangulaire 120 cm (4 personnes)"},{"@type":"BreadcrumbList","@id":"https:\/\/ml-locations.be\/nl\/locations\/location-table-rectangle-120cm\/#breadcrumb","itemListElement":[{"@type":"ListItem","position":1,"name":"Accueil","item":"https:\/\/ml-locations.be\/nl\/"},{"@type":"ListItem","position":2,"name":"Winkel","item":"https:\/\/ml-locations.be\/nl\/winkel\/"},{"@type":"ListItem","position":3,"name":"Table rectangulaire 120x75cm (4 personnes)"}]},{"@type":"WebSite","@id":"https:\/\/ml-locations.be\/nl\/#website","url":"https:\/\/ml-locations.be\/nl\/","name":"ML Locations","description":"Mat\u00e9riel \u00e9v\u00e9nementiel : location chaise, table et mange debout, mat\u00e9riel horeca, frigos,...","publisher":{"@id":"https:\/\/ml-locations.be\/nl\/#organization"},"potentialAction":[{"@type":"SearchAction","target":{"@type":"EntryPoint","urlTemplate":"https:\/\/ml-locations.be\/nl\/?s={search_term_string}"},"query-input":{"@type":"PropertyValueSpecification","valueRequired":true,"valueName":"search_term_string"}}],"inLanguage":"nl-NL"},{"@type":"Organization","@id":"https:\/\/ml-locations.be\/nl\/#organization","name":"ML Locations","url":"https:\/\/ml-locations.be\/nl\/","logo":{"@type":"ImageObject","inLanguage":"nl-NL","@id":"https:\/\/ml-locations.be\/nl\/#\/schema\/logo\/image\/","url":"https:\/\/ml-locations.be\/wp-content\/uploads\/2018\/05\/LOGO-location-BON.png","contentUrl":"https:\/\/ml-locations.be\/wp-content\/uploads\/2018\/05\/LOGO-location-BON.png","width":1200,"height":1200,"caption":"ML Locations"},"image":{"@id":"https:\/\/ml-locations.be\/nl\/#\/schema\/logo\/image\/"}}]}},"_links":{"self":[{"href":"https:\/\/ml-locations.be\/nl\/wp-json\/wp\/v2\/product\/5076","targetHints":{"allow":["GET"]}}],"collection":[{"href":"https:\/\/ml-locations.be\/nl\/wp-json\/wp\/v2\/product"}],"about":[{"href":"https:\/\/ml-locations.be\/nl\/wp-json\/wp\/v2\/types\/product"}],"wp:featuredmedia":[{"embeddable":true,"href":"https:\/\/ml-locations.be\/nl\/wp-json\/wp\/v2\/media\/5077"}],"wp:attachment":[{"href":"https:\/\/ml-locations.be\/nl\/wp-json\/wp\/v2\/media?parent=5076"}],"wp:term":[{"taxonomy":"product_brand","embeddable":true,"href":"https:\/\/ml-locations.be\/nl\/wp-json\/wp\/v2\/product_brand?post=5076"},{"taxonomy":"product_cat","embeddable":true,"href":"https:\/\/ml-locations.be\/nl\/wp-json\/wp\/v2\/product_cat?post=5076"},{"taxonomy":"product_tag","embeddable":true,"href":"https:\/\/ml-locations.be\/nl\/wp-json\/wp\/v2\/product_tag?post=5076"}],"curies":[{"name":"wp","href":"https:\/\/api.w.org\/{rel}","templated":true}]}}