{"id":5257,"date":"2018-06-07T10:28:46","date_gmt":"2018-06-07T08:28:46","guid":{"rendered":"https:\/\/www.ml-locations.be?post_type=product&#038;p=5257"},"modified":"2020-04-25T13:06:16","modified_gmt":"2020-04-25T11:06:16","slug":"location-table-travail-inox-180","status":"publish","type":"product","link":"https:\/\/ml-locations.be\/nl\/locations\/location-table-travail-inox-180\/","title":{"rendered":"Table de travail inox 180x76cm"},"content":{"rendered":"<p><strong>Table de travail inox en location :<\/strong>\u00a0table rectangulaire de 180 cm x 76 cm (hauteur 76 cm). Son r\u00eavetement en inox en fait la table id\u00e9ale pour la pr\u00e9paration des repas lors de vos \u00e9v\u00e9nements ! Si vous manquez de plan de travail pour la pr\u00e9paration de repas ou de buffet, c&#8217;est la table qu&#8217;il vous faut ! Les pieds pliants permettent de faciliter le transport et le rangement des tables. Sa taille et son support en inox la rende tr\u00e8s pratique pour les cuisines mobiles et les offices traiteurs.<\/p>\n<p><strong>Description de la table en location :<\/strong><\/p>\n<ul>\n<li>charni\u00e8res robustes, compos\u00e9es de pi\u00e8ces r\u00e9sistantes \u00e0 l&#8217;usure<\/li>\n<li>pi\u00e9tement retenu par des clips lorsque la table est repli\u00e9e de fa\u00e7on \u00e0 faciliter la manipulation des tables<\/li>\n<li>hauteur de table (plateau incl.): 76 cm (standard)<\/li>\n<li>pliage\/d\u00e9pliage de la table rapide et simple gr\u00e2ce \u00e0 un syst\u00e8me autobloquant<\/li>\n<li>d\u00e9gagement maximal gr\u00e2ce au pi\u00e9tement en &#8216;T&#8217; invers\u00e9 (les pieds ne g\u00eanent pas les convives assis autour de la table).<\/li>\n<li>grande stabilit\u00e9 de la table en location<\/li>\n<li>blocs d&#8217;empilage antiglisse int\u00e9gr\u00e9s pour \u00e9viter les d\u00e9t\u00e9riorations lors de l&#8217;empilage des tables<\/li>\n<\/ul>\n<p>Vous cherchez d&#8217;autres dimensions ? Nous vous proposons plusieurs dimensions pour ces <strong>tables en location<\/strong> rectangulaires : <a href=\"https:\/\/ml-locations.be\/locations\/location-table-rectangle-150cm\/\"><strong>table en location 150 cm x 75 cm<\/strong><\/a>\u00a0; <a href=\"https:\/\/ml-locations.be\/locations\/location-table-rectangle-120cm\/\">location table 180 x 75 cm<\/a>. Il n\u2019y a plus qu\u2019\u00e0 faire votre choix\u00a0!<\/p>\n<p>Vous avez besoin d&#8217;un conseil ? Vous ne savez pas faire votre choix parmi nos <a href=\"https:\/\/ml-locations.be\/location\/mobilier\/tables-et-mange-debout-en-location\/\">tables en locations<\/a> ? Contactez- nous !<\/p>\n","protected":false},"excerpt":{"rendered":"<p><strong>Table de travail en inox en location : table rectangulaire 180 x 76 cm<\/strong>, \u00e0 utiliser comme plan de travail, rev\u00eatement en inox.<\/p>\n","protected":false},"featured_media":5259,"template":"","meta":{"_acf_changed":false},"product_brand":[],"product_cat":[249,6,11],"product_tag":[211,214],"class_list":{"0":"post-5257","1":"product","2":"type-product","3":"status-publish","4":"has-post-thumbnail","6":"product_cat-location-tables-rectangulaires","7":"product_cat-mobilier","8":"product_cat-tables-et-mange-debout-en-location","9":"product_tag-location-tables-et-chaises","10":"product_tag-location-materiel-banquet","11":"description-off","13":"first","14":"instock","15":"taxable","16":"shipping-taxable","17":"purchasable","18":"product-type-simple"},"acf":[],"yoast_head":"<!-- This site is optimized with the Yoast SEO plugin v25.0 - https:\/\/yoast.com\/wordpress\/plugins\/seo\/ -->\n<title>Table de travail en inox : table 180 x 75 cm | ML Locations<\/title>\n<meta name=\"description\" content=\"Table de travail en inox en location : table rectangulaire de 180cm de long, \u00e0 utiliser comme plan de travail. Livraison possible.\" \/>\n<meta name=\"robots\" content=\"index, follow, max-snippet:-1, max-image-preview:large, max-video-preview:-1\" \/>\n<link rel=\"canonical\" href=\"https:\/\/ml-locations.be\/nl\/locations\/location-table-travail-inox-180\/\" \/>\n<meta property=\"og:locale\" content=\"nl_NL\" \/>\n<meta property=\"og:type\" content=\"article\" \/>\n<meta property=\"og:title\" content=\"Table de travail en inox : table 180 x 75 cm | ML Locations\" \/>\n<meta property=\"og:description\" content=\"Table de travail en inox en location : table rectangulaire de 180cm de long, \u00e0 utiliser comme plan de travail. Livraison possible.\" \/>\n<meta property=\"og:url\" content=\"https:\/\/ml-locations.be\/nl\/locations\/location-table-travail-inox-180\/\" \/>\n<meta property=\"og:site_name\" content=\"ML Locations\" \/>\n<meta property=\"article:modified_time\" content=\"2020-04-25T11:06:16+00:00\" \/>\n<meta property=\"og:image\" content=\"https:\/\/ml-locations.be\/wp-content\/uploads\/2018\/06\/location-table-travail-inox-180.jpeg\" \/>\n\t<meta property=\"og:image:width\" content=\"600\" \/>\n\t<meta property=\"og:image:height\" content=\"600\" \/>\n\t<meta property=\"og:image:type\" content=\"image\/jpeg\" \/>\n<meta name=\"twitter:card\" content=\"summary_large_image\" \/>\n<meta name=\"twitter:label1\" content=\"Geschatte leestijd\" \/>\n\t<meta name=\"twitter:data1\" content=\"1 minuut\" \/>\n<script type=\"application\/ld+json\" class=\"yoast-schema-graph\">{\"@context\":\"https:\/\/schema.org\",\"@graph\":[{\"@type\":\"WebPage\",\"@id\":\"https:\/\/ml-locations.be\/nl\/locations\/location-table-travail-inox-180\/\",\"url\":\"https:\/\/ml-locations.be\/nl\/locations\/location-table-travail-inox-180\/\",\"name\":\"Table de travail en inox : table 180 x 75 cm | ML Locations\",\"isPartOf\":{\"@id\":\"https:\/\/ml-locations.be\/nl\/#website\"},\"primaryImageOfPage\":{\"@id\":\"https:\/\/ml-locations.be\/nl\/locations\/location-table-travail-inox-180\/#primaryimage\"},\"image\":{\"@id\":\"https:\/\/ml-locations.be\/nl\/locations\/location-table-travail-inox-180\/#primaryimage\"},\"thumbnailUrl\":\"https:\/\/ml-locations.be\/wp-content\/uploads\/2018\/06\/location-table-travail-inox-180.jpeg\",\"datePublished\":\"2018-06-07T08:28:46+00:00\",\"dateModified\":\"2020-04-25T11:06:16+00:00\",\"description\":\"Table de travail en inox en location : table rectangulaire de 180cm de long, \u00e0 utiliser comme plan de travail. Livraison possible.\",\"breadcrumb\":{\"@id\":\"https:\/\/ml-locations.be\/nl\/locations\/location-table-travail-inox-180\/#breadcrumb\"},\"inLanguage\":\"nl-NL\",\"potentialAction\":[{\"@type\":\"ReadAction\",\"target\":[\"https:\/\/ml-locations.be\/nl\/locations\/location-table-travail-inox-180\/\"]}]},{\"@type\":\"ImageObject\",\"inLanguage\":\"nl-NL\",\"@id\":\"https:\/\/ml-locations.be\/nl\/locations\/location-table-travail-inox-180\/#primaryimage\",\"url\":\"https:\/\/ml-locations.be\/wp-content\/uploads\/2018\/06\/location-table-travail-inox-180.jpeg\",\"contentUrl\":\"https:\/\/ml-locations.be\/wp-content\/uploads\/2018\/06\/location-table-travail-inox-180.jpeg\",\"width\":600,\"height\":600,\"caption\":\"Location table travail en inox 180 cm\"},{\"@type\":\"BreadcrumbList\",\"@id\":\"https:\/\/ml-locations.be\/nl\/locations\/location-table-travail-inox-180\/#breadcrumb\",\"itemListElement\":[{\"@type\":\"ListItem\",\"position\":1,\"name\":\"Accueil\",\"item\":\"https:\/\/ml-locations.be\/nl\/\"},{\"@type\":\"ListItem\",\"position\":2,\"name\":\"Winkel\",\"item\":\"https:\/\/ml-locations.be\/nl\/winkel\/\"},{\"@type\":\"ListItem\",\"position\":3,\"name\":\"Table de travail inox 180x76cm\"}]},{\"@type\":\"WebSite\",\"@id\":\"https:\/\/ml-locations.be\/nl\/#website\",\"url\":\"https:\/\/ml-locations.be\/nl\/\",\"name\":\"ML Locations\",\"description\":\"Mat\u00e9riel \u00e9v\u00e9nementiel : location chaise, table et mange debout, mat\u00e9riel horeca, frigos,...\",\"publisher\":{\"@id\":\"https:\/\/ml-locations.be\/nl\/#organization\"},\"potentialAction\":[{\"@type\":\"SearchAction\",\"target\":{\"@type\":\"EntryPoint\",\"urlTemplate\":\"https:\/\/ml-locations.be\/nl\/?s={search_term_string}\"},\"query-input\":{\"@type\":\"PropertyValueSpecification\",\"valueRequired\":true,\"valueName\":\"search_term_string\"}}],\"inLanguage\":\"nl-NL\"},{\"@type\":\"Organization\",\"@id\":\"https:\/\/ml-locations.be\/nl\/#organization\",\"name\":\"ML Locations\",\"url\":\"https:\/\/ml-locations.be\/nl\/\",\"logo\":{\"@type\":\"ImageObject\",\"inLanguage\":\"nl-NL\",\"@id\":\"https:\/\/ml-locations.be\/nl\/#\/schema\/logo\/image\/\",\"url\":\"https:\/\/ml-locations.be\/wp-content\/uploads\/2018\/05\/LOGO-location-BON.png\",\"contentUrl\":\"https:\/\/ml-locations.be\/wp-content\/uploads\/2018\/05\/LOGO-location-BON.png\",\"width\":1200,\"height\":1200,\"caption\":\"ML Locations\"},\"image\":{\"@id\":\"https:\/\/ml-locations.be\/nl\/#\/schema\/logo\/image\/\"}}]}<\/script>\n<!-- \/ Yoast SEO plugin. -->","yoast_head_json":{"title":"Table de travail en inox : table 180 x 75 cm | ML Locations","description":"Table de travail en inox en location : table rectangulaire de 180cm de long, \u00e0 utiliser comme plan de travail. Livraison possible.","robots":{"index":"index","follow":"follow","max-snippet":"max-snippet:-1","max-image-preview":"max-image-preview:large","max-video-preview":"max-video-preview:-1"},"canonical":"https:\/\/ml-locations.be\/nl\/locations\/location-table-travail-inox-180\/","og_locale":"nl_NL","og_type":"article","og_title":"Table de travail en inox : table 180 x 75 cm | ML Locations","og_description":"Table de travail en inox en location : table rectangulaire de 180cm de long, \u00e0 utiliser comme plan de travail. Livraison possible.","og_url":"https:\/\/ml-locations.be\/nl\/locations\/location-table-travail-inox-180\/","og_site_name":"ML Locations","article_modified_time":"2020-04-25T11:06:16+00:00","og_image":[{"width":600,"height":600,"url":"https:\/\/ml-locations.be\/wp-content\/uploads\/2018\/06\/location-table-travail-inox-180.jpeg","type":"image\/jpeg"}],"twitter_card":"summary_large_image","twitter_misc":{"Geschatte leestijd":"1 minuut"},"schema":{"@context":"https:\/\/schema.org","@graph":[{"@type":"WebPage","@id":"https:\/\/ml-locations.be\/nl\/locations\/location-table-travail-inox-180\/","url":"https:\/\/ml-locations.be\/nl\/locations\/location-table-travail-inox-180\/","name":"Table de travail en inox : table 180 x 75 cm | ML Locations","isPartOf":{"@id":"https:\/\/ml-locations.be\/nl\/#website"},"primaryImageOfPage":{"@id":"https:\/\/ml-locations.be\/nl\/locations\/location-table-travail-inox-180\/#primaryimage"},"image":{"@id":"https:\/\/ml-locations.be\/nl\/locations\/location-table-travail-inox-180\/#primaryimage"},"thumbnailUrl":"https:\/\/ml-locations.be\/wp-content\/uploads\/2018\/06\/location-table-travail-inox-180.jpeg","datePublished":"2018-06-07T08:28:46+00:00","dateModified":"2020-04-25T11:06:16+00:00","description":"Table de travail en inox en location : table rectangulaire de 180cm de long, \u00e0 utiliser comme plan de travail. Livraison possible.","breadcrumb":{"@id":"https:\/\/ml-locations.be\/nl\/locations\/location-table-travail-inox-180\/#breadcrumb"},"inLanguage":"nl-NL","potentialAction":[{"@type":"ReadAction","target":["https:\/\/ml-locations.be\/nl\/locations\/location-table-travail-inox-180\/"]}]},{"@type":"ImageObject","inLanguage":"nl-NL","@id":"https:\/\/ml-locations.be\/nl\/locations\/location-table-travail-inox-180\/#primaryimage","url":"https:\/\/ml-locations.be\/wp-content\/uploads\/2018\/06\/location-table-travail-inox-180.jpeg","contentUrl":"https:\/\/ml-locations.be\/wp-content\/uploads\/2018\/06\/location-table-travail-inox-180.jpeg","width":600,"height":600,"caption":"Location table travail en inox 180 cm"},{"@type":"BreadcrumbList","@id":"https:\/\/ml-locations.be\/nl\/locations\/location-table-travail-inox-180\/#breadcrumb","itemListElement":[{"@type":"ListItem","position":1,"name":"Accueil","item":"https:\/\/ml-locations.be\/nl\/"},{"@type":"ListItem","position":2,"name":"Winkel","item":"https:\/\/ml-locations.be\/nl\/winkel\/"},{"@type":"ListItem","position":3,"name":"Table de travail inox 180x76cm"}]},{"@type":"WebSite","@id":"https:\/\/ml-locations.be\/nl\/#website","url":"https:\/\/ml-locations.be\/nl\/","name":"ML Locations","description":"Mat\u00e9riel \u00e9v\u00e9nementiel : location chaise, table et mange debout, mat\u00e9riel horeca, frigos,...","publisher":{"@id":"https:\/\/ml-locations.be\/nl\/#organization"},"potentialAction":[{"@type":"SearchAction","target":{"@type":"EntryPoint","urlTemplate":"https:\/\/ml-locations.be\/nl\/?s={search_term_string}"},"query-input":{"@type":"PropertyValueSpecification","valueRequired":true,"valueName":"search_term_string"}}],"inLanguage":"nl-NL"},{"@type":"Organization","@id":"https:\/\/ml-locations.be\/nl\/#organization","name":"ML Locations","url":"https:\/\/ml-locations.be\/nl\/","logo":{"@type":"ImageObject","inLanguage":"nl-NL","@id":"https:\/\/ml-locations.be\/nl\/#\/schema\/logo\/image\/","url":"https:\/\/ml-locations.be\/wp-content\/uploads\/2018\/05\/LOGO-location-BON.png","contentUrl":"https:\/\/ml-locations.be\/wp-content\/uploads\/2018\/05\/LOGO-location-BON.png","width":1200,"height":1200,"caption":"ML Locations"},"image":{"@id":"https:\/\/ml-locations.be\/nl\/#\/schema\/logo\/image\/"}}]}},"_links":{"self":[{"href":"https:\/\/ml-locations.be\/nl\/wp-json\/wp\/v2\/product\/5257","targetHints":{"allow":["GET"]}}],"collection":[{"href":"https:\/\/ml-locations.be\/nl\/wp-json\/wp\/v2\/product"}],"about":[{"href":"https:\/\/ml-locations.be\/nl\/wp-json\/wp\/v2\/types\/product"}],"wp:featuredmedia":[{"embeddable":true,"href":"https:\/\/ml-locations.be\/nl\/wp-json\/wp\/v2\/media\/5259"}],"wp:attachment":[{"href":"https:\/\/ml-locations.be\/nl\/wp-json\/wp\/v2\/media?parent=5257"}],"wp:term":[{"taxonomy":"product_brand","embeddable":true,"href":"https:\/\/ml-locations.be\/nl\/wp-json\/wp\/v2\/product_brand?post=5257"},{"taxonomy":"product_cat","embeddable":true,"href":"https:\/\/ml-locations.be\/nl\/wp-json\/wp\/v2\/product_cat?post=5257"},{"taxonomy":"product_tag","embeddable":true,"href":"https:\/\/ml-locations.be\/nl\/wp-json\/wp\/v2\/product_tag?post=5257"}],"curies":[{"name":"wp","href":"https:\/\/api.w.org\/{rel}","templated":true}]}}