{"id":5266,"date":"2018-06-07T12:28:52","date_gmt":"2018-06-07T10:28:52","guid":{"rendered":"https:\/\/www.ml-locations.be?post_type=product&#038;p=5266"},"modified":"2020-01-16T19:51:43","modified_gmt":"2020-01-16T18:51:43","slug":"location-couverts-service-cuillere-sauce","status":"publish","type":"product","link":"https:\/\/ml-locations.be\/nl\/locations\/location-couverts-service-cuillere-sauce\/","title":{"rendered":"Cuill\u00e8re \u00e0 sauce &#8211; Privilege"},"content":{"rendered":"<p><strong>Cuill\u00e8re \u00e0 sauce en location\u00a0 : <\/strong>petite louche pour le service de la sauce. Cette cuill\u00e8re \u00e0 sauce en inox\u00a0en location est tr\u00e8s pratique pour tous vos repas et vos <strong>banquets<\/strong>, quel qu\u2019en soit le cadre\u00a0; un mariage, un anniversaire, une conf\u00e9rence,\u2026<\/p>\n<p>Les cuill\u00e8res \u00e0 sauce et tous les autres couverts de services sont repris sales en fin de location, et ce sans risque de frais suppl\u00e9mentaires car le nettoyage des couverts est compris dans le prix de la location.<\/p>\n<p>Ces<strong>\u00a0cuill\u00e8res<\/strong>\u00a0sont g\u00e9n\u00e9ralement utilis\u00e9es durant le service de l\u00e9gumes ou condiments.<\/p>\n<p>Longueur : environ 20 cm<\/p>\n<p>Pour la <a href=\"https:\/\/ml-locations.be\/location\/materiel-horeca-en-location\/location-couverts\"><strong>location couverts<\/strong><\/a>, la <a href=\"https:\/\/ml-locations.be\/location\/materiel-horeca-en-location\/location-vaisselle\"><strong>location de vaisselle<\/strong><\/a>, la <a href=\"https:\/\/ml-locations.be\/location\/materiel-horeca-en-location\/verres-en-location\/\"><strong>location de verres<\/strong><\/a>, faites confiance \u00e0 ML Locations.<\/p>\n","protected":false},"excerpt":{"rendered":"<p><strong>Cuill\u00e8re \u00e0 sauce en location : <\/strong>petite louche\u00a0en inox\u00a0\u00e0 louer pour tous vos banquets.<\/p>\n","protected":false},"featured_media":5267,"template":"","meta":{"_acf_changed":false},"product_brand":[],"product_cat":[229,29],"product_tag":[224,213,214],"class_list":{"0":"post-5266","1":"product","2":"type-product","3":"status-publish","4":"has-post-thumbnail","6":"product_cat-location-couverts","7":"product_cat-materiel-horeca-en-location","8":"product_tag-location-couverts-table","9":"product_tag-location-de-materiel-de-reception-mariages","10":"product_tag-location-materiel-banquet","11":"description-off","13":"first","14":"instock","15":"taxable","16":"shipping-taxable","17":"purchasable","18":"product-type-simple"},"acf":[],"yoast_head":"<!-- This site is optimized with the Yoast SEO plugin v25.0 - https:\/\/yoast.com\/wordpress\/plugins\/seo\/ -->\n<title>Cuill\u00e8re \u00e0 sauce - location de couverts de service | ML Locations<\/title>\n<meta name=\"description\" content=\"Cuill\u00e8res \u00e0 sauce en location pour vos banquets. Couverts de service en location, mat\u00e9riel Horeca aussi disponibles. Devis gratuit !\" \/>\n<meta name=\"robots\" content=\"index, follow, max-snippet:-1, max-image-preview:large, max-video-preview:-1\" \/>\n<link rel=\"canonical\" href=\"https:\/\/ml-locations.be\/nl\/locations\/location-couverts-service-cuillere-sauce\/\" \/>\n<meta property=\"og:locale\" content=\"nl_NL\" \/>\n<meta property=\"og:type\" content=\"article\" \/>\n<meta property=\"og:title\" content=\"Cuill\u00e8re \u00e0 sauce - location de couverts de service | ML Locations\" \/>\n<meta property=\"og:description\" content=\"Cuill\u00e8res \u00e0 sauce en location pour vos banquets. Couverts de service en location, mat\u00e9riel Horeca aussi disponibles. Devis gratuit !\" \/>\n<meta property=\"og:url\" content=\"https:\/\/ml-locations.be\/nl\/locations\/location-couverts-service-cuillere-sauce\/\" \/>\n<meta property=\"og:site_name\" content=\"ML Locations\" \/>\n<meta property=\"article:modified_time\" content=\"2020-01-16T18:51:43+00:00\" \/>\n<meta property=\"og:image\" content=\"https:\/\/ml-locations.be\/wp-content\/uploads\/2018\/06\/location-cuillere-service-cuillere-a-sauce.jpg\" \/>\n\t<meta property=\"og:image:width\" content=\"600\" \/>\n\t<meta property=\"og:image:height\" content=\"600\" \/>\n\t<meta property=\"og:image:type\" content=\"image\/jpeg\" \/>\n<meta name=\"twitter:card\" content=\"summary_large_image\" \/>\n<meta name=\"twitter:label1\" content=\"Geschatte leestijd\" \/>\n\t<meta name=\"twitter:data1\" content=\"1 minuut\" \/>\n<script type=\"application\/ld+json\" class=\"yoast-schema-graph\">{\"@context\":\"https:\/\/schema.org\",\"@graph\":[{\"@type\":\"WebPage\",\"@id\":\"https:\/\/ml-locations.be\/nl\/locations\/location-couverts-service-cuillere-sauce\/\",\"url\":\"https:\/\/ml-locations.be\/nl\/locations\/location-couverts-service-cuillere-sauce\/\",\"name\":\"Cuill\u00e8re \u00e0 sauce - location de couverts de service | ML Locations\",\"isPartOf\":{\"@id\":\"https:\/\/ml-locations.be\/nl\/#website\"},\"primaryImageOfPage\":{\"@id\":\"https:\/\/ml-locations.be\/nl\/locations\/location-couverts-service-cuillere-sauce\/#primaryimage\"},\"image\":{\"@id\":\"https:\/\/ml-locations.be\/nl\/locations\/location-couverts-service-cuillere-sauce\/#primaryimage\"},\"thumbnailUrl\":\"https:\/\/ml-locations.be\/wp-content\/uploads\/2018\/06\/location-cuillere-service-cuillere-a-sauce.jpg\",\"datePublished\":\"2018-06-07T10:28:52+00:00\",\"dateModified\":\"2020-01-16T18:51:43+00:00\",\"description\":\"Cuill\u00e8res \u00e0 sauce en location pour vos banquets. Couverts de service en location, mat\u00e9riel Horeca aussi disponibles. Devis gratuit !\",\"breadcrumb\":{\"@id\":\"https:\/\/ml-locations.be\/nl\/locations\/location-couverts-service-cuillere-sauce\/#breadcrumb\"},\"inLanguage\":\"nl-NL\",\"potentialAction\":[{\"@type\":\"ReadAction\",\"target\":[\"https:\/\/ml-locations.be\/nl\/locations\/location-couverts-service-cuillere-sauce\/\"]}]},{\"@type\":\"ImageObject\",\"inLanguage\":\"nl-NL\",\"@id\":\"https:\/\/ml-locations.be\/nl\/locations\/location-couverts-service-cuillere-sauce\/#primaryimage\",\"url\":\"https:\/\/ml-locations.be\/wp-content\/uploads\/2018\/06\/location-cuillere-service-cuillere-a-sauce.jpg\",\"contentUrl\":\"https:\/\/ml-locations.be\/wp-content\/uploads\/2018\/06\/location-cuillere-service-cuillere-a-sauce.jpg\",\"width\":600,\"height\":600,\"caption\":\"location cuillere service - cuillere a sauce\"},{\"@type\":\"BreadcrumbList\",\"@id\":\"https:\/\/ml-locations.be\/nl\/locations\/location-couverts-service-cuillere-sauce\/#breadcrumb\",\"itemListElement\":[{\"@type\":\"ListItem\",\"position\":1,\"name\":\"Accueil\",\"item\":\"https:\/\/ml-locations.be\/nl\/\"},{\"@type\":\"ListItem\",\"position\":2,\"name\":\"Winkel\",\"item\":\"https:\/\/ml-locations.be\/nl\/winkel\/\"},{\"@type\":\"ListItem\",\"position\":3,\"name\":\"Cuill\u00e8re \u00e0 sauce &#8211; Privilege\"}]},{\"@type\":\"WebSite\",\"@id\":\"https:\/\/ml-locations.be\/nl\/#website\",\"url\":\"https:\/\/ml-locations.be\/nl\/\",\"name\":\"ML Locations\",\"description\":\"Mat\u00e9riel \u00e9v\u00e9nementiel : location chaise, table et mange debout, mat\u00e9riel horeca, frigos,...\",\"publisher\":{\"@id\":\"https:\/\/ml-locations.be\/nl\/#organization\"},\"potentialAction\":[{\"@type\":\"SearchAction\",\"target\":{\"@type\":\"EntryPoint\",\"urlTemplate\":\"https:\/\/ml-locations.be\/nl\/?s={search_term_string}\"},\"query-input\":{\"@type\":\"PropertyValueSpecification\",\"valueRequired\":true,\"valueName\":\"search_term_string\"}}],\"inLanguage\":\"nl-NL\"},{\"@type\":\"Organization\",\"@id\":\"https:\/\/ml-locations.be\/nl\/#organization\",\"name\":\"ML Locations\",\"url\":\"https:\/\/ml-locations.be\/nl\/\",\"logo\":{\"@type\":\"ImageObject\",\"inLanguage\":\"nl-NL\",\"@id\":\"https:\/\/ml-locations.be\/nl\/#\/schema\/logo\/image\/\",\"url\":\"https:\/\/ml-locations.be\/wp-content\/uploads\/2018\/05\/LOGO-location-BON.png\",\"contentUrl\":\"https:\/\/ml-locations.be\/wp-content\/uploads\/2018\/05\/LOGO-location-BON.png\",\"width\":1200,\"height\":1200,\"caption\":\"ML Locations\"},\"image\":{\"@id\":\"https:\/\/ml-locations.be\/nl\/#\/schema\/logo\/image\/\"}}]}<\/script>\n<!-- \/ Yoast SEO plugin. -->","yoast_head_json":{"title":"Cuill\u00e8re \u00e0 sauce - location de couverts de service | ML Locations","description":"Cuill\u00e8res \u00e0 sauce en location pour vos banquets. Couverts de service en location, mat\u00e9riel Horeca aussi disponibles. Devis gratuit !","robots":{"index":"index","follow":"follow","max-snippet":"max-snippet:-1","max-image-preview":"max-image-preview:large","max-video-preview":"max-video-preview:-1"},"canonical":"https:\/\/ml-locations.be\/nl\/locations\/location-couverts-service-cuillere-sauce\/","og_locale":"nl_NL","og_type":"article","og_title":"Cuill\u00e8re \u00e0 sauce - location de couverts de service | ML Locations","og_description":"Cuill\u00e8res \u00e0 sauce en location pour vos banquets. Couverts de service en location, mat\u00e9riel Horeca aussi disponibles. Devis gratuit !","og_url":"https:\/\/ml-locations.be\/nl\/locations\/location-couverts-service-cuillere-sauce\/","og_site_name":"ML Locations","article_modified_time":"2020-01-16T18:51:43+00:00","og_image":[{"width":600,"height":600,"url":"https:\/\/ml-locations.be\/wp-content\/uploads\/2018\/06\/location-cuillere-service-cuillere-a-sauce.jpg","type":"image\/jpeg"}],"twitter_card":"summary_large_image","twitter_misc":{"Geschatte leestijd":"1 minuut"},"schema":{"@context":"https:\/\/schema.org","@graph":[{"@type":"WebPage","@id":"https:\/\/ml-locations.be\/nl\/locations\/location-couverts-service-cuillere-sauce\/","url":"https:\/\/ml-locations.be\/nl\/locations\/location-couverts-service-cuillere-sauce\/","name":"Cuill\u00e8re \u00e0 sauce - location de couverts de service | ML Locations","isPartOf":{"@id":"https:\/\/ml-locations.be\/nl\/#website"},"primaryImageOfPage":{"@id":"https:\/\/ml-locations.be\/nl\/locations\/location-couverts-service-cuillere-sauce\/#primaryimage"},"image":{"@id":"https:\/\/ml-locations.be\/nl\/locations\/location-couverts-service-cuillere-sauce\/#primaryimage"},"thumbnailUrl":"https:\/\/ml-locations.be\/wp-content\/uploads\/2018\/06\/location-cuillere-service-cuillere-a-sauce.jpg","datePublished":"2018-06-07T10:28:52+00:00","dateModified":"2020-01-16T18:51:43+00:00","description":"Cuill\u00e8res \u00e0 sauce en location pour vos banquets. Couverts de service en location, mat\u00e9riel Horeca aussi disponibles. Devis gratuit !","breadcrumb":{"@id":"https:\/\/ml-locations.be\/nl\/locations\/location-couverts-service-cuillere-sauce\/#breadcrumb"},"inLanguage":"nl-NL","potentialAction":[{"@type":"ReadAction","target":["https:\/\/ml-locations.be\/nl\/locations\/location-couverts-service-cuillere-sauce\/"]}]},{"@type":"ImageObject","inLanguage":"nl-NL","@id":"https:\/\/ml-locations.be\/nl\/locations\/location-couverts-service-cuillere-sauce\/#primaryimage","url":"https:\/\/ml-locations.be\/wp-content\/uploads\/2018\/06\/location-cuillere-service-cuillere-a-sauce.jpg","contentUrl":"https:\/\/ml-locations.be\/wp-content\/uploads\/2018\/06\/location-cuillere-service-cuillere-a-sauce.jpg","width":600,"height":600,"caption":"location cuillere service - cuillere a sauce"},{"@type":"BreadcrumbList","@id":"https:\/\/ml-locations.be\/nl\/locations\/location-couverts-service-cuillere-sauce\/#breadcrumb","itemListElement":[{"@type":"ListItem","position":1,"name":"Accueil","item":"https:\/\/ml-locations.be\/nl\/"},{"@type":"ListItem","position":2,"name":"Winkel","item":"https:\/\/ml-locations.be\/nl\/winkel\/"},{"@type":"ListItem","position":3,"name":"Cuill\u00e8re \u00e0 sauce &#8211; Privilege"}]},{"@type":"WebSite","@id":"https:\/\/ml-locations.be\/nl\/#website","url":"https:\/\/ml-locations.be\/nl\/","name":"ML Locations","description":"Mat\u00e9riel \u00e9v\u00e9nementiel : location chaise, table et mange debout, mat\u00e9riel horeca, frigos,...","publisher":{"@id":"https:\/\/ml-locations.be\/nl\/#organization"},"potentialAction":[{"@type":"SearchAction","target":{"@type":"EntryPoint","urlTemplate":"https:\/\/ml-locations.be\/nl\/?s={search_term_string}"},"query-input":{"@type":"PropertyValueSpecification","valueRequired":true,"valueName":"search_term_string"}}],"inLanguage":"nl-NL"},{"@type":"Organization","@id":"https:\/\/ml-locations.be\/nl\/#organization","name":"ML Locations","url":"https:\/\/ml-locations.be\/nl\/","logo":{"@type":"ImageObject","inLanguage":"nl-NL","@id":"https:\/\/ml-locations.be\/nl\/#\/schema\/logo\/image\/","url":"https:\/\/ml-locations.be\/wp-content\/uploads\/2018\/05\/LOGO-location-BON.png","contentUrl":"https:\/\/ml-locations.be\/wp-content\/uploads\/2018\/05\/LOGO-location-BON.png","width":1200,"height":1200,"caption":"ML Locations"},"image":{"@id":"https:\/\/ml-locations.be\/nl\/#\/schema\/logo\/image\/"}}]}},"_links":{"self":[{"href":"https:\/\/ml-locations.be\/nl\/wp-json\/wp\/v2\/product\/5266","targetHints":{"allow":["GET"]}}],"collection":[{"href":"https:\/\/ml-locations.be\/nl\/wp-json\/wp\/v2\/product"}],"about":[{"href":"https:\/\/ml-locations.be\/nl\/wp-json\/wp\/v2\/types\/product"}],"wp:featuredmedia":[{"embeddable":true,"href":"https:\/\/ml-locations.be\/nl\/wp-json\/wp\/v2\/media\/5267"}],"wp:attachment":[{"href":"https:\/\/ml-locations.be\/nl\/wp-json\/wp\/v2\/media?parent=5266"}],"wp:term":[{"taxonomy":"product_brand","embeddable":true,"href":"https:\/\/ml-locations.be\/nl\/wp-json\/wp\/v2\/product_brand?post=5266"},{"taxonomy":"product_cat","embeddable":true,"href":"https:\/\/ml-locations.be\/nl\/wp-json\/wp\/v2\/product_cat?post=5266"},{"taxonomy":"product_tag","embeddable":true,"href":"https:\/\/ml-locations.be\/nl\/wp-json\/wp\/v2\/product_tag?post=5266"}],"curies":[{"name":"wp","href":"https:\/\/api.w.org\/{rel}","templated":true}]}}