{"id":5269,"date":"2018-06-07T13:34:33","date_gmt":"2018-06-07T11:34:33","guid":{"rendered":"https:\/\/www.ml-locations.be?post_type=product&#038;p=5269"},"modified":"2018-06-07T13:55:01","modified_gmt":"2018-06-07T11:55:01","slug":"location-saliere-frite-inox","status":"publish","type":"product","link":"https:\/\/ml-locations.be\/nl\/locations\/location-saliere-frite-inox\/","title":{"rendered":"Sali\u00e8re \u00e0 frites inox"},"content":{"rendered":"<p><strong>Sali\u00e8re de friterie en inox<\/strong>, avec un couvercle \u00e0 visser. Pr\u00e9parez de d\u00e9licieuses frites avec cette sali\u00e8re et notre \u00e9gouttoir \u00e0 frites (araign\u00e9es \u00e0 frites).<\/p>\n<p>Caract\u00e9ristiques de la sali\u00e8re \u00e0 frites :<\/p>\n<ul>\n<li>Hauteur : 17 cm<\/li>\n<li>Diam\u00e8tre : 8 cm<\/li>\n<\/ul>\n","protected":false},"excerpt":{"rendered":"<p>Grosse sali\u00e8re \u00e0 frite en location (inox, avec un couvercle \u00e0 visser).<\/p>\n","protected":false},"featured_media":5270,"template":"","meta":{"_acf_changed":false},"product_brand":[],"product_cat":[29,34],"product_tag":[214],"class_list":{"0":"post-5269","1":"product","2":"type-product","3":"status-publish","4":"has-post-thumbnail","6":"product_cat-materiel-horeca-en-location","7":"product_cat-location-materiel-cuisine-et-buffet","8":"product_tag-location-materiel-banquet","9":"description-off","11":"first","12":"instock","13":"taxable","14":"shipping-taxable","15":"purchasable","16":"product-type-simple"},"acf":[],"yoast_head":"<!-- This site is optimized with the Yoast SEO plugin v25.0 - https:\/\/yoast.com\/wordpress\/plugins\/seo\/ -->\n<title>Sali\u00e8re \u00e0 frite inox en location | ML Locations<\/title>\n<meta name=\"description\" content=\"Sali\u00e8re \u00e0 frite en inox et mat\u00e9riel de friterie en location pour vos \u00e9v\u00e9nements. Mat\u00e9riel horeca - Devis gratuit - Livraison possible.\" \/>\n<meta name=\"robots\" content=\"index, follow, max-snippet:-1, max-image-preview:large, max-video-preview:-1\" \/>\n<link rel=\"canonical\" href=\"https:\/\/ml-locations.be\/nl\/locations\/location-saliere-frite-inox\/\" \/>\n<meta property=\"og:locale\" content=\"nl_NL\" \/>\n<meta property=\"og:type\" content=\"article\" \/>\n<meta property=\"og:title\" content=\"Sali\u00e8re \u00e0 frite inox en location | ML Locations\" \/>\n<meta property=\"og:description\" content=\"Sali\u00e8re \u00e0 frite en inox et mat\u00e9riel de friterie en location pour vos \u00e9v\u00e9nements. Mat\u00e9riel horeca - Devis gratuit - Livraison possible.\" \/>\n<meta property=\"og:url\" content=\"https:\/\/ml-locations.be\/nl\/locations\/location-saliere-frite-inox\/\" \/>\n<meta property=\"og:site_name\" content=\"ML Locations\" \/>\n<meta property=\"article:modified_time\" content=\"2018-06-07T11:55:01+00:00\" \/>\n<meta property=\"og:image\" content=\"https:\/\/ml-locations.be\/wp-content\/uploads\/2018\/06\/location-saliere-frites.jpg\" \/>\n\t<meta property=\"og:image:width\" content=\"600\" \/>\n\t<meta property=\"og:image:height\" content=\"600\" \/>\n\t<meta property=\"og:image:type\" content=\"image\/jpeg\" \/>\n<meta name=\"twitter:card\" content=\"summary_large_image\" \/>\n<script type=\"application\/ld+json\" class=\"yoast-schema-graph\">{\"@context\":\"https:\/\/schema.org\",\"@graph\":[{\"@type\":\"WebPage\",\"@id\":\"https:\/\/ml-locations.be\/nl\/locations\/location-saliere-frite-inox\/\",\"url\":\"https:\/\/ml-locations.be\/nl\/locations\/location-saliere-frite-inox\/\",\"name\":\"Sali\u00e8re \u00e0 frite inox en location | ML Locations\",\"isPartOf\":{\"@id\":\"https:\/\/ml-locations.be\/nl\/#website\"},\"primaryImageOfPage\":{\"@id\":\"https:\/\/ml-locations.be\/nl\/locations\/location-saliere-frite-inox\/#primaryimage\"},\"image\":{\"@id\":\"https:\/\/ml-locations.be\/nl\/locations\/location-saliere-frite-inox\/#primaryimage\"},\"thumbnailUrl\":\"https:\/\/ml-locations.be\/wp-content\/uploads\/2018\/06\/location-saliere-frites.jpg\",\"datePublished\":\"2018-06-07T11:34:33+00:00\",\"dateModified\":\"2018-06-07T11:55:01+00:00\",\"description\":\"Sali\u00e8re \u00e0 frite en inox et mat\u00e9riel de friterie en location pour vos \u00e9v\u00e9nements. Mat\u00e9riel horeca - Devis gratuit - Livraison possible.\",\"breadcrumb\":{\"@id\":\"https:\/\/ml-locations.be\/nl\/locations\/location-saliere-frite-inox\/#breadcrumb\"},\"inLanguage\":\"nl-NL\",\"potentialAction\":[{\"@type\":\"ReadAction\",\"target\":[\"https:\/\/ml-locations.be\/nl\/locations\/location-saliere-frite-inox\/\"]}]},{\"@type\":\"ImageObject\",\"inLanguage\":\"nl-NL\",\"@id\":\"https:\/\/ml-locations.be\/nl\/locations\/location-saliere-frite-inox\/#primaryimage\",\"url\":\"https:\/\/ml-locations.be\/wp-content\/uploads\/2018\/06\/location-saliere-frites.jpg\",\"contentUrl\":\"https:\/\/ml-locations.be\/wp-content\/uploads\/2018\/06\/location-saliere-frites.jpg\",\"width\":600,\"height\":600,\"caption\":\"Sali\u00e8re \u00e0 frite - location mat\u00e9riel friterie\"},{\"@type\":\"BreadcrumbList\",\"@id\":\"https:\/\/ml-locations.be\/nl\/locations\/location-saliere-frite-inox\/#breadcrumb\",\"itemListElement\":[{\"@type\":\"ListItem\",\"position\":1,\"name\":\"Accueil\",\"item\":\"https:\/\/ml-locations.be\/nl\/\"},{\"@type\":\"ListItem\",\"position\":2,\"name\":\"Winkel\",\"item\":\"https:\/\/ml-locations.be\/nl\/winkel\/\"},{\"@type\":\"ListItem\",\"position\":3,\"name\":\"Sali\u00e8re \u00e0 frites inox\"}]},{\"@type\":\"WebSite\",\"@id\":\"https:\/\/ml-locations.be\/nl\/#website\",\"url\":\"https:\/\/ml-locations.be\/nl\/\",\"name\":\"ML Locations\",\"description\":\"Mat\u00e9riel \u00e9v\u00e9nementiel : location chaise, table et mange debout, mat\u00e9riel horeca, frigos,...\",\"publisher\":{\"@id\":\"https:\/\/ml-locations.be\/nl\/#organization\"},\"potentialAction\":[{\"@type\":\"SearchAction\",\"target\":{\"@type\":\"EntryPoint\",\"urlTemplate\":\"https:\/\/ml-locations.be\/nl\/?s={search_term_string}\"},\"query-input\":{\"@type\":\"PropertyValueSpecification\",\"valueRequired\":true,\"valueName\":\"search_term_string\"}}],\"inLanguage\":\"nl-NL\"},{\"@type\":\"Organization\",\"@id\":\"https:\/\/ml-locations.be\/nl\/#organization\",\"name\":\"ML Locations\",\"url\":\"https:\/\/ml-locations.be\/nl\/\",\"logo\":{\"@type\":\"ImageObject\",\"inLanguage\":\"nl-NL\",\"@id\":\"https:\/\/ml-locations.be\/nl\/#\/schema\/logo\/image\/\",\"url\":\"https:\/\/ml-locations.be\/wp-content\/uploads\/2018\/05\/LOGO-location-BON.png\",\"contentUrl\":\"https:\/\/ml-locations.be\/wp-content\/uploads\/2018\/05\/LOGO-location-BON.png\",\"width\":1200,\"height\":1200,\"caption\":\"ML Locations\"},\"image\":{\"@id\":\"https:\/\/ml-locations.be\/nl\/#\/schema\/logo\/image\/\"}}]}<\/script>\n<!-- \/ Yoast SEO plugin. -->","yoast_head_json":{"title":"Sali\u00e8re \u00e0 frite inox en location | ML Locations","description":"Sali\u00e8re \u00e0 frite en inox et mat\u00e9riel de friterie en location pour vos \u00e9v\u00e9nements. Mat\u00e9riel horeca - Devis gratuit - Livraison possible.","robots":{"index":"index","follow":"follow","max-snippet":"max-snippet:-1","max-image-preview":"max-image-preview:large","max-video-preview":"max-video-preview:-1"},"canonical":"https:\/\/ml-locations.be\/nl\/locations\/location-saliere-frite-inox\/","og_locale":"nl_NL","og_type":"article","og_title":"Sali\u00e8re \u00e0 frite inox en location | ML Locations","og_description":"Sali\u00e8re \u00e0 frite en inox et mat\u00e9riel de friterie en location pour vos \u00e9v\u00e9nements. Mat\u00e9riel horeca - Devis gratuit - Livraison possible.","og_url":"https:\/\/ml-locations.be\/nl\/locations\/location-saliere-frite-inox\/","og_site_name":"ML Locations","article_modified_time":"2018-06-07T11:55:01+00:00","og_image":[{"width":600,"height":600,"url":"https:\/\/ml-locations.be\/wp-content\/uploads\/2018\/06\/location-saliere-frites.jpg","type":"image\/jpeg"}],"twitter_card":"summary_large_image","schema":{"@context":"https:\/\/schema.org","@graph":[{"@type":"WebPage","@id":"https:\/\/ml-locations.be\/nl\/locations\/location-saliere-frite-inox\/","url":"https:\/\/ml-locations.be\/nl\/locations\/location-saliere-frite-inox\/","name":"Sali\u00e8re \u00e0 frite inox en location | ML Locations","isPartOf":{"@id":"https:\/\/ml-locations.be\/nl\/#website"},"primaryImageOfPage":{"@id":"https:\/\/ml-locations.be\/nl\/locations\/location-saliere-frite-inox\/#primaryimage"},"image":{"@id":"https:\/\/ml-locations.be\/nl\/locations\/location-saliere-frite-inox\/#primaryimage"},"thumbnailUrl":"https:\/\/ml-locations.be\/wp-content\/uploads\/2018\/06\/location-saliere-frites.jpg","datePublished":"2018-06-07T11:34:33+00:00","dateModified":"2018-06-07T11:55:01+00:00","description":"Sali\u00e8re \u00e0 frite en inox et mat\u00e9riel de friterie en location pour vos \u00e9v\u00e9nements. Mat\u00e9riel horeca - Devis gratuit - Livraison possible.","breadcrumb":{"@id":"https:\/\/ml-locations.be\/nl\/locations\/location-saliere-frite-inox\/#breadcrumb"},"inLanguage":"nl-NL","potentialAction":[{"@type":"ReadAction","target":["https:\/\/ml-locations.be\/nl\/locations\/location-saliere-frite-inox\/"]}]},{"@type":"ImageObject","inLanguage":"nl-NL","@id":"https:\/\/ml-locations.be\/nl\/locations\/location-saliere-frite-inox\/#primaryimage","url":"https:\/\/ml-locations.be\/wp-content\/uploads\/2018\/06\/location-saliere-frites.jpg","contentUrl":"https:\/\/ml-locations.be\/wp-content\/uploads\/2018\/06\/location-saliere-frites.jpg","width":600,"height":600,"caption":"Sali\u00e8re \u00e0 frite - location mat\u00e9riel friterie"},{"@type":"BreadcrumbList","@id":"https:\/\/ml-locations.be\/nl\/locations\/location-saliere-frite-inox\/#breadcrumb","itemListElement":[{"@type":"ListItem","position":1,"name":"Accueil","item":"https:\/\/ml-locations.be\/nl\/"},{"@type":"ListItem","position":2,"name":"Winkel","item":"https:\/\/ml-locations.be\/nl\/winkel\/"},{"@type":"ListItem","position":3,"name":"Sali\u00e8re \u00e0 frites inox"}]},{"@type":"WebSite","@id":"https:\/\/ml-locations.be\/nl\/#website","url":"https:\/\/ml-locations.be\/nl\/","name":"ML Locations","description":"Mat\u00e9riel \u00e9v\u00e9nementiel : location chaise, table et mange debout, mat\u00e9riel horeca, frigos,...","publisher":{"@id":"https:\/\/ml-locations.be\/nl\/#organization"},"potentialAction":[{"@type":"SearchAction","target":{"@type":"EntryPoint","urlTemplate":"https:\/\/ml-locations.be\/nl\/?s={search_term_string}"},"query-input":{"@type":"PropertyValueSpecification","valueRequired":true,"valueName":"search_term_string"}}],"inLanguage":"nl-NL"},{"@type":"Organization","@id":"https:\/\/ml-locations.be\/nl\/#organization","name":"ML Locations","url":"https:\/\/ml-locations.be\/nl\/","logo":{"@type":"ImageObject","inLanguage":"nl-NL","@id":"https:\/\/ml-locations.be\/nl\/#\/schema\/logo\/image\/","url":"https:\/\/ml-locations.be\/wp-content\/uploads\/2018\/05\/LOGO-location-BON.png","contentUrl":"https:\/\/ml-locations.be\/wp-content\/uploads\/2018\/05\/LOGO-location-BON.png","width":1200,"height":1200,"caption":"ML Locations"},"image":{"@id":"https:\/\/ml-locations.be\/nl\/#\/schema\/logo\/image\/"}}]}},"_links":{"self":[{"href":"https:\/\/ml-locations.be\/nl\/wp-json\/wp\/v2\/product\/5269","targetHints":{"allow":["GET"]}}],"collection":[{"href":"https:\/\/ml-locations.be\/nl\/wp-json\/wp\/v2\/product"}],"about":[{"href":"https:\/\/ml-locations.be\/nl\/wp-json\/wp\/v2\/types\/product"}],"wp:featuredmedia":[{"embeddable":true,"href":"https:\/\/ml-locations.be\/nl\/wp-json\/wp\/v2\/media\/5270"}],"wp:attachment":[{"href":"https:\/\/ml-locations.be\/nl\/wp-json\/wp\/v2\/media?parent=5269"}],"wp:term":[{"taxonomy":"product_brand","embeddable":true,"href":"https:\/\/ml-locations.be\/nl\/wp-json\/wp\/v2\/product_brand?post=5269"},{"taxonomy":"product_cat","embeddable":true,"href":"https:\/\/ml-locations.be\/nl\/wp-json\/wp\/v2\/product_cat?post=5269"},{"taxonomy":"product_tag","embeddable":true,"href":"https:\/\/ml-locations.be\/nl\/wp-json\/wp\/v2\/product_tag?post=5269"}],"curies":[{"name":"wp","href":"https:\/\/api.w.org\/{rel}","templated":true}]}}