{"id":5280,"date":"2018-06-07T14:48:52","date_gmt":"2018-06-07T12:48:52","guid":{"rendered":"https:\/\/www.ml-locations.be?post_type=product&#038;p=5280"},"modified":"2025-07-16T15:04:35","modified_gmt":"2025-07-16T13:04:35","slug":"location-machine-pop-corn","status":"publish","type":"product","link":"https:\/\/ml-locations.be\/nl\/locations\/location-machine-pop-corn\/","title":{"rendered":"Machine \u00e0 Popcorn"},"content":{"rendered":"<p><strong>Machine \u00e0 Pop-Corn en location :\u00a0<\/strong>fera la joie de tous. La vitre de la machine \u00e0 pop corn permet de surveiller la cuisson en toute s\u00e9curit\u00e9. Le socle de la machine est en inox. Vous pouvez maintenir vos<strong> pop-corn au chaud<\/strong> pendant toute la dur\u00e9e de votre \u00e9v\u00e9nement. La machine \u00e0 pop corn doit \u00eatre plac\u00e9e sur un support stable avant l&#8217;utilisation.<\/p>\n<h2><strong>Dimensions de la machine \u00e0 popcorn\u00a0<\/strong>:<\/h2>\n<ul>\n<li>Hauteur\u00a0: 67 cm,<\/li>\n<li>Profondeur : 38 cm,<\/li>\n<li>Largeur\u00a0: 52 cm,<\/li>\n<li>Puissance\u00a0: 1500 W.<\/li>\n<li>Voltage : 220-240v<\/li>\n<\/ul>\n<h2><strong>Utilisation de l\u2019appareil \u00e0 popcorn<\/strong><\/h2>\n<ol>\n<li>Allumez l\u2019appareil \u00e0 pop corn, la lumi\u00e8re s\u2019allume et le po\u00ealon va chauffer.<\/li>\n<li>Apr\u00e8s 5-7 minutes, le po\u00ealon sera suffisamment chaud pour \u00eatre utilis\u00e9.<\/li>\n<li>Versez 50 ml d\u2019huile sur la plaque et ajouter 150 g de ma\u00efs \u00e0 popcorn.<\/li>\n<li>Les grains de ma\u00efs vont s\u2019ouvrir, d\u00e8s que vous n\u2019entendrez plus le bruit, le popcorn est pr\u00eat.<\/li>\n<li>Soyez toujours prudent, lorsque l\u2019appareil est en cours d\u2019utilisation en raison de la combustion du produit.<\/li>\n<\/ol>\n<h2><strong>Entretien et nettoyage de la machine \u00e0 pop corn<\/strong><\/h2>\n<ol>\n<li>Toujours \u00e9teindre l\u2019appareil \u00e0 pop corn avant le nettoyage.<\/li>\n<li>Nettoyez la surface avec un chiffon humide, utlisez un agent de nettoyage non corrosif.<\/li>\n<li>Ne pas utiliser de mat\u00e9riel durs ou de brosses pour nettoyer l&#8217;appareil \u00e0 pop corn.<\/li>\n<\/ol>\n","protected":false},"excerpt":{"rendered":"<p><strong>Machine \u00e0 pop-corn<\/strong>\u00a0en location : des grains de ma\u00efs, un peu d&#8217;huile et voil\u00e0 votre pop corn !<\/p>\n","protected":false},"featured_media":5284,"template":"","meta":{"_acf_changed":false},"product_brand":[],"product_cat":[29,34,43],"product_tag":[],"class_list":{"0":"post-5280","1":"product","2":"type-product","3":"status-publish","4":"has-post-thumbnail","6":"product_cat-materiel-horeca-en-location","7":"product_cat-location-materiel-cuisine-et-buffet","8":"product_cat-jeux-divertissement-en-location","9":"description-off","11":"first","12":"instock","13":"taxable","14":"shipping-taxable","15":"purchasable","16":"product-type-simple"},"acf":[],"yoast_head":"<!-- This site is optimized with the Yoast SEO plugin v25.0 - https:\/\/yoast.com\/wordpress\/plugins\/seo\/ -->\n<title>Machine \u00e0 pop corn en location | ML Locations<\/title>\n<meta name=\"description\" content=\"Machine \u00e0 pop corn en location : facile \u00e0 utiliser, elle est tr\u00e8s pratique ! Devis gratuit - Livraison possible !\" \/>\n<meta name=\"robots\" content=\"index, follow, max-snippet:-1, max-image-preview:large, max-video-preview:-1\" \/>\n<link rel=\"canonical\" href=\"https:\/\/ml-locations.be\/nl\/locations\/location-machine-pop-corn\/\" \/>\n<meta property=\"og:locale\" content=\"nl_NL\" \/>\n<meta property=\"og:type\" content=\"article\" \/>\n<meta property=\"og:title\" content=\"Machine \u00e0 pop corn en location | ML Locations\" \/>\n<meta property=\"og:description\" content=\"Machine \u00e0 pop corn en location : facile \u00e0 utiliser, elle est tr\u00e8s pratique ! Devis gratuit - Livraison possible !\" \/>\n<meta property=\"og:url\" content=\"https:\/\/ml-locations.be\/nl\/locations\/location-machine-pop-corn\/\" \/>\n<meta property=\"og:site_name\" content=\"ML Locations\" \/>\n<meta property=\"article:modified_time\" content=\"2025-07-16T13:04:35+00:00\" \/>\n<meta property=\"og:image\" content=\"https:\/\/ml-locations.be\/wp-content\/uploads\/2018\/06\/location-machine-pop-corn.jpg\" \/>\n\t<meta property=\"og:image:width\" content=\"600\" \/>\n\t<meta property=\"og:image:height\" content=\"600\" \/>\n\t<meta property=\"og:image:type\" content=\"image\/jpeg\" \/>\n<meta name=\"twitter:card\" content=\"summary_large_image\" \/>\n<meta name=\"twitter:label1\" content=\"Geschatte leestijd\" \/>\n\t<meta name=\"twitter:data1\" content=\"2 minuten\" \/>\n<script type=\"application\/ld+json\" class=\"yoast-schema-graph\">{\"@context\":\"https:\/\/schema.org\",\"@graph\":[{\"@type\":\"WebPage\",\"@id\":\"https:\/\/ml-locations.be\/nl\/locations\/location-machine-pop-corn\/\",\"url\":\"https:\/\/ml-locations.be\/nl\/locations\/location-machine-pop-corn\/\",\"name\":\"Machine \u00e0 pop corn en location | ML Locations\",\"isPartOf\":{\"@id\":\"https:\/\/ml-locations.be\/nl\/#website\"},\"primaryImageOfPage\":{\"@id\":\"https:\/\/ml-locations.be\/nl\/locations\/location-machine-pop-corn\/#primaryimage\"},\"image\":{\"@id\":\"https:\/\/ml-locations.be\/nl\/locations\/location-machine-pop-corn\/#primaryimage\"},\"thumbnailUrl\":\"https:\/\/ml-locations.be\/wp-content\/uploads\/2018\/06\/location-machine-pop-corn.jpg\",\"datePublished\":\"2018-06-07T12:48:52+00:00\",\"dateModified\":\"2025-07-16T13:04:35+00:00\",\"description\":\"Machine \u00e0 pop corn en location : facile \u00e0 utiliser, elle est tr\u00e8s pratique ! Devis gratuit - Livraison possible !\",\"breadcrumb\":{\"@id\":\"https:\/\/ml-locations.be\/nl\/locations\/location-machine-pop-corn\/#breadcrumb\"},\"inLanguage\":\"nl-NL\",\"potentialAction\":[{\"@type\":\"ReadAction\",\"target\":[\"https:\/\/ml-locations.be\/nl\/locations\/location-machine-pop-corn\/\"]}]},{\"@type\":\"ImageObject\",\"inLanguage\":\"nl-NL\",\"@id\":\"https:\/\/ml-locations.be\/nl\/locations\/location-machine-pop-corn\/#primaryimage\",\"url\":\"https:\/\/ml-locations.be\/wp-content\/uploads\/2018\/06\/location-machine-pop-corn.jpg\",\"contentUrl\":\"https:\/\/ml-locations.be\/wp-content\/uploads\/2018\/06\/location-machine-pop-corn.jpg\",\"width\":600,\"height\":600,\"caption\":\"Location machine \u00e0 pop corn\"},{\"@type\":\"BreadcrumbList\",\"@id\":\"https:\/\/ml-locations.be\/nl\/locations\/location-machine-pop-corn\/#breadcrumb\",\"itemListElement\":[{\"@type\":\"ListItem\",\"position\":1,\"name\":\"Accueil\",\"item\":\"https:\/\/ml-locations.be\/nl\/\"},{\"@type\":\"ListItem\",\"position\":2,\"name\":\"Winkel\",\"item\":\"https:\/\/ml-locations.be\/nl\/winkel\/\"},{\"@type\":\"ListItem\",\"position\":3,\"name\":\"Machine \u00e0 Popcorn\"}]},{\"@type\":\"WebSite\",\"@id\":\"https:\/\/ml-locations.be\/nl\/#website\",\"url\":\"https:\/\/ml-locations.be\/nl\/\",\"name\":\"ML Locations\",\"description\":\"Mat\u00e9riel \u00e9v\u00e9nementiel : location chaise, table et mange debout, mat\u00e9riel horeca, frigos,...\",\"publisher\":{\"@id\":\"https:\/\/ml-locations.be\/nl\/#organization\"},\"potentialAction\":[{\"@type\":\"SearchAction\",\"target\":{\"@type\":\"EntryPoint\",\"urlTemplate\":\"https:\/\/ml-locations.be\/nl\/?s={search_term_string}\"},\"query-input\":{\"@type\":\"PropertyValueSpecification\",\"valueRequired\":true,\"valueName\":\"search_term_string\"}}],\"inLanguage\":\"nl-NL\"},{\"@type\":\"Organization\",\"@id\":\"https:\/\/ml-locations.be\/nl\/#organization\",\"name\":\"ML Locations\",\"url\":\"https:\/\/ml-locations.be\/nl\/\",\"logo\":{\"@type\":\"ImageObject\",\"inLanguage\":\"nl-NL\",\"@id\":\"https:\/\/ml-locations.be\/nl\/#\/schema\/logo\/image\/\",\"url\":\"https:\/\/ml-locations.be\/wp-content\/uploads\/2018\/05\/LOGO-location-BON.png\",\"contentUrl\":\"https:\/\/ml-locations.be\/wp-content\/uploads\/2018\/05\/LOGO-location-BON.png\",\"width\":1200,\"height\":1200,\"caption\":\"ML Locations\"},\"image\":{\"@id\":\"https:\/\/ml-locations.be\/nl\/#\/schema\/logo\/image\/\"}}]}<\/script>\n<!-- \/ Yoast SEO plugin. -->","yoast_head_json":{"title":"Machine \u00e0 pop corn en location | ML Locations","description":"Machine \u00e0 pop corn en location : facile \u00e0 utiliser, elle est tr\u00e8s pratique ! Devis gratuit - Livraison possible !","robots":{"index":"index","follow":"follow","max-snippet":"max-snippet:-1","max-image-preview":"max-image-preview:large","max-video-preview":"max-video-preview:-1"},"canonical":"https:\/\/ml-locations.be\/nl\/locations\/location-machine-pop-corn\/","og_locale":"nl_NL","og_type":"article","og_title":"Machine \u00e0 pop corn en location | ML Locations","og_description":"Machine \u00e0 pop corn en location : facile \u00e0 utiliser, elle est tr\u00e8s pratique ! Devis gratuit - Livraison possible !","og_url":"https:\/\/ml-locations.be\/nl\/locations\/location-machine-pop-corn\/","og_site_name":"ML Locations","article_modified_time":"2025-07-16T13:04:35+00:00","og_image":[{"width":600,"height":600,"url":"https:\/\/ml-locations.be\/wp-content\/uploads\/2018\/06\/location-machine-pop-corn.jpg","type":"image\/jpeg"}],"twitter_card":"summary_large_image","twitter_misc":{"Geschatte leestijd":"2 minuten"},"schema":{"@context":"https:\/\/schema.org","@graph":[{"@type":"WebPage","@id":"https:\/\/ml-locations.be\/nl\/locations\/location-machine-pop-corn\/","url":"https:\/\/ml-locations.be\/nl\/locations\/location-machine-pop-corn\/","name":"Machine \u00e0 pop corn en location | ML Locations","isPartOf":{"@id":"https:\/\/ml-locations.be\/nl\/#website"},"primaryImageOfPage":{"@id":"https:\/\/ml-locations.be\/nl\/locations\/location-machine-pop-corn\/#primaryimage"},"image":{"@id":"https:\/\/ml-locations.be\/nl\/locations\/location-machine-pop-corn\/#primaryimage"},"thumbnailUrl":"https:\/\/ml-locations.be\/wp-content\/uploads\/2018\/06\/location-machine-pop-corn.jpg","datePublished":"2018-06-07T12:48:52+00:00","dateModified":"2025-07-16T13:04:35+00:00","description":"Machine \u00e0 pop corn en location : facile \u00e0 utiliser, elle est tr\u00e8s pratique ! Devis gratuit - Livraison possible !","breadcrumb":{"@id":"https:\/\/ml-locations.be\/nl\/locations\/location-machine-pop-corn\/#breadcrumb"},"inLanguage":"nl-NL","potentialAction":[{"@type":"ReadAction","target":["https:\/\/ml-locations.be\/nl\/locations\/location-machine-pop-corn\/"]}]},{"@type":"ImageObject","inLanguage":"nl-NL","@id":"https:\/\/ml-locations.be\/nl\/locations\/location-machine-pop-corn\/#primaryimage","url":"https:\/\/ml-locations.be\/wp-content\/uploads\/2018\/06\/location-machine-pop-corn.jpg","contentUrl":"https:\/\/ml-locations.be\/wp-content\/uploads\/2018\/06\/location-machine-pop-corn.jpg","width":600,"height":600,"caption":"Location machine \u00e0 pop corn"},{"@type":"BreadcrumbList","@id":"https:\/\/ml-locations.be\/nl\/locations\/location-machine-pop-corn\/#breadcrumb","itemListElement":[{"@type":"ListItem","position":1,"name":"Accueil","item":"https:\/\/ml-locations.be\/nl\/"},{"@type":"ListItem","position":2,"name":"Winkel","item":"https:\/\/ml-locations.be\/nl\/winkel\/"},{"@type":"ListItem","position":3,"name":"Machine \u00e0 Popcorn"}]},{"@type":"WebSite","@id":"https:\/\/ml-locations.be\/nl\/#website","url":"https:\/\/ml-locations.be\/nl\/","name":"ML Locations","description":"Mat\u00e9riel \u00e9v\u00e9nementiel : location chaise, table et mange debout, mat\u00e9riel horeca, frigos,...","publisher":{"@id":"https:\/\/ml-locations.be\/nl\/#organization"},"potentialAction":[{"@type":"SearchAction","target":{"@type":"EntryPoint","urlTemplate":"https:\/\/ml-locations.be\/nl\/?s={search_term_string}"},"query-input":{"@type":"PropertyValueSpecification","valueRequired":true,"valueName":"search_term_string"}}],"inLanguage":"nl-NL"},{"@type":"Organization","@id":"https:\/\/ml-locations.be\/nl\/#organization","name":"ML Locations","url":"https:\/\/ml-locations.be\/nl\/","logo":{"@type":"ImageObject","inLanguage":"nl-NL","@id":"https:\/\/ml-locations.be\/nl\/#\/schema\/logo\/image\/","url":"https:\/\/ml-locations.be\/wp-content\/uploads\/2018\/05\/LOGO-location-BON.png","contentUrl":"https:\/\/ml-locations.be\/wp-content\/uploads\/2018\/05\/LOGO-location-BON.png","width":1200,"height":1200,"caption":"ML Locations"},"image":{"@id":"https:\/\/ml-locations.be\/nl\/#\/schema\/logo\/image\/"}}]}},"_links":{"self":[{"href":"https:\/\/ml-locations.be\/nl\/wp-json\/wp\/v2\/product\/5280","targetHints":{"allow":["GET"]}}],"collection":[{"href":"https:\/\/ml-locations.be\/nl\/wp-json\/wp\/v2\/product"}],"about":[{"href":"https:\/\/ml-locations.be\/nl\/wp-json\/wp\/v2\/types\/product"}],"wp:featuredmedia":[{"embeddable":true,"href":"https:\/\/ml-locations.be\/nl\/wp-json\/wp\/v2\/media\/5284"}],"wp:attachment":[{"href":"https:\/\/ml-locations.be\/nl\/wp-json\/wp\/v2\/media?parent=5280"}],"wp:term":[{"taxonomy":"product_brand","embeddable":true,"href":"https:\/\/ml-locations.be\/nl\/wp-json\/wp\/v2\/product_brand?post=5280"},{"taxonomy":"product_cat","embeddable":true,"href":"https:\/\/ml-locations.be\/nl\/wp-json\/wp\/v2\/product_cat?post=5280"},{"taxonomy":"product_tag","embeddable":true,"href":"https:\/\/ml-locations.be\/nl\/wp-json\/wp\/v2\/product_tag?post=5280"}],"curies":[{"name":"wp","href":"https:\/\/api.w.org\/{rel}","templated":true}]}}