{"id":5291,"date":"2018-06-07T15:45:52","date_gmt":"2018-06-07T13:45:52","guid":{"rendered":"https:\/\/www.ml-locations.be?post_type=product&#038;p=5291"},"modified":"2018-06-07T15:56:12","modified_gmt":"2018-06-07T13:56:12","slug":"location-saladier-inox-20cm","status":"publish","type":"product","link":"https:\/\/ml-locations.be\/nl\/locations\/location-saladier-inox-20cm\/","title":{"rendered":"Saladier inox (\u00d8 20 cm)"},"content":{"rendered":"<p><strong>Saladier en inox<\/strong>, (plat \u00e0 salade en inox) : ce r\u00e9ception permet de pr\u00e9parer ou pr\u00e9senter de la salade ou des crudit\u00e9s pour vos buffets.<\/p>\n<p>D\u00e9couvrez aussi nos <a href=\"https:\/\/ml-locations.be\/locations\/location-couvert-pince-service\/\">pinces de services en location<\/a> et nos <a href=\"https:\/\/ml-locations.be\/locations\/location-couverts-service-cuillere-legume\/\">cuill\u00e8res \u00e0 l\u00e9gumes en location<\/a>.<\/p>\n<p>Caract\u00e9ristiques du saladier en inox :<\/p>\n<ul>\n<li>Hauteur : 9 cm<\/li>\n<li>Diam\u00e8tre : 20 cm<\/li>\n<\/ul>\n","protected":false},"excerpt":{"rendered":"<p>Saladier inox en location.<\/p>\n","protected":false},"featured_media":5292,"template":"","meta":{"_acf_changed":false},"product_brand":[],"product_cat":[29,33,34],"product_tag":[214],"class_list":{"0":"post-5291","1":"product","2":"type-product","3":"status-publish","4":"has-post-thumbnail","6":"product_cat-materiel-horeca-en-location","7":"product_cat-location-vaisselle","8":"product_cat-location-materiel-cuisine-et-buffet","9":"product_tag-location-materiel-banquet","10":"description-off","12":"first","13":"instock","14":"taxable","15":"shipping-taxable","16":"purchasable","17":"product-type-simple"},"acf":[],"yoast_head":"<!-- This site is optimized with the Yoast SEO plugin v25.0 - https:\/\/yoast.com\/wordpress\/plugins\/seo\/ -->\n<title>Saladier inox en location - location vaisselle | ML Locations<\/title>\n<meta name=\"description\" content=\"Saladier en inox (20 cm) et autre vaisselle en location pour vos \u00e9v\u00e9nements. Mat\u00e9riel horeca - Devis gratuit - Livraison possible.\" \/>\n<meta name=\"robots\" content=\"index, follow, max-snippet:-1, max-image-preview:large, max-video-preview:-1\" \/>\n<link rel=\"canonical\" href=\"https:\/\/ml-locations.be\/nl\/locations\/location-saladier-inox-20cm\/\" \/>\n<meta property=\"og:locale\" content=\"nl_NL\" \/>\n<meta property=\"og:type\" content=\"article\" \/>\n<meta property=\"og:title\" content=\"Saladier inox en location - location vaisselle | ML Locations\" \/>\n<meta property=\"og:description\" content=\"Saladier en inox (20 cm) et autre vaisselle en location pour vos \u00e9v\u00e9nements. Mat\u00e9riel horeca - Devis gratuit - Livraison possible.\" \/>\n<meta property=\"og:url\" content=\"https:\/\/ml-locations.be\/nl\/locations\/location-saladier-inox-20cm\/\" \/>\n<meta property=\"og:site_name\" content=\"ML Locations\" \/>\n<meta property=\"article:modified_time\" content=\"2018-06-07T13:56:12+00:00\" \/>\n<meta property=\"og:image\" content=\"https:\/\/ml-locations.be\/wp-content\/uploads\/2018\/06\/location-vaisselle-saladier-inox.jpg\" \/>\n\t<meta property=\"og:image:width\" content=\"600\" \/>\n\t<meta property=\"og:image:height\" content=\"600\" \/>\n\t<meta property=\"og:image:type\" content=\"image\/jpeg\" \/>\n<meta name=\"twitter:card\" content=\"summary_large_image\" \/>\n<script type=\"application\/ld+json\" class=\"yoast-schema-graph\">{\"@context\":\"https:\/\/schema.org\",\"@graph\":[{\"@type\":\"WebPage\",\"@id\":\"https:\/\/ml-locations.be\/nl\/locations\/location-saladier-inox-20cm\/\",\"url\":\"https:\/\/ml-locations.be\/nl\/locations\/location-saladier-inox-20cm\/\",\"name\":\"Saladier inox en location - location vaisselle | ML Locations\",\"isPartOf\":{\"@id\":\"https:\/\/ml-locations.be\/nl\/#website\"},\"primaryImageOfPage\":{\"@id\":\"https:\/\/ml-locations.be\/nl\/locations\/location-saladier-inox-20cm\/#primaryimage\"},\"image\":{\"@id\":\"https:\/\/ml-locations.be\/nl\/locations\/location-saladier-inox-20cm\/#primaryimage\"},\"thumbnailUrl\":\"https:\/\/ml-locations.be\/wp-content\/uploads\/2018\/06\/location-vaisselle-saladier-inox.jpg\",\"datePublished\":\"2018-06-07T13:45:52+00:00\",\"dateModified\":\"2018-06-07T13:56:12+00:00\",\"description\":\"Saladier en inox (20 cm) et autre vaisselle en location pour vos \u00e9v\u00e9nements. Mat\u00e9riel horeca - Devis gratuit - Livraison possible.\",\"breadcrumb\":{\"@id\":\"https:\/\/ml-locations.be\/nl\/locations\/location-saladier-inox-20cm\/#breadcrumb\"},\"inLanguage\":\"nl-NL\",\"potentialAction\":[{\"@type\":\"ReadAction\",\"target\":[\"https:\/\/ml-locations.be\/nl\/locations\/location-saladier-inox-20cm\/\"]}]},{\"@type\":\"ImageObject\",\"inLanguage\":\"nl-NL\",\"@id\":\"https:\/\/ml-locations.be\/nl\/locations\/location-saladier-inox-20cm\/#primaryimage\",\"url\":\"https:\/\/ml-locations.be\/wp-content\/uploads\/2018\/06\/location-vaisselle-saladier-inox.jpg\",\"contentUrl\":\"https:\/\/ml-locations.be\/wp-content\/uploads\/2018\/06\/location-vaisselle-saladier-inox.jpg\",\"width\":600,\"height\":600,\"caption\":\"Location vaisselle : saladier inox\"},{\"@type\":\"BreadcrumbList\",\"@id\":\"https:\/\/ml-locations.be\/nl\/locations\/location-saladier-inox-20cm\/#breadcrumb\",\"itemListElement\":[{\"@type\":\"ListItem\",\"position\":1,\"name\":\"Accueil\",\"item\":\"https:\/\/ml-locations.be\/nl\/\"},{\"@type\":\"ListItem\",\"position\":2,\"name\":\"Winkel\",\"item\":\"https:\/\/ml-locations.be\/nl\/winkel\/\"},{\"@type\":\"ListItem\",\"position\":3,\"name\":\"Saladier inox (\u00d8 20 cm)\"}]},{\"@type\":\"WebSite\",\"@id\":\"https:\/\/ml-locations.be\/nl\/#website\",\"url\":\"https:\/\/ml-locations.be\/nl\/\",\"name\":\"ML Locations\",\"description\":\"Mat\u00e9riel \u00e9v\u00e9nementiel : location chaise, table et mange debout, mat\u00e9riel horeca, frigos,...\",\"publisher\":{\"@id\":\"https:\/\/ml-locations.be\/nl\/#organization\"},\"potentialAction\":[{\"@type\":\"SearchAction\",\"target\":{\"@type\":\"EntryPoint\",\"urlTemplate\":\"https:\/\/ml-locations.be\/nl\/?s={search_term_string}\"},\"query-input\":{\"@type\":\"PropertyValueSpecification\",\"valueRequired\":true,\"valueName\":\"search_term_string\"}}],\"inLanguage\":\"nl-NL\"},{\"@type\":\"Organization\",\"@id\":\"https:\/\/ml-locations.be\/nl\/#organization\",\"name\":\"ML Locations\",\"url\":\"https:\/\/ml-locations.be\/nl\/\",\"logo\":{\"@type\":\"ImageObject\",\"inLanguage\":\"nl-NL\",\"@id\":\"https:\/\/ml-locations.be\/nl\/#\/schema\/logo\/image\/\",\"url\":\"https:\/\/ml-locations.be\/wp-content\/uploads\/2018\/05\/LOGO-location-BON.png\",\"contentUrl\":\"https:\/\/ml-locations.be\/wp-content\/uploads\/2018\/05\/LOGO-location-BON.png\",\"width\":1200,\"height\":1200,\"caption\":\"ML Locations\"},\"image\":{\"@id\":\"https:\/\/ml-locations.be\/nl\/#\/schema\/logo\/image\/\"}}]}<\/script>\n<!-- \/ Yoast SEO plugin. -->","yoast_head_json":{"title":"Saladier inox en location - location vaisselle | ML Locations","description":"Saladier en inox (20 cm) et autre vaisselle en location pour vos \u00e9v\u00e9nements. Mat\u00e9riel horeca - Devis gratuit - Livraison possible.","robots":{"index":"index","follow":"follow","max-snippet":"max-snippet:-1","max-image-preview":"max-image-preview:large","max-video-preview":"max-video-preview:-1"},"canonical":"https:\/\/ml-locations.be\/nl\/locations\/location-saladier-inox-20cm\/","og_locale":"nl_NL","og_type":"article","og_title":"Saladier inox en location - location vaisselle | ML Locations","og_description":"Saladier en inox (20 cm) et autre vaisselle en location pour vos \u00e9v\u00e9nements. Mat\u00e9riel horeca - Devis gratuit - Livraison possible.","og_url":"https:\/\/ml-locations.be\/nl\/locations\/location-saladier-inox-20cm\/","og_site_name":"ML Locations","article_modified_time":"2018-06-07T13:56:12+00:00","og_image":[{"width":600,"height":600,"url":"https:\/\/ml-locations.be\/wp-content\/uploads\/2018\/06\/location-vaisselle-saladier-inox.jpg","type":"image\/jpeg"}],"twitter_card":"summary_large_image","schema":{"@context":"https:\/\/schema.org","@graph":[{"@type":"WebPage","@id":"https:\/\/ml-locations.be\/nl\/locations\/location-saladier-inox-20cm\/","url":"https:\/\/ml-locations.be\/nl\/locations\/location-saladier-inox-20cm\/","name":"Saladier inox en location - location vaisselle | ML Locations","isPartOf":{"@id":"https:\/\/ml-locations.be\/nl\/#website"},"primaryImageOfPage":{"@id":"https:\/\/ml-locations.be\/nl\/locations\/location-saladier-inox-20cm\/#primaryimage"},"image":{"@id":"https:\/\/ml-locations.be\/nl\/locations\/location-saladier-inox-20cm\/#primaryimage"},"thumbnailUrl":"https:\/\/ml-locations.be\/wp-content\/uploads\/2018\/06\/location-vaisselle-saladier-inox.jpg","datePublished":"2018-06-07T13:45:52+00:00","dateModified":"2018-06-07T13:56:12+00:00","description":"Saladier en inox (20 cm) et autre vaisselle en location pour vos \u00e9v\u00e9nements. Mat\u00e9riel horeca - Devis gratuit - Livraison possible.","breadcrumb":{"@id":"https:\/\/ml-locations.be\/nl\/locations\/location-saladier-inox-20cm\/#breadcrumb"},"inLanguage":"nl-NL","potentialAction":[{"@type":"ReadAction","target":["https:\/\/ml-locations.be\/nl\/locations\/location-saladier-inox-20cm\/"]}]},{"@type":"ImageObject","inLanguage":"nl-NL","@id":"https:\/\/ml-locations.be\/nl\/locations\/location-saladier-inox-20cm\/#primaryimage","url":"https:\/\/ml-locations.be\/wp-content\/uploads\/2018\/06\/location-vaisselle-saladier-inox.jpg","contentUrl":"https:\/\/ml-locations.be\/wp-content\/uploads\/2018\/06\/location-vaisselle-saladier-inox.jpg","width":600,"height":600,"caption":"Location vaisselle : saladier inox"},{"@type":"BreadcrumbList","@id":"https:\/\/ml-locations.be\/nl\/locations\/location-saladier-inox-20cm\/#breadcrumb","itemListElement":[{"@type":"ListItem","position":1,"name":"Accueil","item":"https:\/\/ml-locations.be\/nl\/"},{"@type":"ListItem","position":2,"name":"Winkel","item":"https:\/\/ml-locations.be\/nl\/winkel\/"},{"@type":"ListItem","position":3,"name":"Saladier inox (\u00d8 20 cm)"}]},{"@type":"WebSite","@id":"https:\/\/ml-locations.be\/nl\/#website","url":"https:\/\/ml-locations.be\/nl\/","name":"ML Locations","description":"Mat\u00e9riel \u00e9v\u00e9nementiel : location chaise, table et mange debout, mat\u00e9riel horeca, frigos,...","publisher":{"@id":"https:\/\/ml-locations.be\/nl\/#organization"},"potentialAction":[{"@type":"SearchAction","target":{"@type":"EntryPoint","urlTemplate":"https:\/\/ml-locations.be\/nl\/?s={search_term_string}"},"query-input":{"@type":"PropertyValueSpecification","valueRequired":true,"valueName":"search_term_string"}}],"inLanguage":"nl-NL"},{"@type":"Organization","@id":"https:\/\/ml-locations.be\/nl\/#organization","name":"ML Locations","url":"https:\/\/ml-locations.be\/nl\/","logo":{"@type":"ImageObject","inLanguage":"nl-NL","@id":"https:\/\/ml-locations.be\/nl\/#\/schema\/logo\/image\/","url":"https:\/\/ml-locations.be\/wp-content\/uploads\/2018\/05\/LOGO-location-BON.png","contentUrl":"https:\/\/ml-locations.be\/wp-content\/uploads\/2018\/05\/LOGO-location-BON.png","width":1200,"height":1200,"caption":"ML Locations"},"image":{"@id":"https:\/\/ml-locations.be\/nl\/#\/schema\/logo\/image\/"}}]}},"_links":{"self":[{"href":"https:\/\/ml-locations.be\/nl\/wp-json\/wp\/v2\/product\/5291","targetHints":{"allow":["GET"]}}],"collection":[{"href":"https:\/\/ml-locations.be\/nl\/wp-json\/wp\/v2\/product"}],"about":[{"href":"https:\/\/ml-locations.be\/nl\/wp-json\/wp\/v2\/types\/product"}],"wp:featuredmedia":[{"embeddable":true,"href":"https:\/\/ml-locations.be\/nl\/wp-json\/wp\/v2\/media\/5292"}],"wp:attachment":[{"href":"https:\/\/ml-locations.be\/nl\/wp-json\/wp\/v2\/media?parent=5291"}],"wp:term":[{"taxonomy":"product_brand","embeddable":true,"href":"https:\/\/ml-locations.be\/nl\/wp-json\/wp\/v2\/product_brand?post=5291"},{"taxonomy":"product_cat","embeddable":true,"href":"https:\/\/ml-locations.be\/nl\/wp-json\/wp\/v2\/product_cat?post=5291"},{"taxonomy":"product_tag","embeddable":true,"href":"https:\/\/ml-locations.be\/nl\/wp-json\/wp\/v2\/product_tag?post=5291"}],"curies":[{"name":"wp","href":"https:\/\/api.w.org\/{rel}","templated":true}]}}