{"id":5533,"date":"2018-06-26T10:07:29","date_gmt":"2018-06-26T08:07:29","guid":{"rendered":"https:\/\/www.ml-locations.be?post_type=product&#038;p=5533"},"modified":"2020-01-16T19:44:31","modified_gmt":"2020-01-16T18:44:31","slug":"location-verre-alcool-digestif-25cl","status":"publish","type":"product","link":"https:\/\/ml-locations.be\/nl\/locations\/location-verre-alcool-digestif-25cl\/","title":{"rendered":"Verre \u00e0 digestif 25cl (25 pi\u00e8ces)"},"content":{"rendered":"<p><strong>Verres \u00e0 alcool ou \u00e0 digestif<\/strong>\u00a0(25 cl) parfaits pour la d\u00e9gustation de Cognac, d&#8217;Armagnac, de Brandy,&#8230;\u00a0La marque Arcoroc, d\u00e9di\u00e9e aux professionnels, propose une large offre de verres alliant des design fonctionnels et des innovations techniques, pour r\u00e9pondre \u00e0 toutes les attentes des professionnels en bar, h\u00f4tels, restaurants ou discoth\u00e8ques.<\/p>\n<p>Louez ces verres \u00e0 pied pour la d\u00e9gustation d&#8217;alcools forts ou de digestifs.<\/p>\n<p>D\u00e9couvrez la gamme D\u00e9gustation, une collection de verres \u00e0 digestif durable et intemporelle, parfaite pour d\u00e9gustez un Cognac, un Armagnac ou un Brandy.<\/p>\n<p><strong>Caract\u00e9ristiques des verres \u00e0 alcool en location :<\/strong><\/p>\n<ul>\n<li>Hauteur : 11.2cm<\/li>\n<li>Diam\u00e8tre : 8.2cm<\/li>\n<li>Capacit\u00e9 : 25cl<\/li>\n<li>Conditionnement : rack de 25 verres<\/li>\n<li>Marque : Arcoroc<\/li>\n<\/ul>\n<p>Les verres et verrines sont repris sales, apr\u00e8s votre \u00e9v\u00e9nement, sans risque de frais suppl\u00e9mentaires car le nettoyage est compris dans le prix de la <strong>location des verres<\/strong>. Ces verres sont lou\u00e9s par rack entier de 25 pi\u00e8ces. Le nombre de racks livr\u00e9s d\u00e9pend du nombre de verres command\u00e9s.<\/p>\n<p><u>Ex<\/u> :70 verres \u00e0 alcool command\u00e9s = 3 racks de 25 verres (= 75 verres) livr\u00e9s ET factur\u00e9s.<\/p>\n<p>Le remplacement des <strong>verres \u00e0 digestif<\/strong>\u00a0non-rendus en fin de location est factur\u00e9.<\/p>\n<p>D&#8217;autres verres (<a href=\"https:\/\/ml-locations.be\/locations\/flute-a-champagne-elegance\/\">fl\u00fbte \u00e0 champagne<\/a>, <a href=\"https:\/\/ml-locations.be\/locations\/location-verre-vin-rouge-elegance-19cl\/\">verres \u00e0 vin<\/a>, <a href=\"https:\/\/ml-locations.be\/locations\/location-verre-biere-25cl\/\">verres \u00e0 bi\u00e8re<\/a>,&#8230;) sont aussi disponible \u00e0 la location sur notre site.<\/p>\n","protected":false},"excerpt":{"rendered":"<p>Verre \u00e0 digestif Arcoroc 25cl en location.\u00a0NB : commandes par rack de 25 verres.<\/p>\n","protected":false},"featured_media":5536,"template":"","meta":{"_acf_changed":false},"product_brand":[],"product_cat":[29,32,209],"product_tag":[208,214],"class_list":{"0":"post-5533","1":"product","2":"type-product","3":"status-publish","4":"has-post-thumbnail","6":"product_cat-materiel-horeca-en-location","7":"product_cat-verres-en-location","8":"product_cat-produits-a-la-une","9":"product_tag-location-materiel-bar","10":"product_tag-location-materiel-banquet","11":"description-off","13":"first","14":"instock","15":"taxable","16":"shipping-taxable","17":"purchasable","18":"product-type-simple"},"acf":[],"yoast_head":"<!-- This site is optimized with the Yoast SEO plugin v25.0 - https:\/\/yoast.com\/wordpress\/plugins\/seo\/ -->\n<title>Location verre \u00e0 alcool : verre \u00e0 digestif sur pied 25cl | ML Locations<\/title>\n<meta name=\"description\" content=\"Location de verres : verres \u00e0 alcool ou \u00e0 digestif sur pied (25cl) \u00e0 d\u00e9couvrir sur notre site. Devis gratuit ! Livraison possible\" \/>\n<meta name=\"robots\" content=\"index, follow, max-snippet:-1, max-image-preview:large, max-video-preview:-1\" \/>\n<link rel=\"canonical\" href=\"https:\/\/ml-locations.be\/nl\/locations\/location-verre-alcool-digestif-25cl\/\" \/>\n<meta property=\"og:locale\" content=\"nl_NL\" \/>\n<meta property=\"og:type\" content=\"article\" \/>\n<meta property=\"og:title\" content=\"Location verre \u00e0 alcool : verre \u00e0 digestif sur pied 25cl | ML Locations\" \/>\n<meta property=\"og:description\" content=\"Location de verres : verres \u00e0 alcool ou \u00e0 digestif sur pied (25cl) \u00e0 d\u00e9couvrir sur notre site. Devis gratuit ! Livraison possible\" \/>\n<meta property=\"og:url\" content=\"https:\/\/ml-locations.be\/nl\/locations\/location-verre-alcool-digestif-25cl\/\" \/>\n<meta property=\"og:site_name\" content=\"ML Locations\" \/>\n<meta property=\"article:modified_time\" content=\"2020-01-16T18:44:31+00:00\" \/>\n<meta property=\"og:image\" content=\"https:\/\/ml-locations.be\/wp-content\/uploads\/2018\/06\/Location-verre-alcool-digestif-arcoroc-degustation.jpg\" \/>\n\t<meta property=\"og:image:width\" content=\"600\" \/>\n\t<meta property=\"og:image:height\" content=\"600\" \/>\n\t<meta property=\"og:image:type\" content=\"image\/jpeg\" \/>\n<meta name=\"twitter:card\" content=\"summary_large_image\" \/>\n<meta name=\"twitter:label1\" content=\"Geschatte leestijd\" \/>\n\t<meta name=\"twitter:data1\" content=\"1 minuut\" \/>\n<script type=\"application\/ld+json\" class=\"yoast-schema-graph\">{\"@context\":\"https:\/\/schema.org\",\"@graph\":[{\"@type\":\"WebPage\",\"@id\":\"https:\/\/ml-locations.be\/nl\/locations\/location-verre-alcool-digestif-25cl\/\",\"url\":\"https:\/\/ml-locations.be\/nl\/locations\/location-verre-alcool-digestif-25cl\/\",\"name\":\"Location verre \u00e0 alcool : verre \u00e0 digestif sur pied 25cl | ML Locations\",\"isPartOf\":{\"@id\":\"https:\/\/ml-locations.be\/nl\/#website\"},\"primaryImageOfPage\":{\"@id\":\"https:\/\/ml-locations.be\/nl\/locations\/location-verre-alcool-digestif-25cl\/#primaryimage\"},\"image\":{\"@id\":\"https:\/\/ml-locations.be\/nl\/locations\/location-verre-alcool-digestif-25cl\/#primaryimage\"},\"thumbnailUrl\":\"https:\/\/ml-locations.be\/wp-content\/uploads\/2018\/06\/Location-verre-alcool-digestif-arcoroc-degustation.jpg\",\"datePublished\":\"2018-06-26T08:07:29+00:00\",\"dateModified\":\"2020-01-16T18:44:31+00:00\",\"description\":\"Location de verres : verres \u00e0 alcool ou \u00e0 digestif sur pied (25cl) \u00e0 d\u00e9couvrir sur notre site. Devis gratuit ! Livraison possible\",\"breadcrumb\":{\"@id\":\"https:\/\/ml-locations.be\/nl\/locations\/location-verre-alcool-digestif-25cl\/#breadcrumb\"},\"inLanguage\":\"nl-NL\",\"potentialAction\":[{\"@type\":\"ReadAction\",\"target\":[\"https:\/\/ml-locations.be\/nl\/locations\/location-verre-alcool-digestif-25cl\/\"]}]},{\"@type\":\"ImageObject\",\"inLanguage\":\"nl-NL\",\"@id\":\"https:\/\/ml-locations.be\/nl\/locations\/location-verre-alcool-digestif-25cl\/#primaryimage\",\"url\":\"https:\/\/ml-locations.be\/wp-content\/uploads\/2018\/06\/Location-verre-alcool-digestif-arcoroc-degustation.jpg\",\"contentUrl\":\"https:\/\/ml-locations.be\/wp-content\/uploads\/2018\/06\/Location-verre-alcool-digestif-arcoroc-degustation.jpg\",\"width\":600,\"height\":600,\"caption\":\"Location verre \u00e0 alcool ou \u00e0 digestif 25 cl - Arcoroc Degustation\"},{\"@type\":\"BreadcrumbList\",\"@id\":\"https:\/\/ml-locations.be\/nl\/locations\/location-verre-alcool-digestif-25cl\/#breadcrumb\",\"itemListElement\":[{\"@type\":\"ListItem\",\"position\":1,\"name\":\"Accueil\",\"item\":\"https:\/\/ml-locations.be\/nl\/\"},{\"@type\":\"ListItem\",\"position\":2,\"name\":\"Winkel\",\"item\":\"https:\/\/ml-locations.be\/nl\/winkel\/\"},{\"@type\":\"ListItem\",\"position\":3,\"name\":\"Verre \u00e0 digestif 25cl (25 pi\u00e8ces)\"}]},{\"@type\":\"WebSite\",\"@id\":\"https:\/\/ml-locations.be\/nl\/#website\",\"url\":\"https:\/\/ml-locations.be\/nl\/\",\"name\":\"ML Locations\",\"description\":\"Mat\u00e9riel \u00e9v\u00e9nementiel : location chaise, table et mange debout, mat\u00e9riel horeca, frigos,...\",\"publisher\":{\"@id\":\"https:\/\/ml-locations.be\/nl\/#organization\"},\"potentialAction\":[{\"@type\":\"SearchAction\",\"target\":{\"@type\":\"EntryPoint\",\"urlTemplate\":\"https:\/\/ml-locations.be\/nl\/?s={search_term_string}\"},\"query-input\":{\"@type\":\"PropertyValueSpecification\",\"valueRequired\":true,\"valueName\":\"search_term_string\"}}],\"inLanguage\":\"nl-NL\"},{\"@type\":\"Organization\",\"@id\":\"https:\/\/ml-locations.be\/nl\/#organization\",\"name\":\"ML Locations\",\"url\":\"https:\/\/ml-locations.be\/nl\/\",\"logo\":{\"@type\":\"ImageObject\",\"inLanguage\":\"nl-NL\",\"@id\":\"https:\/\/ml-locations.be\/nl\/#\/schema\/logo\/image\/\",\"url\":\"https:\/\/ml-locations.be\/wp-content\/uploads\/2018\/05\/LOGO-location-BON.png\",\"contentUrl\":\"https:\/\/ml-locations.be\/wp-content\/uploads\/2018\/05\/LOGO-location-BON.png\",\"width\":1200,\"height\":1200,\"caption\":\"ML Locations\"},\"image\":{\"@id\":\"https:\/\/ml-locations.be\/nl\/#\/schema\/logo\/image\/\"}}]}<\/script>\n<!-- \/ Yoast SEO plugin. -->","yoast_head_json":{"title":"Location verre \u00e0 alcool : verre \u00e0 digestif sur pied 25cl | ML Locations","description":"Location de verres : verres \u00e0 alcool ou \u00e0 digestif sur pied (25cl) \u00e0 d\u00e9couvrir sur notre site. Devis gratuit ! Livraison possible","robots":{"index":"index","follow":"follow","max-snippet":"max-snippet:-1","max-image-preview":"max-image-preview:large","max-video-preview":"max-video-preview:-1"},"canonical":"https:\/\/ml-locations.be\/nl\/locations\/location-verre-alcool-digestif-25cl\/","og_locale":"nl_NL","og_type":"article","og_title":"Location verre \u00e0 alcool : verre \u00e0 digestif sur pied 25cl | ML Locations","og_description":"Location de verres : verres \u00e0 alcool ou \u00e0 digestif sur pied (25cl) \u00e0 d\u00e9couvrir sur notre site. Devis gratuit ! Livraison possible","og_url":"https:\/\/ml-locations.be\/nl\/locations\/location-verre-alcool-digestif-25cl\/","og_site_name":"ML Locations","article_modified_time":"2020-01-16T18:44:31+00:00","og_image":[{"width":600,"height":600,"url":"https:\/\/ml-locations.be\/wp-content\/uploads\/2018\/06\/Location-verre-alcool-digestif-arcoroc-degustation.jpg","type":"image\/jpeg"}],"twitter_card":"summary_large_image","twitter_misc":{"Geschatte leestijd":"1 minuut"},"schema":{"@context":"https:\/\/schema.org","@graph":[{"@type":"WebPage","@id":"https:\/\/ml-locations.be\/nl\/locations\/location-verre-alcool-digestif-25cl\/","url":"https:\/\/ml-locations.be\/nl\/locations\/location-verre-alcool-digestif-25cl\/","name":"Location verre \u00e0 alcool : verre \u00e0 digestif sur pied 25cl | ML Locations","isPartOf":{"@id":"https:\/\/ml-locations.be\/nl\/#website"},"primaryImageOfPage":{"@id":"https:\/\/ml-locations.be\/nl\/locations\/location-verre-alcool-digestif-25cl\/#primaryimage"},"image":{"@id":"https:\/\/ml-locations.be\/nl\/locations\/location-verre-alcool-digestif-25cl\/#primaryimage"},"thumbnailUrl":"https:\/\/ml-locations.be\/wp-content\/uploads\/2018\/06\/Location-verre-alcool-digestif-arcoroc-degustation.jpg","datePublished":"2018-06-26T08:07:29+00:00","dateModified":"2020-01-16T18:44:31+00:00","description":"Location de verres : verres \u00e0 alcool ou \u00e0 digestif sur pied (25cl) \u00e0 d\u00e9couvrir sur notre site. Devis gratuit ! Livraison possible","breadcrumb":{"@id":"https:\/\/ml-locations.be\/nl\/locations\/location-verre-alcool-digestif-25cl\/#breadcrumb"},"inLanguage":"nl-NL","potentialAction":[{"@type":"ReadAction","target":["https:\/\/ml-locations.be\/nl\/locations\/location-verre-alcool-digestif-25cl\/"]}]},{"@type":"ImageObject","inLanguage":"nl-NL","@id":"https:\/\/ml-locations.be\/nl\/locations\/location-verre-alcool-digestif-25cl\/#primaryimage","url":"https:\/\/ml-locations.be\/wp-content\/uploads\/2018\/06\/Location-verre-alcool-digestif-arcoroc-degustation.jpg","contentUrl":"https:\/\/ml-locations.be\/wp-content\/uploads\/2018\/06\/Location-verre-alcool-digestif-arcoroc-degustation.jpg","width":600,"height":600,"caption":"Location verre \u00e0 alcool ou \u00e0 digestif 25 cl - Arcoroc Degustation"},{"@type":"BreadcrumbList","@id":"https:\/\/ml-locations.be\/nl\/locations\/location-verre-alcool-digestif-25cl\/#breadcrumb","itemListElement":[{"@type":"ListItem","position":1,"name":"Accueil","item":"https:\/\/ml-locations.be\/nl\/"},{"@type":"ListItem","position":2,"name":"Winkel","item":"https:\/\/ml-locations.be\/nl\/winkel\/"},{"@type":"ListItem","position":3,"name":"Verre \u00e0 digestif 25cl (25 pi\u00e8ces)"}]},{"@type":"WebSite","@id":"https:\/\/ml-locations.be\/nl\/#website","url":"https:\/\/ml-locations.be\/nl\/","name":"ML Locations","description":"Mat\u00e9riel \u00e9v\u00e9nementiel : location chaise, table et mange debout, mat\u00e9riel horeca, frigos,...","publisher":{"@id":"https:\/\/ml-locations.be\/nl\/#organization"},"potentialAction":[{"@type":"SearchAction","target":{"@type":"EntryPoint","urlTemplate":"https:\/\/ml-locations.be\/nl\/?s={search_term_string}"},"query-input":{"@type":"PropertyValueSpecification","valueRequired":true,"valueName":"search_term_string"}}],"inLanguage":"nl-NL"},{"@type":"Organization","@id":"https:\/\/ml-locations.be\/nl\/#organization","name":"ML Locations","url":"https:\/\/ml-locations.be\/nl\/","logo":{"@type":"ImageObject","inLanguage":"nl-NL","@id":"https:\/\/ml-locations.be\/nl\/#\/schema\/logo\/image\/","url":"https:\/\/ml-locations.be\/wp-content\/uploads\/2018\/05\/LOGO-location-BON.png","contentUrl":"https:\/\/ml-locations.be\/wp-content\/uploads\/2018\/05\/LOGO-location-BON.png","width":1200,"height":1200,"caption":"ML Locations"},"image":{"@id":"https:\/\/ml-locations.be\/nl\/#\/schema\/logo\/image\/"}}]}},"_links":{"self":[{"href":"https:\/\/ml-locations.be\/nl\/wp-json\/wp\/v2\/product\/5533","targetHints":{"allow":["GET"]}}],"collection":[{"href":"https:\/\/ml-locations.be\/nl\/wp-json\/wp\/v2\/product"}],"about":[{"href":"https:\/\/ml-locations.be\/nl\/wp-json\/wp\/v2\/types\/product"}],"wp:featuredmedia":[{"embeddable":true,"href":"https:\/\/ml-locations.be\/nl\/wp-json\/wp\/v2\/media\/5536"}],"wp:attachment":[{"href":"https:\/\/ml-locations.be\/nl\/wp-json\/wp\/v2\/media?parent=5533"}],"wp:term":[{"taxonomy":"product_brand","embeddable":true,"href":"https:\/\/ml-locations.be\/nl\/wp-json\/wp\/v2\/product_brand?post=5533"},{"taxonomy":"product_cat","embeddable":true,"href":"https:\/\/ml-locations.be\/nl\/wp-json\/wp\/v2\/product_cat?post=5533"},{"taxonomy":"product_tag","embeddable":true,"href":"https:\/\/ml-locations.be\/nl\/wp-json\/wp\/v2\/product_tag?post=5533"}],"curies":[{"name":"wp","href":"https:\/\/api.w.org\/{rel}","templated":true}]}}