{"id":5547,"date":"2018-06-26T14:43:54","date_gmt":"2018-06-26T12:43:54","guid":{"rendered":"https:\/\/www.ml-locations.be?post_type=product&#038;p=5547"},"modified":"2020-04-07T11:17:40","modified_gmt":"2020-04-07T09:17:40","slug":"location-carafe-verre-deluxe","status":"publish","type":"product","link":"https:\/\/ml-locations.be\/nl\/locations\/location-carafe-verre-deluxe\/","title":{"rendered":"Carafe en verre Deluxe 1,3 litres"},"content":{"rendered":"<p><b>Carafe en verre en location<\/b>\u00a0d\u2019une contenance de 1,3 litres avec anse et bec verseur. Cette \u00e9l\u00e9gante carafe en location (ou cruche en location) peut contenir de l&#8217;eau ou des jus de fruits. Elle peut aussi \u00eatre utilis\u00e9e comme pichet pour le vin.\u00a0Ces <strong>carafes en\u00a0<\/strong><strong>verre\u00a0<\/strong>en location sont reprises sales, apr\u00e8s votre \u00e9v\u00e9nement, sans risque de frais suppl\u00e9mentaires car le nettoyage est compris dans le prix de la location des verres et de la vaisselle.<\/p>\n<p><strong>Caract\u00e9ristiques et dimensions des carafes en verre :\u00a0<\/strong><\/p>\n<ul>\n<li>Hauteur : 20 cm<\/li>\n<li>Diam\u00e8tre : 12 cm<\/li>\n<li>Contenance :\u00a01,3 litres<\/li>\n<\/ul>\n<p>Le remplacement des carafes ou des verres perdus ou cass\u00e9s est factur\u00e9 en fin de <strong>location<\/strong>.<\/p>\n<p>N\u2019h\u00e9sitez pas \u00e0 nous contactez pour la <a href=\"https:\/\/ml-locations.be\/location\/materiel-horeca-en-location\/verres-en-location\/\">location de verres<\/a> pour vos \u00e9v\u00e9nements (verres \u00e0 vin, long drink, verres \u00e0 bi\u00e8re,..).<\/p>\n<p><strong>Vous souhaitez louer des pichets en verre ? D\u00e9couvrez <a href=\"https:\/\/ml-locations.be\/locations\/location-carafe-pichet-verre-25cl\/\">nos pichets en location : carafe en verre 25 cl<\/a>.<\/strong><\/p>\n","protected":false},"excerpt":{"rendered":"<p><strong>Carafe en verre en location<\/strong>\u00a0(1,3 litres, hauteur : 20 cm, diam\u00e8tre : 12 cm).<\/p>\n","protected":false},"featured_media":5576,"template":"","meta":{"_acf_changed":false},"product_brand":[],"product_cat":[29,32],"product_tag":[208,213,214],"class_list":{"0":"post-5547","1":"product","2":"type-product","3":"status-publish","4":"has-post-thumbnail","6":"product_cat-materiel-horeca-en-location","7":"product_cat-verres-en-location","8":"product_tag-location-materiel-bar","9":"product_tag-location-de-materiel-de-reception-mariages","10":"product_tag-location-materiel-banquet","11":"description-off","13":"first","14":"instock","15":"taxable","16":"shipping-taxable","17":"purchasable","18":"product-type-simple"},"acf":[],"yoast_head":"<!-- This site is optimized with the Yoast SEO plugin v25.0 - https:\/\/yoast.com\/wordpress\/plugins\/seo\/ -->\n<title>Carafe en verre en location - pichet 1,3 litre | ML Locations<\/title>\n<meta name=\"description\" content=\"Carafe en verre en location pour banquets et \u00e9v\u00e9nements. Grand choix de verres et vaisselle \u00e0 louer sur notre site. Livraison possible.\" \/>\n<meta name=\"robots\" content=\"index, follow, max-snippet:-1, max-image-preview:large, max-video-preview:-1\" \/>\n<link rel=\"canonical\" href=\"https:\/\/ml-locations.be\/nl\/locations\/location-carafe-verre-deluxe\/\" \/>\n<meta property=\"og:locale\" content=\"nl_NL\" \/>\n<meta property=\"og:type\" content=\"article\" \/>\n<meta property=\"og:title\" content=\"Carafe en verre en location - pichet 1,3 litre | ML Locations\" \/>\n<meta property=\"og:description\" content=\"Carafe en verre en location pour banquets et \u00e9v\u00e9nements. Grand choix de verres et vaisselle \u00e0 louer sur notre site. Livraison possible.\" \/>\n<meta property=\"og:url\" content=\"https:\/\/ml-locations.be\/nl\/locations\/location-carafe-verre-deluxe\/\" \/>\n<meta property=\"og:site_name\" content=\"ML Locations\" \/>\n<meta property=\"article:modified_time\" content=\"2020-04-07T09:17:40+00:00\" \/>\n<meta property=\"og:image\" content=\"https:\/\/ml-locations.be\/wp-content\/uploads\/2018\/06\/location-carafe-eau-130cl-.jpg\" \/>\n\t<meta property=\"og:image:width\" content=\"600\" \/>\n\t<meta property=\"og:image:height\" content=\"600\" \/>\n\t<meta property=\"og:image:type\" content=\"image\/jpeg\" \/>\n<meta name=\"twitter:card\" content=\"summary_large_image\" \/>\n<meta name=\"twitter:label1\" content=\"Geschatte leestijd\" \/>\n\t<meta name=\"twitter:data1\" content=\"1 minuut\" \/>\n<script type=\"application\/ld+json\" class=\"yoast-schema-graph\">{\"@context\":\"https:\/\/schema.org\",\"@graph\":[{\"@type\":\"WebPage\",\"@id\":\"https:\/\/ml-locations.be\/nl\/locations\/location-carafe-verre-deluxe\/\",\"url\":\"https:\/\/ml-locations.be\/nl\/locations\/location-carafe-verre-deluxe\/\",\"name\":\"Carafe en verre en location - pichet 1,3 litre | ML Locations\",\"isPartOf\":{\"@id\":\"https:\/\/ml-locations.be\/nl\/#website\"},\"primaryImageOfPage\":{\"@id\":\"https:\/\/ml-locations.be\/nl\/locations\/location-carafe-verre-deluxe\/#primaryimage\"},\"image\":{\"@id\":\"https:\/\/ml-locations.be\/nl\/locations\/location-carafe-verre-deluxe\/#primaryimage\"},\"thumbnailUrl\":\"https:\/\/ml-locations.be\/wp-content\/uploads\/2018\/06\/location-carafe-eau-130cl-.jpg\",\"datePublished\":\"2018-06-26T12:43:54+00:00\",\"dateModified\":\"2020-04-07T09:17:40+00:00\",\"description\":\"Carafe en verre en location pour banquets et \u00e9v\u00e9nements. Grand choix de verres et vaisselle \u00e0 louer sur notre site. Livraison possible.\",\"breadcrumb\":{\"@id\":\"https:\/\/ml-locations.be\/nl\/locations\/location-carafe-verre-deluxe\/#breadcrumb\"},\"inLanguage\":\"nl-NL\",\"potentialAction\":[{\"@type\":\"ReadAction\",\"target\":[\"https:\/\/ml-locations.be\/nl\/locations\/location-carafe-verre-deluxe\/\"]}]},{\"@type\":\"ImageObject\",\"inLanguage\":\"nl-NL\",\"@id\":\"https:\/\/ml-locations.be\/nl\/locations\/location-carafe-verre-deluxe\/#primaryimage\",\"url\":\"https:\/\/ml-locations.be\/wp-content\/uploads\/2018\/06\/location-carafe-eau-130cl-.jpg\",\"contentUrl\":\"https:\/\/ml-locations.be\/wp-content\/uploads\/2018\/06\/location-carafe-eau-130cl-.jpg\",\"width\":600,\"height\":600,\"caption\":\"Location carafe en verre 1,3 litres\"},{\"@type\":\"BreadcrumbList\",\"@id\":\"https:\/\/ml-locations.be\/nl\/locations\/location-carafe-verre-deluxe\/#breadcrumb\",\"itemListElement\":[{\"@type\":\"ListItem\",\"position\":1,\"name\":\"Accueil\",\"item\":\"https:\/\/ml-locations.be\/nl\/\"},{\"@type\":\"ListItem\",\"position\":2,\"name\":\"Winkel\",\"item\":\"https:\/\/ml-locations.be\/nl\/winkel\/\"},{\"@type\":\"ListItem\",\"position\":3,\"name\":\"Carafe en verre Deluxe 1,3 litres\"}]},{\"@type\":\"WebSite\",\"@id\":\"https:\/\/ml-locations.be\/nl\/#website\",\"url\":\"https:\/\/ml-locations.be\/nl\/\",\"name\":\"ML Locations\",\"description\":\"Mat\u00e9riel \u00e9v\u00e9nementiel : location chaise, table et mange debout, mat\u00e9riel horeca, frigos,...\",\"publisher\":{\"@id\":\"https:\/\/ml-locations.be\/nl\/#organization\"},\"potentialAction\":[{\"@type\":\"SearchAction\",\"target\":{\"@type\":\"EntryPoint\",\"urlTemplate\":\"https:\/\/ml-locations.be\/nl\/?s={search_term_string}\"},\"query-input\":{\"@type\":\"PropertyValueSpecification\",\"valueRequired\":true,\"valueName\":\"search_term_string\"}}],\"inLanguage\":\"nl-NL\"},{\"@type\":\"Organization\",\"@id\":\"https:\/\/ml-locations.be\/nl\/#organization\",\"name\":\"ML Locations\",\"url\":\"https:\/\/ml-locations.be\/nl\/\",\"logo\":{\"@type\":\"ImageObject\",\"inLanguage\":\"nl-NL\",\"@id\":\"https:\/\/ml-locations.be\/nl\/#\/schema\/logo\/image\/\",\"url\":\"https:\/\/ml-locations.be\/wp-content\/uploads\/2018\/05\/LOGO-location-BON.png\",\"contentUrl\":\"https:\/\/ml-locations.be\/wp-content\/uploads\/2018\/05\/LOGO-location-BON.png\",\"width\":1200,\"height\":1200,\"caption\":\"ML Locations\"},\"image\":{\"@id\":\"https:\/\/ml-locations.be\/nl\/#\/schema\/logo\/image\/\"}}]}<\/script>\n<!-- \/ Yoast SEO plugin. -->","yoast_head_json":{"title":"Carafe en verre en location - pichet 1,3 litre | ML Locations","description":"Carafe en verre en location pour banquets et \u00e9v\u00e9nements. Grand choix de verres et vaisselle \u00e0 louer sur notre site. Livraison possible.","robots":{"index":"index","follow":"follow","max-snippet":"max-snippet:-1","max-image-preview":"max-image-preview:large","max-video-preview":"max-video-preview:-1"},"canonical":"https:\/\/ml-locations.be\/nl\/locations\/location-carafe-verre-deluxe\/","og_locale":"nl_NL","og_type":"article","og_title":"Carafe en verre en location - pichet 1,3 litre | ML Locations","og_description":"Carafe en verre en location pour banquets et \u00e9v\u00e9nements. Grand choix de verres et vaisselle \u00e0 louer sur notre site. Livraison possible.","og_url":"https:\/\/ml-locations.be\/nl\/locations\/location-carafe-verre-deluxe\/","og_site_name":"ML Locations","article_modified_time":"2020-04-07T09:17:40+00:00","og_image":[{"width":600,"height":600,"url":"https:\/\/ml-locations.be\/wp-content\/uploads\/2018\/06\/location-carafe-eau-130cl-.jpg","type":"image\/jpeg"}],"twitter_card":"summary_large_image","twitter_misc":{"Geschatte leestijd":"1 minuut"},"schema":{"@context":"https:\/\/schema.org","@graph":[{"@type":"WebPage","@id":"https:\/\/ml-locations.be\/nl\/locations\/location-carafe-verre-deluxe\/","url":"https:\/\/ml-locations.be\/nl\/locations\/location-carafe-verre-deluxe\/","name":"Carafe en verre en location - pichet 1,3 litre | ML Locations","isPartOf":{"@id":"https:\/\/ml-locations.be\/nl\/#website"},"primaryImageOfPage":{"@id":"https:\/\/ml-locations.be\/nl\/locations\/location-carafe-verre-deluxe\/#primaryimage"},"image":{"@id":"https:\/\/ml-locations.be\/nl\/locations\/location-carafe-verre-deluxe\/#primaryimage"},"thumbnailUrl":"https:\/\/ml-locations.be\/wp-content\/uploads\/2018\/06\/location-carafe-eau-130cl-.jpg","datePublished":"2018-06-26T12:43:54+00:00","dateModified":"2020-04-07T09:17:40+00:00","description":"Carafe en verre en location pour banquets et \u00e9v\u00e9nements. Grand choix de verres et vaisselle \u00e0 louer sur notre site. Livraison possible.","breadcrumb":{"@id":"https:\/\/ml-locations.be\/nl\/locations\/location-carafe-verre-deluxe\/#breadcrumb"},"inLanguage":"nl-NL","potentialAction":[{"@type":"ReadAction","target":["https:\/\/ml-locations.be\/nl\/locations\/location-carafe-verre-deluxe\/"]}]},{"@type":"ImageObject","inLanguage":"nl-NL","@id":"https:\/\/ml-locations.be\/nl\/locations\/location-carafe-verre-deluxe\/#primaryimage","url":"https:\/\/ml-locations.be\/wp-content\/uploads\/2018\/06\/location-carafe-eau-130cl-.jpg","contentUrl":"https:\/\/ml-locations.be\/wp-content\/uploads\/2018\/06\/location-carafe-eau-130cl-.jpg","width":600,"height":600,"caption":"Location carafe en verre 1,3 litres"},{"@type":"BreadcrumbList","@id":"https:\/\/ml-locations.be\/nl\/locations\/location-carafe-verre-deluxe\/#breadcrumb","itemListElement":[{"@type":"ListItem","position":1,"name":"Accueil","item":"https:\/\/ml-locations.be\/nl\/"},{"@type":"ListItem","position":2,"name":"Winkel","item":"https:\/\/ml-locations.be\/nl\/winkel\/"},{"@type":"ListItem","position":3,"name":"Carafe en verre Deluxe 1,3 litres"}]},{"@type":"WebSite","@id":"https:\/\/ml-locations.be\/nl\/#website","url":"https:\/\/ml-locations.be\/nl\/","name":"ML Locations","description":"Mat\u00e9riel \u00e9v\u00e9nementiel : location chaise, table et mange debout, mat\u00e9riel horeca, frigos,...","publisher":{"@id":"https:\/\/ml-locations.be\/nl\/#organization"},"potentialAction":[{"@type":"SearchAction","target":{"@type":"EntryPoint","urlTemplate":"https:\/\/ml-locations.be\/nl\/?s={search_term_string}"},"query-input":{"@type":"PropertyValueSpecification","valueRequired":true,"valueName":"search_term_string"}}],"inLanguage":"nl-NL"},{"@type":"Organization","@id":"https:\/\/ml-locations.be\/nl\/#organization","name":"ML Locations","url":"https:\/\/ml-locations.be\/nl\/","logo":{"@type":"ImageObject","inLanguage":"nl-NL","@id":"https:\/\/ml-locations.be\/nl\/#\/schema\/logo\/image\/","url":"https:\/\/ml-locations.be\/wp-content\/uploads\/2018\/05\/LOGO-location-BON.png","contentUrl":"https:\/\/ml-locations.be\/wp-content\/uploads\/2018\/05\/LOGO-location-BON.png","width":1200,"height":1200,"caption":"ML Locations"},"image":{"@id":"https:\/\/ml-locations.be\/nl\/#\/schema\/logo\/image\/"}}]}},"_links":{"self":[{"href":"https:\/\/ml-locations.be\/nl\/wp-json\/wp\/v2\/product\/5547","targetHints":{"allow":["GET"]}}],"collection":[{"href":"https:\/\/ml-locations.be\/nl\/wp-json\/wp\/v2\/product"}],"about":[{"href":"https:\/\/ml-locations.be\/nl\/wp-json\/wp\/v2\/types\/product"}],"wp:featuredmedia":[{"embeddable":true,"href":"https:\/\/ml-locations.be\/nl\/wp-json\/wp\/v2\/media\/5576"}],"wp:attachment":[{"href":"https:\/\/ml-locations.be\/nl\/wp-json\/wp\/v2\/media?parent=5547"}],"wp:term":[{"taxonomy":"product_brand","embeddable":true,"href":"https:\/\/ml-locations.be\/nl\/wp-json\/wp\/v2\/product_brand?post=5547"},{"taxonomy":"product_cat","embeddable":true,"href":"https:\/\/ml-locations.be\/nl\/wp-json\/wp\/v2\/product_cat?post=5547"},{"taxonomy":"product_tag","embeddable":true,"href":"https:\/\/ml-locations.be\/nl\/wp-json\/wp\/v2\/product_tag?post=5547"}],"curies":[{"name":"wp","href":"https:\/\/api.w.org\/{rel}","templated":true}]}}