{"id":5556,"date":"2018-06-26T16:14:41","date_gmt":"2018-06-26T14:14:41","guid":{"rendered":"https:\/\/www.ml-locations.be?post_type=product&#038;p=5556"},"modified":"2026-01-30T15:01:01","modified_gmt":"2026-01-30T14:01:01","slug":"location-verre-flute-cabernet16cl","status":"publish","type":"product","link":"https:\/\/ml-locations.be\/nl\/locations\/location-verre-flute-cabernet16cl\/","title":{"rendered":"Fl\u00fbte &#8220;Cabernet&#8221; 16 cl (36 pi\u00e8ces)"},"content":{"rendered":"<p><strong>Fl\u00fbte &#8220;Cabernet&#8221;\u00a0<\/strong>(15 cl)\u00a0 tr\u00e8s \u00e9l\u00e9gante pour le service de vin mousseux, de Champagne ou d&#8217;ap\u00e9ritifs. Ces flutes \u00e0 champagne sont parfaites pour vos banquets, \u00e9v\u00e9nements,\u00a0pour un <strong>mariage<\/strong>, une f\u00eate d\u2019anniversaire, ou autre. Ces \u00e9l\u00e9gantes fl\u00fbtes \u00e0 Champagne en location conviennent aux plus belles tables.<\/p>\n<p><strong>Caract\u00e9ristiques des fl\u00fbtes \u00e0 Champagne Cabernet 45 cl :\u00a0<\/strong><\/p>\n<ul>\n<li>Hauteur : 225 mm<\/li>\n<li>Diam\u00e8tre max : 50 mm<\/li>\n<li>Contenance : 16 cl<\/li>\n<\/ul>\n<p>Les flutes et les verres en location sont repris sales, apr\u00e8s votre \u00e9v\u00e9nement, sans risque de frais suppl\u00e9mentaires car le nettoyage est compris dans le prix de la <strong>location des verres<\/strong>. Ces fl\u00fbtes en location sont lou\u00e9es par rack entier de 36 pi\u00e8ces. Le nombre de racks livr\u00e9s d\u00e9pend du nombre de verres command\u00e9s.<\/p>\n<p><u>Ex:<\/u>\u00a050 fl\u00fbtes command\u00e9es = 2 racks de 36 verres (= 72 fl\u00fbtes) livr\u00e9s ET factur\u00e9s.<\/p>\n<p>Le remplacement des <b>fl\u00fbtes<\/b>\u00a0perdues ou cass\u00e9es est factur\u00e9 en fin de location.<\/p>\n<p>D&#8217;autres verres (<a href=\"https:\/\/ml-locations.be\/locations\/flute-a-champagne-elegance\/\">fl\u00fbte \u00e0 champagne<\/a>, <a href=\"https:\/\/ml-locations.be\/locations\/location-verre-vin-rouge-elegance-19cl\/\">verres \u00e0 vin<\/a>, <a href=\"https:\/\/ml-locations.be\/locations\/location-verre-biere-25cl\/\">verres \u00e0 bi\u00e8re<\/a>,&#8230;) sont aussi disponible \u00e0 la location sur notre site.<\/p>\n","protected":false},"excerpt":{"rendered":"<p><strong>Fl\u00fbte \u00e0 Champagne&#8221;Cabernet&#8221;<\/strong>\u00a0(45 cl, hauteur : 225 mm, diam\u00e8tre : 50mm).\u00a0NB : commandes par rack de 36 verres.<\/p>\n","protected":false},"featured_media":5559,"template":"","meta":{"_acf_changed":false},"product_brand":[],"product_cat":[29,32],"product_tag":[208,213,214],"class_list":{"0":"post-5556","1":"product","2":"type-product","3":"status-publish","4":"has-post-thumbnail","6":"product_cat-materiel-horeca-en-location","7":"product_cat-verres-en-location","8":"product_tag-location-materiel-bar","9":"product_tag-location-de-materiel-de-reception-mariages","10":"product_tag-location-materiel-banquet","11":"description-off","13":"first","14":"instock","15":"taxable","16":"shipping-taxable","17":"purchasable","18":"product-type-simple"},"acf":[],"yoast_head":"<!-- This site is optimized with the Yoast SEO plugin v25.0 - https:\/\/yoast.com\/wordpress\/plugins\/seo\/ -->\n<title>Fl\u00fbtes \u00e0 Champagne &quot;Cabernet&quot; 16 cl - location verres | ML Locations<\/title>\n<meta name=\"description\" content=\"Location de fl\u00fbtes \u00e0 Champagne 16 cl, mais aussi verres \u00e0 vin, vaisselle et mat\u00e9riel Horeca. Devis gratuit ! Livraison possible\" \/>\n<meta name=\"robots\" content=\"index, follow, max-snippet:-1, max-image-preview:large, max-video-preview:-1\" \/>\n<link rel=\"canonical\" href=\"https:\/\/ml-locations.be\/nl\/locations\/location-verre-flute-cabernet16cl\/\" \/>\n<meta property=\"og:locale\" content=\"nl_NL\" \/>\n<meta property=\"og:type\" content=\"article\" \/>\n<meta property=\"og:title\" content=\"Fl\u00fbtes \u00e0 Champagne &quot;Cabernet&quot; 16 cl - location verres | ML Locations\" \/>\n<meta property=\"og:description\" content=\"Location de fl\u00fbtes \u00e0 Champagne 16 cl, mais aussi verres \u00e0 vin, vaisselle et mat\u00e9riel Horeca. Devis gratuit ! Livraison possible\" \/>\n<meta property=\"og:url\" content=\"https:\/\/ml-locations.be\/nl\/locations\/location-verre-flute-cabernet16cl\/\" \/>\n<meta property=\"og:site_name\" content=\"ML Locations\" \/>\n<meta property=\"article:modified_time\" content=\"2026-01-30T14:01:01+00:00\" \/>\n<meta property=\"og:image\" content=\"https:\/\/ml-locations.be\/wp-content\/uploads\/2018\/06\/location-verre-flute-cabernet16cl.jpg\" \/>\n\t<meta property=\"og:image:width\" content=\"600\" \/>\n\t<meta property=\"og:image:height\" content=\"600\" \/>\n\t<meta property=\"og:image:type\" content=\"image\/jpeg\" \/>\n<meta name=\"twitter:card\" content=\"summary_large_image\" \/>\n<meta name=\"twitter:label1\" content=\"Geschatte leestijd\" \/>\n\t<meta name=\"twitter:data1\" content=\"2 minuten\" \/>\n<script type=\"application\/ld+json\" class=\"yoast-schema-graph\">{\"@context\":\"https:\/\/schema.org\",\"@graph\":[{\"@type\":\"WebPage\",\"@id\":\"https:\/\/ml-locations.be\/nl\/locations\/location-verre-flute-cabernet16cl\/\",\"url\":\"https:\/\/ml-locations.be\/nl\/locations\/location-verre-flute-cabernet16cl\/\",\"name\":\"Fl\u00fbtes \u00e0 Champagne \\\"Cabernet\\\" 16 cl - location verres | ML Locations\",\"isPartOf\":{\"@id\":\"https:\/\/ml-locations.be\/nl\/#website\"},\"primaryImageOfPage\":{\"@id\":\"https:\/\/ml-locations.be\/nl\/locations\/location-verre-flute-cabernet16cl\/#primaryimage\"},\"image\":{\"@id\":\"https:\/\/ml-locations.be\/nl\/locations\/location-verre-flute-cabernet16cl\/#primaryimage\"},\"thumbnailUrl\":\"https:\/\/ml-locations.be\/wp-content\/uploads\/2018\/06\/location-verre-flute-cabernet16cl.jpg\",\"datePublished\":\"2018-06-26T14:14:41+00:00\",\"dateModified\":\"2026-01-30T14:01:01+00:00\",\"description\":\"Location de fl\u00fbtes \u00e0 Champagne 16 cl, mais aussi verres \u00e0 vin, vaisselle et mat\u00e9riel Horeca. Devis gratuit ! Livraison possible\",\"breadcrumb\":{\"@id\":\"https:\/\/ml-locations.be\/nl\/locations\/location-verre-flute-cabernet16cl\/#breadcrumb\"},\"inLanguage\":\"nl-NL\",\"potentialAction\":[{\"@type\":\"ReadAction\",\"target\":[\"https:\/\/ml-locations.be\/nl\/locations\/location-verre-flute-cabernet16cl\/\"]}]},{\"@type\":\"ImageObject\",\"inLanguage\":\"nl-NL\",\"@id\":\"https:\/\/ml-locations.be\/nl\/locations\/location-verre-flute-cabernet16cl\/#primaryimage\",\"url\":\"https:\/\/ml-locations.be\/wp-content\/uploads\/2018\/06\/location-verre-flute-cabernet16cl.jpg\",\"contentUrl\":\"https:\/\/ml-locations.be\/wp-content\/uploads\/2018\/06\/location-verre-flute-cabernet16cl.jpg\",\"width\":600,\"height\":600,\"caption\":\"Location verres : flute \u00e0 Champagne \\\"Cabernet\\\" 16cl\"},{\"@type\":\"BreadcrumbList\",\"@id\":\"https:\/\/ml-locations.be\/nl\/locations\/location-verre-flute-cabernet16cl\/#breadcrumb\",\"itemListElement\":[{\"@type\":\"ListItem\",\"position\":1,\"name\":\"Accueil\",\"item\":\"https:\/\/ml-locations.be\/nl\/\"},{\"@type\":\"ListItem\",\"position\":2,\"name\":\"Winkel\",\"item\":\"https:\/\/ml-locations.be\/nl\/winkel\/\"},{\"@type\":\"ListItem\",\"position\":3,\"name\":\"Fl\u00fbte &#8220;Cabernet&#8221; 16 cl (36 pi\u00e8ces)\"}]},{\"@type\":\"WebSite\",\"@id\":\"https:\/\/ml-locations.be\/nl\/#website\",\"url\":\"https:\/\/ml-locations.be\/nl\/\",\"name\":\"ML Locations\",\"description\":\"Mat\u00e9riel \u00e9v\u00e9nementiel : location chaise, table et mange debout, mat\u00e9riel horeca, frigos,...\",\"publisher\":{\"@id\":\"https:\/\/ml-locations.be\/nl\/#organization\"},\"potentialAction\":[{\"@type\":\"SearchAction\",\"target\":{\"@type\":\"EntryPoint\",\"urlTemplate\":\"https:\/\/ml-locations.be\/nl\/?s={search_term_string}\"},\"query-input\":{\"@type\":\"PropertyValueSpecification\",\"valueRequired\":true,\"valueName\":\"search_term_string\"}}],\"inLanguage\":\"nl-NL\"},{\"@type\":\"Organization\",\"@id\":\"https:\/\/ml-locations.be\/nl\/#organization\",\"name\":\"ML Locations\",\"url\":\"https:\/\/ml-locations.be\/nl\/\",\"logo\":{\"@type\":\"ImageObject\",\"inLanguage\":\"nl-NL\",\"@id\":\"https:\/\/ml-locations.be\/nl\/#\/schema\/logo\/image\/\",\"url\":\"https:\/\/ml-locations.be\/wp-content\/uploads\/2018\/05\/LOGO-location-BON.png\",\"contentUrl\":\"https:\/\/ml-locations.be\/wp-content\/uploads\/2018\/05\/LOGO-location-BON.png\",\"width\":1200,\"height\":1200,\"caption\":\"ML Locations\"},\"image\":{\"@id\":\"https:\/\/ml-locations.be\/nl\/#\/schema\/logo\/image\/\"}}]}<\/script>\n<!-- \/ Yoast SEO plugin. -->","yoast_head_json":{"title":"Fl\u00fbtes \u00e0 Champagne \"Cabernet\" 16 cl - location verres | ML Locations","description":"Location de fl\u00fbtes \u00e0 Champagne 16 cl, mais aussi verres \u00e0 vin, vaisselle et mat\u00e9riel Horeca. Devis gratuit ! Livraison possible","robots":{"index":"index","follow":"follow","max-snippet":"max-snippet:-1","max-image-preview":"max-image-preview:large","max-video-preview":"max-video-preview:-1"},"canonical":"https:\/\/ml-locations.be\/nl\/locations\/location-verre-flute-cabernet16cl\/","og_locale":"nl_NL","og_type":"article","og_title":"Fl\u00fbtes \u00e0 Champagne \"Cabernet\" 16 cl - location verres | ML Locations","og_description":"Location de fl\u00fbtes \u00e0 Champagne 16 cl, mais aussi verres \u00e0 vin, vaisselle et mat\u00e9riel Horeca. Devis gratuit ! Livraison possible","og_url":"https:\/\/ml-locations.be\/nl\/locations\/location-verre-flute-cabernet16cl\/","og_site_name":"ML Locations","article_modified_time":"2026-01-30T14:01:01+00:00","og_image":[{"width":600,"height":600,"url":"https:\/\/ml-locations.be\/wp-content\/uploads\/2018\/06\/location-verre-flute-cabernet16cl.jpg","type":"image\/jpeg"}],"twitter_card":"summary_large_image","twitter_misc":{"Geschatte leestijd":"2 minuten"},"schema":{"@context":"https:\/\/schema.org","@graph":[{"@type":"WebPage","@id":"https:\/\/ml-locations.be\/nl\/locations\/location-verre-flute-cabernet16cl\/","url":"https:\/\/ml-locations.be\/nl\/locations\/location-verre-flute-cabernet16cl\/","name":"Fl\u00fbtes \u00e0 Champagne \"Cabernet\" 16 cl - location verres | ML Locations","isPartOf":{"@id":"https:\/\/ml-locations.be\/nl\/#website"},"primaryImageOfPage":{"@id":"https:\/\/ml-locations.be\/nl\/locations\/location-verre-flute-cabernet16cl\/#primaryimage"},"image":{"@id":"https:\/\/ml-locations.be\/nl\/locations\/location-verre-flute-cabernet16cl\/#primaryimage"},"thumbnailUrl":"https:\/\/ml-locations.be\/wp-content\/uploads\/2018\/06\/location-verre-flute-cabernet16cl.jpg","datePublished":"2018-06-26T14:14:41+00:00","dateModified":"2026-01-30T14:01:01+00:00","description":"Location de fl\u00fbtes \u00e0 Champagne 16 cl, mais aussi verres \u00e0 vin, vaisselle et mat\u00e9riel Horeca. Devis gratuit ! Livraison possible","breadcrumb":{"@id":"https:\/\/ml-locations.be\/nl\/locations\/location-verre-flute-cabernet16cl\/#breadcrumb"},"inLanguage":"nl-NL","potentialAction":[{"@type":"ReadAction","target":["https:\/\/ml-locations.be\/nl\/locations\/location-verre-flute-cabernet16cl\/"]}]},{"@type":"ImageObject","inLanguage":"nl-NL","@id":"https:\/\/ml-locations.be\/nl\/locations\/location-verre-flute-cabernet16cl\/#primaryimage","url":"https:\/\/ml-locations.be\/wp-content\/uploads\/2018\/06\/location-verre-flute-cabernet16cl.jpg","contentUrl":"https:\/\/ml-locations.be\/wp-content\/uploads\/2018\/06\/location-verre-flute-cabernet16cl.jpg","width":600,"height":600,"caption":"Location verres : flute \u00e0 Champagne \"Cabernet\" 16cl"},{"@type":"BreadcrumbList","@id":"https:\/\/ml-locations.be\/nl\/locations\/location-verre-flute-cabernet16cl\/#breadcrumb","itemListElement":[{"@type":"ListItem","position":1,"name":"Accueil","item":"https:\/\/ml-locations.be\/nl\/"},{"@type":"ListItem","position":2,"name":"Winkel","item":"https:\/\/ml-locations.be\/nl\/winkel\/"},{"@type":"ListItem","position":3,"name":"Fl\u00fbte &#8220;Cabernet&#8221; 16 cl (36 pi\u00e8ces)"}]},{"@type":"WebSite","@id":"https:\/\/ml-locations.be\/nl\/#website","url":"https:\/\/ml-locations.be\/nl\/","name":"ML Locations","description":"Mat\u00e9riel \u00e9v\u00e9nementiel : location chaise, table et mange debout, mat\u00e9riel horeca, frigos,...","publisher":{"@id":"https:\/\/ml-locations.be\/nl\/#organization"},"potentialAction":[{"@type":"SearchAction","target":{"@type":"EntryPoint","urlTemplate":"https:\/\/ml-locations.be\/nl\/?s={search_term_string}"},"query-input":{"@type":"PropertyValueSpecification","valueRequired":true,"valueName":"search_term_string"}}],"inLanguage":"nl-NL"},{"@type":"Organization","@id":"https:\/\/ml-locations.be\/nl\/#organization","name":"ML Locations","url":"https:\/\/ml-locations.be\/nl\/","logo":{"@type":"ImageObject","inLanguage":"nl-NL","@id":"https:\/\/ml-locations.be\/nl\/#\/schema\/logo\/image\/","url":"https:\/\/ml-locations.be\/wp-content\/uploads\/2018\/05\/LOGO-location-BON.png","contentUrl":"https:\/\/ml-locations.be\/wp-content\/uploads\/2018\/05\/LOGO-location-BON.png","width":1200,"height":1200,"caption":"ML Locations"},"image":{"@id":"https:\/\/ml-locations.be\/nl\/#\/schema\/logo\/image\/"}}]}},"_links":{"self":[{"href":"https:\/\/ml-locations.be\/nl\/wp-json\/wp\/v2\/product\/5556","targetHints":{"allow":["GET"]}}],"collection":[{"href":"https:\/\/ml-locations.be\/nl\/wp-json\/wp\/v2\/product"}],"about":[{"href":"https:\/\/ml-locations.be\/nl\/wp-json\/wp\/v2\/types\/product"}],"wp:featuredmedia":[{"embeddable":true,"href":"https:\/\/ml-locations.be\/nl\/wp-json\/wp\/v2\/media\/5559"}],"wp:attachment":[{"href":"https:\/\/ml-locations.be\/nl\/wp-json\/wp\/v2\/media?parent=5556"}],"wp:term":[{"taxonomy":"product_brand","embeddable":true,"href":"https:\/\/ml-locations.be\/nl\/wp-json\/wp\/v2\/product_brand?post=5556"},{"taxonomy":"product_cat","embeddable":true,"href":"https:\/\/ml-locations.be\/nl\/wp-json\/wp\/v2\/product_cat?post=5556"},{"taxonomy":"product_tag","embeddable":true,"href":"https:\/\/ml-locations.be\/nl\/wp-json\/wp\/v2\/product_tag?post=5556"}],"curies":[{"name":"wp","href":"https:\/\/api.w.org\/{rel}","templated":true}]}}