{"id":5579,"date":"2018-06-27T15:18:25","date_gmt":"2018-06-27T13:18:25","guid":{"rendered":"https:\/\/www.ml-locations.be?post_type=product&#038;p=5579"},"modified":"2018-06-27T15:38:55","modified_gmt":"2018-06-27T13:38:55","slug":"location-cloche-couvre-assiette","status":"publish","type":"product","link":"https:\/\/ml-locations.be\/nl\/locations\/location-cloche-couvre-assiette\/","title":{"rendered":"Cloche 27 cm en inox couvre-assiette"},"content":{"rendered":"<p><strong>Cloche en inox<\/strong>, diam\u00e8tre 27 cm : ces <strong>cloches en acier inoxydable<\/strong>\u00a0(couvre plat) servent \u00e0 maintenir au chaud les plats afin de conserver le go\u00fbt et la qualit\u00e9 des aliments au moment du service. Ces cloches maintiendront la temp\u00e9rature id\u00e9ale de vos pr\u00e9paration et garantiront un service parfait pour vos invit\u00e9s ! L&#8217;acier inoxydable de ces <strong>cloches d&#8217;assiettes<\/strong> les rend \u00e0 la fois moderne et s\u00e9duisante. Elles feront du moment du service un moment tr\u00e8s \u00e9l\u00e9gant et inoubliable !\u00a0Si vous cherchez \u00e0 rendre un repas original, voil\u00e0 un tr\u00e8s bon ustensile pour impressionner vos invit\u00e9s.<\/p>\n<p>N&#8217;h\u00e9sitez pas \u00e0 consulter nos <a href=\"https:\/\/ml-locations.be\/locations\/location-assiette-26-cm\/\">assiettes en location<\/a>\u00a0pour accompagner ces cloches.<\/p>\n<p><strong>Caract\u00e9ristiques de la cloche en inox 27 cm :<\/strong><\/p>\n<ul>\n<li>Diam\u00e8tre : 27 cm<\/li>\n<li>Mati\u00e8re : inox<\/li>\n<\/ul>\n","protected":false},"excerpt":{"rendered":"<p>Cloche en inox en location, diam\u00e8tre 27cm.<\/p>\n","protected":false},"featured_media":5580,"template":"","meta":{"_acf_changed":false},"product_brand":[],"product_cat":[29,33,34,121],"product_tag":[214],"class_list":{"0":"post-5579","1":"product","2":"type-product","3":"status-publish","4":"has-post-thumbnail","6":"product_cat-materiel-horeca-en-location","7":"product_cat-location-vaisselle","8":"product_cat-location-materiel-cuisine-et-buffet","9":"product_cat-decorations-table-a-louer","10":"product_tag-location-materiel-banquet","11":"description-off","13":"first","14":"instock","15":"taxable","16":"shipping-taxable","17":"purchasable","18":"product-type-simple"},"acf":[],"yoast_head":"<!-- This site is optimized with the Yoast SEO plugin v25.0 - https:\/\/yoast.com\/wordpress\/plugins\/seo\/ -->\n<title>Cloche inox 27cm en location - location mat\u00e9riel horeca | ML Locations<\/title>\n<meta name=\"description\" content=\"Cloche en inox (27 cm) couvre-assiette - vaisselle et mat\u00e9riel horeca en location pour vos \u00e9v\u00e9nements - Devis gratuit - Livraison possible.\" \/>\n<meta name=\"robots\" content=\"index, follow, max-snippet:-1, max-image-preview:large, max-video-preview:-1\" \/>\n<link rel=\"canonical\" href=\"https:\/\/ml-locations.be\/nl\/locations\/location-cloche-couvre-assiette\/\" \/>\n<meta property=\"og:locale\" content=\"nl_NL\" \/>\n<meta property=\"og:type\" content=\"article\" \/>\n<meta property=\"og:title\" content=\"Cloche inox 27cm en location - location mat\u00e9riel horeca | ML Locations\" \/>\n<meta property=\"og:description\" content=\"Cloche en inox (27 cm) couvre-assiette - vaisselle et mat\u00e9riel horeca en location pour vos \u00e9v\u00e9nements - Devis gratuit - Livraison possible.\" \/>\n<meta property=\"og:url\" content=\"https:\/\/ml-locations.be\/nl\/locations\/location-cloche-couvre-assiette\/\" \/>\n<meta property=\"og:site_name\" content=\"ML Locations\" \/>\n<meta property=\"article:modified_time\" content=\"2018-06-27T13:38:55+00:00\" \/>\n<meta property=\"og:image\" content=\"https:\/\/ml-locations.be\/wp-content\/uploads\/2018\/06\/location-cloche-inox-assiette.jpg\" \/>\n\t<meta property=\"og:image:width\" content=\"600\" \/>\n\t<meta property=\"og:image:height\" content=\"600\" \/>\n\t<meta property=\"og:image:type\" content=\"image\/jpeg\" \/>\n<meta name=\"twitter:card\" content=\"summary_large_image\" \/>\n<meta name=\"twitter:label1\" content=\"Geschatte leestijd\" \/>\n\t<meta name=\"twitter:data1\" content=\"1 minuut\" \/>\n<script type=\"application\/ld+json\" class=\"yoast-schema-graph\">{\"@context\":\"https:\/\/schema.org\",\"@graph\":[{\"@type\":\"WebPage\",\"@id\":\"https:\/\/ml-locations.be\/nl\/locations\/location-cloche-couvre-assiette\/\",\"url\":\"https:\/\/ml-locations.be\/nl\/locations\/location-cloche-couvre-assiette\/\",\"name\":\"Cloche inox 27cm en location - location mat\u00e9riel horeca | ML Locations\",\"isPartOf\":{\"@id\":\"https:\/\/ml-locations.be\/nl\/#website\"},\"primaryImageOfPage\":{\"@id\":\"https:\/\/ml-locations.be\/nl\/locations\/location-cloche-couvre-assiette\/#primaryimage\"},\"image\":{\"@id\":\"https:\/\/ml-locations.be\/nl\/locations\/location-cloche-couvre-assiette\/#primaryimage\"},\"thumbnailUrl\":\"https:\/\/ml-locations.be\/wp-content\/uploads\/2018\/06\/location-cloche-inox-assiette.jpg\",\"datePublished\":\"2018-06-27T13:18:25+00:00\",\"dateModified\":\"2018-06-27T13:38:55+00:00\",\"description\":\"Cloche en inox (27 cm) couvre-assiette - vaisselle et mat\u00e9riel horeca en location pour vos \u00e9v\u00e9nements - Devis gratuit - Livraison possible.\",\"breadcrumb\":{\"@id\":\"https:\/\/ml-locations.be\/nl\/locations\/location-cloche-couvre-assiette\/#breadcrumb\"},\"inLanguage\":\"nl-NL\",\"potentialAction\":[{\"@type\":\"ReadAction\",\"target\":[\"https:\/\/ml-locations.be\/nl\/locations\/location-cloche-couvre-assiette\/\"]}]},{\"@type\":\"ImageObject\",\"inLanguage\":\"nl-NL\",\"@id\":\"https:\/\/ml-locations.be\/nl\/locations\/location-cloche-couvre-assiette\/#primaryimage\",\"url\":\"https:\/\/ml-locations.be\/wp-content\/uploads\/2018\/06\/location-cloche-inox-assiette.jpg\",\"contentUrl\":\"https:\/\/ml-locations.be\/wp-content\/uploads\/2018\/06\/location-cloche-inox-assiette.jpg\",\"width\":600,\"height\":600,\"caption\":\"Location cloche en inox 27cm - couvre-assiette\"},{\"@type\":\"BreadcrumbList\",\"@id\":\"https:\/\/ml-locations.be\/nl\/locations\/location-cloche-couvre-assiette\/#breadcrumb\",\"itemListElement\":[{\"@type\":\"ListItem\",\"position\":1,\"name\":\"Accueil\",\"item\":\"https:\/\/ml-locations.be\/nl\/\"},{\"@type\":\"ListItem\",\"position\":2,\"name\":\"Winkel\",\"item\":\"https:\/\/ml-locations.be\/nl\/winkel\/\"},{\"@type\":\"ListItem\",\"position\":3,\"name\":\"Cloche 27 cm en inox couvre-assiette\"}]},{\"@type\":\"WebSite\",\"@id\":\"https:\/\/ml-locations.be\/nl\/#website\",\"url\":\"https:\/\/ml-locations.be\/nl\/\",\"name\":\"ML Locations\",\"description\":\"Mat\u00e9riel \u00e9v\u00e9nementiel : location chaise, table et mange debout, mat\u00e9riel horeca, frigos,...\",\"publisher\":{\"@id\":\"https:\/\/ml-locations.be\/nl\/#organization\"},\"potentialAction\":[{\"@type\":\"SearchAction\",\"target\":{\"@type\":\"EntryPoint\",\"urlTemplate\":\"https:\/\/ml-locations.be\/nl\/?s={search_term_string}\"},\"query-input\":{\"@type\":\"PropertyValueSpecification\",\"valueRequired\":true,\"valueName\":\"search_term_string\"}}],\"inLanguage\":\"nl-NL\"},{\"@type\":\"Organization\",\"@id\":\"https:\/\/ml-locations.be\/nl\/#organization\",\"name\":\"ML Locations\",\"url\":\"https:\/\/ml-locations.be\/nl\/\",\"logo\":{\"@type\":\"ImageObject\",\"inLanguage\":\"nl-NL\",\"@id\":\"https:\/\/ml-locations.be\/nl\/#\/schema\/logo\/image\/\",\"url\":\"https:\/\/ml-locations.be\/wp-content\/uploads\/2018\/05\/LOGO-location-BON.png\",\"contentUrl\":\"https:\/\/ml-locations.be\/wp-content\/uploads\/2018\/05\/LOGO-location-BON.png\",\"width\":1200,\"height\":1200,\"caption\":\"ML Locations\"},\"image\":{\"@id\":\"https:\/\/ml-locations.be\/nl\/#\/schema\/logo\/image\/\"}}]}<\/script>\n<!-- \/ Yoast SEO plugin. -->","yoast_head_json":{"title":"Cloche inox 27cm en location - location mat\u00e9riel horeca | ML Locations","description":"Cloche en inox (27 cm) couvre-assiette - vaisselle et mat\u00e9riel horeca en location pour vos \u00e9v\u00e9nements - Devis gratuit - Livraison possible.","robots":{"index":"index","follow":"follow","max-snippet":"max-snippet:-1","max-image-preview":"max-image-preview:large","max-video-preview":"max-video-preview:-1"},"canonical":"https:\/\/ml-locations.be\/nl\/locations\/location-cloche-couvre-assiette\/","og_locale":"nl_NL","og_type":"article","og_title":"Cloche inox 27cm en location - location mat\u00e9riel horeca | ML Locations","og_description":"Cloche en inox (27 cm) couvre-assiette - vaisselle et mat\u00e9riel horeca en location pour vos \u00e9v\u00e9nements - Devis gratuit - Livraison possible.","og_url":"https:\/\/ml-locations.be\/nl\/locations\/location-cloche-couvre-assiette\/","og_site_name":"ML Locations","article_modified_time":"2018-06-27T13:38:55+00:00","og_image":[{"width":600,"height":600,"url":"https:\/\/ml-locations.be\/wp-content\/uploads\/2018\/06\/location-cloche-inox-assiette.jpg","type":"image\/jpeg"}],"twitter_card":"summary_large_image","twitter_misc":{"Geschatte leestijd":"1 minuut"},"schema":{"@context":"https:\/\/schema.org","@graph":[{"@type":"WebPage","@id":"https:\/\/ml-locations.be\/nl\/locations\/location-cloche-couvre-assiette\/","url":"https:\/\/ml-locations.be\/nl\/locations\/location-cloche-couvre-assiette\/","name":"Cloche inox 27cm en location - location mat\u00e9riel horeca | ML Locations","isPartOf":{"@id":"https:\/\/ml-locations.be\/nl\/#website"},"primaryImageOfPage":{"@id":"https:\/\/ml-locations.be\/nl\/locations\/location-cloche-couvre-assiette\/#primaryimage"},"image":{"@id":"https:\/\/ml-locations.be\/nl\/locations\/location-cloche-couvre-assiette\/#primaryimage"},"thumbnailUrl":"https:\/\/ml-locations.be\/wp-content\/uploads\/2018\/06\/location-cloche-inox-assiette.jpg","datePublished":"2018-06-27T13:18:25+00:00","dateModified":"2018-06-27T13:38:55+00:00","description":"Cloche en inox (27 cm) couvre-assiette - vaisselle et mat\u00e9riel horeca en location pour vos \u00e9v\u00e9nements - Devis gratuit - Livraison possible.","breadcrumb":{"@id":"https:\/\/ml-locations.be\/nl\/locations\/location-cloche-couvre-assiette\/#breadcrumb"},"inLanguage":"nl-NL","potentialAction":[{"@type":"ReadAction","target":["https:\/\/ml-locations.be\/nl\/locations\/location-cloche-couvre-assiette\/"]}]},{"@type":"ImageObject","inLanguage":"nl-NL","@id":"https:\/\/ml-locations.be\/nl\/locations\/location-cloche-couvre-assiette\/#primaryimage","url":"https:\/\/ml-locations.be\/wp-content\/uploads\/2018\/06\/location-cloche-inox-assiette.jpg","contentUrl":"https:\/\/ml-locations.be\/wp-content\/uploads\/2018\/06\/location-cloche-inox-assiette.jpg","width":600,"height":600,"caption":"Location cloche en inox 27cm - couvre-assiette"},{"@type":"BreadcrumbList","@id":"https:\/\/ml-locations.be\/nl\/locations\/location-cloche-couvre-assiette\/#breadcrumb","itemListElement":[{"@type":"ListItem","position":1,"name":"Accueil","item":"https:\/\/ml-locations.be\/nl\/"},{"@type":"ListItem","position":2,"name":"Winkel","item":"https:\/\/ml-locations.be\/nl\/winkel\/"},{"@type":"ListItem","position":3,"name":"Cloche 27 cm en inox couvre-assiette"}]},{"@type":"WebSite","@id":"https:\/\/ml-locations.be\/nl\/#website","url":"https:\/\/ml-locations.be\/nl\/","name":"ML Locations","description":"Mat\u00e9riel \u00e9v\u00e9nementiel : location chaise, table et mange debout, mat\u00e9riel horeca, frigos,...","publisher":{"@id":"https:\/\/ml-locations.be\/nl\/#organization"},"potentialAction":[{"@type":"SearchAction","target":{"@type":"EntryPoint","urlTemplate":"https:\/\/ml-locations.be\/nl\/?s={search_term_string}"},"query-input":{"@type":"PropertyValueSpecification","valueRequired":true,"valueName":"search_term_string"}}],"inLanguage":"nl-NL"},{"@type":"Organization","@id":"https:\/\/ml-locations.be\/nl\/#organization","name":"ML Locations","url":"https:\/\/ml-locations.be\/nl\/","logo":{"@type":"ImageObject","inLanguage":"nl-NL","@id":"https:\/\/ml-locations.be\/nl\/#\/schema\/logo\/image\/","url":"https:\/\/ml-locations.be\/wp-content\/uploads\/2018\/05\/LOGO-location-BON.png","contentUrl":"https:\/\/ml-locations.be\/wp-content\/uploads\/2018\/05\/LOGO-location-BON.png","width":1200,"height":1200,"caption":"ML Locations"},"image":{"@id":"https:\/\/ml-locations.be\/nl\/#\/schema\/logo\/image\/"}}]}},"_links":{"self":[{"href":"https:\/\/ml-locations.be\/nl\/wp-json\/wp\/v2\/product\/5579","targetHints":{"allow":["GET"]}}],"collection":[{"href":"https:\/\/ml-locations.be\/nl\/wp-json\/wp\/v2\/product"}],"about":[{"href":"https:\/\/ml-locations.be\/nl\/wp-json\/wp\/v2\/types\/product"}],"wp:featuredmedia":[{"embeddable":true,"href":"https:\/\/ml-locations.be\/nl\/wp-json\/wp\/v2\/media\/5580"}],"wp:attachment":[{"href":"https:\/\/ml-locations.be\/nl\/wp-json\/wp\/v2\/media?parent=5579"}],"wp:term":[{"taxonomy":"product_brand","embeddable":true,"href":"https:\/\/ml-locations.be\/nl\/wp-json\/wp\/v2\/product_brand?post=5579"},{"taxonomy":"product_cat","embeddable":true,"href":"https:\/\/ml-locations.be\/nl\/wp-json\/wp\/v2\/product_cat?post=5579"},{"taxonomy":"product_tag","embeddable":true,"href":"https:\/\/ml-locations.be\/nl\/wp-json\/wp\/v2\/product_tag?post=5579"}],"curies":[{"name":"wp","href":"https:\/\/api.w.org\/{rel}","templated":true}]}}