{"id":603972,"date":"2020-04-07T12:46:44","date_gmt":"2020-04-07T10:46:44","guid":{"rendered":"https:\/\/www.ml-locations.be\/?post_type=product&#038;p=603972"},"modified":"2020-04-07T12:51:04","modified_gmt":"2020-04-07T10:51:04","slug":"location-table-titan-metal-blanc","status":"publish","type":"product","link":"https:\/\/ml-locations.be\/nl\/locations\/location-table-titan-metal-blanc\/","title":{"rendered":"Table Titan en m\u00e9tal blanc (230 cm)"},"content":{"rendered":"<h2 class=\"p1\">Description de la table Titan :<\/h2>\n<p>Cette table design peut accueillir de 8 \u00e0 10 personnes pour un repas. Elle est tr\u00e8s appr\u00e9ci\u00e9e pour son c\u00f4t\u00e9 design et \u00e9l\u00e9gant lors de banquets ou repas raffin\u00e9s.<\/p>\n<p>Elle peut aussi faire office de bureau ou de table d\u2019appoint dans un stand.<\/p>\n<h2>Caract\u00e9ristiques et dimensions de la table Titan :<\/h2>\n<ul>\n<li class=\"p1\">Longueur : 230 cm<\/li>\n<li class=\"p1\">Largeur : 70 cm<\/li>\n<li class=\"p1\">Hauteur : 76 cm<\/li>\n<li class=\"p1\">Mati\u00e8re : M\u00e9tal<\/li>\n<li class=\"p1\">Pliable<\/li>\n<\/ul>\n","protected":false},"excerpt":{"rendered":"<p><strong>Table Titan : table en m\u00e9tal blanc (230&#215;70 cm)<\/strong><\/p>\n","protected":false},"featured_media":604105,"template":"","meta":{"_acf_changed":false},"product_brand":[],"product_cat":[249,6,11],"product_tag":[211,214],"class_list":{"0":"post-603972","1":"product","2":"type-product","3":"status-publish","4":"has-post-thumbnail","6":"product_cat-location-tables-rectangulaires","7":"product_cat-mobilier","8":"product_cat-tables-et-mange-debout-en-location","9":"product_tag-location-tables-et-chaises","10":"product_tag-location-materiel-banquet","11":"description-off","13":"first","14":"instock","15":"taxable","16":"shipping-taxable","17":"purchasable","18":"product-type-simple"},"acf":[],"yoast_head":"<!-- This site is optimized with the Yoast SEO plugin v25.0 - https:\/\/yoast.com\/wordpress\/plugins\/seo\/ -->\n<title>Table design en location - table Titan en m\u00e9tal blanc | ML Locations<\/title>\n<meta name=\"description\" content=\"Table design en location : table m\u00e9tallique blanche &quot;TITAN&quot;, 230(L)x70(l)x76(h) cm. D\u00e9couvrez toutes nos table sen location pour vos banquets.\" \/>\n<meta name=\"robots\" content=\"index, follow, max-snippet:-1, max-image-preview:large, max-video-preview:-1\" \/>\n<link rel=\"canonical\" href=\"https:\/\/ml-locations.be\/nl\/locations\/location-table-titan-metal-blanc\/\" \/>\n<meta property=\"og:locale\" content=\"nl_NL\" \/>\n<meta property=\"og:type\" content=\"article\" \/>\n<meta property=\"og:title\" content=\"Table design en location - table Titan en m\u00e9tal blanc | ML Locations\" \/>\n<meta property=\"og:description\" content=\"Table design en location : table m\u00e9tallique blanche &quot;TITAN&quot;, 230(L)x70(l)x76(h) cm. D\u00e9couvrez toutes nos table sen location pour vos banquets.\" \/>\n<meta property=\"og:url\" content=\"https:\/\/ml-locations.be\/nl\/locations\/location-table-titan-metal-blanc\/\" \/>\n<meta property=\"og:site_name\" content=\"ML Locations\" \/>\n<meta property=\"article:modified_time\" content=\"2020-04-07T10:51:04+00:00\" \/>\n<meta property=\"og:image\" content=\"https:\/\/ml-locations.be\/wp-content\/uploads\/2020\/04\/Location-table-rectangulaire-Titan-2.jpg\" \/>\n\t<meta property=\"og:image:width\" content=\"800\" \/>\n\t<meta property=\"og:image:height\" content=\"800\" \/>\n\t<meta property=\"og:image:type\" content=\"image\/jpeg\" \/>\n<meta name=\"twitter:card\" content=\"summary_large_image\" \/>\n<script type=\"application\/ld+json\" class=\"yoast-schema-graph\">{\"@context\":\"https:\/\/schema.org\",\"@graph\":[{\"@type\":\"WebPage\",\"@id\":\"https:\/\/ml-locations.be\/nl\/locations\/location-table-titan-metal-blanc\/\",\"url\":\"https:\/\/ml-locations.be\/nl\/locations\/location-table-titan-metal-blanc\/\",\"name\":\"Table design en location - table Titan en m\u00e9tal blanc | ML Locations\",\"isPartOf\":{\"@id\":\"https:\/\/ml-locations.be\/nl\/#website\"},\"primaryImageOfPage\":{\"@id\":\"https:\/\/ml-locations.be\/nl\/locations\/location-table-titan-metal-blanc\/#primaryimage\"},\"image\":{\"@id\":\"https:\/\/ml-locations.be\/nl\/locations\/location-table-titan-metal-blanc\/#primaryimage\"},\"thumbnailUrl\":\"https:\/\/ml-locations.be\/wp-content\/uploads\/2020\/04\/Location-table-rectangulaire-Titan-2.jpg\",\"datePublished\":\"2020-04-07T10:46:44+00:00\",\"dateModified\":\"2020-04-07T10:51:04+00:00\",\"description\":\"Table design en location : table m\u00e9tallique blanche \\\"TITAN\\\", 230(L)x70(l)x76(h) cm. D\u00e9couvrez toutes nos table sen location pour vos banquets.\",\"breadcrumb\":{\"@id\":\"https:\/\/ml-locations.be\/nl\/locations\/location-table-titan-metal-blanc\/#breadcrumb\"},\"inLanguage\":\"nl-NL\",\"potentialAction\":[{\"@type\":\"ReadAction\",\"target\":[\"https:\/\/ml-locations.be\/nl\/locations\/location-table-titan-metal-blanc\/\"]}]},{\"@type\":\"ImageObject\",\"inLanguage\":\"nl-NL\",\"@id\":\"https:\/\/ml-locations.be\/nl\/locations\/location-table-titan-metal-blanc\/#primaryimage\",\"url\":\"https:\/\/ml-locations.be\/wp-content\/uploads\/2020\/04\/Location-table-rectangulaire-Titan-2.jpg\",\"contentUrl\":\"https:\/\/ml-locations.be\/wp-content\/uploads\/2020\/04\/Location-table-rectangulaire-Titan-2.jpg\",\"width\":800,\"height\":800,\"caption\":\"Table Titan - m\u00e9tal blanc - table en location pour vos \u00e9v\u00e9nements\"},{\"@type\":\"BreadcrumbList\",\"@id\":\"https:\/\/ml-locations.be\/nl\/locations\/location-table-titan-metal-blanc\/#breadcrumb\",\"itemListElement\":[{\"@type\":\"ListItem\",\"position\":1,\"name\":\"Accueil\",\"item\":\"https:\/\/ml-locations.be\/nl\/\"},{\"@type\":\"ListItem\",\"position\":2,\"name\":\"Winkel\",\"item\":\"https:\/\/ml-locations.be\/nl\/winkel\/\"},{\"@type\":\"ListItem\",\"position\":3,\"name\":\"Table Titan en m\u00e9tal blanc (230 cm)\"}]},{\"@type\":\"WebSite\",\"@id\":\"https:\/\/ml-locations.be\/nl\/#website\",\"url\":\"https:\/\/ml-locations.be\/nl\/\",\"name\":\"ML Locations\",\"description\":\"Mat\u00e9riel \u00e9v\u00e9nementiel : location chaise, table et mange debout, mat\u00e9riel horeca, frigos,...\",\"publisher\":{\"@id\":\"https:\/\/ml-locations.be\/nl\/#organization\"},\"potentialAction\":[{\"@type\":\"SearchAction\",\"target\":{\"@type\":\"EntryPoint\",\"urlTemplate\":\"https:\/\/ml-locations.be\/nl\/?s={search_term_string}\"},\"query-input\":{\"@type\":\"PropertyValueSpecification\",\"valueRequired\":true,\"valueName\":\"search_term_string\"}}],\"inLanguage\":\"nl-NL\"},{\"@type\":\"Organization\",\"@id\":\"https:\/\/ml-locations.be\/nl\/#organization\",\"name\":\"ML Locations\",\"url\":\"https:\/\/ml-locations.be\/nl\/\",\"logo\":{\"@type\":\"ImageObject\",\"inLanguage\":\"nl-NL\",\"@id\":\"https:\/\/ml-locations.be\/nl\/#\/schema\/logo\/image\/\",\"url\":\"https:\/\/ml-locations.be\/wp-content\/uploads\/2018\/05\/LOGO-location-BON.png\",\"contentUrl\":\"https:\/\/ml-locations.be\/wp-content\/uploads\/2018\/05\/LOGO-location-BON.png\",\"width\":1200,\"height\":1200,\"caption\":\"ML Locations\"},\"image\":{\"@id\":\"https:\/\/ml-locations.be\/nl\/#\/schema\/logo\/image\/\"}}]}<\/script>\n<!-- \/ Yoast SEO plugin. -->","yoast_head_json":{"title":"Table design en location - table Titan en m\u00e9tal blanc | ML Locations","description":"Table design en location : table m\u00e9tallique blanche \"TITAN\", 230(L)x70(l)x76(h) cm. D\u00e9couvrez toutes nos table sen location pour vos banquets.","robots":{"index":"index","follow":"follow","max-snippet":"max-snippet:-1","max-image-preview":"max-image-preview:large","max-video-preview":"max-video-preview:-1"},"canonical":"https:\/\/ml-locations.be\/nl\/locations\/location-table-titan-metal-blanc\/","og_locale":"nl_NL","og_type":"article","og_title":"Table design en location - table Titan en m\u00e9tal blanc | ML Locations","og_description":"Table design en location : table m\u00e9tallique blanche \"TITAN\", 230(L)x70(l)x76(h) cm. D\u00e9couvrez toutes nos table sen location pour vos banquets.","og_url":"https:\/\/ml-locations.be\/nl\/locations\/location-table-titan-metal-blanc\/","og_site_name":"ML Locations","article_modified_time":"2020-04-07T10:51:04+00:00","og_image":[{"width":800,"height":800,"url":"https:\/\/ml-locations.be\/wp-content\/uploads\/2020\/04\/Location-table-rectangulaire-Titan-2.jpg","type":"image\/jpeg"}],"twitter_card":"summary_large_image","schema":{"@context":"https:\/\/schema.org","@graph":[{"@type":"WebPage","@id":"https:\/\/ml-locations.be\/nl\/locations\/location-table-titan-metal-blanc\/","url":"https:\/\/ml-locations.be\/nl\/locations\/location-table-titan-metal-blanc\/","name":"Table design en location - table Titan en m\u00e9tal blanc | ML Locations","isPartOf":{"@id":"https:\/\/ml-locations.be\/nl\/#website"},"primaryImageOfPage":{"@id":"https:\/\/ml-locations.be\/nl\/locations\/location-table-titan-metal-blanc\/#primaryimage"},"image":{"@id":"https:\/\/ml-locations.be\/nl\/locations\/location-table-titan-metal-blanc\/#primaryimage"},"thumbnailUrl":"https:\/\/ml-locations.be\/wp-content\/uploads\/2020\/04\/Location-table-rectangulaire-Titan-2.jpg","datePublished":"2020-04-07T10:46:44+00:00","dateModified":"2020-04-07T10:51:04+00:00","description":"Table design en location : table m\u00e9tallique blanche \"TITAN\", 230(L)x70(l)x76(h) cm. D\u00e9couvrez toutes nos table sen location pour vos banquets.","breadcrumb":{"@id":"https:\/\/ml-locations.be\/nl\/locations\/location-table-titan-metal-blanc\/#breadcrumb"},"inLanguage":"nl-NL","potentialAction":[{"@type":"ReadAction","target":["https:\/\/ml-locations.be\/nl\/locations\/location-table-titan-metal-blanc\/"]}]},{"@type":"ImageObject","inLanguage":"nl-NL","@id":"https:\/\/ml-locations.be\/nl\/locations\/location-table-titan-metal-blanc\/#primaryimage","url":"https:\/\/ml-locations.be\/wp-content\/uploads\/2020\/04\/Location-table-rectangulaire-Titan-2.jpg","contentUrl":"https:\/\/ml-locations.be\/wp-content\/uploads\/2020\/04\/Location-table-rectangulaire-Titan-2.jpg","width":800,"height":800,"caption":"Table Titan - m\u00e9tal blanc - table en location pour vos \u00e9v\u00e9nements"},{"@type":"BreadcrumbList","@id":"https:\/\/ml-locations.be\/nl\/locations\/location-table-titan-metal-blanc\/#breadcrumb","itemListElement":[{"@type":"ListItem","position":1,"name":"Accueil","item":"https:\/\/ml-locations.be\/nl\/"},{"@type":"ListItem","position":2,"name":"Winkel","item":"https:\/\/ml-locations.be\/nl\/winkel\/"},{"@type":"ListItem","position":3,"name":"Table Titan en m\u00e9tal blanc (230 cm)"}]},{"@type":"WebSite","@id":"https:\/\/ml-locations.be\/nl\/#website","url":"https:\/\/ml-locations.be\/nl\/","name":"ML Locations","description":"Mat\u00e9riel \u00e9v\u00e9nementiel : location chaise, table et mange debout, mat\u00e9riel horeca, frigos,...","publisher":{"@id":"https:\/\/ml-locations.be\/nl\/#organization"},"potentialAction":[{"@type":"SearchAction","target":{"@type":"EntryPoint","urlTemplate":"https:\/\/ml-locations.be\/nl\/?s={search_term_string}"},"query-input":{"@type":"PropertyValueSpecification","valueRequired":true,"valueName":"search_term_string"}}],"inLanguage":"nl-NL"},{"@type":"Organization","@id":"https:\/\/ml-locations.be\/nl\/#organization","name":"ML Locations","url":"https:\/\/ml-locations.be\/nl\/","logo":{"@type":"ImageObject","inLanguage":"nl-NL","@id":"https:\/\/ml-locations.be\/nl\/#\/schema\/logo\/image\/","url":"https:\/\/ml-locations.be\/wp-content\/uploads\/2018\/05\/LOGO-location-BON.png","contentUrl":"https:\/\/ml-locations.be\/wp-content\/uploads\/2018\/05\/LOGO-location-BON.png","width":1200,"height":1200,"caption":"ML Locations"},"image":{"@id":"https:\/\/ml-locations.be\/nl\/#\/schema\/logo\/image\/"}}]}},"_links":{"self":[{"href":"https:\/\/ml-locations.be\/nl\/wp-json\/wp\/v2\/product\/603972","targetHints":{"allow":["GET"]}}],"collection":[{"href":"https:\/\/ml-locations.be\/nl\/wp-json\/wp\/v2\/product"}],"about":[{"href":"https:\/\/ml-locations.be\/nl\/wp-json\/wp\/v2\/types\/product"}],"wp:featuredmedia":[{"embeddable":true,"href":"https:\/\/ml-locations.be\/nl\/wp-json\/wp\/v2\/media\/604105"}],"wp:attachment":[{"href":"https:\/\/ml-locations.be\/nl\/wp-json\/wp\/v2\/media?parent=603972"}],"wp:term":[{"taxonomy":"product_brand","embeddable":true,"href":"https:\/\/ml-locations.be\/nl\/wp-json\/wp\/v2\/product_brand?post=603972"},{"taxonomy":"product_cat","embeddable":true,"href":"https:\/\/ml-locations.be\/nl\/wp-json\/wp\/v2\/product_cat?post=603972"},{"taxonomy":"product_tag","embeddable":true,"href":"https:\/\/ml-locations.be\/nl\/wp-json\/wp\/v2\/product_tag?post=603972"}],"curies":[{"name":"wp","href":"https:\/\/api.w.org\/{rel}","templated":true}]}}