{"id":611228,"date":"2020-04-08T10:49:14","date_gmt":"2020-04-08T08:49:14","guid":{"rendered":"https:\/\/www.ml-locations.be\/?post_type=product&#038;p=611228"},"modified":"2020-04-08T10:57:07","modified_gmt":"2020-04-08T08:57:07","slug":"location-groupe-electrogene-huyndai-hhdp35n","status":"publish","type":"product","link":"https:\/\/ml-locations.be\/nl\/locations\/location-groupe-electrogene-huyndai-hhdp35n\/","title":{"rendered":"Groupe \u00e9lectrog\u00e8ne 3,8kVA &#8211; 2x16A (Huyndai HHDP35N)"},"content":{"rendered":"<h2>Description du groupe \u00e9lectrog\u00e8ne en location (3,8kVA) :<\/h2>\n<p>Ce groupe \u00e9lectrog\u00e8ne permet de <strong>produire de l&#8217;\u00e9lectricit\u00e9<\/strong> dans les endroits qui ne sont pas raccord\u00e9s au r\u00e9seau \u00e9lectrique ou pour des occasions o\u00f9 la capacit\u00e9 du r\u00e9seau \u00e9lectrique n&#8217;est pas suffisante. C&#8217;est le cas <strong>lors d&#8217;\u00e9v\u00e9nements ou de banquets organis\u00e9s en ext\u00e9rieurs : mariages, \u00e9v\u00e9nements d&#8217;entreprises, soir\u00e9es, etc<\/strong>. Pour tous ces moments dans lesquels vous avez besoin d&#8217;\u00e9lectricit\u00e9 dans des endroits peu accessibles, nous vous proposons la <strong>location de ce g\u00e9n\u00e9rateur d&#8217;\u00e9lectricit\u00e9 ou groupe \u00e9lectrog\u00e8ne Hyundai HHDP35N<\/strong>. Ce groupe \u00e9lectrog\u00e8ne fonctionne \u00e0 l&#8217;essence et est muni de deux sorties de 16A chacune.<\/p>\n<h2>Caract\u00e9ristiques du groupe \u00e9lectrog\u00e8ne en location (3,8kVA) :<\/h2>\n<ul>\n<li>Mod\u00e8le : Huyndai HHDP35N<\/li>\n<li>Groupe \u00e9lectrog\u00e8ne \u00e0 essence<\/li>\n<li>230V<\/li>\n<li>Sorties : 2 x 16A<\/li>\n<li>Poids \u00e0 vide : 75kg<\/li>\n<li>Nombre de cylindres : 1<\/li>\n<li>Cylindr\u00e9e : 208 cc<\/li>\n<\/ul>\n","protected":false},"excerpt":{"rendered":"<p><strong>Groupe \u00e9lectrog\u00e8ne \u00e0 essence 3,8 kVA (2 x sortie 16A)<\/strong><\/p>\n","protected":false},"featured_media":611344,"template":"","meta":{"_acf_changed":false},"product_brand":[],"product_cat":[37,48,50],"product_tag":[],"class_list":{"0":"post-611228","1":"product","2":"type-product","3":"status-publish","4":"has-post-thumbnail","6":"product_cat-chapiteau-tente-de-reception-louer","7":"product_cat-alimentation-electrique-coffret-cable-a-louer","8":"product_cat-coffrets-electriques-et-cablages-a-la-location","9":"description-off","11":"first","12":"instock","13":"taxable","14":"shipping-taxable","15":"purchasable","16":"product-type-simple"},"acf":[],"yoast_head":"<!-- This site is optimized with the Yoast SEO plugin v25.0 - https:\/\/yoast.com\/wordpress\/plugins\/seo\/ -->\n<title>Groupe \u00e9lectrog\u00e8ne en location - 3,8kVA - 2x16A | ML Locations<\/title>\n<meta name=\"description\" content=\"Groupe \u00e9lectrog\u00e8ne Hyundai HHDP35N (3,8kVA et 2 sorties 16A) en location pour vos \u00e9v\u00e9nements. Devis gratuit ! Livraison possible.\" \/>\n<meta name=\"robots\" content=\"index, follow, max-snippet:-1, max-image-preview:large, max-video-preview:-1\" \/>\n<link rel=\"canonical\" href=\"https:\/\/ml-locations.be\/nl\/locations\/location-groupe-electrogene-huyndai-hhdp35n\/\" \/>\n<meta property=\"og:locale\" content=\"nl_NL\" \/>\n<meta property=\"og:type\" content=\"article\" \/>\n<meta property=\"og:title\" content=\"Groupe \u00e9lectrog\u00e8ne en location - 3,8kVA - 2x16A | ML Locations\" \/>\n<meta property=\"og:description\" content=\"Groupe \u00e9lectrog\u00e8ne Hyundai HHDP35N (3,8kVA et 2 sorties 16A) en location pour vos \u00e9v\u00e9nements. Devis gratuit ! Livraison possible.\" \/>\n<meta property=\"og:url\" content=\"https:\/\/ml-locations.be\/nl\/locations\/location-groupe-electrogene-huyndai-hhdp35n\/\" \/>\n<meta property=\"og:site_name\" content=\"ML Locations\" \/>\n<meta property=\"article:modified_time\" content=\"2020-04-08T08:57:07+00:00\" \/>\n<meta property=\"og:image\" content=\"https:\/\/ml-locations.be\/wp-content\/uploads\/2020\/04\/groupe-electrogene-en-location.jpeg\" \/>\n\t<meta property=\"og:image:width\" content=\"640\" \/>\n\t<meta property=\"og:image:height\" content=\"640\" \/>\n\t<meta property=\"og:image:type\" content=\"image\/jpeg\" \/>\n<meta name=\"twitter:card\" content=\"summary_large_image\" \/>\n<meta name=\"twitter:label1\" content=\"Geschatte leestijd\" \/>\n\t<meta name=\"twitter:data1\" content=\"1 minuut\" \/>\n<script type=\"application\/ld+json\" class=\"yoast-schema-graph\">{\"@context\":\"https:\/\/schema.org\",\"@graph\":[{\"@type\":\"WebPage\",\"@id\":\"https:\/\/ml-locations.be\/nl\/locations\/location-groupe-electrogene-huyndai-hhdp35n\/\",\"url\":\"https:\/\/ml-locations.be\/nl\/locations\/location-groupe-electrogene-huyndai-hhdp35n\/\",\"name\":\"Groupe \u00e9lectrog\u00e8ne en location - 3,8kVA - 2x16A | ML Locations\",\"isPartOf\":{\"@id\":\"https:\/\/ml-locations.be\/nl\/#website\"},\"primaryImageOfPage\":{\"@id\":\"https:\/\/ml-locations.be\/nl\/locations\/location-groupe-electrogene-huyndai-hhdp35n\/#primaryimage\"},\"image\":{\"@id\":\"https:\/\/ml-locations.be\/nl\/locations\/location-groupe-electrogene-huyndai-hhdp35n\/#primaryimage\"},\"thumbnailUrl\":\"https:\/\/ml-locations.be\/wp-content\/uploads\/2020\/04\/groupe-electrogene-en-location.jpeg\",\"datePublished\":\"2020-04-08T08:49:14+00:00\",\"dateModified\":\"2020-04-08T08:57:07+00:00\",\"description\":\"Groupe \u00e9lectrog\u00e8ne Hyundai HHDP35N (3,8kVA et 2 sorties 16A) en location pour vos \u00e9v\u00e9nements. Devis gratuit ! Livraison possible.\",\"breadcrumb\":{\"@id\":\"https:\/\/ml-locations.be\/nl\/locations\/location-groupe-electrogene-huyndai-hhdp35n\/#breadcrumb\"},\"inLanguage\":\"nl-NL\",\"potentialAction\":[{\"@type\":\"ReadAction\",\"target\":[\"https:\/\/ml-locations.be\/nl\/locations\/location-groupe-electrogene-huyndai-hhdp35n\/\"]}]},{\"@type\":\"ImageObject\",\"inLanguage\":\"nl-NL\",\"@id\":\"https:\/\/ml-locations.be\/nl\/locations\/location-groupe-electrogene-huyndai-hhdp35n\/#primaryimage\",\"url\":\"https:\/\/ml-locations.be\/wp-content\/uploads\/2020\/04\/groupe-electrogene-en-location.jpeg\",\"contentUrl\":\"https:\/\/ml-locations.be\/wp-content\/uploads\/2020\/04\/groupe-electrogene-en-location.jpeg\",\"width\":640,\"height\":640,\"caption\":\"Groupe \u00e9lectrog\u00e8ne en location pour vos \u00e9v\u00e9nements\"},{\"@type\":\"BreadcrumbList\",\"@id\":\"https:\/\/ml-locations.be\/nl\/locations\/location-groupe-electrogene-huyndai-hhdp35n\/#breadcrumb\",\"itemListElement\":[{\"@type\":\"ListItem\",\"position\":1,\"name\":\"Accueil\",\"item\":\"https:\/\/ml-locations.be\/nl\/\"},{\"@type\":\"ListItem\",\"position\":2,\"name\":\"Winkel\",\"item\":\"https:\/\/ml-locations.be\/nl\/winkel\/\"},{\"@type\":\"ListItem\",\"position\":3,\"name\":\"Groupe \u00e9lectrog\u00e8ne 3,8kVA &#8211; 2x16A (Huyndai HHDP35N)\"}]},{\"@type\":\"WebSite\",\"@id\":\"https:\/\/ml-locations.be\/nl\/#website\",\"url\":\"https:\/\/ml-locations.be\/nl\/\",\"name\":\"ML Locations\",\"description\":\"Mat\u00e9riel \u00e9v\u00e9nementiel : location chaise, table et mange debout, mat\u00e9riel horeca, frigos,...\",\"publisher\":{\"@id\":\"https:\/\/ml-locations.be\/nl\/#organization\"},\"potentialAction\":[{\"@type\":\"SearchAction\",\"target\":{\"@type\":\"EntryPoint\",\"urlTemplate\":\"https:\/\/ml-locations.be\/nl\/?s={search_term_string}\"},\"query-input\":{\"@type\":\"PropertyValueSpecification\",\"valueRequired\":true,\"valueName\":\"search_term_string\"}}],\"inLanguage\":\"nl-NL\"},{\"@type\":\"Organization\",\"@id\":\"https:\/\/ml-locations.be\/nl\/#organization\",\"name\":\"ML Locations\",\"url\":\"https:\/\/ml-locations.be\/nl\/\",\"logo\":{\"@type\":\"ImageObject\",\"inLanguage\":\"nl-NL\",\"@id\":\"https:\/\/ml-locations.be\/nl\/#\/schema\/logo\/image\/\",\"url\":\"https:\/\/ml-locations.be\/wp-content\/uploads\/2018\/05\/LOGO-location-BON.png\",\"contentUrl\":\"https:\/\/ml-locations.be\/wp-content\/uploads\/2018\/05\/LOGO-location-BON.png\",\"width\":1200,\"height\":1200,\"caption\":\"ML Locations\"},\"image\":{\"@id\":\"https:\/\/ml-locations.be\/nl\/#\/schema\/logo\/image\/\"}}]}<\/script>\n<!-- \/ Yoast SEO plugin. -->","yoast_head_json":{"title":"Groupe \u00e9lectrog\u00e8ne en location - 3,8kVA - 2x16A | ML Locations","description":"Groupe \u00e9lectrog\u00e8ne Hyundai HHDP35N (3,8kVA et 2 sorties 16A) en location pour vos \u00e9v\u00e9nements. Devis gratuit ! Livraison possible.","robots":{"index":"index","follow":"follow","max-snippet":"max-snippet:-1","max-image-preview":"max-image-preview:large","max-video-preview":"max-video-preview:-1"},"canonical":"https:\/\/ml-locations.be\/nl\/locations\/location-groupe-electrogene-huyndai-hhdp35n\/","og_locale":"nl_NL","og_type":"article","og_title":"Groupe \u00e9lectrog\u00e8ne en location - 3,8kVA - 2x16A | ML Locations","og_description":"Groupe \u00e9lectrog\u00e8ne Hyundai HHDP35N (3,8kVA et 2 sorties 16A) en location pour vos \u00e9v\u00e9nements. Devis gratuit ! Livraison possible.","og_url":"https:\/\/ml-locations.be\/nl\/locations\/location-groupe-electrogene-huyndai-hhdp35n\/","og_site_name":"ML Locations","article_modified_time":"2020-04-08T08:57:07+00:00","og_image":[{"width":640,"height":640,"url":"https:\/\/ml-locations.be\/wp-content\/uploads\/2020\/04\/groupe-electrogene-en-location.jpeg","type":"image\/jpeg"}],"twitter_card":"summary_large_image","twitter_misc":{"Geschatte leestijd":"1 minuut"},"schema":{"@context":"https:\/\/schema.org","@graph":[{"@type":"WebPage","@id":"https:\/\/ml-locations.be\/nl\/locations\/location-groupe-electrogene-huyndai-hhdp35n\/","url":"https:\/\/ml-locations.be\/nl\/locations\/location-groupe-electrogene-huyndai-hhdp35n\/","name":"Groupe \u00e9lectrog\u00e8ne en location - 3,8kVA - 2x16A | ML Locations","isPartOf":{"@id":"https:\/\/ml-locations.be\/nl\/#website"},"primaryImageOfPage":{"@id":"https:\/\/ml-locations.be\/nl\/locations\/location-groupe-electrogene-huyndai-hhdp35n\/#primaryimage"},"image":{"@id":"https:\/\/ml-locations.be\/nl\/locations\/location-groupe-electrogene-huyndai-hhdp35n\/#primaryimage"},"thumbnailUrl":"https:\/\/ml-locations.be\/wp-content\/uploads\/2020\/04\/groupe-electrogene-en-location.jpeg","datePublished":"2020-04-08T08:49:14+00:00","dateModified":"2020-04-08T08:57:07+00:00","description":"Groupe \u00e9lectrog\u00e8ne Hyundai HHDP35N (3,8kVA et 2 sorties 16A) en location pour vos \u00e9v\u00e9nements. Devis gratuit ! Livraison possible.","breadcrumb":{"@id":"https:\/\/ml-locations.be\/nl\/locations\/location-groupe-electrogene-huyndai-hhdp35n\/#breadcrumb"},"inLanguage":"nl-NL","potentialAction":[{"@type":"ReadAction","target":["https:\/\/ml-locations.be\/nl\/locations\/location-groupe-electrogene-huyndai-hhdp35n\/"]}]},{"@type":"ImageObject","inLanguage":"nl-NL","@id":"https:\/\/ml-locations.be\/nl\/locations\/location-groupe-electrogene-huyndai-hhdp35n\/#primaryimage","url":"https:\/\/ml-locations.be\/wp-content\/uploads\/2020\/04\/groupe-electrogene-en-location.jpeg","contentUrl":"https:\/\/ml-locations.be\/wp-content\/uploads\/2020\/04\/groupe-electrogene-en-location.jpeg","width":640,"height":640,"caption":"Groupe \u00e9lectrog\u00e8ne en location pour vos \u00e9v\u00e9nements"},{"@type":"BreadcrumbList","@id":"https:\/\/ml-locations.be\/nl\/locations\/location-groupe-electrogene-huyndai-hhdp35n\/#breadcrumb","itemListElement":[{"@type":"ListItem","position":1,"name":"Accueil","item":"https:\/\/ml-locations.be\/nl\/"},{"@type":"ListItem","position":2,"name":"Winkel","item":"https:\/\/ml-locations.be\/nl\/winkel\/"},{"@type":"ListItem","position":3,"name":"Groupe \u00e9lectrog\u00e8ne 3,8kVA &#8211; 2x16A (Huyndai HHDP35N)"}]},{"@type":"WebSite","@id":"https:\/\/ml-locations.be\/nl\/#website","url":"https:\/\/ml-locations.be\/nl\/","name":"ML Locations","description":"Mat\u00e9riel \u00e9v\u00e9nementiel : location chaise, table et mange debout, mat\u00e9riel horeca, frigos,...","publisher":{"@id":"https:\/\/ml-locations.be\/nl\/#organization"},"potentialAction":[{"@type":"SearchAction","target":{"@type":"EntryPoint","urlTemplate":"https:\/\/ml-locations.be\/nl\/?s={search_term_string}"},"query-input":{"@type":"PropertyValueSpecification","valueRequired":true,"valueName":"search_term_string"}}],"inLanguage":"nl-NL"},{"@type":"Organization","@id":"https:\/\/ml-locations.be\/nl\/#organization","name":"ML Locations","url":"https:\/\/ml-locations.be\/nl\/","logo":{"@type":"ImageObject","inLanguage":"nl-NL","@id":"https:\/\/ml-locations.be\/nl\/#\/schema\/logo\/image\/","url":"https:\/\/ml-locations.be\/wp-content\/uploads\/2018\/05\/LOGO-location-BON.png","contentUrl":"https:\/\/ml-locations.be\/wp-content\/uploads\/2018\/05\/LOGO-location-BON.png","width":1200,"height":1200,"caption":"ML Locations"},"image":{"@id":"https:\/\/ml-locations.be\/nl\/#\/schema\/logo\/image\/"}}]}},"_links":{"self":[{"href":"https:\/\/ml-locations.be\/nl\/wp-json\/wp\/v2\/product\/611228","targetHints":{"allow":["GET"]}}],"collection":[{"href":"https:\/\/ml-locations.be\/nl\/wp-json\/wp\/v2\/product"}],"about":[{"href":"https:\/\/ml-locations.be\/nl\/wp-json\/wp\/v2\/types\/product"}],"wp:featuredmedia":[{"embeddable":true,"href":"https:\/\/ml-locations.be\/nl\/wp-json\/wp\/v2\/media\/611344"}],"wp:attachment":[{"href":"https:\/\/ml-locations.be\/nl\/wp-json\/wp\/v2\/media?parent=611228"}],"wp:term":[{"taxonomy":"product_brand","embeddable":true,"href":"https:\/\/ml-locations.be\/nl\/wp-json\/wp\/v2\/product_brand?post=611228"},{"taxonomy":"product_cat","embeddable":true,"href":"https:\/\/ml-locations.be\/nl\/wp-json\/wp\/v2\/product_cat?post=611228"},{"taxonomy":"product_tag","embeddable":true,"href":"https:\/\/ml-locations.be\/nl\/wp-json\/wp\/v2\/product_tag?post=611228"}],"curies":[{"name":"wp","href":"https:\/\/api.w.org\/{rel}","templated":true}]}}