{"id":618922,"date":"2020-04-09T11:11:54","date_gmt":"2020-04-09T09:11:54","guid":{"rendered":"https:\/\/www.ml-locations.be\/?post_type=product&#038;p=618922"},"modified":"2026-01-14T16:31:06","modified_gmt":"2026-01-14T15:31:06","slug":"location-friteuse-electrique-18litres","status":"publish","type":"product","link":"https:\/\/ml-locations.be\/nl\/locations\/location-friteuse-electrique-18litres\/","title":{"rendered":"Friteuse \u00e9lectrique 18 litres (380v, 13500W, 32A)"},"content":{"rendered":"<h2>Description de la friteuse \u00e9lectrique en location (18 litres) :<\/h2>\n<p>Cette <strong>friteuse \u00e9lectrique en location<\/strong> a une capacit\u00e9 maximale de <strong>18 <\/strong><strong>litres<\/strong> (huile \u00e0 pr\u00e9voir). Raccordez-l\u00e0 au circuit \u00e9lectrique, s\u00e9lectionnez la temp\u00e9rature d\u00e9sir\u00e9e sur le thermostat de la <strong>friteuse \u00e9lectrique 18 litres en location<\/strong> et vous \u00eatre pr\u00eat \u00e0 commencer la cuisson de vos frites!<\/p>\n<p>Attention :\u00a0 n&#8217;oubliez pas de pr\u00e9voir 18 litres d&#8217;huile de friture pour remplir la friteuse.<\/p>\n<p>Vous souhaitez servir de d\u00e9licieuses frites ou des plats de fritures lors de votre \u00e9v\u00e9nement ? ML Locations vous propose cette <strong>grande <\/strong><strong>friteuse \u00e9lectrique en location pour vos banquets et autres repas<\/strong>. Pour la <strong>location de friteuse<\/strong> et ses <strong>ustensiles<\/strong>, faites confiance \u00e0 ML Locations !<\/p>\n<p>Si vous souhaitez <strong>louer cette friteuse<\/strong>, n&#8217;oubliez pas les ustensiles suivants, ils vous faciliteront grandement le service des frites :<\/p>\n<ul>\n<li><strong><a href=\"https:\/\/ml-locations.be\/locations\/location-egouttoir-frites\/\">\u00e9gouttoir \u00e0 frites en inox<\/a><\/strong><\/li>\n<li><strong><a href=\"https:\/\/ml-locations.be\/locations\/location-saliere-frite-inox\/\">sali\u00e8re \u00e0 frites<\/a><\/strong><\/li>\n<\/ul>\n<h2>Caract\u00e9ristiques de la friteuse en location (18 litres, 220v)<\/h2>\n<ul>\n<li>Mati\u00e8re : Friteuse sur pied en acier Inoxydable<\/li>\n<li>Capacit\u00e9 : 18 litres maximum (pr\u00e9voir l&#8217;huile pour la friteuse)<\/li>\n<li>Tension : 380 V<\/li>\n<li>Puissance : 13500W<\/li>\n<\/ul>\n","protected":false},"excerpt":{"rendered":"<p><strong>Friteuse \u00e9lectrique en location<\/strong> <strong>:<\/strong> en inox, capacit\u00e9 18 litres, 380 vols, 13500 watts.<\/p>\n","protected":false},"featured_media":619224,"template":"","meta":{"_acf_changed":false},"product_brand":[],"product_cat":[29,34],"product_tag":[214],"class_list":{"0":"post-618922","1":"product","2":"type-product","3":"status-publish","4":"has-post-thumbnail","6":"product_cat-materiel-horeca-en-location","7":"product_cat-location-materiel-cuisine-et-buffet","8":"product_tag-location-materiel-banquet","9":"description-off","11":"first","12":"instock","13":"taxable","14":"shipping-taxable","15":"purchasable","16":"product-type-simple"},"acf":[],"yoast_head":"<!-- This site is optimized with the Yoast SEO plugin v25.0 - https:\/\/yoast.com\/wordpress\/plugins\/seo\/ -->\n<title>Location friteuse \u00e9lectrique 18 litres, en inox, 380v | ML Locations<\/title>\n<meta name=\"description\" content=\"Friteuses en location pour vos banquets et \u00e9v\u00e9nements ! Grande friteuse \u00e9lectrique 18 litres, en inox, 380v, 13500W. Devis gratuit !\" \/>\n<meta name=\"robots\" content=\"index, follow, max-snippet:-1, max-image-preview:large, max-video-preview:-1\" \/>\n<link rel=\"canonical\" href=\"https:\/\/ml-locations.be\/nl\/locations\/location-friteuse-electrique-18litres\/\" \/>\n<meta property=\"og:locale\" content=\"nl_NL\" \/>\n<meta property=\"og:type\" content=\"article\" \/>\n<meta property=\"og:title\" content=\"Location friteuse \u00e9lectrique 18 litres, en inox, 380v | ML Locations\" \/>\n<meta property=\"og:description\" content=\"Friteuses en location pour vos banquets et \u00e9v\u00e9nements ! Grande friteuse \u00e9lectrique 18 litres, en inox, 380v, 13500W. Devis gratuit !\" \/>\n<meta property=\"og:url\" content=\"https:\/\/ml-locations.be\/nl\/locations\/location-friteuse-electrique-18litres\/\" \/>\n<meta property=\"og:site_name\" content=\"ML Locations\" \/>\n<meta property=\"article:modified_time\" content=\"2026-01-14T15:31:06+00:00\" \/>\n<meta property=\"og:image\" content=\"https:\/\/ml-locations.be\/wp-content\/uploads\/2020\/04\/location-friteuse-friteuse-electrique-18litres.png\" \/>\n\t<meta property=\"og:image:width\" content=\"800\" \/>\n\t<meta property=\"og:image:height\" content=\"800\" \/>\n\t<meta property=\"og:image:type\" content=\"image\/png\" \/>\n<meta name=\"twitter:card\" content=\"summary_large_image\" \/>\n<meta name=\"twitter:label1\" content=\"Geschatte leestijd\" \/>\n\t<meta name=\"twitter:data1\" content=\"2 minuten\" \/>\n<script type=\"application\/ld+json\" class=\"yoast-schema-graph\">{\"@context\":\"https:\/\/schema.org\",\"@graph\":[{\"@type\":\"WebPage\",\"@id\":\"https:\/\/ml-locations.be\/nl\/locations\/location-friteuse-electrique-18litres\/\",\"url\":\"https:\/\/ml-locations.be\/nl\/locations\/location-friteuse-electrique-18litres\/\",\"name\":\"Location friteuse \u00e9lectrique 18 litres, en inox, 380v | ML Locations\",\"isPartOf\":{\"@id\":\"https:\/\/ml-locations.be\/nl\/#website\"},\"primaryImageOfPage\":{\"@id\":\"https:\/\/ml-locations.be\/nl\/locations\/location-friteuse-electrique-18litres\/#primaryimage\"},\"image\":{\"@id\":\"https:\/\/ml-locations.be\/nl\/locations\/location-friteuse-electrique-18litres\/#primaryimage\"},\"thumbnailUrl\":\"https:\/\/ml-locations.be\/wp-content\/uploads\/2020\/04\/location-friteuse-friteuse-electrique-18litres.png\",\"datePublished\":\"2020-04-09T09:11:54+00:00\",\"dateModified\":\"2026-01-14T15:31:06+00:00\",\"description\":\"Friteuses en location pour vos banquets et \u00e9v\u00e9nements ! Grande friteuse \u00e9lectrique 18 litres, en inox, 380v, 13500W. Devis gratuit !\",\"breadcrumb\":{\"@id\":\"https:\/\/ml-locations.be\/nl\/locations\/location-friteuse-electrique-18litres\/#breadcrumb\"},\"inLanguage\":\"nl-NL\",\"potentialAction\":[{\"@type\":\"ReadAction\",\"target\":[\"https:\/\/ml-locations.be\/nl\/locations\/location-friteuse-electrique-18litres\/\"]}]},{\"@type\":\"ImageObject\",\"inLanguage\":\"nl-NL\",\"@id\":\"https:\/\/ml-locations.be\/nl\/locations\/location-friteuse-electrique-18litres\/#primaryimage\",\"url\":\"https:\/\/ml-locations.be\/wp-content\/uploads\/2020\/04\/location-friteuse-friteuse-electrique-18litres.png\",\"contentUrl\":\"https:\/\/ml-locations.be\/wp-content\/uploads\/2020\/04\/location-friteuse-friteuse-electrique-18litres.png\",\"width\":800,\"height\":800,\"caption\":\"Friteuse \u00e9lectrique en location : friteuse 18 litres, 380V, 13,5kW\"},{\"@type\":\"BreadcrumbList\",\"@id\":\"https:\/\/ml-locations.be\/nl\/locations\/location-friteuse-electrique-18litres\/#breadcrumb\",\"itemListElement\":[{\"@type\":\"ListItem\",\"position\":1,\"name\":\"Accueil\",\"item\":\"https:\/\/ml-locations.be\/nl\/\"},{\"@type\":\"ListItem\",\"position\":2,\"name\":\"Winkel\",\"item\":\"https:\/\/ml-locations.be\/nl\/winkel\/\"},{\"@type\":\"ListItem\",\"position\":3,\"name\":\"Friteuse \u00e9lectrique 18 litres (380v, 13500W, 32A)\"}]},{\"@type\":\"WebSite\",\"@id\":\"https:\/\/ml-locations.be\/nl\/#website\",\"url\":\"https:\/\/ml-locations.be\/nl\/\",\"name\":\"ML Locations\",\"description\":\"Mat\u00e9riel \u00e9v\u00e9nementiel : location chaise, table et mange debout, mat\u00e9riel horeca, frigos,...\",\"publisher\":{\"@id\":\"https:\/\/ml-locations.be\/nl\/#organization\"},\"potentialAction\":[{\"@type\":\"SearchAction\",\"target\":{\"@type\":\"EntryPoint\",\"urlTemplate\":\"https:\/\/ml-locations.be\/nl\/?s={search_term_string}\"},\"query-input\":{\"@type\":\"PropertyValueSpecification\",\"valueRequired\":true,\"valueName\":\"search_term_string\"}}],\"inLanguage\":\"nl-NL\"},{\"@type\":\"Organization\",\"@id\":\"https:\/\/ml-locations.be\/nl\/#organization\",\"name\":\"ML Locations\",\"url\":\"https:\/\/ml-locations.be\/nl\/\",\"logo\":{\"@type\":\"ImageObject\",\"inLanguage\":\"nl-NL\",\"@id\":\"https:\/\/ml-locations.be\/nl\/#\/schema\/logo\/image\/\",\"url\":\"https:\/\/ml-locations.be\/wp-content\/uploads\/2018\/05\/LOGO-location-BON.png\",\"contentUrl\":\"https:\/\/ml-locations.be\/wp-content\/uploads\/2018\/05\/LOGO-location-BON.png\",\"width\":1200,\"height\":1200,\"caption\":\"ML Locations\"},\"image\":{\"@id\":\"https:\/\/ml-locations.be\/nl\/#\/schema\/logo\/image\/\"}}]}<\/script>\n<!-- \/ Yoast SEO plugin. -->","yoast_head_json":{"title":"Location friteuse \u00e9lectrique 18 litres, en inox, 380v | ML Locations","description":"Friteuses en location pour vos banquets et \u00e9v\u00e9nements ! Grande friteuse \u00e9lectrique 18 litres, en inox, 380v, 13500W. Devis gratuit !","robots":{"index":"index","follow":"follow","max-snippet":"max-snippet:-1","max-image-preview":"max-image-preview:large","max-video-preview":"max-video-preview:-1"},"canonical":"https:\/\/ml-locations.be\/nl\/locations\/location-friteuse-electrique-18litres\/","og_locale":"nl_NL","og_type":"article","og_title":"Location friteuse \u00e9lectrique 18 litres, en inox, 380v | ML Locations","og_description":"Friteuses en location pour vos banquets et \u00e9v\u00e9nements ! Grande friteuse \u00e9lectrique 18 litres, en inox, 380v, 13500W. Devis gratuit !","og_url":"https:\/\/ml-locations.be\/nl\/locations\/location-friteuse-electrique-18litres\/","og_site_name":"ML Locations","article_modified_time":"2026-01-14T15:31:06+00:00","og_image":[{"width":800,"height":800,"url":"https:\/\/ml-locations.be\/wp-content\/uploads\/2020\/04\/location-friteuse-friteuse-electrique-18litres.png","type":"image\/png"}],"twitter_card":"summary_large_image","twitter_misc":{"Geschatte leestijd":"2 minuten"},"schema":{"@context":"https:\/\/schema.org","@graph":[{"@type":"WebPage","@id":"https:\/\/ml-locations.be\/nl\/locations\/location-friteuse-electrique-18litres\/","url":"https:\/\/ml-locations.be\/nl\/locations\/location-friteuse-electrique-18litres\/","name":"Location friteuse \u00e9lectrique 18 litres, en inox, 380v | ML Locations","isPartOf":{"@id":"https:\/\/ml-locations.be\/nl\/#website"},"primaryImageOfPage":{"@id":"https:\/\/ml-locations.be\/nl\/locations\/location-friteuse-electrique-18litres\/#primaryimage"},"image":{"@id":"https:\/\/ml-locations.be\/nl\/locations\/location-friteuse-electrique-18litres\/#primaryimage"},"thumbnailUrl":"https:\/\/ml-locations.be\/wp-content\/uploads\/2020\/04\/location-friteuse-friteuse-electrique-18litres.png","datePublished":"2020-04-09T09:11:54+00:00","dateModified":"2026-01-14T15:31:06+00:00","description":"Friteuses en location pour vos banquets et \u00e9v\u00e9nements ! Grande friteuse \u00e9lectrique 18 litres, en inox, 380v, 13500W. Devis gratuit !","breadcrumb":{"@id":"https:\/\/ml-locations.be\/nl\/locations\/location-friteuse-electrique-18litres\/#breadcrumb"},"inLanguage":"nl-NL","potentialAction":[{"@type":"ReadAction","target":["https:\/\/ml-locations.be\/nl\/locations\/location-friteuse-electrique-18litres\/"]}]},{"@type":"ImageObject","inLanguage":"nl-NL","@id":"https:\/\/ml-locations.be\/nl\/locations\/location-friteuse-electrique-18litres\/#primaryimage","url":"https:\/\/ml-locations.be\/wp-content\/uploads\/2020\/04\/location-friteuse-friteuse-electrique-18litres.png","contentUrl":"https:\/\/ml-locations.be\/wp-content\/uploads\/2020\/04\/location-friteuse-friteuse-electrique-18litres.png","width":800,"height":800,"caption":"Friteuse \u00e9lectrique en location : friteuse 18 litres, 380V, 13,5kW"},{"@type":"BreadcrumbList","@id":"https:\/\/ml-locations.be\/nl\/locations\/location-friteuse-electrique-18litres\/#breadcrumb","itemListElement":[{"@type":"ListItem","position":1,"name":"Accueil","item":"https:\/\/ml-locations.be\/nl\/"},{"@type":"ListItem","position":2,"name":"Winkel","item":"https:\/\/ml-locations.be\/nl\/winkel\/"},{"@type":"ListItem","position":3,"name":"Friteuse \u00e9lectrique 18 litres (380v, 13500W, 32A)"}]},{"@type":"WebSite","@id":"https:\/\/ml-locations.be\/nl\/#website","url":"https:\/\/ml-locations.be\/nl\/","name":"ML Locations","description":"Mat\u00e9riel \u00e9v\u00e9nementiel : location chaise, table et mange debout, mat\u00e9riel horeca, frigos,...","publisher":{"@id":"https:\/\/ml-locations.be\/nl\/#organization"},"potentialAction":[{"@type":"SearchAction","target":{"@type":"EntryPoint","urlTemplate":"https:\/\/ml-locations.be\/nl\/?s={search_term_string}"},"query-input":{"@type":"PropertyValueSpecification","valueRequired":true,"valueName":"search_term_string"}}],"inLanguage":"nl-NL"},{"@type":"Organization","@id":"https:\/\/ml-locations.be\/nl\/#organization","name":"ML Locations","url":"https:\/\/ml-locations.be\/nl\/","logo":{"@type":"ImageObject","inLanguage":"nl-NL","@id":"https:\/\/ml-locations.be\/nl\/#\/schema\/logo\/image\/","url":"https:\/\/ml-locations.be\/wp-content\/uploads\/2018\/05\/LOGO-location-BON.png","contentUrl":"https:\/\/ml-locations.be\/wp-content\/uploads\/2018\/05\/LOGO-location-BON.png","width":1200,"height":1200,"caption":"ML Locations"},"image":{"@id":"https:\/\/ml-locations.be\/nl\/#\/schema\/logo\/image\/"}}]}},"_links":{"self":[{"href":"https:\/\/ml-locations.be\/nl\/wp-json\/wp\/v2\/product\/618922","targetHints":{"allow":["GET"]}}],"collection":[{"href":"https:\/\/ml-locations.be\/nl\/wp-json\/wp\/v2\/product"}],"about":[{"href":"https:\/\/ml-locations.be\/nl\/wp-json\/wp\/v2\/types\/product"}],"wp:featuredmedia":[{"embeddable":true,"href":"https:\/\/ml-locations.be\/nl\/wp-json\/wp\/v2\/media\/619224"}],"wp:attachment":[{"href":"https:\/\/ml-locations.be\/nl\/wp-json\/wp\/v2\/media?parent=618922"}],"wp:term":[{"taxonomy":"product_brand","embeddable":true,"href":"https:\/\/ml-locations.be\/nl\/wp-json\/wp\/v2\/product_brand?post=618922"},{"taxonomy":"product_cat","embeddable":true,"href":"https:\/\/ml-locations.be\/nl\/wp-json\/wp\/v2\/product_cat?post=618922"},{"taxonomy":"product_tag","embeddable":true,"href":"https:\/\/ml-locations.be\/nl\/wp-json\/wp\/v2\/product_tag?post=618922"}],"curies":[{"name":"wp","href":"https:\/\/api.w.org\/{rel}","templated":true}]}}