{"id":6353,"date":"2018-10-01T14:57:21","date_gmt":"2018-10-01T12:57:21","guid":{"rendered":"https:\/\/www.ml-locations.be?post_type=product&#038;p=6353"},"modified":"2018-10-01T15:40:49","modified_gmt":"2018-10-01T13:40:49","slug":"location-projecteur-citywash-led","status":"publish","type":"product","link":"https:\/\/ml-locations.be\/nl\/locations\/location-projecteur-citywash-led\/","title":{"rendered":"Projecteur City wash LED (480W)"},"content":{"rendered":"<p>Puissant projecteur architectural IP65(int\u00e9rieur\/ext\u00e9rieur) Ce projecteur<strong>\u00a0led<\/strong> est une solution parfaite pour <strong>l&#8217;\u00e9clairage\u00a0de b\u00e2timents<\/strong> (wall wash architectural), de monuments, de ponts, de ch\u00e2teauxmais \u00e9galement lors d\u2019inaugurations, d\u2019expositions, de foires, de parades, etc. Ces <strong>\u00e9clairages led<\/strong> permettent de mettre en valeur diff\u00e9rents \u00e9l\u00e9ments architecturaux sur les lieux de vos <strong>\u00e9v\u00e9nements<\/strong> par un <strong>\u00e9clairage puissant et d\u00e9coratif<\/strong>. Ces projecteurs sont class\u00e9s IP65 ce qui permet de les utiliser \u00e0 l&#8217;ext\u00e9rieur sans craintes des conditions climatiques. Gr\u00e2ce \u00e0 leur puissance, ils permettent de mettre en valeur de grands volumes ! Vos b\u00e2timents sont \u00e9clair\u00e9s selon votre go\u00fbts : un grand choix de couleurs est possible (avec les LEDs RGBW (Red-Green-Blue-White), vous obtenez pr\u00e9cis\u00e9ment la couleur de votre choix). L&#8217;usage de LEDS offre en plus un faible besoin d&#8217;\u00e9nergie.<\/p>\n<p><strong>Dimensions et caract\u00e9ristiques du projecteur ext\u00e9rieur\/int\u00e9rieur City Wash LED\u00a0 :<\/strong><\/p>\n<ul>\n<li>Voltage : AC100-240V; 50-60HZ<\/li>\n<li>Puissance : 480Watts (le City wash est compos\u00e9 de 48 LEDS de 10Watts)<\/li>\n<li>LED Source : 48 x 10 watts RGBW<\/li>\n<li>Angle : 25 degr\u00e9s<\/li>\n<li>Lentilles : lentilles 31mm de diam\u00e8tre, haute transparence.<\/li>\n<li>Type de contr\u00f4le : DMX512, Auto, Master\/Slave, Sound Active<\/li>\n<li>Canaux : 4 ou 8 canaux<\/li>\n<li>Effets disponibles : dimmer, flash, fade, color jump, color choose<\/li>\n<li>Flash : 1-20 fps<\/li>\n<li>Composition : cadre en aluminium noir<\/li>\n<li>Classe : IP65 (usage int\u00e9rieur\/ext\u00e9rieur)<\/li>\n<li>Longueur\u00a0: 65 cm<\/li>\n<li>Largeur\u00a0: 14 cm<\/li>\n<li>Hauteur\u00a0: 32 cm<\/li>\n<li>Poids\u00a0: 17 kg<\/li>\n<\/ul>\n","protected":false},"excerpt":{"rendered":"<p><strong>City wash : Projecteur 48x10W LED Wash Light<\/strong>, projecteur pour \u00e9clairage architectural pour un \u00e9clairage <strong>led<\/strong> tr\u00e8s puissant.<\/p>\n","protected":false},"featured_media":6354,"template":"","meta":{"_acf_changed":false},"product_brand":[],"product_cat":[17,19],"product_tag":[],"class_list":{"0":"post-6353","1":"product","2":"type-product","3":"status-publish","4":"has-post-thumbnail","6":"product_cat-materiel-sono-et-lumieres-en-location","7":"product_cat-materiel-eclairage-et-lumieres-a-louer","8":"description-off","10":"first","11":"instock","12":"taxable","13":"shipping-taxable","14":"purchasable","15":"product-type-simple"},"acf":[],"yoast_head":"<!-- This site is optimized with the Yoast SEO plugin v25.0 - https:\/\/yoast.com\/wordpress\/plugins\/seo\/ -->\n<title>City Wash 48x10W - location \u00e9clairage architectural | ML Locations<\/title>\n<meta name=\"description\" content=\"Projecteur &quot;City Wash&quot; 48 LEDs x 10Watts pour l&#039;\u00e9clairage architectural.\" \/>\n<meta name=\"robots\" content=\"index, follow, max-snippet:-1, max-image-preview:large, max-video-preview:-1\" \/>\n<link rel=\"canonical\" href=\"https:\/\/ml-locations.be\/nl\/locations\/location-projecteur-citywash-led\/\" \/>\n<meta property=\"og:locale\" content=\"nl_NL\" \/>\n<meta property=\"og:type\" content=\"article\" \/>\n<meta property=\"og:title\" content=\"City Wash 48x10W - location \u00e9clairage architectural | ML Locations\" \/>\n<meta property=\"og:description\" content=\"Projecteur &quot;City Wash&quot; 48 LEDs x 10Watts pour l&#039;\u00e9clairage architectural.\" \/>\n<meta property=\"og:url\" content=\"https:\/\/ml-locations.be\/nl\/locations\/location-projecteur-citywash-led\/\" \/>\n<meta property=\"og:site_name\" content=\"ML Locations\" \/>\n<meta property=\"article:modified_time\" content=\"2018-10-01T13:40:49+00:00\" \/>\n<meta property=\"og:image\" content=\"https:\/\/ml-locations.be\/wp-content\/uploads\/2018\/10\/Location-eclairage-LED-city-wash-480W-e1538401094884.jpg\" \/>\n\t<meta property=\"og:image:width\" content=\"600\" \/>\n\t<meta property=\"og:image:height\" content=\"700\" \/>\n\t<meta property=\"og:image:type\" content=\"image\/jpeg\" \/>\n<meta name=\"twitter:card\" content=\"summary_large_image\" \/>\n<meta name=\"twitter:label1\" content=\"Geschatte leestijd\" \/>\n\t<meta name=\"twitter:data1\" content=\"1 minuut\" \/>\n<script type=\"application\/ld+json\" class=\"yoast-schema-graph\">{\"@context\":\"https:\/\/schema.org\",\"@graph\":[{\"@type\":\"WebPage\",\"@id\":\"https:\/\/ml-locations.be\/nl\/locations\/location-projecteur-citywash-led\/\",\"url\":\"https:\/\/ml-locations.be\/nl\/locations\/location-projecteur-citywash-led\/\",\"name\":\"City Wash 48x10W - location \u00e9clairage architectural | ML Locations\",\"isPartOf\":{\"@id\":\"https:\/\/ml-locations.be\/nl\/#website\"},\"primaryImageOfPage\":{\"@id\":\"https:\/\/ml-locations.be\/nl\/locations\/location-projecteur-citywash-led\/#primaryimage\"},\"image\":{\"@id\":\"https:\/\/ml-locations.be\/nl\/locations\/location-projecteur-citywash-led\/#primaryimage\"},\"thumbnailUrl\":\"https:\/\/ml-locations.be\/wp-content\/uploads\/2018\/10\/Location-eclairage-LED-city-wash-480W-e1538401094884.jpg\",\"datePublished\":\"2018-10-01T12:57:21+00:00\",\"dateModified\":\"2018-10-01T13:40:49+00:00\",\"description\":\"Projecteur \\\"City Wash\\\" 48 LEDs x 10Watts pour l'\u00e9clairage architectural.\",\"breadcrumb\":{\"@id\":\"https:\/\/ml-locations.be\/nl\/locations\/location-projecteur-citywash-led\/#breadcrumb\"},\"inLanguage\":\"nl-NL\",\"potentialAction\":[{\"@type\":\"ReadAction\",\"target\":[\"https:\/\/ml-locations.be\/nl\/locations\/location-projecteur-citywash-led\/\"]}]},{\"@type\":\"ImageObject\",\"inLanguage\":\"nl-NL\",\"@id\":\"https:\/\/ml-locations.be\/nl\/locations\/location-projecteur-citywash-led\/#primaryimage\",\"url\":\"https:\/\/ml-locations.be\/wp-content\/uploads\/2018\/10\/Location-eclairage-LED-city-wash-480W-e1538401094884.jpg\",\"contentUrl\":\"https:\/\/ml-locations.be\/wp-content\/uploads\/2018\/10\/Location-eclairage-LED-city-wash-480W-e1538401094884.jpg\",\"width\":600,\"height\":700,\"caption\":\"Location \u00e9clairage : projecteur architectural \\\"City Wash\\\" LED 48x10Watts\"},{\"@type\":\"BreadcrumbList\",\"@id\":\"https:\/\/ml-locations.be\/nl\/locations\/location-projecteur-citywash-led\/#breadcrumb\",\"itemListElement\":[{\"@type\":\"ListItem\",\"position\":1,\"name\":\"Accueil\",\"item\":\"https:\/\/ml-locations.be\/nl\/\"},{\"@type\":\"ListItem\",\"position\":2,\"name\":\"Winkel\",\"item\":\"https:\/\/ml-locations.be\/nl\/winkel\/\"},{\"@type\":\"ListItem\",\"position\":3,\"name\":\"Projecteur City wash LED (480W)\"}]},{\"@type\":\"WebSite\",\"@id\":\"https:\/\/ml-locations.be\/nl\/#website\",\"url\":\"https:\/\/ml-locations.be\/nl\/\",\"name\":\"ML Locations\",\"description\":\"Mat\u00e9riel \u00e9v\u00e9nementiel : location chaise, table et mange debout, mat\u00e9riel horeca, frigos,...\",\"publisher\":{\"@id\":\"https:\/\/ml-locations.be\/nl\/#organization\"},\"potentialAction\":[{\"@type\":\"SearchAction\",\"target\":{\"@type\":\"EntryPoint\",\"urlTemplate\":\"https:\/\/ml-locations.be\/nl\/?s={search_term_string}\"},\"query-input\":{\"@type\":\"PropertyValueSpecification\",\"valueRequired\":true,\"valueName\":\"search_term_string\"}}],\"inLanguage\":\"nl-NL\"},{\"@type\":\"Organization\",\"@id\":\"https:\/\/ml-locations.be\/nl\/#organization\",\"name\":\"ML Locations\",\"url\":\"https:\/\/ml-locations.be\/nl\/\",\"logo\":{\"@type\":\"ImageObject\",\"inLanguage\":\"nl-NL\",\"@id\":\"https:\/\/ml-locations.be\/nl\/#\/schema\/logo\/image\/\",\"url\":\"https:\/\/ml-locations.be\/wp-content\/uploads\/2018\/05\/LOGO-location-BON.png\",\"contentUrl\":\"https:\/\/ml-locations.be\/wp-content\/uploads\/2018\/05\/LOGO-location-BON.png\",\"width\":1200,\"height\":1200,\"caption\":\"ML Locations\"},\"image\":{\"@id\":\"https:\/\/ml-locations.be\/nl\/#\/schema\/logo\/image\/\"}}]}<\/script>\n<!-- \/ Yoast SEO plugin. -->","yoast_head_json":{"title":"City Wash 48x10W - location \u00e9clairage architectural | ML Locations","description":"Projecteur \"City Wash\" 48 LEDs x 10Watts pour l'\u00e9clairage architectural.","robots":{"index":"index","follow":"follow","max-snippet":"max-snippet:-1","max-image-preview":"max-image-preview:large","max-video-preview":"max-video-preview:-1"},"canonical":"https:\/\/ml-locations.be\/nl\/locations\/location-projecteur-citywash-led\/","og_locale":"nl_NL","og_type":"article","og_title":"City Wash 48x10W - location \u00e9clairage architectural | ML Locations","og_description":"Projecteur \"City Wash\" 48 LEDs x 10Watts pour l'\u00e9clairage architectural.","og_url":"https:\/\/ml-locations.be\/nl\/locations\/location-projecteur-citywash-led\/","og_site_name":"ML Locations","article_modified_time":"2018-10-01T13:40:49+00:00","og_image":[{"width":600,"height":700,"url":"https:\/\/ml-locations.be\/wp-content\/uploads\/2018\/10\/Location-eclairage-LED-city-wash-480W-e1538401094884.jpg","type":"image\/jpeg"}],"twitter_card":"summary_large_image","twitter_misc":{"Geschatte leestijd":"1 minuut"},"schema":{"@context":"https:\/\/schema.org","@graph":[{"@type":"WebPage","@id":"https:\/\/ml-locations.be\/nl\/locations\/location-projecteur-citywash-led\/","url":"https:\/\/ml-locations.be\/nl\/locations\/location-projecteur-citywash-led\/","name":"City Wash 48x10W - location \u00e9clairage architectural | ML Locations","isPartOf":{"@id":"https:\/\/ml-locations.be\/nl\/#website"},"primaryImageOfPage":{"@id":"https:\/\/ml-locations.be\/nl\/locations\/location-projecteur-citywash-led\/#primaryimage"},"image":{"@id":"https:\/\/ml-locations.be\/nl\/locations\/location-projecteur-citywash-led\/#primaryimage"},"thumbnailUrl":"https:\/\/ml-locations.be\/wp-content\/uploads\/2018\/10\/Location-eclairage-LED-city-wash-480W-e1538401094884.jpg","datePublished":"2018-10-01T12:57:21+00:00","dateModified":"2018-10-01T13:40:49+00:00","description":"Projecteur \"City Wash\" 48 LEDs x 10Watts pour l'\u00e9clairage architectural.","breadcrumb":{"@id":"https:\/\/ml-locations.be\/nl\/locations\/location-projecteur-citywash-led\/#breadcrumb"},"inLanguage":"nl-NL","potentialAction":[{"@type":"ReadAction","target":["https:\/\/ml-locations.be\/nl\/locations\/location-projecteur-citywash-led\/"]}]},{"@type":"ImageObject","inLanguage":"nl-NL","@id":"https:\/\/ml-locations.be\/nl\/locations\/location-projecteur-citywash-led\/#primaryimage","url":"https:\/\/ml-locations.be\/wp-content\/uploads\/2018\/10\/Location-eclairage-LED-city-wash-480W-e1538401094884.jpg","contentUrl":"https:\/\/ml-locations.be\/wp-content\/uploads\/2018\/10\/Location-eclairage-LED-city-wash-480W-e1538401094884.jpg","width":600,"height":700,"caption":"Location \u00e9clairage : projecteur architectural \"City Wash\" LED 48x10Watts"},{"@type":"BreadcrumbList","@id":"https:\/\/ml-locations.be\/nl\/locations\/location-projecteur-citywash-led\/#breadcrumb","itemListElement":[{"@type":"ListItem","position":1,"name":"Accueil","item":"https:\/\/ml-locations.be\/nl\/"},{"@type":"ListItem","position":2,"name":"Winkel","item":"https:\/\/ml-locations.be\/nl\/winkel\/"},{"@type":"ListItem","position":3,"name":"Projecteur City wash LED (480W)"}]},{"@type":"WebSite","@id":"https:\/\/ml-locations.be\/nl\/#website","url":"https:\/\/ml-locations.be\/nl\/","name":"ML Locations","description":"Mat\u00e9riel \u00e9v\u00e9nementiel : location chaise, table et mange debout, mat\u00e9riel horeca, frigos,...","publisher":{"@id":"https:\/\/ml-locations.be\/nl\/#organization"},"potentialAction":[{"@type":"SearchAction","target":{"@type":"EntryPoint","urlTemplate":"https:\/\/ml-locations.be\/nl\/?s={search_term_string}"},"query-input":{"@type":"PropertyValueSpecification","valueRequired":true,"valueName":"search_term_string"}}],"inLanguage":"nl-NL"},{"@type":"Organization","@id":"https:\/\/ml-locations.be\/nl\/#organization","name":"ML Locations","url":"https:\/\/ml-locations.be\/nl\/","logo":{"@type":"ImageObject","inLanguage":"nl-NL","@id":"https:\/\/ml-locations.be\/nl\/#\/schema\/logo\/image\/","url":"https:\/\/ml-locations.be\/wp-content\/uploads\/2018\/05\/LOGO-location-BON.png","contentUrl":"https:\/\/ml-locations.be\/wp-content\/uploads\/2018\/05\/LOGO-location-BON.png","width":1200,"height":1200,"caption":"ML Locations"},"image":{"@id":"https:\/\/ml-locations.be\/nl\/#\/schema\/logo\/image\/"}}]}},"_links":{"self":[{"href":"https:\/\/ml-locations.be\/nl\/wp-json\/wp\/v2\/product\/6353","targetHints":{"allow":["GET"]}}],"collection":[{"href":"https:\/\/ml-locations.be\/nl\/wp-json\/wp\/v2\/product"}],"about":[{"href":"https:\/\/ml-locations.be\/nl\/wp-json\/wp\/v2\/types\/product"}],"wp:featuredmedia":[{"embeddable":true,"href":"https:\/\/ml-locations.be\/nl\/wp-json\/wp\/v2\/media\/6354"}],"wp:attachment":[{"href":"https:\/\/ml-locations.be\/nl\/wp-json\/wp\/v2\/media?parent=6353"}],"wp:term":[{"taxonomy":"product_brand","embeddable":true,"href":"https:\/\/ml-locations.be\/nl\/wp-json\/wp\/v2\/product_brand?post=6353"},{"taxonomy":"product_cat","embeddable":true,"href":"https:\/\/ml-locations.be\/nl\/wp-json\/wp\/v2\/product_cat?post=6353"},{"taxonomy":"product_tag","embeddable":true,"href":"https:\/\/ml-locations.be\/nl\/wp-json\/wp\/v2\/product_tag?post=6353"}],"curies":[{"name":"wp","href":"https:\/\/api.w.org\/{rel}","templated":true}]}}