{"id":6656,"date":"2018-11-09T20:14:50","date_gmt":"2018-11-09T19:14:50","guid":{"rendered":"https:\/\/www.ml-locations.be?post_type=product&#038;p=6656"},"modified":"2025-07-17T16:50:12","modified_gmt":"2025-07-17T14:50:12","slug":"location-bain-marie-chauffe-soupe-10l","status":"publish","type":"product","link":"https:\/\/ml-locations.be\/nl\/locations\/location-bain-marie-chauffe-soupe-10l\/","title":{"rendered":"Bain-marie pour potage &#8211; Chauffe soupe 10L"},"content":{"rendered":"<p>Ce bain-marie pour potage<strong>\u00a0<\/strong>(ou chauffe soupe)\u00a0est tr\u00e8s utilis\u00e9 par les professionnels de la restauration mais aussi lors d&#8217;\u00e9v\u00e9nements (association, forains&#8230;). En effet, sa contenance et sa puissance, permettent \u00e0 ces utilisateurs de servir une soupe bien chaude\u00a0\u00e0 bonne temp\u00e9rature.<\/p>\n<p>Pour d\u00e9guster une soupe ou un potage bien chaud, utilisez ce <strong>chauffe soupe (bain-marie pour potage)<\/strong>. Son poids de 4 kg et sa contenance de 10 litres sont un compromis parfait, faisant de ce<strong> bain marie pour potage en location<\/strong> un appareil maniable.Cet\u00a0<strong>appareil pour chauffer la soupe<\/strong>, de qualit\u00e9 professionnelle<strong>,<\/strong>\u00a0vous comblera par sa simplicit\u00e9 et son excellent rapport qualit\u00e9 prix.<\/p>\n<p>Ce\u00a0<strong>r\u00e9chaud \u00e0 potage<\/strong>\u00a0conviendra parfaitement aux professionnels et \u00e0 tous ces diff\u00e9rents utilisateurs afin de servir une excellente soupe ou bouillon.<\/p>\n<p>Le bain-marie pour potage est dot\u00e9 d&#8217;un robinet int\u00e9gr\u00e9 pour un remplissage pratique, par exemple : bouillon, soupe, potage, Minestrone.<\/p>\n<p><strong>Caract\u00e9ristiques du bouilleur \u00e0 vin chaud 10 litres :<\/strong><\/p>\n<ul>\n<li>Contenance : 10 litres<\/li>\n<li>Dimensions totale : \u00d8 35 cm, hauteur 36 cm<\/li>\n<li>R\u00e9cipient en inox ! (Ne colle pas)<\/li>\n<li>Temp\u00e9rature contr\u00f4l\u00e9e variable (35 \u00e0 95 \u00b0C).<\/li>\n<li>Socle, robinet et poign\u00e9es en mati\u00e8re synth\u00e9tique<\/li>\n<li>Couvercle en mati\u00e8re synth\u00e9tique<\/li>\n<li>Puissance : 400W \/ 230 V<\/li>\n<li>Poids : 4 kg<\/li>\n<\/ul>\n<p>Si vous le souhaitez, vous pouvez aussi demander un <a href=\"https:\/\/ml-locations.be\/locations\/location-percolateur-samovar-15l\/\">samovar en location (percolateur \u00e0 caf\u00e9)<\/a>.<\/p>\n","protected":false},"excerpt":{"rendered":"<p><strong>Chauffe soupe (bain marie) en location<\/strong> d\u2019une contenance de 10L pour pr\u00e9parer des potages, etc.<\/p>\n","protected":false},"featured_media":6657,"template":"","meta":{"_acf_changed":false},"product_brand":[],"product_cat":[29,34,209],"product_tag":[213,214],"class_list":{"0":"post-6656","1":"product","2":"type-product","3":"status-publish","4":"has-post-thumbnail","6":"product_cat-materiel-horeca-en-location","7":"product_cat-location-materiel-cuisine-et-buffet","8":"product_cat-produits-a-la-une","9":"product_tag-location-de-materiel-de-reception-mariages","10":"product_tag-location-materiel-banquet","11":"description-off","13":"first","14":"instock","15":"taxable","16":"shipping-taxable","17":"purchasable","18":"product-type-simple"},"acf":[],"yoast_head":"<!-- This site is optimized with the Yoast SEO plugin v25.0 - https:\/\/yoast.com\/wordpress\/plugins\/seo\/ -->\n<title>Bain-marie pour potage 10L - location chauffe soupe | ML Locations<\/title>\n<meta name=\"description\" content=\"Louez ce bain-marie pour potage de 10 litres pour vos repas et \u00e9v\u00e9nements. Cette machine permet de pr\u00e9parer 10 litres de soupe.\" \/>\n<meta name=\"robots\" content=\"index, follow, max-snippet:-1, max-image-preview:large, max-video-preview:-1\" \/>\n<link rel=\"canonical\" href=\"https:\/\/ml-locations.be\/nl\/locations\/location-bain-marie-chauffe-soupe-10l\/\" \/>\n<meta property=\"og:locale\" content=\"nl_NL\" \/>\n<meta property=\"og:type\" content=\"article\" \/>\n<meta property=\"og:title\" content=\"Bain-marie pour potage 10L - location chauffe soupe | ML Locations\" \/>\n<meta property=\"og:description\" content=\"Louez ce bain-marie pour potage de 10 litres pour vos repas et \u00e9v\u00e9nements. Cette machine permet de pr\u00e9parer 10 litres de soupe.\" \/>\n<meta property=\"og:url\" content=\"https:\/\/ml-locations.be\/nl\/locations\/location-bain-marie-chauffe-soupe-10l\/\" \/>\n<meta property=\"og:site_name\" content=\"ML Locations\" \/>\n<meta property=\"article:modified_time\" content=\"2025-07-17T14:50:12+00:00\" \/>\n<meta property=\"og:image\" content=\"https:\/\/ml-locations.be\/wp-content\/uploads\/2018\/11\/location-bain-marie-chauffe-soupe.png\" \/>\n\t<meta property=\"og:image:width\" content=\"240\" \/>\n\t<meta property=\"og:image:height\" content=\"240\" \/>\n\t<meta property=\"og:image:type\" content=\"image\/png\" \/>\n<meta name=\"twitter:card\" content=\"summary_large_image\" \/>\n<meta name=\"twitter:label1\" content=\"Geschatte leestijd\" \/>\n\t<meta name=\"twitter:data1\" content=\"2 minuten\" \/>\n<script type=\"application\/ld+json\" class=\"yoast-schema-graph\">{\"@context\":\"https:\/\/schema.org\",\"@graph\":[{\"@type\":\"WebPage\",\"@id\":\"https:\/\/ml-locations.be\/nl\/locations\/location-bain-marie-chauffe-soupe-10l\/\",\"url\":\"https:\/\/ml-locations.be\/nl\/locations\/location-bain-marie-chauffe-soupe-10l\/\",\"name\":\"Bain-marie pour potage 10L - location chauffe soupe | ML Locations\",\"isPartOf\":{\"@id\":\"https:\/\/ml-locations.be\/nl\/#website\"},\"primaryImageOfPage\":{\"@id\":\"https:\/\/ml-locations.be\/nl\/locations\/location-bain-marie-chauffe-soupe-10l\/#primaryimage\"},\"image\":{\"@id\":\"https:\/\/ml-locations.be\/nl\/locations\/location-bain-marie-chauffe-soupe-10l\/#primaryimage\"},\"thumbnailUrl\":\"https:\/\/ml-locations.be\/wp-content\/uploads\/2018\/11\/location-bain-marie-chauffe-soupe.png\",\"datePublished\":\"2018-11-09T19:14:50+00:00\",\"dateModified\":\"2025-07-17T14:50:12+00:00\",\"description\":\"Louez ce bain-marie pour potage de 10 litres pour vos repas et \u00e9v\u00e9nements. Cette machine permet de pr\u00e9parer 10 litres de soupe.\",\"breadcrumb\":{\"@id\":\"https:\/\/ml-locations.be\/nl\/locations\/location-bain-marie-chauffe-soupe-10l\/#breadcrumb\"},\"inLanguage\":\"nl-NL\",\"potentialAction\":[{\"@type\":\"ReadAction\",\"target\":[\"https:\/\/ml-locations.be\/nl\/locations\/location-bain-marie-chauffe-soupe-10l\/\"]}]},{\"@type\":\"ImageObject\",\"inLanguage\":\"nl-NL\",\"@id\":\"https:\/\/ml-locations.be\/nl\/locations\/location-bain-marie-chauffe-soupe-10l\/#primaryimage\",\"url\":\"https:\/\/ml-locations.be\/wp-content\/uploads\/2018\/11\/location-bain-marie-chauffe-soupe.png\",\"contentUrl\":\"https:\/\/ml-locations.be\/wp-content\/uploads\/2018\/11\/location-bain-marie-chauffe-soupe.png\",\"width\":240,\"height\":240,\"caption\":\"Bain-marie 10L pour chauffer du potage\"},{\"@type\":\"BreadcrumbList\",\"@id\":\"https:\/\/ml-locations.be\/nl\/locations\/location-bain-marie-chauffe-soupe-10l\/#breadcrumb\",\"itemListElement\":[{\"@type\":\"ListItem\",\"position\":1,\"name\":\"Accueil\",\"item\":\"https:\/\/ml-locations.be\/nl\/\"},{\"@type\":\"ListItem\",\"position\":2,\"name\":\"Winkel\",\"item\":\"https:\/\/ml-locations.be\/nl\/winkel\/\"},{\"@type\":\"ListItem\",\"position\":3,\"name\":\"Bain-marie pour potage &#8211; Chauffe soupe 10L\"}]},{\"@type\":\"WebSite\",\"@id\":\"https:\/\/ml-locations.be\/nl\/#website\",\"url\":\"https:\/\/ml-locations.be\/nl\/\",\"name\":\"ML Locations\",\"description\":\"Mat\u00e9riel \u00e9v\u00e9nementiel : location chaise, table et mange debout, mat\u00e9riel horeca, frigos,...\",\"publisher\":{\"@id\":\"https:\/\/ml-locations.be\/nl\/#organization\"},\"potentialAction\":[{\"@type\":\"SearchAction\",\"target\":{\"@type\":\"EntryPoint\",\"urlTemplate\":\"https:\/\/ml-locations.be\/nl\/?s={search_term_string}\"},\"query-input\":{\"@type\":\"PropertyValueSpecification\",\"valueRequired\":true,\"valueName\":\"search_term_string\"}}],\"inLanguage\":\"nl-NL\"},{\"@type\":\"Organization\",\"@id\":\"https:\/\/ml-locations.be\/nl\/#organization\",\"name\":\"ML Locations\",\"url\":\"https:\/\/ml-locations.be\/nl\/\",\"logo\":{\"@type\":\"ImageObject\",\"inLanguage\":\"nl-NL\",\"@id\":\"https:\/\/ml-locations.be\/nl\/#\/schema\/logo\/image\/\",\"url\":\"https:\/\/ml-locations.be\/wp-content\/uploads\/2018\/05\/LOGO-location-BON.png\",\"contentUrl\":\"https:\/\/ml-locations.be\/wp-content\/uploads\/2018\/05\/LOGO-location-BON.png\",\"width\":1200,\"height\":1200,\"caption\":\"ML Locations\"},\"image\":{\"@id\":\"https:\/\/ml-locations.be\/nl\/#\/schema\/logo\/image\/\"}}]}<\/script>\n<!-- \/ Yoast SEO plugin. -->","yoast_head_json":{"title":"Bain-marie pour potage 10L - location chauffe soupe | ML Locations","description":"Louez ce bain-marie pour potage de 10 litres pour vos repas et \u00e9v\u00e9nements. Cette machine permet de pr\u00e9parer 10 litres de soupe.","robots":{"index":"index","follow":"follow","max-snippet":"max-snippet:-1","max-image-preview":"max-image-preview:large","max-video-preview":"max-video-preview:-1"},"canonical":"https:\/\/ml-locations.be\/nl\/locations\/location-bain-marie-chauffe-soupe-10l\/","og_locale":"nl_NL","og_type":"article","og_title":"Bain-marie pour potage 10L - location chauffe soupe | ML Locations","og_description":"Louez ce bain-marie pour potage de 10 litres pour vos repas et \u00e9v\u00e9nements. Cette machine permet de pr\u00e9parer 10 litres de soupe.","og_url":"https:\/\/ml-locations.be\/nl\/locations\/location-bain-marie-chauffe-soupe-10l\/","og_site_name":"ML Locations","article_modified_time":"2025-07-17T14:50:12+00:00","og_image":[{"width":240,"height":240,"url":"https:\/\/ml-locations.be\/wp-content\/uploads\/2018\/11\/location-bain-marie-chauffe-soupe.png","type":"image\/png"}],"twitter_card":"summary_large_image","twitter_misc":{"Geschatte leestijd":"2 minuten"},"schema":{"@context":"https:\/\/schema.org","@graph":[{"@type":"WebPage","@id":"https:\/\/ml-locations.be\/nl\/locations\/location-bain-marie-chauffe-soupe-10l\/","url":"https:\/\/ml-locations.be\/nl\/locations\/location-bain-marie-chauffe-soupe-10l\/","name":"Bain-marie pour potage 10L - location chauffe soupe | ML Locations","isPartOf":{"@id":"https:\/\/ml-locations.be\/nl\/#website"},"primaryImageOfPage":{"@id":"https:\/\/ml-locations.be\/nl\/locations\/location-bain-marie-chauffe-soupe-10l\/#primaryimage"},"image":{"@id":"https:\/\/ml-locations.be\/nl\/locations\/location-bain-marie-chauffe-soupe-10l\/#primaryimage"},"thumbnailUrl":"https:\/\/ml-locations.be\/wp-content\/uploads\/2018\/11\/location-bain-marie-chauffe-soupe.png","datePublished":"2018-11-09T19:14:50+00:00","dateModified":"2025-07-17T14:50:12+00:00","description":"Louez ce bain-marie pour potage de 10 litres pour vos repas et \u00e9v\u00e9nements. Cette machine permet de pr\u00e9parer 10 litres de soupe.","breadcrumb":{"@id":"https:\/\/ml-locations.be\/nl\/locations\/location-bain-marie-chauffe-soupe-10l\/#breadcrumb"},"inLanguage":"nl-NL","potentialAction":[{"@type":"ReadAction","target":["https:\/\/ml-locations.be\/nl\/locations\/location-bain-marie-chauffe-soupe-10l\/"]}]},{"@type":"ImageObject","inLanguage":"nl-NL","@id":"https:\/\/ml-locations.be\/nl\/locations\/location-bain-marie-chauffe-soupe-10l\/#primaryimage","url":"https:\/\/ml-locations.be\/wp-content\/uploads\/2018\/11\/location-bain-marie-chauffe-soupe.png","contentUrl":"https:\/\/ml-locations.be\/wp-content\/uploads\/2018\/11\/location-bain-marie-chauffe-soupe.png","width":240,"height":240,"caption":"Bain-marie 10L pour chauffer du potage"},{"@type":"BreadcrumbList","@id":"https:\/\/ml-locations.be\/nl\/locations\/location-bain-marie-chauffe-soupe-10l\/#breadcrumb","itemListElement":[{"@type":"ListItem","position":1,"name":"Accueil","item":"https:\/\/ml-locations.be\/nl\/"},{"@type":"ListItem","position":2,"name":"Winkel","item":"https:\/\/ml-locations.be\/nl\/winkel\/"},{"@type":"ListItem","position":3,"name":"Bain-marie pour potage &#8211; Chauffe soupe 10L"}]},{"@type":"WebSite","@id":"https:\/\/ml-locations.be\/nl\/#website","url":"https:\/\/ml-locations.be\/nl\/","name":"ML Locations","description":"Mat\u00e9riel \u00e9v\u00e9nementiel : location chaise, table et mange debout, mat\u00e9riel horeca, frigos,...","publisher":{"@id":"https:\/\/ml-locations.be\/nl\/#organization"},"potentialAction":[{"@type":"SearchAction","target":{"@type":"EntryPoint","urlTemplate":"https:\/\/ml-locations.be\/nl\/?s={search_term_string}"},"query-input":{"@type":"PropertyValueSpecification","valueRequired":true,"valueName":"search_term_string"}}],"inLanguage":"nl-NL"},{"@type":"Organization","@id":"https:\/\/ml-locations.be\/nl\/#organization","name":"ML Locations","url":"https:\/\/ml-locations.be\/nl\/","logo":{"@type":"ImageObject","inLanguage":"nl-NL","@id":"https:\/\/ml-locations.be\/nl\/#\/schema\/logo\/image\/","url":"https:\/\/ml-locations.be\/wp-content\/uploads\/2018\/05\/LOGO-location-BON.png","contentUrl":"https:\/\/ml-locations.be\/wp-content\/uploads\/2018\/05\/LOGO-location-BON.png","width":1200,"height":1200,"caption":"ML Locations"},"image":{"@id":"https:\/\/ml-locations.be\/nl\/#\/schema\/logo\/image\/"}}]}},"_links":{"self":[{"href":"https:\/\/ml-locations.be\/nl\/wp-json\/wp\/v2\/product\/6656","targetHints":{"allow":["GET"]}}],"collection":[{"href":"https:\/\/ml-locations.be\/nl\/wp-json\/wp\/v2\/product"}],"about":[{"href":"https:\/\/ml-locations.be\/nl\/wp-json\/wp\/v2\/types\/product"}],"wp:featuredmedia":[{"embeddable":true,"href":"https:\/\/ml-locations.be\/nl\/wp-json\/wp\/v2\/media\/6657"}],"wp:attachment":[{"href":"https:\/\/ml-locations.be\/nl\/wp-json\/wp\/v2\/media?parent=6656"}],"wp:term":[{"taxonomy":"product_brand","embeddable":true,"href":"https:\/\/ml-locations.be\/nl\/wp-json\/wp\/v2\/product_brand?post=6656"},{"taxonomy":"product_cat","embeddable":true,"href":"https:\/\/ml-locations.be\/nl\/wp-json\/wp\/v2\/product_cat?post=6656"},{"taxonomy":"product_tag","embeddable":true,"href":"https:\/\/ml-locations.be\/nl\/wp-json\/wp\/v2\/product_tag?post=6656"}],"curies":[{"name":"wp","href":"https:\/\/api.w.org\/{rel}","templated":true}]}}