{"id":6680,"date":"2018-11-12T22:09:23","date_gmt":"2018-11-12T21:09:23","guid":{"rendered":"https:\/\/www.ml-locations.be?post_type=product&#038;p=6680"},"modified":"2020-04-25T12:58:51","modified_gmt":"2020-04-25T10:58:51","slug":"activite-event-retrogamig-donkey-kong","status":"publish","type":"product","link":"https:\/\/ml-locations.be\/nl\/locations\/activite-event-retrogamig-donkey-kong\/","title":{"rendered":"Mega Donkey Kong"},"content":{"rendered":"<p>Testez notre console de jeu et jouez au c\u00e9l\u00e8bre jeu Donkey Kong \u00e0 l&#8217;aide d\u2019<strong>une manette ge\u0301ante<\/strong> Rien de moins que la manette Nintendo le\u0301gendaire en version 1m20 de large pour 50 cm de haut. Cette manette g\u00e9ante permet \u00e0 deux personnes de se placer c\u00f4te \u00e0 c\u00f4t\u00e9 et de <strong>jouer \u00e0 deux en m\u00eame temps<\/strong>! Le jeu est projete\u0301 sur un <strong>tr\u00e8s grand e\u0301cran<\/strong> ou une surface plane (comme le pignon d&#8217;une maison <strong>ou sur un b\u00e2timent<\/strong> par exemple). Affrontez-vous dans une partie de <strong>r\u00e9trogaming<\/strong> avec Donkey Kong sur Nintendo !<\/p>\n<div id=\"attachment_6682\" style=\"width: 277px\" class=\"wp-caption alignnone\"><img loading=\"lazy\" decoding=\"async\" aria-describedby=\"caption-attachment-6682\" class=\"wp-image-6682\" title=\"Jouez au c\u00e9l\u00e8bre jeu Donkey Kong !\" src=\"https:\/\/ml-locations.bewp-content\/uploads\/2018\/11\/Mega-Park-Donkey-Kong-retrogaming-evenement-300x257.png\" alt=\"Jouez au c\u00e9l\u00e8bre jeu Donkey Kong !\" width=\"267\" height=\"229\" srcset=\"https:\/\/ml-locations.be\/wp-content\/uploads\/2018\/11\/Mega-Park-Donkey-Kong-retrogaming-evenement-300x257.png 300w, https:\/\/ml-locations.be\/wp-content\/uploads\/2018\/11\/Mega-Park-Donkey-Kong-retrogaming-evenement-500x428.png 500w, https:\/\/ml-locations.be\/wp-content\/uploads\/2018\/11\/Mega-Park-Donkey-Kong-retrogaming-evenement.png 725w\" sizes=\"auto, (max-width: 267px) 100vw, 267px\" \/><p id=\"caption-attachment-6682\" class=\"wp-caption-text\"><strong>Jouez au c\u00e9l\u00e8bre jeu Donkey Kong !<\/strong><\/p><\/div>\n<p>Vous organisez un \u00e9v\u00e9nement et vous souhaiter <strong>organiser une activit\u00e9 conviviale et originale<\/strong> ? Vous rechercher des id\u00e9es d&#8217;activit\u00e9s ou d&#8217;animation pour un teambuilding ou autre ? Laissez-vous tenter par cette \u00e9tonnante <strong>animation de r\u00e9trogaming<\/strong> \u00e0 vivre en groupe. Le r\u00e9trogaming est une activit\u00e9 qui consiste \u00e0 rejouer \u00e0 d&#8217;anciens jeux vid\u00e9os. C&#8217;est \u00e0 dire des jeux vid\u00e9os qui sont sortis sur d&#8217;anciennes consoles, des bornes d&#8217;arcade et d&#8217;anciens ordinateurs.<\/p>\n<p>Avec notre activit\u00e9 Mega Donkey Kong, nous projetons vos parties sur de grandes surfaces en int\u00e9rieur ou en ext\u00e9rieur. Contactez-nous pour tout renseignement.<\/p>\n<style type=\"text\/css\" data-type=\"the7_shortcodes-inline-css\">#default-btn-b87d42d62146866e8271f1f01125500a.ico-right-side > i {\n  margin-right: 0px;\n  margin-left: 8px;\n}\n#default-btn-b87d42d62146866e8271f1f01125500a > i {\n  margin-right: 8px;\n}\n<\/style><a href=\"https:\/\/ml-locations.bewp-content\/uploads\/2018\/11\/MEGA-PARK-glisse%CC%81es-4.pdf\" class=\"default-btn-shortcode dt-btn dt-btn-m fadeIn animate-element animation-builder link-hover-off \" id=\"default-btn-b87d42d62146866e8271f1f01125500a\"><i class=\"fa fa-chevron-circle-right\"><\/i><span>T\u00e9l\u00e9charger la pr\u00e9sentation (PDF)<\/span><\/a>\n<p>En savoir plus sur <a href=\"http:\/\/theboxexperiences.com\/?portfolio=mega-park\" target=\"_blank\" rel=\"noopener noreferrer\">Mega Donkey et le Mega Park<\/a><\/p>\n","protected":false},"excerpt":{"rendered":"<p>Animation r\u00e9trogaming : choisissez un partenaire, prenez la manette g\u00e9ante et jouez \u00e0 Donkey Kong ! L&#8217;image peut \u00eatre projet\u00e9e sur la fa\u00e7ade d&#8217;un b\u00e2timent ou sur un mur !<\/p>\n","protected":false},"featured_media":6687,"template":"","meta":{"_acf_changed":false},"product_brand":[],"product_cat":[239],"product_tag":[],"class_list":{"0":"post-6680","1":"product","2":"type-product","3":"status-publish","4":"has-post-thumbnail","6":"product_cat-the-box-experiences","7":"description-off","9":"first","10":"instock","11":"taxable","12":"shipping-taxable","13":"product-type-simple"},"acf":[],"yoast_head":"<!-- This site is optimized with the Yoast SEO plugin v25.0 - https:\/\/yoast.com\/wordpress\/plugins\/seo\/ -->\n<title>Mega Park - Donkey Kong - activit\u00e9 r\u00e9trogaming | ML Locations<\/title>\n<meta name=\"description\" content=\"Le Donley Kong est une activit\u00e9 originale, vous pratiquez le r\u00e9trogaming en groupe sur un \u00e9cran g\u00e9ant ! Fun assur\u00e9 !\" \/>\n<meta name=\"robots\" content=\"index, follow, max-snippet:-1, max-image-preview:large, max-video-preview:-1\" \/>\n<link rel=\"canonical\" href=\"https:\/\/ml-locations.be\/nl\/locations\/activite-event-retrogamig-donkey-kong\/\" \/>\n<meta property=\"og:locale\" content=\"nl_NL\" \/>\n<meta property=\"og:type\" content=\"article\" \/>\n<meta property=\"og:title\" content=\"Mega Park - Donkey Kong - activit\u00e9 r\u00e9trogaming | ML Locations\" \/>\n<meta property=\"og:description\" content=\"Le Donley Kong est une activit\u00e9 originale, vous pratiquez le r\u00e9trogaming en groupe sur un \u00e9cran g\u00e9ant ! Fun assur\u00e9 !\" \/>\n<meta property=\"og:url\" content=\"https:\/\/ml-locations.be\/nl\/locations\/activite-event-retrogamig-donkey-kong\/\" \/>\n<meta property=\"og:site_name\" content=\"ML Locations\" \/>\n<meta property=\"article:modified_time\" content=\"2020-04-25T10:58:51+00:00\" \/>\n<meta property=\"og:image\" content=\"https:\/\/ml-locations.be\/wp-content\/uploads\/2018\/11\/Donley-Kong-Megapark.png\" \/>\n\t<meta property=\"og:image:width\" content=\"567\" \/>\n\t<meta property=\"og:image:height\" content=\"512\" \/>\n\t<meta property=\"og:image:type\" content=\"image\/png\" \/>\n<meta name=\"twitter:card\" content=\"summary_large_image\" \/>\n<meta name=\"twitter:label1\" content=\"Geschatte leestijd\" \/>\n\t<meta name=\"twitter:data1\" content=\"1 minuut\" \/>\n<script type=\"application\/ld+json\" class=\"yoast-schema-graph\">{\"@context\":\"https:\/\/schema.org\",\"@graph\":[{\"@type\":\"WebPage\",\"@id\":\"https:\/\/ml-locations.be\/nl\/locations\/activite-event-retrogamig-donkey-kong\/\",\"url\":\"https:\/\/ml-locations.be\/nl\/locations\/activite-event-retrogamig-donkey-kong\/\",\"name\":\"Mega Park - Donkey Kong - activit\u00e9 r\u00e9trogaming | ML Locations\",\"isPartOf\":{\"@id\":\"https:\/\/ml-locations.be\/nl\/#website\"},\"primaryImageOfPage\":{\"@id\":\"https:\/\/ml-locations.be\/nl\/locations\/activite-event-retrogamig-donkey-kong\/#primaryimage\"},\"image\":{\"@id\":\"https:\/\/ml-locations.be\/nl\/locations\/activite-event-retrogamig-donkey-kong\/#primaryimage\"},\"thumbnailUrl\":\"https:\/\/ml-locations.be\/wp-content\/uploads\/2018\/11\/Donley-Kong-Megapark.png\",\"datePublished\":\"2018-11-12T21:09:23+00:00\",\"dateModified\":\"2020-04-25T10:58:51+00:00\",\"description\":\"Le Donley Kong est une activit\u00e9 originale, vous pratiquez le r\u00e9trogaming en groupe sur un \u00e9cran g\u00e9ant ! Fun assur\u00e9 !\",\"breadcrumb\":{\"@id\":\"https:\/\/ml-locations.be\/nl\/locations\/activite-event-retrogamig-donkey-kong\/#breadcrumb\"},\"inLanguage\":\"nl-NL\",\"potentialAction\":[{\"@type\":\"ReadAction\",\"target\":[\"https:\/\/ml-locations.be\/nl\/locations\/activite-event-retrogamig-donkey-kong\/\"]}]},{\"@type\":\"ImageObject\",\"inLanguage\":\"nl-NL\",\"@id\":\"https:\/\/ml-locations.be\/nl\/locations\/activite-event-retrogamig-donkey-kong\/#primaryimage\",\"url\":\"https:\/\/ml-locations.be\/wp-content\/uploads\/2018\/11\/Donley-Kong-Megapark.png\",\"contentUrl\":\"https:\/\/ml-locations.be\/wp-content\/uploads\/2018\/11\/Donley-Kong-Megapark.png\",\"width\":567,\"height\":512,\"caption\":\"Mega Park - Donkey : activit\u00e9 r\u00e9trogaming\"},{\"@type\":\"BreadcrumbList\",\"@id\":\"https:\/\/ml-locations.be\/nl\/locations\/activite-event-retrogamig-donkey-kong\/#breadcrumb\",\"itemListElement\":[{\"@type\":\"ListItem\",\"position\":1,\"name\":\"Accueil\",\"item\":\"https:\/\/ml-locations.be\/nl\/\"},{\"@type\":\"ListItem\",\"position\":2,\"name\":\"Winkel\",\"item\":\"https:\/\/ml-locations.be\/nl\/winkel\/\"},{\"@type\":\"ListItem\",\"position\":3,\"name\":\"Mega Donkey Kong\"}]},{\"@type\":\"WebSite\",\"@id\":\"https:\/\/ml-locations.be\/nl\/#website\",\"url\":\"https:\/\/ml-locations.be\/nl\/\",\"name\":\"ML Locations\",\"description\":\"Mat\u00e9riel \u00e9v\u00e9nementiel : location chaise, table et mange debout, mat\u00e9riel horeca, frigos,...\",\"publisher\":{\"@id\":\"https:\/\/ml-locations.be\/nl\/#organization\"},\"potentialAction\":[{\"@type\":\"SearchAction\",\"target\":{\"@type\":\"EntryPoint\",\"urlTemplate\":\"https:\/\/ml-locations.be\/nl\/?s={search_term_string}\"},\"query-input\":{\"@type\":\"PropertyValueSpecification\",\"valueRequired\":true,\"valueName\":\"search_term_string\"}}],\"inLanguage\":\"nl-NL\"},{\"@type\":\"Organization\",\"@id\":\"https:\/\/ml-locations.be\/nl\/#organization\",\"name\":\"ML Locations\",\"url\":\"https:\/\/ml-locations.be\/nl\/\",\"logo\":{\"@type\":\"ImageObject\",\"inLanguage\":\"nl-NL\",\"@id\":\"https:\/\/ml-locations.be\/nl\/#\/schema\/logo\/image\/\",\"url\":\"https:\/\/ml-locations.be\/wp-content\/uploads\/2018\/05\/LOGO-location-BON.png\",\"contentUrl\":\"https:\/\/ml-locations.be\/wp-content\/uploads\/2018\/05\/LOGO-location-BON.png\",\"width\":1200,\"height\":1200,\"caption\":\"ML Locations\"},\"image\":{\"@id\":\"https:\/\/ml-locations.be\/nl\/#\/schema\/logo\/image\/\"}}]}<\/script>\n<!-- \/ Yoast SEO plugin. -->","yoast_head_json":{"title":"Mega Park - Donkey Kong - activit\u00e9 r\u00e9trogaming | ML Locations","description":"Le Donley Kong est une activit\u00e9 originale, vous pratiquez le r\u00e9trogaming en groupe sur un \u00e9cran g\u00e9ant ! Fun assur\u00e9 !","robots":{"index":"index","follow":"follow","max-snippet":"max-snippet:-1","max-image-preview":"max-image-preview:large","max-video-preview":"max-video-preview:-1"},"canonical":"https:\/\/ml-locations.be\/nl\/locations\/activite-event-retrogamig-donkey-kong\/","og_locale":"nl_NL","og_type":"article","og_title":"Mega Park - Donkey Kong - activit\u00e9 r\u00e9trogaming | ML Locations","og_description":"Le Donley Kong est une activit\u00e9 originale, vous pratiquez le r\u00e9trogaming en groupe sur un \u00e9cran g\u00e9ant ! Fun assur\u00e9 !","og_url":"https:\/\/ml-locations.be\/nl\/locations\/activite-event-retrogamig-donkey-kong\/","og_site_name":"ML Locations","article_modified_time":"2020-04-25T10:58:51+00:00","og_image":[{"width":567,"height":512,"url":"https:\/\/ml-locations.be\/wp-content\/uploads\/2018\/11\/Donley-Kong-Megapark.png","type":"image\/png"}],"twitter_card":"summary_large_image","twitter_misc":{"Geschatte leestijd":"1 minuut"},"schema":{"@context":"https:\/\/schema.org","@graph":[{"@type":"WebPage","@id":"https:\/\/ml-locations.be\/nl\/locations\/activite-event-retrogamig-donkey-kong\/","url":"https:\/\/ml-locations.be\/nl\/locations\/activite-event-retrogamig-donkey-kong\/","name":"Mega Park - Donkey Kong - activit\u00e9 r\u00e9trogaming | ML Locations","isPartOf":{"@id":"https:\/\/ml-locations.be\/nl\/#website"},"primaryImageOfPage":{"@id":"https:\/\/ml-locations.be\/nl\/locations\/activite-event-retrogamig-donkey-kong\/#primaryimage"},"image":{"@id":"https:\/\/ml-locations.be\/nl\/locations\/activite-event-retrogamig-donkey-kong\/#primaryimage"},"thumbnailUrl":"https:\/\/ml-locations.be\/wp-content\/uploads\/2018\/11\/Donley-Kong-Megapark.png","datePublished":"2018-11-12T21:09:23+00:00","dateModified":"2020-04-25T10:58:51+00:00","description":"Le Donley Kong est une activit\u00e9 originale, vous pratiquez le r\u00e9trogaming en groupe sur un \u00e9cran g\u00e9ant ! Fun assur\u00e9 !","breadcrumb":{"@id":"https:\/\/ml-locations.be\/nl\/locations\/activite-event-retrogamig-donkey-kong\/#breadcrumb"},"inLanguage":"nl-NL","potentialAction":[{"@type":"ReadAction","target":["https:\/\/ml-locations.be\/nl\/locations\/activite-event-retrogamig-donkey-kong\/"]}]},{"@type":"ImageObject","inLanguage":"nl-NL","@id":"https:\/\/ml-locations.be\/nl\/locations\/activite-event-retrogamig-donkey-kong\/#primaryimage","url":"https:\/\/ml-locations.be\/wp-content\/uploads\/2018\/11\/Donley-Kong-Megapark.png","contentUrl":"https:\/\/ml-locations.be\/wp-content\/uploads\/2018\/11\/Donley-Kong-Megapark.png","width":567,"height":512,"caption":"Mega Park - Donkey : activit\u00e9 r\u00e9trogaming"},{"@type":"BreadcrumbList","@id":"https:\/\/ml-locations.be\/nl\/locations\/activite-event-retrogamig-donkey-kong\/#breadcrumb","itemListElement":[{"@type":"ListItem","position":1,"name":"Accueil","item":"https:\/\/ml-locations.be\/nl\/"},{"@type":"ListItem","position":2,"name":"Winkel","item":"https:\/\/ml-locations.be\/nl\/winkel\/"},{"@type":"ListItem","position":3,"name":"Mega Donkey Kong"}]},{"@type":"WebSite","@id":"https:\/\/ml-locations.be\/nl\/#website","url":"https:\/\/ml-locations.be\/nl\/","name":"ML Locations","description":"Mat\u00e9riel \u00e9v\u00e9nementiel : location chaise, table et mange debout, mat\u00e9riel horeca, frigos,...","publisher":{"@id":"https:\/\/ml-locations.be\/nl\/#organization"},"potentialAction":[{"@type":"SearchAction","target":{"@type":"EntryPoint","urlTemplate":"https:\/\/ml-locations.be\/nl\/?s={search_term_string}"},"query-input":{"@type":"PropertyValueSpecification","valueRequired":true,"valueName":"search_term_string"}}],"inLanguage":"nl-NL"},{"@type":"Organization","@id":"https:\/\/ml-locations.be\/nl\/#organization","name":"ML Locations","url":"https:\/\/ml-locations.be\/nl\/","logo":{"@type":"ImageObject","inLanguage":"nl-NL","@id":"https:\/\/ml-locations.be\/nl\/#\/schema\/logo\/image\/","url":"https:\/\/ml-locations.be\/wp-content\/uploads\/2018\/05\/LOGO-location-BON.png","contentUrl":"https:\/\/ml-locations.be\/wp-content\/uploads\/2018\/05\/LOGO-location-BON.png","width":1200,"height":1200,"caption":"ML Locations"},"image":{"@id":"https:\/\/ml-locations.be\/nl\/#\/schema\/logo\/image\/"}}]}},"_links":{"self":[{"href":"https:\/\/ml-locations.be\/nl\/wp-json\/wp\/v2\/product\/6680","targetHints":{"allow":["GET"]}}],"collection":[{"href":"https:\/\/ml-locations.be\/nl\/wp-json\/wp\/v2\/product"}],"about":[{"href":"https:\/\/ml-locations.be\/nl\/wp-json\/wp\/v2\/types\/product"}],"wp:featuredmedia":[{"embeddable":true,"href":"https:\/\/ml-locations.be\/nl\/wp-json\/wp\/v2\/media\/6687"}],"wp:attachment":[{"href":"https:\/\/ml-locations.be\/nl\/wp-json\/wp\/v2\/media?parent=6680"}],"wp:term":[{"taxonomy":"product_brand","embeddable":true,"href":"https:\/\/ml-locations.be\/nl\/wp-json\/wp\/v2\/product_brand?post=6680"},{"taxonomy":"product_cat","embeddable":true,"href":"https:\/\/ml-locations.be\/nl\/wp-json\/wp\/v2\/product_cat?post=6680"},{"taxonomy":"product_tag","embeddable":true,"href":"https:\/\/ml-locations.be\/nl\/wp-json\/wp\/v2\/product_tag?post=6680"}],"curies":[{"name":"wp","href":"https:\/\/api.w.org\/{rel}","templated":true}]}}