{"id":6748,"date":"2018-11-16T20:20:55","date_gmt":"2018-11-16T19:20:55","guid":{"rendered":"https:\/\/www.ml-locations.be?post_type=product&#038;p=6748"},"modified":"2025-07-17T10:27:37","modified_gmt":"2025-07-17T08:27:37","slug":"activite-event-mega-noise","status":"publish","type":"product","link":"https:\/\/ml-locations.be\/nl\/locations\/activite-event-mega-noise\/","title":{"rendered":"Mega Noise"},"content":{"rendered":"<div class=\"page\" title=\"Page 1\">\n<div class=\"section\">\n<div class=\"layoutArea\">\n<div class=\"column\">\n<p>Un jeu de force de\u0301tourne\u0301, le public doit crier le plus fort possible dans un grand micro (1m20) sur pied pour tenter d\u2019atteindre les sommets. Tout en lumie\u0300re, l\u2019objectif a\u0300 atteindre flirte avec les 6 me\u0300tres de haut. Plus le public crie ou chante en choeur,<\/p>\n<\/div>\n<\/div>\n<\/div>\n<\/div>\n<style type=\"text\/css\" data-type=\"the7_shortcodes-inline-css\">#default-btn-56dc25b33d9b151ada9ab900b34a95f2.ico-right-side > i {\n  margin-right: 0px;\n  margin-left: 8px;\n}\n#default-btn-56dc25b33d9b151ada9ab900b34a95f2 > i {\n  margin-right: 8px;\n}\n<\/style><a href=\"https:\/\/ml-locations.bewp-content\/uploads\/2018\/11\/Mega-Noise-Mega-Park.pdf\" class=\"default-btn-shortcode dt-btn dt-btn-m fadeIn animate-element animation-builder link-hover-off \" id=\"default-btn-56dc25b33d9b151ada9ab900b34a95f2\"><i class=\"fa fa-chevron-circle-right\"><\/i><span>T\u00e9l\u00e9charger la pr\u00e9sentation (PDF)<\/span><\/a>\n<p>En savoir plus sur <a href=\"http:\/\/theboxexperiences.com\/?portfolio=mega-park\" target=\"_blank\" rel=\"noopener\">Mega Noise et le Mega Park<\/a><\/p>\n<p>&nbsp;<\/p>\n","protected":false},"excerpt":{"rendered":"<p>Animation M\u00e9ga Noise : constituez votre \u00e9quipe,\u00a0 et chantez ou criez le plus fort possible pour faire monter le compteur le plus haut possible.<\/p>\n","protected":false},"featured_media":6755,"template":"","meta":{"_acf_changed":false},"product_brand":[],"product_cat":[239],"product_tag":[],"class_list":{"0":"post-6748","1":"product","2":"type-product","3":"status-publish","4":"has-post-thumbnail","6":"product_cat-the-box-experiences","7":"description-off","9":"first","10":"instock","11":"taxable","12":"shipping-taxable","13":"product-type-simple"},"acf":[],"yoast_head":"<!-- This site is optimized with the Yoast SEO plugin v25.0 - https:\/\/yoast.com\/wordpress\/plugins\/seo\/ -->\n<title>Mega Noise | ML Locations<\/title>\n<meta name=\"description\" content=\"Le Mega Noise est une activit\u00e9 originale, vous chantez seul en groupe pour faire monter le curseur sur le sonom\u00e8tre ! Fun assur\u00e9 !\" \/>\n<meta name=\"robots\" content=\"index, follow, max-snippet:-1, max-image-preview:large, max-video-preview:-1\" \/>\n<link rel=\"canonical\" href=\"https:\/\/ml-locations.be\/nl\/locations\/activite-event-mega-noise\/\" \/>\n<meta property=\"og:locale\" content=\"nl_NL\" \/>\n<meta property=\"og:type\" content=\"article\" \/>\n<meta property=\"og:title\" content=\"Mega Noise | ML Locations\" \/>\n<meta property=\"og:description\" content=\"Le Mega Noise est une activit\u00e9 originale, vous chantez seul en groupe pour faire monter le curseur sur le sonom\u00e8tre ! Fun assur\u00e9 !\" \/>\n<meta property=\"og:url\" content=\"https:\/\/ml-locations.be\/nl\/locations\/activite-event-mega-noise\/\" \/>\n<meta property=\"og:site_name\" content=\"ML Locations\" \/>\n<meta property=\"article:modified_time\" content=\"2025-07-17T08:27:37+00:00\" \/>\n<meta property=\"og:image\" content=\"https:\/\/ml-locations.be\/wp-content\/uploads\/2018\/11\/Mega-Noise-Mega-Park.png\" \/>\n\t<meta property=\"og:image:width\" content=\"808\" \/>\n\t<meta property=\"og:image:height\" content=\"738\" \/>\n\t<meta property=\"og:image:type\" content=\"image\/png\" \/>\n<meta name=\"twitter:card\" content=\"summary_large_image\" \/>\n<meta name=\"twitter:label1\" content=\"Geschatte leestijd\" \/>\n\t<meta name=\"twitter:data1\" content=\"1 minuut\" \/>\n<script type=\"application\/ld+json\" class=\"yoast-schema-graph\">{\"@context\":\"https:\/\/schema.org\",\"@graph\":[{\"@type\":\"WebPage\",\"@id\":\"https:\/\/ml-locations.be\/nl\/locations\/activite-event-mega-noise\/\",\"url\":\"https:\/\/ml-locations.be\/nl\/locations\/activite-event-mega-noise\/\",\"name\":\"Mega Noise | ML Locations\",\"isPartOf\":{\"@id\":\"https:\/\/ml-locations.be\/nl\/#website\"},\"primaryImageOfPage\":{\"@id\":\"https:\/\/ml-locations.be\/nl\/locations\/activite-event-mega-noise\/#primaryimage\"},\"image\":{\"@id\":\"https:\/\/ml-locations.be\/nl\/locations\/activite-event-mega-noise\/#primaryimage\"},\"thumbnailUrl\":\"https:\/\/ml-locations.be\/wp-content\/uploads\/2018\/11\/Mega-Noise-Mega-Park.png\",\"datePublished\":\"2018-11-16T19:20:55+00:00\",\"dateModified\":\"2025-07-17T08:27:37+00:00\",\"description\":\"Le Mega Noise est une activit\u00e9 originale, vous chantez seul en groupe pour faire monter le curseur sur le sonom\u00e8tre ! Fun assur\u00e9 !\",\"breadcrumb\":{\"@id\":\"https:\/\/ml-locations.be\/nl\/locations\/activite-event-mega-noise\/#breadcrumb\"},\"inLanguage\":\"nl-NL\",\"potentialAction\":[{\"@type\":\"ReadAction\",\"target\":[\"https:\/\/ml-locations.be\/nl\/locations\/activite-event-mega-noise\/\"]}]},{\"@type\":\"ImageObject\",\"inLanguage\":\"nl-NL\",\"@id\":\"https:\/\/ml-locations.be\/nl\/locations\/activite-event-mega-noise\/#primaryimage\",\"url\":\"https:\/\/ml-locations.be\/wp-content\/uploads\/2018\/11\/Mega-Noise-Mega-Park.png\",\"contentUrl\":\"https:\/\/ml-locations.be\/wp-content\/uploads\/2018\/11\/Mega-Noise-Mega-Park.png\",\"width\":808,\"height\":738},{\"@type\":\"BreadcrumbList\",\"@id\":\"https:\/\/ml-locations.be\/nl\/locations\/activite-event-mega-noise\/#breadcrumb\",\"itemListElement\":[{\"@type\":\"ListItem\",\"position\":1,\"name\":\"Accueil\",\"item\":\"https:\/\/ml-locations.be\/nl\/\"},{\"@type\":\"ListItem\",\"position\":2,\"name\":\"Winkel\",\"item\":\"https:\/\/ml-locations.be\/nl\/winkel\/\"},{\"@type\":\"ListItem\",\"position\":3,\"name\":\"Mega Noise\"}]},{\"@type\":\"WebSite\",\"@id\":\"https:\/\/ml-locations.be\/nl\/#website\",\"url\":\"https:\/\/ml-locations.be\/nl\/\",\"name\":\"ML Locations\",\"description\":\"Mat\u00e9riel \u00e9v\u00e9nementiel : location chaise, table et mange debout, mat\u00e9riel horeca, frigos,...\",\"publisher\":{\"@id\":\"https:\/\/ml-locations.be\/nl\/#organization\"},\"potentialAction\":[{\"@type\":\"SearchAction\",\"target\":{\"@type\":\"EntryPoint\",\"urlTemplate\":\"https:\/\/ml-locations.be\/nl\/?s={search_term_string}\"},\"query-input\":{\"@type\":\"PropertyValueSpecification\",\"valueRequired\":true,\"valueName\":\"search_term_string\"}}],\"inLanguage\":\"nl-NL\"},{\"@type\":\"Organization\",\"@id\":\"https:\/\/ml-locations.be\/nl\/#organization\",\"name\":\"ML Locations\",\"url\":\"https:\/\/ml-locations.be\/nl\/\",\"logo\":{\"@type\":\"ImageObject\",\"inLanguage\":\"nl-NL\",\"@id\":\"https:\/\/ml-locations.be\/nl\/#\/schema\/logo\/image\/\",\"url\":\"https:\/\/ml-locations.be\/wp-content\/uploads\/2018\/05\/LOGO-location-BON.png\",\"contentUrl\":\"https:\/\/ml-locations.be\/wp-content\/uploads\/2018\/05\/LOGO-location-BON.png\",\"width\":1200,\"height\":1200,\"caption\":\"ML Locations\"},\"image\":{\"@id\":\"https:\/\/ml-locations.be\/nl\/#\/schema\/logo\/image\/\"}}]}<\/script>\n<!-- \/ Yoast SEO plugin. -->","yoast_head_json":{"title":"Mega Noise | ML Locations","description":"Le Mega Noise est une activit\u00e9 originale, vous chantez seul en groupe pour faire monter le curseur sur le sonom\u00e8tre ! Fun assur\u00e9 !","robots":{"index":"index","follow":"follow","max-snippet":"max-snippet:-1","max-image-preview":"max-image-preview:large","max-video-preview":"max-video-preview:-1"},"canonical":"https:\/\/ml-locations.be\/nl\/locations\/activite-event-mega-noise\/","og_locale":"nl_NL","og_type":"article","og_title":"Mega Noise | ML Locations","og_description":"Le Mega Noise est une activit\u00e9 originale, vous chantez seul en groupe pour faire monter le curseur sur le sonom\u00e8tre ! Fun assur\u00e9 !","og_url":"https:\/\/ml-locations.be\/nl\/locations\/activite-event-mega-noise\/","og_site_name":"ML Locations","article_modified_time":"2025-07-17T08:27:37+00:00","og_image":[{"width":808,"height":738,"url":"https:\/\/ml-locations.be\/wp-content\/uploads\/2018\/11\/Mega-Noise-Mega-Park.png","type":"image\/png"}],"twitter_card":"summary_large_image","twitter_misc":{"Geschatte leestijd":"1 minuut"},"schema":{"@context":"https:\/\/schema.org","@graph":[{"@type":"WebPage","@id":"https:\/\/ml-locations.be\/nl\/locations\/activite-event-mega-noise\/","url":"https:\/\/ml-locations.be\/nl\/locations\/activite-event-mega-noise\/","name":"Mega Noise | ML Locations","isPartOf":{"@id":"https:\/\/ml-locations.be\/nl\/#website"},"primaryImageOfPage":{"@id":"https:\/\/ml-locations.be\/nl\/locations\/activite-event-mega-noise\/#primaryimage"},"image":{"@id":"https:\/\/ml-locations.be\/nl\/locations\/activite-event-mega-noise\/#primaryimage"},"thumbnailUrl":"https:\/\/ml-locations.be\/wp-content\/uploads\/2018\/11\/Mega-Noise-Mega-Park.png","datePublished":"2018-11-16T19:20:55+00:00","dateModified":"2025-07-17T08:27:37+00:00","description":"Le Mega Noise est une activit\u00e9 originale, vous chantez seul en groupe pour faire monter le curseur sur le sonom\u00e8tre ! Fun assur\u00e9 !","breadcrumb":{"@id":"https:\/\/ml-locations.be\/nl\/locations\/activite-event-mega-noise\/#breadcrumb"},"inLanguage":"nl-NL","potentialAction":[{"@type":"ReadAction","target":["https:\/\/ml-locations.be\/nl\/locations\/activite-event-mega-noise\/"]}]},{"@type":"ImageObject","inLanguage":"nl-NL","@id":"https:\/\/ml-locations.be\/nl\/locations\/activite-event-mega-noise\/#primaryimage","url":"https:\/\/ml-locations.be\/wp-content\/uploads\/2018\/11\/Mega-Noise-Mega-Park.png","contentUrl":"https:\/\/ml-locations.be\/wp-content\/uploads\/2018\/11\/Mega-Noise-Mega-Park.png","width":808,"height":738},{"@type":"BreadcrumbList","@id":"https:\/\/ml-locations.be\/nl\/locations\/activite-event-mega-noise\/#breadcrumb","itemListElement":[{"@type":"ListItem","position":1,"name":"Accueil","item":"https:\/\/ml-locations.be\/nl\/"},{"@type":"ListItem","position":2,"name":"Winkel","item":"https:\/\/ml-locations.be\/nl\/winkel\/"},{"@type":"ListItem","position":3,"name":"Mega Noise"}]},{"@type":"WebSite","@id":"https:\/\/ml-locations.be\/nl\/#website","url":"https:\/\/ml-locations.be\/nl\/","name":"ML Locations","description":"Mat\u00e9riel \u00e9v\u00e9nementiel : location chaise, table et mange debout, mat\u00e9riel horeca, frigos,...","publisher":{"@id":"https:\/\/ml-locations.be\/nl\/#organization"},"potentialAction":[{"@type":"SearchAction","target":{"@type":"EntryPoint","urlTemplate":"https:\/\/ml-locations.be\/nl\/?s={search_term_string}"},"query-input":{"@type":"PropertyValueSpecification","valueRequired":true,"valueName":"search_term_string"}}],"inLanguage":"nl-NL"},{"@type":"Organization","@id":"https:\/\/ml-locations.be\/nl\/#organization","name":"ML Locations","url":"https:\/\/ml-locations.be\/nl\/","logo":{"@type":"ImageObject","inLanguage":"nl-NL","@id":"https:\/\/ml-locations.be\/nl\/#\/schema\/logo\/image\/","url":"https:\/\/ml-locations.be\/wp-content\/uploads\/2018\/05\/LOGO-location-BON.png","contentUrl":"https:\/\/ml-locations.be\/wp-content\/uploads\/2018\/05\/LOGO-location-BON.png","width":1200,"height":1200,"caption":"ML Locations"},"image":{"@id":"https:\/\/ml-locations.be\/nl\/#\/schema\/logo\/image\/"}}]}},"_links":{"self":[{"href":"https:\/\/ml-locations.be\/nl\/wp-json\/wp\/v2\/product\/6748","targetHints":{"allow":["GET"]}}],"collection":[{"href":"https:\/\/ml-locations.be\/nl\/wp-json\/wp\/v2\/product"}],"about":[{"href":"https:\/\/ml-locations.be\/nl\/wp-json\/wp\/v2\/types\/product"}],"wp:featuredmedia":[{"embeddable":true,"href":"https:\/\/ml-locations.be\/nl\/wp-json\/wp\/v2\/media\/6755"}],"wp:attachment":[{"href":"https:\/\/ml-locations.be\/nl\/wp-json\/wp\/v2\/media?parent=6748"}],"wp:term":[{"taxonomy":"product_brand","embeddable":true,"href":"https:\/\/ml-locations.be\/nl\/wp-json\/wp\/v2\/product_brand?post=6748"},{"taxonomy":"product_cat","embeddable":true,"href":"https:\/\/ml-locations.be\/nl\/wp-json\/wp\/v2\/product_cat?post=6748"},{"taxonomy":"product_tag","embeddable":true,"href":"https:\/\/ml-locations.be\/nl\/wp-json\/wp\/v2\/product_tag?post=6748"}],"curies":[{"name":"wp","href":"https:\/\/api.w.org\/{rel}","templated":true}]}}