{"id":694890,"date":"2020-04-19T10:47:54","date_gmt":"2020-04-19T08:47:54","guid":{"rendered":"https:\/\/www.ml-locations.be\/?post_type=product&#038;p=694890"},"modified":"2025-07-17T09:56:23","modified_gmt":"2025-07-17T07:56:23","slug":"location-chaise-chambord-velours-rouge","status":"publish","type":"product","link":"https:\/\/ml-locations.be\/nl\/locations\/location-chaise-chambord-velours-rouge\/","title":{"rendered":"Chaise Chambord &#8211; velours rouge"},"content":{"rendered":"<h2>Description de la chaise Chambord velours rouge :<\/h2>\n<p><strong>Chaises Chambord en location<\/strong> : chaise avec assise et dossier en velours rouge (motifs dor\u00e9s) et structure gris anthracite, tr\u00e8s \u00e9l\u00e9gante et confortable. Ces <strong>chaises en location<\/strong> sont tr\u00e8s appr\u00e9ci\u00e9es pour leur confort. Louez ces chaises en pvc, elles offrent \u00e0 vos invit\u00e9s une assise des plus agr\u00e9able. Ces chaises en location sont parfaites pour toutes vos r\u00e9ceptions : banquets, mariage, soir\u00e9e, conf\u00e9rence et autre \u00e9v\u00e9nement. Ces chaises en location au confort tr\u00e8s appr\u00e9ci\u00e9, sont empilables, et peuvent \u00eatre livr\u00e9es par rack de 30 chaises.<\/p>\n<h2><strong>Caract\u00e9ristiques et dimensions de la chaise Chambord en location :<\/strong><\/h2>\n<ul>\n<li>Cette chaise peut \u00eatre empil\u00e9e jusqu&#8217;\u00e0 18 pi\u00e8ces. Cela vous permet de stocker un grand nombre de chaises dans une petite zone.<\/li>\n<li>Les chaises sont solides et peuvent supporter des charges allant jusqu&#8217;\u00e0 140 kg.<\/li>\n<li>Les chaises sont l\u00e9g\u00e8res, vous pouvez donc facilement placer des centaines de chaises en peu de temps. La poign\u00e9e pratique mont\u00e9e sur le dossier facilite le maintien de la chaise.<\/li>\n<li>Cadre en acier robuste de 20 x 20 mm.<\/li>\n<li>Si\u00e8ge en mousse de polyur\u00e9thane confortable pour une longue dur\u00e9e de vie.<\/li>\n<li>Bouchons de pieds pour prot\u00e9ger le sol des rayures (ne laisse aucune rayure sur le sol).<\/li>\n<li>Couleur du cadre anthracite (martel\u00e9)<\/li>\n<li>Dimensions (HxLxP) cm &#8211; 90 x 40 x 47 cm<\/li>\n<li>Assise 40 x 47 cm<\/li>\n<li>Structure en acier, laqu\u00e9 martel\u00e9 anthracite<\/li>\n<li>Poids environ: 5,9 kg<\/li>\n<\/ul>\n<p>Vous \u00eates \u00e0 la recherche de tables rondes \u00e0 louer ou de tables rectangulaires en location ? Consultez notre rubrique d\u00e9di\u00e9e \u00e0\u00a0la <a href=\"https:\/\/ml-locations.be\/location\/mobilier\/tables-et-mange-debout-en-location\/\">location de tables<\/a>.<\/p>\n","protected":false},"excerpt":{"rendered":"<p><strong>Chaise Chambord en velours rouge : <\/strong>Location de chaises pour banquets et \u00e9v\u00e9nements, conf\u00e9rences, r\u00e9ception, horeca, mariage, soir\u00e9e, etc.<\/p>\n","protected":false},"featured_media":695135,"template":"","meta":{"_acf_changed":false},"product_brand":[],"product_cat":[6,12,209],"product_tag":[202,211,214],"class_list":{"0":"post-694890","1":"product","2":"type-product","3":"status-publish","4":"has-post-thumbnail","6":"product_cat-mobilier","7":"product_cat-location-chaises-tabourets","8":"product_cat-produits-a-la-une","9":"product_tag-location-mobilier-design","10":"product_tag-location-tables-et-chaises","11":"product_tag-location-materiel-banquet","12":"description-off","14":"first","15":"instock","16":"taxable","17":"shipping-taxable","18":"purchasable","19":"product-type-simple"},"acf":[],"yoast_head":"<!-- This site is optimized with the Yoast SEO plugin v25.0 - https:\/\/yoast.com\/wordpress\/plugins\/seo\/ -->\n<title>Location chaises design blanches - banquets et events | ML Locations<\/title>\n<meta name=\"description\" content=\"Louez ces \u00e9l\u00e9gantes chaises design, couleur blanche, pour banquets et \u00e9v\u00e9nements. Chaises empilables, livr\u00e9es sur rack. Livraison possible.\" \/>\n<meta name=\"robots\" content=\"index, follow, max-snippet:-1, max-image-preview:large, max-video-preview:-1\" \/>\n<link rel=\"canonical\" href=\"https:\/\/ml-locations.be\/nl\/locations\/location-chaise-chambord-velours-rouge\/\" \/>\n<meta property=\"og:locale\" content=\"nl_NL\" \/>\n<meta property=\"og:type\" content=\"article\" \/>\n<meta property=\"og:title\" content=\"Location chaises design blanches - banquets et events | ML Locations\" \/>\n<meta property=\"og:description\" content=\"Louez ces \u00e9l\u00e9gantes chaises design, couleur blanche, pour banquets et \u00e9v\u00e9nements. Chaises empilables, livr\u00e9es sur rack. Livraison possible.\" \/>\n<meta property=\"og:url\" content=\"https:\/\/ml-locations.be\/nl\/locations\/location-chaise-chambord-velours-rouge\/\" \/>\n<meta property=\"og:site_name\" content=\"ML Locations\" \/>\n<meta property=\"article:modified_time\" content=\"2025-07-17T07:56:23+00:00\" \/>\n<meta property=\"og:image\" content=\"https:\/\/ml-locations.be\/wp-content\/uploads\/2020\/04\/Location-Chaise-Chambord-velours-rouge.png\" \/>\n\t<meta property=\"og:image:width\" content=\"726\" \/>\n\t<meta property=\"og:image:height\" content=\"890\" \/>\n\t<meta property=\"og:image:type\" content=\"image\/png\" \/>\n<meta name=\"twitter:card\" content=\"summary_large_image\" \/>\n<meta name=\"twitter:label1\" content=\"Geschatte leestijd\" \/>\n\t<meta name=\"twitter:data1\" content=\"2 minuten\" \/>\n<script type=\"application\/ld+json\" class=\"yoast-schema-graph\">{\"@context\":\"https:\/\/schema.org\",\"@graph\":[{\"@type\":\"WebPage\",\"@id\":\"https:\/\/ml-locations.be\/nl\/locations\/location-chaise-chambord-velours-rouge\/\",\"url\":\"https:\/\/ml-locations.be\/nl\/locations\/location-chaise-chambord-velours-rouge\/\",\"name\":\"Location chaises design blanches - banquets et events | ML Locations\",\"isPartOf\":{\"@id\":\"https:\/\/ml-locations.be\/nl\/#website\"},\"primaryImageOfPage\":{\"@id\":\"https:\/\/ml-locations.be\/nl\/locations\/location-chaise-chambord-velours-rouge\/#primaryimage\"},\"image\":{\"@id\":\"https:\/\/ml-locations.be\/nl\/locations\/location-chaise-chambord-velours-rouge\/#primaryimage\"},\"thumbnailUrl\":\"https:\/\/ml-locations.be\/wp-content\/uploads\/2020\/04\/Location-Chaise-Chambord-velours-rouge.png\",\"datePublished\":\"2020-04-19T08:47:54+00:00\",\"dateModified\":\"2025-07-17T07:56:23+00:00\",\"description\":\"Louez ces \u00e9l\u00e9gantes chaises design, couleur blanche, pour banquets et \u00e9v\u00e9nements. Chaises empilables, livr\u00e9es sur rack. Livraison possible.\",\"breadcrumb\":{\"@id\":\"https:\/\/ml-locations.be\/nl\/locations\/location-chaise-chambord-velours-rouge\/#breadcrumb\"},\"inLanguage\":\"nl-NL\",\"potentialAction\":[{\"@type\":\"ReadAction\",\"target\":[\"https:\/\/ml-locations.be\/nl\/locations\/location-chaise-chambord-velours-rouge\/\"]}]},{\"@type\":\"ImageObject\",\"inLanguage\":\"nl-NL\",\"@id\":\"https:\/\/ml-locations.be\/nl\/locations\/location-chaise-chambord-velours-rouge\/#primaryimage\",\"url\":\"https:\/\/ml-locations.be\/wp-content\/uploads\/2020\/04\/Location-Chaise-Chambord-velours-rouge.png\",\"contentUrl\":\"https:\/\/ml-locations.be\/wp-content\/uploads\/2020\/04\/Location-Chaise-Chambord-velours-rouge.png\",\"width\":726,\"height\":890,\"caption\":\"Location Chaise Chambord - assise et dossier en velours rouge\"},{\"@type\":\"BreadcrumbList\",\"@id\":\"https:\/\/ml-locations.be\/nl\/locations\/location-chaise-chambord-velours-rouge\/#breadcrumb\",\"itemListElement\":[{\"@type\":\"ListItem\",\"position\":1,\"name\":\"Accueil\",\"item\":\"https:\/\/ml-locations.be\/nl\/\"},{\"@type\":\"ListItem\",\"position\":2,\"name\":\"Winkel\",\"item\":\"https:\/\/ml-locations.be\/nl\/winkel\/\"},{\"@type\":\"ListItem\",\"position\":3,\"name\":\"Chaise Chambord &#8211; velours rouge\"}]},{\"@type\":\"WebSite\",\"@id\":\"https:\/\/ml-locations.be\/nl\/#website\",\"url\":\"https:\/\/ml-locations.be\/nl\/\",\"name\":\"ML Locations\",\"description\":\"Mat\u00e9riel \u00e9v\u00e9nementiel : location chaise, table et mange debout, mat\u00e9riel horeca, frigos,...\",\"publisher\":{\"@id\":\"https:\/\/ml-locations.be\/nl\/#organization\"},\"potentialAction\":[{\"@type\":\"SearchAction\",\"target\":{\"@type\":\"EntryPoint\",\"urlTemplate\":\"https:\/\/ml-locations.be\/nl\/?s={search_term_string}\"},\"query-input\":{\"@type\":\"PropertyValueSpecification\",\"valueRequired\":true,\"valueName\":\"search_term_string\"}}],\"inLanguage\":\"nl-NL\"},{\"@type\":\"Organization\",\"@id\":\"https:\/\/ml-locations.be\/nl\/#organization\",\"name\":\"ML Locations\",\"url\":\"https:\/\/ml-locations.be\/nl\/\",\"logo\":{\"@type\":\"ImageObject\",\"inLanguage\":\"nl-NL\",\"@id\":\"https:\/\/ml-locations.be\/nl\/#\/schema\/logo\/image\/\",\"url\":\"https:\/\/ml-locations.be\/wp-content\/uploads\/2018\/05\/LOGO-location-BON.png\",\"contentUrl\":\"https:\/\/ml-locations.be\/wp-content\/uploads\/2018\/05\/LOGO-location-BON.png\",\"width\":1200,\"height\":1200,\"caption\":\"ML Locations\"},\"image\":{\"@id\":\"https:\/\/ml-locations.be\/nl\/#\/schema\/logo\/image\/\"}}]}<\/script>\n<!-- \/ Yoast SEO plugin. -->","yoast_head_json":{"title":"Location chaises design blanches - banquets et events | ML Locations","description":"Louez ces \u00e9l\u00e9gantes chaises design, couleur blanche, pour banquets et \u00e9v\u00e9nements. Chaises empilables, livr\u00e9es sur rack. Livraison possible.","robots":{"index":"index","follow":"follow","max-snippet":"max-snippet:-1","max-image-preview":"max-image-preview:large","max-video-preview":"max-video-preview:-1"},"canonical":"https:\/\/ml-locations.be\/nl\/locations\/location-chaise-chambord-velours-rouge\/","og_locale":"nl_NL","og_type":"article","og_title":"Location chaises design blanches - banquets et events | ML Locations","og_description":"Louez ces \u00e9l\u00e9gantes chaises design, couleur blanche, pour banquets et \u00e9v\u00e9nements. Chaises empilables, livr\u00e9es sur rack. Livraison possible.","og_url":"https:\/\/ml-locations.be\/nl\/locations\/location-chaise-chambord-velours-rouge\/","og_site_name":"ML Locations","article_modified_time":"2025-07-17T07:56:23+00:00","og_image":[{"width":726,"height":890,"url":"https:\/\/ml-locations.be\/wp-content\/uploads\/2020\/04\/Location-Chaise-Chambord-velours-rouge.png","type":"image\/png"}],"twitter_card":"summary_large_image","twitter_misc":{"Geschatte leestijd":"2 minuten"},"schema":{"@context":"https:\/\/schema.org","@graph":[{"@type":"WebPage","@id":"https:\/\/ml-locations.be\/nl\/locations\/location-chaise-chambord-velours-rouge\/","url":"https:\/\/ml-locations.be\/nl\/locations\/location-chaise-chambord-velours-rouge\/","name":"Location chaises design blanches - banquets et events | ML Locations","isPartOf":{"@id":"https:\/\/ml-locations.be\/nl\/#website"},"primaryImageOfPage":{"@id":"https:\/\/ml-locations.be\/nl\/locations\/location-chaise-chambord-velours-rouge\/#primaryimage"},"image":{"@id":"https:\/\/ml-locations.be\/nl\/locations\/location-chaise-chambord-velours-rouge\/#primaryimage"},"thumbnailUrl":"https:\/\/ml-locations.be\/wp-content\/uploads\/2020\/04\/Location-Chaise-Chambord-velours-rouge.png","datePublished":"2020-04-19T08:47:54+00:00","dateModified":"2025-07-17T07:56:23+00:00","description":"Louez ces \u00e9l\u00e9gantes chaises design, couleur blanche, pour banquets et \u00e9v\u00e9nements. Chaises empilables, livr\u00e9es sur rack. Livraison possible.","breadcrumb":{"@id":"https:\/\/ml-locations.be\/nl\/locations\/location-chaise-chambord-velours-rouge\/#breadcrumb"},"inLanguage":"nl-NL","potentialAction":[{"@type":"ReadAction","target":["https:\/\/ml-locations.be\/nl\/locations\/location-chaise-chambord-velours-rouge\/"]}]},{"@type":"ImageObject","inLanguage":"nl-NL","@id":"https:\/\/ml-locations.be\/nl\/locations\/location-chaise-chambord-velours-rouge\/#primaryimage","url":"https:\/\/ml-locations.be\/wp-content\/uploads\/2020\/04\/Location-Chaise-Chambord-velours-rouge.png","contentUrl":"https:\/\/ml-locations.be\/wp-content\/uploads\/2020\/04\/Location-Chaise-Chambord-velours-rouge.png","width":726,"height":890,"caption":"Location Chaise Chambord - assise et dossier en velours rouge"},{"@type":"BreadcrumbList","@id":"https:\/\/ml-locations.be\/nl\/locations\/location-chaise-chambord-velours-rouge\/#breadcrumb","itemListElement":[{"@type":"ListItem","position":1,"name":"Accueil","item":"https:\/\/ml-locations.be\/nl\/"},{"@type":"ListItem","position":2,"name":"Winkel","item":"https:\/\/ml-locations.be\/nl\/winkel\/"},{"@type":"ListItem","position":3,"name":"Chaise Chambord &#8211; velours rouge"}]},{"@type":"WebSite","@id":"https:\/\/ml-locations.be\/nl\/#website","url":"https:\/\/ml-locations.be\/nl\/","name":"ML Locations","description":"Mat\u00e9riel \u00e9v\u00e9nementiel : location chaise, table et mange debout, mat\u00e9riel horeca, frigos,...","publisher":{"@id":"https:\/\/ml-locations.be\/nl\/#organization"},"potentialAction":[{"@type":"SearchAction","target":{"@type":"EntryPoint","urlTemplate":"https:\/\/ml-locations.be\/nl\/?s={search_term_string}"},"query-input":{"@type":"PropertyValueSpecification","valueRequired":true,"valueName":"search_term_string"}}],"inLanguage":"nl-NL"},{"@type":"Organization","@id":"https:\/\/ml-locations.be\/nl\/#organization","name":"ML Locations","url":"https:\/\/ml-locations.be\/nl\/","logo":{"@type":"ImageObject","inLanguage":"nl-NL","@id":"https:\/\/ml-locations.be\/nl\/#\/schema\/logo\/image\/","url":"https:\/\/ml-locations.be\/wp-content\/uploads\/2018\/05\/LOGO-location-BON.png","contentUrl":"https:\/\/ml-locations.be\/wp-content\/uploads\/2018\/05\/LOGO-location-BON.png","width":1200,"height":1200,"caption":"ML Locations"},"image":{"@id":"https:\/\/ml-locations.be\/nl\/#\/schema\/logo\/image\/"}}]}},"_links":{"self":[{"href":"https:\/\/ml-locations.be\/nl\/wp-json\/wp\/v2\/product\/694890","targetHints":{"allow":["GET"]}}],"collection":[{"href":"https:\/\/ml-locations.be\/nl\/wp-json\/wp\/v2\/product"}],"about":[{"href":"https:\/\/ml-locations.be\/nl\/wp-json\/wp\/v2\/types\/product"}],"wp:featuredmedia":[{"embeddable":true,"href":"https:\/\/ml-locations.be\/nl\/wp-json\/wp\/v2\/media\/695135"}],"wp:attachment":[{"href":"https:\/\/ml-locations.be\/nl\/wp-json\/wp\/v2\/media?parent=694890"}],"wp:term":[{"taxonomy":"product_brand","embeddable":true,"href":"https:\/\/ml-locations.be\/nl\/wp-json\/wp\/v2\/product_brand?post=694890"},{"taxonomy":"product_cat","embeddable":true,"href":"https:\/\/ml-locations.be\/nl\/wp-json\/wp\/v2\/product_cat?post=694890"},{"taxonomy":"product_tag","embeddable":true,"href":"https:\/\/ml-locations.be\/nl\/wp-json\/wp\/v2\/product_tag?post=694890"}],"curies":[{"name":"wp","href":"https:\/\/api.w.org\/{rel}","templated":true}]}}