{"id":737798,"date":"2020-04-25T11:47:04","date_gmt":"2020-04-25T09:47:04","guid":{"rendered":"https:\/\/www.ml-locations.be\/?post_type=product&#038;p=737798"},"modified":"2026-04-17T10:54:31","modified_gmt":"2026-04-17T08:54:31","slug":"location-armoire-chauffante-7niveaux","status":"publish","type":"product","link":"https:\/\/ml-locations.be\/nl\/locations\/location-armoire-chauffante-7niveaux\/","title":{"rendered":"chauffe-assiettes \u00e9lectrique &#8211; 7 niveaux"},"content":{"rendered":"<h2><strong>Description de l&#8217;armoire chauffante en location :<\/strong><\/h2>\n<h3>Armoires chauffantes ou &#8220;de mise \u00e0 temp\u00e9rature&#8221; : indispensable pour le service de plats chauds<\/h3>\n<p>ML Locations vous propose la <strong>location d&#8217;armoire chauffante<\/strong>. Les armoires chauffantes permettent de <strong>chauffer vos assiettes<\/strong> (120pcs) ou de <strong>garder vos plats au chaud<\/strong> avant de les envoyer en salle. Ces <strong>armoires chauffantes \u00e9lectriques<\/strong> vous aideront \u00e0 maintenir les plats de vos clients \u00e0 la temp\u00e9rature parfaite.<\/p>\n<p>Lors de l&#8217;organisation d&#8217;un banquet, il est tr\u00e8s important de <strong>servir des plats chauds \u00e0 l&#8217;ensemble des convives<\/strong> en m\u00eame temps ! Et y parvenir n&#8217;est pas toujours \u00e9vident ! Avec cette armoire chauffante, vous placer toutes vos <strong>assiettes aux chauds<\/strong> jusqu&#8217;au dernier moment, ce qui vous permet d&#8217;apporter des plats tout chauds et d\u00e9licieux \u00e0 tous les invit\u00e9s !<\/p>\n<p>L&#8217;<strong>armoire de mise \u00e0 temp\u00e9rature<\/strong> que nous vous proposons \u00e0 la location pour vos banquets et autres \u00e9v\u00e9nements est tr\u00e8s performante et est destin\u00e9e \u00e0 des <strong>professionnels de l&#8217;horeca (traiteurs, restaurateurs,&#8230;)<\/strong>.\u00a0Cette <strong>armoire chauffante<\/strong> en location comporte 7 niveaux, et est livr\u00e9e sur roulette, ce qui facilite son d\u00e9placement. Vous pourrez ainsi ranger l&#8217;armoire chauffante dans un coin ou une autre pi\u00e8ce lorsque vous n&#8217;en aurez plus besoin.<\/p>\n<h2><strong>Dimensions et caract\u00e9ristiques de l&#8217;armoire chauffante en location :<\/strong><\/h2>\n<ul>\n<li>Hauteur : 85 cm<\/li>\n<li>Largeur : 75 cm<\/li>\n<li>Profondeur : 48 cm<\/li>\n<li>Mati\u00e8re : acier inoxydable<\/li>\n<li>7 niveaux<\/li>\n<li>Alimentation : 230V<\/li>\n<li>Puissance : 1500W<\/li>\n<\/ul>\n<p>&nbsp;<\/p>\n","protected":false},"excerpt":{"rendered":"<p><strong>Armoire chauffante en location : pour la mise \u00e0 temp\u00e9rature de vos plats<\/strong>, 7 niveaux, 230V &#8211; 1500W<\/p>\n","protected":false},"featured_media":737965,"template":"","meta":{"_acf_changed":false},"product_brand":[],"product_cat":[29,34],"product_tag":[214],"class_list":{"0":"post-737798","1":"product","2":"type-product","3":"status-publish","4":"has-post-thumbnail","6":"product_cat-materiel-horeca-en-location","7":"product_cat-location-materiel-cuisine-et-buffet","8":"product_tag-location-materiel-banquet","9":"description-off","11":"first","12":"instock","13":"taxable","14":"shipping-taxable","15":"purchasable","16":"product-type-simple"},"acf":[],"yoast_head":"<!-- This site is optimized with the Yoast SEO plugin v25.0 - https:\/\/yoast.com\/wordpress\/plugins\/seo\/ -->\n<title>Armoire chauffante en location - 7 niveaux - 220V\/1500W | ML Locations<\/title>\n<meta name=\"description\" content=\"Armoire chauffante en location : pour la mise \u00e0 temp\u00e9rature d&#039;assiettes et le service de plats chauds lors de banquets, 7 niveaux 220V-1500W\" \/>\n<meta name=\"robots\" content=\"index, follow, max-snippet:-1, max-image-preview:large, max-video-preview:-1\" \/>\n<link rel=\"canonical\" href=\"https:\/\/ml-locations.be\/nl\/locations\/location-armoire-chauffante-7niveaux\/\" \/>\n<meta property=\"og:locale\" content=\"nl_NL\" \/>\n<meta property=\"og:type\" content=\"article\" \/>\n<meta property=\"og:title\" content=\"Armoire chauffante en location - 7 niveaux - 220V\/1500W | ML Locations\" \/>\n<meta property=\"og:description\" content=\"Armoire chauffante en location : pour la mise \u00e0 temp\u00e9rature d&#039;assiettes et le service de plats chauds lors de banquets, 7 niveaux 220V-1500W\" \/>\n<meta property=\"og:url\" content=\"https:\/\/ml-locations.be\/nl\/locations\/location-armoire-chauffante-7niveaux\/\" \/>\n<meta property=\"og:site_name\" content=\"ML Locations\" \/>\n<meta property=\"article:modified_time\" content=\"2026-04-17T08:54:31+00:00\" \/>\n<meta property=\"og:image\" content=\"https:\/\/ml-locations.be\/wp-content\/uploads\/2020\/04\/Armoire-chauffante-en-location.jpg\" \/>\n\t<meta property=\"og:image:width\" content=\"750\" \/>\n\t<meta property=\"og:image:height\" content=\"1000\" \/>\n\t<meta property=\"og:image:type\" content=\"image\/jpeg\" \/>\n<meta name=\"twitter:card\" content=\"summary_large_image\" \/>\n<meta name=\"twitter:label1\" content=\"Geschatte leestijd\" \/>\n\t<meta name=\"twitter:data1\" content=\"2 minuten\" \/>\n<script type=\"application\/ld+json\" class=\"yoast-schema-graph\">{\"@context\":\"https:\/\/schema.org\",\"@graph\":[{\"@type\":\"WebPage\",\"@id\":\"https:\/\/ml-locations.be\/nl\/locations\/location-armoire-chauffante-7niveaux\/\",\"url\":\"https:\/\/ml-locations.be\/nl\/locations\/location-armoire-chauffante-7niveaux\/\",\"name\":\"Armoire chauffante en location - 7 niveaux - 220V\/1500W | ML Locations\",\"isPartOf\":{\"@id\":\"https:\/\/ml-locations.be\/nl\/#website\"},\"primaryImageOfPage\":{\"@id\":\"https:\/\/ml-locations.be\/nl\/locations\/location-armoire-chauffante-7niveaux\/#primaryimage\"},\"image\":{\"@id\":\"https:\/\/ml-locations.be\/nl\/locations\/location-armoire-chauffante-7niveaux\/#primaryimage\"},\"thumbnailUrl\":\"https:\/\/ml-locations.be\/wp-content\/uploads\/2020\/04\/Armoire-chauffante-en-location.jpg\",\"datePublished\":\"2020-04-25T09:47:04+00:00\",\"dateModified\":\"2026-04-17T08:54:31+00:00\",\"description\":\"Armoire chauffante en location : pour la mise \u00e0 temp\u00e9rature d'assiettes et le service de plats chauds lors de banquets, 7 niveaux 220V-1500W\",\"breadcrumb\":{\"@id\":\"https:\/\/ml-locations.be\/nl\/locations\/location-armoire-chauffante-7niveaux\/#breadcrumb\"},\"inLanguage\":\"nl-NL\",\"potentialAction\":[{\"@type\":\"ReadAction\",\"target\":[\"https:\/\/ml-locations.be\/nl\/locations\/location-armoire-chauffante-7niveaux\/\"]}]},{\"@type\":\"ImageObject\",\"inLanguage\":\"nl-NL\",\"@id\":\"https:\/\/ml-locations.be\/nl\/locations\/location-armoire-chauffante-7niveaux\/#primaryimage\",\"url\":\"https:\/\/ml-locations.be\/wp-content\/uploads\/2020\/04\/Armoire-chauffante-en-location.jpg\",\"contentUrl\":\"https:\/\/ml-locations.be\/wp-content\/uploads\/2020\/04\/Armoire-chauffante-en-location.jpg\",\"width\":750,\"height\":1000,\"caption\":\"Location armoire chauffante : armoire de mise \u00e0 temp\u00e9rature pour banquets\"},{\"@type\":\"BreadcrumbList\",\"@id\":\"https:\/\/ml-locations.be\/nl\/locations\/location-armoire-chauffante-7niveaux\/#breadcrumb\",\"itemListElement\":[{\"@type\":\"ListItem\",\"position\":1,\"name\":\"Accueil\",\"item\":\"https:\/\/ml-locations.be\/nl\/\"},{\"@type\":\"ListItem\",\"position\":2,\"name\":\"Winkel\",\"item\":\"https:\/\/ml-locations.be\/nl\/winkel\/\"},{\"@type\":\"ListItem\",\"position\":3,\"name\":\"chauffe-assiettes \u00e9lectrique &#8211; 7 niveaux\"}]},{\"@type\":\"WebSite\",\"@id\":\"https:\/\/ml-locations.be\/nl\/#website\",\"url\":\"https:\/\/ml-locations.be\/nl\/\",\"name\":\"ML Locations\",\"description\":\"Mat\u00e9riel \u00e9v\u00e9nementiel : location chaise, table et mange debout, mat\u00e9riel horeca, frigos,...\",\"publisher\":{\"@id\":\"https:\/\/ml-locations.be\/nl\/#organization\"},\"potentialAction\":[{\"@type\":\"SearchAction\",\"target\":{\"@type\":\"EntryPoint\",\"urlTemplate\":\"https:\/\/ml-locations.be\/nl\/?s={search_term_string}\"},\"query-input\":{\"@type\":\"PropertyValueSpecification\",\"valueRequired\":true,\"valueName\":\"search_term_string\"}}],\"inLanguage\":\"nl-NL\"},{\"@type\":\"Organization\",\"@id\":\"https:\/\/ml-locations.be\/nl\/#organization\",\"name\":\"ML Locations\",\"url\":\"https:\/\/ml-locations.be\/nl\/\",\"logo\":{\"@type\":\"ImageObject\",\"inLanguage\":\"nl-NL\",\"@id\":\"https:\/\/ml-locations.be\/nl\/#\/schema\/logo\/image\/\",\"url\":\"https:\/\/ml-locations.be\/wp-content\/uploads\/2018\/05\/LOGO-location-BON.png\",\"contentUrl\":\"https:\/\/ml-locations.be\/wp-content\/uploads\/2018\/05\/LOGO-location-BON.png\",\"width\":1200,\"height\":1200,\"caption\":\"ML Locations\"},\"image\":{\"@id\":\"https:\/\/ml-locations.be\/nl\/#\/schema\/logo\/image\/\"}}]}<\/script>\n<!-- \/ Yoast SEO plugin. -->","yoast_head_json":{"title":"Armoire chauffante en location - 7 niveaux - 220V\/1500W | ML Locations","description":"Armoire chauffante en location : pour la mise \u00e0 temp\u00e9rature d'assiettes et le service de plats chauds lors de banquets, 7 niveaux 220V-1500W","robots":{"index":"index","follow":"follow","max-snippet":"max-snippet:-1","max-image-preview":"max-image-preview:large","max-video-preview":"max-video-preview:-1"},"canonical":"https:\/\/ml-locations.be\/nl\/locations\/location-armoire-chauffante-7niveaux\/","og_locale":"nl_NL","og_type":"article","og_title":"Armoire chauffante en location - 7 niveaux - 220V\/1500W | ML Locations","og_description":"Armoire chauffante en location : pour la mise \u00e0 temp\u00e9rature d'assiettes et le service de plats chauds lors de banquets, 7 niveaux 220V-1500W","og_url":"https:\/\/ml-locations.be\/nl\/locations\/location-armoire-chauffante-7niveaux\/","og_site_name":"ML Locations","article_modified_time":"2026-04-17T08:54:31+00:00","og_image":[{"width":750,"height":1000,"url":"https:\/\/ml-locations.be\/wp-content\/uploads\/2020\/04\/Armoire-chauffante-en-location.jpg","type":"image\/jpeg"}],"twitter_card":"summary_large_image","twitter_misc":{"Geschatte leestijd":"2 minuten"},"schema":{"@context":"https:\/\/schema.org","@graph":[{"@type":"WebPage","@id":"https:\/\/ml-locations.be\/nl\/locations\/location-armoire-chauffante-7niveaux\/","url":"https:\/\/ml-locations.be\/nl\/locations\/location-armoire-chauffante-7niveaux\/","name":"Armoire chauffante en location - 7 niveaux - 220V\/1500W | ML Locations","isPartOf":{"@id":"https:\/\/ml-locations.be\/nl\/#website"},"primaryImageOfPage":{"@id":"https:\/\/ml-locations.be\/nl\/locations\/location-armoire-chauffante-7niveaux\/#primaryimage"},"image":{"@id":"https:\/\/ml-locations.be\/nl\/locations\/location-armoire-chauffante-7niveaux\/#primaryimage"},"thumbnailUrl":"https:\/\/ml-locations.be\/wp-content\/uploads\/2020\/04\/Armoire-chauffante-en-location.jpg","datePublished":"2020-04-25T09:47:04+00:00","dateModified":"2026-04-17T08:54:31+00:00","description":"Armoire chauffante en location : pour la mise \u00e0 temp\u00e9rature d'assiettes et le service de plats chauds lors de banquets, 7 niveaux 220V-1500W","breadcrumb":{"@id":"https:\/\/ml-locations.be\/nl\/locations\/location-armoire-chauffante-7niveaux\/#breadcrumb"},"inLanguage":"nl-NL","potentialAction":[{"@type":"ReadAction","target":["https:\/\/ml-locations.be\/nl\/locations\/location-armoire-chauffante-7niveaux\/"]}]},{"@type":"ImageObject","inLanguage":"nl-NL","@id":"https:\/\/ml-locations.be\/nl\/locations\/location-armoire-chauffante-7niveaux\/#primaryimage","url":"https:\/\/ml-locations.be\/wp-content\/uploads\/2020\/04\/Armoire-chauffante-en-location.jpg","contentUrl":"https:\/\/ml-locations.be\/wp-content\/uploads\/2020\/04\/Armoire-chauffante-en-location.jpg","width":750,"height":1000,"caption":"Location armoire chauffante : armoire de mise \u00e0 temp\u00e9rature pour banquets"},{"@type":"BreadcrumbList","@id":"https:\/\/ml-locations.be\/nl\/locations\/location-armoire-chauffante-7niveaux\/#breadcrumb","itemListElement":[{"@type":"ListItem","position":1,"name":"Accueil","item":"https:\/\/ml-locations.be\/nl\/"},{"@type":"ListItem","position":2,"name":"Winkel","item":"https:\/\/ml-locations.be\/nl\/winkel\/"},{"@type":"ListItem","position":3,"name":"chauffe-assiettes \u00e9lectrique &#8211; 7 niveaux"}]},{"@type":"WebSite","@id":"https:\/\/ml-locations.be\/nl\/#website","url":"https:\/\/ml-locations.be\/nl\/","name":"ML Locations","description":"Mat\u00e9riel \u00e9v\u00e9nementiel : location chaise, table et mange debout, mat\u00e9riel horeca, frigos,...","publisher":{"@id":"https:\/\/ml-locations.be\/nl\/#organization"},"potentialAction":[{"@type":"SearchAction","target":{"@type":"EntryPoint","urlTemplate":"https:\/\/ml-locations.be\/nl\/?s={search_term_string}"},"query-input":{"@type":"PropertyValueSpecification","valueRequired":true,"valueName":"search_term_string"}}],"inLanguage":"nl-NL"},{"@type":"Organization","@id":"https:\/\/ml-locations.be\/nl\/#organization","name":"ML Locations","url":"https:\/\/ml-locations.be\/nl\/","logo":{"@type":"ImageObject","inLanguage":"nl-NL","@id":"https:\/\/ml-locations.be\/nl\/#\/schema\/logo\/image\/","url":"https:\/\/ml-locations.be\/wp-content\/uploads\/2018\/05\/LOGO-location-BON.png","contentUrl":"https:\/\/ml-locations.be\/wp-content\/uploads\/2018\/05\/LOGO-location-BON.png","width":1200,"height":1200,"caption":"ML Locations"},"image":{"@id":"https:\/\/ml-locations.be\/nl\/#\/schema\/logo\/image\/"}}]}},"_links":{"self":[{"href":"https:\/\/ml-locations.be\/nl\/wp-json\/wp\/v2\/product\/737798","targetHints":{"allow":["GET"]}}],"collection":[{"href":"https:\/\/ml-locations.be\/nl\/wp-json\/wp\/v2\/product"}],"about":[{"href":"https:\/\/ml-locations.be\/nl\/wp-json\/wp\/v2\/types\/product"}],"wp:featuredmedia":[{"embeddable":true,"href":"https:\/\/ml-locations.be\/nl\/wp-json\/wp\/v2\/media\/737965"}],"wp:attachment":[{"href":"https:\/\/ml-locations.be\/nl\/wp-json\/wp\/v2\/media?parent=737798"}],"wp:term":[{"taxonomy":"product_brand","embeddable":true,"href":"https:\/\/ml-locations.be\/nl\/wp-json\/wp\/v2\/product_brand?post=737798"},{"taxonomy":"product_cat","embeddable":true,"href":"https:\/\/ml-locations.be\/nl\/wp-json\/wp\/v2\/product_cat?post=737798"},{"taxonomy":"product_tag","embeddable":true,"href":"https:\/\/ml-locations.be\/nl\/wp-json\/wp\/v2\/product_tag?post=737798"}],"curies":[{"name":"wp","href":"https:\/\/api.w.org\/{rel}","templated":true}]}}