{"id":7497,"date":"2019-01-29T20:29:10","date_gmt":"2019-01-29T19:29:10","guid":{"rendered":"https:\/\/www.ml-locations.be?post_type=product&#038;p=7497"},"modified":"2019-01-29T20:29:11","modified_gmt":"2019-01-29T19:29:11","slug":"location-griffe-a-jambon","status":"publish","type":"product","link":"https:\/\/ml-locations.be\/nl\/locations\/location-griffe-a-jambon\/","title":{"rendered":"Griffe \u00e0 jambon"},"content":{"rendered":"<p>La <strong>griffe \u00e0 jambon<\/strong> permet de maintenir fermement le jambon sur un support qui en facilite la d\u00e9coupe. Deux bras munis de griffes enserrent le jambon. Cet accessoire pr\u00e9sente plusieurs avantage : le jambon est soigneusement pr\u00e9sent\u00e9 aux convives, la d\u00e9coupe du jambon se fait de mani\u00e8re s\u00e9curis\u00e9e et le service du jambon sur le buffet est simplifi\u00e9.<\/p>\n<p>Vous organisez un banquet et vous avez besoin d&#8217;une <strong>griffe \u00e0 jambon en location<\/strong> ? Ne cherchez plus et contactez-nous !<\/p>\n","protected":false},"excerpt":{"rendered":"<p>Griffe \u00e0 jambon sur support en bois : d\u00e9coupe facilit\u00e9e et pr\u00e9sentation soign\u00e9e.<\/p>\n","protected":false},"featured_media":7499,"template":"","meta":{"_acf_changed":false},"product_brand":[],"product_cat":[29,34],"product_tag":[],"class_list":{"0":"post-7497","1":"product","2":"type-product","3":"status-publish","4":"has-post-thumbnail","6":"product_cat-materiel-horeca-en-location","7":"product_cat-location-materiel-cuisine-et-buffet","8":"description-off","10":"first","11":"instock","12":"taxable","13":"shipping-taxable","14":"purchasable","15":"product-type-simple"},"acf":[],"yoast_head":"<!-- This site is optimized with the Yoast SEO plugin v25.0 - https:\/\/yoast.com\/wordpress\/plugins\/seo\/ -->\n<title>Location de griffe \u00e0 jambon - ML Locations<\/title>\n<meta name=\"description\" content=\"Griffe \u00e0 jambon en location pour vos \u00e9v\u00e9nements : facilite la d\u00e9coupe et la pr\u00e9sentation du jambon \u00e0 vos convives, griffe sur support en bois.\" \/>\n<meta name=\"robots\" content=\"index, follow, max-snippet:-1, max-image-preview:large, max-video-preview:-1\" \/>\n<link rel=\"canonical\" href=\"https:\/\/ml-locations.be\/nl\/locations\/location-griffe-a-jambon\/\" \/>\n<meta property=\"og:locale\" content=\"nl_NL\" \/>\n<meta property=\"og:type\" content=\"article\" \/>\n<meta property=\"og:title\" content=\"Location de griffe \u00e0 jambon - ML Locations\" \/>\n<meta property=\"og:description\" content=\"Griffe \u00e0 jambon en location pour vos \u00e9v\u00e9nements : facilite la d\u00e9coupe et la pr\u00e9sentation du jambon \u00e0 vos convives, griffe sur support en bois.\" \/>\n<meta property=\"og:url\" content=\"https:\/\/ml-locations.be\/nl\/locations\/location-griffe-a-jambon\/\" \/>\n<meta property=\"og:site_name\" content=\"ML Locations\" \/>\n<meta property=\"article:modified_time\" content=\"2019-01-29T19:29:11+00:00\" \/>\n<meta property=\"og:image\" content=\"https:\/\/ml-locations.be\/wp-content\/uploads\/2019\/01\/Location-griffe-a-jambon-e1548790133159.jpg\" \/>\n\t<meta property=\"og:image:width\" content=\"799\" \/>\n\t<meta property=\"og:image:height\" content=\"445\" \/>\n\t<meta property=\"og:image:type\" content=\"image\/jpeg\" \/>\n<meta name=\"twitter:card\" content=\"summary_large_image\" \/>\n<script type=\"application\/ld+json\" class=\"yoast-schema-graph\">{\"@context\":\"https:\/\/schema.org\",\"@graph\":[{\"@type\":\"WebPage\",\"@id\":\"https:\/\/ml-locations.be\/nl\/locations\/location-griffe-a-jambon\/\",\"url\":\"https:\/\/ml-locations.be\/nl\/locations\/location-griffe-a-jambon\/\",\"name\":\"Location de griffe \u00e0 jambon - ML Locations\",\"isPartOf\":{\"@id\":\"https:\/\/ml-locations.be\/nl\/#website\"},\"primaryImageOfPage\":{\"@id\":\"https:\/\/ml-locations.be\/nl\/locations\/location-griffe-a-jambon\/#primaryimage\"},\"image\":{\"@id\":\"https:\/\/ml-locations.be\/nl\/locations\/location-griffe-a-jambon\/#primaryimage\"},\"thumbnailUrl\":\"https:\/\/ml-locations.be\/wp-content\/uploads\/2019\/01\/Location-griffe-a-jambon-e1548790133159.jpg\",\"datePublished\":\"2019-01-29T19:29:10+00:00\",\"dateModified\":\"2019-01-29T19:29:11+00:00\",\"description\":\"Griffe \u00e0 jambon en location pour vos \u00e9v\u00e9nements : facilite la d\u00e9coupe et la pr\u00e9sentation du jambon \u00e0 vos convives, griffe sur support en bois.\",\"breadcrumb\":{\"@id\":\"https:\/\/ml-locations.be\/nl\/locations\/location-griffe-a-jambon\/#breadcrumb\"},\"inLanguage\":\"nl-NL\",\"potentialAction\":[{\"@type\":\"ReadAction\",\"target\":[\"https:\/\/ml-locations.be\/nl\/locations\/location-griffe-a-jambon\/\"]}]},{\"@type\":\"ImageObject\",\"inLanguage\":\"nl-NL\",\"@id\":\"https:\/\/ml-locations.be\/nl\/locations\/location-griffe-a-jambon\/#primaryimage\",\"url\":\"https:\/\/ml-locations.be\/wp-content\/uploads\/2019\/01\/Location-griffe-a-jambon-e1548790133159.jpg\",\"contentUrl\":\"https:\/\/ml-locations.be\/wp-content\/uploads\/2019\/01\/Location-griffe-a-jambon-e1548790133159.jpg\",\"width\":799,\"height\":445},{\"@type\":\"BreadcrumbList\",\"@id\":\"https:\/\/ml-locations.be\/nl\/locations\/location-griffe-a-jambon\/#breadcrumb\",\"itemListElement\":[{\"@type\":\"ListItem\",\"position\":1,\"name\":\"Accueil\",\"item\":\"https:\/\/ml-locations.be\/nl\/\"},{\"@type\":\"ListItem\",\"position\":2,\"name\":\"Winkel\",\"item\":\"https:\/\/ml-locations.be\/nl\/winkel\/\"},{\"@type\":\"ListItem\",\"position\":3,\"name\":\"Griffe \u00e0 jambon\"}]},{\"@type\":\"WebSite\",\"@id\":\"https:\/\/ml-locations.be\/nl\/#website\",\"url\":\"https:\/\/ml-locations.be\/nl\/\",\"name\":\"ML Locations\",\"description\":\"Mat\u00e9riel \u00e9v\u00e9nementiel : location chaise, table et mange debout, mat\u00e9riel horeca, frigos,...\",\"publisher\":{\"@id\":\"https:\/\/ml-locations.be\/nl\/#organization\"},\"potentialAction\":[{\"@type\":\"SearchAction\",\"target\":{\"@type\":\"EntryPoint\",\"urlTemplate\":\"https:\/\/ml-locations.be\/nl\/?s={search_term_string}\"},\"query-input\":{\"@type\":\"PropertyValueSpecification\",\"valueRequired\":true,\"valueName\":\"search_term_string\"}}],\"inLanguage\":\"nl-NL\"},{\"@type\":\"Organization\",\"@id\":\"https:\/\/ml-locations.be\/nl\/#organization\",\"name\":\"ML Locations\",\"url\":\"https:\/\/ml-locations.be\/nl\/\",\"logo\":{\"@type\":\"ImageObject\",\"inLanguage\":\"nl-NL\",\"@id\":\"https:\/\/ml-locations.be\/nl\/#\/schema\/logo\/image\/\",\"url\":\"https:\/\/ml-locations.be\/wp-content\/uploads\/2018\/05\/LOGO-location-BON.png\",\"contentUrl\":\"https:\/\/ml-locations.be\/wp-content\/uploads\/2018\/05\/LOGO-location-BON.png\",\"width\":1200,\"height\":1200,\"caption\":\"ML Locations\"},\"image\":{\"@id\":\"https:\/\/ml-locations.be\/nl\/#\/schema\/logo\/image\/\"}}]}<\/script>\n<!-- \/ Yoast SEO plugin. -->","yoast_head_json":{"title":"Location de griffe \u00e0 jambon - ML Locations","description":"Griffe \u00e0 jambon en location pour vos \u00e9v\u00e9nements : facilite la d\u00e9coupe et la pr\u00e9sentation du jambon \u00e0 vos convives, griffe sur support en bois.","robots":{"index":"index","follow":"follow","max-snippet":"max-snippet:-1","max-image-preview":"max-image-preview:large","max-video-preview":"max-video-preview:-1"},"canonical":"https:\/\/ml-locations.be\/nl\/locations\/location-griffe-a-jambon\/","og_locale":"nl_NL","og_type":"article","og_title":"Location de griffe \u00e0 jambon - ML Locations","og_description":"Griffe \u00e0 jambon en location pour vos \u00e9v\u00e9nements : facilite la d\u00e9coupe et la pr\u00e9sentation du jambon \u00e0 vos convives, griffe sur support en bois.","og_url":"https:\/\/ml-locations.be\/nl\/locations\/location-griffe-a-jambon\/","og_site_name":"ML Locations","article_modified_time":"2019-01-29T19:29:11+00:00","og_image":[{"width":799,"height":445,"url":"https:\/\/ml-locations.be\/wp-content\/uploads\/2019\/01\/Location-griffe-a-jambon-e1548790133159.jpg","type":"image\/jpeg"}],"twitter_card":"summary_large_image","schema":{"@context":"https:\/\/schema.org","@graph":[{"@type":"WebPage","@id":"https:\/\/ml-locations.be\/nl\/locations\/location-griffe-a-jambon\/","url":"https:\/\/ml-locations.be\/nl\/locations\/location-griffe-a-jambon\/","name":"Location de griffe \u00e0 jambon - ML Locations","isPartOf":{"@id":"https:\/\/ml-locations.be\/nl\/#website"},"primaryImageOfPage":{"@id":"https:\/\/ml-locations.be\/nl\/locations\/location-griffe-a-jambon\/#primaryimage"},"image":{"@id":"https:\/\/ml-locations.be\/nl\/locations\/location-griffe-a-jambon\/#primaryimage"},"thumbnailUrl":"https:\/\/ml-locations.be\/wp-content\/uploads\/2019\/01\/Location-griffe-a-jambon-e1548790133159.jpg","datePublished":"2019-01-29T19:29:10+00:00","dateModified":"2019-01-29T19:29:11+00:00","description":"Griffe \u00e0 jambon en location pour vos \u00e9v\u00e9nements : facilite la d\u00e9coupe et la pr\u00e9sentation du jambon \u00e0 vos convives, griffe sur support en bois.","breadcrumb":{"@id":"https:\/\/ml-locations.be\/nl\/locations\/location-griffe-a-jambon\/#breadcrumb"},"inLanguage":"nl-NL","potentialAction":[{"@type":"ReadAction","target":["https:\/\/ml-locations.be\/nl\/locations\/location-griffe-a-jambon\/"]}]},{"@type":"ImageObject","inLanguage":"nl-NL","@id":"https:\/\/ml-locations.be\/nl\/locations\/location-griffe-a-jambon\/#primaryimage","url":"https:\/\/ml-locations.be\/wp-content\/uploads\/2019\/01\/Location-griffe-a-jambon-e1548790133159.jpg","contentUrl":"https:\/\/ml-locations.be\/wp-content\/uploads\/2019\/01\/Location-griffe-a-jambon-e1548790133159.jpg","width":799,"height":445},{"@type":"BreadcrumbList","@id":"https:\/\/ml-locations.be\/nl\/locations\/location-griffe-a-jambon\/#breadcrumb","itemListElement":[{"@type":"ListItem","position":1,"name":"Accueil","item":"https:\/\/ml-locations.be\/nl\/"},{"@type":"ListItem","position":2,"name":"Winkel","item":"https:\/\/ml-locations.be\/nl\/winkel\/"},{"@type":"ListItem","position":3,"name":"Griffe \u00e0 jambon"}]},{"@type":"WebSite","@id":"https:\/\/ml-locations.be\/nl\/#website","url":"https:\/\/ml-locations.be\/nl\/","name":"ML Locations","description":"Mat\u00e9riel \u00e9v\u00e9nementiel : location chaise, table et mange debout, mat\u00e9riel horeca, frigos,...","publisher":{"@id":"https:\/\/ml-locations.be\/nl\/#organization"},"potentialAction":[{"@type":"SearchAction","target":{"@type":"EntryPoint","urlTemplate":"https:\/\/ml-locations.be\/nl\/?s={search_term_string}"},"query-input":{"@type":"PropertyValueSpecification","valueRequired":true,"valueName":"search_term_string"}}],"inLanguage":"nl-NL"},{"@type":"Organization","@id":"https:\/\/ml-locations.be\/nl\/#organization","name":"ML Locations","url":"https:\/\/ml-locations.be\/nl\/","logo":{"@type":"ImageObject","inLanguage":"nl-NL","@id":"https:\/\/ml-locations.be\/nl\/#\/schema\/logo\/image\/","url":"https:\/\/ml-locations.be\/wp-content\/uploads\/2018\/05\/LOGO-location-BON.png","contentUrl":"https:\/\/ml-locations.be\/wp-content\/uploads\/2018\/05\/LOGO-location-BON.png","width":1200,"height":1200,"caption":"ML Locations"},"image":{"@id":"https:\/\/ml-locations.be\/nl\/#\/schema\/logo\/image\/"}}]}},"_links":{"self":[{"href":"https:\/\/ml-locations.be\/nl\/wp-json\/wp\/v2\/product\/7497","targetHints":{"allow":["GET"]}}],"collection":[{"href":"https:\/\/ml-locations.be\/nl\/wp-json\/wp\/v2\/product"}],"about":[{"href":"https:\/\/ml-locations.be\/nl\/wp-json\/wp\/v2\/types\/product"}],"wp:featuredmedia":[{"embeddable":true,"href":"https:\/\/ml-locations.be\/nl\/wp-json\/wp\/v2\/media\/7499"}],"wp:attachment":[{"href":"https:\/\/ml-locations.be\/nl\/wp-json\/wp\/v2\/media?parent=7497"}],"wp:term":[{"taxonomy":"product_brand","embeddable":true,"href":"https:\/\/ml-locations.be\/nl\/wp-json\/wp\/v2\/product_brand?post=7497"},{"taxonomy":"product_cat","embeddable":true,"href":"https:\/\/ml-locations.be\/nl\/wp-json\/wp\/v2\/product_cat?post=7497"},{"taxonomy":"product_tag","embeddable":true,"href":"https:\/\/ml-locations.be\/nl\/wp-json\/wp\/v2\/product_tag?post=7497"}],"curies":[{"name":"wp","href":"https:\/\/api.w.org\/{rel}","templated":true}]}}