{"id":7584,"date":"2019-02-11T19:23:39","date_gmt":"2019-02-11T18:23:39","guid":{"rendered":"https:\/\/www.ml-locations.be?post_type=product&#038;p=7584"},"modified":"2020-04-25T12:56:51","modified_gmt":"2020-04-25T10:56:51","slug":"location-costume-pere-noel","status":"publish","type":"product","link":"https:\/\/ml-locations.be\/nl\/locations\/location-costume-pere-noel\/","title":{"rendered":"Costume de P\u00e8re No\u00ebl"},"content":{"rendered":"<p>Costume de P\u00e8re No\u00ebl en location se compose\u00a0d\u2019une veste, d\u2019un pantalon, d\u2019une ceinture et d\u2019un bonnet.<br \/>\nLes accessoires suivants sont fournis lors de la location du d\u00e9guisement de P\u00e8re No\u00ebl : barbe, perruque, gants blanc, faux ventre. De quoi vous faire passer pour le vrai P\u00e8re No\u00ebl et faire r\u00eaver les enfants !<\/p>\n<p>Enfilez ce\u00a0<strong>costume de P\u00e8re No\u00ebl en location\u00a0<\/strong>et incarnez le P\u00e8re No\u00ebl lors des f\u00eates de fin d&#8217;ann\u00e9e !<\/p>\n<p>Nous pouvons \u00e9galement vous fournir un <a href=\"https:\/\/ml-locations.be\/locations\/trone\/\">tr\u00f4ne de P\u00e8re No\u00ebl en location<\/a> pour parfaire le d\u00e9cor et recevoir les enfants sages !<\/p>\n<p>Retrouvez \u00e9galement nos <a href=\"https:\/\/ml-locations.be\/location\/decorations-pour-evenements\/decorations-hiver-a-louer\/\"><strong>d\u00e9corations de No\u00ebl<\/strong><\/a>\u00a0et\u00a0<a href=\"https:\/\/ml-locations.be\/locations\/sapin-lumineux-led-150cm-rouge\/\">sapins de No\u00ebl lumineux<\/a>.<\/p>\n<p><strong>Caract\u00e9ristiques du costume de P\u00e8re No\u00ebl en location :\u00a0<\/strong><\/p>\n<ul>\n<li>Pantalon : 100 % coton<\/li>\n<li>Ext\u00e9rieur de la veste : 100 % polyester<\/li>\n<li>Rembourrage : 100 % coton<\/li>\n<\/ul>\n","protected":false},"excerpt":{"rendered":"<p>Costume de P\u00e8re No\u00ebl en location : incarnez le P\u00e8re No\u00ebl avec ce d\u00e9guisement complet comprenant le costume et les accessoires !<\/p>\n","protected":false},"featured_media":7644,"template":"","meta":{"_acf_changed":false},"product_brand":[],"product_cat":[126,51],"product_tag":[],"class_list":{"0":"post-7584","1":"product","2":"type-product","3":"status-publish","4":"has-post-thumbnail","6":"product_cat-decorations-pour-evenements","7":"product_cat-decorations-hiver-a-louer","8":"description-off","10":"first","11":"instock","12":"taxable","13":"shipping-taxable","14":"purchasable","15":"product-type-simple"},"acf":[],"yoast_head":"<!-- This site is optimized with the Yoast SEO plugin v25.0 - https:\/\/yoast.com\/wordpress\/plugins\/seo\/ -->\n<title>Costume de P\u00e8re No\u00ebl en location - ML Locations<\/title>\n<meta name=\"description\" content=\"D\u00e9guisement de P\u00e8re No\u00ebl en location comprenant : costume complet, barbe et perruque, gants blancs, faux ventre ! Contactez-nous !\" \/>\n<meta name=\"robots\" content=\"index, follow, max-snippet:-1, max-image-preview:large, max-video-preview:-1\" \/>\n<link rel=\"canonical\" href=\"https:\/\/ml-locations.be\/nl\/locations\/location-costume-pere-noel\/\" \/>\n<meta property=\"og:locale\" content=\"nl_NL\" \/>\n<meta property=\"og:type\" content=\"article\" \/>\n<meta property=\"og:title\" content=\"Costume de P\u00e8re No\u00ebl en location - ML Locations\" \/>\n<meta property=\"og:description\" content=\"D\u00e9guisement de P\u00e8re No\u00ebl en location comprenant : costume complet, barbe et perruque, gants blancs, faux ventre ! Contactez-nous !\" \/>\n<meta property=\"og:url\" content=\"https:\/\/ml-locations.be\/nl\/locations\/location-costume-pere-noel\/\" \/>\n<meta property=\"og:site_name\" content=\"ML Locations\" \/>\n<meta property=\"article:modified_time\" content=\"2020-04-25T10:56:51+00:00\" \/>\n<meta property=\"og:image\" content=\"https:\/\/ml-locations.be\/wp-content\/uploads\/2019\/02\/Location-costume-Pe\u0300re-Noe\u0308l-1.jpg\" \/>\n\t<meta property=\"og:image:width\" content=\"900\" \/>\n\t<meta property=\"og:image:height\" content=\"1200\" \/>\n\t<meta property=\"og:image:type\" content=\"image\/jpeg\" \/>\n<meta name=\"twitter:card\" content=\"summary_large_image\" \/>\n<meta name=\"twitter:label1\" content=\"Geschatte leestijd\" \/>\n\t<meta name=\"twitter:data1\" content=\"1 minuut\" \/>\n<script type=\"application\/ld+json\" class=\"yoast-schema-graph\">{\"@context\":\"https:\/\/schema.org\",\"@graph\":[{\"@type\":\"WebPage\",\"@id\":\"https:\/\/ml-locations.be\/nl\/locations\/location-costume-pere-noel\/\",\"url\":\"https:\/\/ml-locations.be\/nl\/locations\/location-costume-pere-noel\/\",\"name\":\"Costume de P\u00e8re No\u00ebl en location - ML Locations\",\"isPartOf\":{\"@id\":\"https:\/\/ml-locations.be\/nl\/#website\"},\"primaryImageOfPage\":{\"@id\":\"https:\/\/ml-locations.be\/nl\/locations\/location-costume-pere-noel\/#primaryimage\"},\"image\":{\"@id\":\"https:\/\/ml-locations.be\/nl\/locations\/location-costume-pere-noel\/#primaryimage\"},\"thumbnailUrl\":\"https:\/\/ml-locations.be\/wp-content\/uploads\/2019\/02\/Location-costume-Pe\u0300re-Noe\u0308l-1.jpg\",\"datePublished\":\"2019-02-11T18:23:39+00:00\",\"dateModified\":\"2020-04-25T10:56:51+00:00\",\"description\":\"D\u00e9guisement de P\u00e8re No\u00ebl en location comprenant : costume complet, barbe et perruque, gants blancs, faux ventre ! Contactez-nous !\",\"breadcrumb\":{\"@id\":\"https:\/\/ml-locations.be\/nl\/locations\/location-costume-pere-noel\/#breadcrumb\"},\"inLanguage\":\"nl-NL\",\"potentialAction\":[{\"@type\":\"ReadAction\",\"target\":[\"https:\/\/ml-locations.be\/nl\/locations\/location-costume-pere-noel\/\"]}]},{\"@type\":\"ImageObject\",\"inLanguage\":\"nl-NL\",\"@id\":\"https:\/\/ml-locations.be\/nl\/locations\/location-costume-pere-noel\/#primaryimage\",\"url\":\"https:\/\/ml-locations.be\/wp-content\/uploads\/2019\/02\/Location-costume-Pe\u0300re-Noe\u0308l-1.jpg\",\"contentUrl\":\"https:\/\/ml-locations.be\/wp-content\/uploads\/2019\/02\/Location-costume-Pe\u0300re-Noe\u0308l-1.jpg\",\"width\":900,\"height\":1200,\"caption\":\"D\u00e9guisement de P\u00e8re No\u00ebl en location\"},{\"@type\":\"BreadcrumbList\",\"@id\":\"https:\/\/ml-locations.be\/nl\/locations\/location-costume-pere-noel\/#breadcrumb\",\"itemListElement\":[{\"@type\":\"ListItem\",\"position\":1,\"name\":\"Accueil\",\"item\":\"https:\/\/ml-locations.be\/nl\/\"},{\"@type\":\"ListItem\",\"position\":2,\"name\":\"Winkel\",\"item\":\"https:\/\/ml-locations.be\/nl\/winkel\/\"},{\"@type\":\"ListItem\",\"position\":3,\"name\":\"Costume de P\u00e8re No\u00ebl\"}]},{\"@type\":\"WebSite\",\"@id\":\"https:\/\/ml-locations.be\/nl\/#website\",\"url\":\"https:\/\/ml-locations.be\/nl\/\",\"name\":\"ML Locations\",\"description\":\"Mat\u00e9riel \u00e9v\u00e9nementiel : location chaise, table et mange debout, mat\u00e9riel horeca, frigos,...\",\"publisher\":{\"@id\":\"https:\/\/ml-locations.be\/nl\/#organization\"},\"potentialAction\":[{\"@type\":\"SearchAction\",\"target\":{\"@type\":\"EntryPoint\",\"urlTemplate\":\"https:\/\/ml-locations.be\/nl\/?s={search_term_string}\"},\"query-input\":{\"@type\":\"PropertyValueSpecification\",\"valueRequired\":true,\"valueName\":\"search_term_string\"}}],\"inLanguage\":\"nl-NL\"},{\"@type\":\"Organization\",\"@id\":\"https:\/\/ml-locations.be\/nl\/#organization\",\"name\":\"ML Locations\",\"url\":\"https:\/\/ml-locations.be\/nl\/\",\"logo\":{\"@type\":\"ImageObject\",\"inLanguage\":\"nl-NL\",\"@id\":\"https:\/\/ml-locations.be\/nl\/#\/schema\/logo\/image\/\",\"url\":\"https:\/\/ml-locations.be\/wp-content\/uploads\/2018\/05\/LOGO-location-BON.png\",\"contentUrl\":\"https:\/\/ml-locations.be\/wp-content\/uploads\/2018\/05\/LOGO-location-BON.png\",\"width\":1200,\"height\":1200,\"caption\":\"ML Locations\"},\"image\":{\"@id\":\"https:\/\/ml-locations.be\/nl\/#\/schema\/logo\/image\/\"}}]}<\/script>\n<!-- \/ Yoast SEO plugin. -->","yoast_head_json":{"title":"Costume de P\u00e8re No\u00ebl en location - ML Locations","description":"D\u00e9guisement de P\u00e8re No\u00ebl en location comprenant : costume complet, barbe et perruque, gants blancs, faux ventre ! Contactez-nous !","robots":{"index":"index","follow":"follow","max-snippet":"max-snippet:-1","max-image-preview":"max-image-preview:large","max-video-preview":"max-video-preview:-1"},"canonical":"https:\/\/ml-locations.be\/nl\/locations\/location-costume-pere-noel\/","og_locale":"nl_NL","og_type":"article","og_title":"Costume de P\u00e8re No\u00ebl en location - ML Locations","og_description":"D\u00e9guisement de P\u00e8re No\u00ebl en location comprenant : costume complet, barbe et perruque, gants blancs, faux ventre ! Contactez-nous !","og_url":"https:\/\/ml-locations.be\/nl\/locations\/location-costume-pere-noel\/","og_site_name":"ML Locations","article_modified_time":"2020-04-25T10:56:51+00:00","og_image":[{"width":900,"height":1200,"url":"https:\/\/ml-locations.be\/wp-content\/uploads\/2019\/02\/Location-costume-Pe\u0300re-Noe\u0308l-1.jpg","type":"image\/jpeg"}],"twitter_card":"summary_large_image","twitter_misc":{"Geschatte leestijd":"1 minuut"},"schema":{"@context":"https:\/\/schema.org","@graph":[{"@type":"WebPage","@id":"https:\/\/ml-locations.be\/nl\/locations\/location-costume-pere-noel\/","url":"https:\/\/ml-locations.be\/nl\/locations\/location-costume-pere-noel\/","name":"Costume de P\u00e8re No\u00ebl en location - ML Locations","isPartOf":{"@id":"https:\/\/ml-locations.be\/nl\/#website"},"primaryImageOfPage":{"@id":"https:\/\/ml-locations.be\/nl\/locations\/location-costume-pere-noel\/#primaryimage"},"image":{"@id":"https:\/\/ml-locations.be\/nl\/locations\/location-costume-pere-noel\/#primaryimage"},"thumbnailUrl":"https:\/\/ml-locations.be\/wp-content\/uploads\/2019\/02\/Location-costume-Pe\u0300re-Noe\u0308l-1.jpg","datePublished":"2019-02-11T18:23:39+00:00","dateModified":"2020-04-25T10:56:51+00:00","description":"D\u00e9guisement de P\u00e8re No\u00ebl en location comprenant : costume complet, barbe et perruque, gants blancs, faux ventre ! Contactez-nous !","breadcrumb":{"@id":"https:\/\/ml-locations.be\/nl\/locations\/location-costume-pere-noel\/#breadcrumb"},"inLanguage":"nl-NL","potentialAction":[{"@type":"ReadAction","target":["https:\/\/ml-locations.be\/nl\/locations\/location-costume-pere-noel\/"]}]},{"@type":"ImageObject","inLanguage":"nl-NL","@id":"https:\/\/ml-locations.be\/nl\/locations\/location-costume-pere-noel\/#primaryimage","url":"https:\/\/ml-locations.be\/wp-content\/uploads\/2019\/02\/Location-costume-Pe\u0300re-Noe\u0308l-1.jpg","contentUrl":"https:\/\/ml-locations.be\/wp-content\/uploads\/2019\/02\/Location-costume-Pe\u0300re-Noe\u0308l-1.jpg","width":900,"height":1200,"caption":"D\u00e9guisement de P\u00e8re No\u00ebl en location"},{"@type":"BreadcrumbList","@id":"https:\/\/ml-locations.be\/nl\/locations\/location-costume-pere-noel\/#breadcrumb","itemListElement":[{"@type":"ListItem","position":1,"name":"Accueil","item":"https:\/\/ml-locations.be\/nl\/"},{"@type":"ListItem","position":2,"name":"Winkel","item":"https:\/\/ml-locations.be\/nl\/winkel\/"},{"@type":"ListItem","position":3,"name":"Costume de P\u00e8re No\u00ebl"}]},{"@type":"WebSite","@id":"https:\/\/ml-locations.be\/nl\/#website","url":"https:\/\/ml-locations.be\/nl\/","name":"ML Locations","description":"Mat\u00e9riel \u00e9v\u00e9nementiel : location chaise, table et mange debout, mat\u00e9riel horeca, frigos,...","publisher":{"@id":"https:\/\/ml-locations.be\/nl\/#organization"},"potentialAction":[{"@type":"SearchAction","target":{"@type":"EntryPoint","urlTemplate":"https:\/\/ml-locations.be\/nl\/?s={search_term_string}"},"query-input":{"@type":"PropertyValueSpecification","valueRequired":true,"valueName":"search_term_string"}}],"inLanguage":"nl-NL"},{"@type":"Organization","@id":"https:\/\/ml-locations.be\/nl\/#organization","name":"ML Locations","url":"https:\/\/ml-locations.be\/nl\/","logo":{"@type":"ImageObject","inLanguage":"nl-NL","@id":"https:\/\/ml-locations.be\/nl\/#\/schema\/logo\/image\/","url":"https:\/\/ml-locations.be\/wp-content\/uploads\/2018\/05\/LOGO-location-BON.png","contentUrl":"https:\/\/ml-locations.be\/wp-content\/uploads\/2018\/05\/LOGO-location-BON.png","width":1200,"height":1200,"caption":"ML Locations"},"image":{"@id":"https:\/\/ml-locations.be\/nl\/#\/schema\/logo\/image\/"}}]}},"_links":{"self":[{"href":"https:\/\/ml-locations.be\/nl\/wp-json\/wp\/v2\/product\/7584","targetHints":{"allow":["GET"]}}],"collection":[{"href":"https:\/\/ml-locations.be\/nl\/wp-json\/wp\/v2\/product"}],"about":[{"href":"https:\/\/ml-locations.be\/nl\/wp-json\/wp\/v2\/types\/product"}],"wp:featuredmedia":[{"embeddable":true,"href":"https:\/\/ml-locations.be\/nl\/wp-json\/wp\/v2\/media\/7644"}],"wp:attachment":[{"href":"https:\/\/ml-locations.be\/nl\/wp-json\/wp\/v2\/media?parent=7584"}],"wp:term":[{"taxonomy":"product_brand","embeddable":true,"href":"https:\/\/ml-locations.be\/nl\/wp-json\/wp\/v2\/product_brand?post=7584"},{"taxonomy":"product_cat","embeddable":true,"href":"https:\/\/ml-locations.be\/nl\/wp-json\/wp\/v2\/product_cat?post=7584"},{"taxonomy":"product_tag","embeddable":true,"href":"https:\/\/ml-locations.be\/nl\/wp-json\/wp\/v2\/product_tag?post=7584"}],"curies":[{"name":"wp","href":"https:\/\/api.w.org\/{rel}","templated":true}]}}