{"id":7649,"date":"2019-02-11T20:13:55","date_gmt":"2019-02-11T19:13:55","guid":{"rendered":"https:\/\/www.ml-locations.be?post_type=product&#038;p=7649"},"modified":"2019-02-11T20:13:56","modified_gmt":"2019-02-11T19:13:56","slug":"location-appareil-raclette-savoyarde","status":"publish","type":"product","link":"https:\/\/ml-locations.be\/nl\/locations\/location-appareil-raclette-savoyarde\/","title":{"rendered":"Appareil \u00e0 raclette"},"content":{"rendered":"<p><strong>Appareil \u00e0 raclette en location<\/strong> pour pr\u00e9parer de bonnes raclettes au fromage ! L&#8217;hiver est la saison id\u00e9ale pour d\u00e9guster une bonne<strong> raclette savoyarde<\/strong>. En famille ou entre ami, la raclette savoyarde est un plat qui demande tr\u00e8s peu de pr\u00e9paration :\u00a0 une demi roue de <strong>fromage<\/strong>, quelques pommes de terre et crudit\u00e9s et c&#8217;est parti ! Parfait pour organiser un repas convivial lors des longues soir\u00e9es d&#8217;hiver !<\/p>\n<p>L&#8217;appareil est <strong>fourni avec un couteau \u00e0 raclette<\/strong> pour en faciliter le service.<\/p>\n<h2><strong>Comment fonctionne l&#8217;appareil \u00e0 raclette en location ?\u00a0<\/strong><\/h2>\n<p>Cet appareil \u00e0 raclette est tr\u00e8s simple d&#8217;utilisation ! Pas besoin de talents culinaires particuliers pour pouvoir en profiter! Il vous suffit d&#8217;acheter un bon fromage chez votre fromager (une demi roue de fromage est id\u00e9ale pour cet appareil). Branchez l&#8217;appareil \u00e0 raclette 10 minutes avant de commencer \u00e0 manger afin de pr\u00e9chauffer la r\u00e9sistance (cela devrait vous laisser le temps de d\u00e9guster un bon verre de vin blanc !). Lorsque l&#8217;appareil \u00e0 raclette est chaud, placez le fromage sur le support sous la r\u00e9sistance de l&#8217;<strong>appareil \u00e0 raclette. <\/strong>Ajustez la hauteur de la r\u00e9sistance \u00e0 l&#8217;aide de la roulette\u00a0et patientez quelques instants (30 &#8211; 45 secondes par portion de fromage) en attendant que le fromage fonde. Attention, le fromage doit \u00eatre plac\u00e9 \u00e0 environ 1 cm de la r\u00e9sistance, parall\u00e8lement \u00e0 celle-ci. Lorsque le fromage est bien fondu, saisissez la tige qui maintient le fromage par la &#8220;boule noire&#8221; afin de l&#8217;inclinez vers votre assiette, raclez simplement le fromage fondu avec notre couteau \u00e0 raclette fourni (sans presser sur le fromage!) sur une pomme de terre ou directement dans votre assiette, et c&#8217;est pr\u00eat !<\/p>\n<p><strong>IMPORTANT<\/strong> : si la distance entre le fromage et la r\u00e9sistance de l&#8217;appareil \u00e0 raclette est plus grande que 1cm, vous chaufferez tout le fromage \u00e0 raclette et vous devrez attendre plus longtemps entre chaque service.<\/p>\n<p>Le couteau \u00e0 raclette fourni vous permet de racler d&#8217;un c\u00f4t\u00e9 et de couper les cro\u00fbtes de fromage de l&#8217;autre (les cro\u00fbtes peuvent \u00eatre replac\u00e9es sur le fromage pour fondre avec la prochaine raclette, un vrai d\u00e9lice !).<\/p>\n<p>Nous ne vendons pas le fromage \u00e0 raclette savoyarde mais si vous insistez nous pourrons vous conseillez une bonne fromagerie de la r\u00e9gion namuroise lorsque vous viendrez chercher votre <strong>appareil \u00e0 raclette savoyarde en location<\/strong>.<\/p>\n<p>Nous vous conseillons de <strong>louer un appareil \u00e0 raclette pour 6 \u00e0 8 personnes<\/strong>. Le bo\u00eetier de chauffe horizontal qui comprend la r\u00e9sistance est r\u00e9glable en hauteur par cr\u00e9maill\u00e8re. Ce mode de cuisson horizontale permet de gratiner le fromage \u00e0 raclette. Le porte fromage est inclinable pour faciliter le service dans l&#8217;assiette. En fin de repas, l&#8217;appareil se d\u00e9monte rapidement, et le nettoyage et le rangement sont tr\u00e8s faciles.<\/p>\n<h2><strong>Caract\u00e9ristiques de l&#8217;appareil \u00e0 raclette en location :<\/strong><\/h2>\n<ul>\n<li>Puissance : 850W<\/li>\n<li>Tension : 230V<\/li>\n<li>Longueur : 530 mm<\/li>\n<li>Largeur : 265 mm<\/li>\n<li>Hauteur : 250 mm mini \/ 400 mm maxi<\/li>\n<li>Ajustement de la hauteur de la r\u00e9sistance gr\u00e2ce \u00e0 une cr\u00e9maill\u00e8re (dents)<\/li>\n<li>Poids : 3,700 kg<\/li>\n<li>Longueur du c\u00e2ble \u00e9lectrique : 2,20 m<\/li>\n<li>Cuisson tr\u00e8s rapide : approximativement 30 \u00e0 45 secondes<\/li>\n<\/ul>\n","protected":false},"excerpt":{"rendered":"<p><strong>Appareil \u00e0 raclette savoyarde en location<\/strong> : placez le fromage sous la r\u00e9sistance, patientez quelques instants, quand le fromage est fondu c&#8217;est pr\u00eat !<\/p>\n","protected":false},"featured_media":7654,"template":"","meta":{"_acf_changed":false},"product_brand":[],"product_cat":[29,34],"product_tag":[214],"class_list":{"0":"post-7649","1":"product","2":"type-product","3":"status-publish","4":"has-post-thumbnail","6":"product_cat-materiel-horeca-en-location","7":"product_cat-location-materiel-cuisine-et-buffet","8":"product_tag-location-materiel-banquet","9":"description-off","11":"first","12":"instock","13":"taxable","14":"shipping-taxable","15":"purchasable","16":"product-type-simple"},"acf":[],"yoast_head":"<!-- This site is optimized with the Yoast SEO plugin v25.0 - https:\/\/yoast.com\/wordpress\/plugins\/seo\/ -->\n<title>Location appareil \u00e0 raclette | ML Locations<\/title>\n<meta name=\"description\" content=\"Appareil \u00e0 raclette en location pour pr\u00e9parer de bonnes raclettes savoyardes. Fourni avec couteau \u00e0 raclette pour faciliter le service.\" \/>\n<meta name=\"robots\" content=\"index, follow, max-snippet:-1, max-image-preview:large, max-video-preview:-1\" \/>\n<link rel=\"canonical\" href=\"https:\/\/ml-locations.be\/nl\/locations\/location-appareil-raclette-savoyarde\/\" \/>\n<meta property=\"og:locale\" content=\"nl_NL\" \/>\n<meta property=\"og:type\" content=\"article\" \/>\n<meta property=\"og:title\" content=\"Location appareil \u00e0 raclette | ML Locations\" \/>\n<meta property=\"og:description\" content=\"Appareil \u00e0 raclette en location pour pr\u00e9parer de bonnes raclettes savoyardes. Fourni avec couteau \u00e0 raclette pour faciliter le service.\" \/>\n<meta property=\"og:url\" content=\"https:\/\/ml-locations.be\/nl\/locations\/location-appareil-raclette-savoyarde\/\" \/>\n<meta property=\"og:site_name\" content=\"ML Locations\" \/>\n<meta property=\"article:modified_time\" content=\"2019-02-11T19:13:56+00:00\" \/>\n<meta property=\"og:image\" content=\"https:\/\/ml-locations.be\/wp-content\/uploads\/2019\/02\/Location-appareil-raclette-savoyarde.jpg\" \/>\n\t<meta property=\"og:image:width\" content=\"800\" \/>\n\t<meta property=\"og:image:height\" content=\"800\" \/>\n\t<meta property=\"og:image:type\" content=\"image\/jpeg\" \/>\n<meta name=\"twitter:card\" content=\"summary_large_image\" \/>\n<meta name=\"twitter:label1\" content=\"Geschatte leestijd\" \/>\n\t<meta name=\"twitter:data1\" content=\"2 minuten\" \/>\n<script type=\"application\/ld+json\" class=\"yoast-schema-graph\">{\"@context\":\"https:\/\/schema.org\",\"@graph\":[{\"@type\":\"WebPage\",\"@id\":\"https:\/\/ml-locations.be\/nl\/locations\/location-appareil-raclette-savoyarde\/\",\"url\":\"https:\/\/ml-locations.be\/nl\/locations\/location-appareil-raclette-savoyarde\/\",\"name\":\"Location appareil \u00e0 raclette | ML Locations\",\"isPartOf\":{\"@id\":\"https:\/\/ml-locations.be\/nl\/#website\"},\"primaryImageOfPage\":{\"@id\":\"https:\/\/ml-locations.be\/nl\/locations\/location-appareil-raclette-savoyarde\/#primaryimage\"},\"image\":{\"@id\":\"https:\/\/ml-locations.be\/nl\/locations\/location-appareil-raclette-savoyarde\/#primaryimage\"},\"thumbnailUrl\":\"https:\/\/ml-locations.be\/wp-content\/uploads\/2019\/02\/Location-appareil-raclette-savoyarde.jpg\",\"datePublished\":\"2019-02-11T19:13:55+00:00\",\"dateModified\":\"2019-02-11T19:13:56+00:00\",\"description\":\"Appareil \u00e0 raclette en location pour pr\u00e9parer de bonnes raclettes savoyardes. Fourni avec couteau \u00e0 raclette pour faciliter le service.\",\"breadcrumb\":{\"@id\":\"https:\/\/ml-locations.be\/nl\/locations\/location-appareil-raclette-savoyarde\/#breadcrumb\"},\"inLanguage\":\"nl-NL\",\"potentialAction\":[{\"@type\":\"ReadAction\",\"target\":[\"https:\/\/ml-locations.be\/nl\/locations\/location-appareil-raclette-savoyarde\/\"]}]},{\"@type\":\"ImageObject\",\"inLanguage\":\"nl-NL\",\"@id\":\"https:\/\/ml-locations.be\/nl\/locations\/location-appareil-raclette-savoyarde\/#primaryimage\",\"url\":\"https:\/\/ml-locations.be\/wp-content\/uploads\/2019\/02\/Location-appareil-raclette-savoyarde.jpg\",\"contentUrl\":\"https:\/\/ml-locations.be\/wp-content\/uploads\/2019\/02\/Location-appareil-raclette-savoyarde.jpg\",\"width\":800,\"height\":800,\"caption\":\"Location appareil \u00e0 raclette savoyarde + couteau \u00e0 raclette\"},{\"@type\":\"BreadcrumbList\",\"@id\":\"https:\/\/ml-locations.be\/nl\/locations\/location-appareil-raclette-savoyarde\/#breadcrumb\",\"itemListElement\":[{\"@type\":\"ListItem\",\"position\":1,\"name\":\"Accueil\",\"item\":\"https:\/\/ml-locations.be\/nl\/\"},{\"@type\":\"ListItem\",\"position\":2,\"name\":\"Winkel\",\"item\":\"https:\/\/ml-locations.be\/nl\/winkel\/\"},{\"@type\":\"ListItem\",\"position\":3,\"name\":\"Appareil \u00e0 raclette\"}]},{\"@type\":\"WebSite\",\"@id\":\"https:\/\/ml-locations.be\/nl\/#website\",\"url\":\"https:\/\/ml-locations.be\/nl\/\",\"name\":\"ML Locations\",\"description\":\"Mat\u00e9riel \u00e9v\u00e9nementiel : location chaise, table et mange debout, mat\u00e9riel horeca, frigos,...\",\"publisher\":{\"@id\":\"https:\/\/ml-locations.be\/nl\/#organization\"},\"potentialAction\":[{\"@type\":\"SearchAction\",\"target\":{\"@type\":\"EntryPoint\",\"urlTemplate\":\"https:\/\/ml-locations.be\/nl\/?s={search_term_string}\"},\"query-input\":{\"@type\":\"PropertyValueSpecification\",\"valueRequired\":true,\"valueName\":\"search_term_string\"}}],\"inLanguage\":\"nl-NL\"},{\"@type\":\"Organization\",\"@id\":\"https:\/\/ml-locations.be\/nl\/#organization\",\"name\":\"ML Locations\",\"url\":\"https:\/\/ml-locations.be\/nl\/\",\"logo\":{\"@type\":\"ImageObject\",\"inLanguage\":\"nl-NL\",\"@id\":\"https:\/\/ml-locations.be\/nl\/#\/schema\/logo\/image\/\",\"url\":\"https:\/\/ml-locations.be\/wp-content\/uploads\/2018\/05\/LOGO-location-BON.png\",\"contentUrl\":\"https:\/\/ml-locations.be\/wp-content\/uploads\/2018\/05\/LOGO-location-BON.png\",\"width\":1200,\"height\":1200,\"caption\":\"ML Locations\"},\"image\":{\"@id\":\"https:\/\/ml-locations.be\/nl\/#\/schema\/logo\/image\/\"}}]}<\/script>\n<!-- \/ Yoast SEO plugin. -->","yoast_head_json":{"title":"Location appareil \u00e0 raclette | ML Locations","description":"Appareil \u00e0 raclette en location pour pr\u00e9parer de bonnes raclettes savoyardes. Fourni avec couteau \u00e0 raclette pour faciliter le service.","robots":{"index":"index","follow":"follow","max-snippet":"max-snippet:-1","max-image-preview":"max-image-preview:large","max-video-preview":"max-video-preview:-1"},"canonical":"https:\/\/ml-locations.be\/nl\/locations\/location-appareil-raclette-savoyarde\/","og_locale":"nl_NL","og_type":"article","og_title":"Location appareil \u00e0 raclette | ML Locations","og_description":"Appareil \u00e0 raclette en location pour pr\u00e9parer de bonnes raclettes savoyardes. Fourni avec couteau \u00e0 raclette pour faciliter le service.","og_url":"https:\/\/ml-locations.be\/nl\/locations\/location-appareil-raclette-savoyarde\/","og_site_name":"ML Locations","article_modified_time":"2019-02-11T19:13:56+00:00","og_image":[{"width":800,"height":800,"url":"https:\/\/ml-locations.be\/wp-content\/uploads\/2019\/02\/Location-appareil-raclette-savoyarde.jpg","type":"image\/jpeg"}],"twitter_card":"summary_large_image","twitter_misc":{"Geschatte leestijd":"2 minuten"},"schema":{"@context":"https:\/\/schema.org","@graph":[{"@type":"WebPage","@id":"https:\/\/ml-locations.be\/nl\/locations\/location-appareil-raclette-savoyarde\/","url":"https:\/\/ml-locations.be\/nl\/locations\/location-appareil-raclette-savoyarde\/","name":"Location appareil \u00e0 raclette | ML Locations","isPartOf":{"@id":"https:\/\/ml-locations.be\/nl\/#website"},"primaryImageOfPage":{"@id":"https:\/\/ml-locations.be\/nl\/locations\/location-appareil-raclette-savoyarde\/#primaryimage"},"image":{"@id":"https:\/\/ml-locations.be\/nl\/locations\/location-appareil-raclette-savoyarde\/#primaryimage"},"thumbnailUrl":"https:\/\/ml-locations.be\/wp-content\/uploads\/2019\/02\/Location-appareil-raclette-savoyarde.jpg","datePublished":"2019-02-11T19:13:55+00:00","dateModified":"2019-02-11T19:13:56+00:00","description":"Appareil \u00e0 raclette en location pour pr\u00e9parer de bonnes raclettes savoyardes. Fourni avec couteau \u00e0 raclette pour faciliter le service.","breadcrumb":{"@id":"https:\/\/ml-locations.be\/nl\/locations\/location-appareil-raclette-savoyarde\/#breadcrumb"},"inLanguage":"nl-NL","potentialAction":[{"@type":"ReadAction","target":["https:\/\/ml-locations.be\/nl\/locations\/location-appareil-raclette-savoyarde\/"]}]},{"@type":"ImageObject","inLanguage":"nl-NL","@id":"https:\/\/ml-locations.be\/nl\/locations\/location-appareil-raclette-savoyarde\/#primaryimage","url":"https:\/\/ml-locations.be\/wp-content\/uploads\/2019\/02\/Location-appareil-raclette-savoyarde.jpg","contentUrl":"https:\/\/ml-locations.be\/wp-content\/uploads\/2019\/02\/Location-appareil-raclette-savoyarde.jpg","width":800,"height":800,"caption":"Location appareil \u00e0 raclette savoyarde + couteau \u00e0 raclette"},{"@type":"BreadcrumbList","@id":"https:\/\/ml-locations.be\/nl\/locations\/location-appareil-raclette-savoyarde\/#breadcrumb","itemListElement":[{"@type":"ListItem","position":1,"name":"Accueil","item":"https:\/\/ml-locations.be\/nl\/"},{"@type":"ListItem","position":2,"name":"Winkel","item":"https:\/\/ml-locations.be\/nl\/winkel\/"},{"@type":"ListItem","position":3,"name":"Appareil \u00e0 raclette"}]},{"@type":"WebSite","@id":"https:\/\/ml-locations.be\/nl\/#website","url":"https:\/\/ml-locations.be\/nl\/","name":"ML Locations","description":"Mat\u00e9riel \u00e9v\u00e9nementiel : location chaise, table et mange debout, mat\u00e9riel horeca, frigos,...","publisher":{"@id":"https:\/\/ml-locations.be\/nl\/#organization"},"potentialAction":[{"@type":"SearchAction","target":{"@type":"EntryPoint","urlTemplate":"https:\/\/ml-locations.be\/nl\/?s={search_term_string}"},"query-input":{"@type":"PropertyValueSpecification","valueRequired":true,"valueName":"search_term_string"}}],"inLanguage":"nl-NL"},{"@type":"Organization","@id":"https:\/\/ml-locations.be\/nl\/#organization","name":"ML Locations","url":"https:\/\/ml-locations.be\/nl\/","logo":{"@type":"ImageObject","inLanguage":"nl-NL","@id":"https:\/\/ml-locations.be\/nl\/#\/schema\/logo\/image\/","url":"https:\/\/ml-locations.be\/wp-content\/uploads\/2018\/05\/LOGO-location-BON.png","contentUrl":"https:\/\/ml-locations.be\/wp-content\/uploads\/2018\/05\/LOGO-location-BON.png","width":1200,"height":1200,"caption":"ML Locations"},"image":{"@id":"https:\/\/ml-locations.be\/nl\/#\/schema\/logo\/image\/"}}]}},"_links":{"self":[{"href":"https:\/\/ml-locations.be\/nl\/wp-json\/wp\/v2\/product\/7649","targetHints":{"allow":["GET"]}}],"collection":[{"href":"https:\/\/ml-locations.be\/nl\/wp-json\/wp\/v2\/product"}],"about":[{"href":"https:\/\/ml-locations.be\/nl\/wp-json\/wp\/v2\/types\/product"}],"wp:featuredmedia":[{"embeddable":true,"href":"https:\/\/ml-locations.be\/nl\/wp-json\/wp\/v2\/media\/7654"}],"wp:attachment":[{"href":"https:\/\/ml-locations.be\/nl\/wp-json\/wp\/v2\/media?parent=7649"}],"wp:term":[{"taxonomy":"product_brand","embeddable":true,"href":"https:\/\/ml-locations.be\/nl\/wp-json\/wp\/v2\/product_brand?post=7649"},{"taxonomy":"product_cat","embeddable":true,"href":"https:\/\/ml-locations.be\/nl\/wp-json\/wp\/v2\/product_cat?post=7649"},{"taxonomy":"product_tag","embeddable":true,"href":"https:\/\/ml-locations.be\/nl\/wp-json\/wp\/v2\/product_tag?post=7649"}],"curies":[{"name":"wp","href":"https:\/\/api.w.org\/{rel}","templated":true}]}}