{"id":7729,"date":"2019-02-18T20:28:15","date_gmt":"2019-02-18T19:28:15","guid":{"rendered":"https:\/\/www.ml-locations.be?post_type=product&#038;p=7729"},"modified":"2019-02-21T19:51:07","modified_gmt":"2019-02-21T18:51:07","slug":"location-chauffe-plat-infrarouge","status":"publish","type":"product","link":"https:\/\/ml-locations.be\/nl\/locations\/location-chauffe-plat-infrarouge\/","title":{"rendered":"Chauffe-plat infrarouge (2x250W)"},"content":{"rendered":"<h2>Description du chauffe-plat infrarouge en location :<\/h2>\n<p>Ce r\u00e9chaud portable est mini de deux lampes chauffantes \u00e0 infrarouges de 250W chacune. Le <strong>chauffe-plat infrarouge<\/strong> Buffalo est pr\u00e9vu pour accueillir un bac <a href=\"https:\/\/ml-locations.be\/locations\/location-gastronorme-gn1-1-hauteur-10cm\/\">gastronorme GN 1\/1<\/a>. Ce <strong>r\u00e9chaud \u00e0 lampe chauffante<\/strong> utilise de puissantes lampes infrarouges chauffantes afin de <strong>garder au chaud vos plats<\/strong> lors de vos banquets ou \u00e9v\u00e9nements. Un syst\u00e8me de vis permet de r\u00e9gler la hauteur du bras soutenant les lampes infrarouges pour modifier l&#8217;intensit\u00e9 de la chaleur du r\u00e9chaud alimentaire. De cette mani\u00e8re vous \u00eates certain de contr\u00f4ler ais\u00e9ment la temp\u00e9rature des aliments plac\u00e9s sous les ampoules du chauffe-plat infrarouge.<\/p>\n<h3>Les avantages du chauffe-plat \u00e9lectrique \u00e0 lampes infrarouge :<\/h3>\n<ul>\n<li>Le <strong>r\u00e9chaud \u00e0 lampe chauffante<\/strong> se transporte facilement de par son poids (1,8kg) et sa taille (60(H)x50(L)x35(P)cm).<\/li>\n<li>Le c\u00e2ble d&#8217;alimentation \u00e9lectrique du chauffe-plat en location est long, ce qui permet une grande flexibilit\u00e9.<\/li>\n<li>Un interrupteur marche\/arr\u00eat vous permet d&#8217;allumer et d&#8217;\u00e9teindre le chauffe-plat infrarouge.<\/li>\n<li>Le <strong>r\u00e9chaud en location<\/strong> est muni de r\u00e9flecteurs en aluminium qui permettent une bonne ventilation.<\/li>\n<li>Le <strong>chauffe-plat infrarouge en location<\/strong> est r\u00e9glable en hauteur gr\u00e2ce au bras m\u00e9tallique. Vous pouvez r\u00e9gler la hauteur des lampes en 60 et 80 cm pour <strong>varier l&#8217;intensit\u00e9 de la chaleur<\/strong>.<\/li>\n<li>Nettoyage facile<\/li>\n<li>Utilisation simple<\/li>\n<li>Le chauffe-plat Buffalo s&#8217;adapte aux <a href=\"https:\/\/ml-locations.be\/locations\/location-gastronorme-gn1-1-hauteur-10cm\/\">bacs gastronormes GN 1\/1<\/a> (suivez ce lien pour les <a href=\"https:\/\/ml-locations.beetiquette-produit\/bacs-gn-gastronormes-en-location\/\">bacs gastronormes en location<\/a>)<\/li>\n<\/ul>\n<h3>Caract\u00e9ristiques du chauffe-plat Buffalo infrarouge\u00a0 :<\/h3>\n<ul>\n<li>Dimensions du chauffe-plat en location : 600(H) x 500(L) x 350(P)mm<\/li>\n<li>Alimentation : 230V<\/li>\n<li>Poids du r\u00e9chaud infrarouge : 1.8kg.<\/li>\n<li>S&#8217;adapte aux bacs GN 1\/1 (non-fournis).<\/li>\n<\/ul>\n<h2>Comment utiliser ce chauffe-plat infrarouge en location ?<\/h2>\n<ul>\n<li>Poser le r\u00e9chaud infrarouge sur une surface plane et stable, comme une table de buffet, par exemple.<\/li>\n<li>Positionner la base du r\u00e9chaud infrarouge de mani\u00e8re stable.<\/li>\n<li>Embo\u00eeter la partie sup\u00e9rieure du chauffe plat infrarouge dans la base de l&#8217;appareil.<\/li>\n<li>Visser la partie sup\u00e9rieure de la base \u00e0 l\u2019aide de la vis fournie. La vis peut \u00eatre ins\u00e9r\u00e9e au choix dans l\u2019un des trous, ce qui permet de r\u00e9gler la hauteur de l\u2019appareil.<\/li>\n<\/ul>\n<h3>Nettoyage et entretien du chauffe-plat infrarouge :<\/h3>\n<p>Avant toute chose : <strong>veillez \u00e0 toujours \u00e9teindre le chauffe-plat<\/strong> ! D\u00e9branchez la source d\u2019alimentation du r\u00e9chaud et le laisser refroidir avant de le nettoyer. Nettoyez la base du r\u00e9chaud et le bras \u00e0 l&#8217;aide d&#8217;un chiffon l\u00e9g\u00e8rement humide. Attention, les ampoules infrarouge sont tr\u00e8s fragiles.<\/p>\n<p><a href=\"https:\/\/ml-locations.bemanuel-fr-chauffe-plat-infrarouge-en-location\/\" target=\"_blank\" rel=\"noopener\">T\u00e9l\u00e9chargez le manuel d&#8217;utilisation du r\u00e9chaud \u00e0 lampes chauffantes.<\/a><\/p>\n","protected":false},"excerpt":{"rendered":"<p><strong>Chauffe-plat infrarouge<\/strong> Buffalo : r\u00e9chaud \u00e0 lampes chauffantes en location de <strong>2x250W<\/strong><\/p>\n","protected":false},"featured_media":7732,"template":"","meta":{"_acf_changed":false},"product_brand":[],"product_cat":[29,34],"product_tag":[214],"class_list":{"0":"post-7729","1":"product","2":"type-product","3":"status-publish","4":"has-post-thumbnail","6":"product_cat-materiel-horeca-en-location","7":"product_cat-location-materiel-cuisine-et-buffet","8":"product_tag-location-materiel-banquet","9":"description-off","11":"first","12":"instock","13":"taxable","14":"shipping-taxable","15":"purchasable","16":"product-type-simple"},"acf":[],"yoast_head":"<!-- This site is optimized with the Yoast SEO plugin v25.0 - https:\/\/yoast.com\/wordpress\/plugins\/seo\/ -->\n<title>Chauffe-plat infrarouge en location - lampe chauffante | ML Locations<\/title>\n<meta name=\"description\" content=\"Chauffe-plat infrarouge muni de deux lampes chauffantes alimentaires (2x250W) . Gardez vos plats au chaud gr\u00e2ce \u00e0 ce r\u00e9chaud pratique !\" \/>\n<meta name=\"robots\" content=\"index, follow, max-snippet:-1, max-image-preview:large, max-video-preview:-1\" \/>\n<link rel=\"canonical\" href=\"https:\/\/ml-locations.be\/nl\/locations\/location-chauffe-plat-infrarouge\/\" \/>\n<meta property=\"og:locale\" content=\"nl_NL\" \/>\n<meta property=\"og:type\" content=\"article\" \/>\n<meta property=\"og:title\" content=\"Chauffe-plat infrarouge en location - lampe chauffante | ML Locations\" \/>\n<meta property=\"og:description\" content=\"Chauffe-plat infrarouge muni de deux lampes chauffantes alimentaires (2x250W) . Gardez vos plats au chaud gr\u00e2ce \u00e0 ce r\u00e9chaud pratique !\" \/>\n<meta property=\"og:url\" content=\"https:\/\/ml-locations.be\/nl\/locations\/location-chauffe-plat-infrarouge\/\" \/>\n<meta property=\"og:site_name\" content=\"ML Locations\" \/>\n<meta property=\"article:modified_time\" content=\"2019-02-21T18:51:07+00:00\" \/>\n<meta property=\"og:image\" content=\"https:\/\/ml-locations.be\/wp-content\/uploads\/2019\/02\/location-chauffe-plat-infrarouge-buffalo-horeca.jpg\" \/>\n\t<meta property=\"og:image:width\" content=\"800\" \/>\n\t<meta property=\"og:image:height\" content=\"800\" \/>\n\t<meta property=\"og:image:type\" content=\"image\/jpeg\" \/>\n<meta name=\"twitter:card\" content=\"summary_large_image\" \/>\n<meta name=\"twitter:label1\" content=\"Geschatte leestijd\" \/>\n\t<meta name=\"twitter:data1\" content=\"2 minuten\" \/>\n<script type=\"application\/ld+json\" class=\"yoast-schema-graph\">{\"@context\":\"https:\/\/schema.org\",\"@graph\":[{\"@type\":\"WebPage\",\"@id\":\"https:\/\/ml-locations.be\/nl\/locations\/location-chauffe-plat-infrarouge\/\",\"url\":\"https:\/\/ml-locations.be\/nl\/locations\/location-chauffe-plat-infrarouge\/\",\"name\":\"Chauffe-plat infrarouge en location - lampe chauffante | ML Locations\",\"isPartOf\":{\"@id\":\"https:\/\/ml-locations.be\/nl\/#website\"},\"primaryImageOfPage\":{\"@id\":\"https:\/\/ml-locations.be\/nl\/locations\/location-chauffe-plat-infrarouge\/#primaryimage\"},\"image\":{\"@id\":\"https:\/\/ml-locations.be\/nl\/locations\/location-chauffe-plat-infrarouge\/#primaryimage\"},\"thumbnailUrl\":\"https:\/\/ml-locations.be\/wp-content\/uploads\/2019\/02\/location-chauffe-plat-infrarouge-buffalo-horeca.jpg\",\"datePublished\":\"2019-02-18T19:28:15+00:00\",\"dateModified\":\"2019-02-21T18:51:07+00:00\",\"description\":\"Chauffe-plat infrarouge muni de deux lampes chauffantes alimentaires (2x250W) . Gardez vos plats au chaud gr\u00e2ce \u00e0 ce r\u00e9chaud pratique !\",\"breadcrumb\":{\"@id\":\"https:\/\/ml-locations.be\/nl\/locations\/location-chauffe-plat-infrarouge\/#breadcrumb\"},\"inLanguage\":\"nl-NL\",\"potentialAction\":[{\"@type\":\"ReadAction\",\"target\":[\"https:\/\/ml-locations.be\/nl\/locations\/location-chauffe-plat-infrarouge\/\"]}]},{\"@type\":\"ImageObject\",\"inLanguage\":\"nl-NL\",\"@id\":\"https:\/\/ml-locations.be\/nl\/locations\/location-chauffe-plat-infrarouge\/#primaryimage\",\"url\":\"https:\/\/ml-locations.be\/wp-content\/uploads\/2019\/02\/location-chauffe-plat-infrarouge-buffalo-horeca.jpg\",\"contentUrl\":\"https:\/\/ml-locations.be\/wp-content\/uploads\/2019\/02\/location-chauffe-plat-infrarouge-buffalo-horeca.jpg\",\"width\":800,\"height\":800,\"caption\":\"R\u00e9chaud alimentaire muni de deux lampes chauffantes infrarouges.\"},{\"@type\":\"BreadcrumbList\",\"@id\":\"https:\/\/ml-locations.be\/nl\/locations\/location-chauffe-plat-infrarouge\/#breadcrumb\",\"itemListElement\":[{\"@type\":\"ListItem\",\"position\":1,\"name\":\"Accueil\",\"item\":\"https:\/\/ml-locations.be\/nl\/\"},{\"@type\":\"ListItem\",\"position\":2,\"name\":\"Winkel\",\"item\":\"https:\/\/ml-locations.be\/nl\/winkel\/\"},{\"@type\":\"ListItem\",\"position\":3,\"name\":\"Chauffe-plat infrarouge (2x250W)\"}]},{\"@type\":\"WebSite\",\"@id\":\"https:\/\/ml-locations.be\/nl\/#website\",\"url\":\"https:\/\/ml-locations.be\/nl\/\",\"name\":\"ML Locations\",\"description\":\"Mat\u00e9riel \u00e9v\u00e9nementiel : location chaise, table et mange debout, mat\u00e9riel horeca, frigos,...\",\"publisher\":{\"@id\":\"https:\/\/ml-locations.be\/nl\/#organization\"},\"potentialAction\":[{\"@type\":\"SearchAction\",\"target\":{\"@type\":\"EntryPoint\",\"urlTemplate\":\"https:\/\/ml-locations.be\/nl\/?s={search_term_string}\"},\"query-input\":{\"@type\":\"PropertyValueSpecification\",\"valueRequired\":true,\"valueName\":\"search_term_string\"}}],\"inLanguage\":\"nl-NL\"},{\"@type\":\"Organization\",\"@id\":\"https:\/\/ml-locations.be\/nl\/#organization\",\"name\":\"ML Locations\",\"url\":\"https:\/\/ml-locations.be\/nl\/\",\"logo\":{\"@type\":\"ImageObject\",\"inLanguage\":\"nl-NL\",\"@id\":\"https:\/\/ml-locations.be\/nl\/#\/schema\/logo\/image\/\",\"url\":\"https:\/\/ml-locations.be\/wp-content\/uploads\/2018\/05\/LOGO-location-BON.png\",\"contentUrl\":\"https:\/\/ml-locations.be\/wp-content\/uploads\/2018\/05\/LOGO-location-BON.png\",\"width\":1200,\"height\":1200,\"caption\":\"ML Locations\"},\"image\":{\"@id\":\"https:\/\/ml-locations.be\/nl\/#\/schema\/logo\/image\/\"}}]}<\/script>\n<!-- \/ Yoast SEO plugin. -->","yoast_head_json":{"title":"Chauffe-plat infrarouge en location - lampe chauffante | ML Locations","description":"Chauffe-plat infrarouge muni de deux lampes chauffantes alimentaires (2x250W) . Gardez vos plats au chaud gr\u00e2ce \u00e0 ce r\u00e9chaud pratique !","robots":{"index":"index","follow":"follow","max-snippet":"max-snippet:-1","max-image-preview":"max-image-preview:large","max-video-preview":"max-video-preview:-1"},"canonical":"https:\/\/ml-locations.be\/nl\/locations\/location-chauffe-plat-infrarouge\/","og_locale":"nl_NL","og_type":"article","og_title":"Chauffe-plat infrarouge en location - lampe chauffante | ML Locations","og_description":"Chauffe-plat infrarouge muni de deux lampes chauffantes alimentaires (2x250W) . Gardez vos plats au chaud gr\u00e2ce \u00e0 ce r\u00e9chaud pratique !","og_url":"https:\/\/ml-locations.be\/nl\/locations\/location-chauffe-plat-infrarouge\/","og_site_name":"ML Locations","article_modified_time":"2019-02-21T18:51:07+00:00","og_image":[{"width":800,"height":800,"url":"https:\/\/ml-locations.be\/wp-content\/uploads\/2019\/02\/location-chauffe-plat-infrarouge-buffalo-horeca.jpg","type":"image\/jpeg"}],"twitter_card":"summary_large_image","twitter_misc":{"Geschatte leestijd":"2 minuten"},"schema":{"@context":"https:\/\/schema.org","@graph":[{"@type":"WebPage","@id":"https:\/\/ml-locations.be\/nl\/locations\/location-chauffe-plat-infrarouge\/","url":"https:\/\/ml-locations.be\/nl\/locations\/location-chauffe-plat-infrarouge\/","name":"Chauffe-plat infrarouge en location - lampe chauffante | ML Locations","isPartOf":{"@id":"https:\/\/ml-locations.be\/nl\/#website"},"primaryImageOfPage":{"@id":"https:\/\/ml-locations.be\/nl\/locations\/location-chauffe-plat-infrarouge\/#primaryimage"},"image":{"@id":"https:\/\/ml-locations.be\/nl\/locations\/location-chauffe-plat-infrarouge\/#primaryimage"},"thumbnailUrl":"https:\/\/ml-locations.be\/wp-content\/uploads\/2019\/02\/location-chauffe-plat-infrarouge-buffalo-horeca.jpg","datePublished":"2019-02-18T19:28:15+00:00","dateModified":"2019-02-21T18:51:07+00:00","description":"Chauffe-plat infrarouge muni de deux lampes chauffantes alimentaires (2x250W) . Gardez vos plats au chaud gr\u00e2ce \u00e0 ce r\u00e9chaud pratique !","breadcrumb":{"@id":"https:\/\/ml-locations.be\/nl\/locations\/location-chauffe-plat-infrarouge\/#breadcrumb"},"inLanguage":"nl-NL","potentialAction":[{"@type":"ReadAction","target":["https:\/\/ml-locations.be\/nl\/locations\/location-chauffe-plat-infrarouge\/"]}]},{"@type":"ImageObject","inLanguage":"nl-NL","@id":"https:\/\/ml-locations.be\/nl\/locations\/location-chauffe-plat-infrarouge\/#primaryimage","url":"https:\/\/ml-locations.be\/wp-content\/uploads\/2019\/02\/location-chauffe-plat-infrarouge-buffalo-horeca.jpg","contentUrl":"https:\/\/ml-locations.be\/wp-content\/uploads\/2019\/02\/location-chauffe-plat-infrarouge-buffalo-horeca.jpg","width":800,"height":800,"caption":"R\u00e9chaud alimentaire muni de deux lampes chauffantes infrarouges."},{"@type":"BreadcrumbList","@id":"https:\/\/ml-locations.be\/nl\/locations\/location-chauffe-plat-infrarouge\/#breadcrumb","itemListElement":[{"@type":"ListItem","position":1,"name":"Accueil","item":"https:\/\/ml-locations.be\/nl\/"},{"@type":"ListItem","position":2,"name":"Winkel","item":"https:\/\/ml-locations.be\/nl\/winkel\/"},{"@type":"ListItem","position":3,"name":"Chauffe-plat infrarouge (2x250W)"}]},{"@type":"WebSite","@id":"https:\/\/ml-locations.be\/nl\/#website","url":"https:\/\/ml-locations.be\/nl\/","name":"ML Locations","description":"Mat\u00e9riel \u00e9v\u00e9nementiel : location chaise, table et mange debout, mat\u00e9riel horeca, frigos,...","publisher":{"@id":"https:\/\/ml-locations.be\/nl\/#organization"},"potentialAction":[{"@type":"SearchAction","target":{"@type":"EntryPoint","urlTemplate":"https:\/\/ml-locations.be\/nl\/?s={search_term_string}"},"query-input":{"@type":"PropertyValueSpecification","valueRequired":true,"valueName":"search_term_string"}}],"inLanguage":"nl-NL"},{"@type":"Organization","@id":"https:\/\/ml-locations.be\/nl\/#organization","name":"ML Locations","url":"https:\/\/ml-locations.be\/nl\/","logo":{"@type":"ImageObject","inLanguage":"nl-NL","@id":"https:\/\/ml-locations.be\/nl\/#\/schema\/logo\/image\/","url":"https:\/\/ml-locations.be\/wp-content\/uploads\/2018\/05\/LOGO-location-BON.png","contentUrl":"https:\/\/ml-locations.be\/wp-content\/uploads\/2018\/05\/LOGO-location-BON.png","width":1200,"height":1200,"caption":"ML Locations"},"image":{"@id":"https:\/\/ml-locations.be\/nl\/#\/schema\/logo\/image\/"}}]}},"_links":{"self":[{"href":"https:\/\/ml-locations.be\/nl\/wp-json\/wp\/v2\/product\/7729","targetHints":{"allow":["GET"]}}],"collection":[{"href":"https:\/\/ml-locations.be\/nl\/wp-json\/wp\/v2\/product"}],"about":[{"href":"https:\/\/ml-locations.be\/nl\/wp-json\/wp\/v2\/types\/product"}],"wp:featuredmedia":[{"embeddable":true,"href":"https:\/\/ml-locations.be\/nl\/wp-json\/wp\/v2\/media\/7732"}],"wp:attachment":[{"href":"https:\/\/ml-locations.be\/nl\/wp-json\/wp\/v2\/media?parent=7729"}],"wp:term":[{"taxonomy":"product_brand","embeddable":true,"href":"https:\/\/ml-locations.be\/nl\/wp-json\/wp\/v2\/product_brand?post=7729"},{"taxonomy":"product_cat","embeddable":true,"href":"https:\/\/ml-locations.be\/nl\/wp-json\/wp\/v2\/product_cat?post=7729"},{"taxonomy":"product_tag","embeddable":true,"href":"https:\/\/ml-locations.be\/nl\/wp-json\/wp\/v2\/product_tag?post=7729"}],"curies":[{"name":"wp","href":"https:\/\/api.w.org\/{rel}","templated":true}]}}