{"id":7785,"date":"2019-02-21T21:50:03","date_gmt":"2019-02-21T20:50:03","guid":{"rendered":"https:\/\/www.ml-locations.be?post_type=product&#038;p=7785"},"modified":"2020-04-25T12:56:08","modified_gmt":"2020-04-25T10:56:08","slug":"location-rechaud-pont-chauffant-lampes-infrarouges","status":"publish","type":"product","link":"https:\/\/ml-locations.be\/nl\/locations\/location-rechaud-pont-chauffant-lampes-infrarouges\/","title":{"rendered":"Pont chauffant 800W &#8211; 2 lampes infrarouges + 2 taques vitro"},"content":{"rendered":"<h2>Description du pont chauffant : un chauffe-mets infrarouge puissant<\/h2>\n<p>Ce <strong>r\u00e9chaud en location<\/strong> est muni de <strong>deux lampes chauffantes infrarouge<\/strong> (2x400W) et de <strong>deux plaques chauffantes vitroc\u00e9ramiques<\/strong> qui maintiennent vos plats au chaud.\u00a0Ce <strong>pont chauffant<\/strong> offre donc un <strong>double effet chauffant<\/strong>\u00a0: premi\u00e8rement, les <strong>lampes infrarouges<\/strong>, r\u00e9glables s\u00e9par\u00e9ment, chauffent les plats par le dessus, tandis que <strong>les plaques chauffantes en vitroc\u00e9ramique<\/strong>\u00a0les chauffent par le dessous. La combinaison de ces deux \u00e9l\u00e9ments de chauffe maintiennent les plats au chaud \u00e0 la temp\u00e9rature choisie. Cet appareil est id\u00e9al pour les <strong>traiteurs<\/strong> lors de <strong>banquets<\/strong>, il peut \u00eatre plac\u00e9 sur un buffet ou dans une cuisine.<\/p>\n<p>Ce r\u00e9chaud \u00e0 lampes infrarouges est muni de <strong>deux zones chauffantes r\u00e9glables s\u00e9par\u00e9ment.\u00a0<\/strong>La plaque de maintien au chaud est compos\u00e9e de vitroc\u00e9ramique, ce qui lui conf\u00e8re une grande solidit\u00e9 et un temps de chauffe tr\u00e8s rapide.<\/p>\n<p>Ce pont chauffant infrarouge convient pour deux <a href=\"https:\/\/ml-locations.be\/locations\/location-gastronorme-gn1-1-hauteur-10cm\/\">bacs gastronormes (gastro GN1\/1)<\/a>\u00a0ou environ 4 assiettes ou plats.<\/p>\n<h2>Comment utiliser ce pont chauffant infrarouge en location ?<\/h2>\n<ol>\n<li>Avant la premi\u00e8re utilisation du r\u00e9chaud, bien le nettoyer \u00e0 l&#8217;aide d&#8217;une lavette humide et souple et avec un produit de nettoyage d\u00e9licat<\/li>\n<li>Bien s\u00e9cher ensuite l&#8217;appareil avec un torchon souple et sec.<\/li>\n<li>Brancher le pont chauffant avec lampes infrarouges \u00e0 une prise de courant simple et mise \u00e0 la terre.<\/li>\n<li>L&#8217;appareil est <strong>\u00e9quip\u00e9 de 2 lampes chauffantes infrarouges<\/strong>. Ces lampes chauffantes peuvent \u00eatre utilis\u00e9es ensemble ou s\u00e9par\u00e9ment.<\/li>\n<li>Allumer les lampes chauffantes infrarouges \u00e0 l&#8217;aide de l&#8217;interrupteur ON \/ OFF correspondant. Le t\u00e9moin de contr\u00f4le vert s&#8217;allume.<\/li>\n<li>La plaque chauffante est divis\u00e9e en son centre en 2 plaques vitroc\u00e9ramiques chauffantes, ce qui permet de les faire chauffer s\u00e9par\u00e9ment et de n&#8217;utiliser qu&#8217;une plaque si n\u00e9cessaire. La temp\u00e9rature des plaques chauffantes (30\u00b0C &#8211; 85\u00b0C ) est r\u00e9glable \u00e0 l&#8217;aide des r\u00e9gulateurs de temp\u00e9rature (gauche et droit).<\/li>\n<li>Afin de r\u00e9chauffer le haut et le bas des plats ou des aliments, les placer sur la plaque chauffante, sous la lampe chauffante.<\/li>\n<\/ol>\n<p>Vous pouvez <a href=\"https:\/\/ml-locations.bewp-content\/uploads\/2019\/02\/Manuel-FR-pont-chauffant-infrarouge-en-location.pdf\">t\u00e9l\u00e9charger le mode d&#8217;emploi du pont chauffant infrarouge &#8211; 2 lampes chauffantes et plaques vitroc\u00e9ramiques<\/a>.<\/p>\n<p><strong>Remarques importantes\u00a0<\/strong>:<\/p>\n<p>Les plaques chauffantes <strong>ne sont pas pr\u00e9vues pour avoir un contact direct avec les aliments<\/strong>. Utilisez donc des r\u00e9cipients ad\u00e9quats : assiettes, plats inox, bacs gastronormes en inox, etc. Veillez \u00e9galement \u00e0 <strong>garder un espace suffisant entre les aliments et la lampe chauffante<\/strong>. Il devrait \u00eatre d&#8217;environ 30 cm.\u00a0C&#8217;est en gardant un espace suffisant que la temp\u00e9rature de service id\u00e9ale des aliments peut \u00eatre obtenue, sans cons\u00e9quences sur leur qualit\u00e9 (surchauffe).<\/p>\n<p><strong>Soyez prudent lorsque vous utilisez le chauffe-plats infrarouge en location et respectez les consignes de s\u00e9curit\u00e9s suivantes !<\/strong><\/p>\n<ul>\n<li>Veiller \u00e0 ce que le cordon du r\u00e9chaud infrarouge n&#8217;entre pas en contact avec des sources de chaleur ou des ar\u00eates vives. Ne pas laisser le cordon pendre du bord d&#8217;une table ou d&#8217;un comptoir.<\/li>\n<li>Ne pas bouger ou pencher l\u2019appareil pendant le fonctionnement.<\/li>\n<li>Placez le chauffe plats avec lampes infrarouge et plaques vitroc\u00e9ramique sur un endroit plane et s\u00fbr, capable de supporter le poids de l\u2019appareil et r\u00e9sistant \u00e0 la chaleur.<\/li>\n<li>Ne placez jamais l\u2019appareil sur une surface inflammable (comme par ex. : une nappe, un tapis, etc.).<\/li>\n<li>Ne pas installer l\u2019appareil \u00e0 proximit\u00e9 de feux ouverts, de fours \u00e9lectriques, de po\u00eales de chauffage ou d\u2019autres sources de chaleur.<\/li>\n<li>Le lieu de travail autour de l&#8217;appareil doit toujours \u00eatre propre et sec.<\/li>\n<li>Garder un espace suffisant (min. 30 cm) entre l&#8217;appareil et les murs ou d&#8217;autres objets inflammables ou pouvant se d\u00e9colorer.<\/li>\n<li>Chaque c\u00e2ble \u00e9lectrique de la prise doit \u00eatre prot\u00e9g\u00e9 \u00e0 au moins 16A.<\/li>\n<li>Ne brancher l\u2019appareil que directement \u00e0 une prise au mur ; n\u2019utiliser aucun r\u00e9partisseur ni aucune prise multiple.<\/li>\n<li>Placer l&#8217;appareil de mani\u00e8re \u00e0 avoir un acc\u00e8s facile \u00e0 la prise de courant afin de pouvoir le d\u00e9brancher rapidement en cas de n\u00e9cessit\u00e9.<\/li>\n<\/ul>\n<h2>Caract\u00e9ristiques du pont chauffant en location :<\/h2>\n<ul>\n<li>Largeur de la plaque vitroc\u00e9ramique de maintien au chaud : 325 mm<\/li>\n<li>Profondeur de la plaque vitroc\u00e9ramique de maintien au chaud : 530 mm<\/li>\n<li>Zones chauffantes : 2 (plaques vitro s\u00e9par\u00e9e en deux)<\/li>\n<li>Sources de chaleur : 2 (par le haut avec les lampes infrarouges et par le bas avec les plaques vitro)<\/li>\n<li>Sources de chaleur commutables s\u00e9par\u00e9ment : oui<\/li>\n<li>Puissance par source de chaleur : 0.15 kW<\/li>\n<li>Source de chaleur : 2 ampoules infrarouges<\/li>\n<li>Plage de temp\u00e9rature : de 30 \u00b0 jusqu&#8217;\u00e0 85 \u00b0C<\/li>\n<li>Pare-haleine : protection contre les postillons et la toux<\/li>\n<li>Interrupteur de marche\/arr\u00eat : oui<\/li>\n<li>T\u00e9moin lumineux de contr\u00f4le : oui<\/li>\n<li>Puissance du r\u00e9chaud infrarouge (pont chauffant en location) : 800W<\/li>\n<li>Tension : 230 V<\/li>\n<li>Fr\u00e9quence : 50 Hz<\/li>\n<li>Mat\u00e9riaux : pont chauffant en acier inoxydable, pare haleine en plexiglas, plaques vitroc\u00e9ramique, ampoules chauffantes infrarouge<\/li>\n<li><strong>Convient \u00e0 un usage professionnel continu<\/strong> : oui<\/li>\n<\/ul>\n<h3>Dimensions du r\u00e9chaud infrarouge en location<\/h3>\n<ul>\n<li>Largeur du pont chauffant : 73 cm<\/li>\n<li>Profondeur : 56 cm<\/li>\n<li>Hauteur : 56 cm<\/li>\n<li>Poids : 15.6 kg<\/li>\n<\/ul>\n","protected":false},"excerpt":{"rendered":"<p><strong>Chauffe-plats \u00e9lectrique en location<\/strong> : 2 lampes infrarouges et 2 plaques vitroc\u00e9ramiques.<\/p>\n","protected":false},"featured_media":7794,"template":"","meta":{"_acf_changed":false},"product_brand":[],"product_cat":[29,34],"product_tag":[213],"class_list":{"0":"post-7785","1":"product","2":"type-product","3":"status-publish","4":"has-post-thumbnail","6":"product_cat-materiel-horeca-en-location","7":"product_cat-location-materiel-cuisine-et-buffet","8":"product_tag-location-de-materiel-de-reception-mariages","9":"description-off","11":"first","12":"instock","13":"taxable","14":"shipping-taxable","15":"purchasable","16":"product-type-simple"},"acf":[],"yoast_head":"<!-- This site is optimized with the Yoast SEO plugin v25.0 - https:\/\/yoast.com\/wordpress\/plugins\/seo\/ -->\n<title>Chauffe-plat lampes infrarouge et vitro- Pont chauffant | ML Locations<\/title>\n<meta name=\"description\" content=\"Pont chauffant pour r\u00e9chauffer les plats, muni de deux lampes infrarouges et de deux plaques vitroc\u00e9ramique chauffantes, pour banquets et traiteurs.\" \/>\n<meta name=\"robots\" content=\"index, follow, max-snippet:-1, max-image-preview:large, max-video-preview:-1\" \/>\n<link rel=\"canonical\" href=\"https:\/\/ml-locations.be\/nl\/locations\/location-rechaud-pont-chauffant-lampes-infrarouges\/\" \/>\n<meta property=\"og:locale\" content=\"nl_NL\" \/>\n<meta property=\"og:type\" content=\"article\" \/>\n<meta property=\"og:title\" content=\"Chauffe-plat lampes infrarouge et vitro- Pont chauffant | ML Locations\" \/>\n<meta property=\"og:description\" content=\"Pont chauffant pour r\u00e9chauffer les plats, muni de deux lampes infrarouges et de deux plaques vitroc\u00e9ramique chauffantes, pour banquets et traiteurs.\" \/>\n<meta property=\"og:url\" content=\"https:\/\/ml-locations.be\/nl\/locations\/location-rechaud-pont-chauffant-lampes-infrarouges\/\" \/>\n<meta property=\"og:site_name\" content=\"ML Locations\" \/>\n<meta property=\"article:modified_time\" content=\"2020-04-25T10:56:08+00:00\" \/>\n<meta property=\"og:image\" content=\"https:\/\/ml-locations.be\/wp-content\/uploads\/2019\/02\/Location-re\u0301chaud-Pont-chauffant-lampes-infrarouges-2.jpg\" \/>\n\t<meta property=\"og:image:width\" content=\"800\" \/>\n\t<meta property=\"og:image:height\" content=\"800\" \/>\n\t<meta property=\"og:image:type\" content=\"image\/jpeg\" \/>\n<meta name=\"twitter:card\" content=\"summary_large_image\" \/>\n<meta name=\"twitter:label1\" content=\"Geschatte leestijd\" \/>\n\t<meta name=\"twitter:data1\" content=\"4 minuten\" \/>\n<script type=\"application\/ld+json\" class=\"yoast-schema-graph\">{\"@context\":\"https:\/\/schema.org\",\"@graph\":[{\"@type\":\"WebPage\",\"@id\":\"https:\/\/ml-locations.be\/nl\/locations\/location-rechaud-pont-chauffant-lampes-infrarouges\/\",\"url\":\"https:\/\/ml-locations.be\/nl\/locations\/location-rechaud-pont-chauffant-lampes-infrarouges\/\",\"name\":\"Chauffe-plat lampes infrarouge et vitro- Pont chauffant | ML Locations\",\"isPartOf\":{\"@id\":\"https:\/\/ml-locations.be\/nl\/#website\"},\"primaryImageOfPage\":{\"@id\":\"https:\/\/ml-locations.be\/nl\/locations\/location-rechaud-pont-chauffant-lampes-infrarouges\/#primaryimage\"},\"image\":{\"@id\":\"https:\/\/ml-locations.be\/nl\/locations\/location-rechaud-pont-chauffant-lampes-infrarouges\/#primaryimage\"},\"thumbnailUrl\":\"https:\/\/ml-locations.be\/wp-content\/uploads\/2019\/02\/Location-re\u0301chaud-Pont-chauffant-lampes-infrarouges-2.jpg\",\"datePublished\":\"2019-02-21T20:50:03+00:00\",\"dateModified\":\"2020-04-25T10:56:08+00:00\",\"description\":\"Pont chauffant pour r\u00e9chauffer les plats, muni de deux lampes infrarouges et de deux plaques vitroc\u00e9ramique chauffantes, pour banquets et traiteurs.\",\"breadcrumb\":{\"@id\":\"https:\/\/ml-locations.be\/nl\/locations\/location-rechaud-pont-chauffant-lampes-infrarouges\/#breadcrumb\"},\"inLanguage\":\"nl-NL\",\"potentialAction\":[{\"@type\":\"ReadAction\",\"target\":[\"https:\/\/ml-locations.be\/nl\/locations\/location-rechaud-pont-chauffant-lampes-infrarouges\/\"]}]},{\"@type\":\"ImageObject\",\"inLanguage\":\"nl-NL\",\"@id\":\"https:\/\/ml-locations.be\/nl\/locations\/location-rechaud-pont-chauffant-lampes-infrarouges\/#primaryimage\",\"url\":\"https:\/\/ml-locations.be\/wp-content\/uploads\/2019\/02\/Location-re\u0301chaud-Pont-chauffant-lampes-infrarouges-2.jpg\",\"contentUrl\":\"https:\/\/ml-locations.be\/wp-content\/uploads\/2019\/02\/Location-re\u0301chaud-Pont-chauffant-lampes-infrarouges-2.jpg\",\"width\":800,\"height\":800,\"caption\":\"Pont chauffant en location : 2 lampes chauffantes infrarouges et 2 taques vitroc\u00e9ramiques\"},{\"@type\":\"BreadcrumbList\",\"@id\":\"https:\/\/ml-locations.be\/nl\/locations\/location-rechaud-pont-chauffant-lampes-infrarouges\/#breadcrumb\",\"itemListElement\":[{\"@type\":\"ListItem\",\"position\":1,\"name\":\"Accueil\",\"item\":\"https:\/\/ml-locations.be\/nl\/\"},{\"@type\":\"ListItem\",\"position\":2,\"name\":\"Winkel\",\"item\":\"https:\/\/ml-locations.be\/nl\/winkel\/\"},{\"@type\":\"ListItem\",\"position\":3,\"name\":\"Pont chauffant 800W &#8211; 2 lampes infrarouges + 2 taques vitro\"}]},{\"@type\":\"WebSite\",\"@id\":\"https:\/\/ml-locations.be\/nl\/#website\",\"url\":\"https:\/\/ml-locations.be\/nl\/\",\"name\":\"ML Locations\",\"description\":\"Mat\u00e9riel \u00e9v\u00e9nementiel : location chaise, table et mange debout, mat\u00e9riel horeca, frigos,...\",\"publisher\":{\"@id\":\"https:\/\/ml-locations.be\/nl\/#organization\"},\"potentialAction\":[{\"@type\":\"SearchAction\",\"target\":{\"@type\":\"EntryPoint\",\"urlTemplate\":\"https:\/\/ml-locations.be\/nl\/?s={search_term_string}\"},\"query-input\":{\"@type\":\"PropertyValueSpecification\",\"valueRequired\":true,\"valueName\":\"search_term_string\"}}],\"inLanguage\":\"nl-NL\"},{\"@type\":\"Organization\",\"@id\":\"https:\/\/ml-locations.be\/nl\/#organization\",\"name\":\"ML Locations\",\"url\":\"https:\/\/ml-locations.be\/nl\/\",\"logo\":{\"@type\":\"ImageObject\",\"inLanguage\":\"nl-NL\",\"@id\":\"https:\/\/ml-locations.be\/nl\/#\/schema\/logo\/image\/\",\"url\":\"https:\/\/ml-locations.be\/wp-content\/uploads\/2018\/05\/LOGO-location-BON.png\",\"contentUrl\":\"https:\/\/ml-locations.be\/wp-content\/uploads\/2018\/05\/LOGO-location-BON.png\",\"width\":1200,\"height\":1200,\"caption\":\"ML Locations\"},\"image\":{\"@id\":\"https:\/\/ml-locations.be\/nl\/#\/schema\/logo\/image\/\"}}]}<\/script>\n<!-- \/ Yoast SEO plugin. -->","yoast_head_json":{"title":"Chauffe-plat lampes infrarouge et vitro- Pont chauffant | ML Locations","description":"Pont chauffant pour r\u00e9chauffer les plats, muni de deux lampes infrarouges et de deux plaques vitroc\u00e9ramique chauffantes, pour banquets et traiteurs.","robots":{"index":"index","follow":"follow","max-snippet":"max-snippet:-1","max-image-preview":"max-image-preview:large","max-video-preview":"max-video-preview:-1"},"canonical":"https:\/\/ml-locations.be\/nl\/locations\/location-rechaud-pont-chauffant-lampes-infrarouges\/","og_locale":"nl_NL","og_type":"article","og_title":"Chauffe-plat lampes infrarouge et vitro- Pont chauffant | ML Locations","og_description":"Pont chauffant pour r\u00e9chauffer les plats, muni de deux lampes infrarouges et de deux plaques vitroc\u00e9ramique chauffantes, pour banquets et traiteurs.","og_url":"https:\/\/ml-locations.be\/nl\/locations\/location-rechaud-pont-chauffant-lampes-infrarouges\/","og_site_name":"ML Locations","article_modified_time":"2020-04-25T10:56:08+00:00","og_image":[{"width":800,"height":800,"url":"https:\/\/ml-locations.be\/wp-content\/uploads\/2019\/02\/Location-re\u0301chaud-Pont-chauffant-lampes-infrarouges-2.jpg","type":"image\/jpeg"}],"twitter_card":"summary_large_image","twitter_misc":{"Geschatte leestijd":"4 minuten"},"schema":{"@context":"https:\/\/schema.org","@graph":[{"@type":"WebPage","@id":"https:\/\/ml-locations.be\/nl\/locations\/location-rechaud-pont-chauffant-lampes-infrarouges\/","url":"https:\/\/ml-locations.be\/nl\/locations\/location-rechaud-pont-chauffant-lampes-infrarouges\/","name":"Chauffe-plat lampes infrarouge et vitro- Pont chauffant | ML Locations","isPartOf":{"@id":"https:\/\/ml-locations.be\/nl\/#website"},"primaryImageOfPage":{"@id":"https:\/\/ml-locations.be\/nl\/locations\/location-rechaud-pont-chauffant-lampes-infrarouges\/#primaryimage"},"image":{"@id":"https:\/\/ml-locations.be\/nl\/locations\/location-rechaud-pont-chauffant-lampes-infrarouges\/#primaryimage"},"thumbnailUrl":"https:\/\/ml-locations.be\/wp-content\/uploads\/2019\/02\/Location-re\u0301chaud-Pont-chauffant-lampes-infrarouges-2.jpg","datePublished":"2019-02-21T20:50:03+00:00","dateModified":"2020-04-25T10:56:08+00:00","description":"Pont chauffant pour r\u00e9chauffer les plats, muni de deux lampes infrarouges et de deux plaques vitroc\u00e9ramique chauffantes, pour banquets et traiteurs.","breadcrumb":{"@id":"https:\/\/ml-locations.be\/nl\/locations\/location-rechaud-pont-chauffant-lampes-infrarouges\/#breadcrumb"},"inLanguage":"nl-NL","potentialAction":[{"@type":"ReadAction","target":["https:\/\/ml-locations.be\/nl\/locations\/location-rechaud-pont-chauffant-lampes-infrarouges\/"]}]},{"@type":"ImageObject","inLanguage":"nl-NL","@id":"https:\/\/ml-locations.be\/nl\/locations\/location-rechaud-pont-chauffant-lampes-infrarouges\/#primaryimage","url":"https:\/\/ml-locations.be\/wp-content\/uploads\/2019\/02\/Location-re\u0301chaud-Pont-chauffant-lampes-infrarouges-2.jpg","contentUrl":"https:\/\/ml-locations.be\/wp-content\/uploads\/2019\/02\/Location-re\u0301chaud-Pont-chauffant-lampes-infrarouges-2.jpg","width":800,"height":800,"caption":"Pont chauffant en location : 2 lampes chauffantes infrarouges et 2 taques vitroc\u00e9ramiques"},{"@type":"BreadcrumbList","@id":"https:\/\/ml-locations.be\/nl\/locations\/location-rechaud-pont-chauffant-lampes-infrarouges\/#breadcrumb","itemListElement":[{"@type":"ListItem","position":1,"name":"Accueil","item":"https:\/\/ml-locations.be\/nl\/"},{"@type":"ListItem","position":2,"name":"Winkel","item":"https:\/\/ml-locations.be\/nl\/winkel\/"},{"@type":"ListItem","position":3,"name":"Pont chauffant 800W &#8211; 2 lampes infrarouges + 2 taques vitro"}]},{"@type":"WebSite","@id":"https:\/\/ml-locations.be\/nl\/#website","url":"https:\/\/ml-locations.be\/nl\/","name":"ML Locations","description":"Mat\u00e9riel \u00e9v\u00e9nementiel : location chaise, table et mange debout, mat\u00e9riel horeca, frigos,...","publisher":{"@id":"https:\/\/ml-locations.be\/nl\/#organization"},"potentialAction":[{"@type":"SearchAction","target":{"@type":"EntryPoint","urlTemplate":"https:\/\/ml-locations.be\/nl\/?s={search_term_string}"},"query-input":{"@type":"PropertyValueSpecification","valueRequired":true,"valueName":"search_term_string"}}],"inLanguage":"nl-NL"},{"@type":"Organization","@id":"https:\/\/ml-locations.be\/nl\/#organization","name":"ML Locations","url":"https:\/\/ml-locations.be\/nl\/","logo":{"@type":"ImageObject","inLanguage":"nl-NL","@id":"https:\/\/ml-locations.be\/nl\/#\/schema\/logo\/image\/","url":"https:\/\/ml-locations.be\/wp-content\/uploads\/2018\/05\/LOGO-location-BON.png","contentUrl":"https:\/\/ml-locations.be\/wp-content\/uploads\/2018\/05\/LOGO-location-BON.png","width":1200,"height":1200,"caption":"ML Locations"},"image":{"@id":"https:\/\/ml-locations.be\/nl\/#\/schema\/logo\/image\/"}}]}},"_links":{"self":[{"href":"https:\/\/ml-locations.be\/nl\/wp-json\/wp\/v2\/product\/7785","targetHints":{"allow":["GET"]}}],"collection":[{"href":"https:\/\/ml-locations.be\/nl\/wp-json\/wp\/v2\/product"}],"about":[{"href":"https:\/\/ml-locations.be\/nl\/wp-json\/wp\/v2\/types\/product"}],"wp:featuredmedia":[{"embeddable":true,"href":"https:\/\/ml-locations.be\/nl\/wp-json\/wp\/v2\/media\/7794"}],"wp:attachment":[{"href":"https:\/\/ml-locations.be\/nl\/wp-json\/wp\/v2\/media?parent=7785"}],"wp:term":[{"taxonomy":"product_brand","embeddable":true,"href":"https:\/\/ml-locations.be\/nl\/wp-json\/wp\/v2\/product_brand?post=7785"},{"taxonomy":"product_cat","embeddable":true,"href":"https:\/\/ml-locations.be\/nl\/wp-json\/wp\/v2\/product_cat?post=7785"},{"taxonomy":"product_tag","embeddable":true,"href":"https:\/\/ml-locations.be\/nl\/wp-json\/wp\/v2\/product_tag?post=7785"}],"curies":[{"name":"wp","href":"https:\/\/api.w.org\/{rel}","templated":true}]}}