{"id":7805,"date":"2019-02-22T19:15:55","date_gmt":"2019-02-22T18:15:55","guid":{"rendered":"https:\/\/www.ml-locations.be?post_type=product&#038;p=7805"},"modified":"2019-02-22T19:51:06","modified_gmt":"2019-02-22T18:51:06","slug":"location-couteau-steak","status":"publish","type":"product","link":"https:\/\/ml-locations.be\/nl\/locations\/location-couteau-steak\/","title":{"rendered":"Couteau \u00e0 steak"},"content":{"rendered":"<h2>Description du couteau \u00e0 steak Amefa :<\/h2>\n<p><strong>Couteau \u00e0 \u00e0 steak en location<\/strong> : ce couteau \u00e0 dents ou couteau scie permet de trancher efficacement la viande. Il est donc id\u00e9al pour la d\u00e9coupe de steak ou de biftek. Le couteau \u00e0 steak Amefa est muni d&#8217;un solide manche en plastique noir. Un <strong>couteau \u00e0 steak<\/strong> est un couteau de table avec une lame bien aiguis\u00e9e, mince mais robuste. Les petites dents bien affut\u00e9es permettent de <strong>d\u00e9couper la viande<\/strong> grill\u00e9e ou les pizzas tr\u00e8s facilement. Ce couteau avec denture pourra par exemple \u00eatre\u00a0utilis\u00e9 pour couper du faux-filet, une c\u00f4te de boeuf ou un filet mignon lors de vos barbecues ou banquets !<\/p>\n<h3>Dimensions du couteau \u00e0 steak en location :<\/h3>\n<ul>\n<li>Longueur du couteau \u00e0 steak : 26 cm<\/li>\n<li>Epaisseur de la lame du couteau \u00e0 steak : 2,5 mm<\/li>\n<li>Couleur : inox<\/li>\n<li>Manche : plastique noir<\/li>\n<\/ul>\n","protected":false},"excerpt":{"rendered":"<p><strong>Couteau \u00e0 steak en location<\/strong> : couteau scie Amefa avec manche noir.<\/p>\n","protected":false},"featured_media":7806,"template":"","meta":{"_acf_changed":false},"product_brand":[],"product_cat":[229,29],"product_tag":[224,214],"class_list":{"0":"post-7805","1":"product","2":"type-product","3":"status-publish","4":"has-post-thumbnail","6":"product_cat-location-couverts","7":"product_cat-materiel-horeca-en-location","8":"product_tag-location-couverts-table","9":"product_tag-location-materiel-banquet","10":"description-off","12":"first","13":"instock","14":"taxable","15":"shipping-taxable","16":"purchasable","17":"product-type-simple"},"acf":[],"yoast_head":"<!-- This site is optimized with the Yoast SEO plugin v25.0 - https:\/\/yoast.com\/wordpress\/plugins\/seo\/ -->\n<title>Couteau \u00e0 steak en location - location de couverts | ML Locations<\/title>\n<meta name=\"description\" content=\"Couteau \u00e0 steak en location pour vos repas et banquets : couteau \u00e0 dents pour trancher viande et pizza. Location de couverts pour \u00e9v\u00e9nements\" \/>\n<meta name=\"robots\" content=\"index, follow, max-snippet:-1, max-image-preview:large, max-video-preview:-1\" \/>\n<link rel=\"canonical\" href=\"https:\/\/ml-locations.be\/nl\/locations\/location-couteau-steak\/\" \/>\n<meta property=\"og:locale\" content=\"nl_NL\" \/>\n<meta property=\"og:type\" content=\"article\" \/>\n<meta property=\"og:title\" content=\"Couteau \u00e0 steak en location - location de couverts | ML Locations\" \/>\n<meta property=\"og:description\" content=\"Couteau \u00e0 steak en location pour vos repas et banquets : couteau \u00e0 dents pour trancher viande et pizza. Location de couverts pour \u00e9v\u00e9nements\" \/>\n<meta property=\"og:url\" content=\"https:\/\/ml-locations.be\/nl\/locations\/location-couteau-steak\/\" \/>\n<meta property=\"og:site_name\" content=\"ML Locations\" \/>\n<meta property=\"article:modified_time\" content=\"2019-02-22T18:51:06+00:00\" \/>\n<meta property=\"og:image\" content=\"https:\/\/ml-locations.be\/wp-content\/uploads\/2019\/02\/Location-couvert-couteau-scie-a-steak.jpg\" \/>\n\t<meta property=\"og:image:width\" content=\"800\" \/>\n\t<meta property=\"og:image:height\" content=\"800\" \/>\n\t<meta property=\"og:image:type\" content=\"image\/jpeg\" \/>\n<meta name=\"twitter:card\" content=\"summary_large_image\" \/>\n<meta name=\"twitter:label1\" content=\"Geschatte leestijd\" \/>\n\t<meta name=\"twitter:data1\" content=\"1 minuut\" \/>\n<script type=\"application\/ld+json\" class=\"yoast-schema-graph\">{\"@context\":\"https:\/\/schema.org\",\"@graph\":[{\"@type\":\"WebPage\",\"@id\":\"https:\/\/ml-locations.be\/nl\/locations\/location-couteau-steak\/\",\"url\":\"https:\/\/ml-locations.be\/nl\/locations\/location-couteau-steak\/\",\"name\":\"Couteau \u00e0 steak en location - location de couverts | ML Locations\",\"isPartOf\":{\"@id\":\"https:\/\/ml-locations.be\/nl\/#website\"},\"primaryImageOfPage\":{\"@id\":\"https:\/\/ml-locations.be\/nl\/locations\/location-couteau-steak\/#primaryimage\"},\"image\":{\"@id\":\"https:\/\/ml-locations.be\/nl\/locations\/location-couteau-steak\/#primaryimage\"},\"thumbnailUrl\":\"https:\/\/ml-locations.be\/wp-content\/uploads\/2019\/02\/Location-couvert-couteau-scie-a-steak.jpg\",\"datePublished\":\"2019-02-22T18:15:55+00:00\",\"dateModified\":\"2019-02-22T18:51:06+00:00\",\"description\":\"Couteau \u00e0 steak en location pour vos repas et banquets : couteau \u00e0 dents pour trancher viande et pizza. Location de couverts pour \u00e9v\u00e9nements\",\"breadcrumb\":{\"@id\":\"https:\/\/ml-locations.be\/nl\/locations\/location-couteau-steak\/#breadcrumb\"},\"inLanguage\":\"nl-NL\",\"potentialAction\":[{\"@type\":\"ReadAction\",\"target\":[\"https:\/\/ml-locations.be\/nl\/locations\/location-couteau-steak\/\"]}]},{\"@type\":\"ImageObject\",\"inLanguage\":\"nl-NL\",\"@id\":\"https:\/\/ml-locations.be\/nl\/locations\/location-couteau-steak\/#primaryimage\",\"url\":\"https:\/\/ml-locations.be\/wp-content\/uploads\/2019\/02\/Location-couvert-couteau-scie-a-steak.jpg\",\"contentUrl\":\"https:\/\/ml-locations.be\/wp-content\/uploads\/2019\/02\/Location-couvert-couteau-scie-a-steak.jpg\",\"width\":800,\"height\":800,\"caption\":\"Couteau \u00e0 steak en location : couteau pour trancher la viande ou des pizzas\"},{\"@type\":\"BreadcrumbList\",\"@id\":\"https:\/\/ml-locations.be\/nl\/locations\/location-couteau-steak\/#breadcrumb\",\"itemListElement\":[{\"@type\":\"ListItem\",\"position\":1,\"name\":\"Accueil\",\"item\":\"https:\/\/ml-locations.be\/nl\/\"},{\"@type\":\"ListItem\",\"position\":2,\"name\":\"Winkel\",\"item\":\"https:\/\/ml-locations.be\/nl\/winkel\/\"},{\"@type\":\"ListItem\",\"position\":3,\"name\":\"Couteau \u00e0 steak\"}]},{\"@type\":\"WebSite\",\"@id\":\"https:\/\/ml-locations.be\/nl\/#website\",\"url\":\"https:\/\/ml-locations.be\/nl\/\",\"name\":\"ML Locations\",\"description\":\"Mat\u00e9riel \u00e9v\u00e9nementiel : location chaise, table et mange debout, mat\u00e9riel horeca, frigos,...\",\"publisher\":{\"@id\":\"https:\/\/ml-locations.be\/nl\/#organization\"},\"potentialAction\":[{\"@type\":\"SearchAction\",\"target\":{\"@type\":\"EntryPoint\",\"urlTemplate\":\"https:\/\/ml-locations.be\/nl\/?s={search_term_string}\"},\"query-input\":{\"@type\":\"PropertyValueSpecification\",\"valueRequired\":true,\"valueName\":\"search_term_string\"}}],\"inLanguage\":\"nl-NL\"},{\"@type\":\"Organization\",\"@id\":\"https:\/\/ml-locations.be\/nl\/#organization\",\"name\":\"ML Locations\",\"url\":\"https:\/\/ml-locations.be\/nl\/\",\"logo\":{\"@type\":\"ImageObject\",\"inLanguage\":\"nl-NL\",\"@id\":\"https:\/\/ml-locations.be\/nl\/#\/schema\/logo\/image\/\",\"url\":\"https:\/\/ml-locations.be\/wp-content\/uploads\/2018\/05\/LOGO-location-BON.png\",\"contentUrl\":\"https:\/\/ml-locations.be\/wp-content\/uploads\/2018\/05\/LOGO-location-BON.png\",\"width\":1200,\"height\":1200,\"caption\":\"ML Locations\"},\"image\":{\"@id\":\"https:\/\/ml-locations.be\/nl\/#\/schema\/logo\/image\/\"}}]}<\/script>\n<!-- \/ Yoast SEO plugin. -->","yoast_head_json":{"title":"Couteau \u00e0 steak en location - location de couverts | ML Locations","description":"Couteau \u00e0 steak en location pour vos repas et banquets : couteau \u00e0 dents pour trancher viande et pizza. Location de couverts pour \u00e9v\u00e9nements","robots":{"index":"index","follow":"follow","max-snippet":"max-snippet:-1","max-image-preview":"max-image-preview:large","max-video-preview":"max-video-preview:-1"},"canonical":"https:\/\/ml-locations.be\/nl\/locations\/location-couteau-steak\/","og_locale":"nl_NL","og_type":"article","og_title":"Couteau \u00e0 steak en location - location de couverts | ML Locations","og_description":"Couteau \u00e0 steak en location pour vos repas et banquets : couteau \u00e0 dents pour trancher viande et pizza. Location de couverts pour \u00e9v\u00e9nements","og_url":"https:\/\/ml-locations.be\/nl\/locations\/location-couteau-steak\/","og_site_name":"ML Locations","article_modified_time":"2019-02-22T18:51:06+00:00","og_image":[{"width":800,"height":800,"url":"https:\/\/ml-locations.be\/wp-content\/uploads\/2019\/02\/Location-couvert-couteau-scie-a-steak.jpg","type":"image\/jpeg"}],"twitter_card":"summary_large_image","twitter_misc":{"Geschatte leestijd":"1 minuut"},"schema":{"@context":"https:\/\/schema.org","@graph":[{"@type":"WebPage","@id":"https:\/\/ml-locations.be\/nl\/locations\/location-couteau-steak\/","url":"https:\/\/ml-locations.be\/nl\/locations\/location-couteau-steak\/","name":"Couteau \u00e0 steak en location - location de couverts | ML Locations","isPartOf":{"@id":"https:\/\/ml-locations.be\/nl\/#website"},"primaryImageOfPage":{"@id":"https:\/\/ml-locations.be\/nl\/locations\/location-couteau-steak\/#primaryimage"},"image":{"@id":"https:\/\/ml-locations.be\/nl\/locations\/location-couteau-steak\/#primaryimage"},"thumbnailUrl":"https:\/\/ml-locations.be\/wp-content\/uploads\/2019\/02\/Location-couvert-couteau-scie-a-steak.jpg","datePublished":"2019-02-22T18:15:55+00:00","dateModified":"2019-02-22T18:51:06+00:00","description":"Couteau \u00e0 steak en location pour vos repas et banquets : couteau \u00e0 dents pour trancher viande et pizza. Location de couverts pour \u00e9v\u00e9nements","breadcrumb":{"@id":"https:\/\/ml-locations.be\/nl\/locations\/location-couteau-steak\/#breadcrumb"},"inLanguage":"nl-NL","potentialAction":[{"@type":"ReadAction","target":["https:\/\/ml-locations.be\/nl\/locations\/location-couteau-steak\/"]}]},{"@type":"ImageObject","inLanguage":"nl-NL","@id":"https:\/\/ml-locations.be\/nl\/locations\/location-couteau-steak\/#primaryimage","url":"https:\/\/ml-locations.be\/wp-content\/uploads\/2019\/02\/Location-couvert-couteau-scie-a-steak.jpg","contentUrl":"https:\/\/ml-locations.be\/wp-content\/uploads\/2019\/02\/Location-couvert-couteau-scie-a-steak.jpg","width":800,"height":800,"caption":"Couteau \u00e0 steak en location : couteau pour trancher la viande ou des pizzas"},{"@type":"BreadcrumbList","@id":"https:\/\/ml-locations.be\/nl\/locations\/location-couteau-steak\/#breadcrumb","itemListElement":[{"@type":"ListItem","position":1,"name":"Accueil","item":"https:\/\/ml-locations.be\/nl\/"},{"@type":"ListItem","position":2,"name":"Winkel","item":"https:\/\/ml-locations.be\/nl\/winkel\/"},{"@type":"ListItem","position":3,"name":"Couteau \u00e0 steak"}]},{"@type":"WebSite","@id":"https:\/\/ml-locations.be\/nl\/#website","url":"https:\/\/ml-locations.be\/nl\/","name":"ML Locations","description":"Mat\u00e9riel \u00e9v\u00e9nementiel : location chaise, table et mange debout, mat\u00e9riel horeca, frigos,...","publisher":{"@id":"https:\/\/ml-locations.be\/nl\/#organization"},"potentialAction":[{"@type":"SearchAction","target":{"@type":"EntryPoint","urlTemplate":"https:\/\/ml-locations.be\/nl\/?s={search_term_string}"},"query-input":{"@type":"PropertyValueSpecification","valueRequired":true,"valueName":"search_term_string"}}],"inLanguage":"nl-NL"},{"@type":"Organization","@id":"https:\/\/ml-locations.be\/nl\/#organization","name":"ML Locations","url":"https:\/\/ml-locations.be\/nl\/","logo":{"@type":"ImageObject","inLanguage":"nl-NL","@id":"https:\/\/ml-locations.be\/nl\/#\/schema\/logo\/image\/","url":"https:\/\/ml-locations.be\/wp-content\/uploads\/2018\/05\/LOGO-location-BON.png","contentUrl":"https:\/\/ml-locations.be\/wp-content\/uploads\/2018\/05\/LOGO-location-BON.png","width":1200,"height":1200,"caption":"ML Locations"},"image":{"@id":"https:\/\/ml-locations.be\/nl\/#\/schema\/logo\/image\/"}}]}},"_links":{"self":[{"href":"https:\/\/ml-locations.be\/nl\/wp-json\/wp\/v2\/product\/7805","targetHints":{"allow":["GET"]}}],"collection":[{"href":"https:\/\/ml-locations.be\/nl\/wp-json\/wp\/v2\/product"}],"about":[{"href":"https:\/\/ml-locations.be\/nl\/wp-json\/wp\/v2\/types\/product"}],"wp:featuredmedia":[{"embeddable":true,"href":"https:\/\/ml-locations.be\/nl\/wp-json\/wp\/v2\/media\/7806"}],"wp:attachment":[{"href":"https:\/\/ml-locations.be\/nl\/wp-json\/wp\/v2\/media?parent=7805"}],"wp:term":[{"taxonomy":"product_brand","embeddable":true,"href":"https:\/\/ml-locations.be\/nl\/wp-json\/wp\/v2\/product_brand?post=7805"},{"taxonomy":"product_cat","embeddable":true,"href":"https:\/\/ml-locations.be\/nl\/wp-json\/wp\/v2\/product_cat?post=7805"},{"taxonomy":"product_tag","embeddable":true,"href":"https:\/\/ml-locations.be\/nl\/wp-json\/wp\/v2\/product_tag?post=7805"}],"curies":[{"name":"wp","href":"https:\/\/api.w.org\/{rel}","templated":true}]}}