{"id":7810,"date":"2019-02-22T20:20:09","date_gmt":"2019-02-22T19:20:09","guid":{"rendered":"https:\/\/www.ml-locations.be?post_type=product&#038;p=7810"},"modified":"2026-03-11T11:39:23","modified_gmt":"2026-03-11T10:39:23","slug":"assiette-creuse-23-cm","status":"publish","type":"product","link":"https:\/\/ml-locations.be\/nl\/locations\/assiette-creuse-23-cm\/","title":{"rendered":"Assiette Nathalie creuse 23 cm"},"content":{"rendered":"<h2>Description des assiettes creuses en location :<\/h2>\n<p><strong>Assiette creuse 23 cm en location : <\/strong>les assiettes creuses sont des assiettes profondes id\u00e9ales pour le service de la soupe, de spaghettis ou encore de salade. Cette\u00a0assiette creuse en porcelaine blanche, de la collection Nathalie, mesure 23 cm de diam\u00e8tre.<\/p>\n<h3>Informations concernant le nettoyage de la vaisselle en location :<\/h3>\n<p>Chez ML Locations, vous pouvez <a href=\"https:\/\/ml-locations.be\/location\/materiel-horeca-en-location\/location-vaisselle\/\"><strong>louer de la vaisselle<\/strong><\/a> pour vos banquets et \u00e9v\u00e9nements, que vous soyez un traiteur ou un particulier. Les assiettes creuses en location et la vaisselle sont reprises sales en fin de location. Vous ne devez donc pas vous soucier de nettoyer la vaisselle en location. Attention, <strong>la vaisselle doit imp\u00e9rativement \u00eatre d\u00e9barrass\u00e9e des restes<\/strong> et rang\u00e9e dans les contenant fournis, sans quoi un surcout pourrait vous \u00eatre demand\u00e9 pour le nettoyage.<\/p>\n<p>&nbsp;<\/p>\n","protected":false},"excerpt":{"rendered":"<p><strong>Assiette creuse 23 cm en location<\/strong> : assiette en porcelaine blanche<\/p>\n","protected":false},"featured_media":7813,"template":"","meta":{"_acf_changed":false},"product_brand":[],"product_cat":[29,33],"product_tag":[214],"class_list":{"0":"post-7810","1":"product","2":"type-product","3":"status-publish","4":"has-post-thumbnail","6":"product_cat-materiel-horeca-en-location","7":"product_cat-location-vaisselle","8":"product_tag-location-materiel-banquet","9":"description-off","11":"first","12":"instock","13":"taxable","14":"shipping-taxable","15":"purchasable","16":"product-type-simple"},"acf":[],"yoast_head":"<!-- This site is optimized with the Yoast SEO plugin v25.0 - https:\/\/yoast.com\/wordpress\/plugins\/seo\/ -->\n<title>Assiette en location : assiette creuse 23 cm | ML Locations<\/title>\n<meta name=\"description\" content=\"Assiette creuse en location : assiettes creuses en porcelaine blanche, diam\u00e8tre 23 cm. Pour le service de p\u00e2tes, de salade ou de potage.\" \/>\n<meta name=\"robots\" content=\"index, follow, max-snippet:-1, max-image-preview:large, max-video-preview:-1\" \/>\n<link rel=\"canonical\" href=\"https:\/\/ml-locations.be\/nl\/locations\/assiette-creuse-23-cm\/\" \/>\n<meta property=\"og:locale\" content=\"nl_NL\" \/>\n<meta property=\"og:type\" content=\"article\" \/>\n<meta property=\"og:title\" content=\"Assiette en location : assiette creuse 23 cm | ML Locations\" \/>\n<meta property=\"og:description\" content=\"Assiette creuse en location : assiettes creuses en porcelaine blanche, diam\u00e8tre 23 cm. Pour le service de p\u00e2tes, de salade ou de potage.\" \/>\n<meta property=\"og:url\" content=\"https:\/\/ml-locations.be\/nl\/locations\/assiette-creuse-23-cm\/\" \/>\n<meta property=\"og:site_name\" content=\"ML Locations\" \/>\n<meta property=\"article:modified_time\" content=\"2026-03-11T10:39:23+00:00\" \/>\n<meta property=\"og:image\" content=\"https:\/\/ml-locations.be\/wp-content\/uploads\/2019\/02\/Location-assiette-creuse-23cm.jpeg\" \/>\n\t<meta property=\"og:image:width\" content=\"800\" \/>\n\t<meta property=\"og:image:height\" content=\"800\" \/>\n\t<meta property=\"og:image:type\" content=\"image\/jpeg\" \/>\n<meta name=\"twitter:card\" content=\"summary_large_image\" \/>\n<meta name=\"twitter:label1\" content=\"Geschatte leestijd\" \/>\n\t<meta name=\"twitter:data1\" content=\"1 minuut\" \/>\n<script type=\"application\/ld+json\" class=\"yoast-schema-graph\">{\"@context\":\"https:\/\/schema.org\",\"@graph\":[{\"@type\":\"WebPage\",\"@id\":\"https:\/\/ml-locations.be\/nl\/locations\/assiette-creuse-23-cm\/\",\"url\":\"https:\/\/ml-locations.be\/nl\/locations\/assiette-creuse-23-cm\/\",\"name\":\"Assiette en location : assiette creuse 23 cm | ML Locations\",\"isPartOf\":{\"@id\":\"https:\/\/ml-locations.be\/nl\/#website\"},\"primaryImageOfPage\":{\"@id\":\"https:\/\/ml-locations.be\/nl\/locations\/assiette-creuse-23-cm\/#primaryimage\"},\"image\":{\"@id\":\"https:\/\/ml-locations.be\/nl\/locations\/assiette-creuse-23-cm\/#primaryimage\"},\"thumbnailUrl\":\"https:\/\/ml-locations.be\/wp-content\/uploads\/2019\/02\/Location-assiette-creuse-23cm.jpeg\",\"datePublished\":\"2019-02-22T19:20:09+00:00\",\"dateModified\":\"2026-03-11T10:39:23+00:00\",\"description\":\"Assiette creuse en location : assiettes creuses en porcelaine blanche, diam\u00e8tre 23 cm. Pour le service de p\u00e2tes, de salade ou de potage.\",\"breadcrumb\":{\"@id\":\"https:\/\/ml-locations.be\/nl\/locations\/assiette-creuse-23-cm\/#breadcrumb\"},\"inLanguage\":\"nl-NL\",\"potentialAction\":[{\"@type\":\"ReadAction\",\"target\":[\"https:\/\/ml-locations.be\/nl\/locations\/assiette-creuse-23-cm\/\"]}]},{\"@type\":\"ImageObject\",\"inLanguage\":\"nl-NL\",\"@id\":\"https:\/\/ml-locations.be\/nl\/locations\/assiette-creuse-23-cm\/#primaryimage\",\"url\":\"https:\/\/ml-locations.be\/wp-content\/uploads\/2019\/02\/Location-assiette-creuse-23cm.jpeg\",\"contentUrl\":\"https:\/\/ml-locations.be\/wp-content\/uploads\/2019\/02\/Location-assiette-creuse-23cm.jpeg\",\"width\":800,\"height\":800,\"caption\":\"Location vaisselle : assiette creuse en location diam\u00e8tre 23 cm\"},{\"@type\":\"BreadcrumbList\",\"@id\":\"https:\/\/ml-locations.be\/nl\/locations\/assiette-creuse-23-cm\/#breadcrumb\",\"itemListElement\":[{\"@type\":\"ListItem\",\"position\":1,\"name\":\"Accueil\",\"item\":\"https:\/\/ml-locations.be\/nl\/\"},{\"@type\":\"ListItem\",\"position\":2,\"name\":\"Winkel\",\"item\":\"https:\/\/ml-locations.be\/nl\/winkel\/\"},{\"@type\":\"ListItem\",\"position\":3,\"name\":\"Assiette Nathalie creuse 23 cm\"}]},{\"@type\":\"WebSite\",\"@id\":\"https:\/\/ml-locations.be\/nl\/#website\",\"url\":\"https:\/\/ml-locations.be\/nl\/\",\"name\":\"ML Locations\",\"description\":\"Mat\u00e9riel \u00e9v\u00e9nementiel : location chaise, table et mange debout, mat\u00e9riel horeca, frigos,...\",\"publisher\":{\"@id\":\"https:\/\/ml-locations.be\/nl\/#organization\"},\"potentialAction\":[{\"@type\":\"SearchAction\",\"target\":{\"@type\":\"EntryPoint\",\"urlTemplate\":\"https:\/\/ml-locations.be\/nl\/?s={search_term_string}\"},\"query-input\":{\"@type\":\"PropertyValueSpecification\",\"valueRequired\":true,\"valueName\":\"search_term_string\"}}],\"inLanguage\":\"nl-NL\"},{\"@type\":\"Organization\",\"@id\":\"https:\/\/ml-locations.be\/nl\/#organization\",\"name\":\"ML Locations\",\"url\":\"https:\/\/ml-locations.be\/nl\/\",\"logo\":{\"@type\":\"ImageObject\",\"inLanguage\":\"nl-NL\",\"@id\":\"https:\/\/ml-locations.be\/nl\/#\/schema\/logo\/image\/\",\"url\":\"https:\/\/ml-locations.be\/wp-content\/uploads\/2018\/05\/LOGO-location-BON.png\",\"contentUrl\":\"https:\/\/ml-locations.be\/wp-content\/uploads\/2018\/05\/LOGO-location-BON.png\",\"width\":1200,\"height\":1200,\"caption\":\"ML Locations\"},\"image\":{\"@id\":\"https:\/\/ml-locations.be\/nl\/#\/schema\/logo\/image\/\"}}]}<\/script>\n<!-- \/ Yoast SEO plugin. -->","yoast_head_json":{"title":"Assiette en location : assiette creuse 23 cm | ML Locations","description":"Assiette creuse en location : assiettes creuses en porcelaine blanche, diam\u00e8tre 23 cm. Pour le service de p\u00e2tes, de salade ou de potage.","robots":{"index":"index","follow":"follow","max-snippet":"max-snippet:-1","max-image-preview":"max-image-preview:large","max-video-preview":"max-video-preview:-1"},"canonical":"https:\/\/ml-locations.be\/nl\/locations\/assiette-creuse-23-cm\/","og_locale":"nl_NL","og_type":"article","og_title":"Assiette en location : assiette creuse 23 cm | ML Locations","og_description":"Assiette creuse en location : assiettes creuses en porcelaine blanche, diam\u00e8tre 23 cm. Pour le service de p\u00e2tes, de salade ou de potage.","og_url":"https:\/\/ml-locations.be\/nl\/locations\/assiette-creuse-23-cm\/","og_site_name":"ML Locations","article_modified_time":"2026-03-11T10:39:23+00:00","og_image":[{"width":800,"height":800,"url":"https:\/\/ml-locations.be\/wp-content\/uploads\/2019\/02\/Location-assiette-creuse-23cm.jpeg","type":"image\/jpeg"}],"twitter_card":"summary_large_image","twitter_misc":{"Geschatte leestijd":"1 minuut"},"schema":{"@context":"https:\/\/schema.org","@graph":[{"@type":"WebPage","@id":"https:\/\/ml-locations.be\/nl\/locations\/assiette-creuse-23-cm\/","url":"https:\/\/ml-locations.be\/nl\/locations\/assiette-creuse-23-cm\/","name":"Assiette en location : assiette creuse 23 cm | ML Locations","isPartOf":{"@id":"https:\/\/ml-locations.be\/nl\/#website"},"primaryImageOfPage":{"@id":"https:\/\/ml-locations.be\/nl\/locations\/assiette-creuse-23-cm\/#primaryimage"},"image":{"@id":"https:\/\/ml-locations.be\/nl\/locations\/assiette-creuse-23-cm\/#primaryimage"},"thumbnailUrl":"https:\/\/ml-locations.be\/wp-content\/uploads\/2019\/02\/Location-assiette-creuse-23cm.jpeg","datePublished":"2019-02-22T19:20:09+00:00","dateModified":"2026-03-11T10:39:23+00:00","description":"Assiette creuse en location : assiettes creuses en porcelaine blanche, diam\u00e8tre 23 cm. Pour le service de p\u00e2tes, de salade ou de potage.","breadcrumb":{"@id":"https:\/\/ml-locations.be\/nl\/locations\/assiette-creuse-23-cm\/#breadcrumb"},"inLanguage":"nl-NL","potentialAction":[{"@type":"ReadAction","target":["https:\/\/ml-locations.be\/nl\/locations\/assiette-creuse-23-cm\/"]}]},{"@type":"ImageObject","inLanguage":"nl-NL","@id":"https:\/\/ml-locations.be\/nl\/locations\/assiette-creuse-23-cm\/#primaryimage","url":"https:\/\/ml-locations.be\/wp-content\/uploads\/2019\/02\/Location-assiette-creuse-23cm.jpeg","contentUrl":"https:\/\/ml-locations.be\/wp-content\/uploads\/2019\/02\/Location-assiette-creuse-23cm.jpeg","width":800,"height":800,"caption":"Location vaisselle : assiette creuse en location diam\u00e8tre 23 cm"},{"@type":"BreadcrumbList","@id":"https:\/\/ml-locations.be\/nl\/locations\/assiette-creuse-23-cm\/#breadcrumb","itemListElement":[{"@type":"ListItem","position":1,"name":"Accueil","item":"https:\/\/ml-locations.be\/nl\/"},{"@type":"ListItem","position":2,"name":"Winkel","item":"https:\/\/ml-locations.be\/nl\/winkel\/"},{"@type":"ListItem","position":3,"name":"Assiette Nathalie creuse 23 cm"}]},{"@type":"WebSite","@id":"https:\/\/ml-locations.be\/nl\/#website","url":"https:\/\/ml-locations.be\/nl\/","name":"ML Locations","description":"Mat\u00e9riel \u00e9v\u00e9nementiel : location chaise, table et mange debout, mat\u00e9riel horeca, frigos,...","publisher":{"@id":"https:\/\/ml-locations.be\/nl\/#organization"},"potentialAction":[{"@type":"SearchAction","target":{"@type":"EntryPoint","urlTemplate":"https:\/\/ml-locations.be\/nl\/?s={search_term_string}"},"query-input":{"@type":"PropertyValueSpecification","valueRequired":true,"valueName":"search_term_string"}}],"inLanguage":"nl-NL"},{"@type":"Organization","@id":"https:\/\/ml-locations.be\/nl\/#organization","name":"ML Locations","url":"https:\/\/ml-locations.be\/nl\/","logo":{"@type":"ImageObject","inLanguage":"nl-NL","@id":"https:\/\/ml-locations.be\/nl\/#\/schema\/logo\/image\/","url":"https:\/\/ml-locations.be\/wp-content\/uploads\/2018\/05\/LOGO-location-BON.png","contentUrl":"https:\/\/ml-locations.be\/wp-content\/uploads\/2018\/05\/LOGO-location-BON.png","width":1200,"height":1200,"caption":"ML Locations"},"image":{"@id":"https:\/\/ml-locations.be\/nl\/#\/schema\/logo\/image\/"}}]}},"_links":{"self":[{"href":"https:\/\/ml-locations.be\/nl\/wp-json\/wp\/v2\/product\/7810","targetHints":{"allow":["GET"]}}],"collection":[{"href":"https:\/\/ml-locations.be\/nl\/wp-json\/wp\/v2\/product"}],"about":[{"href":"https:\/\/ml-locations.be\/nl\/wp-json\/wp\/v2\/types\/product"}],"wp:featuredmedia":[{"embeddable":true,"href":"https:\/\/ml-locations.be\/nl\/wp-json\/wp\/v2\/media\/7813"}],"wp:attachment":[{"href":"https:\/\/ml-locations.be\/nl\/wp-json\/wp\/v2\/media?parent=7810"}],"wp:term":[{"taxonomy":"product_brand","embeddable":true,"href":"https:\/\/ml-locations.be\/nl\/wp-json\/wp\/v2\/product_brand?post=7810"},{"taxonomy":"product_cat","embeddable":true,"href":"https:\/\/ml-locations.be\/nl\/wp-json\/wp\/v2\/product_cat?post=7810"},{"taxonomy":"product_tag","embeddable":true,"href":"https:\/\/ml-locations.be\/nl\/wp-json\/wp\/v2\/product_tag?post=7810"}],"curies":[{"name":"wp","href":"https:\/\/api.w.org\/{rel}","templated":true}]}}