{"id":7862,"date":"2019-02-25T20:46:54","date_gmt":"2019-02-25T19:46:54","guid":{"rendered":"https:\/\/www.ml-locations.be?post_type=product&#038;p=7862"},"modified":"2026-02-04T08:21:44","modified_gmt":"2026-02-04T07:21:44","slug":"location-verre-vin-blanc-ballon-15cl","status":"publish","type":"product","link":"https:\/\/ml-locations.be\/nl\/locations\/location-verre-vin-blanc-ballon-15cl\/","title":{"rendered":"Verre \u00e0 vin rouge ballon 15 cl (36 pi\u00e8ces)"},"content":{"rendered":"<h2>Description du verre \u00e0 vin blanc Ballon 15 cl en location :<\/h2>\n<p><strong>Verre \u00e0 vin en location<\/strong> d&#8217;une contenance de <strong>15 cl<\/strong> : ces petits\u00a0<strong>verres \u00e0 vin blanc en location<\/strong> de la marque <strong>Arcoroc<\/strong>\u00a0sont parfaits pour vos \u00e9v\u00e9nements, soir\u00e9es, repas et banquets. Les verres \u00e0 vin ballon tiennent leur nom de leur forme arrondie. Ils sont \u00e0 la fois classique et ind\u00e9modable et s&#8217;accordent \u00e0 toutes les tables. Ils sont utilis\u00e9s pour le service du <strong>vin blanc<\/strong> lors de banquets ou d&#8217;autres \u00e9v\u00e9nements. ML Locations vous propose ce<strong>\u00a0verre \u00e0 vin blanc ballon en location<\/strong>\u00a0\u00e0 un prix tr\u00e8s bas : 0,16 \u20ac \/ verre \u00e0 vin. Son petit prix de location le rend id\u00e9al pour les tables \u00e0 la d\u00e9coration sobre et les petits budgets. Les verres ballons sont souvent utilis\u00e9s pour lors de banquets conviviaux par les traiteurs ou lors de soir\u00e9es.<\/p>\n<p>Chez ML Locations, vous\u00a0<strong>louez les verres \u00e0 vin blanc<\/strong>\u00a0uniquement par <strong>racks entiers<\/strong> (les verres ballons 15 cl sont conditionn\u00e9s dans des casiers de 36 verres \u00e0 vin).<\/p>\n<h3>Petit prix (nettoyage compris) pour ces verres \u00e0 vin en location :<\/h3>\n<p>Avec ML Locations, vous n&#8217;avez pas \u00e0 vous occuper de faire la vaisselle des verres \u00e0 vin en fin de soir\u00e9e ! <strong>Le prix du nettoyage est compris<\/strong>\u00a0dans le prix de la <strong>location des verres \u00e0 vin<\/strong>\u00a0! Cependant, nous reprenons les verres \u00e0 vin et la vaisselle reconditionn\u00e9s comme vous les avez re\u00e7us : c&#8217;est \u00e0 dire la t\u00eate en bas. De cette mani\u00e8re, l&#8217;\u00e9gouttage des verres se fait naturellement, et le passage en machine est facilit\u00e9. Attention, conform\u00e9ment \u00e0 nos conditions g\u00e9n\u00e9rales de ventes, des frais suppl\u00e9mentaires pourraient vous \u00eatre r\u00e9clam\u00e9s si les verres \u00e0 vin ne sont pas rang\u00e9s correctement lors de la reprise du mat\u00e9riel.<\/p>\n<h3>Caract\u00e9ristiques et dimensions du verre &#8220;Ballon&#8221; en location (15 cl):<\/h3>\n<ul>\n<li>Diam\u00e8tre du verre : 7,1 cm<\/li>\n<li>Hauteur du verre : 11,8 cm<\/li>\n<li>Contenance : 15 cl<\/li>\n<li>Type : verre \u00e0 vin sur pied de type &#8220;verre ballon&#8221;<\/li>\n<li>Mati\u00e8re : verre transparent<\/li>\n<li>Marque : Arcoroc<\/li>\n<\/ul>\n<h3>Retrouvez nos autres verres \u00e0 vin en location de type &#8220;ballon&#8221; :<\/h3>\n<p><strong><a href=\"https:\/\/ml-locations.be\/locations\/location-verre-vin-rouge-ballon-25cl\/\">Verre \u00e0 vin rouge ou \u00e0 eau &#8220;ballon&#8221; 25 cl<\/a><\/strong><\/p>\n<p><strong><a href=\"https:\/\/ml-locations.be\/locations\/location-verre-vin-rouge-ballon-19cl\/\">Verre \u00e0 vin rouge &#8220;ballon&#8221; 19 cl<\/a><\/strong><\/p>\n<p>&nbsp;<\/p>\n","protected":false},"excerpt":{"rendered":"<p><strong>Verre \u00e0 vin rouge &#8220;Ballon&#8221; 15 cl :\u00a0<\/strong>verre \u00e0 vin rouge en location.\u00a0NB : commandes par rack de 36 verres.<\/p>\n","protected":false},"featured_media":7865,"template":"","meta":{"_acf_changed":false},"product_brand":[],"product_cat":[29,32],"product_tag":[213],"class_list":{"0":"post-7862","1":"product","2":"type-product","3":"status-publish","4":"has-post-thumbnail","6":"product_cat-materiel-horeca-en-location","7":"product_cat-verres-en-location","8":"product_tag-location-de-materiel-de-reception-mariages","9":"description-off","11":"first","12":"instock","13":"taxable","14":"shipping-taxable","15":"purchasable","16":"product-type-simple"},"acf":[],"yoast_head":"<!-- This site is optimized with the Yoast SEO plugin v25.0 - https:\/\/yoast.com\/wordpress\/plugins\/seo\/ -->\n<title>Verres \u00e0 vin en location - verre \u00e0 vin blanc Ballon 15cl | ML Locations<\/title>\n<meta name=\"description\" content=\"Verres \u00e0 vin blanc &quot;Ballon&quot; 15cl en location pour le service du vin blanc. Prix r\u00e9duit, nettoyage compris! Id\u00e9al pour banquets et traiteurs\" \/>\n<meta name=\"robots\" content=\"index, follow, max-snippet:-1, max-image-preview:large, max-video-preview:-1\" \/>\n<link rel=\"canonical\" href=\"https:\/\/ml-locations.be\/nl\/locations\/location-verre-vin-blanc-ballon-15cl\/\" \/>\n<meta property=\"og:locale\" content=\"nl_NL\" \/>\n<meta property=\"og:type\" content=\"article\" \/>\n<meta property=\"og:title\" content=\"Verres \u00e0 vin en location - verre \u00e0 vin blanc Ballon 15cl | ML Locations\" \/>\n<meta property=\"og:description\" content=\"Verres \u00e0 vin blanc &quot;Ballon&quot; 15cl en location pour le service du vin blanc. Prix r\u00e9duit, nettoyage compris! Id\u00e9al pour banquets et traiteurs\" \/>\n<meta property=\"og:url\" content=\"https:\/\/ml-locations.be\/nl\/locations\/location-verre-vin-blanc-ballon-15cl\/\" \/>\n<meta property=\"og:site_name\" content=\"ML Locations\" \/>\n<meta property=\"article:modified_time\" content=\"2026-02-04T07:21:44+00:00\" \/>\n<meta property=\"og:image\" content=\"https:\/\/ml-locations.be\/wp-content\/uploads\/2019\/02\/location-verre-vin-blanc-ballon-14cl.jpg\" \/>\n\t<meta property=\"og:image:width\" content=\"800\" \/>\n\t<meta property=\"og:image:height\" content=\"800\" \/>\n\t<meta property=\"og:image:type\" content=\"image\/jpeg\" \/>\n<meta name=\"twitter:card\" content=\"summary_large_image\" \/>\n<meta name=\"twitter:label1\" content=\"Geschatte leestijd\" \/>\n\t<meta name=\"twitter:data1\" content=\"3 minuten\" \/>\n<script type=\"application\/ld+json\" class=\"yoast-schema-graph\">{\"@context\":\"https:\/\/schema.org\",\"@graph\":[{\"@type\":\"WebPage\",\"@id\":\"https:\/\/ml-locations.be\/nl\/locations\/location-verre-vin-blanc-ballon-15cl\/\",\"url\":\"https:\/\/ml-locations.be\/nl\/locations\/location-verre-vin-blanc-ballon-15cl\/\",\"name\":\"Verres \u00e0 vin en location - verre \u00e0 vin blanc Ballon 15cl | ML Locations\",\"isPartOf\":{\"@id\":\"https:\/\/ml-locations.be\/nl\/#website\"},\"primaryImageOfPage\":{\"@id\":\"https:\/\/ml-locations.be\/nl\/locations\/location-verre-vin-blanc-ballon-15cl\/#primaryimage\"},\"image\":{\"@id\":\"https:\/\/ml-locations.be\/nl\/locations\/location-verre-vin-blanc-ballon-15cl\/#primaryimage\"},\"thumbnailUrl\":\"https:\/\/ml-locations.be\/wp-content\/uploads\/2019\/02\/location-verre-vin-blanc-ballon-14cl.jpg\",\"datePublished\":\"2019-02-25T19:46:54+00:00\",\"dateModified\":\"2026-02-04T07:21:44+00:00\",\"description\":\"Verres \u00e0 vin blanc \\\"Ballon\\\" 15cl en location pour le service du vin blanc. Prix r\u00e9duit, nettoyage compris! Id\u00e9al pour banquets et traiteurs\",\"breadcrumb\":{\"@id\":\"https:\/\/ml-locations.be\/nl\/locations\/location-verre-vin-blanc-ballon-15cl\/#breadcrumb\"},\"inLanguage\":\"nl-NL\",\"potentialAction\":[{\"@type\":\"ReadAction\",\"target\":[\"https:\/\/ml-locations.be\/nl\/locations\/location-verre-vin-blanc-ballon-15cl\/\"]}]},{\"@type\":\"ImageObject\",\"inLanguage\":\"nl-NL\",\"@id\":\"https:\/\/ml-locations.be\/nl\/locations\/location-verre-vin-blanc-ballon-15cl\/#primaryimage\",\"url\":\"https:\/\/ml-locations.be\/wp-content\/uploads\/2019\/02\/location-verre-vin-blanc-ballon-14cl.jpg\",\"contentUrl\":\"https:\/\/ml-locations.be\/wp-content\/uploads\/2019\/02\/location-verre-vin-blanc-ballon-14cl.jpg\",\"width\":800,\"height\":800,\"caption\":\"Verre \u00e0 vin blanc \\\"Ballon\\\" 15cl - location verre \u00e0 vin\"},{\"@type\":\"BreadcrumbList\",\"@id\":\"https:\/\/ml-locations.be\/nl\/locations\/location-verre-vin-blanc-ballon-15cl\/#breadcrumb\",\"itemListElement\":[{\"@type\":\"ListItem\",\"position\":1,\"name\":\"Accueil\",\"item\":\"https:\/\/ml-locations.be\/nl\/\"},{\"@type\":\"ListItem\",\"position\":2,\"name\":\"Winkel\",\"item\":\"https:\/\/ml-locations.be\/nl\/winkel\/\"},{\"@type\":\"ListItem\",\"position\":3,\"name\":\"Verre \u00e0 vin rouge ballon 15 cl (36 pi\u00e8ces)\"}]},{\"@type\":\"WebSite\",\"@id\":\"https:\/\/ml-locations.be\/nl\/#website\",\"url\":\"https:\/\/ml-locations.be\/nl\/\",\"name\":\"ML Locations\",\"description\":\"Mat\u00e9riel \u00e9v\u00e9nementiel : location chaise, table et mange debout, mat\u00e9riel horeca, frigos,...\",\"publisher\":{\"@id\":\"https:\/\/ml-locations.be\/nl\/#organization\"},\"potentialAction\":[{\"@type\":\"SearchAction\",\"target\":{\"@type\":\"EntryPoint\",\"urlTemplate\":\"https:\/\/ml-locations.be\/nl\/?s={search_term_string}\"},\"query-input\":{\"@type\":\"PropertyValueSpecification\",\"valueRequired\":true,\"valueName\":\"search_term_string\"}}],\"inLanguage\":\"nl-NL\"},{\"@type\":\"Organization\",\"@id\":\"https:\/\/ml-locations.be\/nl\/#organization\",\"name\":\"ML Locations\",\"url\":\"https:\/\/ml-locations.be\/nl\/\",\"logo\":{\"@type\":\"ImageObject\",\"inLanguage\":\"nl-NL\",\"@id\":\"https:\/\/ml-locations.be\/nl\/#\/schema\/logo\/image\/\",\"url\":\"https:\/\/ml-locations.be\/wp-content\/uploads\/2018\/05\/LOGO-location-BON.png\",\"contentUrl\":\"https:\/\/ml-locations.be\/wp-content\/uploads\/2018\/05\/LOGO-location-BON.png\",\"width\":1200,\"height\":1200,\"caption\":\"ML Locations\"},\"image\":{\"@id\":\"https:\/\/ml-locations.be\/nl\/#\/schema\/logo\/image\/\"}}]}<\/script>\n<!-- \/ Yoast SEO plugin. -->","yoast_head_json":{"title":"Verres \u00e0 vin en location - verre \u00e0 vin blanc Ballon 15cl | ML Locations","description":"Verres \u00e0 vin blanc \"Ballon\" 15cl en location pour le service du vin blanc. Prix r\u00e9duit, nettoyage compris! Id\u00e9al pour banquets et traiteurs","robots":{"index":"index","follow":"follow","max-snippet":"max-snippet:-1","max-image-preview":"max-image-preview:large","max-video-preview":"max-video-preview:-1"},"canonical":"https:\/\/ml-locations.be\/nl\/locations\/location-verre-vin-blanc-ballon-15cl\/","og_locale":"nl_NL","og_type":"article","og_title":"Verres \u00e0 vin en location - verre \u00e0 vin blanc Ballon 15cl | ML Locations","og_description":"Verres \u00e0 vin blanc \"Ballon\" 15cl en location pour le service du vin blanc. Prix r\u00e9duit, nettoyage compris! Id\u00e9al pour banquets et traiteurs","og_url":"https:\/\/ml-locations.be\/nl\/locations\/location-verre-vin-blanc-ballon-15cl\/","og_site_name":"ML Locations","article_modified_time":"2026-02-04T07:21:44+00:00","og_image":[{"width":800,"height":800,"url":"https:\/\/ml-locations.be\/wp-content\/uploads\/2019\/02\/location-verre-vin-blanc-ballon-14cl.jpg","type":"image\/jpeg"}],"twitter_card":"summary_large_image","twitter_misc":{"Geschatte leestijd":"3 minuten"},"schema":{"@context":"https:\/\/schema.org","@graph":[{"@type":"WebPage","@id":"https:\/\/ml-locations.be\/nl\/locations\/location-verre-vin-blanc-ballon-15cl\/","url":"https:\/\/ml-locations.be\/nl\/locations\/location-verre-vin-blanc-ballon-15cl\/","name":"Verres \u00e0 vin en location - verre \u00e0 vin blanc Ballon 15cl | ML Locations","isPartOf":{"@id":"https:\/\/ml-locations.be\/nl\/#website"},"primaryImageOfPage":{"@id":"https:\/\/ml-locations.be\/nl\/locations\/location-verre-vin-blanc-ballon-15cl\/#primaryimage"},"image":{"@id":"https:\/\/ml-locations.be\/nl\/locations\/location-verre-vin-blanc-ballon-15cl\/#primaryimage"},"thumbnailUrl":"https:\/\/ml-locations.be\/wp-content\/uploads\/2019\/02\/location-verre-vin-blanc-ballon-14cl.jpg","datePublished":"2019-02-25T19:46:54+00:00","dateModified":"2026-02-04T07:21:44+00:00","description":"Verres \u00e0 vin blanc \"Ballon\" 15cl en location pour le service du vin blanc. Prix r\u00e9duit, nettoyage compris! Id\u00e9al pour banquets et traiteurs","breadcrumb":{"@id":"https:\/\/ml-locations.be\/nl\/locations\/location-verre-vin-blanc-ballon-15cl\/#breadcrumb"},"inLanguage":"nl-NL","potentialAction":[{"@type":"ReadAction","target":["https:\/\/ml-locations.be\/nl\/locations\/location-verre-vin-blanc-ballon-15cl\/"]}]},{"@type":"ImageObject","inLanguage":"nl-NL","@id":"https:\/\/ml-locations.be\/nl\/locations\/location-verre-vin-blanc-ballon-15cl\/#primaryimage","url":"https:\/\/ml-locations.be\/wp-content\/uploads\/2019\/02\/location-verre-vin-blanc-ballon-14cl.jpg","contentUrl":"https:\/\/ml-locations.be\/wp-content\/uploads\/2019\/02\/location-verre-vin-blanc-ballon-14cl.jpg","width":800,"height":800,"caption":"Verre \u00e0 vin blanc \"Ballon\" 15cl - location verre \u00e0 vin"},{"@type":"BreadcrumbList","@id":"https:\/\/ml-locations.be\/nl\/locations\/location-verre-vin-blanc-ballon-15cl\/#breadcrumb","itemListElement":[{"@type":"ListItem","position":1,"name":"Accueil","item":"https:\/\/ml-locations.be\/nl\/"},{"@type":"ListItem","position":2,"name":"Winkel","item":"https:\/\/ml-locations.be\/nl\/winkel\/"},{"@type":"ListItem","position":3,"name":"Verre \u00e0 vin rouge ballon 15 cl (36 pi\u00e8ces)"}]},{"@type":"WebSite","@id":"https:\/\/ml-locations.be\/nl\/#website","url":"https:\/\/ml-locations.be\/nl\/","name":"ML Locations","description":"Mat\u00e9riel \u00e9v\u00e9nementiel : location chaise, table et mange debout, mat\u00e9riel horeca, frigos,...","publisher":{"@id":"https:\/\/ml-locations.be\/nl\/#organization"},"potentialAction":[{"@type":"SearchAction","target":{"@type":"EntryPoint","urlTemplate":"https:\/\/ml-locations.be\/nl\/?s={search_term_string}"},"query-input":{"@type":"PropertyValueSpecification","valueRequired":true,"valueName":"search_term_string"}}],"inLanguage":"nl-NL"},{"@type":"Organization","@id":"https:\/\/ml-locations.be\/nl\/#organization","name":"ML Locations","url":"https:\/\/ml-locations.be\/nl\/","logo":{"@type":"ImageObject","inLanguage":"nl-NL","@id":"https:\/\/ml-locations.be\/nl\/#\/schema\/logo\/image\/","url":"https:\/\/ml-locations.be\/wp-content\/uploads\/2018\/05\/LOGO-location-BON.png","contentUrl":"https:\/\/ml-locations.be\/wp-content\/uploads\/2018\/05\/LOGO-location-BON.png","width":1200,"height":1200,"caption":"ML Locations"},"image":{"@id":"https:\/\/ml-locations.be\/nl\/#\/schema\/logo\/image\/"}}]}},"_links":{"self":[{"href":"https:\/\/ml-locations.be\/nl\/wp-json\/wp\/v2\/product\/7862","targetHints":{"allow":["GET"]}}],"collection":[{"href":"https:\/\/ml-locations.be\/nl\/wp-json\/wp\/v2\/product"}],"about":[{"href":"https:\/\/ml-locations.be\/nl\/wp-json\/wp\/v2\/types\/product"}],"wp:featuredmedia":[{"embeddable":true,"href":"https:\/\/ml-locations.be\/nl\/wp-json\/wp\/v2\/media\/7865"}],"wp:attachment":[{"href":"https:\/\/ml-locations.be\/nl\/wp-json\/wp\/v2\/media?parent=7862"}],"wp:term":[{"taxonomy":"product_brand","embeddable":true,"href":"https:\/\/ml-locations.be\/nl\/wp-json\/wp\/v2\/product_brand?post=7862"},{"taxonomy":"product_cat","embeddable":true,"href":"https:\/\/ml-locations.be\/nl\/wp-json\/wp\/v2\/product_cat?post=7862"},{"taxonomy":"product_tag","embeddable":true,"href":"https:\/\/ml-locations.be\/nl\/wp-json\/wp\/v2\/product_tag?post=7862"}],"curies":[{"name":"wp","href":"https:\/\/api.w.org\/{rel}","templated":true}]}}