{"id":7869,"date":"2019-02-26T20:01:56","date_gmt":"2019-02-26T19:01:56","guid":{"rendered":"https:\/\/www.ml-locations.be?post_type=product&#038;p=7869"},"modified":"2026-01-21T12:00:56","modified_gmt":"2026-01-21T11:00:56","slug":"location-verre-flute-tulipe-17cl","status":"publish","type":"product","link":"https:\/\/ml-locations.be\/nl\/locations\/location-verre-flute-tulipe-17cl\/","title":{"rendered":"Fl\u00fbte \u00e0 Champagne &#8220;Tulipe&#8221; 17cl (49 pi\u00e8ces)"},"content":{"rendered":"<p><strong>Fl\u00fbte \u00e0 Champagne en location<\/strong> : cette tr\u00e8s jolie fl\u00fbte \u00e0 Champagne d&#8217;une contenance de <strong>17 cl<\/strong> convient parfaitement pour de grandes <strong>r\u00e9ceptions<\/strong>, des <strong>mariages<\/strong>, des <strong>anniversaires<\/strong>. L&#8217;allure fine et \u00e9l\u00e9gante de cette flute \u00e0 Champagne en fait le verre parfait pour vos banquets et r\u00e9ceptions. Le pied est stable et la jambe est fine et \u00e9tir\u00e9e. La\u00a0<strong>flute \u00e0 Champagne &#8220;Tulipe&#8221;<\/strong> a une forme contemporaine et tr\u00e8s \u00e9l\u00e9gante. Le bord de la flute se referme l\u00e9g\u00e8rement sur le dessus, ce qui permet de contenir les ar\u00f4mes du Champagne dans le verre et de mieux les ressentir. Cette <strong>flute \u00e0 Champagne en location<\/strong> convient aux plus jolies tables de banquets et aux ap\u00e9ritifs les plus chics !<\/p>\n<h3>Dimensions et caract\u00e9ristiques de cette fl\u00fbte \u00e0 Champagne en location (mod\u00e8le &#8220;Tulipe&#8221;) :<\/h3>\n<ul>\n<li>Hauteur : 18 cm<\/li>\n<li>Diam\u00e8tre : 5 cm<\/li>\n<li>Contenance : 17 cl<\/li>\n<li>Mati\u00e8re : verre<\/li>\n<li>Mod\u00e8le : fl\u00fbte \u00e0 Champagne &#8220;Tulipe&#8221;<\/li>\n<\/ul>\n<h3>Remarques concernant la location des fl\u00fbtes \u00e0 Champagne :<\/h3>\n<p>Les fl\u00fbtes \u00e0 Champagne se louent par casier entier de 49 verres. Exemple : si vous avez besoin de fl\u00fbtes pour 80 personnes, vous demandez la location de 2 racks de 49 fl\u00fbtes \u00e0 Champagne (soit 98 fl\u00fbtes \u00e0 Champagne).<\/p>\n<p><strong>Le nettoyage des verres en location est compris dans le prix de la location<\/strong>. Nous demandons simplement que les fl\u00fbtes \u00e0 Champagne soient rang\u00e9es comme elles vous ont \u00e9t\u00e9 livr\u00e9es : t\u00eate vers le bas dans le casier. Cela permet d&#8217;\u00e9goutter les verres et cela facilitent le passage au lave-vaisselle par nos \u00e9quipes.<\/p>\n","protected":false},"excerpt":{"rendered":"<p><strong>Fl\u00fbte \u00e0 Champagne en location :<\/strong>\u00a0verre mod\u00e8le &#8220;Tulipe&#8221; (NB : commandes par rack de 49 fl\u00fbtes \u00e0 Champagne)<\/p>\n","protected":false},"featured_media":7894,"template":"","meta":{"_acf_changed":false},"product_brand":[],"product_cat":[29,32,209],"product_tag":[213],"class_list":{"0":"post-7869","1":"product","2":"type-product","3":"status-publish","4":"has-post-thumbnail","6":"product_cat-materiel-horeca-en-location","7":"product_cat-verres-en-location","8":"product_cat-produits-a-la-une","9":"product_tag-location-de-materiel-de-reception-mariages","10":"description-off","12":"first","13":"instock","14":"featured","15":"taxable","16":"shipping-taxable","17":"purchasable","18":"product-type-simple"},"acf":[],"yoast_head":"<!-- This site is optimized with the Yoast SEO plugin v25.0 - https:\/\/yoast.com\/wordpress\/plugins\/seo\/ -->\n<title>Fl\u00fbtes \u00e0 Champagne &quot;Tulipe&quot; 17 cl - location verres | ML Locations<\/title>\n<meta name=\"description\" content=\"Fl\u00fbte \u00e0 Champagne &quot;Tulipe&quot; 17 cl : tr\u00e8s \u00e9l\u00e9gante flute en location pour le service du Champagne. Location de verres et mat\u00e9riel de banquet.\" \/>\n<meta name=\"robots\" content=\"index, follow, max-snippet:-1, max-image-preview:large, max-video-preview:-1\" \/>\n<link rel=\"canonical\" href=\"https:\/\/ml-locations.be\/nl\/locations\/location-verre-flute-tulipe-17cl\/\" \/>\n<meta property=\"og:locale\" content=\"nl_NL\" \/>\n<meta property=\"og:type\" content=\"article\" \/>\n<meta property=\"og:title\" content=\"Fl\u00fbtes \u00e0 Champagne &quot;Tulipe&quot; 17 cl - location verres | ML Locations\" \/>\n<meta property=\"og:description\" content=\"Fl\u00fbte \u00e0 Champagne &quot;Tulipe&quot; 17 cl : tr\u00e8s \u00e9l\u00e9gante flute en location pour le service du Champagne. Location de verres et mat\u00e9riel de banquet.\" \/>\n<meta property=\"og:url\" content=\"https:\/\/ml-locations.be\/nl\/locations\/location-verre-flute-tulipe-17cl\/\" \/>\n<meta property=\"og:site_name\" content=\"ML Locations\" \/>\n<meta property=\"article:modified_time\" content=\"2026-01-21T11:00:56+00:00\" \/>\n<meta property=\"og:image\" content=\"https:\/\/ml-locations.be\/wp-content\/uploads\/2019\/02\/Location-verre-flute-champagne-17cl.jpg\" \/>\n\t<meta property=\"og:image:width\" content=\"800\" \/>\n\t<meta property=\"og:image:height\" content=\"800\" \/>\n\t<meta property=\"og:image:type\" content=\"image\/jpeg\" \/>\n<meta name=\"twitter:card\" content=\"summary_large_image\" \/>\n<meta name=\"twitter:label1\" content=\"Geschatte leestijd\" \/>\n\t<meta name=\"twitter:data1\" content=\"2 minuten\" \/>\n<script type=\"application\/ld+json\" class=\"yoast-schema-graph\">{\"@context\":\"https:\/\/schema.org\",\"@graph\":[{\"@type\":\"WebPage\",\"@id\":\"https:\/\/ml-locations.be\/nl\/locations\/location-verre-flute-tulipe-17cl\/\",\"url\":\"https:\/\/ml-locations.be\/nl\/locations\/location-verre-flute-tulipe-17cl\/\",\"name\":\"Fl\u00fbtes \u00e0 Champagne \\\"Tulipe\\\" 17 cl - location verres | ML Locations\",\"isPartOf\":{\"@id\":\"https:\/\/ml-locations.be\/nl\/#website\"},\"primaryImageOfPage\":{\"@id\":\"https:\/\/ml-locations.be\/nl\/locations\/location-verre-flute-tulipe-17cl\/#primaryimage\"},\"image\":{\"@id\":\"https:\/\/ml-locations.be\/nl\/locations\/location-verre-flute-tulipe-17cl\/#primaryimage\"},\"thumbnailUrl\":\"https:\/\/ml-locations.be\/wp-content\/uploads\/2019\/02\/Location-verre-flute-champagne-17cl.jpg\",\"datePublished\":\"2019-02-26T19:01:56+00:00\",\"dateModified\":\"2026-01-21T11:00:56+00:00\",\"description\":\"Fl\u00fbte \u00e0 Champagne \\\"Tulipe\\\" 17 cl : tr\u00e8s \u00e9l\u00e9gante flute en location pour le service du Champagne. Location de verres et mat\u00e9riel de banquet.\",\"breadcrumb\":{\"@id\":\"https:\/\/ml-locations.be\/nl\/locations\/location-verre-flute-tulipe-17cl\/#breadcrumb\"},\"inLanguage\":\"nl-NL\",\"potentialAction\":[{\"@type\":\"ReadAction\",\"target\":[\"https:\/\/ml-locations.be\/nl\/locations\/location-verre-flute-tulipe-17cl\/\"]}]},{\"@type\":\"ImageObject\",\"inLanguage\":\"nl-NL\",\"@id\":\"https:\/\/ml-locations.be\/nl\/locations\/location-verre-flute-tulipe-17cl\/#primaryimage\",\"url\":\"https:\/\/ml-locations.be\/wp-content\/uploads\/2019\/02\/Location-verre-flute-champagne-17cl.jpg\",\"contentUrl\":\"https:\/\/ml-locations.be\/wp-content\/uploads\/2019\/02\/Location-verre-flute-champagne-17cl.jpg\",\"width\":800,\"height\":800,\"caption\":\"Fl\u00fbte \u00e0 Champagne mod\u00e8le \\\"Tulipe\\\" - verre en location\"},{\"@type\":\"BreadcrumbList\",\"@id\":\"https:\/\/ml-locations.be\/nl\/locations\/location-verre-flute-tulipe-17cl\/#breadcrumb\",\"itemListElement\":[{\"@type\":\"ListItem\",\"position\":1,\"name\":\"Accueil\",\"item\":\"https:\/\/ml-locations.be\/nl\/\"},{\"@type\":\"ListItem\",\"position\":2,\"name\":\"Winkel\",\"item\":\"https:\/\/ml-locations.be\/nl\/winkel\/\"},{\"@type\":\"ListItem\",\"position\":3,\"name\":\"Fl\u00fbte \u00e0 Champagne &#8220;Tulipe&#8221; 17cl (49 pi\u00e8ces)\"}]},{\"@type\":\"WebSite\",\"@id\":\"https:\/\/ml-locations.be\/nl\/#website\",\"url\":\"https:\/\/ml-locations.be\/nl\/\",\"name\":\"ML Locations\",\"description\":\"Mat\u00e9riel \u00e9v\u00e9nementiel : location chaise, table et mange debout, mat\u00e9riel horeca, frigos,...\",\"publisher\":{\"@id\":\"https:\/\/ml-locations.be\/nl\/#organization\"},\"potentialAction\":[{\"@type\":\"SearchAction\",\"target\":{\"@type\":\"EntryPoint\",\"urlTemplate\":\"https:\/\/ml-locations.be\/nl\/?s={search_term_string}\"},\"query-input\":{\"@type\":\"PropertyValueSpecification\",\"valueRequired\":true,\"valueName\":\"search_term_string\"}}],\"inLanguage\":\"nl-NL\"},{\"@type\":\"Organization\",\"@id\":\"https:\/\/ml-locations.be\/nl\/#organization\",\"name\":\"ML Locations\",\"url\":\"https:\/\/ml-locations.be\/nl\/\",\"logo\":{\"@type\":\"ImageObject\",\"inLanguage\":\"nl-NL\",\"@id\":\"https:\/\/ml-locations.be\/nl\/#\/schema\/logo\/image\/\",\"url\":\"https:\/\/ml-locations.be\/wp-content\/uploads\/2018\/05\/LOGO-location-BON.png\",\"contentUrl\":\"https:\/\/ml-locations.be\/wp-content\/uploads\/2018\/05\/LOGO-location-BON.png\",\"width\":1200,\"height\":1200,\"caption\":\"ML Locations\"},\"image\":{\"@id\":\"https:\/\/ml-locations.be\/nl\/#\/schema\/logo\/image\/\"}}]}<\/script>\n<!-- \/ Yoast SEO plugin. -->","yoast_head_json":{"title":"Fl\u00fbtes \u00e0 Champagne \"Tulipe\" 17 cl - location verres | ML Locations","description":"Fl\u00fbte \u00e0 Champagne \"Tulipe\" 17 cl : tr\u00e8s \u00e9l\u00e9gante flute en location pour le service du Champagne. Location de verres et mat\u00e9riel de banquet.","robots":{"index":"index","follow":"follow","max-snippet":"max-snippet:-1","max-image-preview":"max-image-preview:large","max-video-preview":"max-video-preview:-1"},"canonical":"https:\/\/ml-locations.be\/nl\/locations\/location-verre-flute-tulipe-17cl\/","og_locale":"nl_NL","og_type":"article","og_title":"Fl\u00fbtes \u00e0 Champagne \"Tulipe\" 17 cl - location verres | ML Locations","og_description":"Fl\u00fbte \u00e0 Champagne \"Tulipe\" 17 cl : tr\u00e8s \u00e9l\u00e9gante flute en location pour le service du Champagne. Location de verres et mat\u00e9riel de banquet.","og_url":"https:\/\/ml-locations.be\/nl\/locations\/location-verre-flute-tulipe-17cl\/","og_site_name":"ML Locations","article_modified_time":"2026-01-21T11:00:56+00:00","og_image":[{"width":800,"height":800,"url":"https:\/\/ml-locations.be\/wp-content\/uploads\/2019\/02\/Location-verre-flute-champagne-17cl.jpg","type":"image\/jpeg"}],"twitter_card":"summary_large_image","twitter_misc":{"Geschatte leestijd":"2 minuten"},"schema":{"@context":"https:\/\/schema.org","@graph":[{"@type":"WebPage","@id":"https:\/\/ml-locations.be\/nl\/locations\/location-verre-flute-tulipe-17cl\/","url":"https:\/\/ml-locations.be\/nl\/locations\/location-verre-flute-tulipe-17cl\/","name":"Fl\u00fbtes \u00e0 Champagne \"Tulipe\" 17 cl - location verres | ML Locations","isPartOf":{"@id":"https:\/\/ml-locations.be\/nl\/#website"},"primaryImageOfPage":{"@id":"https:\/\/ml-locations.be\/nl\/locations\/location-verre-flute-tulipe-17cl\/#primaryimage"},"image":{"@id":"https:\/\/ml-locations.be\/nl\/locations\/location-verre-flute-tulipe-17cl\/#primaryimage"},"thumbnailUrl":"https:\/\/ml-locations.be\/wp-content\/uploads\/2019\/02\/Location-verre-flute-champagne-17cl.jpg","datePublished":"2019-02-26T19:01:56+00:00","dateModified":"2026-01-21T11:00:56+00:00","description":"Fl\u00fbte \u00e0 Champagne \"Tulipe\" 17 cl : tr\u00e8s \u00e9l\u00e9gante flute en location pour le service du Champagne. Location de verres et mat\u00e9riel de banquet.","breadcrumb":{"@id":"https:\/\/ml-locations.be\/nl\/locations\/location-verre-flute-tulipe-17cl\/#breadcrumb"},"inLanguage":"nl-NL","potentialAction":[{"@type":"ReadAction","target":["https:\/\/ml-locations.be\/nl\/locations\/location-verre-flute-tulipe-17cl\/"]}]},{"@type":"ImageObject","inLanguage":"nl-NL","@id":"https:\/\/ml-locations.be\/nl\/locations\/location-verre-flute-tulipe-17cl\/#primaryimage","url":"https:\/\/ml-locations.be\/wp-content\/uploads\/2019\/02\/Location-verre-flute-champagne-17cl.jpg","contentUrl":"https:\/\/ml-locations.be\/wp-content\/uploads\/2019\/02\/Location-verre-flute-champagne-17cl.jpg","width":800,"height":800,"caption":"Fl\u00fbte \u00e0 Champagne mod\u00e8le \"Tulipe\" - verre en location"},{"@type":"BreadcrumbList","@id":"https:\/\/ml-locations.be\/nl\/locations\/location-verre-flute-tulipe-17cl\/#breadcrumb","itemListElement":[{"@type":"ListItem","position":1,"name":"Accueil","item":"https:\/\/ml-locations.be\/nl\/"},{"@type":"ListItem","position":2,"name":"Winkel","item":"https:\/\/ml-locations.be\/nl\/winkel\/"},{"@type":"ListItem","position":3,"name":"Fl\u00fbte \u00e0 Champagne &#8220;Tulipe&#8221; 17cl (49 pi\u00e8ces)"}]},{"@type":"WebSite","@id":"https:\/\/ml-locations.be\/nl\/#website","url":"https:\/\/ml-locations.be\/nl\/","name":"ML Locations","description":"Mat\u00e9riel \u00e9v\u00e9nementiel : location chaise, table et mange debout, mat\u00e9riel horeca, frigos,...","publisher":{"@id":"https:\/\/ml-locations.be\/nl\/#organization"},"potentialAction":[{"@type":"SearchAction","target":{"@type":"EntryPoint","urlTemplate":"https:\/\/ml-locations.be\/nl\/?s={search_term_string}"},"query-input":{"@type":"PropertyValueSpecification","valueRequired":true,"valueName":"search_term_string"}}],"inLanguage":"nl-NL"},{"@type":"Organization","@id":"https:\/\/ml-locations.be\/nl\/#organization","name":"ML Locations","url":"https:\/\/ml-locations.be\/nl\/","logo":{"@type":"ImageObject","inLanguage":"nl-NL","@id":"https:\/\/ml-locations.be\/nl\/#\/schema\/logo\/image\/","url":"https:\/\/ml-locations.be\/wp-content\/uploads\/2018\/05\/LOGO-location-BON.png","contentUrl":"https:\/\/ml-locations.be\/wp-content\/uploads\/2018\/05\/LOGO-location-BON.png","width":1200,"height":1200,"caption":"ML Locations"},"image":{"@id":"https:\/\/ml-locations.be\/nl\/#\/schema\/logo\/image\/"}}]}},"_links":{"self":[{"href":"https:\/\/ml-locations.be\/nl\/wp-json\/wp\/v2\/product\/7869","targetHints":{"allow":["GET"]}}],"collection":[{"href":"https:\/\/ml-locations.be\/nl\/wp-json\/wp\/v2\/product"}],"about":[{"href":"https:\/\/ml-locations.be\/nl\/wp-json\/wp\/v2\/types\/product"}],"wp:featuredmedia":[{"embeddable":true,"href":"https:\/\/ml-locations.be\/nl\/wp-json\/wp\/v2\/media\/7894"}],"wp:attachment":[{"href":"https:\/\/ml-locations.be\/nl\/wp-json\/wp\/v2\/media?parent=7869"}],"wp:term":[{"taxonomy":"product_brand","embeddable":true,"href":"https:\/\/ml-locations.be\/nl\/wp-json\/wp\/v2\/product_brand?post=7869"},{"taxonomy":"product_cat","embeddable":true,"href":"https:\/\/ml-locations.be\/nl\/wp-json\/wp\/v2\/product_cat?post=7869"},{"taxonomy":"product_tag","embeddable":true,"href":"https:\/\/ml-locations.be\/nl\/wp-json\/wp\/v2\/product_tag?post=7869"}],"curies":[{"name":"wp","href":"https:\/\/api.w.org\/{rel}","templated":true}]}}