{"id":8004,"date":"2019-03-06T19:46:10","date_gmt":"2019-03-06T18:46:10","guid":{"rendered":"https:\/\/www.ml-locations.be?post_type=product&#038;p=8004"},"modified":"2022-02-15T18:23:53","modified_gmt":"2022-02-15T17:23:53","slug":"location-poivrier-en-verre","status":"publish","type":"product","link":"https:\/\/ml-locations.be\/nl\/locations\/location-poivrier-en-verre\/","title":{"rendered":"Poivrier en verre"},"content":{"rendered":"<h2>Description du poivrier en location :<\/h2>\n<p><strong>Poivrier en verre en location<\/strong> pour toute occasion : banquets, traiteurs, repas de famille, mariage, communion, etc. Ce poivrier en location est compos\u00e9 d&#8217;un r\u00e9cipient en verre contenant le poivre et d&#8217;un couvercle \u00e0 visser en inox. Les perforations du couvercle sont en forme de P\u00a0afin de distinguer facilement le poivrier et la <a href=\"https:\/\/ml-locations.be\/locations\/location-saliere-en-verre\/\">sali\u00e8re en location<\/a>. Sa petite taille et son style discret en font un poivrier pratique et discr\u00e8t qui conviendra \u00e0 toutes les tables !<\/p>\n<h2>Caract\u00e9ristiques et dimensions du poivrier en location :<\/h2>\n<ul>\n<li>Hauteur du poivrier : 7 cm<\/li>\n<li>Mati\u00e8res : inox 18\/10 et verre<\/li>\n<\/ul>\n<p>Chez ML Locations, vous trouverez \u00e9galement des <a href=\"https:\/\/ml-locations.be\/locations\/location-saliere-en-verre\/\">sali\u00e8res en location<\/a>. <strong>L&#8217;ensemble sali\u00e8re et poivrier coute 0,20 \u20ac<\/strong>. Sel et poivre non fournis.<\/p>\n<p>&nbsp;<\/p>\n<p>&nbsp;<\/p>\n","protected":false},"excerpt":{"rendered":"<p><strong>Poivrier en location :<\/strong> petit poivrier de table en verre et couvercle inox (hauteur 7 cm).<\/p>\n","protected":false},"featured_media":7998,"template":"","meta":{"_acf_changed":false},"product_brand":[],"product_cat":[229,29,32,33],"product_tag":[214],"class_list":{"0":"post-8004","1":"product","2":"type-product","3":"status-publish","4":"has-post-thumbnail","6":"product_cat-location-couverts","7":"product_cat-materiel-horeca-en-location","8":"product_cat-verres-en-location","9":"product_cat-location-vaisselle","10":"product_tag-location-materiel-banquet","11":"description-off","13":"first","14":"instock","15":"taxable","16":"shipping-taxable","17":"purchasable","18":"product-type-simple"},"acf":[],"yoast_head":"<!-- This site is optimized with the Yoast SEO plugin v25.0 - https:\/\/yoast.com\/wordpress\/plugins\/seo\/ -->\n<title>Poivrier en location : petit poivrier en verre et inox | ML Locations<\/title>\n<meta name=\"description\" content=\"Petit poivrier en location pour vos \u00e9v\u00e9nements : contenant en verre, couvercle en inox. D\u00e9couvrez notre mat\u00e9riel de banquet en location !\" \/>\n<meta name=\"robots\" content=\"index, follow, max-snippet:-1, max-image-preview:large, max-video-preview:-1\" \/>\n<link rel=\"canonical\" href=\"https:\/\/ml-locations.be\/nl\/locations\/location-poivrier-en-verre\/\" \/>\n<meta property=\"og:locale\" content=\"nl_NL\" \/>\n<meta property=\"og:type\" content=\"article\" \/>\n<meta property=\"og:title\" content=\"Poivrier en location : petit poivrier en verre et inox | ML Locations\" \/>\n<meta property=\"og:description\" content=\"Petit poivrier en location pour vos \u00e9v\u00e9nements : contenant en verre, couvercle en inox. D\u00e9couvrez notre mat\u00e9riel de banquet en location !\" \/>\n<meta property=\"og:url\" content=\"https:\/\/ml-locations.be\/nl\/locations\/location-poivrier-en-verre\/\" \/>\n<meta property=\"og:site_name\" content=\"ML Locations\" \/>\n<meta property=\"article:modified_time\" content=\"2022-02-15T17:23:53+00:00\" \/>\n<meta property=\"og:image\" content=\"https:\/\/ml-locations.be\/wp-content\/uploads\/2019\/03\/Location-poivrier-en-verre.jpg\" \/>\n\t<meta property=\"og:image:width\" content=\"800\" \/>\n\t<meta property=\"og:image:height\" content=\"800\" \/>\n\t<meta property=\"og:image:type\" content=\"image\/jpeg\" \/>\n<meta name=\"twitter:card\" content=\"summary_large_image\" \/>\n<meta name=\"twitter:label1\" content=\"Geschatte leestijd\" \/>\n\t<meta name=\"twitter:data1\" content=\"1 minuut\" \/>\n<script type=\"application\/ld+json\" class=\"yoast-schema-graph\">{\"@context\":\"https:\/\/schema.org\",\"@graph\":[{\"@type\":\"WebPage\",\"@id\":\"https:\/\/ml-locations.be\/nl\/locations\/location-poivrier-en-verre\/\",\"url\":\"https:\/\/ml-locations.be\/nl\/locations\/location-poivrier-en-verre\/\",\"name\":\"Poivrier en location : petit poivrier en verre et inox | ML Locations\",\"isPartOf\":{\"@id\":\"https:\/\/ml-locations.be\/nl\/#website\"},\"primaryImageOfPage\":{\"@id\":\"https:\/\/ml-locations.be\/nl\/locations\/location-poivrier-en-verre\/#primaryimage\"},\"image\":{\"@id\":\"https:\/\/ml-locations.be\/nl\/locations\/location-poivrier-en-verre\/#primaryimage\"},\"thumbnailUrl\":\"https:\/\/ml-locations.be\/wp-content\/uploads\/2019\/03\/Location-poivrier-en-verre.jpg\",\"datePublished\":\"2019-03-06T18:46:10+00:00\",\"dateModified\":\"2022-02-15T17:23:53+00:00\",\"description\":\"Petit poivrier en location pour vos \u00e9v\u00e9nements : contenant en verre, couvercle en inox. D\u00e9couvrez notre mat\u00e9riel de banquet en location !\",\"breadcrumb\":{\"@id\":\"https:\/\/ml-locations.be\/nl\/locations\/location-poivrier-en-verre\/#breadcrumb\"},\"inLanguage\":\"nl-NL\",\"potentialAction\":[{\"@type\":\"ReadAction\",\"target\":[\"https:\/\/ml-locations.be\/nl\/locations\/location-poivrier-en-verre\/\"]}]},{\"@type\":\"ImageObject\",\"inLanguage\":\"nl-NL\",\"@id\":\"https:\/\/ml-locations.be\/nl\/locations\/location-poivrier-en-verre\/#primaryimage\",\"url\":\"https:\/\/ml-locations.be\/wp-content\/uploads\/2019\/03\/Location-poivrier-en-verre.jpg\",\"contentUrl\":\"https:\/\/ml-locations.be\/wp-content\/uploads\/2019\/03\/Location-poivrier-en-verre.jpg\",\"width\":800,\"height\":800,\"caption\":\"Location poivrier en verre et inox\"},{\"@type\":\"BreadcrumbList\",\"@id\":\"https:\/\/ml-locations.be\/nl\/locations\/location-poivrier-en-verre\/#breadcrumb\",\"itemListElement\":[{\"@type\":\"ListItem\",\"position\":1,\"name\":\"Accueil\",\"item\":\"https:\/\/ml-locations.be\/nl\/\"},{\"@type\":\"ListItem\",\"position\":2,\"name\":\"Winkel\",\"item\":\"https:\/\/ml-locations.be\/nl\/winkel\/\"},{\"@type\":\"ListItem\",\"position\":3,\"name\":\"Poivrier en verre\"}]},{\"@type\":\"WebSite\",\"@id\":\"https:\/\/ml-locations.be\/nl\/#website\",\"url\":\"https:\/\/ml-locations.be\/nl\/\",\"name\":\"ML Locations\",\"description\":\"Mat\u00e9riel \u00e9v\u00e9nementiel : location chaise, table et mange debout, mat\u00e9riel horeca, frigos,...\",\"publisher\":{\"@id\":\"https:\/\/ml-locations.be\/nl\/#organization\"},\"potentialAction\":[{\"@type\":\"SearchAction\",\"target\":{\"@type\":\"EntryPoint\",\"urlTemplate\":\"https:\/\/ml-locations.be\/nl\/?s={search_term_string}\"},\"query-input\":{\"@type\":\"PropertyValueSpecification\",\"valueRequired\":true,\"valueName\":\"search_term_string\"}}],\"inLanguage\":\"nl-NL\"},{\"@type\":\"Organization\",\"@id\":\"https:\/\/ml-locations.be\/nl\/#organization\",\"name\":\"ML Locations\",\"url\":\"https:\/\/ml-locations.be\/nl\/\",\"logo\":{\"@type\":\"ImageObject\",\"inLanguage\":\"nl-NL\",\"@id\":\"https:\/\/ml-locations.be\/nl\/#\/schema\/logo\/image\/\",\"url\":\"https:\/\/ml-locations.be\/wp-content\/uploads\/2018\/05\/LOGO-location-BON.png\",\"contentUrl\":\"https:\/\/ml-locations.be\/wp-content\/uploads\/2018\/05\/LOGO-location-BON.png\",\"width\":1200,\"height\":1200,\"caption\":\"ML Locations\"},\"image\":{\"@id\":\"https:\/\/ml-locations.be\/nl\/#\/schema\/logo\/image\/\"}}]}<\/script>\n<!-- \/ Yoast SEO plugin. -->","yoast_head_json":{"title":"Poivrier en location : petit poivrier en verre et inox | ML Locations","description":"Petit poivrier en location pour vos \u00e9v\u00e9nements : contenant en verre, couvercle en inox. D\u00e9couvrez notre mat\u00e9riel de banquet en location !","robots":{"index":"index","follow":"follow","max-snippet":"max-snippet:-1","max-image-preview":"max-image-preview:large","max-video-preview":"max-video-preview:-1"},"canonical":"https:\/\/ml-locations.be\/nl\/locations\/location-poivrier-en-verre\/","og_locale":"nl_NL","og_type":"article","og_title":"Poivrier en location : petit poivrier en verre et inox | ML Locations","og_description":"Petit poivrier en location pour vos \u00e9v\u00e9nements : contenant en verre, couvercle en inox. D\u00e9couvrez notre mat\u00e9riel de banquet en location !","og_url":"https:\/\/ml-locations.be\/nl\/locations\/location-poivrier-en-verre\/","og_site_name":"ML Locations","article_modified_time":"2022-02-15T17:23:53+00:00","og_image":[{"width":800,"height":800,"url":"https:\/\/ml-locations.be\/wp-content\/uploads\/2019\/03\/Location-poivrier-en-verre.jpg","type":"image\/jpeg"}],"twitter_card":"summary_large_image","twitter_misc":{"Geschatte leestijd":"1 minuut"},"schema":{"@context":"https:\/\/schema.org","@graph":[{"@type":"WebPage","@id":"https:\/\/ml-locations.be\/nl\/locations\/location-poivrier-en-verre\/","url":"https:\/\/ml-locations.be\/nl\/locations\/location-poivrier-en-verre\/","name":"Poivrier en location : petit poivrier en verre et inox | ML Locations","isPartOf":{"@id":"https:\/\/ml-locations.be\/nl\/#website"},"primaryImageOfPage":{"@id":"https:\/\/ml-locations.be\/nl\/locations\/location-poivrier-en-verre\/#primaryimage"},"image":{"@id":"https:\/\/ml-locations.be\/nl\/locations\/location-poivrier-en-verre\/#primaryimage"},"thumbnailUrl":"https:\/\/ml-locations.be\/wp-content\/uploads\/2019\/03\/Location-poivrier-en-verre.jpg","datePublished":"2019-03-06T18:46:10+00:00","dateModified":"2022-02-15T17:23:53+00:00","description":"Petit poivrier en location pour vos \u00e9v\u00e9nements : contenant en verre, couvercle en inox. D\u00e9couvrez notre mat\u00e9riel de banquet en location !","breadcrumb":{"@id":"https:\/\/ml-locations.be\/nl\/locations\/location-poivrier-en-verre\/#breadcrumb"},"inLanguage":"nl-NL","potentialAction":[{"@type":"ReadAction","target":["https:\/\/ml-locations.be\/nl\/locations\/location-poivrier-en-verre\/"]}]},{"@type":"ImageObject","inLanguage":"nl-NL","@id":"https:\/\/ml-locations.be\/nl\/locations\/location-poivrier-en-verre\/#primaryimage","url":"https:\/\/ml-locations.be\/wp-content\/uploads\/2019\/03\/Location-poivrier-en-verre.jpg","contentUrl":"https:\/\/ml-locations.be\/wp-content\/uploads\/2019\/03\/Location-poivrier-en-verre.jpg","width":800,"height":800,"caption":"Location poivrier en verre et inox"},{"@type":"BreadcrumbList","@id":"https:\/\/ml-locations.be\/nl\/locations\/location-poivrier-en-verre\/#breadcrumb","itemListElement":[{"@type":"ListItem","position":1,"name":"Accueil","item":"https:\/\/ml-locations.be\/nl\/"},{"@type":"ListItem","position":2,"name":"Winkel","item":"https:\/\/ml-locations.be\/nl\/winkel\/"},{"@type":"ListItem","position":3,"name":"Poivrier en verre"}]},{"@type":"WebSite","@id":"https:\/\/ml-locations.be\/nl\/#website","url":"https:\/\/ml-locations.be\/nl\/","name":"ML Locations","description":"Mat\u00e9riel \u00e9v\u00e9nementiel : location chaise, table et mange debout, mat\u00e9riel horeca, frigos,...","publisher":{"@id":"https:\/\/ml-locations.be\/nl\/#organization"},"potentialAction":[{"@type":"SearchAction","target":{"@type":"EntryPoint","urlTemplate":"https:\/\/ml-locations.be\/nl\/?s={search_term_string}"},"query-input":{"@type":"PropertyValueSpecification","valueRequired":true,"valueName":"search_term_string"}}],"inLanguage":"nl-NL"},{"@type":"Organization","@id":"https:\/\/ml-locations.be\/nl\/#organization","name":"ML Locations","url":"https:\/\/ml-locations.be\/nl\/","logo":{"@type":"ImageObject","inLanguage":"nl-NL","@id":"https:\/\/ml-locations.be\/nl\/#\/schema\/logo\/image\/","url":"https:\/\/ml-locations.be\/wp-content\/uploads\/2018\/05\/LOGO-location-BON.png","contentUrl":"https:\/\/ml-locations.be\/wp-content\/uploads\/2018\/05\/LOGO-location-BON.png","width":1200,"height":1200,"caption":"ML Locations"},"image":{"@id":"https:\/\/ml-locations.be\/nl\/#\/schema\/logo\/image\/"}}]}},"_links":{"self":[{"href":"https:\/\/ml-locations.be\/nl\/wp-json\/wp\/v2\/product\/8004","targetHints":{"allow":["GET"]}}],"collection":[{"href":"https:\/\/ml-locations.be\/nl\/wp-json\/wp\/v2\/product"}],"about":[{"href":"https:\/\/ml-locations.be\/nl\/wp-json\/wp\/v2\/types\/product"}],"wp:featuredmedia":[{"embeddable":true,"href":"https:\/\/ml-locations.be\/nl\/wp-json\/wp\/v2\/media\/7998"}],"wp:attachment":[{"href":"https:\/\/ml-locations.be\/nl\/wp-json\/wp\/v2\/media?parent=8004"}],"wp:term":[{"taxonomy":"product_brand","embeddable":true,"href":"https:\/\/ml-locations.be\/nl\/wp-json\/wp\/v2\/product_brand?post=8004"},{"taxonomy":"product_cat","embeddable":true,"href":"https:\/\/ml-locations.be\/nl\/wp-json\/wp\/v2\/product_cat?post=8004"},{"taxonomy":"product_tag","embeddable":true,"href":"https:\/\/ml-locations.be\/nl\/wp-json\/wp\/v2\/product_tag?post=8004"}],"curies":[{"name":"wp","href":"https:\/\/api.w.org\/{rel}","templated":true}]}}