{"id":8099,"date":"2019-03-17T10:50:06","date_gmt":"2019-03-17T09:50:06","guid":{"rendered":"https:\/\/www.ml-locations.be?post_type=product&#038;p=8099"},"modified":"2019-03-17T10:50:06","modified_gmt":"2019-03-17T09:50:06","slug":"location-comptoir-snack-bar-lumineux","status":"publish","type":"product","link":"https:\/\/ml-locations.be\/nl\/locations\/location-comptoir-snack-bar-lumineux\/","title":{"rendered":"Comptoir Snack Bar lumineux"},"content":{"rendered":"<h2>Description du Snack bar lumineux en location\u00a0:<\/h2>\n<p>Le <strong>comptoir lumineux Snack Bar<\/strong> est un <strong>comptoir modulaire et lumineux<\/strong> parfait pour cr\u00e9er un bar ou un comptoir lors de vos <strong>\u00e9v\u00e9nements<\/strong>. Sa forme <strong>design<\/strong> et son c\u00f4t\u00e9 <strong>hyper fonctionnel<\/strong> font de ce comptoir un meuble id\u00e9al pour l\u2019accueil de vos invit\u00e9s ou le service au bar. Comme tous nos comptoirs lumineux en location, ce snack Bar peut \u00eatre <strong>utilis\u00e9 comme un lieu d\u2019accueil lors de r\u00e9ception ou comme un bar<\/strong>. Utilis\u00e9 seul, il est tr\u00e8s pratique pour les petits espaces. Ce comptoir Snack Bar peut \u00eatre associ\u00e9 avec d\u2019autres modules de la gamme pour que vous puissiez r\u00e9aliser des compositions uniques dans des espaces plus grands. Le comptoir lumineux &#8220;Snack Bar&#8221;\u00a0<strong>peut \u00eatre utilis\u00e9 \u00e0 l&#8217;int\u00e9rieur comme \u00e0 l&#8217;ext\u00e9rieur<\/strong>, il conviendra parfaitement aux cadres contemporains et tendances.<\/p>\n<p>Le Snack Bar, de la marque SLIDE Design, est r\u00e9alis\u00e9 en poly\u00e9thyl\u00e8ne, nous vous le proposons en couleur blanc translucide et avec \u00e9clairage int\u00e9rieur.<\/p>\n<p>Vous l\u2019aurez compris, avec ce Snack Bar lumineux, vous profiterez d\u2019un comptoir \u00e9clair\u00e9 tr\u00e8s tendance au design contemporain. Allumez l\u2019\u00e9clairage int\u00e9rieur et vous profiterez encore plus de ses jolies courbes \u00e9pur\u00e9es. Il plait aussi bien aux barmans qu&#8217;aux traiteurs car il peut accueillir tout le n\u00e9cessaire utile aux serveurs (boissons, verres, mais aussi plateaux de petits-fours, etc.).<\/p>\n<h2>Comment utiliser le comptoir lumineux Snack bar en location\u00a0?<\/h2>\n<p>Pour \u00e9clairer le <strong>Snack bar lumineux,<\/strong> il vous suffit d\u2019appuyer sur l\u2019interrupteur. Un <strong>joli halo lumineux doux<\/strong> s\u2019\u00e9chappera alors du comptoir, \u00e9clairant vos <strong>soir\u00e9es<\/strong>, vos <strong>ap\u00e9ritifs<\/strong> ou vos <strong>garden party<\/strong>. Avec notre comptoir Snack bar, vous cr\u00e9ez tout de suite une ambiance lounge tr\u00e8s branch\u00e9e. Le comptoir peut \u00eatre plac\u00e9 \u00e0 l\u2019int\u00e9rieur comme \u00e0 l\u2019ext\u00e9rieur, associ\u00e9 \u00e0 d\u2019autres meubles pour cr\u00e9er un grand espace bar ou utilis\u00e9 seul comme comptoir d\u2019accueil. Son look moderne et convivial le rend parfait pour de nombreux type de lieux et d\u2019\u00e9v\u00e9nements\u00a0: dans un salon, un jardin, une terrasse, au bord d\u2019une piscine,&#8230;<\/p>\n<h2>Caract\u00e9ristiques et dimensions du Snack bar en location\u00a0:<\/h2>\n<ul>\n<li>Type\u00a0: bar modulaire qui permet de s\u2019associer aux autres mod\u00e8les de la marque<\/li>\n<li>Mat\u00e9riel : poly\u00e9thyl\u00e8ne<\/li>\n<li>Couleur : blanc translucide<\/li>\n<li><span style=\"font-style: inherit; font-weight: inherit;\">Longueur du bar\u00a0: 165 cm<\/span><\/li>\n<li>Profondeur du bar\u00a0: 60 cm<\/li>\n<li>Hauteur du bar\u00a0: 100 cm<\/li>\n<li><span style=\"font-style: inherit; font-weight: inherit;\">\u00c9clairage\u00a0: 2 ampoules blanches 1000 lumens<\/span><\/li>\n<\/ul>\n<p>Si vous cherchez du <a href=\"https:\/\/ml-locations.be\/location\/mobilier\/mobilier-lumineux\/\">mobilier de bar lumineux en location<\/a>\u00a0pour accompagner ce Snack bar, n&#8217;h\u00e9sitez pas \u00e0 nous contacter, nous avons d&#8217;autres mod\u00e8les, notamment :<\/p>\n<p><a href=\"https:\/\/ml-locations.be\/locations\/desk-daccueil-lumineux-led-break-bar\/\">Desk d&#8217;accueil &#8211; comptoir lumineux en location<\/a><\/p>\n<p><a href=\"https:\/\/ml-locations.be\/locations\/bar-lumineux-led-jumbo-droit\/\">Bar lumineux en location &#8211; Jumbo droit<\/a><\/p>\n<p><a href=\"https:\/\/ml-locations.be\/locations\/bar-lumineux-led-jumbo-corner\/\">Bar lumineux en location &#8211; Jumbo corner<\/a><\/p>\n","protected":false},"excerpt":{"rendered":"<p><strong>Snack bar lumineux : comptoir en location<\/strong> 165 x 60 x 100 cm (\u00e9clairage int\u00e9rieur)<\/p>\n","protected":false},"featured_media":8137,"template":"","meta":{"_acf_changed":false},"product_brand":[],"product_cat":[6,13,14,9],"product_tag":[208,202],"class_list":{"0":"post-8099","1":"product","2":"type-product","3":"status-publish","4":"has-post-thumbnail","6":"product_cat-mobilier","7":"product_cat-mobilier-de-terrasse-en-location","8":"product_cat-mobilier-pour-bar-a-louer","9":"product_cat-mobilier-lumineux","10":"product_tag-location-materiel-bar","11":"product_tag-location-mobilier-design","12":"description-off","14":"first","15":"instock","16":"taxable","17":"shipping-taxable","18":"purchasable","19":"product-type-simple"},"acf":[],"yoast_head":"<!-- This site is optimized with the Yoast SEO plugin v25.0 - https:\/\/yoast.com\/wordpress\/plugins\/seo\/ -->\n<title>Meuble de bar en location - Snack Bar lumineux 166x60cm | ML Locations<\/title>\n<meta name=\"description\" content=\"Snack bar lumineux en location : meuble de bar ou comptoir d&#039;accueil \u00e0 louer pour \u00e9v\u00e9nements : soir\u00e9e, garden party,... 165x60x100cm.\" \/>\n<meta name=\"robots\" content=\"index, follow, max-snippet:-1, max-image-preview:large, max-video-preview:-1\" \/>\n<link rel=\"canonical\" href=\"https:\/\/ml-locations.be\/nl\/locations\/location-comptoir-snack-bar-lumineux\/\" \/>\n<meta property=\"og:locale\" content=\"nl_NL\" \/>\n<meta property=\"og:type\" content=\"article\" \/>\n<meta property=\"og:title\" content=\"Meuble de bar en location - Snack Bar lumineux 166x60cm | ML Locations\" \/>\n<meta property=\"og:description\" content=\"Snack bar lumineux en location : meuble de bar ou comptoir d&#039;accueil \u00e0 louer pour \u00e9v\u00e9nements : soir\u00e9e, garden party,... 165x60x100cm.\" \/>\n<meta property=\"og:url\" content=\"https:\/\/ml-locations.be\/nl\/locations\/location-comptoir-snack-bar-lumineux\/\" \/>\n<meta property=\"og:site_name\" content=\"ML Locations\" \/>\n<meta property=\"og:image\" content=\"https:\/\/ml-locations.be\/wp-content\/uploads\/2019\/03\/Location-comptoir-snack-bar-lumineux.jpg\" \/>\n\t<meta property=\"og:image:width\" content=\"800\" \/>\n\t<meta property=\"og:image:height\" content=\"800\" \/>\n\t<meta property=\"og:image:type\" content=\"image\/jpeg\" \/>\n<meta name=\"twitter:card\" content=\"summary_large_image\" \/>\n<meta name=\"twitter:label1\" content=\"Geschatte leestijd\" \/>\n\t<meta name=\"twitter:data1\" content=\"2 minuten\" \/>\n<script type=\"application\/ld+json\" class=\"yoast-schema-graph\">{\"@context\":\"https:\/\/schema.org\",\"@graph\":[{\"@type\":\"WebPage\",\"@id\":\"https:\/\/ml-locations.be\/nl\/locations\/location-comptoir-snack-bar-lumineux\/\",\"url\":\"https:\/\/ml-locations.be\/nl\/locations\/location-comptoir-snack-bar-lumineux\/\",\"name\":\"Meuble de bar en location - Snack Bar lumineux 166x60cm | ML Locations\",\"isPartOf\":{\"@id\":\"https:\/\/ml-locations.be\/nl\/#website\"},\"primaryImageOfPage\":{\"@id\":\"https:\/\/ml-locations.be\/nl\/locations\/location-comptoir-snack-bar-lumineux\/#primaryimage\"},\"image\":{\"@id\":\"https:\/\/ml-locations.be\/nl\/locations\/location-comptoir-snack-bar-lumineux\/#primaryimage\"},\"thumbnailUrl\":\"https:\/\/ml-locations.be\/wp-content\/uploads\/2019\/03\/Location-comptoir-snack-bar-lumineux.jpg\",\"datePublished\":\"2019-03-17T09:50:06+00:00\",\"description\":\"Snack bar lumineux en location : meuble de bar ou comptoir d'accueil \u00e0 louer pour \u00e9v\u00e9nements : soir\u00e9e, garden party,... 165x60x100cm.\",\"breadcrumb\":{\"@id\":\"https:\/\/ml-locations.be\/nl\/locations\/location-comptoir-snack-bar-lumineux\/#breadcrumb\"},\"inLanguage\":\"nl-NL\",\"potentialAction\":[{\"@type\":\"ReadAction\",\"target\":[\"https:\/\/ml-locations.be\/nl\/locations\/location-comptoir-snack-bar-lumineux\/\"]}]},{\"@type\":\"ImageObject\",\"inLanguage\":\"nl-NL\",\"@id\":\"https:\/\/ml-locations.be\/nl\/locations\/location-comptoir-snack-bar-lumineux\/#primaryimage\",\"url\":\"https:\/\/ml-locations.be\/wp-content\/uploads\/2019\/03\/Location-comptoir-snack-bar-lumineux.jpg\",\"contentUrl\":\"https:\/\/ml-locations.be\/wp-content\/uploads\/2019\/03\/Location-comptoir-snack-bar-lumineux.jpg\",\"width\":800,\"height\":800,\"caption\":\"Comptoir lumineux : Snack bar en location\"},{\"@type\":\"BreadcrumbList\",\"@id\":\"https:\/\/ml-locations.be\/nl\/locations\/location-comptoir-snack-bar-lumineux\/#breadcrumb\",\"itemListElement\":[{\"@type\":\"ListItem\",\"position\":1,\"name\":\"Accueil\",\"item\":\"https:\/\/ml-locations.be\/nl\/\"},{\"@type\":\"ListItem\",\"position\":2,\"name\":\"Winkel\",\"item\":\"https:\/\/ml-locations.be\/nl\/winkel\/\"},{\"@type\":\"ListItem\",\"position\":3,\"name\":\"Comptoir Snack Bar lumineux\"}]},{\"@type\":\"WebSite\",\"@id\":\"https:\/\/ml-locations.be\/nl\/#website\",\"url\":\"https:\/\/ml-locations.be\/nl\/\",\"name\":\"ML Locations\",\"description\":\"Mat\u00e9riel \u00e9v\u00e9nementiel : location chaise, table et mange debout, mat\u00e9riel horeca, frigos,...\",\"publisher\":{\"@id\":\"https:\/\/ml-locations.be\/nl\/#organization\"},\"potentialAction\":[{\"@type\":\"SearchAction\",\"target\":{\"@type\":\"EntryPoint\",\"urlTemplate\":\"https:\/\/ml-locations.be\/nl\/?s={search_term_string}\"},\"query-input\":{\"@type\":\"PropertyValueSpecification\",\"valueRequired\":true,\"valueName\":\"search_term_string\"}}],\"inLanguage\":\"nl-NL\"},{\"@type\":\"Organization\",\"@id\":\"https:\/\/ml-locations.be\/nl\/#organization\",\"name\":\"ML Locations\",\"url\":\"https:\/\/ml-locations.be\/nl\/\",\"logo\":{\"@type\":\"ImageObject\",\"inLanguage\":\"nl-NL\",\"@id\":\"https:\/\/ml-locations.be\/nl\/#\/schema\/logo\/image\/\",\"url\":\"https:\/\/ml-locations.be\/wp-content\/uploads\/2018\/05\/LOGO-location-BON.png\",\"contentUrl\":\"https:\/\/ml-locations.be\/wp-content\/uploads\/2018\/05\/LOGO-location-BON.png\",\"width\":1200,\"height\":1200,\"caption\":\"ML Locations\"},\"image\":{\"@id\":\"https:\/\/ml-locations.be\/nl\/#\/schema\/logo\/image\/\"}}]}<\/script>\n<!-- \/ Yoast SEO plugin. -->","yoast_head_json":{"title":"Meuble de bar en location - Snack Bar lumineux 166x60cm | ML Locations","description":"Snack bar lumineux en location : meuble de bar ou comptoir d'accueil \u00e0 louer pour \u00e9v\u00e9nements : soir\u00e9e, garden party,... 165x60x100cm.","robots":{"index":"index","follow":"follow","max-snippet":"max-snippet:-1","max-image-preview":"max-image-preview:large","max-video-preview":"max-video-preview:-1"},"canonical":"https:\/\/ml-locations.be\/nl\/locations\/location-comptoir-snack-bar-lumineux\/","og_locale":"nl_NL","og_type":"article","og_title":"Meuble de bar en location - Snack Bar lumineux 166x60cm | ML Locations","og_description":"Snack bar lumineux en location : meuble de bar ou comptoir d'accueil \u00e0 louer pour \u00e9v\u00e9nements : soir\u00e9e, garden party,... 165x60x100cm.","og_url":"https:\/\/ml-locations.be\/nl\/locations\/location-comptoir-snack-bar-lumineux\/","og_site_name":"ML Locations","og_image":[{"width":800,"height":800,"url":"https:\/\/ml-locations.be\/wp-content\/uploads\/2019\/03\/Location-comptoir-snack-bar-lumineux.jpg","type":"image\/jpeg"}],"twitter_card":"summary_large_image","twitter_misc":{"Geschatte leestijd":"2 minuten"},"schema":{"@context":"https:\/\/schema.org","@graph":[{"@type":"WebPage","@id":"https:\/\/ml-locations.be\/nl\/locations\/location-comptoir-snack-bar-lumineux\/","url":"https:\/\/ml-locations.be\/nl\/locations\/location-comptoir-snack-bar-lumineux\/","name":"Meuble de bar en location - Snack Bar lumineux 166x60cm | ML Locations","isPartOf":{"@id":"https:\/\/ml-locations.be\/nl\/#website"},"primaryImageOfPage":{"@id":"https:\/\/ml-locations.be\/nl\/locations\/location-comptoir-snack-bar-lumineux\/#primaryimage"},"image":{"@id":"https:\/\/ml-locations.be\/nl\/locations\/location-comptoir-snack-bar-lumineux\/#primaryimage"},"thumbnailUrl":"https:\/\/ml-locations.be\/wp-content\/uploads\/2019\/03\/Location-comptoir-snack-bar-lumineux.jpg","datePublished":"2019-03-17T09:50:06+00:00","description":"Snack bar lumineux en location : meuble de bar ou comptoir d'accueil \u00e0 louer pour \u00e9v\u00e9nements : soir\u00e9e, garden party,... 165x60x100cm.","breadcrumb":{"@id":"https:\/\/ml-locations.be\/nl\/locations\/location-comptoir-snack-bar-lumineux\/#breadcrumb"},"inLanguage":"nl-NL","potentialAction":[{"@type":"ReadAction","target":["https:\/\/ml-locations.be\/nl\/locations\/location-comptoir-snack-bar-lumineux\/"]}]},{"@type":"ImageObject","inLanguage":"nl-NL","@id":"https:\/\/ml-locations.be\/nl\/locations\/location-comptoir-snack-bar-lumineux\/#primaryimage","url":"https:\/\/ml-locations.be\/wp-content\/uploads\/2019\/03\/Location-comptoir-snack-bar-lumineux.jpg","contentUrl":"https:\/\/ml-locations.be\/wp-content\/uploads\/2019\/03\/Location-comptoir-snack-bar-lumineux.jpg","width":800,"height":800,"caption":"Comptoir lumineux : Snack bar en location"},{"@type":"BreadcrumbList","@id":"https:\/\/ml-locations.be\/nl\/locations\/location-comptoir-snack-bar-lumineux\/#breadcrumb","itemListElement":[{"@type":"ListItem","position":1,"name":"Accueil","item":"https:\/\/ml-locations.be\/nl\/"},{"@type":"ListItem","position":2,"name":"Winkel","item":"https:\/\/ml-locations.be\/nl\/winkel\/"},{"@type":"ListItem","position":3,"name":"Comptoir Snack Bar lumineux"}]},{"@type":"WebSite","@id":"https:\/\/ml-locations.be\/nl\/#website","url":"https:\/\/ml-locations.be\/nl\/","name":"ML Locations","description":"Mat\u00e9riel \u00e9v\u00e9nementiel : location chaise, table et mange debout, mat\u00e9riel horeca, frigos,...","publisher":{"@id":"https:\/\/ml-locations.be\/nl\/#organization"},"potentialAction":[{"@type":"SearchAction","target":{"@type":"EntryPoint","urlTemplate":"https:\/\/ml-locations.be\/nl\/?s={search_term_string}"},"query-input":{"@type":"PropertyValueSpecification","valueRequired":true,"valueName":"search_term_string"}}],"inLanguage":"nl-NL"},{"@type":"Organization","@id":"https:\/\/ml-locations.be\/nl\/#organization","name":"ML Locations","url":"https:\/\/ml-locations.be\/nl\/","logo":{"@type":"ImageObject","inLanguage":"nl-NL","@id":"https:\/\/ml-locations.be\/nl\/#\/schema\/logo\/image\/","url":"https:\/\/ml-locations.be\/wp-content\/uploads\/2018\/05\/LOGO-location-BON.png","contentUrl":"https:\/\/ml-locations.be\/wp-content\/uploads\/2018\/05\/LOGO-location-BON.png","width":1200,"height":1200,"caption":"ML Locations"},"image":{"@id":"https:\/\/ml-locations.be\/nl\/#\/schema\/logo\/image\/"}}]}},"_links":{"self":[{"href":"https:\/\/ml-locations.be\/nl\/wp-json\/wp\/v2\/product\/8099","targetHints":{"allow":["GET"]}}],"collection":[{"href":"https:\/\/ml-locations.be\/nl\/wp-json\/wp\/v2\/product"}],"about":[{"href":"https:\/\/ml-locations.be\/nl\/wp-json\/wp\/v2\/types\/product"}],"wp:featuredmedia":[{"embeddable":true,"href":"https:\/\/ml-locations.be\/nl\/wp-json\/wp\/v2\/media\/8137"}],"wp:attachment":[{"href":"https:\/\/ml-locations.be\/nl\/wp-json\/wp\/v2\/media?parent=8099"}],"wp:term":[{"taxonomy":"product_brand","embeddable":true,"href":"https:\/\/ml-locations.be\/nl\/wp-json\/wp\/v2\/product_brand?post=8099"},{"taxonomy":"product_cat","embeddable":true,"href":"https:\/\/ml-locations.be\/nl\/wp-json\/wp\/v2\/product_cat?post=8099"},{"taxonomy":"product_tag","embeddable":true,"href":"https:\/\/ml-locations.be\/nl\/wp-json\/wp\/v2\/product_tag?post=8099"}],"curies":[{"name":"wp","href":"https:\/\/api.w.org\/{rel}","templated":true}]}}